{"id":8964,"date":"2025-11-08T12:06:22","date_gmt":"2025-11-08T12:06:22","guid":{"rendered":"https:\/\/gambling6.com\/kazino\/kur-atrast-augstas-kvalitates-spelu-automatus-tiessaiste\/"},"modified":"2025-11-15T09:37:36","modified_gmt":"2025-11-15T09:37:36","slug":"kur-atrast-augstas-kvalitates-spelu-automatus-tiessaiste","status":"publish","type":"page","link":"https:\/\/gambling6.com\/lv\/kazino\/kur-atrast-augstas-kvalitates-spelu-automatus-tiessaiste\/","title":{"rendered":"Kur atrast augstas kvalit\u0101tes sp\u0113\u013cu autom\u0101tus tie\u0161saist\u0113"},"content":{"rendered":"<h2>Kvalitat\u012bvi tie\u0161saistes sp\u0113\u013cu autom\u0101tu kazino<\/h2>\n<p>Run\u0101jot par tie\u0161saistes kazino, sp\u0113\u013cu autom\u0101ti parasti ie\u0146em pirmo vietu daudzveid\u012bbas, sp\u0113l\u0113t\u0101ju skaita un d\u017eekpotu zi\u0146\u0101. Protams, ir \u013coti viegli saprast, k\u0101p\u0113c tie\u0161saistes sp\u0113\u013cu autom\u0101ti ir tik popul\u0101ri, un ar vienu vienk\u0101r\u0161u simbolu griezienu katram sp\u0113l\u0113t\u0101jam ir potenci\u0101ls laim\u0113t lielas balvas, pat miljonus dol\u0101ru. Paties\u012bb\u0101 sp\u0113\u013cu autom\u0101ti ir tik popul\u0101ri tie\u0161saist\u0113, ka da\u017ei tie\u0161saistes kazino pied\u0101v\u0101 \u012bpa\u0161us bonusus tikai \u0161\u012bm sp\u0113l\u0113m, jo \u200b\u200bsp\u0113l\u0113t\u0101ji pievienojas tikai, lai sp\u0113l\u0113tu da\u017e\u0101dus sp\u0113\u013cu autom\u0101tus, un vi\u0146us nekas cits neinteres\u0113. T\u0101 k\u0101 lab\u0101k\u0101 strat\u0113\u0123ija tie\u0161saistes sp\u0113\u013cu autom\u0101tos ir sp\u0113l\u0113t vair\u0101k, \u0161ie bonusi \u0101tri noder. <\/p>\n<h2>Kazino sp\u0113\u013cu programmat\u016bras nodro\u0161in\u0101t\u0101ji<\/h2>\n<p><img loading=\"lazy\" decoding=\"async\" class=\"size-full wp-image-400 alignright\" src=\"https:\/\/gambling6.com\/wp-content\/uploads\/2013\/12\/mobile-gambling-150x150.jpg\" alt=\"tie\u0161saistes sp\u0113\u013cu autom\u0101ts\" width=\"150\" height=\"150\" \/>Katru tie\u0161saistes kazino nodro\u0161ina programmat\u016bras izstr\u0101d\u0101t\u0101js, un ir diezgan daudz uz\u0146\u0113mumu, kas ir izveidoju\u0161i sev v\u0101rdu, vienlaikus pied\u0101v\u0101jot da\u017eas no vislab\u0101k izskat\u012bgaj\u0101m kazino sp\u0113l\u0113m internet\u0101. Ja nezin\u0101t, k\u0101du sp\u0113\u013cu autom\u0101tu programmat\u016bru jums vajadz\u0113tu izv\u0113l\u0113ties, sekojiet saitei, un t\u0101 j\u016bs aizved\u012bs uz diviem popul\u0101r\u0101kajiem nosaukumiem \u0161aj\u0101 nozar\u0113.<\/p>\n<h2>Lab\u0101ko sp\u0113\u013cu autom\u0101tu sp\u0113\u013cu sp\u0113l\u0113\u0161ana internet\u0101<\/h2>\n<p>Grafika un funkcijas var iev\u0113rojami at\u0161\u0137irties atkar\u012bb\u0101 no programmat\u016bras, t\u0101p\u0113c vienm\u0113r ir ieteicams apskat\u012bt vair\u0101kas iesp\u0113jas un noskaidrot, kura jums \u0161\u0137iet vispievilc\u012bg\u0101k\u0101. Zinot, k\u0101 izskat\u0101s da\u017eas sp\u0113les no konkr\u0113ta programmat\u016bras izstr\u0101d\u0101t\u0101ja, jums var b\u016bt daudz viegl\u0101k mekl\u0113t iesp\u0113ju pievienoties jaunam tie\u0161saistes kazino. Lai gan da\u017e\u0101s vietn\u0113s ir pieejamas da\u017eas unik\u0101las sp\u0113les, kas \u012bpa\u0161i izstr\u0101d\u0101tas attiec\u012bgajam tie\u0161saistes kazino, vis\u0101s vietn\u0113s, kuras nodro\u0161ina viens programmat\u016bras nodro\u0161in\u0101t\u0101js, ir gandr\u012bz vien\u0101das sp\u0113les. Lai nodro\u0161in\u0101tu klientu apmierin\u0101t\u012bbu, da\u017ei tie\u0161saistes kazino pied\u0101v\u0101 sp\u0113les no vair\u0101kiem programmat\u016bras nodro\u0161in\u0101t\u0101jiem, un to vienm\u0113r ir pat\u012bkami redz\u0113t.<\/p>\n<h3>Tie\u0161saistes sp\u0113\u013cu autom\u0101ti<\/h3>\n<p>\u0145emot v\u0113r\u0101, ka tik daudz tie\u0161saistes kazino pied\u0101v\u0101 sp\u0113\u013cu autom\u0101tu sp\u0113les no da\u017e\u0101diem nodro\u0161in\u0101t\u0101jiem, var b\u016bt \u013coti gr\u016bti zin\u0101t, kuri no tiem patie\u0161\u0101m ir lab\u0101kie. Tas garant\u0113s lielisku sp\u0113\u013cu pieredzi katru reizi. Apskatiet \u0161o iesp\u0113ju, kas tagad tiek uzskat\u012bta par kazino ar lab\u0101kajiem sp\u0113\u013cu autom\u0101tiem internet\u0101, jo t\u0101 pied\u0101v\u0101 praktiski visu. \u0160eit uzskait\u012bt\u0101 vietne var main\u012bties, ja par\u0101d\u0101s lab\u0101ka iesp\u0113ja, ta\u010du pagaid\u0101m lab\u0101k\u0101 vietne sp\u0113\u013cu autom\u0101tu sp\u0113\u013cu sp\u0113l\u0113\u0161anai ir 888 Casino. 888 ir viens no l\u012bderiem tie\u0161saistes azartsp\u0113l\u0113s ar lielu sporta totalizatoru, re\u0101listisku pokera istabu un grandiozu kazino.<\/p>\n<p>888 Casino par tik lielisku vietu sp\u0113\u013cu autom\u0101tu sp\u0113\u013cu sp\u0113l\u0113\u0161anai ir tas, ka vi\u0146iem ir gar\u0161 iesp\u0113ju saraksts ar nosaukumiem no Playtech, IGT, Microgaming un da\u017eiem no vi\u0146u pa\u0161u. Jaunam sp\u0113l\u0113t\u0101jam b\u016bs nepiecie\u0161amas vair\u0101kas dienas, lai iepaz\u012btos ar vis\u0101m pieejamaj\u0101m sp\u0113l\u0113m, un da\u017e\u0101die stili garant\u0113, ka vi\u0146am nekad neb\u016bs garlaic\u012bgi.<\/p>\n<p><a href=\"https:\/\/ic.aff-handler.com\/C\/45871?sr=1064399&amp;anid=\" rel=\"nofollow\"><img loading=\"lazy\" decoding=\"async\" class=\"aligncenter\" src=\"https:\/\/ic.aff-handler.com\/I\/45871?sr=1064399&amp;anid=\" width=\"725\" height=\"93\" \/><\/a><\/p>\n<p>Protams, lielisks tie\u0161saistes kazino nav tikai pied\u0101v\u0101t\u0101s sp\u0113les; lai vietni kopum\u0101 uzskat\u012btu par noz\u012bm\u012bgu, ir j\u0101b\u016bt sp\u0113c\u012bgiem da\u017e\u0101diem faktoriem. Varb\u016bt vissvar\u012bg\u0101kais ir dro\u0161\u012bba, jo finan\u0161u dar\u012bjumi ir liela da\u013ca no tie\u0161saistes azartsp\u0113l\u0113m, un tie\u0161saistes kazino ir j\u0101garant\u0113, ka viss vienm\u0113r ir dro\u0161s un aizsarg\u0101ts.<\/p>\n<p>Un, ja esat ASV iedz\u012bvot\u0101js, ASV likumdo\u0161ana ne\u013cauj jums pievienoties 888 kazino. ASV azartsp\u0113\u013cu sp\u0113l\u0113t\u0101jiem labas alternat\u012bvas ir retas, ta\u010du m\u0113s varam ieteikt BetOnline kazino vis\u0101m j\u016bsu tie\u0161saistes azartsp\u0113l\u0113m. Noklik\u0161\u0137iniet uz zem\u0101k eso\u0161\u0101 banera, lai apmekl\u0113tu BetOnlineCasino \u2014 j\u016bs neb\u016bsiet v\u012blu\u0161ies!<\/p>\n<p><a class=\"thirstylink\" title=\"Betonline casino en\" href=\"https:\/\/gambling6.com\/go\/betonline-casino-en\/\" target=\"_blank\" rel=\"nofollow noopener\"><img loading=\"lazy\" decoding=\"async\" class=\" wp-image-7875 aligncenter\" src=\"https:\/\/gambling6.com\/wp-content\/uploads\/2025\/10\/BOL_AQC_banner_468x60_FS1_casino-300x38.gif\" alt=\"BetOnline casino\" width=\"553\" height=\"70\" \/><\/a><\/p>\n<p>T\u0101p\u0113c vienm\u0113r ir ieteicams p\u0101rbaud\u012bt atsauksmes un noskaidrot, kuri tie\u0161saistes kazino ir uzticami un kuri ir paz\u012bstami ar izmaksu probl\u0113m\u0101m. T\u0101 k\u0101 m\u0113s run\u0101jam par naudu, bonusi un akcijas p\u0113d\u0113jo gadu laik\u0101 ir k\u013cuvu\u0161as \u013coti svar\u012bgas, un t\u0101s parasti ir pirm\u0101 lieta, ko jauns sp\u0113l\u0113t\u0101js apskata. Ir \u013coti ierasts, ka lab\u0101kie tie\u0161saistes kazino pied\u0101v\u0101 sagaid\u012b\u0161anas bonusus, pamatojoties uz depoz\u012bta summu, un sp\u0113\u013cu autom\u0101tu bonusi ir visizplat\u012bt\u0101kie sp\u0113les popularit\u0101tes d\u0113\u013c.<\/p>\n","protected":false},"excerpt":{"rendered":"<p>Kvalitat\u012bvi tie\u0161saistes sp\u0113\u013cu autom\u0101tu kazino Run\u0101jot par tie\u0161saistes kazino, sp\u0113\u013cu autom\u0101ti parasti ie\u0146em pirmo vietu daudzveid\u012bbas, sp\u0113l\u0113t\u0101ju skaita un d\u017eekpotu zi\u0146\u0101. Protams, ir \u013coti viegli saprast, k\u0101p\u0113c tie\u0161saistes sp\u0113\u013cu autom\u0101ti ir tik popul\u0101ri, un ar vienu vienk\u0101r\u0161u simbolu griezienu katram sp\u0113l\u0113t\u0101jam ir potenci\u0101ls laim\u0113t lielas balvas, pat miljonus dol\u0101ru. Paties\u012bb\u0101 sp\u0113\u013cu autom\u0101ti ir tik popul\u0101ri [&hellip;]<\/p>\n","protected":false},"author":1,"featured_media":0,"parent":8314,"menu_order":47,"comment_status":"closed","ping_status":"closed","template":"","meta":{"footnotes":""},"class_list":["post-8964","page","type-page","status-publish","hentry"],"yoast_head":"<!-- This site is optimized with the Yoast SEO plugin v27.4 - https:\/\/yoast.com\/product\/yoast-seo-wordpress\/ -->\n<title>Augst\u0101k\u0101s kvalit\u0101tes tie\u0161saistes sp\u0113\u013cu autom\u0101ti<\/title>\n<meta name=\"description\" content=\"Sp\u0113l\u0113jiet lab\u0101kos sp\u0113\u013cu autom\u0101tus un sp\u0113\u013cu autom\u0101tus internet\u0101. Atrodiet augst\u0101k\u0101s kvalit\u0101tes sp\u0113\u013cu autom\u0101tu tie\u0161saist\u0113 \u0161eit!\" \/>\n<meta name=\"robots\" content=\"index, follow, max-snippet:-1, max-image-preview:large, max-video-preview:-1\" \/>\n<link rel=\"canonical\" href=\"https:\/\/gambling6.com\/lv\/kazino\/kur-atrast-augstas-kvalitates-spelu-automatus-tiessaiste\/\" \/>\n<meta property=\"og:locale\" content=\"lv_LV\" \/>\n<meta property=\"og:type\" content=\"article\" \/>\n<meta property=\"og:title\" content=\"Augst\u0101k\u0101s kvalit\u0101tes tie\u0161saistes sp\u0113\u013cu autom\u0101ti\" \/>\n<meta property=\"og:description\" content=\"Sp\u0113l\u0113jiet lab\u0101kos sp\u0113\u013cu autom\u0101tus un sp\u0113\u013cu autom\u0101tus internet\u0101. Atrodiet augst\u0101k\u0101s kvalit\u0101tes sp\u0113\u013cu autom\u0101tu tie\u0161saist\u0113 \u0161eit!\" \/>\n<meta property=\"og:url\" content=\"https:\/\/gambling6.com\/lv\/kazino\/kur-atrast-augstas-kvalitates-spelu-automatus-tiessaiste\/\" \/>\n<meta property=\"og:site_name\" content=\"Gambling6\" \/>\n<meta property=\"article:modified_time\" content=\"2025-11-15T09:37:36+00:00\" \/>\n<meta property=\"og:image\" content=\"https:\/\/gambling6.com\/wp-content\/uploads\/2013\/12\/mobile-gambling-150x150.jpg\" \/>\n\t<meta property=\"og:image:width\" content=\"150\" \/>\n\t<meta property=\"og:image:height\" content=\"150\" \/>\n\t<meta property=\"og:image:type\" content=\"image\/jpeg\" \/>\n<meta name=\"twitter:card\" content=\"summary_large_image\" \/>\n<meta name=\"twitter:label1\" content=\"Est. reading time\" \/>\n\t<meta name=\"twitter:data1\" content=\"4 minutes\" \/>\n<script type=\"application\/ld+json\" class=\"yoast-schema-graph\">{\"@context\":\"https:\\\/\\\/schema.org\",\"@graph\":[{\"@type\":\"WebPage\",\"@id\":\"https:\\\/\\\/gambling6.com\\\/lv\\\/kazino\\\/kur-atrast-augstas-kvalitates-spelu-automatus-tiessaiste\\\/\",\"url\":\"https:\\\/\\\/gambling6.com\\\/lv\\\/kazino\\\/kur-atrast-augstas-kvalitates-spelu-automatus-tiessaiste\\\/\",\"name\":\"Augst\u0101k\u0101s kvalit\u0101tes tie\u0161saistes sp\u0113\u013cu autom\u0101ti\",\"isPartOf\":{\"@id\":\"https:\\\/\\\/gambling6.com\\\/lv\\\/#website\"},\"primaryImageOfPage\":{\"@id\":\"https:\\\/\\\/gambling6.com\\\/lv\\\/kazino\\\/kur-atrast-augstas-kvalitates-spelu-automatus-tiessaiste\\\/#primaryimage\"},\"image\":{\"@id\":\"https:\\\/\\\/gambling6.com\\\/lv\\\/kazino\\\/kur-atrast-augstas-kvalitates-spelu-automatus-tiessaiste\\\/#primaryimage\"},\"thumbnailUrl\":\"https:\\\/\\\/gambling6.com\\\/wp-content\\\/uploads\\\/2013\\\/12\\\/mobile-gambling-150x150.jpg\",\"datePublished\":\"2025-11-08T12:06:22+00:00\",\"dateModified\":\"2025-11-15T09:37:36+00:00\",\"description\":\"Sp\u0113l\u0113jiet lab\u0101kos sp\u0113\u013cu autom\u0101tus un sp\u0113\u013cu autom\u0101tus internet\u0101. Atrodiet augst\u0101k\u0101s kvalit\u0101tes sp\u0113\u013cu autom\u0101tu tie\u0161saist\u0113 \u0161eit!\",\"breadcrumb\":{\"@id\":\"https:\\\/\\\/gambling6.com\\\/lv\\\/kazino\\\/kur-atrast-augstas-kvalitates-spelu-automatus-tiessaiste\\\/#breadcrumb\"},\"inLanguage\":\"lv-LV\",\"potentialAction\":[{\"@type\":\"ReadAction\",\"target\":[\"https:\\\/\\\/gambling6.com\\\/lv\\\/kazino\\\/kur-atrast-augstas-kvalitates-spelu-automatus-tiessaiste\\\/\"]}]},{\"@type\":\"ImageObject\",\"inLanguage\":\"lv-LV\",\"@id\":\"https:\\\/\\\/gambling6.com\\\/lv\\\/kazino\\\/kur-atrast-augstas-kvalitates-spelu-automatus-tiessaiste\\\/#primaryimage\",\"url\":\"https:\\\/\\\/gambling6.com\\\/wp-content\\\/uploads\\\/2013\\\/12\\\/mobile-gambling-150x150.jpg\",\"contentUrl\":\"https:\\\/\\\/gambling6.com\\\/wp-content\\\/uploads\\\/2013\\\/12\\\/mobile-gambling-150x150.jpg\"},{\"@type\":\"BreadcrumbList\",\"@id\":\"https:\\\/\\\/gambling6.com\\\/lv\\\/kazino\\\/kur-atrast-augstas-kvalitates-spelu-automatus-tiessaiste\\\/#breadcrumb\",\"itemListElement\":[{\"@type\":\"ListItem\",\"position\":1,\"name\":\"Home\",\"item\":\"https:\\\/\\\/gambling6.com\\\/lv\\\/home\\\/\"},{\"@type\":\"ListItem\",\"position\":2,\"name\":\"Kazino\",\"item\":\"https:\\\/\\\/gambling6.com\\\/lv\\\/get-started-with-online-gambling\\\/\"},{\"@type\":\"ListItem\",\"position\":3,\"name\":\"Kur atrast augstas kvalit\u0101tes sp\u0113\u013cu autom\u0101tus tie\u0161saist\u0113\"}]},{\"@type\":\"WebSite\",\"@id\":\"https:\\\/\\\/gambling6.com\\\/lv\\\/#website\",\"url\":\"https:\\\/\\\/gambling6.com\\\/lv\\\/\",\"name\":\"Gambling6\",\"description\":\"\",\"potentialAction\":[{\"@type\":\"SearchAction\",\"target\":{\"@type\":\"EntryPoint\",\"urlTemplate\":\"https:\\\/\\\/gambling6.com\\\/lv\\\/?s={search_term_string}\"},\"query-input\":{\"@type\":\"PropertyValueSpecification\",\"valueRequired\":true,\"valueName\":\"search_term_string\"}}],\"inLanguage\":\"lv-LV\"}]}<\/script>\n<!-- \/ Yoast SEO plugin. -->","yoast_head_json":{"title":"Augst\u0101k\u0101s kvalit\u0101tes tie\u0161saistes sp\u0113\u013cu autom\u0101ti","description":"Sp\u0113l\u0113jiet lab\u0101kos sp\u0113\u013cu autom\u0101tus un sp\u0113\u013cu autom\u0101tus internet\u0101. Atrodiet augst\u0101k\u0101s kvalit\u0101tes sp\u0113\u013cu autom\u0101tu tie\u0161saist\u0113 \u0161eit!","robots":{"index":"index","follow":"follow","max-snippet":"max-snippet:-1","max-image-preview":"max-image-preview:large","max-video-preview":"max-video-preview:-1"},"canonical":"https:\/\/gambling6.com\/lv\/kazino\/kur-atrast-augstas-kvalitates-spelu-automatus-tiessaiste\/","og_locale":"lv_LV","og_type":"article","og_title":"Augst\u0101k\u0101s kvalit\u0101tes tie\u0161saistes sp\u0113\u013cu autom\u0101ti","og_description":"Sp\u0113l\u0113jiet lab\u0101kos sp\u0113\u013cu autom\u0101tus un sp\u0113\u013cu autom\u0101tus internet\u0101. Atrodiet augst\u0101k\u0101s kvalit\u0101tes sp\u0113\u013cu autom\u0101tu tie\u0161saist\u0113 \u0161eit!","og_url":"https:\/\/gambling6.com\/lv\/kazino\/kur-atrast-augstas-kvalitates-spelu-automatus-tiessaiste\/","og_site_name":"Gambling6","article_modified_time":"2025-11-15T09:37:36+00:00","og_image":[{"width":150,"height":150,"url":"https:\/\/gambling6.com\/wp-content\/uploads\/2013\/12\/mobile-gambling-150x150.jpg","type":"image\/jpeg"}],"twitter_card":"summary_large_image","twitter_misc":{"Est. reading time":"4 minutes"},"schema":{"@context":"https:\/\/schema.org","@graph":[{"@type":"WebPage","@id":"https:\/\/gambling6.com\/lv\/kazino\/kur-atrast-augstas-kvalitates-spelu-automatus-tiessaiste\/","url":"https:\/\/gambling6.com\/lv\/kazino\/kur-atrast-augstas-kvalitates-spelu-automatus-tiessaiste\/","name":"Augst\u0101k\u0101s kvalit\u0101tes tie\u0161saistes sp\u0113\u013cu autom\u0101ti","isPartOf":{"@id":"https:\/\/gambling6.com\/lv\/#website"},"primaryImageOfPage":{"@id":"https:\/\/gambling6.com\/lv\/kazino\/kur-atrast-augstas-kvalitates-spelu-automatus-tiessaiste\/#primaryimage"},"image":{"@id":"https:\/\/gambling6.com\/lv\/kazino\/kur-atrast-augstas-kvalitates-spelu-automatus-tiessaiste\/#primaryimage"},"thumbnailUrl":"https:\/\/gambling6.com\/wp-content\/uploads\/2013\/12\/mobile-gambling-150x150.jpg","datePublished":"2025-11-08T12:06:22+00:00","dateModified":"2025-11-15T09:37:36+00:00","description":"Sp\u0113l\u0113jiet lab\u0101kos sp\u0113\u013cu autom\u0101tus un sp\u0113\u013cu autom\u0101tus internet\u0101. Atrodiet augst\u0101k\u0101s kvalit\u0101tes sp\u0113\u013cu autom\u0101tu tie\u0161saist\u0113 \u0161eit!","breadcrumb":{"@id":"https:\/\/gambling6.com\/lv\/kazino\/kur-atrast-augstas-kvalitates-spelu-automatus-tiessaiste\/#breadcrumb"},"inLanguage":"lv-LV","potentialAction":[{"@type":"ReadAction","target":["https:\/\/gambling6.com\/lv\/kazino\/kur-atrast-augstas-kvalitates-spelu-automatus-tiessaiste\/"]}]},{"@type":"ImageObject","inLanguage":"lv-LV","@id":"https:\/\/gambling6.com\/lv\/kazino\/kur-atrast-augstas-kvalitates-spelu-automatus-tiessaiste\/#primaryimage","url":"https:\/\/gambling6.com\/wp-content\/uploads\/2013\/12\/mobile-gambling-150x150.jpg","contentUrl":"https:\/\/gambling6.com\/wp-content\/uploads\/2013\/12\/mobile-gambling-150x150.jpg"},{"@type":"BreadcrumbList","@id":"https:\/\/gambling6.com\/lv\/kazino\/kur-atrast-augstas-kvalitates-spelu-automatus-tiessaiste\/#breadcrumb","itemListElement":[{"@type":"ListItem","position":1,"name":"Home","item":"https:\/\/gambling6.com\/lv\/home\/"},{"@type":"ListItem","position":2,"name":"Kazino","item":"https:\/\/gambling6.com\/lv\/get-started-with-online-gambling\/"},{"@type":"ListItem","position":3,"name":"Kur atrast augstas kvalit\u0101tes sp\u0113\u013cu autom\u0101tus tie\u0161saist\u0113"}]},{"@type":"WebSite","@id":"https:\/\/gambling6.com\/lv\/#website","url":"https:\/\/gambling6.com\/lv\/","name":"Gambling6","description":"","potentialAction":[{"@type":"SearchAction","target":{"@type":"EntryPoint","urlTemplate":"https:\/\/gambling6.com\/lv\/?s={search_term_string}"},"query-input":{"@type":"PropertyValueSpecification","valueRequired":true,"valueName":"search_term_string"}}],"inLanguage":"lv-LV"}]}},"_links":{"self":[{"href":"https:\/\/gambling6.com\/lv\/wp-json\/wp\/v2\/pages\/8964","targetHints":{"allow":["GET"]}}],"collection":[{"href":"https:\/\/gambling6.com\/lv\/wp-json\/wp\/v2\/pages"}],"about":[{"href":"https:\/\/gambling6.com\/lv\/wp-json\/wp\/v2\/types\/page"}],"author":[{"embeddable":true,"href":"https:\/\/gambling6.com\/lv\/wp-json\/wp\/v2\/users\/1"}],"replies":[{"embeddable":true,"href":"https:\/\/gambling6.com\/lv\/wp-json\/wp\/v2\/comments?post=8964"}],"version-history":[{"count":1,"href":"https:\/\/gambling6.com\/lv\/wp-json\/wp\/v2\/pages\/8964\/revisions"}],"predecessor-version":[{"id":10887,"href":"https:\/\/gambling6.com\/lv\/wp-json\/wp\/v2\/pages\/8964\/revisions\/10887"}],"up":[{"embeddable":true,"href":"https:\/\/gambling6.com\/lv\/wp-json\/wp\/v2\/pages\/8314"}],"wp:attachment":[{"href":"https:\/\/gambling6.com\/lv\/wp-json\/wp\/v2\/media?parent=8964"}],"curies":[{"name":"wp","href":"https:\/\/api.w.org\/{rel}","templated":true}]}}