{"id":9049,"date":"2025-11-08T13:42:46","date_gmt":"2025-11-08T13:42:46","guid":{"rendered":"https:\/\/gambling6.com\/kazino\/tiessaistes-kazino-ar-naudas-likmem-sikas-drukas-izpratne\/"},"modified":"2025-11-15T09:10:03","modified_gmt":"2025-11-15T09:10:03","slug":"tiessaistes-kazino-ar-naudas-likmem-sikas-drukas-izpratne","status":"publish","type":"page","link":"https:\/\/gambling6.com\/lv\/kazino\/tiessaistes-kazino-ar-naudas-likmem-sikas-drukas-izpratne\/","title":{"rendered":"Tie\u0161saistes kazino ar naudas likm\u0113m: s\u012bk\u0101s drukas izpratne"},"content":{"rendered":"<h2>Tie\u0161saistes kazino noteikumu un nosac\u012bjumu p\u0101rbaude<\/h2>\n<p><img loading=\"lazy\" decoding=\"async\" class=\"alignright size-full wp-image-62 alignleft size-full wp-image-64\" style=\"margin: 5px; float: left;\" title=\"casino fine print\" src=\"http:\/\/gambling6.com\/wp-content\/uploads\/2013\/12\/casino-fine-print.jpg\" alt=\"casino fine print terms conditions\" width=\"168\" height=\"147\" \/><span style=\"box-sizing: border-box; margin: 0px; padding: 0px;\">Re\u0123istr\u0113joties <strong>tie\u0161saistes kazino ar naudas r\u0113\u0137iniem<\/strong>, jums ir j\u0101piekr\u012bt lietot\u0101ja l\u012bgumam, kur\u0101 ir ietverti tie\u0161saistes kazino noteikumi un nosac\u012bjumi, kas jums j\u0101iev\u0113ro.<\/span> Da\u017ei no \u0161iem nosac\u012bjumiem attiecas uz kazino banku procesiem, bet citi var attiekties uz likm\u0113m, sp\u0113l\u0113m un bonusiem.<\/p>\n<p>Ir svar\u012bgi r\u016bp\u012bgi izprast un apzin\u0101ties \u0161o noteikumu un nosac\u012bjumu ietekmi, pirms tos pie\u0146emat. L\u012bdzek\u013cu p\u0101rskait\u012b\u0161ana uz kazino un no t\u0101, iesp\u0113jams, ir vissvar\u012bg\u0101k\u0101 funkcija, kas ietekm\u0113 sp\u0113l\u0113t\u0101ju. T\u0101p\u0113c ir svar\u012bgi apzin\u0101ties, ko tie\u0161i j\u016bs uz\u0146ematies, pie\u0146emot kazino noteikumus. \u0160aj\u0101 rakst\u0101 m\u0113s cen\u0161amies vienk\u0101r\u0161ot juridisko valodu, lai izskaidrotu, ko \u0161ie nosac\u012bjumi ietver. Sp\u0113l\u0113t\u0101jam, pie\u0146emot lietot\u0101ja l\u012bgumu, ir j\u0101uz\u0146emas noteiktas saist\u012bbas. Vi\u0146am ir ar\u012b j\u0101sniedz noteiktas garantijas.<\/p>\n<p>Kopum\u0101 var teikt, ka da\u017ei tie\u0161saistes kazino savos s\u012bkaj\u0101 druk\u0101 iek\u013cautos punktus, kuriem var b\u016bt \u013coti negat\u012bvas sekas sp\u0113l\u0113t\u0101jiem. Vi\u0146i pa\u013caujas uz to, ka neviens neizlas\u012bs visu s\u012bko druku. T\u0101p\u0113c m\u0113s iesak\u0101m jums palikt pie kazino, kas ir regul\u0113ti, kuriem ir laba reput\u0101cija un t\u0101d\u0113j\u0101di god\u012bgi noteikumi un nosac\u012bjumi.<\/p>\n<p>BetOnline Casino ir viens no \u0161iem kazino. Vi\u0146u s\u012bkaj\u0101 druk\u0101 nav nek\u0101du p\u0101rsteigumu. Vi\u0146i atspogu\u013co, ka nesen pie\u0146emto ASV noteikumu d\u0113\u013c iemaksu un izmaksu process vairs nav tik vienk\u0101r\u0161s k\u0101 agr\u0101k. Ta\u010du \u0161ajos apst\u0101k\u013cos vi\u0146u noteikumi joproj\u0101m ir god\u012bgi.<\/p>\n<p><a class=\"thirstylink\" title=\"Betonline casino lv\" href=\"https:\/\/gambling6.com\/go\/betonline-casino-lv\/\" target=\"_blank\" rel=\"nofollow noopener\"><img loading=\"lazy\" decoding=\"async\" class=\" wp-image-7875 aligncenter\" src=\"https:\/\/gambling6.com\/wp-content\/uploads\/2025\/10\/BOL_AQC_banner_468x60_FS1_casino-300x38.gif\" alt=\"BetOnline kazino\" width=\"498\" height=\"63\" \/><\/a><\/p>\n<h2>Ko kazino s\u012bk\u0101 druka parasti pieprasa sp\u0113l\u0113t\u0101jam<\/h2>\n<p>Kazino ar\u012b sagaida no sp\u0113l\u0113t\u0101ja apstiprin\u0101jumu, ka vi\u0146\u0161 ir likmju veik\u0161anai izmantoto l\u012bdzek\u013cu likum\u012bgais \u012bpa\u0161nieks. Citiem v\u0101rdiem sakot, vi\u0146\u0161 nevar izmantot kred\u012btkarti, kas vi\u0146am nepieder, lai finans\u0113tu savu kontu. Turkl\u0101t vi\u0146a kred\u012btkarte tiks p\u0101rbaud\u012bta, pirms var\u0113s veikt jebk\u0101das izmaksas. T\u0101pat vi\u0146\u0161 nevar izmantot citas maks\u0101jumu iesp\u0113jas, kas nav vi\u0146a v\u0101rd\u0101.<\/p>\n<p>L\u012bguma p\u0101rk\u0101pumi, neatkar\u012bgi no t\u0101, vai tie ir saist\u012bti ar banku procesiem vai likm\u0113m, vispirms ietekm\u0113s sp\u0113l\u0113t\u0101ja kontu. Ja konts tiek aptur\u0113ts, kazino, kas pied\u0101v\u0101 naudu, var aiztur\u0113t apstr\u012bd\u0113tos l\u012bdzek\u013cus; vairum\u0101 gad\u012bjumu tas aiztur\u0113s visus l\u012bdzek\u013cus, tostarp bonusus, iemaksas un atmaksas, ne\u0161\u0137irojot tos. Tas atbilst noteikumiem, par kuriem esat vienojies.<\/p>\n<p>Ja sp\u0113l\u0113t\u0101js ir par\u0101d\u0101 kazino, kazino var dar\u012bt visu iesp\u0113jamo, lai atg\u016btu summu, tostarp piesaistot par\u0101du piedzi\u0146as a\u0123ent\u016bras. Da\u017eiem tie\u0161saistes kazino ir stingra politika attiec\u012bb\u0101 uz neakt\u012bviem kontiem. Viens no maniem draugiem to p\u0101rliecin\u0101j\u0101s uz savas \u0101das. Vi\u0146\u0161 bija re\u0123istr\u0113jies vien\u0101 tie\u0161saistes kazino un k\u0101du laiku tur sp\u0113l\u0113jis, vinn\u0113jot iev\u0113rojamu summu. Vi\u0146\u0161 p\u0101rg\u0101ja uz citu kazino, pl\u0101nojot p\u0113c neilga laika atgriezties pirmaj\u0101. Kad vi\u0146\u0161 n\u0101kamreiz p\u0101rbaud\u012bja savu kontu, vi\u0146\u0161 neatrada atlikumu. Sazinoties ar klientu apkalpo\u0161anas dienestu, vi\u0146am tika pazi\u0146ots, ka vi\u0146a nauda ir zaud\u0113ta, jo vi\u0146\u0161 nebija sp\u0113l\u0113jis kazino vair\u0101k nek\u0101 6 m\u0113ne\u0161us. Tas, protams, ir nedaudz neparasti, un pat ja tas ar jums notika, probl\u0113mu var\u0113tu atrisin\u0101t, nos\u016btot \u012bsu e-pastu klientu apkalpo\u0161anas dienestam.<\/p>\n<h2>Lietas, kas j\u0101uzman\u0101s<\/h2>\n<p>Tom\u0113r, ja nolemjat p\u0101rtraukt sp\u0113l\u0113t sav\u0101 tie\u0161saistes kazino, noteikti iz\u0146emiet visus l\u012bdzek\u013cus no sava kazino naudas konta neatkar\u012bgi no t\u0101, cik \u012bss b\u016bs p\u0101rtraukums. P\u0101rbaudiet, vai par izmaksu tiks ietur\u0113tas k\u0101das maksas. Ja par izmaksu ir fiks\u0113ta maksa, iesp\u0113jams, v\u0113l\u0113sities iz\u0146emt visus l\u012bdzek\u013cus uzreiz, nevis veikt vair\u0101kas izmaksas. Neiz\u0146emiet naudu, ja pl\u0101nojat veikt atk\u0101rtotu iemaksu p\u0113c neilga laika \u2014 ja to dar\u012bsiet, j\u016bs zaud\u0113siet naudu.<strong>Sal\u012bdziniet da\u017e\u0101d\u0101s pieejam\u0101s naudas apstr\u0101des iesp\u0113jas \u2014 da\u017eas ir ar zem\u0101k\u0101m maks\u0101m, citas ar augst\u0101k\u0101m!<\/strong><\/p>\n<p>Ir ar\u012b citi noteikumi un nosac\u012bjumi, kas attiecas uz bonusiem un kazino rekl\u0101mas pied\u0101v\u0101jumiem. Parasti tie ir atbilst\u012bbas nosac\u012bjumi un likmju pras\u012bbas, kas nepiecie\u0161amas, lai atbr\u012bvotu kazino bonusu. Pirms kazino bonusa pied\u0101v\u0101jumu pie\u0146em\u0161anas ir ieteicams izlas\u012bt un izprast \u0161\u012bs pras\u012bbas. T\u0101pat pirms re\u0123istr\u0113\u0161an\u0101s jebkur\u0101 tie\u0161saistes kazino sp\u0113l\u0113t\u0101jiem ir j\u0101izlasa noteikumi un nosac\u012bjumi, j\u0101saprot s\u012bk\u0101 druka un bie\u017ei uzdotie jaut\u0101jumi par kazino sp\u0113l\u0113m ar \u012bstu naudu, lai v\u0113l\u0101k nesaskartos ar nevajadz\u012bg\u0101m probl\u0113m\u0101m. Parasti tie\u0161saistes kazino ir vesela lapa, kas velt\u012bta gala lietot\u0101ja l\u012bgumiem, un j\u016bsPirmais uzdevums ir tos r\u016bp\u012bgi izlas\u012bt, pirms nolemjat pievienoties kazino.<\/p>\n","protected":false},"excerpt":{"rendered":"<p>Tie\u0161saistes kazino noteikumu un nosac\u012bjumu p\u0101rbaude Re\u0123istr\u0113joties tie\u0161saistes kazino ar naudas r\u0113\u0137iniem, jums ir j\u0101piekr\u012bt lietot\u0101ja l\u012bgumam, kur\u0101 ir ietverti tie\u0161saistes kazino noteikumi un nosac\u012bjumi, kas jums j\u0101iev\u0113ro. Da\u017ei no \u0161iem nosac\u012bjumiem attiecas uz kazino banku procesiem, bet citi var attiekties uz likm\u0113m, sp\u0113l\u0113m un bonusiem. Ir svar\u012bgi r\u016bp\u012bgi izprast un apzin\u0101ties \u0161o noteikumu un [&hellip;]<\/p>\n","protected":false},"author":1,"featured_media":9035,"parent":8314,"menu_order":68,"comment_status":"closed","ping_status":"closed","template":"","meta":{"footnotes":""},"class_list":["post-9049","page","type-page","status-publish","has-post-thumbnail","hentry"],"yoast_head":"<!-- This site is optimized with the Yoast SEO plugin v27.4 - https:\/\/yoast.com\/product\/yoast-seo-wordpress\/ -->\n<title>Kam piev\u0113rst uzman\u012bbu kazino noteikumos un nosac\u012bjumos<\/title>\n<meta name=\"description\" content=\"Tie\u0161saistes kazino noteikumi un nosac\u012bjumi s\u012bk\u0101 druk\u0101 \u2014 ko sagaid\u012bt un ko ne\" \/>\n<meta name=\"robots\" content=\"index, follow, max-snippet:-1, max-image-preview:large, max-video-preview:-1\" \/>\n<link rel=\"canonical\" href=\"https:\/\/gambling6.com\/lv\/kazino\/tiessaistes-kazino-ar-naudas-likmem-sikas-drukas-izpratne\/\" \/>\n<meta property=\"og:locale\" content=\"lv_LV\" \/>\n<meta property=\"og:type\" content=\"article\" \/>\n<meta property=\"og:title\" content=\"Kam piev\u0113rst uzman\u012bbu kazino noteikumos un nosac\u012bjumos\" \/>\n<meta property=\"og:description\" content=\"Tie\u0161saistes kazino noteikumi un nosac\u012bjumi s\u012bk\u0101 druk\u0101 \u2014 ko sagaid\u012bt un ko ne\" \/>\n<meta property=\"og:url\" content=\"https:\/\/gambling6.com\/lv\/kazino\/tiessaistes-kazino-ar-naudas-likmem-sikas-drukas-izpratne\/\" \/>\n<meta property=\"og:site_name\" content=\"Gambling6\" \/>\n<meta property=\"article:modified_time\" content=\"2025-11-15T09:10:03+00:00\" \/>\n<meta property=\"og:image\" content=\"https:\/\/gambling6.com\/wp-content\/uploads\/2013\/12\/casino-fine-print.jpg\" \/>\n\t<meta property=\"og:image:width\" content=\"200\" \/>\n\t<meta property=\"og:image:height\" content=\"175\" \/>\n\t<meta property=\"og:image:type\" content=\"image\/jpeg\" \/>\n<meta name=\"twitter:card\" content=\"summary_large_image\" \/>\n<meta name=\"twitter:label1\" content=\"Est. reading time\" \/>\n\t<meta name=\"twitter:data1\" content=\"4 minutes\" \/>\n<script type=\"application\/ld+json\" class=\"yoast-schema-graph\">{\"@context\":\"https:\\\/\\\/schema.org\",\"@graph\":[{\"@type\":\"WebPage\",\"@id\":\"https:\\\/\\\/gambling6.com\\\/lv\\\/kazino\\\/tiessaistes-kazino-ar-naudas-likmem-sikas-drukas-izpratne\\\/\",\"url\":\"https:\\\/\\\/gambling6.com\\\/lv\\\/kazino\\\/tiessaistes-kazino-ar-naudas-likmem-sikas-drukas-izpratne\\\/\",\"name\":\"Kam piev\u0113rst uzman\u012bbu kazino noteikumos un nosac\u012bjumos\",\"isPartOf\":{\"@id\":\"https:\\\/\\\/gambling6.com\\\/lv\\\/#website\"},\"primaryImageOfPage\":{\"@id\":\"https:\\\/\\\/gambling6.com\\\/lv\\\/kazino\\\/tiessaistes-kazino-ar-naudas-likmem-sikas-drukas-izpratne\\\/#primaryimage\"},\"image\":{\"@id\":\"https:\\\/\\\/gambling6.com\\\/lv\\\/kazino\\\/tiessaistes-kazino-ar-naudas-likmem-sikas-drukas-izpratne\\\/#primaryimage\"},\"thumbnailUrl\":\"https:\\\/\\\/gambling6.com\\\/wp-content\\\/uploads\\\/2013\\\/12\\\/casino-fine-print.jpg\",\"datePublished\":\"2025-11-08T13:42:46+00:00\",\"dateModified\":\"2025-11-15T09:10:03+00:00\",\"description\":\"Tie\u0161saistes kazino noteikumi un nosac\u012bjumi s\u012bk\u0101 druk\u0101 \u2014 ko sagaid\u012bt un ko ne\",\"breadcrumb\":{\"@id\":\"https:\\\/\\\/gambling6.com\\\/lv\\\/kazino\\\/tiessaistes-kazino-ar-naudas-likmem-sikas-drukas-izpratne\\\/#breadcrumb\"},\"inLanguage\":\"lv-LV\",\"potentialAction\":[{\"@type\":\"ReadAction\",\"target\":[\"https:\\\/\\\/gambling6.com\\\/lv\\\/kazino\\\/tiessaistes-kazino-ar-naudas-likmem-sikas-drukas-izpratne\\\/\"]}]},{\"@type\":\"ImageObject\",\"inLanguage\":\"lv-LV\",\"@id\":\"https:\\\/\\\/gambling6.com\\\/lv\\\/kazino\\\/tiessaistes-kazino-ar-naudas-likmem-sikas-drukas-izpratne\\\/#primaryimage\",\"url\":\"https:\\\/\\\/gambling6.com\\\/wp-content\\\/uploads\\\/2013\\\/12\\\/casino-fine-print.jpg\",\"contentUrl\":\"https:\\\/\\\/gambling6.com\\\/wp-content\\\/uploads\\\/2013\\\/12\\\/casino-fine-print.jpg\",\"width\":200,\"height\":175,\"caption\":\"casino fine print\"},{\"@type\":\"BreadcrumbList\",\"@id\":\"https:\\\/\\\/gambling6.com\\\/lv\\\/kazino\\\/tiessaistes-kazino-ar-naudas-likmem-sikas-drukas-izpratne\\\/#breadcrumb\",\"itemListElement\":[{\"@type\":\"ListItem\",\"position\":1,\"name\":\"Home\",\"item\":\"https:\\\/\\\/gambling6.com\\\/lv\\\/home\\\/\"},{\"@type\":\"ListItem\",\"position\":2,\"name\":\"Kazino\",\"item\":\"https:\\\/\\\/gambling6.com\\\/lv\\\/get-started-with-online-gambling\\\/\"},{\"@type\":\"ListItem\",\"position\":3,\"name\":\"Tie\u0161saistes kazino ar naudas likm\u0113m: s\u012bk\u0101s drukas izpratne\"}]},{\"@type\":\"WebSite\",\"@id\":\"https:\\\/\\\/gambling6.com\\\/lv\\\/#website\",\"url\":\"https:\\\/\\\/gambling6.com\\\/lv\\\/\",\"name\":\"Gambling6\",\"description\":\"\",\"potentialAction\":[{\"@type\":\"SearchAction\",\"target\":{\"@type\":\"EntryPoint\",\"urlTemplate\":\"https:\\\/\\\/gambling6.com\\\/lv\\\/?s={search_term_string}\"},\"query-input\":{\"@type\":\"PropertyValueSpecification\",\"valueRequired\":true,\"valueName\":\"search_term_string\"}}],\"inLanguage\":\"lv-LV\"}]}<\/script>\n<!-- \/ Yoast SEO plugin. -->","yoast_head_json":{"title":"Kam piev\u0113rst uzman\u012bbu kazino noteikumos un nosac\u012bjumos","description":"Tie\u0161saistes kazino noteikumi un nosac\u012bjumi s\u012bk\u0101 druk\u0101 \u2014 ko sagaid\u012bt un ko ne","robots":{"index":"index","follow":"follow","max-snippet":"max-snippet:-1","max-image-preview":"max-image-preview:large","max-video-preview":"max-video-preview:-1"},"canonical":"https:\/\/gambling6.com\/lv\/kazino\/tiessaistes-kazino-ar-naudas-likmem-sikas-drukas-izpratne\/","og_locale":"lv_LV","og_type":"article","og_title":"Kam piev\u0113rst uzman\u012bbu kazino noteikumos un nosac\u012bjumos","og_description":"Tie\u0161saistes kazino noteikumi un nosac\u012bjumi s\u012bk\u0101 druk\u0101 \u2014 ko sagaid\u012bt un ko ne","og_url":"https:\/\/gambling6.com\/lv\/kazino\/tiessaistes-kazino-ar-naudas-likmem-sikas-drukas-izpratne\/","og_site_name":"Gambling6","article_modified_time":"2025-11-15T09:10:03+00:00","og_image":[{"width":200,"height":175,"url":"https:\/\/gambling6.com\/wp-content\/uploads\/2013\/12\/casino-fine-print.jpg","type":"image\/jpeg"}],"twitter_card":"summary_large_image","twitter_misc":{"Est. reading time":"4 minutes"},"schema":{"@context":"https:\/\/schema.org","@graph":[{"@type":"WebPage","@id":"https:\/\/gambling6.com\/lv\/kazino\/tiessaistes-kazino-ar-naudas-likmem-sikas-drukas-izpratne\/","url":"https:\/\/gambling6.com\/lv\/kazino\/tiessaistes-kazino-ar-naudas-likmem-sikas-drukas-izpratne\/","name":"Kam piev\u0113rst uzman\u012bbu kazino noteikumos un nosac\u012bjumos","isPartOf":{"@id":"https:\/\/gambling6.com\/lv\/#website"},"primaryImageOfPage":{"@id":"https:\/\/gambling6.com\/lv\/kazino\/tiessaistes-kazino-ar-naudas-likmem-sikas-drukas-izpratne\/#primaryimage"},"image":{"@id":"https:\/\/gambling6.com\/lv\/kazino\/tiessaistes-kazino-ar-naudas-likmem-sikas-drukas-izpratne\/#primaryimage"},"thumbnailUrl":"https:\/\/gambling6.com\/wp-content\/uploads\/2013\/12\/casino-fine-print.jpg","datePublished":"2025-11-08T13:42:46+00:00","dateModified":"2025-11-15T09:10:03+00:00","description":"Tie\u0161saistes kazino noteikumi un nosac\u012bjumi s\u012bk\u0101 druk\u0101 \u2014 ko sagaid\u012bt un ko ne","breadcrumb":{"@id":"https:\/\/gambling6.com\/lv\/kazino\/tiessaistes-kazino-ar-naudas-likmem-sikas-drukas-izpratne\/#breadcrumb"},"inLanguage":"lv-LV","potentialAction":[{"@type":"ReadAction","target":["https:\/\/gambling6.com\/lv\/kazino\/tiessaistes-kazino-ar-naudas-likmem-sikas-drukas-izpratne\/"]}]},{"@type":"ImageObject","inLanguage":"lv-LV","@id":"https:\/\/gambling6.com\/lv\/kazino\/tiessaistes-kazino-ar-naudas-likmem-sikas-drukas-izpratne\/#primaryimage","url":"https:\/\/gambling6.com\/wp-content\/uploads\/2013\/12\/casino-fine-print.jpg","contentUrl":"https:\/\/gambling6.com\/wp-content\/uploads\/2013\/12\/casino-fine-print.jpg","width":200,"height":175,"caption":"casino fine print"},{"@type":"BreadcrumbList","@id":"https:\/\/gambling6.com\/lv\/kazino\/tiessaistes-kazino-ar-naudas-likmem-sikas-drukas-izpratne\/#breadcrumb","itemListElement":[{"@type":"ListItem","position":1,"name":"Home","item":"https:\/\/gambling6.com\/lv\/home\/"},{"@type":"ListItem","position":2,"name":"Kazino","item":"https:\/\/gambling6.com\/lv\/get-started-with-online-gambling\/"},{"@type":"ListItem","position":3,"name":"Tie\u0161saistes kazino ar naudas likm\u0113m: s\u012bk\u0101s drukas izpratne"}]},{"@type":"WebSite","@id":"https:\/\/gambling6.com\/lv\/#website","url":"https:\/\/gambling6.com\/lv\/","name":"Gambling6","description":"","potentialAction":[{"@type":"SearchAction","target":{"@type":"EntryPoint","urlTemplate":"https:\/\/gambling6.com\/lv\/?s={search_term_string}"},"query-input":{"@type":"PropertyValueSpecification","valueRequired":true,"valueName":"search_term_string"}}],"inLanguage":"lv-LV"}]}},"_links":{"self":[{"href":"https:\/\/gambling6.com\/lv\/wp-json\/wp\/v2\/pages\/9049","targetHints":{"allow":["GET"]}}],"collection":[{"href":"https:\/\/gambling6.com\/lv\/wp-json\/wp\/v2\/pages"}],"about":[{"href":"https:\/\/gambling6.com\/lv\/wp-json\/wp\/v2\/types\/page"}],"author":[{"embeddable":true,"href":"https:\/\/gambling6.com\/lv\/wp-json\/wp\/v2\/users\/1"}],"replies":[{"embeddable":true,"href":"https:\/\/gambling6.com\/lv\/wp-json\/wp\/v2\/comments?post=9049"}],"version-history":[{"count":1,"href":"https:\/\/gambling6.com\/lv\/wp-json\/wp\/v2\/pages\/9049\/revisions"}],"predecessor-version":[{"id":10861,"href":"https:\/\/gambling6.com\/lv\/wp-json\/wp\/v2\/pages\/9049\/revisions\/10861"}],"up":[{"embeddable":true,"href":"https:\/\/gambling6.com\/lv\/wp-json\/wp\/v2\/pages\/8314"}],"wp:featuredmedia":[{"embeddable":true,"href":"https:\/\/gambling6.com\/lv\/wp-json\/wp\/v2\/media\/9035"}],"wp:attachment":[{"href":"https:\/\/gambling6.com\/lv\/wp-json\/wp\/v2\/media?parent=9049"}],"curies":[{"name":"wp","href":"https:\/\/api.w.org\/{rel}","templated":true}]}}