{"id":9103,"date":"2025-11-08T14:59:06","date_gmt":"2025-11-08T14:59:06","guid":{"rendered":"https:\/\/gambling6.com\/sporta-totalizatoru-padomi-jusu-celvedis-tiessaistes-totalizatoros\/"},"modified":"2025-11-12T19:19:26","modified_gmt":"2025-11-12T19:19:26","slug":"sporta-totalizatoru-padomi-jusu-celvedis-tiessaistes-totalizatoros","status":"publish","type":"page","link":"https:\/\/gambling6.com\/lv\/sporta-totalizatori\/sporta-totalizatoru-padomi-jusu-celvedis-tiessaistes-totalizatoros\/","title":{"rendered":"Sporta totalizatoru padomi \u2014 j\u016bsu ce\u013cvedis tie\u0161saistes totalizatoros"},"content":{"rendered":"<h2>Piln\u012bgs ce\u013cvedis tie\u0161saistes totalizatoru pasaul\u0113!<\/h2>\n<p>Kop\u0161 cilv\u0113ces pirms\u0101kumiem azartsp\u0113les ir biju\u0161as m\u016bsu dab\u0101. Tikl\u012bdz par\u0101d\u012bj\u0101s internets, bija tikai dabiski, ka par\u0101d\u012bj\u0101s azartsp\u0113\u013cu vietnes. Tikl\u012bdz t\u0101s par\u0101d\u012bj\u0101s, t\u0101s guva milz\u012bgus pan\u0101kumus, un tie\u0161saistes azartsp\u0113les tagad ir viena no popul\u0101r\u0101kaj\u0101m aktivit\u0101t\u0113m pasaul\u0113.<\/p>\n<p>Pie\u0146emsim, ka v\u0113laties s\u0101kt sp\u0113l\u0113t tie\u0161saistes azartsp\u0113les. T\u0101d\u0101 gad\u012bjum\u0101 jums j\u0101zina, ka konta re\u0123istr\u0113\u0161ana jebkur\u0101 no liel\u0101kaj\u0101m tie\u0161saistes azartsp\u0113\u013cu vietn\u0113m pras\u012bs tikai p\u0101ris min\u016btes, p\u0113c tam j\u016bs var\u0113siet sp\u0113l\u0113t jebko, ko v\u0113laties, s\u0101kot no tie\u0161saistes kazino sp\u0113l\u0113m l\u012bdz tie\u0161saistes pokeram vai pat likt likmes sporta vai finan\u0161u vietn\u0113s.<\/p>\n<p><img loading=\"lazy\" decoding=\"async\" class=\"size-medium wp-image-3057 alignright\" src=\"https:\/\/gambling6.com\/wp-content\/uploads\/2022\/04\/soccermoney-300x200.jpg\" alt=\"tie\u0161saistes der\u012bbu ce\u013cvedis\" width=\"300\" height=\"200\" srcset=\"https:\/\/gambling6.com\/wp-content\/uploads\/2022\/04\/soccermoney-300x200.jpg 300w, https:\/\/gambling6.com\/wp-content\/uploads\/2022\/04\/soccermoney.jpg 424w\" sizes=\"auto, (max-width: 300px) 100vw, 300px\" \/>Run\u0101jot par der\u012bb\u0101m tie\u0161saist\u0113, jums j\u0101zina, ka, ja v\u0113laties pievienoties tie\u0161saistes azartsp\u0113\u013cu vietnei, kas neprasa apg\u016bt jaunas sp\u0113les sp\u0113l\u0113\u0161anu (kas b\u016btu ar jebko, s\u0101kot no tie\u0161saistes pokera l\u012bdz tie\u0161saistes kazino sp\u0113l\u0113m), der\u012bbas tie\u0161saist\u0113 ir ide\u0101ls risin\u0101jums. J\u016bs jau zin\u0101t noteikumus \u2013 viss, kas jums j\u0101dara, ir pareizi uzmin\u0113t profesion\u0101l\u0101 sporta sp\u0113les izn\u0101kumu, un tas ar\u012b viss. Ja jums ir taisn\u012bba, j\u016bs sa\u0146emat samaksu. Ja k\u013c\u016bd\u0101ties, varat m\u0113\u0123in\u0101t v\u0113lreiz.<\/p>\n<p>Pie\u0146emsim, ka l\u012bdz \u0161im neesat atkl\u0101jis der\u012bbas tie\u0161saist\u0113. B\u016btu mu\u013c\u0137\u012bgi s\u0101kt sp\u0113l\u0113t, neko nezinot par nozari, sporta veidiem vai pat tie\u0161saistes azartsp\u0113\u013cu vietn\u0113m, kur\u0101m v\u0113laties pievienoties. T\u0101p\u0113c past\u0101v vietnes, kuru vien\u012bgais m\u0113r\u0137is ir j\u016bs tuvin\u0101t j\u016bsu iecien\u012bt\u0101kaj\u0101m tie\u0161saistes azartsp\u0113l\u0113m, pied\u0101v\u0101jot jums p\u0113c iesp\u0113jas vair\u0101k zin\u0101\u0161anu.<\/p>\n<p><strong>BetOnline<\/strong> ir viena no lab\u0101kaj\u0101m tie\u0161saistes der\u012bbu vietn\u0113m pasaul\u0113. No sac\u012bk\u0161u der\u012bb\u0101m l\u012bdz sporta der\u012bb\u0101m un finan\u0161u der\u012bb\u0101m \u2014 t\u0101s visas \u0161eit ir aprakst\u012btas \u013coti detaliz\u0113ti, un j\u016bs varat uzzin\u0101t visu, kas ies\u0101c\u0113jam j\u0101zina, vienk\u0101r\u0161i pavadot p\u0101ris min\u016btes sada\u013c\u0101, kas j\u016bs interes\u0113.<\/p>\n<p><a class=\"thirstylink\" title=\"Betonline sports en\" href=\"https:\/\/gambling6.com\/go\/betonline-sports-en\/\" target=\"_blank\" rel=\"nofollow noopener\">Pievienojieties miljoniem sporta der\u012bbu fanu no visas pasaules Betonline, m\u016bsu iecien\u012bt\u0101kaj\u0101 sporta totalizator\u0101, sekojot \u0161ai saitei.<\/a><\/p>\n<p>Piem\u0113ram, ja v\u0113laties s\u0101kt likt likmes uz sac\u012bkst\u0113m, jums vajadz\u0113tu iepaz\u012bties ar sac\u012bk\u0161u der\u012bbu sada\u013cu, kur\u0101 ir pieejams viss par tie\u0161saistes sac\u012bkst\u0113m \u2014 s\u0101kot no su\u0146u sac\u012bkst\u0113m l\u012bdz senaj\u0101m zirgu skrie\u0161an\u0101s sac\u012bkst\u0113m vai pat jaun\u0101kiem sporta veidiem, piem\u0113ram, NASCAR vai Formula 1 sac\u012bkst\u0113m, BetOnline ir \u0161eit, lai pied\u0101v\u0101tu jums visu, ko j\u016bs v\u0113l\u0113tos zin\u0101t par katru no \u0161iem sporta veidiem.<\/p>\n<p>Kopum\u0101, ja v\u0113laties s\u0101kt likt likmes uz sportu, jums vajadz\u0113tu izm\u0113\u0123in\u0101t BetOnline, vienu no lab\u0101kaj\u0101m tie\u0161saistes azartsp\u0113\u013cu vietn\u0113m. Vi\u0146i j\u016bs aizved\u012bs no absol\u016bti neko nezinot par \u0161o nozari l\u012bdz tam, ka no t\u0101s nopeln\u012bsiet milz\u012bgu naudu!<\/p>\n","protected":false},"excerpt":{"rendered":"<p>Piln\u012bgs ce\u013cvedis tie\u0161saistes totalizatoru pasaul\u0113! Kop\u0161 cilv\u0113ces pirms\u0101kumiem azartsp\u0113les ir biju\u0161as m\u016bsu dab\u0101. Tikl\u012bdz par\u0101d\u012bj\u0101s internets, bija tikai dabiski, ka par\u0101d\u012bj\u0101s azartsp\u0113\u013cu vietnes. Tikl\u012bdz t\u0101s par\u0101d\u012bj\u0101s, t\u0101s guva milz\u012bgus pan\u0101kumus, un tie\u0161saistes azartsp\u0113les tagad ir viena no popul\u0101r\u0101kaj\u0101m aktivit\u0101t\u0113m pasaul\u0113. Pie\u0146emsim, ka v\u0113laties s\u0101kt sp\u0113l\u0113t tie\u0161saistes azartsp\u0113les. T\u0101d\u0101 gad\u012bjum\u0101 jums j\u0101zina, ka konta re\u0123istr\u0113\u0161ana jebkur\u0101 [&hellip;]<\/p>\n","protected":false},"author":1,"featured_media":0,"parent":9227,"menu_order":14,"comment_status":"closed","ping_status":"closed","template":"","meta":{"footnotes":""},"class_list":["post-9103","page","type-page","status-publish","hentry"],"yoast_head":"<!-- This site is optimized with the Yoast SEO plugin v27.4 - https:\/\/yoast.com\/product\/yoast-seo-wordpress\/ -->\n<title>Ce\u013cvedis un padomi tie\u0161saistes sporta totalizatoriem<\/title>\n<meta name=\"description\" content=\"S\u0101ciet likt likmes tie\u0161saist\u0113 jau \u0161odien. Apmekl\u0113jiet BetOnline, lai atrastu pilnu likmju iesp\u0113ju kl\u0101stu, k\u0101 ar\u012b tie\u0161saistes pokeru un kazino vienuviet.\" \/>\n<meta name=\"robots\" content=\"index, follow, max-snippet:-1, max-image-preview:large, max-video-preview:-1\" \/>\n<link rel=\"canonical\" href=\"https:\/\/gambling6.com\/lv\/sporta-totalizatori\/sporta-totalizatoru-padomi-jusu-celvedis-tiessaistes-totalizatoros\/\" \/>\n<meta property=\"og:locale\" content=\"lv_LV\" \/>\n<meta property=\"og:type\" content=\"article\" \/>\n<meta property=\"og:title\" content=\"Ce\u013cvedis un padomi tie\u0161saistes sporta totalizatoriem\" \/>\n<meta property=\"og:description\" content=\"S\u0101ciet likt likmes tie\u0161saist\u0113 jau \u0161odien. Apmekl\u0113jiet BetOnline, lai atrastu pilnu likmju iesp\u0113ju kl\u0101stu, k\u0101 ar\u012b tie\u0161saistes pokeru un kazino vienuviet.\" \/>\n<meta property=\"og:url\" content=\"https:\/\/gambling6.com\/lv\/sporta-totalizatori\/sporta-totalizatoru-padomi-jusu-celvedis-tiessaistes-totalizatoros\/\" \/>\n<meta property=\"og:site_name\" content=\"Gambling6\" \/>\n<meta property=\"article:modified_time\" content=\"2025-11-12T19:19:26+00:00\" \/>\n<meta property=\"og:image\" content=\"https:\/\/gambling6.com\/wp-content\/uploads\/2022\/04\/soccermoney.jpg\" \/>\n\t<meta property=\"og:image:width\" content=\"424\" \/>\n\t<meta property=\"og:image:height\" content=\"283\" \/>\n\t<meta property=\"og:image:type\" content=\"image\/jpeg\" \/>\n<meta name=\"twitter:card\" content=\"summary_large_image\" \/>\n<meta name=\"twitter:label1\" content=\"Est. reading time\" \/>\n\t<meta name=\"twitter:data1\" content=\"3 minutes\" \/>\n<script type=\"application\/ld+json\" class=\"yoast-schema-graph\">{\"@context\":\"https:\\\/\\\/schema.org\",\"@graph\":[{\"@type\":\"WebPage\",\"@id\":\"https:\\\/\\\/gambling6.com\\\/lv\\\/sporta-totalizatori\\\/sporta-totalizatoru-padomi-jusu-celvedis-tiessaistes-totalizatoros\\\/\",\"url\":\"https:\\\/\\\/gambling6.com\\\/lv\\\/sporta-totalizatori\\\/sporta-totalizatoru-padomi-jusu-celvedis-tiessaistes-totalizatoros\\\/\",\"name\":\"Ce\u013cvedis un padomi tie\u0161saistes sporta totalizatoriem\",\"isPartOf\":{\"@id\":\"https:\\\/\\\/gambling6.com\\\/lv\\\/#website\"},\"primaryImageOfPage\":{\"@id\":\"https:\\\/\\\/gambling6.com\\\/lv\\\/sporta-totalizatori\\\/sporta-totalizatoru-padomi-jusu-celvedis-tiessaistes-totalizatoros\\\/#primaryimage\"},\"image\":{\"@id\":\"https:\\\/\\\/gambling6.com\\\/lv\\\/sporta-totalizatori\\\/sporta-totalizatoru-padomi-jusu-celvedis-tiessaistes-totalizatoros\\\/#primaryimage\"},\"thumbnailUrl\":\"https:\\\/\\\/gambling6.com\\\/wp-content\\\/uploads\\\/2022\\\/04\\\/soccermoney-300x200.jpg\",\"datePublished\":\"2025-11-08T14:59:06+00:00\",\"dateModified\":\"2025-11-12T19:19:26+00:00\",\"description\":\"S\u0101ciet likt likmes tie\u0161saist\u0113 jau \u0161odien. Apmekl\u0113jiet BetOnline, lai atrastu pilnu likmju iesp\u0113ju kl\u0101stu, k\u0101 ar\u012b tie\u0161saistes pokeru un kazino vienuviet.\",\"breadcrumb\":{\"@id\":\"https:\\\/\\\/gambling6.com\\\/lv\\\/sporta-totalizatori\\\/sporta-totalizatoru-padomi-jusu-celvedis-tiessaistes-totalizatoros\\\/#breadcrumb\"},\"inLanguage\":\"lv-LV\",\"potentialAction\":[{\"@type\":\"ReadAction\",\"target\":[\"https:\\\/\\\/gambling6.com\\\/lv\\\/sporta-totalizatori\\\/sporta-totalizatoru-padomi-jusu-celvedis-tiessaistes-totalizatoros\\\/\"]}]},{\"@type\":\"ImageObject\",\"inLanguage\":\"lv-LV\",\"@id\":\"https:\\\/\\\/gambling6.com\\\/lv\\\/sporta-totalizatori\\\/sporta-totalizatoru-padomi-jusu-celvedis-tiessaistes-totalizatoros\\\/#primaryimage\",\"url\":\"https:\\\/\\\/gambling6.com\\\/wp-content\\\/uploads\\\/2022\\\/04\\\/soccermoney-300x200.jpg\",\"contentUrl\":\"https:\\\/\\\/gambling6.com\\\/wp-content\\\/uploads\\\/2022\\\/04\\\/soccermoney-300x200.jpg\"},{\"@type\":\"BreadcrumbList\",\"@id\":\"https:\\\/\\\/gambling6.com\\\/lv\\\/sporta-totalizatori\\\/sporta-totalizatoru-padomi-jusu-celvedis-tiessaistes-totalizatoros\\\/#breadcrumb\",\"itemListElement\":[{\"@type\":\"ListItem\",\"position\":1,\"name\":\"Home\",\"item\":\"https:\\\/\\\/gambling6.com\\\/lv\\\/home\\\/\"},{\"@type\":\"ListItem\",\"position\":2,\"name\":\"Sporta totalizatori\",\"item\":\"https:\\\/\\\/gambling6.com\\\/lv\\\/introduction-to-online-sportsbetting\\\/\"},{\"@type\":\"ListItem\",\"position\":3,\"name\":\"Sporta totalizatoru padomi \u2014 j\u016bsu ce\u013cvedis tie\u0161saistes totalizatoros\"}]},{\"@type\":\"WebSite\",\"@id\":\"https:\\\/\\\/gambling6.com\\\/lv\\\/#website\",\"url\":\"https:\\\/\\\/gambling6.com\\\/lv\\\/\",\"name\":\"Gambling6\",\"description\":\"\",\"potentialAction\":[{\"@type\":\"SearchAction\",\"target\":{\"@type\":\"EntryPoint\",\"urlTemplate\":\"https:\\\/\\\/gambling6.com\\\/lv\\\/?s={search_term_string}\"},\"query-input\":{\"@type\":\"PropertyValueSpecification\",\"valueRequired\":true,\"valueName\":\"search_term_string\"}}],\"inLanguage\":\"lv-LV\"}]}<\/script>\n<!-- \/ Yoast SEO plugin. -->","yoast_head_json":{"title":"Ce\u013cvedis un padomi tie\u0161saistes sporta totalizatoriem","description":"S\u0101ciet likt likmes tie\u0161saist\u0113 jau \u0161odien. Apmekl\u0113jiet BetOnline, lai atrastu pilnu likmju iesp\u0113ju kl\u0101stu, k\u0101 ar\u012b tie\u0161saistes pokeru un kazino vienuviet.","robots":{"index":"index","follow":"follow","max-snippet":"max-snippet:-1","max-image-preview":"max-image-preview:large","max-video-preview":"max-video-preview:-1"},"canonical":"https:\/\/gambling6.com\/lv\/sporta-totalizatori\/sporta-totalizatoru-padomi-jusu-celvedis-tiessaistes-totalizatoros\/","og_locale":"lv_LV","og_type":"article","og_title":"Ce\u013cvedis un padomi tie\u0161saistes sporta totalizatoriem","og_description":"S\u0101ciet likt likmes tie\u0161saist\u0113 jau \u0161odien. Apmekl\u0113jiet BetOnline, lai atrastu pilnu likmju iesp\u0113ju kl\u0101stu, k\u0101 ar\u012b tie\u0161saistes pokeru un kazino vienuviet.","og_url":"https:\/\/gambling6.com\/lv\/sporta-totalizatori\/sporta-totalizatoru-padomi-jusu-celvedis-tiessaistes-totalizatoros\/","og_site_name":"Gambling6","article_modified_time":"2025-11-12T19:19:26+00:00","og_image":[{"width":424,"height":283,"url":"https:\/\/gambling6.com\/wp-content\/uploads\/2022\/04\/soccermoney.jpg","type":"image\/jpeg"}],"twitter_card":"summary_large_image","twitter_misc":{"Est. reading time":"3 minutes"},"schema":{"@context":"https:\/\/schema.org","@graph":[{"@type":"WebPage","@id":"https:\/\/gambling6.com\/lv\/sporta-totalizatori\/sporta-totalizatoru-padomi-jusu-celvedis-tiessaistes-totalizatoros\/","url":"https:\/\/gambling6.com\/lv\/sporta-totalizatori\/sporta-totalizatoru-padomi-jusu-celvedis-tiessaistes-totalizatoros\/","name":"Ce\u013cvedis un padomi tie\u0161saistes sporta totalizatoriem","isPartOf":{"@id":"https:\/\/gambling6.com\/lv\/#website"},"primaryImageOfPage":{"@id":"https:\/\/gambling6.com\/lv\/sporta-totalizatori\/sporta-totalizatoru-padomi-jusu-celvedis-tiessaistes-totalizatoros\/#primaryimage"},"image":{"@id":"https:\/\/gambling6.com\/lv\/sporta-totalizatori\/sporta-totalizatoru-padomi-jusu-celvedis-tiessaistes-totalizatoros\/#primaryimage"},"thumbnailUrl":"https:\/\/gambling6.com\/wp-content\/uploads\/2022\/04\/soccermoney-300x200.jpg","datePublished":"2025-11-08T14:59:06+00:00","dateModified":"2025-11-12T19:19:26+00:00","description":"S\u0101ciet likt likmes tie\u0161saist\u0113 jau \u0161odien. Apmekl\u0113jiet BetOnline, lai atrastu pilnu likmju iesp\u0113ju kl\u0101stu, k\u0101 ar\u012b tie\u0161saistes pokeru un kazino vienuviet.","breadcrumb":{"@id":"https:\/\/gambling6.com\/lv\/sporta-totalizatori\/sporta-totalizatoru-padomi-jusu-celvedis-tiessaistes-totalizatoros\/#breadcrumb"},"inLanguage":"lv-LV","potentialAction":[{"@type":"ReadAction","target":["https:\/\/gambling6.com\/lv\/sporta-totalizatori\/sporta-totalizatoru-padomi-jusu-celvedis-tiessaistes-totalizatoros\/"]}]},{"@type":"ImageObject","inLanguage":"lv-LV","@id":"https:\/\/gambling6.com\/lv\/sporta-totalizatori\/sporta-totalizatoru-padomi-jusu-celvedis-tiessaistes-totalizatoros\/#primaryimage","url":"https:\/\/gambling6.com\/wp-content\/uploads\/2022\/04\/soccermoney-300x200.jpg","contentUrl":"https:\/\/gambling6.com\/wp-content\/uploads\/2022\/04\/soccermoney-300x200.jpg"},{"@type":"BreadcrumbList","@id":"https:\/\/gambling6.com\/lv\/sporta-totalizatori\/sporta-totalizatoru-padomi-jusu-celvedis-tiessaistes-totalizatoros\/#breadcrumb","itemListElement":[{"@type":"ListItem","position":1,"name":"Home","item":"https:\/\/gambling6.com\/lv\/home\/"},{"@type":"ListItem","position":2,"name":"Sporta totalizatori","item":"https:\/\/gambling6.com\/lv\/introduction-to-online-sportsbetting\/"},{"@type":"ListItem","position":3,"name":"Sporta totalizatoru padomi \u2014 j\u016bsu ce\u013cvedis tie\u0161saistes totalizatoros"}]},{"@type":"WebSite","@id":"https:\/\/gambling6.com\/lv\/#website","url":"https:\/\/gambling6.com\/lv\/","name":"Gambling6","description":"","potentialAction":[{"@type":"SearchAction","target":{"@type":"EntryPoint","urlTemplate":"https:\/\/gambling6.com\/lv\/?s={search_term_string}"},"query-input":{"@type":"PropertyValueSpecification","valueRequired":true,"valueName":"search_term_string"}}],"inLanguage":"lv-LV"}]}},"_links":{"self":[{"href":"https:\/\/gambling6.com\/lv\/wp-json\/wp\/v2\/pages\/9103","targetHints":{"allow":["GET"]}}],"collection":[{"href":"https:\/\/gambling6.com\/lv\/wp-json\/wp\/v2\/pages"}],"about":[{"href":"https:\/\/gambling6.com\/lv\/wp-json\/wp\/v2\/types\/page"}],"author":[{"embeddable":true,"href":"https:\/\/gambling6.com\/lv\/wp-json\/wp\/v2\/users\/1"}],"replies":[{"embeddable":true,"href":"https:\/\/gambling6.com\/lv\/wp-json\/wp\/v2\/comments?post=9103"}],"version-history":[{"count":1,"href":"https:\/\/gambling6.com\/lv\/wp-json\/wp\/v2\/pages\/9103\/revisions"}],"predecessor-version":[{"id":9229,"href":"https:\/\/gambling6.com\/lv\/wp-json\/wp\/v2\/pages\/9103\/revisions\/9229"}],"up":[{"embeddable":true,"href":"https:\/\/gambling6.com\/lv\/wp-json\/wp\/v2\/pages\/9227"}],"wp:attachment":[{"href":"https:\/\/gambling6.com\/lv\/wp-json\/wp\/v2\/media?parent=9103"}],"curies":[{"name":"wp","href":"https:\/\/api.w.org\/{rel}","templated":true}]}}