{"id":9170,"date":"2025-11-10T10:38:03","date_gmt":"2025-11-10T10:38:03","guid":{"rendered":"https:\/\/gambling6.com\/iegadajieties-powerball-loterijas-biletes-tiessaiste\/"},"modified":"2025-11-12T10:01:32","modified_gmt":"2025-11-12T10:01:32","slug":"iegadajieties-powerball-loterijas-biletes-tiessaiste","status":"publish","type":"page","link":"https:\/\/gambling6.com\/lv\/iegadajieties-powerball-loterijas-biletes-tiessaiste\/","title":{"rendered":"Ieg\u0101d\u0101jieties Powerball loterijas bi\u013cetes tie\u0161saist\u0113"},"content":{"rendered":"<h2>Sp\u0113l\u0113jiet Powerball loteriju tie\u0161saist\u0113.<\/h2>\n<p>Powerball loterija ir paz\u012bstama vis\u0101 pasaul\u0113 ar neticamajiem d\u017eekpotiem. J\u016bs regul\u0101ri atrad\u012bsiet d\u017eekpotus, kas p\u0101rsniedz 100 miljonus dol\u0101ru. <strong>D\u017eekpota pieaugums ir eksponenci\u0101ls, jo j\u016bs varat ieg\u0101d\u0101ties Powerball loterijas bi\u013cetes tie\u0161saist\u0113.<\/strong> Powerball sp\u0113l\u0113\u0161ana tie\u0161saist\u0113 ir vienk\u0101r\u0161a, atrodoties m\u0101j\u0101s, izmantojot tikai datoru un interneta piesl\u0113gumu.<\/p>\n<h2>Powerball bi\u013cetes tie\u0161saist\u0113, vienk\u0101r\u0161i k\u0101 1-2-3<\/h2>\n<p>Lai sp\u0113l\u0113tu Powerball loteriju tie\u0161saist\u0113, jums j\u0101apmekl\u0113 m\u016bsu partnera <a class=\"thirstylink\" title=\"Redfoxlotto\" href=\"https:\/\/gambling6.com\/go\/redfoxlotto\/\" target=\"_blank\" rel=\"nofollow noopener\">RedFoxLotto (noklik\u0161\u0137iniet \u0161eit, lai apmekl\u0113tu)<\/a> vietne un j\u0101izveido konts. Konta atv\u0113r\u0161ana ir vienk\u0101r\u0161a, un j\u016bs varat s\u0101kt sp\u0113l\u0113t Powerball loteriju da\u017eu min\u016b\u0161u laik\u0101. N\u0101kamais solis b\u016btu doties uz bi\u013ce\u0161u sada\u013cu, kur j\u016bs izmantotu veidlapu, lai izv\u0113l\u0113tos piecus pamatskait\u013cus.<\/p>\n<p>Kad tas ir izdar\u012bts, j\u016bs tagad izv\u0113laties vienu Powerball bonusa skaitli. <strong>Lai laim\u0113tu d\u017eekpota balvu, jums ir j\u0101atmin pieci pamatskait\u013ci, k\u0101 ar\u012b Powerball skaitlis ar izloz\u0113taj\u0101m bumbi\u0146\u0101m.<\/strong> Nebaidieties, ja j\u016bs neatmin\u0113siet \u0161os skait\u013cus, j\u016bs, iesp\u0113jams, varat piedal\u012bties izloz\u0113 par vienu no p\u0101r\u0113jiem septi\u0146iem balvu l\u012bme\u0146iem.<\/p>\n<h2>Powerball tie\u0161saistes bi\u013ce\u0161u p\u0101rdo\u0161anas apjomi strauji pieaug<\/h2>\n<p><img loading=\"lazy\" decoding=\"async\" class=\"size-medium wp-image-1533 alignright\" src=\"https:\/\/gambling6.com\/wp-content\/uploads\/2022\/04\/2_ticket_powerball_au2-1-163x300.jpg\" alt=\"powerball ticket\" width=\"163\" height=\"300\" srcset=\"https:\/\/gambling6.com\/wp-content\/uploads\/2022\/04\/2_ticket_powerball_au2-1-163x300.jpg 163w, https:\/\/gambling6.com\/wp-content\/uploads\/2022\/04\/2_ticket_powerball_au2-1.jpg 250w\" sizes=\"auto, (max-width: 163px) 100vw, 163px\" \/>P\u0113d\u0113jo divu gadu laik\u0101 Powerball USA bi\u013ce\u0161u p\u0101rdo\u0161anas apjomi ir \u013coti strauji pieaugu\u0161i, \u0161aj\u0101 period\u0101 divk\u0101r\u0161ojoties gadu no gada. <strong>D\u017eekpotu lielums, k\u0101 ar\u012b bi\u013ce\u0161u ieg\u0101des vienk\u0101r\u0161\u012bba tie\u0161saist\u0113 ir bijis galvenais virz\u012bt\u0101jsp\u0113ks, k\u0101p\u0113c izaugsme ir bijusi tik iev\u0113rojama.<\/strong> Ja pag\u0101tne ir k\u0101ds n\u0101kotnes p\u0101rdo\u0161anas r\u0101d\u012bt\u0101js, m\u0113s varam sagaid\u012bt, ka turpm\u0101kajos gados d\u017eekpotu lielumi pieaugs.<\/p>\n<h2>Loteriju sp\u0113l\u0113\u0161ana vis\u0101 pasaul\u0113 pieaug.<\/h2>\n<p>Iz\u0146emot Mega Millions, kurai pieder rekordliels d\u017eekpotu lielums, p\u0113d\u0113j\u0101 gada laik\u0101 liel\u0101kaj\u0101 da\u013c\u0101 tie\u0161saist\u0113 sp\u0113l\u0113to loteriju esam redz\u0113ju\u0161i rekordlielus d\u017eekpotus. Nav nek\u0101du paz\u012bmju, ka \u0161ie rekordlielie d\u017eekpoti dr\u012bzum\u0101 mazin\u0101sies. Paties\u012bb\u0101 m\u0113s varam sagaid\u012bt, ka rekordi tiks p\u0101rsp\u0113ti atk\u0101rtoti, jo cilv\u0113ki p\u0101rpludina savus datorus, kad zi\u0146as par d\u017eekpotiem sasniedz augstu l\u012bmeni.<\/p>\n<h2>P\u0101rbaudiet Powerball laim\u0113jo\u0161os skait\u013cus tie\u0161saist\u0113.<\/h2>\n<p>P\u0101rliecinieties, ka, ieg\u0101d\u0101joties bi\u013cetes, veltiet laiku rezult\u0101tu p\u0101rbaudei, izmantojot tie\u0161saistes datub\u0101zes r\u012bku. Katru gadu daudzas balvas netiek izmantotas, jo, dzirdot, ka d\u017eekpoti ir laim\u0113ti apgabal\u0101, kur\u0101 vi\u0146i nedz\u012bvo, vai iest\u0101d\u0113, kur\u0101 vi\u0146i nav ieg\u0101d\u0101ju\u0161ies bi\u013ceti, vi\u0146i izmet savu bi\u013ceti un nep\u0101rbauda, \u200b\u200bvai nav laim\u0113ju\u0161i citos balvu l\u012bme\u0146os.<\/p>\n<p>L\u016bdzu, nepie\u013caujiet k\u013c\u016bdu, izmetot naudu miskast\u0113 vai atst\u0101jot to neredzami sav\u0101 mak\u0101. J\u016bs esat peln\u012bju\u0161i visu naudu, ko esat laim\u0113jis. Sp\u0113l\u0113jiet Powerball loteriju tie\u0161saist\u0113 jau \u0161odien, un j\u016bs varat k\u013c\u016bt par n\u0101kamo multimiljon\u0101ru pasaul\u0113.<\/p>\n<table style=\"width: 500px;\" border=\"1\" cellspacing=\"5\" cellpadding=\"5\" align=\"center\">\n<tbody>\n<tr>\n<td colspan=\"3\" align=\"center\">Desmit liel\u0101kie d\u017eekpoti 2013. gadam<\/td>\n<\/tr>\n<tr>\n<td>Izloze<\/td>\n<td align=\"center\">Datums<\/td>\n<td align=\"center\">D\u017eekpots (USD)<\/td>\n<\/tr>\n<tr>\n<td>Powerball &#8211; ASV<\/td>\n<td align=\"center\">18. maijs-13<\/td>\n<td align=\"right\">590\u00a0500\u00a0000 $<\/td>\n<\/tr>\n<tr>\n<td>Powerball &#8211; ASV<\/td>\n<td align=\"center\">7. augusts-13<\/td>\n<td align=\"right\">448\u00a0400\u00a0000\u00a0USD<\/td>\n<\/tr>\n<tr>\n<td>Powerball\u00a0\u2014 ASV<\/td>\n<td align=\"center\">2013.\u00a0gada 18.\u00a0septembris<\/td>\n<td align=\"right\">399\u00a0400\u00a0000\u00a0USD<\/td>\n<\/tr>\n<tr>\n<td>Powerball\u00a0\u2014 ASV<\/td>\n<td align=\"center\">2013.\u00a0gada 23.\u00a0marts<\/td>\n<td align=\"right\">338\u00a0300\u00a0000\u00a0USD<\/td>\n<\/tr>\n<tr>\n<td>Powerball\u00a0\u2014 ASV<\/td>\n<td align=\"center\">2013.\u00a0gada 6.\u00a0febru\u0101ris<\/td>\n<td align=\"right\">217\u00a0000\u00a0000\u00a0USD<\/td>\n<\/tr>\n<tr>\n<td>Powerball\u00a0\u2014 ASV<\/td>\n<td align=\"center\">2013.\u00a0gada 23.\u00a0oktobris<\/td>\n<td align=\"right\">213\u00a0400\u00a0000\u00a0USD<\/td>\n<\/tr>\n<tr>\n<td>Powerball\u00a0\u2014 ASV<\/td>\n<td align=\"center\">2013.\u00a0gada 22.\u00a0j\u016bnijs<\/td>\n<td align=\"right\">131\u00a0500\u00a0000\u00a0USD<\/td>\n<\/tr>\n<tr>\n<td>Powerball\u00a0\u2014 ASV<\/td>\n<td align=\"center\">2013.\u00a0gada 16.\u00a0novembris<\/td>\n<td align=\"right\">130\u00a0300\u00a0000\u00a0USD<\/td>\n<\/tr>\n<tr>\n<td>Powerball\u00a0\u2014 ASV<\/td>\n<td align=\"center\">2013.\u00a0gada 11.\u00a0decembris<\/td>\n<td align=\"right\">122\u00a0900\u00a0000\u00a0ASV dol\u0101ru<\/td>\n<\/tr>\n<tr>\n<td>Powerball\u00a0\u2014 ASV<\/td>\n<td align=\"center\">2013.\u00a0gada 25.\u00a0decembris<\/td>\n<td align=\"right\">74\u00a0000\u00a0000\u00a0ASV dol\u0101ru<\/td>\n<\/tr>\n<\/tbody>\n<\/table>\n<p>&nbsp;<\/p>\n<table style=\"width: 500px;\" border=\"1\" cellspacing=\"5\" cellpadding=\"5\" align=\"center\">\n<tbody>\n<tr>\n<td colspan=\"3\" align=\"center\">Powerball Lotto \u2014 ASV balvu l\u012bme\u0146i<\/td>\n<\/tr>\n<tr>\n<td>Balva<\/td>\n<td align=\"center\">Sp\u0113les<\/td>\n<td align=\"center\">Izredzes<\/td>\n<\/tr>\n<tr>\n<td>1. vieta (D\u017eeppots)<\/td>\n<td align=\"center\">5 + 1<\/td>\n<td align=\"right\">175\u00a0223\u00a0510 : 1<\/td>\n<\/tr>\n<tr>\n<td>2. vieta<\/td>\n<td align=\"center\">5<\/td>\n<td align=\"right\">5\u00a0153\u00a0633 : 1<\/td>\n<\/tr>\n<tr>\n<td>3.\u00a0vieta<\/td>\n<td align=\"center\">4 + 1<\/td>\n<td align=\"right\">648\u00a0976 : 1<\/td>\n<\/tr>\n<tr>\n<td>4.\u00a0vieta<\/td>\n<td align=\"center\">4<\/td>\n<td align=\"right\">19\u00a0087 : 1<\/td>\n<\/tr>\n<tr>\n<td>5.\u00a0vieta<\/td>\n<td align=\"cente\">3 + 1<\/td>\n<td align=\"right\">12\u00a0245:1<\/td>\n<\/tr>\n<tr>\n<td>6.\u00a0vieta<\/td>\n<td align=\"center\">3<\/td>\n<td align=\"right\">360:1<\/td>\n<\/tr>\n<tr>\n<td>7.\u00a0vieta<\/td>\n<td align=\"center\">2 + 1<\/td>\n<td align=\"right\">706:1<\/td>\n<\/tr>\n<tr>\n<td>8.\u00a0vieta<\/td>\n<td align=\"center\">1 + 1<\/td>\n<td align=\"right\">111:1<\/td>\n<\/tr>\n<tr>\n<td>9.\u00a0vieta<\/td>\n<td align=\"center\">0 + 1<\/td>\n<td align=\"right\">55: 1<\/td>\n<\/tr>\n<\/tbody>\n<\/table>\n","protected":false},"excerpt":{"rendered":"<p>Sp\u0113l\u0113jiet Powerball loteriju tie\u0161saist\u0113. Powerball loterija ir paz\u012bstama vis\u0101 pasaul\u0113 ar neticamajiem d\u017eekpotiem. J\u016bs regul\u0101ri atrad\u012bsiet d\u017eekpotus, kas p\u0101rsniedz 100 miljonus dol\u0101ru. D\u017eekpota pieaugums ir eksponenci\u0101ls, jo j\u016bs varat ieg\u0101d\u0101ties Powerball loterijas bi\u013cetes tie\u0161saist\u0113. Powerball sp\u0113l\u0113\u0161ana tie\u0161saist\u0113 ir vienk\u0101r\u0161a, atrodoties m\u0101j\u0101s, izmantojot tikai datoru un interneta piesl\u0113gumu. Powerball bi\u013cetes tie\u0161saist\u0113, vienk\u0101r\u0161i k\u0101 1-2-3 Lai sp\u0113l\u0113tu [&hellip;]<\/p>\n","protected":false},"author":1,"featured_media":0,"parent":0,"menu_order":4,"comment_status":"closed","ping_status":"closed","template":"","meta":{"footnotes":""},"class_list":["post-9170","page","type-page","status-publish","hentry"],"yoast_head":"<!-- This site is optimized with the Yoast SEO plugin v27.3 - https:\/\/yoast.com\/product\/yoast-seo-wordpress\/ -->\n<title>P\u0113rciet Powerball loterijas bi\u013cetes tie\u0161saist\u0113<\/title>\n<meta name=\"description\" content=\"Ieg\u0101d\u0101jieties bi\u013cetes tie\u0161saist\u0113 jau \u0161odien uz Powerball loteriju ASV.\" \/>\n<meta name=\"robots\" content=\"index, follow, max-snippet:-1, max-image-preview:large, max-video-preview:-1\" \/>\n<link rel=\"canonical\" href=\"https:\/\/gambling6.com\/lv\/iegadajieties-powerball-loterijas-biletes-tiessaiste\/\" \/>\n<meta property=\"og:locale\" content=\"lv_LV\" \/>\n<meta property=\"og:type\" content=\"article\" \/>\n<meta property=\"og:title\" content=\"P\u0113rciet Powerball loterijas bi\u013cetes tie\u0161saist\u0113\" \/>\n<meta property=\"og:description\" content=\"Ieg\u0101d\u0101jieties bi\u013cetes tie\u0161saist\u0113 jau \u0161odien uz Powerball loteriju ASV.\" \/>\n<meta property=\"og:url\" content=\"https:\/\/gambling6.com\/lv\/iegadajieties-powerball-loterijas-biletes-tiessaiste\/\" \/>\n<meta property=\"og:site_name\" content=\"Gambling6\" \/>\n<meta property=\"article:modified_time\" content=\"2025-11-12T10:01:32+00:00\" \/>\n<meta property=\"og:image\" content=\"https:\/\/gambling6.com\/wp-content\/uploads\/2022\/04\/2_ticket_powerball_au2-1.jpg\" \/>\n\t<meta property=\"og:image:width\" content=\"250\" \/>\n\t<meta property=\"og:image:height\" content=\"460\" \/>\n\t<meta property=\"og:image:type\" content=\"image\/jpeg\" \/>\n<meta name=\"twitter:card\" content=\"summary_large_image\" \/>\n<meta name=\"twitter:label1\" content=\"Est. reading time\" \/>\n\t<meta name=\"twitter:data1\" content=\"3 minutes\" \/>\n<script type=\"application\/ld+json\" class=\"yoast-schema-graph\">{\"@context\":\"https:\\\/\\\/schema.org\",\"@graph\":[{\"@type\":\"WebPage\",\"@id\":\"https:\\\/\\\/gambling6.com\\\/lv\\\/iegadajieties-powerball-loterijas-biletes-tiessaiste\\\/\",\"url\":\"https:\\\/\\\/gambling6.com\\\/lv\\\/iegadajieties-powerball-loterijas-biletes-tiessaiste\\\/\",\"name\":\"P\u0113rciet Powerball loterijas bi\u013cetes tie\u0161saist\u0113\",\"isPartOf\":{\"@id\":\"https:\\\/\\\/gambling6.com\\\/lv\\\/#website\"},\"primaryImageOfPage\":{\"@id\":\"https:\\\/\\\/gambling6.com\\\/lv\\\/iegadajieties-powerball-loterijas-biletes-tiessaiste\\\/#primaryimage\"},\"image\":{\"@id\":\"https:\\\/\\\/gambling6.com\\\/lv\\\/iegadajieties-powerball-loterijas-biletes-tiessaiste\\\/#primaryimage\"},\"thumbnailUrl\":\"https:\\\/\\\/gambling6.com\\\/wp-content\\\/uploads\\\/2022\\\/04\\\/2_ticket_powerball_au2-1-163x300.jpg\",\"datePublished\":\"2025-11-10T10:38:03+00:00\",\"dateModified\":\"2025-11-12T10:01:32+00:00\",\"description\":\"Ieg\u0101d\u0101jieties bi\u013cetes tie\u0161saist\u0113 jau \u0161odien uz Powerball loteriju ASV.\",\"breadcrumb\":{\"@id\":\"https:\\\/\\\/gambling6.com\\\/lv\\\/iegadajieties-powerball-loterijas-biletes-tiessaiste\\\/#breadcrumb\"},\"inLanguage\":\"lv-LV\",\"potentialAction\":[{\"@type\":\"ReadAction\",\"target\":[\"https:\\\/\\\/gambling6.com\\\/lv\\\/iegadajieties-powerball-loterijas-biletes-tiessaiste\\\/\"]}]},{\"@type\":\"ImageObject\",\"inLanguage\":\"lv-LV\",\"@id\":\"https:\\\/\\\/gambling6.com\\\/lv\\\/iegadajieties-powerball-loterijas-biletes-tiessaiste\\\/#primaryimage\",\"url\":\"https:\\\/\\\/gambling6.com\\\/wp-content\\\/uploads\\\/2022\\\/04\\\/2_ticket_powerball_au2-1-163x300.jpg\",\"contentUrl\":\"https:\\\/\\\/gambling6.com\\\/wp-content\\\/uploads\\\/2022\\\/04\\\/2_ticket_powerball_au2-1-163x300.jpg\"},{\"@type\":\"BreadcrumbList\",\"@id\":\"https:\\\/\\\/gambling6.com\\\/lv\\\/iegadajieties-powerball-loterijas-biletes-tiessaiste\\\/#breadcrumb\",\"itemListElement\":[{\"@type\":\"ListItem\",\"position\":1,\"name\":\"Home\",\"item\":\"https:\\\/\\\/gambling6.com\\\/lv\\\/home\\\/\"},{\"@type\":\"ListItem\",\"position\":2,\"name\":\"Ieg\u0101d\u0101jieties Powerball loterijas bi\u013cetes tie\u0161saist\u0113\"}]},{\"@type\":\"WebSite\",\"@id\":\"https:\\\/\\\/gambling6.com\\\/lv\\\/#website\",\"url\":\"https:\\\/\\\/gambling6.com\\\/lv\\\/\",\"name\":\"Gambling6\",\"description\":\"\",\"potentialAction\":[{\"@type\":\"SearchAction\",\"target\":{\"@type\":\"EntryPoint\",\"urlTemplate\":\"https:\\\/\\\/gambling6.com\\\/lv\\\/?s={search_term_string}\"},\"query-input\":{\"@type\":\"PropertyValueSpecification\",\"valueRequired\":true,\"valueName\":\"search_term_string\"}}],\"inLanguage\":\"lv-LV\"}]}<\/script>\n<!-- \/ Yoast SEO plugin. -->","yoast_head_json":{"title":"P\u0113rciet Powerball loterijas bi\u013cetes tie\u0161saist\u0113","description":"Ieg\u0101d\u0101jieties bi\u013cetes tie\u0161saist\u0113 jau \u0161odien uz Powerball loteriju ASV.","robots":{"index":"index","follow":"follow","max-snippet":"max-snippet:-1","max-image-preview":"max-image-preview:large","max-video-preview":"max-video-preview:-1"},"canonical":"https:\/\/gambling6.com\/lv\/iegadajieties-powerball-loterijas-biletes-tiessaiste\/","og_locale":"lv_LV","og_type":"article","og_title":"P\u0113rciet Powerball loterijas bi\u013cetes tie\u0161saist\u0113","og_description":"Ieg\u0101d\u0101jieties bi\u013cetes tie\u0161saist\u0113 jau \u0161odien uz Powerball loteriju ASV.","og_url":"https:\/\/gambling6.com\/lv\/iegadajieties-powerball-loterijas-biletes-tiessaiste\/","og_site_name":"Gambling6","article_modified_time":"2025-11-12T10:01:32+00:00","og_image":[{"width":250,"height":460,"url":"https:\/\/gambling6.com\/wp-content\/uploads\/2022\/04\/2_ticket_powerball_au2-1.jpg","type":"image\/jpeg"}],"twitter_card":"summary_large_image","twitter_misc":{"Est. reading time":"3 minutes"},"schema":{"@context":"https:\/\/schema.org","@graph":[{"@type":"WebPage","@id":"https:\/\/gambling6.com\/lv\/iegadajieties-powerball-loterijas-biletes-tiessaiste\/","url":"https:\/\/gambling6.com\/lv\/iegadajieties-powerball-loterijas-biletes-tiessaiste\/","name":"P\u0113rciet Powerball loterijas bi\u013cetes tie\u0161saist\u0113","isPartOf":{"@id":"https:\/\/gambling6.com\/lv\/#website"},"primaryImageOfPage":{"@id":"https:\/\/gambling6.com\/lv\/iegadajieties-powerball-loterijas-biletes-tiessaiste\/#primaryimage"},"image":{"@id":"https:\/\/gambling6.com\/lv\/iegadajieties-powerball-loterijas-biletes-tiessaiste\/#primaryimage"},"thumbnailUrl":"https:\/\/gambling6.com\/wp-content\/uploads\/2022\/04\/2_ticket_powerball_au2-1-163x300.jpg","datePublished":"2025-11-10T10:38:03+00:00","dateModified":"2025-11-12T10:01:32+00:00","description":"Ieg\u0101d\u0101jieties bi\u013cetes tie\u0161saist\u0113 jau \u0161odien uz Powerball loteriju ASV.","breadcrumb":{"@id":"https:\/\/gambling6.com\/lv\/iegadajieties-powerball-loterijas-biletes-tiessaiste\/#breadcrumb"},"inLanguage":"lv-LV","potentialAction":[{"@type":"ReadAction","target":["https:\/\/gambling6.com\/lv\/iegadajieties-powerball-loterijas-biletes-tiessaiste\/"]}]},{"@type":"ImageObject","inLanguage":"lv-LV","@id":"https:\/\/gambling6.com\/lv\/iegadajieties-powerball-loterijas-biletes-tiessaiste\/#primaryimage","url":"https:\/\/gambling6.com\/wp-content\/uploads\/2022\/04\/2_ticket_powerball_au2-1-163x300.jpg","contentUrl":"https:\/\/gambling6.com\/wp-content\/uploads\/2022\/04\/2_ticket_powerball_au2-1-163x300.jpg"},{"@type":"BreadcrumbList","@id":"https:\/\/gambling6.com\/lv\/iegadajieties-powerball-loterijas-biletes-tiessaiste\/#breadcrumb","itemListElement":[{"@type":"ListItem","position":1,"name":"Home","item":"https:\/\/gambling6.com\/lv\/home\/"},{"@type":"ListItem","position":2,"name":"Ieg\u0101d\u0101jieties Powerball loterijas bi\u013cetes tie\u0161saist\u0113"}]},{"@type":"WebSite","@id":"https:\/\/gambling6.com\/lv\/#website","url":"https:\/\/gambling6.com\/lv\/","name":"Gambling6","description":"","potentialAction":[{"@type":"SearchAction","target":{"@type":"EntryPoint","urlTemplate":"https:\/\/gambling6.com\/lv\/?s={search_term_string}"},"query-input":{"@type":"PropertyValueSpecification","valueRequired":true,"valueName":"search_term_string"}}],"inLanguage":"lv-LV"}]}},"_links":{"self":[{"href":"https:\/\/gambling6.com\/lv\/wp-json\/wp\/v2\/pages\/9170","targetHints":{"allow":["GET"]}}],"collection":[{"href":"https:\/\/gambling6.com\/lv\/wp-json\/wp\/v2\/pages"}],"about":[{"href":"https:\/\/gambling6.com\/lv\/wp-json\/wp\/v2\/types\/page"}],"author":[{"embeddable":true,"href":"https:\/\/gambling6.com\/lv\/wp-json\/wp\/v2\/users\/1"}],"replies":[{"embeddable":true,"href":"https:\/\/gambling6.com\/lv\/wp-json\/wp\/v2\/comments?post=9170"}],"version-history":[{"count":1,"href":"https:\/\/gambling6.com\/lv\/wp-json\/wp\/v2\/pages\/9170\/revisions"}],"predecessor-version":[{"id":10509,"href":"https:\/\/gambling6.com\/lv\/wp-json\/wp\/v2\/pages\/9170\/revisions\/10509"}],"wp:attachment":[{"href":"https:\/\/gambling6.com\/lv\/wp-json\/wp\/v2\/media?parent=9170"}],"curies":[{"name":"wp","href":"https:\/\/api.w.org\/{rel}","templated":true}]}}