{"id":9227,"date":"2025-11-10T12:26:25","date_gmt":"2025-11-10T12:26:25","guid":{"rendered":"https:\/\/gambling6.com\/sporta-totalizatori\/"},"modified":"2025-11-12T10:24:00","modified_gmt":"2025-11-12T10:24:00","slug":"sporta-totalizatori","status":"publish","type":"page","link":"https:\/\/gambling6.com\/lv\/sporta-totalizatori\/","title":{"rendered":"Sporta totalizatori"},"content":{"rendered":"<h2>Sporta totalizatoru pamati<\/h2>\n<p>Sporta totalizatori, termins, kas rodas, vienk\u0101r\u0161i apvienojot apraksto\u0161o v\u0101rdu kopas, ir profesion\u0101lu un amatieru sporta rezult\u0101tu prognoz\u0113\u0161ana, k\u0101 ar\u012b likmes veik\u0161ana uz rezult\u0101tu. <strong>Sporta likmes ir termins, ko lieto, lai aprakst\u012btu vietu, kur var\u0113tu piedal\u012bties sporta totalizatoru aktivit\u0101t\u0113s.<\/strong> Kopum\u0101 ASV \u0161\u012b nodarbe nav likum\u012bga. B\u016bt\u012bb\u0101 j\u016bs atrad\u012bsiet tikai \u010detrus no piecdesmit Amerikas Savienoto Valstu \u0161tatiem, kuros sporta totalizatori un sporta likmes tiek atz\u012btas par 100% likum\u012bg\u0101m. Tad par\u0101d\u012bj\u0101s internets.<\/p>\n<h2>Miljoniem cilv\u0113ku katru dienu piedal\u0101s sporta totalizatoros<\/h2>\n<p>Katru dienu miljoniem cilv\u0113ku apmekl\u0113 t\u016bksto\u0161iem viet\u0146u, lai veiktu likmes uz jebkuru sporta veidu, ko vien varat atrast. Tom\u0113r <strong>\u0161\u012b ievadlekcija tie\u0161saistes sporta totalizatoros par\u0101d\u012bs, ka tas ir vair\u0101k nek\u0101 tikai zin\u0101t starp\u012bbu un veikt likmi uz komandu, kuru v\u0113laties uzvar\u0113t.<\/strong> Likmes veik\u0161ana uz sp\u0113li var ne tikai padar\u012bt to interesant\u0101ku, bet ar\u012b sporta totalizatoru m\u0101ksla, ja to dara pareizi, var nopeln\u012bt daudz naudas. Ja \u0161is ir jauns pas\u0101kums ikvienam, kam nav pieredzes sporta totalizatoros, jums b\u016bs j\u0101zina sporta totalizatoru pamati un principi, lai nerastos apjukums, kad darb\u012bba b\u016bs s\u0101kusies.<\/p>\n<h2>Tie\u0161saistes sporta totalizatoru terminolo\u0123ija<\/h2>\n<p>Vispirms<strong>jums b\u016bs j\u0101iepaz\u012bstas ar da\u017eiem sporta totalizatoros izmantotajiem terminiem<\/strong>. &#8220;<a href=\"http:\/\/en.wikipedia.org\/wiki\/Handicapping\" target=\"_blank\" rel=\"noopener\">Handikaps<\/a>&#8221; ir pirmais termins, ko es ievies\u012b\u0161u; tas noz\u012bm\u0113 dot vienai komandai vai personai priek\u0161roc\u012bbas p\u0101r otru, palielinot vienas komandas sitienu, v\u0101rtu, piezem\u0113jumu vai vienk\u0101r\u0161i punktu skaitu, lai dotu pretiniekam lab\u0101kas iesp\u0113jas izl\u012bdzin\u0101t savu sp\u0113les l\u012bmeni. Piem\u0113ram, iedom\u0101jieties, ka es gras\u012btos sp\u0113l\u0113t basketbolu viens pret vienu ar Maiklu D\u017eordanu, un uzvar\u0113t\u0101js b\u016btu tas, kur\u0161 pirmais ieg\u016bs 21 punktu. Es var\u0113tu ieg\u016bt 18 punktu p\u0101rsvaru, kas noz\u012bm\u0113tu, ka vi\u0146am ir 18 punktu handikaps. Lai uzvar\u0113tu, vi\u0146am b\u016bs j\u0101ieg\u016bst 21 punkts, pirms es ieg\u016b\u0161u 3 punktus. Ir daudz handikapa jeb &#8220;punktu starp\u012bbas&#8221; piem\u0113ru, k\u0101 tos var\u0113tu saukt ar\u012b par. \u0160\u012b principa izpratne ir viena no atsl\u0113g\u0101m, lai izprastu labas likmes tie\u0161saistes sporta totalizatoros.<\/p>\n<h2>Paz\u012bstiet savu tie\u0161saistes sporta totalizatoru<\/h2>\n<p><strong>Sporta likmes, neatkar\u012bgi no t\u0101, vai t\u0101s ir tie\u0161saist\u0113 vai kl\u0101tien\u0113, parasti tiek veiktas t\u0101 sauktaj\u0101 &#8220;sporta totalizator\u0101&#8221;.<\/strong> &#8220;Totalizators&#8221; ir iest\u0101de, kas pie\u0146em likmes, un bukmeikers ir persona, kas parasti nosaka starp\u012bbu konkr\u0113tai iest\u0101dei. &#8220;Starp\u012bbas&#8221; noteik\u0161anas process, at\u0161\u0137ir\u012bb\u0101 no &#8220;vien\u0101das naudas&#8221; (1:1 koeficienta likmes), var b\u016bt \u013coti sare\u017e\u0123\u012bts un var at\u0161\u0137irties da\u017e\u0101d\u0101s sporta totalizatoru vietn\u0113s.<\/p>\n<h2>Betonline Sportsbook \u2014 pie\u0146em ASV sporta fanus<\/h2>\n<p>Kad esat gatavs sporta totalizatoriem, jums j\u0101atrod cien\u012bjams tie\u0161saistes kazino vai sporta totalizators, lai var\u0113tu veikt likmes. <a class=\"thirstylink\" title=\"Betonline casino en\" href=\"https:\/\/gambling6.com\/go\/betonline-casino-en\/\" target=\"_blank\" rel=\"nofollow noopener\">Varat apskat\u012bt Betonline sportsbook<\/a>, tas ir labi paz\u012bstams tie\u0161saistes kazino ar reput\u0101ciju par neticamu dro\u0161\u012bbu. Tie pied\u0101v\u0101 daudzas da\u017e\u0101das iemaksu un izmaksu metodes, un jums vajadz\u0113tu b\u016bt iesp\u0113jai atrast veidu, k\u0101 r\u012bkoties ar tiem atbilsto\u0161i sav\u0101m person\u012bgaj\u0101m vajadz\u012bb\u0101m.<\/p>\n<p>V\u0113l viena lieliska alternat\u012bva ir 888 Casino \u2014 vi\u0146u sporta totalizatoru sada\u013ca ir viena no lab\u0101kaj\u0101m. Turkl\u0101t vi\u0146iem ir ar\u012b lieliska pokera istaba, absol\u016bti lab\u0101k\u0101s kazino sp\u0113les un pat t\u0101das lietas k\u0101 bingo un momentloterijas.<\/p>\n<p>Vien\u012bgais 888 tr\u016bkums ir tas, ka vi\u0146i nepie\u0146em klientus no Amerikas Savienotaj\u0101m Valst\u012bm. Bet, ja esat citas valsts iedz\u012bvot\u0101js, jums noteikti vajadz\u0113tu <a class=\"thirstylink\" title=\"888 casino en\" href=\"https:\/\/gambling6.com\/go\/888-casino-en\/\" target=\"_blank\" rel=\"nofollow noopener\">apmekl\u0113t 888 Casino vietni \u2014 vienk\u0101r\u0161i sekojiet \u0161ai saitei.<\/a><\/p>\n<p>Izm\u0113\u0123iniet pieredzi, ta\u010du jums v\u0113l daudz kas j\u0101iem\u0101c\u0101s par sporta totalizatoriem tie\u0161saist\u0113. M\u0113s turpin\u0101sim atjaunin\u0101t \u0161o vietni, lai j\u016bs var\u0113tu uzzin\u0101t par koeficientiem un faktoriem, kas ietekm\u0113 noteiktu notikumu izn\u0101kumu.<strong> Ja v\u0113laties k\u013c\u016bt par sporta totalizatora ekspertu<\/strong>, esat non\u0101cis \u012bstaj\u0101 viet\u0101. Atsl\u0101binieties, iek\u0101rtojieties \u0113rti un gaidiet jautr\u012bbu ar tie\u0161saistes sporta totalizatoriem.<\/p>\n","protected":false},"excerpt":{"rendered":"<p>Sporta totalizatoru pamati Sporta totalizatori, termins, kas rodas, vienk\u0101r\u0161i apvienojot apraksto\u0161o v\u0101rdu kopas, ir profesion\u0101lu un amatieru sporta rezult\u0101tu prognoz\u0113\u0161ana, k\u0101 ar\u012b likmes veik\u0161ana uz rezult\u0101tu. Sporta likmes ir termins, ko lieto, lai aprakst\u012btu vietu, kur var\u0113tu piedal\u012bties sporta totalizatoru aktivit\u0101t\u0113s. Kopum\u0101 ASV \u0161\u012b nodarbe nav likum\u012bga. B\u016bt\u012bb\u0101 j\u016bs atrad\u012bsiet tikai \u010detrus no piecdesmit Amerikas [&hellip;]<\/p>\n","protected":false},"author":1,"featured_media":0,"parent":0,"menu_order":4,"comment_status":"closed","ping_status":"closed","template":"","meta":{"footnotes":""},"class_list":["post-9227","page","type-page","status-publish","hentry"],"yoast_head":"<!-- This site is optimized with the Yoast SEO plugin v27.3 - https:\/\/yoast.com\/product\/yoast-seo-wordpress\/ -->\n<title>Ievads tie\u0161saistes sporta totalizator\u0101<\/title>\n<meta name=\"description\" content=\"Iepaz\u012bstieties ar da\u017eiem terminiem, kas tiek izmantoti tie\u0161saistes sporta totalizatoros.\" \/>\n<meta name=\"robots\" content=\"index, follow, max-snippet:-1, max-image-preview:large, max-video-preview:-1\" \/>\n<link rel=\"canonical\" href=\"https:\/\/gambling6.com\/lv\/sporta-totalizatori\/\" \/>\n<meta property=\"og:locale\" content=\"lv_LV\" \/>\n<meta property=\"og:type\" content=\"article\" \/>\n<meta property=\"og:title\" content=\"Ievads tie\u0161saistes sporta totalizator\u0101\" \/>\n<meta property=\"og:description\" content=\"Iepaz\u012bstieties ar da\u017eiem terminiem, kas tiek izmantoti tie\u0161saistes sporta totalizatoros.\" \/>\n<meta property=\"og:url\" content=\"https:\/\/gambling6.com\/lv\/sporta-totalizatori\/\" \/>\n<meta property=\"og:site_name\" content=\"Gambling6\" \/>\n<meta property=\"article:modified_time\" content=\"2025-11-12T10:24:00+00:00\" \/>\n<meta name=\"twitter:card\" content=\"summary_large_image\" \/>\n<meta name=\"twitter:label1\" content=\"Est. reading time\" \/>\n\t<meta name=\"twitter:data1\" content=\"4 minutes\" \/>\n<script type=\"application\/ld+json\" class=\"yoast-schema-graph\">{\"@context\":\"https:\\\/\\\/schema.org\",\"@graph\":[{\"@type\":\"WebPage\",\"@id\":\"https:\\\/\\\/gambling6.com\\\/lv\\\/sporta-totalizatori\\\/\",\"url\":\"https:\\\/\\\/gambling6.com\\\/lv\\\/sporta-totalizatori\\\/\",\"name\":\"Ievads tie\u0161saistes sporta totalizator\u0101\",\"isPartOf\":{\"@id\":\"https:\\\/\\\/gambling6.com\\\/lv\\\/#website\"},\"datePublished\":\"2025-11-10T12:26:25+00:00\",\"dateModified\":\"2025-11-12T10:24:00+00:00\",\"description\":\"Iepaz\u012bstieties ar da\u017eiem terminiem, kas tiek izmantoti tie\u0161saistes sporta totalizatoros.\",\"breadcrumb\":{\"@id\":\"https:\\\/\\\/gambling6.com\\\/lv\\\/sporta-totalizatori\\\/#breadcrumb\"},\"inLanguage\":\"lv-LV\",\"potentialAction\":[{\"@type\":\"ReadAction\",\"target\":[\"https:\\\/\\\/gambling6.com\\\/lv\\\/sporta-totalizatori\\\/\"]}]},{\"@type\":\"BreadcrumbList\",\"@id\":\"https:\\\/\\\/gambling6.com\\\/lv\\\/sporta-totalizatori\\\/#breadcrumb\",\"itemListElement\":[{\"@type\":\"ListItem\",\"position\":1,\"name\":\"Home\",\"item\":\"https:\\\/\\\/gambling6.com\\\/lv\\\/home\\\/\"},{\"@type\":\"ListItem\",\"position\":2,\"name\":\"Sporta totalizatori\"}]},{\"@type\":\"WebSite\",\"@id\":\"https:\\\/\\\/gambling6.com\\\/lv\\\/#website\",\"url\":\"https:\\\/\\\/gambling6.com\\\/lv\\\/\",\"name\":\"Gambling6\",\"description\":\"\",\"potentialAction\":[{\"@type\":\"SearchAction\",\"target\":{\"@type\":\"EntryPoint\",\"urlTemplate\":\"https:\\\/\\\/gambling6.com\\\/lv\\\/?s={search_term_string}\"},\"query-input\":{\"@type\":\"PropertyValueSpecification\",\"valueRequired\":true,\"valueName\":\"search_term_string\"}}],\"inLanguage\":\"lv-LV\"}]}<\/script>\n<!-- \/ Yoast SEO plugin. -->","yoast_head_json":{"title":"Ievads tie\u0161saistes sporta totalizator\u0101","description":"Iepaz\u012bstieties ar da\u017eiem terminiem, kas tiek izmantoti tie\u0161saistes sporta totalizatoros.","robots":{"index":"index","follow":"follow","max-snippet":"max-snippet:-1","max-image-preview":"max-image-preview:large","max-video-preview":"max-video-preview:-1"},"canonical":"https:\/\/gambling6.com\/lv\/sporta-totalizatori\/","og_locale":"lv_LV","og_type":"article","og_title":"Ievads tie\u0161saistes sporta totalizator\u0101","og_description":"Iepaz\u012bstieties ar da\u017eiem terminiem, kas tiek izmantoti tie\u0161saistes sporta totalizatoros.","og_url":"https:\/\/gambling6.com\/lv\/sporta-totalizatori\/","og_site_name":"Gambling6","article_modified_time":"2025-11-12T10:24:00+00:00","twitter_card":"summary_large_image","twitter_misc":{"Est. reading time":"4 minutes"},"schema":{"@context":"https:\/\/schema.org","@graph":[{"@type":"WebPage","@id":"https:\/\/gambling6.com\/lv\/sporta-totalizatori\/","url":"https:\/\/gambling6.com\/lv\/sporta-totalizatori\/","name":"Ievads tie\u0161saistes sporta totalizator\u0101","isPartOf":{"@id":"https:\/\/gambling6.com\/lv\/#website"},"datePublished":"2025-11-10T12:26:25+00:00","dateModified":"2025-11-12T10:24:00+00:00","description":"Iepaz\u012bstieties ar da\u017eiem terminiem, kas tiek izmantoti tie\u0161saistes sporta totalizatoros.","breadcrumb":{"@id":"https:\/\/gambling6.com\/lv\/sporta-totalizatori\/#breadcrumb"},"inLanguage":"lv-LV","potentialAction":[{"@type":"ReadAction","target":["https:\/\/gambling6.com\/lv\/sporta-totalizatori\/"]}]},{"@type":"BreadcrumbList","@id":"https:\/\/gambling6.com\/lv\/sporta-totalizatori\/#breadcrumb","itemListElement":[{"@type":"ListItem","position":1,"name":"Home","item":"https:\/\/gambling6.com\/lv\/home\/"},{"@type":"ListItem","position":2,"name":"Sporta totalizatori"}]},{"@type":"WebSite","@id":"https:\/\/gambling6.com\/lv\/#website","url":"https:\/\/gambling6.com\/lv\/","name":"Gambling6","description":"","potentialAction":[{"@type":"SearchAction","target":{"@type":"EntryPoint","urlTemplate":"https:\/\/gambling6.com\/lv\/?s={search_term_string}"},"query-input":{"@type":"PropertyValueSpecification","valueRequired":true,"valueName":"search_term_string"}}],"inLanguage":"lv-LV"}]}},"_links":{"self":[{"href":"https:\/\/gambling6.com\/lv\/wp-json\/wp\/v2\/pages\/9227","targetHints":{"allow":["GET"]}}],"collection":[{"href":"https:\/\/gambling6.com\/lv\/wp-json\/wp\/v2\/pages"}],"about":[{"href":"https:\/\/gambling6.com\/lv\/wp-json\/wp\/v2\/types\/page"}],"author":[{"embeddable":true,"href":"https:\/\/gambling6.com\/lv\/wp-json\/wp\/v2\/users\/1"}],"replies":[{"embeddable":true,"href":"https:\/\/gambling6.com\/lv\/wp-json\/wp\/v2\/comments?post=9227"}],"version-history":[{"count":1,"href":"https:\/\/gambling6.com\/lv\/wp-json\/wp\/v2\/pages\/9227\/revisions"}],"predecessor-version":[{"id":10531,"href":"https:\/\/gambling6.com\/lv\/wp-json\/wp\/v2\/pages\/9227\/revisions\/10531"}],"wp:attachment":[{"href":"https:\/\/gambling6.com\/lv\/wp-json\/wp\/v2\/media?parent=9227"}],"curies":[{"name":"wp","href":"https:\/\/api.w.org\/{rel}","templated":true}]}}