{"id":9306,"date":"2025-11-10T13:26:16","date_gmt":"2025-11-10T13:26:16","guid":{"rendered":"https:\/\/gambling6.com\/loterija\/"},"modified":"2025-11-12T18:32:14","modified_gmt":"2025-11-12T18:32:14","slug":"loterija","status":"publish","type":"page","link":"https:\/\/gambling6.com\/lv\/loterija\/","title":{"rendered":"Loterija"},"content":{"rendered":"<h2>Lotto k\u013c\u016bst starptautiska un pieejama tie\u0161saist\u0113.<\/h2>\n<p>Lai gan starptautisko loterijas bi\u013ce\u0161u ieg\u0101de tiek uzskat\u012bta par lielisku izklaides veidu, t\u0101 ir k\u013cuvusi ar\u012b par lielu biznesu. Azartsp\u0113les kopum\u0101 ir strauji att\u012bst\u012bju\u0161\u0101s, da\u013c\u0113ji pateicoties lieliskajai publicit\u0101tei, ko pokers ir sa\u0146\u0113mis pla\u0161sazi\u0146as l\u012bdzek\u013cos, un papildu pan\u0101kumi tiek pied\u0113v\u0113ti internetam. <strong>Starptautisko loteriju sp\u0113l\u0113\u0161ana un bi\u013ce\u0161u ieg\u0101de tie\u0161saist\u0113 ir pa\u0101trin\u0101jusi d\u017eekpota pieaugumu,<\/strong> un daudzi cilv\u0113ki tagad RedFoxLotto sp\u0113l\u0113\u0161anu iek\u013cauj sav\u0101 ien\u0101kumu pl\u0101n\u0101.<\/p>\n<h2>Internets atvieglo loterijas bi\u013ce\u0161u ieg\u0101di.<\/h2>\n<p>Internets ir main\u012bjis m\u016bsu dz\u012bvi daudz\u0113j\u0101d\u0101 zi\u0146\u0101; tas noteikti ir padar\u012bjis pasauli daudz maz\u0101ku. Daudz\u0101s pasaules valst\u012bs katru dienu tiek sp\u0113l\u0113tas simtiem loteriju. Liel\u0101k\u0101 da\u013ca nacion\u0101lo izlo\u017eu, tostarp t\u0101s, kur\u0101s ir liel\u0101ki d\u017eekpoti, ir pieejamas cilv\u0113kiem, kas ieg\u0101d\u0101jas loterijas bi\u013cetes starptautisk\u0101 m\u0113rog\u0101. <strong>Liel\u0101k\u0101s pasaules loterijas, piem\u0113ram, Mega Millions Amerikas Savienotaj\u0101s Valst\u012bs un Powerball gan ASV, gan Austr\u0101lij\u0101, \u013cauj ieg\u0101d\u0101ties bi\u013cetes tie\u0161saist\u0113, izmantojot m\u016bsu partneri RedFoxLotto.<\/strong><img loading=\"lazy\" decoding=\"async\" class=\" alignright size-full wp-image-437\" style=\"margin: 10px; border: 5px none #ffffff; float: right;\" src=\"http:\/\/gambling6.com\/wp-content\/uploads\/2013\/12\/International-Community-150x150.jpg\" alt=\"Starptautisk\u0101s loterijas tie\u0161saist\u0113\" width=\"150\" height=\"150\" \/><\/p>\n<h2>Ieg\u0101d\u0101jieties loterijas bi\u013cetes visu diennakti<\/h2>\n<p>M\u016bsdienu tehnolo\u0123iju pasaul\u0113 m\u0113s varam ieg\u0101d\u0101ties bi\u013cetes uz daudz\u0101m starptautisk\u0101m loterij\u0101m 24 stundas diennakt\u012b, 365 dienas ned\u0113\u013c\u0101. Pateicoties internetam, m\u0113s varam ieg\u0101d\u0101ties \u0161\u012bs bi\u013cetes, neskrienot uz loteriju veikaliem vai nest\u0101vot rind\u0101. M\u0113s varam velt\u012bt laiku j\u016bsu skait\u013cu izv\u0113lei un izmantot da\u017e\u0101dus jums pieejamos r\u012bkus. Starptautisko loteriju sp\u0113l\u0113\u0161anas vienk\u0101r\u0161\u012bba ir paaugstin\u0101jusi d\u017eekpotus un daudzpak\u0101pju balvas l\u012bdz rekordaugstam l\u012bmenim. Balvu l\u012bme\u0146i ir pamudin\u0101ju\u0161i daudzus izveidot biznesu, sp\u0113l\u0113jot RedFoxLotto tie\u0161saist\u0113.<\/p>\n<h2>Loterijas bi\u013ce\u0161u ieg\u0101de tie\u0161saist\u0113 ir dro\u0161a.<\/h2>\n<p>Ar m\u016bsu partneri RedFoxLotto starptautisko loteriju bi\u013ce\u0161u ieg\u0101de ir dro\u0161a un vienk\u0101r\u0161a. Vispirms jums b\u016bs j\u0101atver konts. Atverot kontu, jums tiks l\u016bgts sniegt personisko inform\u0101ciju. Noteikti ievadiet aktu\u0101lu un pareizu inform\u0101ciju savam kontam, lai var\u0113tu p\u0101rbaud\u012bt j\u016bsu identit\u0101ti, kad laim\u0113siet lielo d\u017eekpotu. J\u016bsu ievad\u012bt\u0101 un nos\u016bt\u012bt\u0101 inform\u0101cija ir aizsarg\u0101ta ar 256 bitu \u0161ifr\u0113\u0161anu, un dro\u0161\u0101 ostas mitin\u0101\u0161ana nodro\u0161ina, ka t\u0101 tiek tur\u0113ta priv\u0101tum\u0101 un tiek izmantota tikai t\u012bmek\u013ca vietn\u0113 nor\u0101d\u012btajiem m\u0113r\u0137iem.<\/p>\n<h2>Tie\u0161saistes bankas metodes RedFoxLotto laim\u0113\u0161anai<\/h2>\n<p>Bi\u013ce\u0161u ieg\u0101dei varat izmantot t\u0101das kartes k\u0101 Visa, MasterCard un Visa debetkartes. Ir pieejami vair\u0101ki citi maks\u0101jumu veidi, piem\u0113ram, bankas p\u0101rskait\u012bjumi un kriptoval\u016btu maks\u0101jumi. Bet, ja jums ir iev\u0113rojams laim\u0113jums, jums b\u016bs j\u0101nor\u0101da bankas konts, lai j\u016bsu laimestu var\u0113tu jums p\u0101rskait\u012bt. Dro\u0161\u0101 vide padara to par ide\u0101lu izv\u0113li starptautisko loteriju sp\u0113l\u0113\u0161anai un laimestu sa\u0146em\u0161anai.<\/p>\n<h2>Loterijas bi\u013ce\u0161u ieg\u0101dei tie\u0161saist\u0113 ir priek\u0161roc\u012bbas.<\/h2>\n<p>V\u0113l viena loterijas bi\u013ce\u0161u ieg\u0101des tie\u0161saist\u0113 priek\u0161roc\u012bba ir t\u0101, ka ir pieejami daudzi r\u012bki, kas pal\u012bdz analiz\u0113t skait\u013cus liel\u0101kajai da\u013cai lielo starptautisko izlo\u017eu. Tie\u0161saistes loteriju r\u012bki \u013cauj jums apskat\u012bt visbie\u017e\u0101k sastopamos skait\u013cus, ret\u0101k sastopamos skait\u013cus un izlo\u017eu v\u0113sturi loterij\u0101m vis\u0101 pasaul\u0113. \u0160\u012b inform\u0101cija sniedz jums priek\u0161roc\u012bbas, ieg\u0101d\u0101joties bi\u013cetes, un var papildin\u0101t j\u016bsu bankas kontu ar vair\u0101ku l\u012bme\u0146u laimestiem.<\/p>\n<p>RedFoxLotto sp\u0113l\u0113\u0161ana var b\u016bt jautra un ienes\u012bga. S\u0101ciet sp\u0113l\u0113t starptautisk\u0101s loterijas jau \u0161odien. <a class=\"thirstylink\" title=\"Redfoxlotto\" href=\"https:\/\/gambling6.com\/go\/redfoxlotto\/\" target=\"_blank\" rel=\"nofollow noopener\">Lai ieg\u0101d\u0101tos starptautisk\u0101s loterijas bi\u013cetes tie\u0161saist\u0113, apmekl\u0113jiet m\u016bsu partnera RedFoxLotto vietni.<\/a><\/p>\n<h2>Vai jums ir j\u0101b\u016bt iedz\u012bvot\u0101jam, lai sp\u0113l\u0113tu starptautisk\u0101 loterij\u0101?<\/h2>\n<p>Vienk\u0101r\u0161a atbilde ir: n\u0113, nav nepiecie\u0161ams! Ja esat las\u012bjis rakstus internet\u0101 vai laikrakst\u0101 par cilv\u0113kiem, kuri ir laim\u0113ju\u0161i vair\u0101ku miljonu dol\u0101ru d\u017eekpotus, iesp\u0113jams, esat dom\u0101jis: &#8220;K\u0101p\u0113c es nevaru izm\u0113\u0123in\u0101t k\u0101du no \u0161\u012bm loterij\u0101m?&#8221; Nu, tagad vairs nav probl\u0113ma, ka neesat t\u0101s valsts iedz\u012bvot\u0101js, kur\u0101 tiek izloz\u0113ta d\u017eekpota loterija.<\/p>\n<p>J\u016bs varat ieg\u016bt bi\u013ceti uz jebkuru loterijas d\u017eekpotu, kuru v\u0113laties laim\u0113t, jo tie ir pieejami tie\u0161saist\u0113 ikvienam pasaul\u0113. \u0160\u012b vietne pal\u012bdz jums ieg\u0101d\u0101ties tie\u0161saistes loterijas bi\u013ceti uz noz\u012bm\u012bg\u0101kajiem starptautiskajiem d\u017eekpotiem. Un proced\u016bra nevar\u0113tu b\u016bt vienk\u0101r\u0161\u0101ka. Noklik\u0161\u0137iniet uz saites iepriek\u0161 un izv\u0113lieties loteriju. J\u016bs tiksiet novirz\u012bts uz lapu, kur\u0101 var\u0113siet pats izv\u0113l\u0113ties savus iecien\u012bt\u0101kos skait\u013cus \u0161ai loterijai vai \u013caut datoram nejau\u0161i izv\u0113l\u0113ties skait\u013cus j\u016bsu viet\u0101.<\/p>\n<p>P\u0113c tam j\u016bs maks\u0101siet tie\u0161saist\u0113, izmantojot jums \u0113rt\u0101ko maks\u0101\u0161anas iesp\u0113ju. \u0160\u012bs maks\u0101\u0161anas metodes ietver popul\u0101rus, dro\u0161us e-maku risin\u0101jumus, piem\u0113ram, Skrill un pat kriptoval\u016btu. Protams, varat izv\u0113l\u0113ties ar\u012b popul\u0101r\u0101ko iesp\u0113ju: maks\u0101t ar kred\u012btkarti.<\/p>\n<p><strong>Kas notiek t\u0101l\u0101k \u2014 k\u0101 es varu sa\u0146emt savu tie\u0161saistes loterijas bi\u013ceti?<\/strong> Tas darbojas k\u0101 kurjera pakalpojums \u2014 j\u016bsu tie\u0161saistes loterijas bi\u013cete b\u016bsBi\u013cetes tiks ieg\u0101d\u0101tas j\u016bsu v\u0101rd\u0101, p\u0113c tam nosken\u0113tas un aug\u0161upiel\u0101d\u0113tas j\u016bsu kont\u0101.<\/p>\n<p>Viss, kas jums j\u0101dara, ir atsl\u0101bin\u0101ties un gaid\u012bt izlozi, p\u0101rbaud\u012bt savus skait\u013cus un redz\u0113t, cik daudz esat laim\u0113jis. Ja laim\u0113jat summu, kas ir maz\u0101ka par 2000 eiro, nauda tiks ieskait\u012bta j\u016bsu klienta kont\u0101. Summ\u0101m, kas ir liel\u0101kas par \u0161o, RedFoxLotto noteikumi paredz, ka jums j\u0101aizpilda piepras\u012bjuma veidlapa, ko nodro\u0161ina vietne. Vi\u0146i to p\u0101rs\u016bta attiec\u012bgajai loterijas komisijai j\u016bsu v\u0101rd\u0101, un, pirms j\u016bs to paman\u0101t, jums pa pastu jau ir \u010deks! <a class=\"thirstylink\" title=\"Redfoxlotto\" href=\"https:\/\/gambling6.com\/go\/redfoxlotto\/\" target=\"_blank\" rel=\"nofollow noopener\">Ieg\u0101d\u0101jieties loterijas bi\u013cetes jau \u0161odien RedFoxLotto!<\/a><\/p>\n<p>&nbsp;<\/p>\n","protected":false},"excerpt":{"rendered":"<p>Lotto k\u013c\u016bst starptautiska un pieejama tie\u0161saist\u0113. Lai gan starptautisko loterijas bi\u013ce\u0161u ieg\u0101de tiek uzskat\u012bta par lielisku izklaides veidu, t\u0101 ir k\u013cuvusi ar\u012b par lielu biznesu. Azartsp\u0113les kopum\u0101 ir strauji att\u012bst\u012bju\u0161\u0101s, da\u013c\u0113ji pateicoties lieliskajai publicit\u0101tei, ko pokers ir sa\u0146\u0113mis pla\u0161sazi\u0146as l\u012bdzek\u013cos, un papildu pan\u0101kumi tiek pied\u0113v\u0113ti internetam. Starptautisko loteriju sp\u0113l\u0113\u0161ana un bi\u013ce\u0161u ieg\u0101de tie\u0161saist\u0113 ir pa\u0101trin\u0101jusi [&hellip;]<\/p>\n","protected":false},"author":1,"featured_media":9287,"parent":0,"menu_order":8,"comment_status":"closed","ping_status":"closed","template":"","meta":{"footnotes":""},"class_list":["post-9306","page","type-page","status-publish","has-post-thumbnail","hentry"],"yoast_head":"<!-- This site is optimized with the Yoast SEO plugin v27.6 - https:\/\/yoast.com\/product\/yoast-seo-wordpress\/ -->\n<title>Starptautisk\u0101s loto bi\u013ce\u0161u ieg\u0101de tie\u0161saist\u0113<\/title>\n<meta name=\"description\" content=\"Starptautisko loteriju bi\u013ce\u0161u ieg\u0101de tie\u0161saist\u0113 ir vienk\u0101r\u0161a. Neatkar\u012bgi no t\u0101, kur dz\u012bvojat, piedalieties jebkur\u0101 no lab\u0101kaj\u0101m loterij\u0101m pasaul\u0113.\" \/>\n<meta name=\"robots\" content=\"index, follow, max-snippet:-1, max-image-preview:large, max-video-preview:-1\" \/>\n<link rel=\"canonical\" href=\"https:\/\/gambling6.com\/lv\/loterija\/\" \/>\n<meta property=\"og:locale\" content=\"lv_LV\" \/>\n<meta property=\"og:type\" content=\"article\" \/>\n<meta property=\"og:title\" content=\"Starptautisk\u0101s loto bi\u013ce\u0161u ieg\u0101de tie\u0161saist\u0113\" \/>\n<meta property=\"og:description\" content=\"Starptautisko loteriju bi\u013ce\u0161u ieg\u0101de tie\u0161saist\u0113 ir vienk\u0101r\u0161a. Neatkar\u012bgi no t\u0101, kur dz\u012bvojat, piedalieties jebkur\u0101 no lab\u0101kaj\u0101m loterij\u0101m pasaul\u0113.\" \/>\n<meta property=\"og:url\" content=\"https:\/\/gambling6.com\/lv\/loterija\/\" \/>\n<meta property=\"og:site_name\" content=\"Gambling6\" \/>\n<meta property=\"article:modified_time\" content=\"2025-11-12T18:32:14+00:00\" \/>\n<meta property=\"og:image\" content=\"https:\/\/gambling6.com\/wp-content\/uploads\/2013\/12\/International-Community-150x150.jpg\" \/>\n\t<meta property=\"og:image:width\" content=\"150\" \/>\n\t<meta property=\"og:image:height\" content=\"150\" \/>\n\t<meta property=\"og:image:type\" content=\"image\/jpeg\" \/>\n<meta name=\"twitter:card\" content=\"summary_large_image\" \/>\n<meta name=\"twitter:label1\" content=\"Est. reading time\" \/>\n\t<meta name=\"twitter:data1\" content=\"5 minutes\" \/>\n<script type=\"application\/ld+json\" class=\"yoast-schema-graph\">{\"@context\":\"https:\\\/\\\/schema.org\",\"@graph\":[{\"@type\":\"WebPage\",\"@id\":\"https:\\\/\\\/gambling6.com\\\/lv\\\/loterija\\\/\",\"url\":\"https:\\\/\\\/gambling6.com\\\/lv\\\/loterija\\\/\",\"name\":\"Starptautisk\u0101s loto bi\u013ce\u0161u ieg\u0101de tie\u0161saist\u0113\",\"isPartOf\":{\"@id\":\"https:\\\/\\\/gambling6.com\\\/lv\\\/#website\"},\"primaryImageOfPage\":{\"@id\":\"https:\\\/\\\/gambling6.com\\\/lv\\\/loterija\\\/#primaryimage\"},\"image\":{\"@id\":\"https:\\\/\\\/gambling6.com\\\/lv\\\/loterija\\\/#primaryimage\"},\"thumbnailUrl\":\"https:\\\/\\\/gambling6.com\\\/wp-content\\\/uploads\\\/2013\\\/12\\\/International-Community-150x150.jpg\",\"datePublished\":\"2025-11-10T13:26:16+00:00\",\"dateModified\":\"2025-11-12T18:32:14+00:00\",\"description\":\"Starptautisko loteriju bi\u013ce\u0161u ieg\u0101de tie\u0161saist\u0113 ir vienk\u0101r\u0161a. Neatkar\u012bgi no t\u0101, kur dz\u012bvojat, piedalieties jebkur\u0101 no lab\u0101kaj\u0101m loterij\u0101m pasaul\u0113.\",\"breadcrumb\":{\"@id\":\"https:\\\/\\\/gambling6.com\\\/lv\\\/loterija\\\/#breadcrumb\"},\"inLanguage\":\"lv-LV\",\"potentialAction\":[{\"@type\":\"ReadAction\",\"target\":[\"https:\\\/\\\/gambling6.com\\\/lv\\\/loterija\\\/\"]}]},{\"@type\":\"ImageObject\",\"inLanguage\":\"lv-LV\",\"@id\":\"https:\\\/\\\/gambling6.com\\\/lv\\\/loterija\\\/#primaryimage\",\"url\":\"https:\\\/\\\/gambling6.com\\\/wp-content\\\/uploads\\\/2013\\\/12\\\/International-Community-150x150.jpg\",\"contentUrl\":\"https:\\\/\\\/gambling6.com\\\/wp-content\\\/uploads\\\/2013\\\/12\\\/International-Community-150x150.jpg\",\"width\":150,\"height\":150},{\"@type\":\"BreadcrumbList\",\"@id\":\"https:\\\/\\\/gambling6.com\\\/lv\\\/loterija\\\/#breadcrumb\",\"itemListElement\":[{\"@type\":\"ListItem\",\"position\":1,\"name\":\"Home\",\"item\":\"https:\\\/\\\/gambling6.com\\\/lv\\\/home\\\/\"},{\"@type\":\"ListItem\",\"position\":2,\"name\":\"Loterija\"}]},{\"@type\":\"WebSite\",\"@id\":\"https:\\\/\\\/gambling6.com\\\/lv\\\/#website\",\"url\":\"https:\\\/\\\/gambling6.com\\\/lv\\\/\",\"name\":\"Gambling6\",\"description\":\"\",\"potentialAction\":[{\"@type\":\"SearchAction\",\"target\":{\"@type\":\"EntryPoint\",\"urlTemplate\":\"https:\\\/\\\/gambling6.com\\\/lv\\\/?s={search_term_string}\"},\"query-input\":{\"@type\":\"PropertyValueSpecification\",\"valueRequired\":true,\"valueName\":\"search_term_string\"}}],\"inLanguage\":\"lv-LV\"}]}<\/script>\n<!-- \/ Yoast SEO plugin. -->","yoast_head_json":{"title":"Starptautisk\u0101s loto bi\u013ce\u0161u ieg\u0101de tie\u0161saist\u0113","description":"Starptautisko loteriju bi\u013ce\u0161u ieg\u0101de tie\u0161saist\u0113 ir vienk\u0101r\u0161a. Neatkar\u012bgi no t\u0101, kur dz\u012bvojat, piedalieties jebkur\u0101 no lab\u0101kaj\u0101m loterij\u0101m pasaul\u0113.","robots":{"index":"index","follow":"follow","max-snippet":"max-snippet:-1","max-image-preview":"max-image-preview:large","max-video-preview":"max-video-preview:-1"},"canonical":"https:\/\/gambling6.com\/lv\/loterija\/","og_locale":"lv_LV","og_type":"article","og_title":"Starptautisk\u0101s loto bi\u013ce\u0161u ieg\u0101de tie\u0161saist\u0113","og_description":"Starptautisko loteriju bi\u013ce\u0161u ieg\u0101de tie\u0161saist\u0113 ir vienk\u0101r\u0161a. Neatkar\u012bgi no t\u0101, kur dz\u012bvojat, piedalieties jebkur\u0101 no lab\u0101kaj\u0101m loterij\u0101m pasaul\u0113.","og_url":"https:\/\/gambling6.com\/lv\/loterija\/","og_site_name":"Gambling6","article_modified_time":"2025-11-12T18:32:14+00:00","og_image":[{"width":150,"height":150,"url":"https:\/\/gambling6.com\/wp-content\/uploads\/2013\/12\/International-Community-150x150.jpg","type":"image\/jpeg"}],"twitter_card":"summary_large_image","twitter_misc":{"Est. reading time":"5 minutes"},"schema":{"@context":"https:\/\/schema.org","@graph":[{"@type":"WebPage","@id":"https:\/\/gambling6.com\/lv\/loterija\/","url":"https:\/\/gambling6.com\/lv\/loterija\/","name":"Starptautisk\u0101s loto bi\u013ce\u0161u ieg\u0101de tie\u0161saist\u0113","isPartOf":{"@id":"https:\/\/gambling6.com\/lv\/#website"},"primaryImageOfPage":{"@id":"https:\/\/gambling6.com\/lv\/loterija\/#primaryimage"},"image":{"@id":"https:\/\/gambling6.com\/lv\/loterija\/#primaryimage"},"thumbnailUrl":"https:\/\/gambling6.com\/wp-content\/uploads\/2013\/12\/International-Community-150x150.jpg","datePublished":"2025-11-10T13:26:16+00:00","dateModified":"2025-11-12T18:32:14+00:00","description":"Starptautisko loteriju bi\u013ce\u0161u ieg\u0101de tie\u0161saist\u0113 ir vienk\u0101r\u0161a. Neatkar\u012bgi no t\u0101, kur dz\u012bvojat, piedalieties jebkur\u0101 no lab\u0101kaj\u0101m loterij\u0101m pasaul\u0113.","breadcrumb":{"@id":"https:\/\/gambling6.com\/lv\/loterija\/#breadcrumb"},"inLanguage":"lv-LV","potentialAction":[{"@type":"ReadAction","target":["https:\/\/gambling6.com\/lv\/loterija\/"]}]},{"@type":"ImageObject","inLanguage":"lv-LV","@id":"https:\/\/gambling6.com\/lv\/loterija\/#primaryimage","url":"https:\/\/gambling6.com\/wp-content\/uploads\/2013\/12\/International-Community-150x150.jpg","contentUrl":"https:\/\/gambling6.com\/wp-content\/uploads\/2013\/12\/International-Community-150x150.jpg","width":150,"height":150},{"@type":"BreadcrumbList","@id":"https:\/\/gambling6.com\/lv\/loterija\/#breadcrumb","itemListElement":[{"@type":"ListItem","position":1,"name":"Home","item":"https:\/\/gambling6.com\/lv\/home\/"},{"@type":"ListItem","position":2,"name":"Loterija"}]},{"@type":"WebSite","@id":"https:\/\/gambling6.com\/lv\/#website","url":"https:\/\/gambling6.com\/lv\/","name":"Gambling6","description":"","potentialAction":[{"@type":"SearchAction","target":{"@type":"EntryPoint","urlTemplate":"https:\/\/gambling6.com\/lv\/?s={search_term_string}"},"query-input":{"@type":"PropertyValueSpecification","valueRequired":true,"valueName":"search_term_string"}}],"inLanguage":"lv-LV"}]}},"_links":{"self":[{"href":"https:\/\/gambling6.com\/lv\/wp-json\/wp\/v2\/pages\/9306","targetHints":{"allow":["GET"]}}],"collection":[{"href":"https:\/\/gambling6.com\/lv\/wp-json\/wp\/v2\/pages"}],"about":[{"href":"https:\/\/gambling6.com\/lv\/wp-json\/wp\/v2\/types\/page"}],"author":[{"embeddable":true,"href":"https:\/\/gambling6.com\/lv\/wp-json\/wp\/v2\/users\/1"}],"replies":[{"embeddable":true,"href":"https:\/\/gambling6.com\/lv\/wp-json\/wp\/v2\/comments?post=9306"}],"version-history":[{"count":1,"href":"https:\/\/gambling6.com\/lv\/wp-json\/wp\/v2\/pages\/9306\/revisions"}],"predecessor-version":[{"id":10745,"href":"https:\/\/gambling6.com\/lv\/wp-json\/wp\/v2\/pages\/9306\/revisions\/10745"}],"wp:featuredmedia":[{"embeddable":true,"href":"https:\/\/gambling6.com\/lv\/wp-json\/wp\/v2\/media\/9287"}],"wp:attachment":[{"href":"https:\/\/gambling6.com\/lv\/wp-json\/wp\/v2\/media?parent=9306"}],"curies":[{"name":"wp","href":"https:\/\/api.w.org\/{rel}","templated":true}]}}