{"id":9361,"date":"2025-11-10T20:44:30","date_gmt":"2025-11-10T20:44:30","guid":{"rendered":"https:\/\/gambling6.com\/loterija\/iegustiet-tiessaiste-biletes-uz-mega-millions-loteriju\/"},"modified":"2025-11-10T20:44:30","modified_gmt":"2025-11-10T20:44:30","slug":"iegustiet-tiessaiste-biletes-uz-mega-millions-loteriju","status":"publish","type":"page","link":"https:\/\/gambling6.com\/lv\/loterija\/iegustiet-tiessaiste-biletes-uz-mega-millions-loteriju\/","title":{"rendered":"Ieg\u016bstiet tie\u0161saist\u0113 bi\u013cetes uz Mega Millions loteriju"},"content":{"rendered":"<h2>Mega Millions loterijas bi\u013cetes var ieg\u0101d\u0101ties no jebkuras vietas pasaul\u0113<\/h2>\n<p>Neticami daudz cilv\u0113ku katru dienu ieg\u0101d\u0101jas loterijas bi\u013cetes gan Zieme\u013camerik\u0101, gan vis\u0101 pasaul\u0113. Liel\u0101k\u0101 da\u013ca loterijas dal\u012bbnieku labi apzin\u0101s, ka vi\u0146u izredzes laim\u0113t d\u017eekpotu ir \u013coti niec\u012bgas. <strong>Tom\u0113r, pateicoties iesp\u0113jai\u00a0<\/strong><span style=\"box-sizing: border-box; margin: 0px; padding: 0px;\"><strong>ieg\u0101d\u0101ties Mega Millions loterijas bi\u013cetes tie\u0161saist\u0113, cilv\u0113ki katru dienu steidzas pie saviem datoriem<\/strong>, piesak\u0101s m\u016bsu partnera RedFoxLotto.com vietn\u0113 un ieg\u0101d\u0101jas bi\u013cetes<\/span> uz gigantisko ASV b\u0101z\u0113to Mega Millions loteriju.<img loading=\"lazy\" decoding=\"async\" class=\" alignright wp-image-544\" style=\"margin: 10px; border: 5px solid #ffffff; float: right;\" src=\"http:\/\/gambling6.com\/wp-content\/uploads\/2013\/12\/get-mega-millions-tickets-online.png\" alt=\"j\u016bsu Megamillions bi\u013cetes tie\u0161saist\u0113\" width=\"297\" height=\"163\" srcset=\"https:\/\/gambling6.com\/wp-content\/uploads\/2013\/12\/get-mega-millions-tickets-online.png 388w, https:\/\/gambling6.com\/wp-content\/uploads\/2013\/12\/get-mega-millions-tickets-online-300x165.png 300w\" sizes=\"auto, (max-width: 297px) 100vw, 297px\" \/><\/p>\n<h2>Lai uzvar\u0113tu, jums ir j\u0101ieg\u0101d\u0101jas bi\u013cetes tie\u0161saist\u0113.<\/h2>\n<p>Daudzi cilv\u0113ki labpr\u0101t\u0101k v\u0113l\u0113tos nelielu iesp\u0113ju uzvar\u0113t, nek\u0101 nek\u0101du. K\u0101 saka teiciens: &#8220;bez bi\u013cetes nevar uzvar\u0113t&#8221;. \u0160\u012b fr\u0101ze daudziem cilv\u0113kiem ir palikusi atmi\u0146\u0101, un, \u0146emot v\u0113r\u0101 loterijas att\u0113lus, kas vi\u0146us katru dienu p\u0101rpludina, vi\u0146i, visticam\u0101k, ieg\u0101d\u0101sies bi\u013cetes tie\u0161saist\u0113. Internets ir \u013c\u0101vis cilv\u0113kiem vis\u0101 pasaul\u0113 ieg\u0101d\u0101ties bi\u013cetes uz katru loterijas izlozi. T\u0101 k\u0101 Mega Millions ir viena no liel\u0101kaj\u0101m izloz\u0113m pasaul\u0113, ir vienk\u0101r\u0161i lo\u0123iski, ka cilv\u0113ki pl\u016bst ieg\u0101d\u0101ties bi\u013cetes tie\u0161saist\u0113.<\/p>\n<p>Lai sa\u0146emtu bi\u013ceti, <a class=\"thirstylink\" title=\"Redfoxlotto\" href=\"https:\/\/gambling6.com\/go\/redfoxlotto\/\" target=\"_blank\" rel=\"nofollow noopener\">noklik\u0161\u0137iniet \u0161eit, lai apmekl\u0113tu RedFoxLotto.com<\/a> \u2014 lielisku loterijas bi\u013ce\u0161u kurjerpakalpojumu, kur varat ieg\u0101d\u0101ties loterijas bi\u013cetes uz visnoz\u012bm\u012bg\u0101kajiem d\u017eekpotiem no visas pasaules.<\/p>\n<h2>Tie\u0161saistes pirc\u0113jus gaida dz\u012bvi maino\u0161as iesp\u0113jas.<\/h2>\n<p>Ir svar\u012bgi atz\u012bm\u0113t, ka cilv\u0113ki p\u0113rk Mega Millions loterijas bi\u013cetes tie\u0161saist\u0113, lai m\u0113\u0123in\u0101tu main\u012bt savu dz\u012bvi. Kad vi\u0146i dzird rezult\u0101tus, ka p\u0101ris Tunkhannok\u0101, Pensilv\u0101nij\u0101, ir laim\u0113jis galveno balvu, vi\u0146i ir v\u012blu\u0161ies un pat nep\u0101rbauda savas bi\u013cetes.<\/p>\n<h2>Mega Millions un Powerball bi\u013cetes tie\u0161saist\u0113 ir vispopul\u0101r\u0101k\u0101s.<\/h2>\n<p>Divas loterijas ASV, proti, Megamillions un Powerball, patie\u0161\u0101m ir liel\u0101k\u0101s d\u017eekpotu neso\u0161\u0101s loterijas pasaul\u0113. T\u0101p\u0113c nav p\u0101rsteigums, ka tie\u0161saistes bi\u013ce\u0161u p\u0101rdo\u0161anas apjomi \u0161iem diviem gigantiem katru ned\u0113\u013cu sasniedz jaunus augstumus. Bi\u013ce\u0161u ieg\u0101de tie\u0161saist\u0113 uz Mega Millions regul\u0101ri ir pac\u0113lusi d\u017eekpotus l\u012bdz neparast\u0101m virsotn\u0113m.<\/p>\n<h2>Apbr\u012bnojamie Mega Millions d\u017eekpoti 2013. gad\u0101 tuvojas rekordam<\/h2>\n<table style=\"width: 500px;\" border=\"1\" cellspacing=\"5\" cellpadding=\"5\" align=\"center\">\n<tbody>\n<tr>\n<td colspan=\"3\" align=\"center\">Pieci liel\u0101kie d\u017eekpoti 2013. gad\u0101<\/td>\n<\/tr>\n<tr>\n<td>Izloze<\/td>\n<td align=\"center\">Datums<\/td>\n<td align=\"center\">D\u017eekpots (USD)<\/td>\n<\/tr>\n<tr>\n<td>Mega Millions &#8211; ASV<\/td>\n<td align=\"center\">17. decembris-13<\/td>\n<td align=\"right\">636\u00a0000\u00a0000\u00a0USD<\/td>\n<\/tr>\n<tr>\n<td>Mega Millions &#8211; ASV<\/td>\n<td align=\"center\">17. maijs-13<\/td>\n<td align=\"right\">190\u00a0000\u00a0000\u00a0$<\/td>\n<\/tr>\n<tr>\n<td>Mega Millions \u2014 ASV<\/td>\n<td align=\"center\">2013.\u00a0gada 1.\u00a0oktobris<\/td>\n<td align=\"right\">189\u00a0000\u00a0000\u00a0$<\/td>\n<\/tr>\n<tr>\n<td>Mega Millions \u2014 ASV<\/td>\n<td align=\"center\">2013.\u00a0gada 25.\u00a0janv\u0101ris<\/td>\n<td align=\"right\">89\u00a0000\u00a0000\u00a0$<\/td>\n<\/tr>\n<tr>\n<td>Mega Millions \u2014 ASV<\/td>\n<td align=\"center\">2013.\u00a0gada 5.\u00a0j\u016blijs<\/td>\n<td align=\"right\">79\u00a0000\u00a0000\u00a0$<\/td>\n<\/tr>\n<\/tbody>\n<\/table>\n<h2>\u00a0Daudz balvu Mega Millions tie\u0161saistes bi\u013cet\u0113 tur\u0113t\u0101ji<\/h2>\n<table style=\"width: 500px;\" border=\"1\" cellspacing=\"5\" cellpadding=\"5\" align=\"center\">\n<tbody>\n<tr>\n<td colspan=\"3\" align=\"center\">Mega Millions loterijas balvu l\u012bme\u0146i<\/td>\n<\/tr>\n<tr>\n<td>Balva<\/td>\n<td align=\"center\">Sp\u0113les<\/td>\n<td align=\"center\">Izredzes<\/td>\n<\/tr>\n<tr>\n<td>1. vieta (D\u017eeppots)<\/td>\n<td align=\"center\">5 + 1<\/td>\n<td align=\"right\">175\u00a0711\u00a0538 : 1<\/td>\n<\/tr>\n<tr>\n<td>2. vieta<\/td>\n<td align=\"center\">5<\/td>\n<td align=\"right\">3\u00a0904\u00a0701 : 1<\/td>\n<\/tr>\n<tr>\n<td>3.\u00a0vieta<\/td>\n<td align=\"center\">4 + 1<\/td>\n<td align=\"right\">689\u00a0065 : 1<\/td>\n<\/tr>\n<tr>\n<td>4.\u00a0vieta<\/td>\n<td align=\"center\">4<\/td>\n<td align=\"right\">15\u00a0313 : 1<\/td>\n<\/tr>\n<tr>\n<td>5.\u00a0vieta<\/td>\n<td align=\"center\">3 + 1<\/td>\n<td align=\"right\">13\u00a0781 : 1<\/td>\n<\/tr>\n<tr>\n<td>6.\u00a0vieta<\/td>\n<td align=\"center\">2 + 1<\/td>\n<td align=\"right\">844 : 1<\/td>\n<\/tr>\n<tr>\n<td>7.\u00a0vieta<\/td>\n<td align=\"center\">3<\/td>\n<td align=\"right\">360\u00a0:\u00a01<\/td>\n<\/tr>\n<tr>\n<td>8.\u00a0vieta<\/td>\n<td align=\"center\">1 + 1<\/td>\n<td align=\"right\">141\u00a0:\u00a01<\/td>\n<\/tr>\n<tr>\n<td>9.\u00a0vieta<\/td>\n<td align=\"center\">0 + 1<\/td>\n<td align=\"right\">75\u00a0:\u00a01<\/td>\n<\/tr>\n<\/tbody>\n<\/table>\n<p style=\"text-align: center;\"><strong>Sp\u0113l\u0113jiet Mega Millions jau \u0161odien ar sav\u0101m tie\u0161saistes bi\u013cet\u0113m, un j\u016bsu sap\u0146i var\u0113tu piepild\u012bties!<\/strong><\/p>\n","protected":false},"excerpt":{"rendered":"<p>Mega Millions loterijas bi\u013cetes var ieg\u0101d\u0101ties no jebkuras vietas pasaul\u0113 Neticami daudz cilv\u0113ku katru dienu ieg\u0101d\u0101jas loterijas bi\u013cetes gan Zieme\u013camerik\u0101, gan vis\u0101 pasaul\u0113. Liel\u0101k\u0101 da\u013ca loterijas dal\u012bbnieku labi apzin\u0101s, ka vi\u0146u izredzes laim\u0113t d\u017eekpotu ir \u013coti niec\u012bgas. Tom\u0113r, pateicoties iesp\u0113jai\u00a0ieg\u0101d\u0101ties Mega Millions loterijas bi\u013cetes tie\u0161saist\u0113, cilv\u0113ki katru dienu steidzas pie saviem datoriem, piesak\u0101s m\u016bsu partnera [&hellip;]<\/p>\n","protected":false},"author":1,"featured_media":9346,"parent":9306,"menu_order":13,"comment_status":"closed","ping_status":"closed","template":"","meta":{"footnotes":""},"class_list":["post-9361","page","type-page","status-publish","has-post-thumbnail","hentry"],"yoast_head":"<!-- This site is optimized with the Yoast SEO plugin v27.5 - https:\/\/yoast.com\/product\/yoast-seo-wordpress\/ -->\n<title>P\u0113rciet Mega Millions loterijas bi\u013cetes tie\u0161saist\u0113<\/title>\n<meta name=\"description\" content=\"Viniet lielus laimestus, ieg\u016bstot tie\u0161saist\u0113 bi\u013cetes uz Mega Millions loteriju.\" \/>\n<meta name=\"robots\" content=\"index, follow, max-snippet:-1, max-image-preview:large, max-video-preview:-1\" \/>\n<link rel=\"canonical\" href=\"https:\/\/gambling6.com\/lv\/loterija\/iegustiet-tiessaiste-biletes-uz-mega-millions-loteriju\/\" \/>\n<meta property=\"og:locale\" content=\"lv_LV\" \/>\n<meta property=\"og:type\" content=\"article\" \/>\n<meta property=\"og:title\" content=\"P\u0113rciet Mega Millions loterijas bi\u013cetes tie\u0161saist\u0113\" \/>\n<meta property=\"og:description\" content=\"Viniet lielus laimestus, ieg\u016bstot tie\u0161saist\u0113 bi\u013cetes uz Mega Millions loteriju.\" \/>\n<meta property=\"og:url\" content=\"https:\/\/gambling6.com\/lv\/loterija\/iegustiet-tiessaiste-biletes-uz-mega-millions-loteriju\/\" \/>\n<meta property=\"og:site_name\" content=\"Gambling6\" \/>\n<meta property=\"og:image\" content=\"https:\/\/gambling6.com\/wp-content\/uploads\/2013\/12\/get-mega-millions-tickets-online.png\" \/>\n\t<meta property=\"og:image:width\" content=\"388\" \/>\n\t<meta property=\"og:image:height\" content=\"213\" \/>\n\t<meta property=\"og:image:type\" content=\"image\/png\" \/>\n<meta name=\"twitter:card\" content=\"summary_large_image\" \/>\n<meta name=\"twitter:label1\" content=\"Est. reading time\" \/>\n\t<meta name=\"twitter:data1\" content=\"3 minutes\" \/>\n<script type=\"application\/ld+json\" class=\"yoast-schema-graph\">{\"@context\":\"https:\\\/\\\/schema.org\",\"@graph\":[{\"@type\":\"WebPage\",\"@id\":\"https:\\\/\\\/gambling6.com\\\/lv\\\/loterija\\\/iegustiet-tiessaiste-biletes-uz-mega-millions-loteriju\\\/\",\"url\":\"https:\\\/\\\/gambling6.com\\\/lv\\\/loterija\\\/iegustiet-tiessaiste-biletes-uz-mega-millions-loteriju\\\/\",\"name\":\"P\u0113rciet Mega Millions loterijas bi\u013cetes tie\u0161saist\u0113\",\"isPartOf\":{\"@id\":\"https:\\\/\\\/gambling6.com\\\/lv\\\/#website\"},\"primaryImageOfPage\":{\"@id\":\"https:\\\/\\\/gambling6.com\\\/lv\\\/loterija\\\/iegustiet-tiessaiste-biletes-uz-mega-millions-loteriju\\\/#primaryimage\"},\"image\":{\"@id\":\"https:\\\/\\\/gambling6.com\\\/lv\\\/loterija\\\/iegustiet-tiessaiste-biletes-uz-mega-millions-loteriju\\\/#primaryimage\"},\"thumbnailUrl\":\"https:\\\/\\\/gambling6.com\\\/wp-content\\\/uploads\\\/2013\\\/12\\\/get-mega-millions-tickets-online.png\",\"datePublished\":\"2025-11-10T20:44:30+00:00\",\"description\":\"Viniet lielus laimestus, ieg\u016bstot tie\u0161saist\u0113 bi\u013cetes uz Mega Millions loteriju.\",\"breadcrumb\":{\"@id\":\"https:\\\/\\\/gambling6.com\\\/lv\\\/loterija\\\/iegustiet-tiessaiste-biletes-uz-mega-millions-loteriju\\\/#breadcrumb\"},\"inLanguage\":\"lv-LV\",\"potentialAction\":[{\"@type\":\"ReadAction\",\"target\":[\"https:\\\/\\\/gambling6.com\\\/lv\\\/loterija\\\/iegustiet-tiessaiste-biletes-uz-mega-millions-loteriju\\\/\"]}]},{\"@type\":\"ImageObject\",\"inLanguage\":\"lv-LV\",\"@id\":\"https:\\\/\\\/gambling6.com\\\/lv\\\/loterija\\\/iegustiet-tiessaiste-biletes-uz-mega-millions-loteriju\\\/#primaryimage\",\"url\":\"https:\\\/\\\/gambling6.com\\\/wp-content\\\/uploads\\\/2013\\\/12\\\/get-mega-millions-tickets-online.png\",\"contentUrl\":\"https:\\\/\\\/gambling6.com\\\/wp-content\\\/uploads\\\/2013\\\/12\\\/get-mega-millions-tickets-online.png\",\"width\":388,\"height\":213},{\"@type\":\"BreadcrumbList\",\"@id\":\"https:\\\/\\\/gambling6.com\\\/lv\\\/loterija\\\/iegustiet-tiessaiste-biletes-uz-mega-millions-loteriju\\\/#breadcrumb\",\"itemListElement\":[{\"@type\":\"ListItem\",\"position\":1,\"name\":\"Home\",\"item\":\"https:\\\/\\\/gambling6.com\\\/lv\\\/home\\\/\"},{\"@type\":\"ListItem\",\"position\":2,\"name\":\"Loterija\",\"item\":\"https:\\\/\\\/gambling6.com\\\/lv\\\/loterija\\\/\"},{\"@type\":\"ListItem\",\"position\":3,\"name\":\"Ieg\u016bstiet tie\u0161saist\u0113 bi\u013cetes uz Mega Millions loteriju\"}]},{\"@type\":\"WebSite\",\"@id\":\"https:\\\/\\\/gambling6.com\\\/lv\\\/#website\",\"url\":\"https:\\\/\\\/gambling6.com\\\/lv\\\/\",\"name\":\"Gambling6\",\"description\":\"\",\"potentialAction\":[{\"@type\":\"SearchAction\",\"target\":{\"@type\":\"EntryPoint\",\"urlTemplate\":\"https:\\\/\\\/gambling6.com\\\/lv\\\/?s={search_term_string}\"},\"query-input\":{\"@type\":\"PropertyValueSpecification\",\"valueRequired\":true,\"valueName\":\"search_term_string\"}}],\"inLanguage\":\"lv-LV\"}]}<\/script>\n<!-- \/ Yoast SEO plugin. -->","yoast_head_json":{"title":"P\u0113rciet Mega Millions loterijas bi\u013cetes tie\u0161saist\u0113","description":"Viniet lielus laimestus, ieg\u016bstot tie\u0161saist\u0113 bi\u013cetes uz Mega Millions loteriju.","robots":{"index":"index","follow":"follow","max-snippet":"max-snippet:-1","max-image-preview":"max-image-preview:large","max-video-preview":"max-video-preview:-1"},"canonical":"https:\/\/gambling6.com\/lv\/loterija\/iegustiet-tiessaiste-biletes-uz-mega-millions-loteriju\/","og_locale":"lv_LV","og_type":"article","og_title":"P\u0113rciet Mega Millions loterijas bi\u013cetes tie\u0161saist\u0113","og_description":"Viniet lielus laimestus, ieg\u016bstot tie\u0161saist\u0113 bi\u013cetes uz Mega Millions loteriju.","og_url":"https:\/\/gambling6.com\/lv\/loterija\/iegustiet-tiessaiste-biletes-uz-mega-millions-loteriju\/","og_site_name":"Gambling6","og_image":[{"width":388,"height":213,"url":"https:\/\/gambling6.com\/wp-content\/uploads\/2013\/12\/get-mega-millions-tickets-online.png","type":"image\/png"}],"twitter_card":"summary_large_image","twitter_misc":{"Est. reading time":"3 minutes"},"schema":{"@context":"https:\/\/schema.org","@graph":[{"@type":"WebPage","@id":"https:\/\/gambling6.com\/lv\/loterija\/iegustiet-tiessaiste-biletes-uz-mega-millions-loteriju\/","url":"https:\/\/gambling6.com\/lv\/loterija\/iegustiet-tiessaiste-biletes-uz-mega-millions-loteriju\/","name":"P\u0113rciet Mega Millions loterijas bi\u013cetes tie\u0161saist\u0113","isPartOf":{"@id":"https:\/\/gambling6.com\/lv\/#website"},"primaryImageOfPage":{"@id":"https:\/\/gambling6.com\/lv\/loterija\/iegustiet-tiessaiste-biletes-uz-mega-millions-loteriju\/#primaryimage"},"image":{"@id":"https:\/\/gambling6.com\/lv\/loterija\/iegustiet-tiessaiste-biletes-uz-mega-millions-loteriju\/#primaryimage"},"thumbnailUrl":"https:\/\/gambling6.com\/wp-content\/uploads\/2013\/12\/get-mega-millions-tickets-online.png","datePublished":"2025-11-10T20:44:30+00:00","description":"Viniet lielus laimestus, ieg\u016bstot tie\u0161saist\u0113 bi\u013cetes uz Mega Millions loteriju.","breadcrumb":{"@id":"https:\/\/gambling6.com\/lv\/loterija\/iegustiet-tiessaiste-biletes-uz-mega-millions-loteriju\/#breadcrumb"},"inLanguage":"lv-LV","potentialAction":[{"@type":"ReadAction","target":["https:\/\/gambling6.com\/lv\/loterija\/iegustiet-tiessaiste-biletes-uz-mega-millions-loteriju\/"]}]},{"@type":"ImageObject","inLanguage":"lv-LV","@id":"https:\/\/gambling6.com\/lv\/loterija\/iegustiet-tiessaiste-biletes-uz-mega-millions-loteriju\/#primaryimage","url":"https:\/\/gambling6.com\/wp-content\/uploads\/2013\/12\/get-mega-millions-tickets-online.png","contentUrl":"https:\/\/gambling6.com\/wp-content\/uploads\/2013\/12\/get-mega-millions-tickets-online.png","width":388,"height":213},{"@type":"BreadcrumbList","@id":"https:\/\/gambling6.com\/lv\/loterija\/iegustiet-tiessaiste-biletes-uz-mega-millions-loteriju\/#breadcrumb","itemListElement":[{"@type":"ListItem","position":1,"name":"Home","item":"https:\/\/gambling6.com\/lv\/home\/"},{"@type":"ListItem","position":2,"name":"Loterija","item":"https:\/\/gambling6.com\/lv\/loterija\/"},{"@type":"ListItem","position":3,"name":"Ieg\u016bstiet tie\u0161saist\u0113 bi\u013cetes uz Mega Millions loteriju"}]},{"@type":"WebSite","@id":"https:\/\/gambling6.com\/lv\/#website","url":"https:\/\/gambling6.com\/lv\/","name":"Gambling6","description":"","potentialAction":[{"@type":"SearchAction","target":{"@type":"EntryPoint","urlTemplate":"https:\/\/gambling6.com\/lv\/?s={search_term_string}"},"query-input":{"@type":"PropertyValueSpecification","valueRequired":true,"valueName":"search_term_string"}}],"inLanguage":"lv-LV"}]}},"_links":{"self":[{"href":"https:\/\/gambling6.com\/lv\/wp-json\/wp\/v2\/pages\/9361","targetHints":{"allow":["GET"]}}],"collection":[{"href":"https:\/\/gambling6.com\/lv\/wp-json\/wp\/v2\/pages"}],"about":[{"href":"https:\/\/gambling6.com\/lv\/wp-json\/wp\/v2\/types\/page"}],"author":[{"embeddable":true,"href":"https:\/\/gambling6.com\/lv\/wp-json\/wp\/v2\/users\/1"}],"replies":[{"embeddable":true,"href":"https:\/\/gambling6.com\/lv\/wp-json\/wp\/v2\/comments?post=9361"}],"version-history":[{"count":0,"href":"https:\/\/gambling6.com\/lv\/wp-json\/wp\/v2\/pages\/9361\/revisions"}],"up":[{"embeddable":true,"href":"https:\/\/gambling6.com\/lv\/wp-json\/wp\/v2\/pages\/9306"}],"wp:featuredmedia":[{"embeddable":true,"href":"https:\/\/gambling6.com\/lv\/wp-json\/wp\/v2\/media\/9346"}],"wp:attachment":[{"href":"https:\/\/gambling6.com\/lv\/wp-json\/wp\/v2\/media?parent=9361"}],"curies":[{"name":"wp","href":"https:\/\/api.w.org\/{rel}","templated":true}]}}