{"id":9404,"date":"2025-11-10T21:45:21","date_gmt":"2025-11-10T21:45:21","guid":{"rendered":"https:\/\/gambling6.com\/loterija\/ka-es-varu-iegadaties-euromillions-loterijas-biletes-tiessaiste-arpus-eiropas\/"},"modified":"2025-11-15T11:35:27","modified_gmt":"2025-11-15T11:35:27","slug":"ka-es-varu-iegadaties-euromillions-loterijas-biletes-tiessaiste-arpus-eiropas","status":"publish","type":"page","link":"https:\/\/gambling6.com\/lv\/loterija\/ka-es-varu-iegadaties-euromillions-loterijas-biletes-tiessaiste-arpus-eiropas\/","title":{"rendered":"K\u0101 es varu ieg\u0101d\u0101ties Euromillions loterijas bi\u013cetes tie\u0161saist\u0113 \u0101rpus Eiropas?"},"content":{"rendered":"<h2>Euro Millions<\/h2>\n<p>Ar 185 miljoniem eiro uz sp\u0113les un regul\u0101ru\u00a0<span style=\"box-sizing: border-box; margin: 0px; padding: 0px;\">iesp\u0113ju laim\u0113t vair\u0101k nek\u0101 100 miljonus eiro,\u00a0<strong>cilv\u0113ki steidzas pie saviem datoriem, lai ieg\u0101d\u0101tos tie\u0161saistes bi\u013cetes uz EuroMillions<\/strong><\/span><strong>loteriju.<\/strong> Euromillions tiek sp\u0113l\u0113ta 9 valst\u012bs vis\u0101 Eirop\u0101, un pag\u0101ju\u0161aj\u0101 gad\u0101 balv\u0101s tika izmaks\u0101ti vair\u0101k nek\u0101 2,5 miljardi ASV dol\u0101ru. K\u0101p\u0113c gan j\u016bs nev\u0113l\u0113tos ieg\u016bt iesp\u0113ju laim\u0113t \u0161o d\u017eekpotu? Viss, kas jums j\u0101dara, ir apmekl\u0113t m\u016bsu partneri RedFoxLotto un ieg\u0101d\u0101ties savas tie\u0161saistes bi\u013cetes. RedFoxLotto sp\u0113l\u0113\u0161ana nekad nav bijusi tik vienk\u0101r\u0161a.<\/p>\n<p><strong>J\u016bs varat ieg\u0101d\u0101ties tie\u0161saistes bi\u013cetes uz Euromillions loteriju divas reizes ned\u0113\u013c\u0101<\/strong>, un, to darot, jums ir iesp\u0113ja laim\u0113t l\u012bdz pat 13 da\u017e\u0101diem balvu l\u012bme\u0146iem. Lai ieg\u0101d\u0101tos bi\u013cetes tie\u0161saist\u0113, izv\u0113lieties 5 galvenos skait\u013cus no 1 l\u012bdz 50. Otrk\u0101rt, ir divi laim\u012bg\u0101s zvaigznes skait\u013ci, abi no 1 l\u012bdz 11, kas tiek izloz\u0113ti no atsevi\u0161\u0137as ma\u0161\u012bnas. Lai pretend\u0113tu uz galveno balvu, jums ir j\u0101uzmin visi septi\u0146i skait\u013ci.<\/p>\n<h2>K\u0101p\u0113c sp\u0113l\u0113t Euromillions loteriju tie\u0161saist\u0113?<\/h2>\n<p><img loading=\"lazy\" decoding=\"async\" class=\" wp-image-1437 alignright\" src=\"https:\/\/gambling6.com\/wp-content\/uploads\/2022\/04\/2_ticket_euromillions-112x300.jpg\" alt=\"EuroMillions bi\u013cete width=\"99\" height=\"265\" srcset=\"https:\/\/gambling6.com\/wp-content\/uploads\/2022\/04\/2_ticket_euromillions-112x300.jpg 112w, https:\/\/gambling6.com\/wp-content\/uploads\/2022\/04\/2_ticket_euromillions.jpg 200w\" sizes=\"(max-width: 99px) 100vw, 99px\" \/>Loterijas drudzis Eirop\u0101 var sasniegt \u2014 un ir sasniedzis \u2014 epid\u0113mijas l\u012bmeni. T\u0101p\u0113c cilv\u0113ki katru ned\u0113\u013cu st\u0101v rind\u0101, lai sp\u0113l\u0113tu liel\u0101ko loteriju Eirop\u0101 ar vienu no trim liel\u0101kajiem d\u017eekpotiem pasaul\u0113. Euromillions loterija aizs\u0101k\u0101s 2004. gad\u0101 un tiek sp\u0113l\u0113ta Be\u013c\u0123ij\u0101, Francij\u0101, \u012arij\u0101, Austrij\u0101, Luksemburg\u0101, Sp\u0101nij\u0101, Portug\u0101l\u0113, \u0160veic\u0113 un Apvienotaj\u0101 Karalist\u0113. 2011.\u00a0gada j\u016blij\u0101 k\u0101ds skotu p\u0101ris laim\u0113ja visu laiku liel\u0101ko d\u017eekpotu, sa\u0146emot 185\u00a0miljonus eiro.<\/p>\n<p>Papildus visiem Eiropas sp\u0113l\u0113t\u0101jiem iepriek\u0161min\u0113taj\u0101s valst\u012bs, miljoniem cilv\u0113ku katru ned\u0113\u013cu ieg\u0101d\u0101jas bi\u013cetes tie\u0161saist\u0113. Ieg\u016bt Euromillions loterijas bi\u013cetes tie\u0161saist\u0113 ir \u013coti vienk\u0101r\u0161i: apmekl\u0113jiet m\u016bsu partneri RedFoxLotto. Iesp\u0113ja laim\u0113t pirm\u0101s balvas d\u017eekpotu EuroMillions loterij\u0101 ir 1 no 116\u00a0531\u00a0800. Tom\u0113r, lai piedal\u012btos k\u0101d\u0101 no p\u0101r\u0113jiem 13 balvu l\u012bme\u0146iem, j\u016bsu kop\u0113j\u0101s iesp\u0113jas ir 1 no 13.<\/p>\n<p>Ar\u012b \u0161oreiz j\u016bs atrad\u012bsiet Euromillions loteriju par vienu no aizraujo\u0161\u0101kaj\u0101m sp\u0113l\u0113m vis\u0101 pasaul\u0113. <span style=\"box-sizing: border-box; margin: 0px; padding: 0px;\">Veltiet laiku, lai\u00a0<a href=\"https:\/\/gambling6.com\/go\/redfoxlotto-en\/\" target=\"_blank\" rel=\"noopener\">apmekl\u0113tu RedFoxLotto jau \u0161odien, sekojot \u0161ai saitei<\/a>, atverot kontu un s\u0101kot sp\u0113l\u0113t \u0161o gigantisko Eiropas loteriju.<\/span> Esam p\u0101rliecin\u0101ti, ka j\u016bs priec\u0101sieties, ka to izdar\u012bj\u0101t. EuroMillions un citu popul\u0101ru loteriju bi\u013cetes vis\u0101 pasaul\u0113 ir viegli ieg\u016bt tie\u0161saist\u0113.<\/p>\n<table style=\"width: 500px;\" border=\"1\" cellspacing=\"5\" cellpadding=\"5\" align=\"center\">\n<tbody>\n<tr>\n<td colspan=\"3\" align=\"center\">Pieci liel\u0101kie d\u017eekpoti 2013. gad\u0101<\/td>\n<\/tr>\n<tr>\n<td>Izloze<\/td>\n<td align=\"center\">Datums<\/td>\n<td align=\"center\">D\u017eekpots (USD)<\/td>\n<\/tr>\n<tr>\n<td>Euro Millions &#8211; Eiropa<\/td>\n<td align=\"center\">25. j\u016bn. 2013.<\/td>\n<td align=\"right\">260\u00a0129\u00a0094 $<\/td>\n<\/tr>\n<tr>\n<td>Euro Millions &#8211; Eiropa<\/td>\n<td align=\"center\">15. nov. 2013.<\/td>\n<td align=\"right\">137\u00a0000\u00a0000\u00a0USD<\/td>\n<\/tr>\n<tr>\n<td>Euro Millions \u2014 Eiropa<\/td>\n<td align=\"center\">2013.\u00a0gada 28.\u00a0maijs<\/td>\n<td align=\"right\">132\u00a0676\u00a0542\u00a0USD<\/td>\n<\/tr>\n<tr>\n<td>Euro Millions \u2014 Eiropa<\/td>\n<td align=\"center\">2013.\u00a0gada 25.\u00a0j\u016bnijs<\/td>\n<td align=\"right\">131\u00a0636\u00a0203\u00a0USD<\/td>\n<\/tr>\n<tr>\n<td>Euro Millions \u2014 Eiropa<\/td>\n<td align=\"center\">2013.\u00a0gada 23.\u00a0augusts<\/td>\n<td align=\"right\">131\u00a0628\u00a0767\u00a0USD<\/td>\n<\/tr>\n<\/tbody>\n<\/table>\n<p>&nbsp; <\/p>\n<table style=\"width: 500px;\" border=\"1\" cellspacing=\"5\" cellpadding=\"5\" align=\"center\">\n<tbody>\n<tr>\n<td colspan=\"3\" align=\"center\">Euro Millions balvu l\u012bme\u0146i<\/td>\n<\/tr>\n<tr>\n<td>Balva<\/td>\n<td align=\"center\">Sp\u0113les<\/td>\n<td align=\"center\">Izredzes<\/td>\n<\/tr>\n<tr>\n<td>1. vieta (D\u017eeppots)<\/td>\n<td align=\"center\">5 + 2<\/td>\n<td align=\"right\">116\u00a0531\u00a0800 : 1<\/td>\n<\/tr>\n<tr>\n<td>2. vieta<\/td>\n<td align=\"center\">5 + 1<\/td>\n<td align=\"right\">6\u00a0473\u00a0989 : 1<\/td>\n<\/tr>\n<tr>\n<td>3.\u00a0vieta<\/td>\n<td align=\"center\">5<\/td>\n<td align=\"right\">3\u00a0236\u00a0994 : 1<\/td>\n<\/tr>\n<tr>\n<td>4.\u00a0vieta<\/td>\n<td align=\"center\">4 + 2<\/td>\n<td align=\"right\">517\u00a0919 : 1<\/td>\n<\/tr>\n<tr>\n<td>5.\u00a0vieta<\/td>\n<td align=\"center\">4 + 1<\/td>\n<td align=\"right\">28\u00a0773 : 1<\/td>\n<\/tr>\n<tr>\n<td>6.\u00a0vieta<\/td>\n<td align=\"center\">4<\/td>\n<td align=\"right\">14\u00a0387 : 1<\/td>\n<\/tr>\n<tr>\n<td>7.\u00a0vieta<\/td>\n<td align=\"center\">3 + 2<\/td>\n<td align=\"right\">11\u00a0771\u00a0:\u00a01<\/td>\n<\/tr>\n<tr>\n<td>8.\u00a0vieta<\/td>\n<td align=\"center\">2 + 2<\/td>\n<td align=\"right\">821\u00a0:\u00a01<\/td>\n<\/tr>\n<tr>\n<td>9.\u00a0vieta<\/td>\n<td align=\"center\">3 + 1<\/td>\n<td align=\"right\">654\u00a0:\u00a01<\/td>\n<\/tr>\n<tr>\n<td>10.\u00a0vieta<\/td>\n<td align=\"center\">3<\/td>\n<td align=\"right\">327\u00a0: 1<\/td>\n<\/tr>\n<tr>\n<td>11.\u00a0vieta<\/td>\n<td align=\"center\">1 + 2<\/td>\n<td align=\"right\">156 : 1<\/td>\n<\/tr>\n<tr>\n<td>12.\u00a0vieta<\/td>\n<td align=\"center\">2 + 1<\/td>\n<td align=\"right\">46 : 1<\/td>\n<\/tr>\n<tr>\n<td>13.\u00a0vieta<\/td>\n<td align=\"center\">2<\/td>\n<td align=\"right\">23 : 1<\/td>\n<\/tr>\n<\/tbody>\n<\/table>\n","protected":false},"excerpt":{"rendered":"<p>Euro Millions Ar 185 miljoniem eiro uz sp\u0113les un regul\u0101ru\u00a0iesp\u0113ju laim\u0113t vair\u0101k nek\u0101 100 miljonus eiro,\u00a0cilv\u0113ki steidzas pie saviem datoriem, lai ieg\u0101d\u0101tos tie\u0161saistes bi\u013cetes uz EuroMillionsloteriju. Euromillions tiek sp\u0113l\u0113ta 9 valst\u012bs vis\u0101 Eirop\u0101, un pag\u0101ju\u0161aj\u0101 gad\u0101 balv\u0101s tika izmaks\u0101ti vair\u0101k nek\u0101 2,5 miljardi ASV dol\u0101ru. K\u0101p\u0113c gan j\u016bs nev\u0113l\u0113tos ieg\u016bt iesp\u0113ju laim\u0113t \u0161o d\u017eekpotu? Viss, [&hellip;]<\/p>\n","protected":false},"author":1,"featured_media":0,"parent":9306,"menu_order":2,"comment_status":"closed","ping_status":"closed","template":"","meta":{"footnotes":""},"class_list":["post-9404","page","type-page","status-publish","hentry"],"yoast_head":"<!-- This site is optimized with the Yoast SEO plugin v27.4 - https:\/\/yoast.com\/product\/yoast-seo-wordpress\/ -->\n<title>Ieg\u0101d\u0101jieties Euromillions loterijas bi\u013cetes tie\u0161saist\u0113<\/title>\n<meta name=\"description\" content=\"Noteikti ieg\u0101d\u0101jieties tie\u0161saistes bi\u013cetes uz liel\u0101ko loteriju Eirop\u0101, Euromillions un Euromillions UK, no uzticama pakalpojumu sniedz\u0113ja, piem\u0113ram, RedFoxLotto.com.\" \/>\n<meta name=\"robots\" content=\"index, follow, max-snippet:-1, max-image-preview:large, max-video-preview:-1\" \/>\n<link rel=\"canonical\" href=\"https:\/\/gambling6.com\/lv\/loterija\/ka-es-varu-iegadaties-euromillions-loterijas-biletes-tiessaiste-arpus-eiropas\/\" \/>\n<meta property=\"og:locale\" content=\"lv_LV\" \/>\n<meta property=\"og:type\" content=\"article\" \/>\n<meta property=\"og:title\" content=\"Ieg\u0101d\u0101jieties Euromillions loterijas bi\u013cetes tie\u0161saist\u0113\" \/>\n<meta property=\"og:description\" content=\"Noteikti ieg\u0101d\u0101jieties tie\u0161saistes bi\u013cetes uz liel\u0101ko loteriju Eirop\u0101, Euromillions un Euromillions UK, no uzticama pakalpojumu sniedz\u0113ja, piem\u0113ram, RedFoxLotto.com.\" \/>\n<meta property=\"og:url\" content=\"https:\/\/gambling6.com\/lv\/loterija\/ka-es-varu-iegadaties-euromillions-loterijas-biletes-tiessaiste-arpus-eiropas\/\" \/>\n<meta property=\"og:site_name\" content=\"Gambling6\" \/>\n<meta property=\"article:modified_time\" content=\"2025-11-15T11:35:27+00:00\" \/>\n<meta property=\"og:image\" content=\"https:\/\/gambling6.com\/wp-content\/uploads\/2022\/04\/2_ticket_euromillions.jpg\" \/>\n\t<meta property=\"og:image:width\" content=\"200\" \/>\n\t<meta property=\"og:image:height\" content=\"534\" \/>\n\t<meta property=\"og:image:type\" content=\"image\/jpeg\" \/>\n<meta name=\"twitter:card\" content=\"summary_large_image\" \/>\n<meta name=\"twitter:label1\" content=\"Est. reading time\" \/>\n\t<meta name=\"twitter:data1\" content=\"1 minute\" \/>\n<script type=\"application\/ld+json\" class=\"yoast-schema-graph\">{\"@context\":\"https:\\\/\\\/schema.org\",\"@graph\":[{\"@type\":\"WebPage\",\"@id\":\"https:\\\/\\\/gambling6.com\\\/lv\\\/loterija\\\/ka-es-varu-iegadaties-euromillions-loterijas-biletes-tiessaiste-arpus-eiropas\\\/\",\"url\":\"https:\\\/\\\/gambling6.com\\\/lv\\\/loterija\\\/ka-es-varu-iegadaties-euromillions-loterijas-biletes-tiessaiste-arpus-eiropas\\\/\",\"name\":\"Ieg\u0101d\u0101jieties Euromillions loterijas bi\u013cetes tie\u0161saist\u0113\",\"isPartOf\":{\"@id\":\"https:\\\/\\\/gambling6.com\\\/lv\\\/#website\"},\"primaryImageOfPage\":{\"@id\":\"https:\\\/\\\/gambling6.com\\\/lv\\\/loterija\\\/ka-es-varu-iegadaties-euromillions-loterijas-biletes-tiessaiste-arpus-eiropas\\\/#primaryimage\"},\"image\":{\"@id\":\"https:\\\/\\\/gambling6.com\\\/lv\\\/loterija\\\/ka-es-varu-iegadaties-euromillions-loterijas-biletes-tiessaiste-arpus-eiropas\\\/#primaryimage\"},\"thumbnailUrl\":\"https:\\\/\\\/gambling6.com\\\/wp-content\\\/uploads\\\/2022\\\/04\\\/2_ticket_euromillions-112x300.jpg\",\"datePublished\":\"2025-11-10T21:45:21+00:00\",\"dateModified\":\"2025-11-15T11:35:27+00:00\",\"description\":\"Noteikti ieg\u0101d\u0101jieties tie\u0161saistes bi\u013cetes uz liel\u0101ko loteriju Eirop\u0101, Euromillions un Euromillions UK, no uzticama pakalpojumu sniedz\u0113ja, piem\u0113ram, RedFoxLotto.com.\",\"breadcrumb\":{\"@id\":\"https:\\\/\\\/gambling6.com\\\/lv\\\/loterija\\\/ka-es-varu-iegadaties-euromillions-loterijas-biletes-tiessaiste-arpus-eiropas\\\/#breadcrumb\"},\"inLanguage\":\"lv-LV\",\"potentialAction\":[{\"@type\":\"ReadAction\",\"target\":[\"https:\\\/\\\/gambling6.com\\\/lv\\\/loterija\\\/ka-es-varu-iegadaties-euromillions-loterijas-biletes-tiessaiste-arpus-eiropas\\\/\"]}]},{\"@type\":\"ImageObject\",\"inLanguage\":\"lv-LV\",\"@id\":\"https:\\\/\\\/gambling6.com\\\/lv\\\/loterija\\\/ka-es-varu-iegadaties-euromillions-loterijas-biletes-tiessaiste-arpus-eiropas\\\/#primaryimage\",\"url\":\"https:\\\/\\\/gambling6.com\\\/wp-content\\\/uploads\\\/2022\\\/04\\\/2_ticket_euromillions-112x300.jpg\",\"contentUrl\":\"https:\\\/\\\/gambling6.com\\\/wp-content\\\/uploads\\\/2022\\\/04\\\/2_ticket_euromillions-112x300.jpg\"},{\"@type\":\"BreadcrumbList\",\"@id\":\"https:\\\/\\\/gambling6.com\\\/lv\\\/loterija\\\/ka-es-varu-iegadaties-euromillions-loterijas-biletes-tiessaiste-arpus-eiropas\\\/#breadcrumb\",\"itemListElement\":[{\"@type\":\"ListItem\",\"position\":1,\"name\":\"Home\",\"item\":\"https:\\\/\\\/gambling6.com\\\/lv\\\/home\\\/\"},{\"@type\":\"ListItem\",\"position\":2,\"name\":\"Loterija\",\"item\":\"https:\\\/\\\/gambling6.com\\\/lv\\\/loterija\\\/\"},{\"@type\":\"ListItem\",\"position\":3,\"name\":\"K\u0101 es varu ieg\u0101d\u0101ties Euromillions loterijas bi\u013cetes tie\u0161saist\u0113 \u0101rpus Eiropas?\"}]},{\"@type\":\"WebSite\",\"@id\":\"https:\\\/\\\/gambling6.com\\\/lv\\\/#website\",\"url\":\"https:\\\/\\\/gambling6.com\\\/lv\\\/\",\"name\":\"Gambling6\",\"description\":\"\",\"potentialAction\":[{\"@type\":\"SearchAction\",\"target\":{\"@type\":\"EntryPoint\",\"urlTemplate\":\"https:\\\/\\\/gambling6.com\\\/lv\\\/?s={search_term_string}\"},\"query-input\":{\"@type\":\"PropertyValueSpecification\",\"valueRequired\":true,\"valueName\":\"search_term_string\"}}],\"inLanguage\":\"lv-LV\"}]}<\/script>\n<!-- \/ Yoast SEO plugin. -->","yoast_head_json":{"title":"Ieg\u0101d\u0101jieties Euromillions loterijas bi\u013cetes tie\u0161saist\u0113","description":"Noteikti ieg\u0101d\u0101jieties tie\u0161saistes bi\u013cetes uz liel\u0101ko loteriju Eirop\u0101, Euromillions un Euromillions UK, no uzticama pakalpojumu sniedz\u0113ja, piem\u0113ram, RedFoxLotto.com.","robots":{"index":"index","follow":"follow","max-snippet":"max-snippet:-1","max-image-preview":"max-image-preview:large","max-video-preview":"max-video-preview:-1"},"canonical":"https:\/\/gambling6.com\/lv\/loterija\/ka-es-varu-iegadaties-euromillions-loterijas-biletes-tiessaiste-arpus-eiropas\/","og_locale":"lv_LV","og_type":"article","og_title":"Ieg\u0101d\u0101jieties Euromillions loterijas bi\u013cetes tie\u0161saist\u0113","og_description":"Noteikti ieg\u0101d\u0101jieties tie\u0161saistes bi\u013cetes uz liel\u0101ko loteriju Eirop\u0101, Euromillions un Euromillions UK, no uzticama pakalpojumu sniedz\u0113ja, piem\u0113ram, RedFoxLotto.com.","og_url":"https:\/\/gambling6.com\/lv\/loterija\/ka-es-varu-iegadaties-euromillions-loterijas-biletes-tiessaiste-arpus-eiropas\/","og_site_name":"Gambling6","article_modified_time":"2025-11-15T11:35:27+00:00","og_image":[{"width":200,"height":534,"url":"https:\/\/gambling6.com\/wp-content\/uploads\/2022\/04\/2_ticket_euromillions.jpg","type":"image\/jpeg"}],"twitter_card":"summary_large_image","twitter_misc":{"Est. reading time":"1 minute"},"schema":{"@context":"https:\/\/schema.org","@graph":[{"@type":"WebPage","@id":"https:\/\/gambling6.com\/lv\/loterija\/ka-es-varu-iegadaties-euromillions-loterijas-biletes-tiessaiste-arpus-eiropas\/","url":"https:\/\/gambling6.com\/lv\/loterija\/ka-es-varu-iegadaties-euromillions-loterijas-biletes-tiessaiste-arpus-eiropas\/","name":"Ieg\u0101d\u0101jieties Euromillions loterijas bi\u013cetes tie\u0161saist\u0113","isPartOf":{"@id":"https:\/\/gambling6.com\/lv\/#website"},"primaryImageOfPage":{"@id":"https:\/\/gambling6.com\/lv\/loterija\/ka-es-varu-iegadaties-euromillions-loterijas-biletes-tiessaiste-arpus-eiropas\/#primaryimage"},"image":{"@id":"https:\/\/gambling6.com\/lv\/loterija\/ka-es-varu-iegadaties-euromillions-loterijas-biletes-tiessaiste-arpus-eiropas\/#primaryimage"},"thumbnailUrl":"https:\/\/gambling6.com\/wp-content\/uploads\/2022\/04\/2_ticket_euromillions-112x300.jpg","datePublished":"2025-11-10T21:45:21+00:00","dateModified":"2025-11-15T11:35:27+00:00","description":"Noteikti ieg\u0101d\u0101jieties tie\u0161saistes bi\u013cetes uz liel\u0101ko loteriju Eirop\u0101, Euromillions un Euromillions UK, no uzticama pakalpojumu sniedz\u0113ja, piem\u0113ram, RedFoxLotto.com.","breadcrumb":{"@id":"https:\/\/gambling6.com\/lv\/loterija\/ka-es-varu-iegadaties-euromillions-loterijas-biletes-tiessaiste-arpus-eiropas\/#breadcrumb"},"inLanguage":"lv-LV","potentialAction":[{"@type":"ReadAction","target":["https:\/\/gambling6.com\/lv\/loterija\/ka-es-varu-iegadaties-euromillions-loterijas-biletes-tiessaiste-arpus-eiropas\/"]}]},{"@type":"ImageObject","inLanguage":"lv-LV","@id":"https:\/\/gambling6.com\/lv\/loterija\/ka-es-varu-iegadaties-euromillions-loterijas-biletes-tiessaiste-arpus-eiropas\/#primaryimage","url":"https:\/\/gambling6.com\/wp-content\/uploads\/2022\/04\/2_ticket_euromillions-112x300.jpg","contentUrl":"https:\/\/gambling6.com\/wp-content\/uploads\/2022\/04\/2_ticket_euromillions-112x300.jpg"},{"@type":"BreadcrumbList","@id":"https:\/\/gambling6.com\/lv\/loterija\/ka-es-varu-iegadaties-euromillions-loterijas-biletes-tiessaiste-arpus-eiropas\/#breadcrumb","itemListElement":[{"@type":"ListItem","position":1,"name":"Home","item":"https:\/\/gambling6.com\/lv\/home\/"},{"@type":"ListItem","position":2,"name":"Loterija","item":"https:\/\/gambling6.com\/lv\/loterija\/"},{"@type":"ListItem","position":3,"name":"K\u0101 es varu ieg\u0101d\u0101ties Euromillions loterijas bi\u013cetes tie\u0161saist\u0113 \u0101rpus Eiropas?"}]},{"@type":"WebSite","@id":"https:\/\/gambling6.com\/lv\/#website","url":"https:\/\/gambling6.com\/lv\/","name":"Gambling6","description":"","potentialAction":[{"@type":"SearchAction","target":{"@type":"EntryPoint","urlTemplate":"https:\/\/gambling6.com\/lv\/?s={search_term_string}"},"query-input":{"@type":"PropertyValueSpecification","valueRequired":true,"valueName":"search_term_string"}}],"inLanguage":"lv-LV"}]}},"_links":{"self":[{"href":"https:\/\/gambling6.com\/lv\/wp-json\/wp\/v2\/pages\/9404","targetHints":{"allow":["GET"]}}],"collection":[{"href":"https:\/\/gambling6.com\/lv\/wp-json\/wp\/v2\/pages"}],"about":[{"href":"https:\/\/gambling6.com\/lv\/wp-json\/wp\/v2\/types\/page"}],"author":[{"embeddable":true,"href":"https:\/\/gambling6.com\/lv\/wp-json\/wp\/v2\/users\/1"}],"replies":[{"embeddable":true,"href":"https:\/\/gambling6.com\/lv\/wp-json\/wp\/v2\/comments?post=9404"}],"version-history":[{"count":2,"href":"https:\/\/gambling6.com\/lv\/wp-json\/wp\/v2\/pages\/9404\/revisions"}],"predecessor-version":[{"id":10954,"href":"https:\/\/gambling6.com\/lv\/wp-json\/wp\/v2\/pages\/9404\/revisions\/10954"}],"up":[{"embeddable":true,"href":"https:\/\/gambling6.com\/lv\/wp-json\/wp\/v2\/pages\/9306"}],"wp:attachment":[{"href":"https:\/\/gambling6.com\/lv\/wp-json\/wp\/v2\/media?parent=9404"}],"curies":[{"name":"wp","href":"https:\/\/api.w.org\/{rel}","templated":true}]}}