{"id":9428,"date":"2025-11-11T02:34:01","date_gmt":"2025-11-11T02:34:01","guid":{"rendered":"https:\/\/gambling6.com\/loterija\/iegadajieties-tiessaiste-biletes-uz-nujorkas-loteriju\/"},"modified":"2025-11-11T02:34:01","modified_gmt":"2025-11-11T02:34:01","slug":"iegadajieties-tiessaiste-biletes-uz-nujorkas-loteriju","status":"publish","type":"page","link":"https:\/\/gambling6.com\/lv\/loterija\/iegadajieties-tiessaiste-biletes-uz-nujorkas-loteriju\/","title":{"rendered":"Ieg\u0101d\u0101jieties tie\u0161saist\u0113 bi\u013cetes uz \u0145ujorkas loteriju"},"content":{"rendered":"<h2>\u0145ujorkas loterija tie\u0161saist\u0113<\/h2>\n<p>\u0145ujorkas loterija, kuras d\u017eekpoti s\u0101kas no 3 miljoniem ASV dol\u0101ru, izlozes dien\u0101 k\u013c\u016bst tikpat liela k\u0101 pati pils\u0113ta. J\u016bsu zin\u0101\u0161anai, minim\u0101lais d\u017eekpots ir daudz liel\u0101ks nek\u0101 vairum\u0101 citu, <strong>t\u0101p\u0113c, pie\u0146emot l\u0113mumu, apsveriet iesp\u0113ju ieg\u0101d\u0101ties \u0145ujorkas loterijas bi\u013cetes tie\u0161saist\u0113<\/strong>.<\/p>\n<p>Ja d\u017eekpots netiek laim\u0113ts, varat sagaid\u012bt d\u017eekpota p\u0101rne\u0161anu, kas bie\u017ei tiek palielin\u0101ts l\u012bdz 10 cipariem. Paties\u012bb\u0101 \u0145ujorkas loterijas rekordd\u017eekpots ir 58 miljoni ASV dol\u0101ru. <strong>Ar iesp\u0113ju ieg\u0101d\u0101ties bi\u013cetes tie\u0161saist\u0113 j\u016bs var\u0113tu piedal\u012bties n\u0101kamaj\u0101 rekordd\u017eekpot\u0101.<\/strong><\/p>\n<h2>\u0145ujorkas loterija tiek izloz\u0113ta divas reizes ned\u0113\u013c\u0101.<\/h2>\n<p>Izloz\u0113, kas notiek divas reizes ned\u0113\u013c\u0101 \u0145ujork\u0101, d\u017eekpots vienm\u0113r ir miljoniem dol\u0101ru. Ir tikai lo\u0123iski, ka vien\u0101 no liel\u0101kaj\u0101m pils\u0113t\u0101m pasaul\u0113 ir d\u017eekpota loterija, kas s\u0101kas k\u0101 viena no liel\u0101kaj\u0101m pasaul\u0113. Katru ned\u0113\u013cu miljoniem \u0145ujorkas iedz\u012bvot\u0101ju st\u0101v rind\u0101, lai ieg\u0101d\u0101tos bi\u013cetes uz \u0161o dz\u012bvi maino\u0161o loteriju. <b>Nav nepiecie\u0161ams st\u0101v\u0113t rind\u0101, ja bi\u013cetes var ieg\u0101d\u0101ties tie\u0161saist\u0113.<\/b><\/p>\n<p>\u0145ujorkas loterija, kas ir viena no vec\u0101kaj\u0101m loterij\u0101m ASV, kas dibin\u0101ta 1967. gad\u0101, labdar\u012bbai vis\u0101 pasaul\u0113 ir sav\u0101kusi gandr\u012bz 40 miljardus dol\u0101ru. 2004. gad\u0101 viens bi\u013cetes \u012bpa\u0161nieks ieguva iespaid\u012bgus 58 miljonus dol\u0101ru, kas tolaik bija viens no liel\u0101kajiem loterijas laimestiem ASV v\u0113stur\u0113.<\/p>\n<p>\u0145ujorkas loteriju ir viegli sp\u0113l\u0113t. \u0160aj\u0101 6\/59 stila loterij\u0101 ir j\u0101izv\u0113las se\u0161i skait\u013ci no 1 l\u012bdz 59, k\u0101 ar\u012b bonusa skaitlis.<strong> Lai laim\u0113tu d\u017eekpotu, ir j\u0101atmin se\u0161i pamatskait\u013ci, un j\u016bsu izredzes ir aptuveni 1 no 45 miljoniem.<\/strong> Atminot piecus, \u010detrus vai tr\u012bs skait\u013cus, j\u016bs varat piedal\u012bties vien\u0101 no piec\u0101m sekund\u0101raj\u0101m balv\u0101m, kas pieejamas katr\u0101 izloz\u0113 katras ned\u0113\u013cas tre\u0161dien\u0101 un sestdien\u0101.<\/p>\n<p>\u0145ujorkas loterija ir sp\u0113le, ko v\u0113las sp\u0113l\u0113t ikviens, un tagad\u00a0<span style=\"box-sizing: border-box; margin: 0px; padding: 0px;\">j\u016bs varat\u00a0<a href=\"https:\/\/gambling6.com\/go\/redfoxlotto-en\/\" target=\"_blank\" rel=\"noopener\">ieg\u0101d\u0101ties bi\u013cetes tie\u0161saist\u0113, izmantojot m\u016bsu partneri RedFoxLotto, izmantojot<\/a><\/span><a class=\"thirstylink\" title=\"RedFoxLotto en\" href=\"https:\/\/gambling6.com\/go\/redfoxlotto-en\/\" target=\"_blank\" rel=\"nofollow noopener\">\u00a0\u0161o saiti.<\/a><\/p>\n<table style=\"width: 500px;\" border=\"1\" cellspacing=\"5\" cellpadding=\"5\" align=\"center\">\n<tbody>\n<tr>\n<td colspan=\"3\" align=\"center\">Pieci liel\u0101kie d\u017eekpoti 2013. gad\u0101<\/td>\n<\/tr>\n<tr>\n<td>Izloze<\/td>\n<td align=\"center\">Datums<\/td>\n<td align=\"center\">D\u017eekpots (USD)<\/td>\n<\/tr>\n<tr>\n<td>\u0145ujorkas Lotto &#8211; ASV<\/td>\n<td align=\"center\">10. apr\u012blis-13<\/td>\n<td align=\"right\">26 500 000 $<\/td>\n<\/tr>\n<tr>\n<td>\u0145ujorkas Lotto &#8211; ASV<\/td>\n<td align=\"center\">29. j\u016bnijs-13<\/td>\n<td align=\"right\">10\u00a0700\u00a0000\u00a0$<\/td>\n<\/tr>\n<tr>\n<td>\u0145ujorkas loterija\u00a0\u2014 ASV<\/td>\n<td align=\"center\">2013.\u00a0gada 4.\u00a0septembris<\/td>\n<td align=\"right\">7\u00a0100\u00a0000\u00a0$<\/td>\n<\/tr>\n<tr>\n<td>\u0145ujorkas loterija\u00a0\u2014 ASV<\/td>\n<td align=\"center\">2013.\u00a0gada 6.\u00a0novembris<\/td>\n<td align=\"right\">6\u00a0200\u00a0000\u00a0$<\/td>\n<\/tr>\n<tr>\n<td>\u0145ujorkas loterija\u00a0\u2014 ASV<\/td>\n<td align=\"center\">2013.\u00a0gada 23.\u00a0novembris<\/td>\n<td align=\"right\">3\u00a0200\u00a0000\u00a0$<\/td>\n<\/tr>\n<\/tbody>\n<\/table>\n<p>&nbsp;<\/p>\n<table style=\"width: 500px;\" border=\"1\" cellspacing=\"5\" cellpadding=\"5\" align=\"center\">\n<tbody>\n<tr>\n<td colspan=\"3\" align=\"center\">\u0145ujorkas loterija \u2014 ASV balvu l\u012bme\u0146i<\/td>\n<\/tr>\n<tr>\n<td>Balva<\/td>\n<td align=\"center\">Sp\u0113les<\/td>\n<td align=\"center\">Izredzes<\/td>\n<\/tr>\n<tr>\n<td>1. vieta (D\u017eeppots)<\/td>\n<td align=\"center\">6<\/td>\n<td align=\"right\">45\u00a0057\u00a0474 : 1<\/td>\n<\/tr>\n<tr>\n<td>2. vieta<\/td>\n<td align=\"center\">5 + 1<\/td>\n<td align=\"right\">7\u00a0509\u00a0579 : 1<\/td>\n<\/tr>\n<tr>\n<td>3.\u00a0vieta<\/td>\n<td align=\"center\">5<\/td>\n<td align=\"right\">141\u00a0690\u00a0:\u00a01<\/td>\n<\/tr>\n<tr>\n<td>4.\u00a0vieta<\/td>\n<td align=\"center\">4<\/td>\n<td align=\"right\">2180\u00a0:\u00a01<\/td>\n<\/tr>\n<tr>\n<td>5.\u00a0vieta<\/td>\n<td align=\"center\">3<\/td>\n<td align=\"right\">96\u00a0:\u00a01<\/td>\n<\/tr>\n<\/tbody>\n<\/table>\n","protected":false},"excerpt":{"rendered":"<p>\u0145ujorkas loterija tie\u0161saist\u0113 \u0145ujorkas loterija, kuras d\u017eekpoti s\u0101kas no 3 miljoniem ASV dol\u0101ru, izlozes dien\u0101 k\u013c\u016bst tikpat liela k\u0101 pati pils\u0113ta. J\u016bsu zin\u0101\u0161anai, minim\u0101lais d\u017eekpots ir daudz liel\u0101ks nek\u0101 vairum\u0101 citu, t\u0101p\u0113c, pie\u0146emot l\u0113mumu, apsveriet iesp\u0113ju ieg\u0101d\u0101ties \u0145ujorkas loterijas bi\u013cetes tie\u0161saist\u0113. Ja d\u017eekpots netiek laim\u0113ts, varat sagaid\u012bt d\u017eekpota p\u0101rne\u0161anu, kas bie\u017ei tiek palielin\u0101ts l\u012bdz 10 [&hellip;]<\/p>\n","protected":false},"author":1,"featured_media":0,"parent":9306,"menu_order":12,"comment_status":"closed","ping_status":"closed","template":"","meta":{"footnotes":""},"class_list":["post-9428","page","type-page","status-publish","hentry"],"yoast_head":"<!-- This site is optimized with the Yoast SEO plugin v27.3 - https:\/\/yoast.com\/product\/yoast-seo-wordpress\/ -->\n<title>P\u0113rciet bi\u013cetes uz \u0145ujorkas loteriju tie\u0161saist\u0113<\/title>\n<meta name=\"description\" content=\"K\u013c\u016bsti par t\u016bl\u012bt\u0113ju miljon\u0101ru, ieg\u0101d\u0101joties bi\u013cetes tie\u0161saist\u0113 \u0145ujorkas loterijai.\" \/>\n<meta name=\"robots\" content=\"index, follow, max-snippet:-1, max-image-preview:large, max-video-preview:-1\" \/>\n<link rel=\"canonical\" href=\"https:\/\/gambling6.com\/lv\/loterija\/iegadajieties-tiessaiste-biletes-uz-nujorkas-loteriju\/\" \/>\n<meta property=\"og:locale\" content=\"lv_LV\" \/>\n<meta property=\"og:type\" content=\"article\" \/>\n<meta property=\"og:title\" content=\"P\u0113rciet bi\u013cetes uz \u0145ujorkas loteriju tie\u0161saist\u0113\" \/>\n<meta property=\"og:description\" content=\"K\u013c\u016bsti par t\u016bl\u012bt\u0113ju miljon\u0101ru, ieg\u0101d\u0101joties bi\u013cetes tie\u0161saist\u0113 \u0145ujorkas loterijai.\" \/>\n<meta property=\"og:url\" content=\"https:\/\/gambling6.com\/lv\/loterija\/iegadajieties-tiessaiste-biletes-uz-nujorkas-loteriju\/\" \/>\n<meta property=\"og:site_name\" content=\"Gambling6\" \/>\n<meta name=\"twitter:card\" content=\"summary_large_image\" \/>\n<meta name=\"twitter:label1\" content=\"Est. reading time\" \/>\n\t<meta name=\"twitter:data1\" content=\"2 minutes\" \/>\n<script type=\"application\/ld+json\" class=\"yoast-schema-graph\">{\"@context\":\"https:\\\/\\\/schema.org\",\"@graph\":[{\"@type\":\"WebPage\",\"@id\":\"https:\\\/\\\/gambling6.com\\\/lv\\\/loterija\\\/iegadajieties-tiessaiste-biletes-uz-nujorkas-loteriju\\\/\",\"url\":\"https:\\\/\\\/gambling6.com\\\/lv\\\/loterija\\\/iegadajieties-tiessaiste-biletes-uz-nujorkas-loteriju\\\/\",\"name\":\"P\u0113rciet bi\u013cetes uz \u0145ujorkas loteriju tie\u0161saist\u0113\",\"isPartOf\":{\"@id\":\"https:\\\/\\\/gambling6.com\\\/lv\\\/#website\"},\"datePublished\":\"2025-11-11T02:34:01+00:00\",\"description\":\"K\u013c\u016bsti par t\u016bl\u012bt\u0113ju miljon\u0101ru, ieg\u0101d\u0101joties bi\u013cetes tie\u0161saist\u0113 \u0145ujorkas loterijai.\",\"breadcrumb\":{\"@id\":\"https:\\\/\\\/gambling6.com\\\/lv\\\/loterija\\\/iegadajieties-tiessaiste-biletes-uz-nujorkas-loteriju\\\/#breadcrumb\"},\"inLanguage\":\"lv-LV\",\"potentialAction\":[{\"@type\":\"ReadAction\",\"target\":[\"https:\\\/\\\/gambling6.com\\\/lv\\\/loterija\\\/iegadajieties-tiessaiste-biletes-uz-nujorkas-loteriju\\\/\"]}]},{\"@type\":\"BreadcrumbList\",\"@id\":\"https:\\\/\\\/gambling6.com\\\/lv\\\/loterija\\\/iegadajieties-tiessaiste-biletes-uz-nujorkas-loteriju\\\/#breadcrumb\",\"itemListElement\":[{\"@type\":\"ListItem\",\"position\":1,\"name\":\"Home\",\"item\":\"https:\\\/\\\/gambling6.com\\\/lv\\\/home\\\/\"},{\"@type\":\"ListItem\",\"position\":2,\"name\":\"Loterija\",\"item\":\"https:\\\/\\\/gambling6.com\\\/lv\\\/loterija\\\/\"},{\"@type\":\"ListItem\",\"position\":3,\"name\":\"Ieg\u0101d\u0101jieties tie\u0161saist\u0113 bi\u013cetes uz \u0145ujorkas loteriju\"}]},{\"@type\":\"WebSite\",\"@id\":\"https:\\\/\\\/gambling6.com\\\/lv\\\/#website\",\"url\":\"https:\\\/\\\/gambling6.com\\\/lv\\\/\",\"name\":\"Gambling6\",\"description\":\"\",\"potentialAction\":[{\"@type\":\"SearchAction\",\"target\":{\"@type\":\"EntryPoint\",\"urlTemplate\":\"https:\\\/\\\/gambling6.com\\\/lv\\\/?s={search_term_string}\"},\"query-input\":{\"@type\":\"PropertyValueSpecification\",\"valueRequired\":true,\"valueName\":\"search_term_string\"}}],\"inLanguage\":\"lv-LV\"}]}<\/script>\n<!-- \/ Yoast SEO plugin. -->","yoast_head_json":{"title":"P\u0113rciet bi\u013cetes uz \u0145ujorkas loteriju tie\u0161saist\u0113","description":"K\u013c\u016bsti par t\u016bl\u012bt\u0113ju miljon\u0101ru, ieg\u0101d\u0101joties bi\u013cetes tie\u0161saist\u0113 \u0145ujorkas loterijai.","robots":{"index":"index","follow":"follow","max-snippet":"max-snippet:-1","max-image-preview":"max-image-preview:large","max-video-preview":"max-video-preview:-1"},"canonical":"https:\/\/gambling6.com\/lv\/loterija\/iegadajieties-tiessaiste-biletes-uz-nujorkas-loteriju\/","og_locale":"lv_LV","og_type":"article","og_title":"P\u0113rciet bi\u013cetes uz \u0145ujorkas loteriju tie\u0161saist\u0113","og_description":"K\u013c\u016bsti par t\u016bl\u012bt\u0113ju miljon\u0101ru, ieg\u0101d\u0101joties bi\u013cetes tie\u0161saist\u0113 \u0145ujorkas loterijai.","og_url":"https:\/\/gambling6.com\/lv\/loterija\/iegadajieties-tiessaiste-biletes-uz-nujorkas-loteriju\/","og_site_name":"Gambling6","twitter_card":"summary_large_image","twitter_misc":{"Est. reading time":"2 minutes"},"schema":{"@context":"https:\/\/schema.org","@graph":[{"@type":"WebPage","@id":"https:\/\/gambling6.com\/lv\/loterija\/iegadajieties-tiessaiste-biletes-uz-nujorkas-loteriju\/","url":"https:\/\/gambling6.com\/lv\/loterija\/iegadajieties-tiessaiste-biletes-uz-nujorkas-loteriju\/","name":"P\u0113rciet bi\u013cetes uz \u0145ujorkas loteriju tie\u0161saist\u0113","isPartOf":{"@id":"https:\/\/gambling6.com\/lv\/#website"},"datePublished":"2025-11-11T02:34:01+00:00","description":"K\u013c\u016bsti par t\u016bl\u012bt\u0113ju miljon\u0101ru, ieg\u0101d\u0101joties bi\u013cetes tie\u0161saist\u0113 \u0145ujorkas loterijai.","breadcrumb":{"@id":"https:\/\/gambling6.com\/lv\/loterija\/iegadajieties-tiessaiste-biletes-uz-nujorkas-loteriju\/#breadcrumb"},"inLanguage":"lv-LV","potentialAction":[{"@type":"ReadAction","target":["https:\/\/gambling6.com\/lv\/loterija\/iegadajieties-tiessaiste-biletes-uz-nujorkas-loteriju\/"]}]},{"@type":"BreadcrumbList","@id":"https:\/\/gambling6.com\/lv\/loterija\/iegadajieties-tiessaiste-biletes-uz-nujorkas-loteriju\/#breadcrumb","itemListElement":[{"@type":"ListItem","position":1,"name":"Home","item":"https:\/\/gambling6.com\/lv\/home\/"},{"@type":"ListItem","position":2,"name":"Loterija","item":"https:\/\/gambling6.com\/lv\/loterija\/"},{"@type":"ListItem","position":3,"name":"Ieg\u0101d\u0101jieties tie\u0161saist\u0113 bi\u013cetes uz \u0145ujorkas loteriju"}]},{"@type":"WebSite","@id":"https:\/\/gambling6.com\/lv\/#website","url":"https:\/\/gambling6.com\/lv\/","name":"Gambling6","description":"","potentialAction":[{"@type":"SearchAction","target":{"@type":"EntryPoint","urlTemplate":"https:\/\/gambling6.com\/lv\/?s={search_term_string}"},"query-input":{"@type":"PropertyValueSpecification","valueRequired":true,"valueName":"search_term_string"}}],"inLanguage":"lv-LV"}]}},"_links":{"self":[{"href":"https:\/\/gambling6.com\/lv\/wp-json\/wp\/v2\/pages\/9428","targetHints":{"allow":["GET"]}}],"collection":[{"href":"https:\/\/gambling6.com\/lv\/wp-json\/wp\/v2\/pages"}],"about":[{"href":"https:\/\/gambling6.com\/lv\/wp-json\/wp\/v2\/types\/page"}],"author":[{"embeddable":true,"href":"https:\/\/gambling6.com\/lv\/wp-json\/wp\/v2\/users\/1"}],"replies":[{"embeddable":true,"href":"https:\/\/gambling6.com\/lv\/wp-json\/wp\/v2\/comments?post=9428"}],"version-history":[{"count":0,"href":"https:\/\/gambling6.com\/lv\/wp-json\/wp\/v2\/pages\/9428\/revisions"}],"up":[{"embeddable":true,"href":"https:\/\/gambling6.com\/lv\/wp-json\/wp\/v2\/pages\/9306"}],"wp:attachment":[{"href":"https:\/\/gambling6.com\/lv\/wp-json\/wp\/v2\/media?parent=9428"}],"curies":[{"name":"wp","href":"https:\/\/api.w.org\/{rel}","templated":true}]}}