{"id":9494,"date":"2025-11-11T03:31:10","date_gmt":"2025-11-11T03:31:10","guid":{"rendered":"https:\/\/gambling6.com\/loterija\/piedalieties-kanadas-6-49-loterija\/"},"modified":"2025-11-11T03:31:10","modified_gmt":"2025-11-11T03:31:10","slug":"piedalieties-kanadas-6-49-loterija","status":"publish","type":"page","link":"https:\/\/gambling6.com\/lv\/loterija\/piedalieties-kanadas-6-49-loterija\/","title":{"rendered":"Piedalieties Kan\u0101das 6\/49 loterij\u0101"},"content":{"rendered":"<h2>Kan\u0101das Lotto 6\/49<\/h2>\n<p>Kop\u0161 1982.\u00a0gada Kan\u0101d\u0101 ziem\u0101 bija garant\u0113tas divas lietas. Pirm\u0101 lieta, uz ko var\u0113j\u0101t pa\u013cauties, bija tas, ka var\u0113siet skat\u012bties \u201cHokeja nakti Kan\u0101d\u0101\u201d CBC kan\u0101l\u0101. Otr\u0101 lieta, ko var\u0113j\u0101t paredz\u0113t, bija tas, ka k\u0101ds k\u013c\u016bs par miljon\u0101ru, sp\u0113l\u0113jot Lotto 6\/49. M\u016bsdien\u0101s joproj\u0101m varat pa\u013cauties uz sestdienas vakara izlozi. <strong>Liel\u0101 at\u0161\u0137ir\u012bba m\u016bsdien\u0101s ir t\u0101, ka Kan\u0101das Lotto 6\/49 izlozei var ieg\u0101d\u0101ties bi\u013cetes tie\u0161saist\u0113.<\/strong> Veltiet laiku, lai <a class=\"thirstylink\" title=\"Redfoxlotto\" href=\"https:\/\/gambling6.com\/go\/redfoxlotto\/\" target=\"_blank\" rel=\"nofollow noopener\">ieg\u0101d\u0101tos bi\u013cetes tie\u0161saist\u0113 jau \u0161odien pie m\u016bsu partnera RedFoxLotto.com.<\/a><img loading=\"lazy\" decoding=\"async\" class=\" alignright size-full wp-image-562\" style=\"margin: 10px; border: 5px solid #ffffff; float: right;\" src=\"http:\/\/gambling6.com\/wp-content\/uploads\/2013\/12\/get-online-649-lotto-tickets.png\" alt=\"Lotto 6\/49 Canada\" width=\"300\" height=\"190\" \/><\/p>\n<p>Varb\u016bt\u012bba ieg\u016bt pirmo balvu Kan\u0101das Lotto 6\/49 ir \u200b\u200b13\u00a0983\u00a0816:1. Kop\u0113j\u0101 iesp\u0113ja ieg\u016bt balvu ir aptuveni viena no 32. Lai ieg\u016btu tie\u0161saistes bi\u013cetes, vispirms j\u0101izv\u0113las se\u0161as pamata bumbi\u0146as no 1 l\u012bdz 49. <strong>Lai ieg\u016btu da\u013cu no d\u017eekpota, jums ir j\u0101atmin visi se\u0161i izloz\u0113tie skait\u013ci<\/strong>. Lai ieg\u016btu otro balvu, pareizi j\u0101izv\u0113las pieci pamata skait\u013ci un bonusa skaitlis. Izlozes notiek sestdienu un tre\u0161dienu vakaros aptuveni plkst. 19:10 p\u0113c EST laika Kan\u0101d\u0101. Ir se\u0161i balvu l\u012bme\u0146i, un, ja neviens nepieprasa d\u017eekpotu, tas tiek p\u0101rcelts uz n\u0101kamo sp\u0113li, l\u012bdz k\u0101ds beidzot uzvar. <\/p>\n<h2>Sp\u0113l\u0113jiet par milz\u012bgiem d\u017eekpotiem, izmantojot tie\u0161saistes bi\u013cetes uz Lotto 6\/49<\/h2>\n<table style=\"width: 500px;\" border=\"1\" cellspacing=\"5\" cellpadding=\"5\" align=\"center\">\n<tbody>\n<tr>\n<td colspan=\"3\" align=\"center\">Pieci liel\u0101kie d\u017eekpoti 2013. gadam<\/td>\n<\/tr>\n<tr>\n<td>Izloze<\/td>\n<td align=\"center\">Datums<\/td>\n<td align=\"center\">D\u017eekpots (USD)<\/td>\n<\/tr>\n<tr>\n<td>Lotto 6\/49 &#8211; Kan\u0101da<\/td>\n<td align=\"center\">13. apr\u012blis-13<\/td>\n<td align=\"right\">58 974 913 $<\/td>\n<\/tr>\n<tr>\n<td>Lotto 6\/49 &#8211; Kan\u0101da<\/td>\n<td align=\"center\">12. oktobris-13<\/td>\n<td align=\"right\">37\u00a0200\u00a0000\u00a0$<\/td>\n<\/tr>\n<tr>\n<td>6. loterija\u00a06\/49\u00a0\u2014 Kan\u0101da<\/td>\n<td align=\"center\">2013.\u00a0gada 30.\u00a0oktobris<\/td>\n<td align=\"right\">18\u00a0807\u00a0390\u00a0$<\/td>\n<\/tr>\n<tr>\n<td>6. loterija\u00a06\/49\u00a0\u2014 Kan\u0101da<\/td>\n<td align=\"center\">2013.\u00a0gada 6.\u00a0j\u016blijs<\/td>\n<td align=\"right\">18\u00a0351\u00a0756\u00a0$<\/td>\n<\/tr>\n<tr>\n<td>6. loterija\u00a06\/49\u00a0\u2014 Kan\u0101da<\/td>\n<td align=\"center\">2013.\u00a0gada 4.\u00a0decembris<\/td>\n<td align=\"right\">17\u00a0670\u00a0000\u00a0$<\/td>\n<\/tr>\n<\/tbody>\n<\/table>\n<h2>Daudzi balvu l\u012bme\u0146i, ko laim\u0113t ar tie\u0161saistes loterijas bi\u013cet\u0113m<\/h2>\n<p>Iesp\u0113ja laim\u0113t septi\u0146os da\u017e\u0101dos balvu l\u012bme\u0146os paver pla\u0161as iesp\u0113jas nopeln\u012bt naudu, ieg\u0101d\u0101joties Lotto 6\/49 bi\u013cetes tie\u0161saist\u0113. Daudzi cilv\u0113ki paties\u012bb\u0101 aizmirst par visiem papildu l\u012bme\u0146iem, kuros var laim\u0113t balvu. Kad bi\u013cetes ir ieg\u0101d\u0101tas, ir svar\u012bgi t\u0101s p\u0101rbaud\u012bt, lai redz\u0113tu, vai esat kaut ko laim\u0113jis.<\/p>\n<p>Tas ir fakts, ka daudzi cilv\u0113ki katru ned\u0113\u013cu p\u0113rk bi\u013cetes un nep\u0101rbauda, \u200b\u200bvai ir kaut ko laim\u0113ju\u0161i, dzirdot, ka k\u0101ds cits ir ieg\u0101d\u0101jies bi\u013ceti cit\u0101 viet\u0101 un laim\u0113jis d\u017eekpotu. <b>Tikpat vienk\u0101r\u0161i, cik tie\u0161saist\u0113 ir ieg\u0101d\u0101ties Lotto 6\/49 bi\u013cetes, tikpat vienk\u0101r\u0161i ir p\u0101rbaud\u012bt savas bi\u013cetes tie\u0161saist\u0113.<\/b> Ir pieejams daudz r\u012bku, kas pal\u012bdz mekl\u0113t vair\u0101k\u0101s datub\u0101z\u0113s par liel\u0101kaj\u0101m loterij\u0101m vis\u0101 pasaul\u0113.<\/p>\n<table style=\"width: 500px;\" border=\"1\" cellspacing=\"5\" cellpadding=\"5\" align=\"center\">\n<tbody>\n<tr>\n<td colspan=\"3\" align=\"center\">Lotto 6\/49 &#8211; Kan\u0101das balvu l\u012bme\u0146i<\/td>\n<\/tr>\n<tr>\n<td>Balva<\/td>\n<td align=\"center\">Ma\u010di<\/td>\n<td align=\"center\">Izredzes<\/td>\n<\/tr>\n<tr>\n<td>1. vieta (D\u017eeppots)<\/td>\n<td align=\"center\">6<\/td>\n<td align=\"right\">13\u00a0983\u00a0816 : 1<\/td>\n<\/tr>\n<tr>\n<td>2. vieta<\/td>\n<td align=\"center\">5 + 1<\/td>\n<td align=\"right\">2\u00a0330\u00a0636 : 1<\/td>\n<\/tr>\n<tr>\n<td>3.\u00a0vieta<\/td>\n<td align=\"center\">5<\/td>\n<td align=\"right\">55\u00a0492\u00a0:\u00a01<\/td>\n<\/tr>\n<tr>\n<td>4.\u00a0vieta<\/td>\n<td align=\"center\">4<\/td>\n<td align=\"right\">1033\u00a0:\u00a01<\/td>\n<\/tr>\n<tr>\n<td>5.\u00a0vieta<\/td>\n<td align=\"center\">3<\/td>\n<td align=\"right\">57\u00a0:\u00a01<\/td>\n<\/tr>\n<tr>\n<td>6.\u00a0vieta<\/td>\n<td align=\"center\">2 + 1<\/td>\n<td align=\"right\">81\u00a0:\u00a01<\/td>\n<\/tr>\n<tr>\n<td>7.\u00a0vieta<\/td>\n<td align=\"center\">2<\/td>\n<td align=\"right\">8 : 1<\/td>\n<\/tr>\n<\/tbody>\n<\/table>\n<p style=\"text-align: center;\"><strong>Sp\u0113l\u0113jiet Kan\u0101das loteriju 6\/49 tie\u0161saist\u0113 un izbaudiet br\u012bv\u012bbu, ko sniedz miljon\u0101ra statuss!<\/strong><\/p>\n","protected":false},"excerpt":{"rendered":"<p>Kan\u0101das Lotto 6\/49 Kop\u0161 1982.\u00a0gada Kan\u0101d\u0101 ziem\u0101 bija garant\u0113tas divas lietas. Pirm\u0101 lieta, uz ko var\u0113j\u0101t pa\u013cauties, bija tas, ka var\u0113siet skat\u012bties \u201cHokeja nakti Kan\u0101d\u0101\u201d CBC kan\u0101l\u0101. Otr\u0101 lieta, ko var\u0113j\u0101t paredz\u0113t, bija tas, ka k\u0101ds k\u013c\u016bs par miljon\u0101ru, sp\u0113l\u0113jot Lotto 6\/49. M\u016bsdien\u0101s joproj\u0101m varat pa\u013cauties uz sestdienas vakara izlozi. Liel\u0101 at\u0161\u0137ir\u012bba m\u016bsdien\u0101s ir t\u0101, [&hellip;]<\/p>\n","protected":false},"author":1,"featured_media":9479,"parent":9306,"menu_order":5,"comment_status":"closed","ping_status":"closed","template":"","meta":{"footnotes":""},"class_list":["post-9494","page","type-page","status-publish","has-post-thumbnail","hentry"],"yoast_head":"<!-- This site is optimized with the Yoast SEO plugin v27.5 - https:\/\/yoast.com\/product\/yoast-seo-wordpress\/ -->\n<title>Ieg\u0101d\u0101jieties tie\u0161saistes bi\u013cetes uz Kan\u0101das 6\/49 loteriju<\/title>\n<meta name=\"description\" content=\"Tagad Kan\u0101d\u0101 ir viegli ieg\u0101d\u0101ties bi\u013cetes tie\u0161saist\u0113 uz Lotto 6\/49.\" \/>\n<meta name=\"robots\" content=\"index, follow, max-snippet:-1, max-image-preview:large, max-video-preview:-1\" \/>\n<link rel=\"canonical\" href=\"https:\/\/gambling6.com\/lv\/loterija\/piedalieties-kanadas-6-49-loterija\/\" \/>\n<meta property=\"og:locale\" content=\"lv_LV\" \/>\n<meta property=\"og:type\" content=\"article\" \/>\n<meta property=\"og:title\" content=\"Ieg\u0101d\u0101jieties tie\u0161saistes bi\u013cetes uz Kan\u0101das 6\/49 loteriju\" \/>\n<meta property=\"og:description\" content=\"Tagad Kan\u0101d\u0101 ir viegli ieg\u0101d\u0101ties bi\u013cetes tie\u0161saist\u0113 uz Lotto 6\/49.\" \/>\n<meta property=\"og:url\" content=\"https:\/\/gambling6.com\/lv\/loterija\/piedalieties-kanadas-6-49-loterija\/\" \/>\n<meta property=\"og:site_name\" content=\"Gambling6\" \/>\n<meta property=\"og:image\" content=\"https:\/\/gambling6.com\/wp-content\/uploads\/2013\/12\/get-online-649-lotto-tickets.png\" \/>\n\t<meta property=\"og:image:width\" content=\"300\" \/>\n\t<meta property=\"og:image:height\" content=\"190\" \/>\n\t<meta property=\"og:image:type\" content=\"image\/png\" \/>\n<meta name=\"twitter:card\" content=\"summary_large_image\" \/>\n<meta name=\"twitter:label1\" content=\"Est. reading time\" \/>\n\t<meta name=\"twitter:data1\" content=\"2 minutes\" \/>\n<script type=\"application\/ld+json\" class=\"yoast-schema-graph\">{\"@context\":\"https:\\\/\\\/schema.org\",\"@graph\":[{\"@type\":\"WebPage\",\"@id\":\"https:\\\/\\\/gambling6.com\\\/lv\\\/loterija\\\/piedalieties-kanadas-6-49-loterija\\\/\",\"url\":\"https:\\\/\\\/gambling6.com\\\/lv\\\/loterija\\\/piedalieties-kanadas-6-49-loterija\\\/\",\"name\":\"Ieg\u0101d\u0101jieties tie\u0161saistes bi\u013cetes uz Kan\u0101das 6\\\/49 loteriju\",\"isPartOf\":{\"@id\":\"https:\\\/\\\/gambling6.com\\\/lv\\\/#website\"},\"primaryImageOfPage\":{\"@id\":\"https:\\\/\\\/gambling6.com\\\/lv\\\/loterija\\\/piedalieties-kanadas-6-49-loterija\\\/#primaryimage\"},\"image\":{\"@id\":\"https:\\\/\\\/gambling6.com\\\/lv\\\/loterija\\\/piedalieties-kanadas-6-49-loterija\\\/#primaryimage\"},\"thumbnailUrl\":\"https:\\\/\\\/gambling6.com\\\/wp-content\\\/uploads\\\/2013\\\/12\\\/get-online-649-lotto-tickets.png\",\"datePublished\":\"2025-11-11T03:31:10+00:00\",\"description\":\"Tagad Kan\u0101d\u0101 ir viegli ieg\u0101d\u0101ties bi\u013cetes tie\u0161saist\u0113 uz Lotto 6\\\/49.\",\"breadcrumb\":{\"@id\":\"https:\\\/\\\/gambling6.com\\\/lv\\\/loterija\\\/piedalieties-kanadas-6-49-loterija\\\/#breadcrumb\"},\"inLanguage\":\"lv-LV\",\"potentialAction\":[{\"@type\":\"ReadAction\",\"target\":[\"https:\\\/\\\/gambling6.com\\\/lv\\\/loterija\\\/piedalieties-kanadas-6-49-loterija\\\/\"]}]},{\"@type\":\"ImageObject\",\"inLanguage\":\"lv-LV\",\"@id\":\"https:\\\/\\\/gambling6.com\\\/lv\\\/loterija\\\/piedalieties-kanadas-6-49-loterija\\\/#primaryimage\",\"url\":\"https:\\\/\\\/gambling6.com\\\/wp-content\\\/uploads\\\/2013\\\/12\\\/get-online-649-lotto-tickets.png\",\"contentUrl\":\"https:\\\/\\\/gambling6.com\\\/wp-content\\\/uploads\\\/2013\\\/12\\\/get-online-649-lotto-tickets.png\",\"width\":300,\"height\":190},{\"@type\":\"BreadcrumbList\",\"@id\":\"https:\\\/\\\/gambling6.com\\\/lv\\\/loterija\\\/piedalieties-kanadas-6-49-loterija\\\/#breadcrumb\",\"itemListElement\":[{\"@type\":\"ListItem\",\"position\":1,\"name\":\"Home\",\"item\":\"https:\\\/\\\/gambling6.com\\\/lv\\\/home\\\/\"},{\"@type\":\"ListItem\",\"position\":2,\"name\":\"Loterija\",\"item\":\"https:\\\/\\\/gambling6.com\\\/lv\\\/loterija\\\/\"},{\"@type\":\"ListItem\",\"position\":3,\"name\":\"Piedalieties Kan\u0101das 6\\\/49 loterij\u0101\"}]},{\"@type\":\"WebSite\",\"@id\":\"https:\\\/\\\/gambling6.com\\\/lv\\\/#website\",\"url\":\"https:\\\/\\\/gambling6.com\\\/lv\\\/\",\"name\":\"Gambling6\",\"description\":\"\",\"potentialAction\":[{\"@type\":\"SearchAction\",\"target\":{\"@type\":\"EntryPoint\",\"urlTemplate\":\"https:\\\/\\\/gambling6.com\\\/lv\\\/?s={search_term_string}\"},\"query-input\":{\"@type\":\"PropertyValueSpecification\",\"valueRequired\":true,\"valueName\":\"search_term_string\"}}],\"inLanguage\":\"lv-LV\"}]}<\/script>\n<!-- \/ Yoast SEO plugin. -->","yoast_head_json":{"title":"Ieg\u0101d\u0101jieties tie\u0161saistes bi\u013cetes uz Kan\u0101das 6\/49 loteriju","description":"Tagad Kan\u0101d\u0101 ir viegli ieg\u0101d\u0101ties bi\u013cetes tie\u0161saist\u0113 uz Lotto 6\/49.","robots":{"index":"index","follow":"follow","max-snippet":"max-snippet:-1","max-image-preview":"max-image-preview:large","max-video-preview":"max-video-preview:-1"},"canonical":"https:\/\/gambling6.com\/lv\/loterija\/piedalieties-kanadas-6-49-loterija\/","og_locale":"lv_LV","og_type":"article","og_title":"Ieg\u0101d\u0101jieties tie\u0161saistes bi\u013cetes uz Kan\u0101das 6\/49 loteriju","og_description":"Tagad Kan\u0101d\u0101 ir viegli ieg\u0101d\u0101ties bi\u013cetes tie\u0161saist\u0113 uz Lotto 6\/49.","og_url":"https:\/\/gambling6.com\/lv\/loterija\/piedalieties-kanadas-6-49-loterija\/","og_site_name":"Gambling6","og_image":[{"width":300,"height":190,"url":"https:\/\/gambling6.com\/wp-content\/uploads\/2013\/12\/get-online-649-lotto-tickets.png","type":"image\/png"}],"twitter_card":"summary_large_image","twitter_misc":{"Est. reading time":"2 minutes"},"schema":{"@context":"https:\/\/schema.org","@graph":[{"@type":"WebPage","@id":"https:\/\/gambling6.com\/lv\/loterija\/piedalieties-kanadas-6-49-loterija\/","url":"https:\/\/gambling6.com\/lv\/loterija\/piedalieties-kanadas-6-49-loterija\/","name":"Ieg\u0101d\u0101jieties tie\u0161saistes bi\u013cetes uz Kan\u0101das 6\/49 loteriju","isPartOf":{"@id":"https:\/\/gambling6.com\/lv\/#website"},"primaryImageOfPage":{"@id":"https:\/\/gambling6.com\/lv\/loterija\/piedalieties-kanadas-6-49-loterija\/#primaryimage"},"image":{"@id":"https:\/\/gambling6.com\/lv\/loterija\/piedalieties-kanadas-6-49-loterija\/#primaryimage"},"thumbnailUrl":"https:\/\/gambling6.com\/wp-content\/uploads\/2013\/12\/get-online-649-lotto-tickets.png","datePublished":"2025-11-11T03:31:10+00:00","description":"Tagad Kan\u0101d\u0101 ir viegli ieg\u0101d\u0101ties bi\u013cetes tie\u0161saist\u0113 uz Lotto 6\/49.","breadcrumb":{"@id":"https:\/\/gambling6.com\/lv\/loterija\/piedalieties-kanadas-6-49-loterija\/#breadcrumb"},"inLanguage":"lv-LV","potentialAction":[{"@type":"ReadAction","target":["https:\/\/gambling6.com\/lv\/loterija\/piedalieties-kanadas-6-49-loterija\/"]}]},{"@type":"ImageObject","inLanguage":"lv-LV","@id":"https:\/\/gambling6.com\/lv\/loterija\/piedalieties-kanadas-6-49-loterija\/#primaryimage","url":"https:\/\/gambling6.com\/wp-content\/uploads\/2013\/12\/get-online-649-lotto-tickets.png","contentUrl":"https:\/\/gambling6.com\/wp-content\/uploads\/2013\/12\/get-online-649-lotto-tickets.png","width":300,"height":190},{"@type":"BreadcrumbList","@id":"https:\/\/gambling6.com\/lv\/loterija\/piedalieties-kanadas-6-49-loterija\/#breadcrumb","itemListElement":[{"@type":"ListItem","position":1,"name":"Home","item":"https:\/\/gambling6.com\/lv\/home\/"},{"@type":"ListItem","position":2,"name":"Loterija","item":"https:\/\/gambling6.com\/lv\/loterija\/"},{"@type":"ListItem","position":3,"name":"Piedalieties Kan\u0101das 6\/49 loterij\u0101"}]},{"@type":"WebSite","@id":"https:\/\/gambling6.com\/lv\/#website","url":"https:\/\/gambling6.com\/lv\/","name":"Gambling6","description":"","potentialAction":[{"@type":"SearchAction","target":{"@type":"EntryPoint","urlTemplate":"https:\/\/gambling6.com\/lv\/?s={search_term_string}"},"query-input":{"@type":"PropertyValueSpecification","valueRequired":true,"valueName":"search_term_string"}}],"inLanguage":"lv-LV"}]}},"_links":{"self":[{"href":"https:\/\/gambling6.com\/lv\/wp-json\/wp\/v2\/pages\/9494","targetHints":{"allow":["GET"]}}],"collection":[{"href":"https:\/\/gambling6.com\/lv\/wp-json\/wp\/v2\/pages"}],"about":[{"href":"https:\/\/gambling6.com\/lv\/wp-json\/wp\/v2\/types\/page"}],"author":[{"embeddable":true,"href":"https:\/\/gambling6.com\/lv\/wp-json\/wp\/v2\/users\/1"}],"replies":[{"embeddable":true,"href":"https:\/\/gambling6.com\/lv\/wp-json\/wp\/v2\/comments?post=9494"}],"version-history":[{"count":0,"href":"https:\/\/gambling6.com\/lv\/wp-json\/wp\/v2\/pages\/9494\/revisions"}],"up":[{"embeddable":true,"href":"https:\/\/gambling6.com\/lv\/wp-json\/wp\/v2\/pages\/9306"}],"wp:featuredmedia":[{"embeddable":true,"href":"https:\/\/gambling6.com\/lv\/wp-json\/wp\/v2\/media\/9479"}],"wp:attachment":[{"href":"https:\/\/gambling6.com\/lv\/wp-json\/wp\/v2\/media?parent=9494"}],"curies":[{"name":"wp","href":"https:\/\/api.w.org\/{rel}","templated":true}]}}