{"id":9626,"date":"2025-11-11T08:15:39","date_gmt":"2025-11-11T08:15:39","guid":{"rendered":"https:\/\/gambling6.com\/loterija\/perciet-floridas-loterijas-biletes-tiessaiste\/"},"modified":"2025-11-11T08:15:39","modified_gmt":"2025-11-11T08:15:39","slug":"perciet-floridas-loterijas-biletes-tiessaiste","status":"publish","type":"page","link":"https:\/\/gambling6.com\/lv\/loterija\/perciet-floridas-loterijas-biletes-tiessaiste\/","title":{"rendered":"P\u0113rciet Floridas loterijas bi\u013cetes tie\u0161saist\u0113"},"content":{"rendered":"<h2>Florida Lotto<\/h2>\n<p>Karsts \u0161tats, karsta loterija! Floridas iedz\u012bvot\u0101ji noteikti piekristu, ka vi\u0146u loterija ir oblig\u0101ti j\u0101izm\u0113\u0123ina katru tre\u0161dienu un sestdienu. Ar d\u017eekpotiem, kas s\u0101kas no 2 miljoniem ASV dol\u0101ru un diezgan bie\u017ei p\u0101rsniedz 10 miljonus un vair\u0101k, Floridas loterija ir k\u013cuvusi neticami popul\u0101ra sniega putnu un tie\u0161saistes loteriju fan\u0101ti\u0137u vid\u016b. <strong>Ieg\u0101d\u0101ties bi\u013cetes tie\u0161saist\u0113 Floridas loterijai ir vienk\u0101r\u0161\u0101k nek\u0101 ce\u013cot uz Floridu, lai t\u0101s ieg\u0101d\u0101tos.<\/strong><\/p>\n<p>Lai gan d\u017eekpota laim\u0113\u0161anas iesp\u0113ja ir viena no 22\u00a0957\u00a0480,<strong>jums ir liel\u0101ka nek\u0101 1 no 67 iesp\u0113ja laim\u0113t vienu no balv\u0101m, kas pieejamas \u010detros l\u012bme\u0146os.<\/strong> T\u0101 k\u0101 ir tikai \u010detri balvu l\u012bme\u0146i, naudas summas ir liel\u0101kas nek\u0101 liel\u0101kaj\u0101 da\u013c\u0101 citu loteriju. Tom\u0113r d\u017eekpota laim\u0113\u0161ana nav izsl\u0113gta. Rekordd\u017eekpots bija nedaudz vair\u0101k par 106 miljoniem ASV dol\u0101ru; tas bija viens no liel\u0101kajiem d\u017eekpotiem Amerikas v\u0113stur\u0113 laik\u0101, kad tas tika laim\u0113ts. <\/p>\n<h2>Florida Lotto atbalsta izgl\u012bt\u012bbu<\/h2>\n<p>1988. gad\u0101, lai pal\u012bdz\u0113tu finans\u0113t izgl\u012bt\u012bbu Floridas \u0161tat\u0101, tika izveidota Florida Lotto. \u0160im m\u0113r\u0137im ir sav\u0101kti daudzi l\u012bdzek\u013ci, un, pievienojoties tie\u0161saistes p\u0101rdo\u0161anai, Florida Lotto d\u017eekpoti ir strauji augu\u0161i. To apliecina 1990. gada rekordlielais d\u017eekpots 106 miljonu ASV dol\u0101ru apm\u0113r\u0101. <strong>\u0160o rekordlielo d\u017eekpotu piepras\u012bja se\u0161i da\u017e\u0101di uzvar\u0113t\u0101ji, un visiem uz bi\u013cetes bija \u0161ie skait\u013ci.<\/strong><\/p>\n<p>Lai sp\u0113l\u0113tu \u0161o loteriju, jums j\u0101izv\u0113las se\u0161i skait\u013ci no 1 l\u012bdz 53. Lai piepras\u012btu d\u017eekpotu, jums vienk\u0101r\u0161i j\u0101atmin visi se\u0161i skait\u013ci. Ja d\u017eekpots netiek piepras\u012bts, tas tiek p\u0101rcelts uz n\u0101kamo izlozi. K\u0101 tie\u0161saistes bi\u013cetes \u012bpa\u0161niekam jums ir iesp\u0113ja laim\u0113t \u010detrus da\u017e\u0101dus balvu l\u012bme\u0146us, kas var ar\u012b pal\u012bdz\u0113t jums ieg\u016bt lielu naudas summu.<\/p>\n<p>Varb\u016bt j\u016bs nevarat iztur\u0113t karsto klimatu, ko pied\u0101v\u0101 Florida. Tom\u0113r j\u016bs noteikti varat <a class=\"thirstylink\" title=\"TheLotter en\" href=\"https:\/\/gambling6.com\/go\/thelotter-en\/\" target=\"_blank\" rel=\"nofollow noopener\"><strong>izmantot iesp\u0113ju ieg\u016bt Floridas Lotto bi\u013cetes tie\u0161saist\u0113, apmekl\u0113jot m\u016bsu partnera TheLotter vietni<\/strong>.<\/a><\/p>\n<p>&nbsp;<\/p>\n<table style=\"width: 500px;\" border=\"1\" cellspacing=\"5\" cellpadding=\"5\" align=\"center\">\n<tbody>\n<tr>\n<td colspan=\"3\" align=\"center\">Liel\u0101kie d\u017eekpoti 2013. gad\u0101<\/td>\n<\/tr>\n<tr>\n<td>Izloze<\/td>\n<td align=\"center\">Datums<\/td>\n<td align=\"center\">D\u017eekpots (USD)<\/td>\n<\/tr>\n<tr>\n<td>Florida Lotto &#8211; ASV<\/td>\n<td align=\"center\">24.08.2013.<\/td>\n<td align=\"right\">58\u00a0000\u00a0000\u00a0USD<\/td>\n<\/tr>\n<tr>\n<td>Florida Lotto &#8211; ASV<\/td>\n<td align=\"center\">18.12.2013.<\/td>\n<td align=\"right\">46\u00a0000\u00a0000\u00a0ASV dol\u0101ru<\/td>\n<\/tr>\n<\/tbody>\n<\/table>\n<table style=\"width: 500px;\" border=\"1\" cellspacing=\"5\" cellpadding=\"5\" align=\"center\">\n<tbody>\n<tr>\n<td colspan=\"3\" align=\"center\">Floridas loterija \u2014 ASV balvu l\u012bme\u0146i<\/td>\n<\/tr>\n<tr>\n<td>Balva<\/td>\n<td align=\"center\">Sp\u0113les<\/td>\n<td align=\"center\">Koeficienti<\/td>\n<\/tr>\n<tr>\n<td>1. vieta (D\u017eeppots)<\/td>\n<td align=\"center\">6<\/td>\n<td align=\"right\">22\u00a0957\u00a0480 : 1<\/td>\n<\/tr>\n<tr>\n<td>2. vieta<\/td>\n<td align=\"center\">5<\/td>\n<td align=\"right\">81\u00a0410 : 1<\/td>\n<\/tr>\n<tr>\n<td>3. vieta<\/td>\n<td align=\"center\">4<\/td>\n<td align=\"right\">1416:1<\/td>\n<\/tr>\n<tr>\n<td>4.\u00a0vieta<\/td>\n<td align=\"center\">3<\/td>\n<td align=\"right\">71:1<\/td>\n<\/tr>\n<\/tbody>\n<\/table>\n","protected":false},"excerpt":{"rendered":"<p>Florida Lotto Karsts \u0161tats, karsta loterija! Floridas iedz\u012bvot\u0101ji noteikti piekristu, ka vi\u0146u loterija ir oblig\u0101ti j\u0101izm\u0113\u0123ina katru tre\u0161dienu un sestdienu. Ar d\u017eekpotiem, kas s\u0101kas no 2 miljoniem ASV dol\u0101ru un diezgan bie\u017ei p\u0101rsniedz 10 miljonus un vair\u0101k, Floridas loterija ir k\u013cuvusi neticami popul\u0101ra sniega putnu un tie\u0161saistes loteriju fan\u0101ti\u0137u vid\u016b. Ieg\u0101d\u0101ties bi\u013cetes tie\u0161saist\u0113 Floridas loterijai [&hellip;]<\/p>\n","protected":false},"author":1,"featured_media":0,"parent":9306,"menu_order":11,"comment_status":"closed","ping_status":"closed","template":"","meta":{"footnotes":""},"class_list":["post-9626","page","type-page","status-publish","hentry"],"yoast_head":"<!-- This site is optimized with the Yoast SEO plugin v27.4 - https:\/\/yoast.com\/product\/yoast-seo-wordpress\/ -->\n<title>Ieg\u016bstiet tie\u0161saist\u0113 bi\u013cetes uz Floridas loteriju<\/title>\n<meta name=\"description\" content=\"Piedalieties Floridas loterij\u0101 un p\u0101rsp\u0113jiet karstumu, ieg\u0101d\u0101joties bi\u013cetes tie\u0161saist\u0113.\" \/>\n<meta name=\"robots\" content=\"index, follow, max-snippet:-1, max-image-preview:large, max-video-preview:-1\" \/>\n<link rel=\"canonical\" href=\"https:\/\/gambling6.com\/lv\/loterija\/perciet-floridas-loterijas-biletes-tiessaiste\/\" \/>\n<meta property=\"og:locale\" content=\"lv_LV\" \/>\n<meta property=\"og:type\" content=\"article\" \/>\n<meta property=\"og:title\" content=\"Ieg\u016bstiet tie\u0161saist\u0113 bi\u013cetes uz Floridas loteriju\" \/>\n<meta property=\"og:description\" content=\"Piedalieties Floridas loterij\u0101 un p\u0101rsp\u0113jiet karstumu, ieg\u0101d\u0101joties bi\u013cetes tie\u0161saist\u0113.\" \/>\n<meta property=\"og:url\" content=\"https:\/\/gambling6.com\/lv\/loterija\/perciet-floridas-loterijas-biletes-tiessaiste\/\" \/>\n<meta property=\"og:site_name\" content=\"Gambling6\" \/>\n<meta name=\"twitter:card\" content=\"summary_large_image\" \/>\n<meta name=\"twitter:label1\" content=\"Est. reading time\" \/>\n\t<meta name=\"twitter:data1\" content=\"2 minutes\" \/>\n<script type=\"application\/ld+json\" class=\"yoast-schema-graph\">{\"@context\":\"https:\\\/\\\/schema.org\",\"@graph\":[{\"@type\":\"WebPage\",\"@id\":\"https:\\\/\\\/gambling6.com\\\/lv\\\/loterija\\\/perciet-floridas-loterijas-biletes-tiessaiste\\\/\",\"url\":\"https:\\\/\\\/gambling6.com\\\/lv\\\/loterija\\\/perciet-floridas-loterijas-biletes-tiessaiste\\\/\",\"name\":\"Ieg\u016bstiet tie\u0161saist\u0113 bi\u013cetes uz Floridas loteriju\",\"isPartOf\":{\"@id\":\"https:\\\/\\\/gambling6.com\\\/lv\\\/#website\"},\"datePublished\":\"2025-11-11T08:15:39+00:00\",\"description\":\"Piedalieties Floridas loterij\u0101 un p\u0101rsp\u0113jiet karstumu, ieg\u0101d\u0101joties bi\u013cetes tie\u0161saist\u0113.\",\"breadcrumb\":{\"@id\":\"https:\\\/\\\/gambling6.com\\\/lv\\\/loterija\\\/perciet-floridas-loterijas-biletes-tiessaiste\\\/#breadcrumb\"},\"inLanguage\":\"lv-LV\",\"potentialAction\":[{\"@type\":\"ReadAction\",\"target\":[\"https:\\\/\\\/gambling6.com\\\/lv\\\/loterija\\\/perciet-floridas-loterijas-biletes-tiessaiste\\\/\"]}]},{\"@type\":\"BreadcrumbList\",\"@id\":\"https:\\\/\\\/gambling6.com\\\/lv\\\/loterija\\\/perciet-floridas-loterijas-biletes-tiessaiste\\\/#breadcrumb\",\"itemListElement\":[{\"@type\":\"ListItem\",\"position\":1,\"name\":\"Home\",\"item\":\"https:\\\/\\\/gambling6.com\\\/lv\\\/home\\\/\"},{\"@type\":\"ListItem\",\"position\":2,\"name\":\"Loterija\",\"item\":\"https:\\\/\\\/gambling6.com\\\/lv\\\/loterija\\\/\"},{\"@type\":\"ListItem\",\"position\":3,\"name\":\"P\u0113rciet Floridas loterijas bi\u013cetes tie\u0161saist\u0113\"}]},{\"@type\":\"WebSite\",\"@id\":\"https:\\\/\\\/gambling6.com\\\/lv\\\/#website\",\"url\":\"https:\\\/\\\/gambling6.com\\\/lv\\\/\",\"name\":\"Gambling6\",\"description\":\"\",\"potentialAction\":[{\"@type\":\"SearchAction\",\"target\":{\"@type\":\"EntryPoint\",\"urlTemplate\":\"https:\\\/\\\/gambling6.com\\\/lv\\\/?s={search_term_string}\"},\"query-input\":{\"@type\":\"PropertyValueSpecification\",\"valueRequired\":true,\"valueName\":\"search_term_string\"}}],\"inLanguage\":\"lv-LV\"}]}<\/script>\n<!-- \/ Yoast SEO plugin. -->","yoast_head_json":{"title":"Ieg\u016bstiet tie\u0161saist\u0113 bi\u013cetes uz Floridas loteriju","description":"Piedalieties Floridas loterij\u0101 un p\u0101rsp\u0113jiet karstumu, ieg\u0101d\u0101joties bi\u013cetes tie\u0161saist\u0113.","robots":{"index":"index","follow":"follow","max-snippet":"max-snippet:-1","max-image-preview":"max-image-preview:large","max-video-preview":"max-video-preview:-1"},"canonical":"https:\/\/gambling6.com\/lv\/loterija\/perciet-floridas-loterijas-biletes-tiessaiste\/","og_locale":"lv_LV","og_type":"article","og_title":"Ieg\u016bstiet tie\u0161saist\u0113 bi\u013cetes uz Floridas loteriju","og_description":"Piedalieties Floridas loterij\u0101 un p\u0101rsp\u0113jiet karstumu, ieg\u0101d\u0101joties bi\u013cetes tie\u0161saist\u0113.","og_url":"https:\/\/gambling6.com\/lv\/loterija\/perciet-floridas-loterijas-biletes-tiessaiste\/","og_site_name":"Gambling6","twitter_card":"summary_large_image","twitter_misc":{"Est. reading time":"2 minutes"},"schema":{"@context":"https:\/\/schema.org","@graph":[{"@type":"WebPage","@id":"https:\/\/gambling6.com\/lv\/loterija\/perciet-floridas-loterijas-biletes-tiessaiste\/","url":"https:\/\/gambling6.com\/lv\/loterija\/perciet-floridas-loterijas-biletes-tiessaiste\/","name":"Ieg\u016bstiet tie\u0161saist\u0113 bi\u013cetes uz Floridas loteriju","isPartOf":{"@id":"https:\/\/gambling6.com\/lv\/#website"},"datePublished":"2025-11-11T08:15:39+00:00","description":"Piedalieties Floridas loterij\u0101 un p\u0101rsp\u0113jiet karstumu, ieg\u0101d\u0101joties bi\u013cetes tie\u0161saist\u0113.","breadcrumb":{"@id":"https:\/\/gambling6.com\/lv\/loterija\/perciet-floridas-loterijas-biletes-tiessaiste\/#breadcrumb"},"inLanguage":"lv-LV","potentialAction":[{"@type":"ReadAction","target":["https:\/\/gambling6.com\/lv\/loterija\/perciet-floridas-loterijas-biletes-tiessaiste\/"]}]},{"@type":"BreadcrumbList","@id":"https:\/\/gambling6.com\/lv\/loterija\/perciet-floridas-loterijas-biletes-tiessaiste\/#breadcrumb","itemListElement":[{"@type":"ListItem","position":1,"name":"Home","item":"https:\/\/gambling6.com\/lv\/home\/"},{"@type":"ListItem","position":2,"name":"Loterija","item":"https:\/\/gambling6.com\/lv\/loterija\/"},{"@type":"ListItem","position":3,"name":"P\u0113rciet Floridas loterijas bi\u013cetes tie\u0161saist\u0113"}]},{"@type":"WebSite","@id":"https:\/\/gambling6.com\/lv\/#website","url":"https:\/\/gambling6.com\/lv\/","name":"Gambling6","description":"","potentialAction":[{"@type":"SearchAction","target":{"@type":"EntryPoint","urlTemplate":"https:\/\/gambling6.com\/lv\/?s={search_term_string}"},"query-input":{"@type":"PropertyValueSpecification","valueRequired":true,"valueName":"search_term_string"}}],"inLanguage":"lv-LV"}]}},"_links":{"self":[{"href":"https:\/\/gambling6.com\/lv\/wp-json\/wp\/v2\/pages\/9626","targetHints":{"allow":["GET"]}}],"collection":[{"href":"https:\/\/gambling6.com\/lv\/wp-json\/wp\/v2\/pages"}],"about":[{"href":"https:\/\/gambling6.com\/lv\/wp-json\/wp\/v2\/types\/page"}],"author":[{"embeddable":true,"href":"https:\/\/gambling6.com\/lv\/wp-json\/wp\/v2\/users\/1"}],"replies":[{"embeddable":true,"href":"https:\/\/gambling6.com\/lv\/wp-json\/wp\/v2\/comments?post=9626"}],"version-history":[{"count":0,"href":"https:\/\/gambling6.com\/lv\/wp-json\/wp\/v2\/pages\/9626\/revisions"}],"up":[{"embeddable":true,"href":"https:\/\/gambling6.com\/lv\/wp-json\/wp\/v2\/pages\/9306"}],"wp:attachment":[{"href":"https:\/\/gambling6.com\/lv\/wp-json\/wp\/v2\/media?parent=9626"}],"curies":[{"name":"wp","href":"https:\/\/api.w.org\/{rel}","templated":true}]}}