{"id":9642,"date":"2025-11-11T08:55:58","date_gmt":"2025-11-11T08:55:58","guid":{"rendered":"https:\/\/gambling6.com\/loterija\/iegustiet-eurojackpot-loterijas-biletes-tiessaiste\/"},"modified":"2025-11-11T08:55:58","modified_gmt":"2025-11-11T08:55:58","slug":"iegustiet-eurojackpot-loterijas-biletes-tiessaiste","status":"publish","type":"page","link":"https:\/\/gambling6.com\/lv\/loterija\/iegustiet-eurojackpot-loterijas-biletes-tiessaiste\/","title":{"rendered":"Ieg\u016bstiet Eurojackpot loterijas bi\u013cetes tie\u0161saist\u0113"},"content":{"rendered":"<h2>Eurojackpot loterija<\/h2>\n<p>J\u016bs varat ieg\u0101d\u0101ties Eurojackpot bi\u013cetes tie\u0161saist\u0113 un k\u013c\u016bt par miljon\u0101ru vienas nakts laik\u0101. Internets tagad ir \u013c\u0101vis sp\u0113l\u0113t Eurojackpot tie\u0161saist\u0113 l\u012bdz\u0101s daudz\u0101m cit\u0101m Eiropas loterij\u0101m. To var izdar\u012bt, ieg\u0101d\u0101joties bi\u013cetes tie\u0161saist\u0113, s\u0113\u017eot \u0113rt\u0101 kr\u0113sl\u0101 m\u0101j\u0101s. Vairs nav j\u0101skrien uz st\u016bra veikalu vai loterijas kioskiem, ieg\u0101d\u0101jieties savas Eurojackpot bi\u013cetes tie\u0161saist\u0113.<img loading=\"lazy\" decoding=\"async\" class=\"alignright wp-image-552 \" style=\"margin: 10px; border: 5px solid #ffffff; float: right;\" src=\"https:\/\/gambling6.com\/wp-content\/uploads\/2013\/12\/play-euro-jackpot-online.jpg\" alt=\"buy eurojackpot tickets online\" width=\"240\" height=\"218\" \/><\/p>\n<p>Ja v\u0113laties k\u013c\u016bt par vienu no miljoniem cilv\u0113ku, kas v\u0113las laim\u0113t milz\u012bgus d\u017eekpotus, viss, kas jums j\u0101dara, ir izv\u0113l\u0113ties savus septi\u0146us skait\u013cus tie\u0161saist\u0113 un iz\u0146emt naudu, izmantojot vienu no daudzaj\u0101m \u0113rtaj\u0101m maks\u0101\u0161anas metod\u0113m. Loterijas bi\u013ce\u0161u ieg\u0101de tie\u0161saist\u0113 nekad nav bijusi tik vienk\u0101r\u0161a. Eiropas nost\u016bros varat ieg\u0101d\u0101ties bi\u013cetes tie\u0161saist\u0113 uz vair\u0101k\u0101m liel\u0101kaj\u0101m d\u017eekpota loterij\u0101m.<\/p>\n<h2>Ieg\u0101d\u0101jieties Eurojackpot bi\u013cetes tie\u0161saist\u0113 no jebkuras valsts<\/h2>\n<p>Run\u0101jot par bi\u013ce\u0161u ieg\u0101di tie\u0161saist\u0113, robe\u017eu nav. Neatkar\u012bgi no t\u0101, vai atrodaties Kub\u0101 vai \u0136\u012bn\u0101, varat izmantot internetu, lai ieg\u0101d\u0101tos bi\u013cetes \u0101tr\u0101, draudz\u012bg\u0101 un dro\u0161\u0101 vid\u0113, izmantojot m\u016bsu partneri RedFoxLotto. <a class=\"thirstylink\" title=\"RedFoxLotto en\" href=\"https:\/\/gambling6.com\/go\/redfoxlotto-en\/\" target=\"_blank\" rel=\"nofollow noopener\">J\u016bs re\u0123istr\u0113jaties \u0161eit, piesak\u0101ties sav\u0101 kont\u0101<\/a>, izv\u0113laties savus skait\u013cus, maks\u0101jat un gaidiet, lai sal\u012bdzin\u0101tu savu bi\u013ceti ar izlozes rezult\u0101tiem.<\/p>\n<p>RedFoxLotto nepie\u0146em loterijas fanus, kas dz\u012bvo ASV; t\u0101 viet\u0101 ASV sp\u0113l\u0113t\u0101jiem vajadz\u0113tu izm\u0113\u0123in\u0101t TheLotter, v\u0113l vienu iesp\u0113ju starptautisko loterijas bi\u013cet\u0113m. <a href=\"https:\/\/smarturl.it\/theBig_Play?tl_affid=8190&amp;tl_bannerid=6cc3afab\" target=\"_self\" rel=\"noopener\"><img loading=\"lazy\" decoding=\"async\" class=\"aligncenter\" title=\"\" src=\"\/\/www.thelotter-affiliates.com\/accounts\/default1\/banners\/6cc3afab.gif\" alt=\"\" width=\"468\" height=\"60\" \/><\/a><\/p>\n<h2>Milzas balvas ar j\u016bsu Eurojackpot tie\u0161saistes bi\u013cet\u0113m<\/h2>\n<table style=\"width: 500px;\" border=\"1\" cellspacing=\"5\" cellpadding=\"5\" align=\"center\">\n<tbody>\n<tr>\n<td colspan=\"3\" align=\"center\">Pieci liel\u0101kie d\u017eekpoti 2013. gad\u0101<\/td>\n<\/tr>\n<tr>\n<td>Izloze<\/td>\n<td align=\"center\">Datums<\/td>\n<td align=\"center\">D\u017eekpots (USD)<\/td>\n<\/tr>\n<tr>\n<td>Eiro d\u017eekpots &#8211; Eiropa<\/td>\n<td align=\"center\">12.04.2013.<\/td>\n<td align=\"right\">63\u00a0128\u00a0694\u00a0USD<\/td>\n<\/tr>\n<tr>\n<td>Eiro d\u017eekpots &#8211; Eiropa<\/td>\n<td align=\"center\">19.07.2013.<\/td>\n<td align=\"right\">56\u00a0886\u00a0414\u00a0USD<\/td>\n<\/tr>\n<tr>\n<td>Euro Jackpot \u2014 Eiropa<\/td>\n<td align=\"center\">2013.\u00a0gada 25.\u00a0janv\u0101ris<\/td>\n<td align=\"right\">40\u00a0470\u00a0680\u00a0USD<\/td>\n<\/tr>\n<tr>\n<td>Euro Jackpot \u2014 Eiropa<\/td>\n<td align=\"center\">2013.\u00a0gada 27.\u00a0septembris<\/td>\n<td align=\"right\">29\u00a0122\u00a0090\u00a0USD<\/td>\n<\/tr>\n<tr>\n<td>Euro Jackpot \u2014 Eiropa<\/td>\n<td align=\"center\">2013.\u00a0gada 7.\u00a0decembris<\/td>\n<td align=\"right\">28\u00a0770\u00a0000\u00a0USD<\/td>\n<\/tr>\n<\/tbody>\n<\/table>\n<h2>\u00a0Divpadsmit iesp\u0113jas laim\u0113t ar savu tie\u0161saistes Eurojackpot bi\u013cetes<\/h2>\n<table style=\"width: 500px;\" border=\"1\" cellspacing=\"5\" cellpadding=\"5\" align=\"center\">\n<tbody>\n<tr>\n<td colspan=\"3\" align=\"center\">Eurojackpot balvu l\u012bme\u0146i<\/td>\n<\/tr>\n<tr>\n<td>Balva<\/td>\n<td align=\"center\">Sp\u0113les<\/td>\n<td align=\"center\">Izredzes<\/td>\n<\/tr>\n<tr>\n<td>1. vieta (D\u017eekpots)<\/td>\n<td align=\"center\">5 + 2<\/td>\n<td align=\"right\">59\u00a0325\u00a0280 : 1<\/td>\n<\/tr>\n<tr>\n<td>2. vieta<\/td>\n<td align=\"center\">5 + 1<\/td>\n<td align=\"right\">4\u00a0943\u00a0773 : 1<\/td>\n<\/tr>\n<tr>\n<td>3.\u00a0vieta<\/td>\n<td align=\"center\">5<\/td>\n<td align=\"right\">3\u00a0955\u00a0019 : 1<\/td>\n<\/tr>\n<tr>\n<td>4.\u00a0vieta<\/td>\n<td align=\"center\">4 + 2<\/td>\n<td align=\"right\">263\u00a0668 : 1<\/td>\n<\/tr>\n<tr>\n<td>5.\u00a0vieta<\/td>\n<td align=\"center\">4 + 1<\/td>\n<td align=\"right\">21\u00a0972 : 1<\/td>\n<\/tr>\n<tr>\n<td>6.\u00a0vieta<\/td>\n<td align=\"center\">4<\/td>\n<td align=\"right\">17\u00a0578 : 1<\/td>\n<\/tr>\n<tr>\n<td>7.\u00a0vieta<\/td>\n<td align=\"center\">3 + 2<\/td>\n<td align=\"right\">5992\u00a0:\u00a01<\/td>\n<\/tr>\n<tr>\n<td>8.\u00a0vieta<\/td>\n<td align=\"center\">3 + 1<\/td>\n<td align=\"right\">499\u00a0:\u00a01<\/td>\n<\/tr>\n<tr>\n<td>9.\u00a0vieta<\/td>\n<td align=\"center\">2 + 2<\/td>\n<td align=\"right\">418\u00a0:\u00a01<\/td>\n<\/tr>\n<tr>\n<td>10.\u00a0vieta<\/td>\n<td align=\"center\">3<\/td>\n<td align=\"right\">399\u00a0:\u00a01<\/td>\n<\/tr>\n<tr>\n<td>11.\u00a0vieta<\/td>\n<td align=\"center\">1 + 2<\/td>\n<td align=\"right\">80 : 1<\/td>\n<\/tr>\n<tr>\n<td>12.\u00a0vieta<\/td>\n<td align=\"center\">2 + 1<\/td>\n<td align=\"right\">35 : 1<\/td>\n<\/tr>\n<\/tbody>\n<\/table>\n<p style=\"text-align: center;\"><strong>Neatlieciet savu iesp\u0113ju k\u013c\u016bt par miljon\u0101ru. Re\u0123istr\u0113jieties, lai ieg\u0101d\u0101tos Eurojackpot bi\u013cetes tie\u0161saist\u0113 jau \u0161odien.<\/strong><\/p>\n","protected":false},"excerpt":{"rendered":"<p>Eurojackpot loterija J\u016bs varat ieg\u0101d\u0101ties Eurojackpot bi\u013cetes tie\u0161saist\u0113 un k\u013c\u016bt par miljon\u0101ru vienas nakts laik\u0101. Internets tagad ir \u013c\u0101vis sp\u0113l\u0113t Eurojackpot tie\u0161saist\u0113 l\u012bdz\u0101s daudz\u0101m cit\u0101m Eiropas loterij\u0101m. To var izdar\u012bt, ieg\u0101d\u0101joties bi\u013cetes tie\u0161saist\u0113, s\u0113\u017eot \u0113rt\u0101 kr\u0113sl\u0101 m\u0101j\u0101s. Vairs nav j\u0101skrien uz st\u016bra veikalu vai loterijas kioskiem, ieg\u0101d\u0101jieties savas Eurojackpot bi\u013cetes tie\u0161saist\u0113. Ja v\u0113laties k\u013c\u016bt par [&hellip;]<\/p>\n","protected":false},"author":1,"featured_media":9521,"parent":9306,"menu_order":10,"comment_status":"closed","ping_status":"closed","template":"","meta":{"footnotes":""},"class_list":["post-9642","page","type-page","status-publish","has-post-thumbnail","hentry"],"yoast_head":"<!-- This site is optimized with the Yoast SEO plugin v27.3 - https:\/\/yoast.com\/product\/yoast-seo-wordpress\/ -->\n<title>Ieg\u0101d\u0101jieties Eurojackpot loterijas bi\u013cetes tie\u0161saist\u0113<\/title>\n<meta name=\"description\" content=\"Ieg\u0101d\u0101joties loterijas bi\u013cetes tie\u0161saist\u0113, var laim\u0113t daudz naudas, sp\u0113l\u0113jot Eurojackpot.\" \/>\n<meta name=\"robots\" content=\"index, follow, max-snippet:-1, max-image-preview:large, max-video-preview:-1\" \/>\n<link rel=\"canonical\" href=\"https:\/\/gambling6.com\/lv\/loterija\/iegustiet-eurojackpot-loterijas-biletes-tiessaiste\/\" \/>\n<meta property=\"og:locale\" content=\"lv_LV\" \/>\n<meta property=\"og:type\" content=\"article\" \/>\n<meta property=\"og:title\" content=\"Ieg\u0101d\u0101jieties Eurojackpot loterijas bi\u013cetes tie\u0161saist\u0113\" \/>\n<meta property=\"og:description\" content=\"Ieg\u0101d\u0101joties loterijas bi\u013cetes tie\u0161saist\u0113, var laim\u0113t daudz naudas, sp\u0113l\u0113jot Eurojackpot.\" \/>\n<meta property=\"og:url\" content=\"https:\/\/gambling6.com\/lv\/loterija\/iegustiet-eurojackpot-loterijas-biletes-tiessaiste\/\" \/>\n<meta property=\"og:site_name\" content=\"Gambling6\" \/>\n<meta property=\"og:image\" content=\"https:\/\/gambling6.com\/wp-content\/uploads\/2013\/12\/play-euro-jackpot-online.jpg\" \/>\n\t<meta property=\"og:image:width\" content=\"285\" \/>\n\t<meta property=\"og:image:height\" content=\"259\" \/>\n\t<meta property=\"og:image:type\" content=\"image\/jpeg\" \/>\n<meta name=\"twitter:card\" content=\"summary_large_image\" \/>\n<meta name=\"twitter:label1\" content=\"Est. reading time\" \/>\n\t<meta name=\"twitter:data1\" content=\"2 minutes\" \/>\n<script type=\"application\/ld+json\" class=\"yoast-schema-graph\">{\"@context\":\"https:\\\/\\\/schema.org\",\"@graph\":[{\"@type\":\"WebPage\",\"@id\":\"https:\\\/\\\/gambling6.com\\\/lv\\\/loterija\\\/iegustiet-eurojackpot-loterijas-biletes-tiessaiste\\\/\",\"url\":\"https:\\\/\\\/gambling6.com\\\/lv\\\/loterija\\\/iegustiet-eurojackpot-loterijas-biletes-tiessaiste\\\/\",\"name\":\"Ieg\u0101d\u0101jieties Eurojackpot loterijas bi\u013cetes tie\u0161saist\u0113\",\"isPartOf\":{\"@id\":\"https:\\\/\\\/gambling6.com\\\/lv\\\/#website\"},\"primaryImageOfPage\":{\"@id\":\"https:\\\/\\\/gambling6.com\\\/lv\\\/loterija\\\/iegustiet-eurojackpot-loterijas-biletes-tiessaiste\\\/#primaryimage\"},\"image\":{\"@id\":\"https:\\\/\\\/gambling6.com\\\/lv\\\/loterija\\\/iegustiet-eurojackpot-loterijas-biletes-tiessaiste\\\/#primaryimage\"},\"thumbnailUrl\":\"https:\\\/\\\/gambling6.com\\\/wp-content\\\/uploads\\\/2013\\\/12\\\/play-euro-jackpot-online.jpg\",\"datePublished\":\"2025-11-11T08:55:58+00:00\",\"description\":\"Ieg\u0101d\u0101joties loterijas bi\u013cetes tie\u0161saist\u0113, var laim\u0113t daudz naudas, sp\u0113l\u0113jot Eurojackpot.\",\"breadcrumb\":{\"@id\":\"https:\\\/\\\/gambling6.com\\\/lv\\\/loterija\\\/iegustiet-eurojackpot-loterijas-biletes-tiessaiste\\\/#breadcrumb\"},\"inLanguage\":\"lv-LV\",\"potentialAction\":[{\"@type\":\"ReadAction\",\"target\":[\"https:\\\/\\\/gambling6.com\\\/lv\\\/loterija\\\/iegustiet-eurojackpot-loterijas-biletes-tiessaiste\\\/\"]}]},{\"@type\":\"ImageObject\",\"inLanguage\":\"lv-LV\",\"@id\":\"https:\\\/\\\/gambling6.com\\\/lv\\\/loterija\\\/iegustiet-eurojackpot-loterijas-biletes-tiessaiste\\\/#primaryimage\",\"url\":\"https:\\\/\\\/gambling6.com\\\/wp-content\\\/uploads\\\/2013\\\/12\\\/play-euro-jackpot-online.jpg\",\"contentUrl\":\"https:\\\/\\\/gambling6.com\\\/wp-content\\\/uploads\\\/2013\\\/12\\\/play-euro-jackpot-online.jpg\",\"width\":285,\"height\":259},{\"@type\":\"BreadcrumbList\",\"@id\":\"https:\\\/\\\/gambling6.com\\\/lv\\\/loterija\\\/iegustiet-eurojackpot-loterijas-biletes-tiessaiste\\\/#breadcrumb\",\"itemListElement\":[{\"@type\":\"ListItem\",\"position\":1,\"name\":\"Home\",\"item\":\"https:\\\/\\\/gambling6.com\\\/lv\\\/home\\\/\"},{\"@type\":\"ListItem\",\"position\":2,\"name\":\"Loterija\",\"item\":\"https:\\\/\\\/gambling6.com\\\/lv\\\/loterija\\\/\"},{\"@type\":\"ListItem\",\"position\":3,\"name\":\"Ieg\u016bstiet Eurojackpot loterijas bi\u013cetes tie\u0161saist\u0113\"}]},{\"@type\":\"WebSite\",\"@id\":\"https:\\\/\\\/gambling6.com\\\/lv\\\/#website\",\"url\":\"https:\\\/\\\/gambling6.com\\\/lv\\\/\",\"name\":\"Gambling6\",\"description\":\"\",\"potentialAction\":[{\"@type\":\"SearchAction\",\"target\":{\"@type\":\"EntryPoint\",\"urlTemplate\":\"https:\\\/\\\/gambling6.com\\\/lv\\\/?s={search_term_string}\"},\"query-input\":{\"@type\":\"PropertyValueSpecification\",\"valueRequired\":true,\"valueName\":\"search_term_string\"}}],\"inLanguage\":\"lv-LV\"}]}<\/script>\n<!-- \/ Yoast SEO plugin. -->","yoast_head_json":{"title":"Ieg\u0101d\u0101jieties Eurojackpot loterijas bi\u013cetes tie\u0161saist\u0113","description":"Ieg\u0101d\u0101joties loterijas bi\u013cetes tie\u0161saist\u0113, var laim\u0113t daudz naudas, sp\u0113l\u0113jot Eurojackpot.","robots":{"index":"index","follow":"follow","max-snippet":"max-snippet:-1","max-image-preview":"max-image-preview:large","max-video-preview":"max-video-preview:-1"},"canonical":"https:\/\/gambling6.com\/lv\/loterija\/iegustiet-eurojackpot-loterijas-biletes-tiessaiste\/","og_locale":"lv_LV","og_type":"article","og_title":"Ieg\u0101d\u0101jieties Eurojackpot loterijas bi\u013cetes tie\u0161saist\u0113","og_description":"Ieg\u0101d\u0101joties loterijas bi\u013cetes tie\u0161saist\u0113, var laim\u0113t daudz naudas, sp\u0113l\u0113jot Eurojackpot.","og_url":"https:\/\/gambling6.com\/lv\/loterija\/iegustiet-eurojackpot-loterijas-biletes-tiessaiste\/","og_site_name":"Gambling6","og_image":[{"width":285,"height":259,"url":"https:\/\/gambling6.com\/wp-content\/uploads\/2013\/12\/play-euro-jackpot-online.jpg","type":"image\/jpeg"}],"twitter_card":"summary_large_image","twitter_misc":{"Est. reading time":"2 minutes"},"schema":{"@context":"https:\/\/schema.org","@graph":[{"@type":"WebPage","@id":"https:\/\/gambling6.com\/lv\/loterija\/iegustiet-eurojackpot-loterijas-biletes-tiessaiste\/","url":"https:\/\/gambling6.com\/lv\/loterija\/iegustiet-eurojackpot-loterijas-biletes-tiessaiste\/","name":"Ieg\u0101d\u0101jieties Eurojackpot loterijas bi\u013cetes tie\u0161saist\u0113","isPartOf":{"@id":"https:\/\/gambling6.com\/lv\/#website"},"primaryImageOfPage":{"@id":"https:\/\/gambling6.com\/lv\/loterija\/iegustiet-eurojackpot-loterijas-biletes-tiessaiste\/#primaryimage"},"image":{"@id":"https:\/\/gambling6.com\/lv\/loterija\/iegustiet-eurojackpot-loterijas-biletes-tiessaiste\/#primaryimage"},"thumbnailUrl":"https:\/\/gambling6.com\/wp-content\/uploads\/2013\/12\/play-euro-jackpot-online.jpg","datePublished":"2025-11-11T08:55:58+00:00","description":"Ieg\u0101d\u0101joties loterijas bi\u013cetes tie\u0161saist\u0113, var laim\u0113t daudz naudas, sp\u0113l\u0113jot Eurojackpot.","breadcrumb":{"@id":"https:\/\/gambling6.com\/lv\/loterija\/iegustiet-eurojackpot-loterijas-biletes-tiessaiste\/#breadcrumb"},"inLanguage":"lv-LV","potentialAction":[{"@type":"ReadAction","target":["https:\/\/gambling6.com\/lv\/loterija\/iegustiet-eurojackpot-loterijas-biletes-tiessaiste\/"]}]},{"@type":"ImageObject","inLanguage":"lv-LV","@id":"https:\/\/gambling6.com\/lv\/loterija\/iegustiet-eurojackpot-loterijas-biletes-tiessaiste\/#primaryimage","url":"https:\/\/gambling6.com\/wp-content\/uploads\/2013\/12\/play-euro-jackpot-online.jpg","contentUrl":"https:\/\/gambling6.com\/wp-content\/uploads\/2013\/12\/play-euro-jackpot-online.jpg","width":285,"height":259},{"@type":"BreadcrumbList","@id":"https:\/\/gambling6.com\/lv\/loterija\/iegustiet-eurojackpot-loterijas-biletes-tiessaiste\/#breadcrumb","itemListElement":[{"@type":"ListItem","position":1,"name":"Home","item":"https:\/\/gambling6.com\/lv\/home\/"},{"@type":"ListItem","position":2,"name":"Loterija","item":"https:\/\/gambling6.com\/lv\/loterija\/"},{"@type":"ListItem","position":3,"name":"Ieg\u016bstiet Eurojackpot loterijas bi\u013cetes tie\u0161saist\u0113"}]},{"@type":"WebSite","@id":"https:\/\/gambling6.com\/lv\/#website","url":"https:\/\/gambling6.com\/lv\/","name":"Gambling6","description":"","potentialAction":[{"@type":"SearchAction","target":{"@type":"EntryPoint","urlTemplate":"https:\/\/gambling6.com\/lv\/?s={search_term_string}"},"query-input":{"@type":"PropertyValueSpecification","valueRequired":true,"valueName":"search_term_string"}}],"inLanguage":"lv-LV"}]}},"_links":{"self":[{"href":"https:\/\/gambling6.com\/lv\/wp-json\/wp\/v2\/pages\/9642","targetHints":{"allow":["GET"]}}],"collection":[{"href":"https:\/\/gambling6.com\/lv\/wp-json\/wp\/v2\/pages"}],"about":[{"href":"https:\/\/gambling6.com\/lv\/wp-json\/wp\/v2\/types\/page"}],"author":[{"embeddable":true,"href":"https:\/\/gambling6.com\/lv\/wp-json\/wp\/v2\/users\/1"}],"replies":[{"embeddable":true,"href":"https:\/\/gambling6.com\/lv\/wp-json\/wp\/v2\/comments?post=9642"}],"version-history":[{"count":0,"href":"https:\/\/gambling6.com\/lv\/wp-json\/wp\/v2\/pages\/9642\/revisions"}],"up":[{"embeddable":true,"href":"https:\/\/gambling6.com\/lv\/wp-json\/wp\/v2\/pages\/9306"}],"wp:featuredmedia":[{"embeddable":true,"href":"https:\/\/gambling6.com\/lv\/wp-json\/wp\/v2\/media\/9521"}],"wp:attachment":[{"href":"https:\/\/gambling6.com\/lv\/wp-json\/wp\/v2\/media?parent=9642"}],"curies":[{"name":"wp","href":"https:\/\/api.w.org\/{rel}","templated":true}]}}