{"id":9658,"date":"2025-11-11T09:17:20","date_gmt":"2025-11-11T09:17:20","guid":{"rendered":"https:\/\/gambling6.com\/loterija\/iegustiet-el-gordo-loterijas-biletes-no-jebkuras-vietas\/"},"modified":"2025-11-15T11:29:17","modified_gmt":"2025-11-15T11:29:17","slug":"iegustiet-el-gordo-loterijas-biletes-no-jebkuras-vietas","status":"publish","type":"page","link":"https:\/\/gambling6.com\/lv\/loterija\/iegustiet-el-gordo-loterijas-biletes-no-jebkuras-vietas\/","title":{"rendered":"Ieg\u016bstiet El Gordo loterijas bi\u013cetes no jebkuras vietas"},"content":{"rendered":"<h2>\u0112rti ieg\u0101d\u0101ties bi\u013cetes tie\u0161saist\u0113 uz El Gordo loteriju.<\/h2>\n<p><img loading=\"lazy\" decoding=\"async\" class=\" wp-image-1569 alignright\" src=\"https:\/\/gambling6.com\/wp-content\/uploads\/2022\/04\/2_ticket_spanish_lottery.jpg\" alt=\"resn\u0101 bi\u013cete\" width=\"200\" height=\"274\" \/>Eirop\u0101 El Gordo loterija ir milz\u012bga, un to sp\u0113l\u0113 cilv\u0113ki gan Sp\u0101nij\u0101, gan starptautisk\u0101 m\u0113rog\u0101. Katru ned\u0113\u013cu var sagaid\u012bt minim\u0101lo d\u017eekpotu aptuveni 6,5 miljonu eiro apm\u0113r\u0101. Ned\u0113\u013c\u0101 notiek tikai viena izloze sv\u0113tdien\u0101, un cilv\u0113ki katru ned\u0113\u013cu st\u0101v rind\u0101, lai sp\u0113l\u0113tu. D\u017eekpots var sasniegt pat 26 miljonus eiro. Tom\u0113r, ja bie\u017ei notiek cenu p\u0101rne\u0161ana (nevis d\u017eekpots), tas da\u017ereiz var sasniegt pat 35 miljonus eiro, ja ir p\u0101rnestie l\u012bdzek\u013ci no iepriek\u0161\u0113j\u0101m ned\u0113\u013c\u0101m.<\/p>\n<h2>Eiropie\u0161i katru ned\u0113\u013cu p\u0113rk tie\u0161saistes loterijas bi\u013cetes.<\/h2>\n<p>Eiropa joproj\u0101m ir augo\u0161s loterijas ie\u0146\u0113mumu avots; Katru ned\u0113\u013cu miljoniem sp\u0113l\u0113t\u0101ju st\u0101jas rind\u0101, lai sp\u0113l\u0113tu loteriju \u0161aj\u0101 kontinent\u0101. Lai ieg\u016btu tie\u0161saistes bi\u013cetes uz El Gordo loteriju, jums j\u0101apmekl\u0113 m\u016bsu partnera RedFoxLotto vietne, j\u0101piesak\u0101s sav\u0101 kont\u0101 un p\u0113c tam j\u0101izlemj, vai v\u0113laties izmantot \u0101tr\u0101s izv\u0113les vai izv\u0113l\u0113ties savus skait\u013cus. Ja izv\u0113laties savus skait\u013cus, jums b\u016bs j\u0101izv\u0113las pieci pamatskait\u013ci un viens bonusa skaitlis.<\/p>\n<h2>Eiropie\u0161i sv\u0113tdienas izlozei bi\u013cetes ieg\u0101d\u0101jas tie\u0161saist\u0113.<\/h2>\n<p>El Gordo, kas paz\u012bstama k\u0101 Sp\u0101nijas 6\/49 loterija, nedr\u012bkst jaukt ar El Gordo Ziemassv\u0113tku loteriju. \u0160\u012b popul\u0101r\u0101 ikned\u0113\u013cas loterija tiek izloz\u0113ta sv\u0113tdien\u0101s. P\u0113rkot El Gordo loterijas bi\u013cetes tie\u0161saist\u0113, paturiet pr\u0101t\u0101, ka iesp\u0113ja laim\u0113t balvu ir 1 no 10. Tas ir t\u0101p\u0113c, ka papildus d\u017eekpota laim\u0113\u0161anai ir septi\u0146i da\u017e\u0101di balvu l\u012bme\u0146i.<\/p>\n<h2>Miljoni tiek t\u0113r\u0113ti katru m\u0113nesi bi\u013ce\u0161u ieg\u0101dei.<\/h2>\n<p>Eiropie\u0161i p\u0113d\u0113jos gados ir k\u013cuvu\u0161i traki par loterijas bi\u013cet\u0113m. Otrais liel\u0101kais r\u0101d\u012bt\u0101js ir eiropie\u0161i, kuri katru gadu bi\u013cet\u0113m t\u0113r\u0113 simtiem miljonu dol\u0101ru. Tagad, kad loteriju bi\u013cetes uz vis\u0101m pasaules mal\u0101m ir iesp\u0113jams ieg\u0101d\u0101ties tie\u0161saist\u0113, p\u0101rdo\u0161anas apjomi ir iev\u0113rojami palielin\u0101ju\u0161ies. Ja v\u0113laties ieg\u0101d\u0101ties bi\u013cetes uz gaid\u0101mo El Gordo loteriju, <a class=\"thirstylink\" title=\"Redfoxlotto\" href=\"https:\/\/gambling6.com\/go\/redfoxlotto\/\" target=\"_blank\" rel=\"nofollow noopener\">vienk\u0101r\u0161i apmekl\u0113jiet m\u016bsu partnera RedFoxLotto vietni<\/a>, re\u0123istr\u0113jieties kontam, un j\u016bs var\u0113tu b\u016bt ce\u013c\u0101 uz multimiljon\u0101ra statusa ieg\u016b\u0161anu vienas nakts laik\u0101.<\/p>\n<table style=\"width: 500px;\" border=\"1\" cellspacing=\"5\" cellpadding=\"5\" align=\"center\">\n<tbody>\n<tr>\n<td colspan=\"3\" align=\"center\">Liel\u0101kie d\u017eekpoti 2013. gad\u0101<\/td>\n<\/tr>\n<tr>\n<td>Izloze<\/td>\n<td align=\"center\">Datums<\/td>\n<td align=\"center\">D\u017eekpots (USD)<\/td>\n<\/tr>\n<tr>\n<td>El Gordo &#8211; Sp\u0101nija<\/td>\n<td align=\"center\">13. okt. 2013.<\/td>\n<td align=\"right\">13\u00a0327\u00a0360\u00a0USD<\/td>\n<\/tr>\n<tr>\n<td>El Gordo &#8211; Sp\u0101nija<\/td>\n<td align=\"center\">4. aug. 2013.<\/td>\n<td align=\"right\">10\u00a0275\u00a0000\u00a0ASV dol\u0101ru<\/td>\n<\/tr>\n<tr>\n<td>El Gordo\u00a0\u2014 Sp\u0101nija<\/td>\n<td align=\"center\">2013.\u00a0gada 16.\u00a0j\u016bnijs<\/td>\n<td align=\"right\">9\u00a0590\u00a0000\u00a0ASV dol\u0101ru<\/td>\n<\/tr>\n<tr>\n<td>El Gordo\u00a0\u2014 Sp\u0101nija<\/td>\n<td align=\"center\">2013.\u00a0gada 23.\u00a0j\u016bnijs<\/td>\n<td align=\"right\">6\u00a0850\u00a0000\u00a0ASV dol\u0101ru<\/td>\n<\/tr>\n<\/tbody>\n<\/table>\n<p>&nbsp;<\/p>\n<table style=\"width: 500px;\" border=\"1\" cellspacing=\"5\" cellpadding=\"5\" align=\"center\">\n<tbody>\n<tr>\n<td colspan=\"3\" align=\"center\">El Gordo Lotto &#8211; Sp\u0101nijas 6\/49 balvu l\u012bme\u0146i<\/td>\n<\/tr>\n<tr>\n<td>Balva<\/td>\n<td align=\"center\">Ma\u010di<\/td>\n<td align=\"center\">Izredzes<\/td>\n<\/tr>\n<tr>\n<td>1. vieta (D\u017eeppots)<\/td>\n<td align=\"center\">5 + 1<\/td>\n<td align=\"right\">31\u00a0625\u00a0100 : 1<\/td>\n<\/tr>\n<tr>\n<td>2. vieta<\/td>\n<td align=\"center\">5<\/td>\n<td align=\"right\">3\u00a0513\u00a0900 : 1<\/td>\n<\/tr>\n<tr>\n<td>3.\u00a0vieta<\/td>\n<td align=\"center\">4 + 1<\/td>\n<td align=\"right\">129\u00a0082 : 1<\/td>\n<\/tr>\n<tr>\n<td>4.\u00a0vieta<\/td>\n<td align=\"center\">4<\/td>\n<td align=\"right\">14\u00a0342 : 1<\/td>\n<\/tr>\n<tr>\n<td>5.\u00a0vieta<\/td>\n<td align=\"center\">3 + 1<\/td>\n<td align=\"right\">2689 : 1<\/td>\n<\/tr>\n<tr>\n<td>6.\u00a0vieta<\/td>\n<td align=\"center\">3<\/td>\n<td align=\"right\">299 : 1<\/td>\n<\/tr>\n<tr>\n<td>7.\u00a0vieta<\/td>\n<td align=\"center\">2 + 1<\/td>\n<td align=\"right\">172 : 1<\/td>\n<\/tr>\n<tr>\n<td>8.\u00a0vieta<\/td>\n<td align=\"center\">2<\/td>\n<td align=\"right\">19 : 1<\/td>\n<\/tr>\n<tr>\n<td>9.\u00a0vieta<\/td>\n<td align=\"center\">0 + 1<\/td>\n<td align=\"right\">10 : 1<\/td>\n<\/tr>\n<\/tbody>\n<\/table>\n","protected":false},"excerpt":{"rendered":"<p>\u0112rti ieg\u0101d\u0101ties bi\u013cetes tie\u0161saist\u0113 uz El Gordo loteriju. Eirop\u0101 El Gordo loterija ir milz\u012bga, un to sp\u0113l\u0113 cilv\u0113ki gan Sp\u0101nij\u0101, gan starptautisk\u0101 m\u0113rog\u0101. Katru ned\u0113\u013cu var sagaid\u012bt minim\u0101lo d\u017eekpotu aptuveni 6,5 miljonu eiro apm\u0113r\u0101. Ned\u0113\u013c\u0101 notiek tikai viena izloze sv\u0113tdien\u0101, un cilv\u0113ki katru ned\u0113\u013cu st\u0101v rind\u0101, lai sp\u0113l\u0113tu. D\u017eekpots var sasniegt pat 26 miljonus eiro. [&hellip;]<\/p>\n","protected":false},"author":1,"featured_media":0,"parent":9306,"menu_order":3,"comment_status":"closed","ping_status":"closed","template":"","meta":{"footnotes":""},"class_list":["post-9658","page","type-page","status-publish","hentry"],"yoast_head":"<!-- This site is optimized with the Yoast SEO plugin v27.3 - https:\/\/yoast.com\/product\/yoast-seo-wordpress\/ -->\n<title>Ieg\u0101d\u0101jieties bi\u013cetes uz El Gordo loteriju tie\u0161saist\u0113<\/title>\n<meta name=\"description\" content=\"K\u013c\u016bsti par miljon\u0101ru, ieg\u0101d\u0101joties tie\u0161saist\u0113 bi\u013cetes uz El Gordo loteriju.\" \/>\n<meta name=\"robots\" content=\"index, follow, max-snippet:-1, max-image-preview:large, max-video-preview:-1\" \/>\n<link rel=\"canonical\" href=\"https:\/\/gambling6.com\/lv\/loterija\/iegustiet-el-gordo-loterijas-biletes-no-jebkuras-vietas\/\" \/>\n<meta property=\"og:locale\" content=\"lv_LV\" \/>\n<meta property=\"og:type\" content=\"article\" \/>\n<meta property=\"og:title\" content=\"Ieg\u0101d\u0101jieties bi\u013cetes uz El Gordo loteriju tie\u0161saist\u0113\" \/>\n<meta property=\"og:description\" content=\"K\u013c\u016bsti par miljon\u0101ru, ieg\u0101d\u0101joties tie\u0161saist\u0113 bi\u013cetes uz El Gordo loteriju.\" \/>\n<meta property=\"og:url\" content=\"https:\/\/gambling6.com\/lv\/loterija\/iegustiet-el-gordo-loterijas-biletes-no-jebkuras-vietas\/\" \/>\n<meta property=\"og:site_name\" content=\"Gambling6\" \/>\n<meta property=\"article:modified_time\" content=\"2025-11-15T11:29:17+00:00\" \/>\n<meta property=\"og:image\" content=\"https:\/\/gambling6.com\/wp-content\/uploads\/2022\/04\/2_ticket_spanish_lottery.jpg\" \/>\n\t<meta property=\"og:image:width\" content=\"219\" \/>\n\t<meta property=\"og:image:height\" content=\"300\" \/>\n\t<meta property=\"og:image:type\" content=\"image\/jpeg\" \/>\n<meta name=\"twitter:card\" content=\"summary_large_image\" \/>\n<meta name=\"twitter:label1\" content=\"Est. reading time\" \/>\n\t<meta name=\"twitter:data1\" content=\"2 minutes\" \/>\n<script type=\"application\/ld+json\" class=\"yoast-schema-graph\">{\"@context\":\"https:\\\/\\\/schema.org\",\"@graph\":[{\"@type\":\"WebPage\",\"@id\":\"https:\\\/\\\/gambling6.com\\\/lv\\\/loterija\\\/iegustiet-el-gordo-loterijas-biletes-no-jebkuras-vietas\\\/\",\"url\":\"https:\\\/\\\/gambling6.com\\\/lv\\\/loterija\\\/iegustiet-el-gordo-loterijas-biletes-no-jebkuras-vietas\\\/\",\"name\":\"Ieg\u0101d\u0101jieties bi\u013cetes uz El Gordo loteriju tie\u0161saist\u0113\",\"isPartOf\":{\"@id\":\"https:\\\/\\\/gambling6.com\\\/lv\\\/#website\"},\"primaryImageOfPage\":{\"@id\":\"https:\\\/\\\/gambling6.com\\\/lv\\\/loterija\\\/iegustiet-el-gordo-loterijas-biletes-no-jebkuras-vietas\\\/#primaryimage\"},\"image\":{\"@id\":\"https:\\\/\\\/gambling6.com\\\/lv\\\/loterija\\\/iegustiet-el-gordo-loterijas-biletes-no-jebkuras-vietas\\\/#primaryimage\"},\"thumbnailUrl\":\"https:\\\/\\\/gambling6.com\\\/wp-content\\\/uploads\\\/2022\\\/04\\\/2_ticket_spanish_lottery.jpg\",\"datePublished\":\"2025-11-11T09:17:20+00:00\",\"dateModified\":\"2025-11-15T11:29:17+00:00\",\"description\":\"K\u013c\u016bsti par miljon\u0101ru, ieg\u0101d\u0101joties tie\u0161saist\u0113 bi\u013cetes uz El Gordo loteriju.\",\"breadcrumb\":{\"@id\":\"https:\\\/\\\/gambling6.com\\\/lv\\\/loterija\\\/iegustiet-el-gordo-loterijas-biletes-no-jebkuras-vietas\\\/#breadcrumb\"},\"inLanguage\":\"lv-LV\",\"potentialAction\":[{\"@type\":\"ReadAction\",\"target\":[\"https:\\\/\\\/gambling6.com\\\/lv\\\/loterija\\\/iegustiet-el-gordo-loterijas-biletes-no-jebkuras-vietas\\\/\"]}]},{\"@type\":\"ImageObject\",\"inLanguage\":\"lv-LV\",\"@id\":\"https:\\\/\\\/gambling6.com\\\/lv\\\/loterija\\\/iegustiet-el-gordo-loterijas-biletes-no-jebkuras-vietas\\\/#primaryimage\",\"url\":\"https:\\\/\\\/gambling6.com\\\/wp-content\\\/uploads\\\/2022\\\/04\\\/2_ticket_spanish_lottery.jpg\",\"contentUrl\":\"https:\\\/\\\/gambling6.com\\\/wp-content\\\/uploads\\\/2022\\\/04\\\/2_ticket_spanish_lottery.jpg\"},{\"@type\":\"BreadcrumbList\",\"@id\":\"https:\\\/\\\/gambling6.com\\\/lv\\\/loterija\\\/iegustiet-el-gordo-loterijas-biletes-no-jebkuras-vietas\\\/#breadcrumb\",\"itemListElement\":[{\"@type\":\"ListItem\",\"position\":1,\"name\":\"Home\",\"item\":\"https:\\\/\\\/gambling6.com\\\/lv\\\/home\\\/\"},{\"@type\":\"ListItem\",\"position\":2,\"name\":\"Loterija\",\"item\":\"https:\\\/\\\/gambling6.com\\\/lv\\\/loterija\\\/\"},{\"@type\":\"ListItem\",\"position\":3,\"name\":\"Ieg\u016bstiet El Gordo loterijas bi\u013cetes no jebkuras vietas\"}]},{\"@type\":\"WebSite\",\"@id\":\"https:\\\/\\\/gambling6.com\\\/lv\\\/#website\",\"url\":\"https:\\\/\\\/gambling6.com\\\/lv\\\/\",\"name\":\"Gambling6\",\"description\":\"\",\"potentialAction\":[{\"@type\":\"SearchAction\",\"target\":{\"@type\":\"EntryPoint\",\"urlTemplate\":\"https:\\\/\\\/gambling6.com\\\/lv\\\/?s={search_term_string}\"},\"query-input\":{\"@type\":\"PropertyValueSpecification\",\"valueRequired\":true,\"valueName\":\"search_term_string\"}}],\"inLanguage\":\"lv-LV\"}]}<\/script>\n<!-- \/ Yoast SEO plugin. -->","yoast_head_json":{"title":"Ieg\u0101d\u0101jieties bi\u013cetes uz El Gordo loteriju tie\u0161saist\u0113","description":"K\u013c\u016bsti par miljon\u0101ru, ieg\u0101d\u0101joties tie\u0161saist\u0113 bi\u013cetes uz El Gordo loteriju.","robots":{"index":"index","follow":"follow","max-snippet":"max-snippet:-1","max-image-preview":"max-image-preview:large","max-video-preview":"max-video-preview:-1"},"canonical":"https:\/\/gambling6.com\/lv\/loterija\/iegustiet-el-gordo-loterijas-biletes-no-jebkuras-vietas\/","og_locale":"lv_LV","og_type":"article","og_title":"Ieg\u0101d\u0101jieties bi\u013cetes uz El Gordo loteriju tie\u0161saist\u0113","og_description":"K\u013c\u016bsti par miljon\u0101ru, ieg\u0101d\u0101joties tie\u0161saist\u0113 bi\u013cetes uz El Gordo loteriju.","og_url":"https:\/\/gambling6.com\/lv\/loterija\/iegustiet-el-gordo-loterijas-biletes-no-jebkuras-vietas\/","og_site_name":"Gambling6","article_modified_time":"2025-11-15T11:29:17+00:00","og_image":[{"width":219,"height":300,"url":"https:\/\/gambling6.com\/wp-content\/uploads\/2022\/04\/2_ticket_spanish_lottery.jpg","type":"image\/jpeg"}],"twitter_card":"summary_large_image","twitter_misc":{"Est. reading time":"2 minutes"},"schema":{"@context":"https:\/\/schema.org","@graph":[{"@type":"WebPage","@id":"https:\/\/gambling6.com\/lv\/loterija\/iegustiet-el-gordo-loterijas-biletes-no-jebkuras-vietas\/","url":"https:\/\/gambling6.com\/lv\/loterija\/iegustiet-el-gordo-loterijas-biletes-no-jebkuras-vietas\/","name":"Ieg\u0101d\u0101jieties bi\u013cetes uz El Gordo loteriju tie\u0161saist\u0113","isPartOf":{"@id":"https:\/\/gambling6.com\/lv\/#website"},"primaryImageOfPage":{"@id":"https:\/\/gambling6.com\/lv\/loterija\/iegustiet-el-gordo-loterijas-biletes-no-jebkuras-vietas\/#primaryimage"},"image":{"@id":"https:\/\/gambling6.com\/lv\/loterija\/iegustiet-el-gordo-loterijas-biletes-no-jebkuras-vietas\/#primaryimage"},"thumbnailUrl":"https:\/\/gambling6.com\/wp-content\/uploads\/2022\/04\/2_ticket_spanish_lottery.jpg","datePublished":"2025-11-11T09:17:20+00:00","dateModified":"2025-11-15T11:29:17+00:00","description":"K\u013c\u016bsti par miljon\u0101ru, ieg\u0101d\u0101joties tie\u0161saist\u0113 bi\u013cetes uz El Gordo loteriju.","breadcrumb":{"@id":"https:\/\/gambling6.com\/lv\/loterija\/iegustiet-el-gordo-loterijas-biletes-no-jebkuras-vietas\/#breadcrumb"},"inLanguage":"lv-LV","potentialAction":[{"@type":"ReadAction","target":["https:\/\/gambling6.com\/lv\/loterija\/iegustiet-el-gordo-loterijas-biletes-no-jebkuras-vietas\/"]}]},{"@type":"ImageObject","inLanguage":"lv-LV","@id":"https:\/\/gambling6.com\/lv\/loterija\/iegustiet-el-gordo-loterijas-biletes-no-jebkuras-vietas\/#primaryimage","url":"https:\/\/gambling6.com\/wp-content\/uploads\/2022\/04\/2_ticket_spanish_lottery.jpg","contentUrl":"https:\/\/gambling6.com\/wp-content\/uploads\/2022\/04\/2_ticket_spanish_lottery.jpg"},{"@type":"BreadcrumbList","@id":"https:\/\/gambling6.com\/lv\/loterija\/iegustiet-el-gordo-loterijas-biletes-no-jebkuras-vietas\/#breadcrumb","itemListElement":[{"@type":"ListItem","position":1,"name":"Home","item":"https:\/\/gambling6.com\/lv\/home\/"},{"@type":"ListItem","position":2,"name":"Loterija","item":"https:\/\/gambling6.com\/lv\/loterija\/"},{"@type":"ListItem","position":3,"name":"Ieg\u016bstiet El Gordo loterijas bi\u013cetes no jebkuras vietas"}]},{"@type":"WebSite","@id":"https:\/\/gambling6.com\/lv\/#website","url":"https:\/\/gambling6.com\/lv\/","name":"Gambling6","description":"","potentialAction":[{"@type":"SearchAction","target":{"@type":"EntryPoint","urlTemplate":"https:\/\/gambling6.com\/lv\/?s={search_term_string}"},"query-input":{"@type":"PropertyValueSpecification","valueRequired":true,"valueName":"search_term_string"}}],"inLanguage":"lv-LV"}]}},"_links":{"self":[{"href":"https:\/\/gambling6.com\/lv\/wp-json\/wp\/v2\/pages\/9658","targetHints":{"allow":["GET"]}}],"collection":[{"href":"https:\/\/gambling6.com\/lv\/wp-json\/wp\/v2\/pages"}],"about":[{"href":"https:\/\/gambling6.com\/lv\/wp-json\/wp\/v2\/types\/page"}],"author":[{"embeddable":true,"href":"https:\/\/gambling6.com\/lv\/wp-json\/wp\/v2\/users\/1"}],"replies":[{"embeddable":true,"href":"https:\/\/gambling6.com\/lv\/wp-json\/wp\/v2\/comments?post=9658"}],"version-history":[{"count":1,"href":"https:\/\/gambling6.com\/lv\/wp-json\/wp\/v2\/pages\/9658\/revisions"}],"predecessor-version":[{"id":10947,"href":"https:\/\/gambling6.com\/lv\/wp-json\/wp\/v2\/pages\/9658\/revisions\/10947"}],"up":[{"embeddable":true,"href":"https:\/\/gambling6.com\/lv\/wp-json\/wp\/v2\/pages\/9306"}],"wp:attachment":[{"href":"https:\/\/gambling6.com\/lv\/wp-json\/wp\/v2\/media?parent=9658"}],"curies":[{"name":"wp","href":"https:\/\/api.w.org\/{rel}","templated":true}]}}