{"id":9670,"date":"2025-11-11T09:33:44","date_gmt":"2025-11-11T09:33:44","guid":{"rendered":"https:\/\/gambling6.com\/loterija\/iegustiet-australijas-loterijas-biletes-tiessaiste\/"},"modified":"2025-11-11T09:33:44","modified_gmt":"2025-11-11T09:33:44","slug":"iegustiet-australijas-loterijas-biletes-tiessaiste","status":"publish","type":"page","link":"https:\/\/gambling6.com\/lv\/loterija\/iegustiet-australijas-loterijas-biletes-tiessaiste\/","title":{"rendered":"Ieg\u016bstiet Austr\u0101lijas loterijas bi\u013cetes tie\u0161saist\u0113"},"content":{"rendered":"<h2>Austr\u0101lijas loterija<\/h2>\n<p>Katru ned\u0113\u013cu, otrdien\u0101s un ceturtdien\u0101s, Austr\u0101lij\u0101 notiek divas \u013coti aizraujo\u0161as loterijas. Powerball un Oz Lotto bi\u013cetes var ieg\u0101d\u0101ties tie\u0161saist\u0113. Bi\u013ce\u0161u ieg\u0101de tie\u0161saist\u0113 Austr\u0101lijas Lotto ir tikpat vienk\u0101r\u0161a k\u0101 &#8220;uzmest v\u0113l vienu garneli uz B\u0101rbijas letes&#8221;. Cilv\u0113ki sp\u0113l\u0113 \u0161\u012bs loterijas, lai laim\u0113tu regul\u0101ri augstos d\u017eekpotus 50 miljonu ASV dol\u0101ru un vair\u0101k apm\u0113r\u0101.<\/p>\n<p>Abu d\u017eekpotu izredzes ir diezgan labv\u0113l\u012bgas, \u0146emot v\u0113r\u0101 to lielumu, un, pateicoties iesp\u0113jai ieg\u0101d\u0101ties bi\u013cetes tie\u0161saist\u0113, t\u0101s pieaug diezgan \u0101tri. P\u0113d\u0113jo gadu laik\u0101 \u0161ie d\u017eekpoti ir ieguvu\u0161i popularit\u0101ti vis\u0101 pasaul\u0113. Katru dienu zi\u0146\u0101s dzirdat arvien vair\u0101k par \u0161\u012bm izloz\u0113m.<\/p>\n<h2>Oz Lotto bi\u013cetes tie\u0161saist\u0113 ir dro\u0161as un aizsarg\u0101tas.<\/h2>\n<p>Varat dro\u0161i un aizsarg\u0101ti izv\u0113l\u0113ties savus 7 skait\u013cus un gaid\u012bt izlozi. M\u016bsu partneris <a class=\"thirstylink\" title=\"Redfoxlotto\" href=\"https:\/\/gambling6.com\/go\/redfoxlotto\/\" target=\"_blank\" rel=\"nofollow noopener\">RedFoxLotto.com<\/a> atbr\u012bvo j\u016bs no vis\u0101m raiz\u0113m par loterijas bi\u013ce\u0161u ieg\u0101di tie\u0161saist\u0113, t\u0101p\u0113c jums atliek vien atsl\u0101bt un gaid\u012bt, lai laim\u0113tu.<\/p>\n<p>ASV sp\u0113l\u0113t\u0101jiem <span style=\"box-sizing: border-box; margin: 0px; padding: 0px;\">, kuri v\u0113las piedal\u012bties un ieg\u0101d\u0101ties bi\u013ceti tie\u0161saist\u0113 Powerball vai jebkur\u0101 cit\u0101 loterij\u0101 no Austr\u0101lijas, j\u0101izv\u0113las m\u016bsu otrais ieteikums: <a href=\"https:\/\/gambling6.com\/go\/thelotter-en\/\" target=\"_blank\" rel=\"noopener\">TheLotter. Noklik\u0161\u0137iniet \u0161eit, lai apmekl\u0113tu<\/a><\/span><a class=\"thirstylink\" title=\"TheLotter en\" href=\"https:\/\/gambling6.com\/go\/thelotter-en\/\" target=\"_blank\" rel=\"nofollow noopener\">\u00a0vi\u0146u t\u012bmek\u013ca vietni.<\/a><\/p>\n<h2>Milz\u012bgi d\u017eekpoti ar tie\u0161saistes bi\u013cet\u0113m Powerball Australia loterij\u0101<\/h2>\n<table style=\"width: 500px;\" border=\"1\" cellspacing=\"5\" cellpadding=\"5\" align=\"center\">\n<tbody>\n<tr>\n<td colspan=\"3\" align=\"center\">Pieci liel\u0101kie d\u017eekpoti 2013. gad\u0101<\/td>\n<\/tr>\n<tr>\n<td>Izloze<\/td>\n<td align=\"center\">Datums<\/td>\n<td align=\"center\">D\u017eekpots (USD)<\/td>\n<\/tr>\n<tr>\n<td>Powerball &#8211; Austr\u0101lija<\/td>\n<td align=\"center\">2. maijs-13<\/td>\n<td align=\"right\">55\u00a0229\u00a0291\u00a0USD<\/td>\n<\/tr>\n<tr>\n<td>Powerball &#8211; Austr\u0101lija<\/td>\n<td align=\"center\">18. j\u016blijs-13<\/td>\n<td align=\"right\">26\u00a0700\u00a0000\u00a0$<\/td>\n<\/tr>\n<tr>\n<td>Powerball\u00a0\u2014 Austr\u0101lija<\/td>\n<td align=\"center\">2013.\u00a0gada 19.\u00a0septembris<\/td>\n<td align=\"right\">26\u00a0700\u00a0000\u00a0$<\/td>\n<\/tr>\n<tr>\n<td>Powerball\u00a0\u2014 Austr\u0101lija<\/td>\n<td align=\"center\">2013.\u00a0gada 24.\u00a0oktobris<\/td>\n<td align=\"right\">26\u00a0700\u00a0000\u00a0$<\/td>\n<\/tr>\n<tr>\n<td>Powerball\u00a0\u2014 Austr\u0101lija<\/td>\n<td align=\"center\">2013.\u00a0gada 3.\u00a0janv\u0101ris<\/td>\n<td align=\"right\">22\u00a0250\u00a0000\u00a0$<\/td>\n<\/tr>\n<\/tbody>\n<\/table>\n<h2>\u00a0Asto\u0146i balvu l\u012bme\u0146i Austr\u0101lijas Powerball tie\u0161saistes bi\u013cetei pirc\u0113ji<\/h2>\n<table style=\"width: 500px;\" border=\"1\" cellspacing=\"5\" cellpadding=\"5\" align=\"center\">\n<tbody>\n<tr>\n<td colspan=\"3\" align=\"center\">Powerball Lotto &#8211; Austr\u0101lijas balvu l\u012bme\u0146i<\/td>\n<\/tr>\n<tr>\n<td>Balva<\/td>\n<td align=\"center\">Sp\u0113les<\/td>\n<td align=\"center\">Izredzes<\/td>\n<\/tr>\n<tr>\n<td>1. vieta (D\u017eeppots)<\/td>\n<td align=\"center\">6 + 1<\/td>\n<td align=\"right\">76\u00a0767\u00a0600 : 1<\/td>\n<\/tr>\n<tr>\n<td>2. vieta<\/td>\n<td align=\"center\">6<\/td>\n<td align=\"right\">4\u00a0040\u00a0400 : 1<\/td>\n<\/tr>\n<tr>\n<td>3.\u00a0vieta<\/td>\n<td align=\"center\">5 + 1<\/td>\n<td align=\"right\">376\u00a0312 : 1<\/td>\n<\/tr>\n<tr>\n<td>4.\u00a0vieta<\/td>\n<td align=\"center\">5<\/td>\n<td align=\"right\">19\u00a0806 : 1<\/td>\n<\/tr>\n<tr>\n<td>5.\u00a0vieta<\/td>\n<td align=\"center\">4 + 1<\/td>\n<td align=\"right\">9123 : 1<\/td>\n<\/tr>\n<tr>\n<td>6.\u00a0vieta<\/td>\n<td align=\"center\">3 + 1<\/td>\n<td align=\"right\">641 : 1<\/td>\n<\/tr>\n<tr>\n<td>7.\u00a0vieta<\/td>\n<td align=\"center\">4<\/td>\n<td align=\"right\">480 : 1<\/td>\n<\/tr>\n<tr>\n<td>8.\u00a0vieta<\/td>\n<td align=\"center\">2 + 1<\/td>\n<td align=\"right\">110 : 1<\/td>\n<\/tr>\n<\/tbody>\n<\/table>\n<h2>\u00a0Tie\u0161saistes Oz Lotto bi\u013ce\u0161u \u012bpa\u0161nieki var laim\u0113t lielu naudas summu<\/h2>\n<table style=\"width: 500px;\" border=\"1\" cellspacing=\"5\" cellpadding=\"5\" align=\"center\">\n<tbody>\n<tr>\n<td colspan=\"3\" align=\"center\">Pieci liel\u0101kie d\u017eekpoti 2013. gad\u0101<\/td>\n<\/tr>\n<tr>\n<td>Izloze<\/td>\n<td align=\"center\">Datums<\/td>\n<td align=\"center\">D\u017eekpots (USD)<\/td>\n<\/tr>\n<tr>\n<td>Oz Lotto &#8211; Austr\u0101lija<\/td>\n<td align=\"center\">17. decembris-13<\/td>\n<td align=\"right\">62\u00a0300\u00a0000\u00a0USD<\/td>\n<\/tr>\n<tr>\n<td>Oz Lotto &#8211; Austr\u0101lija<\/td>\n<td align=\"center\">2. j\u016blijs-13<\/td>\n<td align=\"right\">44\u00a0500\u00a0000\u00a0USD<\/td>\n<\/tr>\n<tr>\n<td>Oz Lotto\u00a0\u2014 Austr\u0101lija<\/td>\n<td align=\"center\">2013.\u00a0gada 30.\u00a0apr\u012blis<\/td>\n<td align=\"right\">26\u00a0700\u00a0000\u00a0USD<\/td>\n<\/tr>\n<tr>\n<td>Oz Lotto\u00a0\u2014 Austr\u0101lija<\/td>\n<td align=\"center\">2013.\u00a0gada 29.\u00a0janv\u0101ris<\/td>\n<td align=\"right\">20\u00a0296\u00a0484\u00a0USD<\/td>\n<\/tr>\n<tr>\n<td>Oz Lotto\u00a0\u2014 Austr\u0101lija<\/td>\n<td align=\"center\">2013.\u00a0gada 3.\u00a0septembris<\/td>\n<td align=\"right\">19\u00a0790\u00a0620\u00a0USD<\/td>\n<\/tr>\n<\/tbody>\n<\/table>\n<h2>\u00a0P\u0101rbaudiet bi\u013cetes tie\u0161saist\u0113, lai redz\u0113tu, vai ir k\u0101das atbilst\u012bbas maks\u0101t<\/h2>\n<table style=\"width: 500px;\" border=\"1\" cellspacing=\"5\" cellpadding=\"5\" align=\"center\">\n<tbody>\n<tr>\n<td colspan=\"3\" align=\"center\">Oz Lotto &#8211; Austr\u0101lijas balvu l\u012bme\u0146i<\/td>\n<\/tr>\n<tr>\n<td>Balva<\/td>\n<td align=\"center\">Ma\u010di<\/td>\n<td align=\"center\">Izredzes<\/td>\n<\/tr>\n<tr>\n<td>1. vieta (D\u017eeppots)<\/td>\n<td align=\"center\">7<\/td>\n<td align=\"right\">45\u00a0379\u00a0620 : 1<\/td>\n<\/tr>\n<tr>\n<td>2. vieta<\/td>\n<td align=\"center\">6 + 1<\/td>\n<td align=\"right\">3\u00a0241\u00a0401 : 1<\/td>\n<\/tr>\n<tr>\n<td>3.\u00a0vieta<\/td>\n<td align=\"center\">6<\/td>\n<td align=\"right\">180\u00a0078 : 1<\/td>\n<\/tr>\n<tr>\n<td>4.\u00a0vieta<\/td>\n<td align=\"center\">5 + 1<\/td>\n<td align=\"right\">29\u00a0602\u00a0:\u00a01<\/td>\n<\/tr>\n<tr>\n<td>5.\u00a0vieta<\/td>\n<td align=\"center\">5<\/td>\n<td align=\"right\">3430\u00a0:\u00a01<\/td>\n<\/tr>\n<tr>\n<td>6.\u00a0vieta<\/td>\n<td align=\"center\">4<\/td>\n<td align=\"right\">154\u00a0:\u00a01<\/td>\n<\/tr>\n<tr>\n<td>7.\u00a0vieta<\/td>\n<td align=\"center\">3 + 1<\/td>\n<td align=\"right\">55\u00a0:\u00a01<\/td>\n<\/tr>\n<\/tbody>\n<\/table>\n","protected":false},"excerpt":{"rendered":"<p>Austr\u0101lijas loterija Katru ned\u0113\u013cu, otrdien\u0101s un ceturtdien\u0101s, Austr\u0101lij\u0101 notiek divas \u013coti aizraujo\u0161as loterijas. Powerball un Oz Lotto bi\u013cetes var ieg\u0101d\u0101ties tie\u0161saist\u0113. Bi\u013ce\u0161u ieg\u0101de tie\u0161saist\u0113 Austr\u0101lijas Lotto ir tikpat vienk\u0101r\u0161a k\u0101 &#8220;uzmest v\u0113l vienu garneli uz B\u0101rbijas letes&#8221;. Cilv\u0113ki sp\u0113l\u0113 \u0161\u012bs loterijas, lai laim\u0113tu regul\u0101ri augstos d\u017eekpotus 50 miljonu ASV dol\u0101ru un vair\u0101k apm\u0113r\u0101. Abu d\u017eekpotu [&hellip;]<\/p>\n","protected":false},"author":1,"featured_media":0,"parent":9306,"menu_order":9,"comment_status":"closed","ping_status":"closed","template":"","meta":{"footnotes":""},"class_list":["post-9670","page","type-page","status-publish","hentry"],"yoast_head":"<!-- This site is optimized with the Yoast SEO plugin v27.5 - https:\/\/yoast.com\/product\/yoast-seo-wordpress\/ -->\n<title>Ieg\u0101d\u0101jieties Austr\u0101lijas loterijas bi\u013cetes tie\u0161saist\u0113<\/title>\n<meta name=\"description\" content=\"Bi\u013ce\u0161u ieg\u0101de tie\u0161saist\u0113 Austr\u0101lijas loterij\u0101m pace\u013c aizraut\u012bbu jaun\u0101 l\u012bmen\u012b.\" \/>\n<meta name=\"robots\" content=\"index, follow, max-snippet:-1, max-image-preview:large, max-video-preview:-1\" \/>\n<link rel=\"canonical\" href=\"https:\/\/gambling6.com\/lv\/loterija\/iegustiet-australijas-loterijas-biletes-tiessaiste\/\" \/>\n<meta property=\"og:locale\" content=\"lv_LV\" \/>\n<meta property=\"og:type\" content=\"article\" \/>\n<meta property=\"og:title\" content=\"Ieg\u0101d\u0101jieties Austr\u0101lijas loterijas bi\u013cetes tie\u0161saist\u0113\" \/>\n<meta property=\"og:description\" content=\"Bi\u013ce\u0161u ieg\u0101de tie\u0161saist\u0113 Austr\u0101lijas loterij\u0101m pace\u013c aizraut\u012bbu jaun\u0101 l\u012bmen\u012b.\" \/>\n<meta property=\"og:url\" content=\"https:\/\/gambling6.com\/lv\/loterija\/iegustiet-australijas-loterijas-biletes-tiessaiste\/\" \/>\n<meta property=\"og:site_name\" content=\"Gambling6\" \/>\n<meta name=\"twitter:card\" content=\"summary_large_image\" \/>\n<meta name=\"twitter:label1\" content=\"Est. reading time\" \/>\n\t<meta name=\"twitter:data1\" content=\"2 minutes\" \/>\n<script type=\"application\/ld+json\" class=\"yoast-schema-graph\">{\"@context\":\"https:\\\/\\\/schema.org\",\"@graph\":[{\"@type\":\"WebPage\",\"@id\":\"https:\\\/\\\/gambling6.com\\\/lv\\\/loterija\\\/iegustiet-australijas-loterijas-biletes-tiessaiste\\\/\",\"url\":\"https:\\\/\\\/gambling6.com\\\/lv\\\/loterija\\\/iegustiet-australijas-loterijas-biletes-tiessaiste\\\/\",\"name\":\"Ieg\u0101d\u0101jieties Austr\u0101lijas loterijas bi\u013cetes tie\u0161saist\u0113\",\"isPartOf\":{\"@id\":\"https:\\\/\\\/gambling6.com\\\/lv\\\/#website\"},\"datePublished\":\"2025-11-11T09:33:44+00:00\",\"description\":\"Bi\u013ce\u0161u ieg\u0101de tie\u0161saist\u0113 Austr\u0101lijas loterij\u0101m pace\u013c aizraut\u012bbu jaun\u0101 l\u012bmen\u012b.\",\"breadcrumb\":{\"@id\":\"https:\\\/\\\/gambling6.com\\\/lv\\\/loterija\\\/iegustiet-australijas-loterijas-biletes-tiessaiste\\\/#breadcrumb\"},\"inLanguage\":\"lv-LV\",\"potentialAction\":[{\"@type\":\"ReadAction\",\"target\":[\"https:\\\/\\\/gambling6.com\\\/lv\\\/loterija\\\/iegustiet-australijas-loterijas-biletes-tiessaiste\\\/\"]}]},{\"@type\":\"BreadcrumbList\",\"@id\":\"https:\\\/\\\/gambling6.com\\\/lv\\\/loterija\\\/iegustiet-australijas-loterijas-biletes-tiessaiste\\\/#breadcrumb\",\"itemListElement\":[{\"@type\":\"ListItem\",\"position\":1,\"name\":\"Home\",\"item\":\"https:\\\/\\\/gambling6.com\\\/lv\\\/home\\\/\"},{\"@type\":\"ListItem\",\"position\":2,\"name\":\"Loterija\",\"item\":\"https:\\\/\\\/gambling6.com\\\/lv\\\/loterija\\\/\"},{\"@type\":\"ListItem\",\"position\":3,\"name\":\"Ieg\u016bstiet Austr\u0101lijas loterijas bi\u013cetes tie\u0161saist\u0113\"}]},{\"@type\":\"WebSite\",\"@id\":\"https:\\\/\\\/gambling6.com\\\/lv\\\/#website\",\"url\":\"https:\\\/\\\/gambling6.com\\\/lv\\\/\",\"name\":\"Gambling6\",\"description\":\"\",\"potentialAction\":[{\"@type\":\"SearchAction\",\"target\":{\"@type\":\"EntryPoint\",\"urlTemplate\":\"https:\\\/\\\/gambling6.com\\\/lv\\\/?s={search_term_string}\"},\"query-input\":{\"@type\":\"PropertyValueSpecification\",\"valueRequired\":true,\"valueName\":\"search_term_string\"}}],\"inLanguage\":\"lv-LV\"}]}<\/script>\n<!-- \/ Yoast SEO plugin. -->","yoast_head_json":{"title":"Ieg\u0101d\u0101jieties Austr\u0101lijas loterijas bi\u013cetes tie\u0161saist\u0113","description":"Bi\u013ce\u0161u ieg\u0101de tie\u0161saist\u0113 Austr\u0101lijas loterij\u0101m pace\u013c aizraut\u012bbu jaun\u0101 l\u012bmen\u012b.","robots":{"index":"index","follow":"follow","max-snippet":"max-snippet:-1","max-image-preview":"max-image-preview:large","max-video-preview":"max-video-preview:-1"},"canonical":"https:\/\/gambling6.com\/lv\/loterija\/iegustiet-australijas-loterijas-biletes-tiessaiste\/","og_locale":"lv_LV","og_type":"article","og_title":"Ieg\u0101d\u0101jieties Austr\u0101lijas loterijas bi\u013cetes tie\u0161saist\u0113","og_description":"Bi\u013ce\u0161u ieg\u0101de tie\u0161saist\u0113 Austr\u0101lijas loterij\u0101m pace\u013c aizraut\u012bbu jaun\u0101 l\u012bmen\u012b.","og_url":"https:\/\/gambling6.com\/lv\/loterija\/iegustiet-australijas-loterijas-biletes-tiessaiste\/","og_site_name":"Gambling6","twitter_card":"summary_large_image","twitter_misc":{"Est. reading time":"2 minutes"},"schema":{"@context":"https:\/\/schema.org","@graph":[{"@type":"WebPage","@id":"https:\/\/gambling6.com\/lv\/loterija\/iegustiet-australijas-loterijas-biletes-tiessaiste\/","url":"https:\/\/gambling6.com\/lv\/loterija\/iegustiet-australijas-loterijas-biletes-tiessaiste\/","name":"Ieg\u0101d\u0101jieties Austr\u0101lijas loterijas bi\u013cetes tie\u0161saist\u0113","isPartOf":{"@id":"https:\/\/gambling6.com\/lv\/#website"},"datePublished":"2025-11-11T09:33:44+00:00","description":"Bi\u013ce\u0161u ieg\u0101de tie\u0161saist\u0113 Austr\u0101lijas loterij\u0101m pace\u013c aizraut\u012bbu jaun\u0101 l\u012bmen\u012b.","breadcrumb":{"@id":"https:\/\/gambling6.com\/lv\/loterija\/iegustiet-australijas-loterijas-biletes-tiessaiste\/#breadcrumb"},"inLanguage":"lv-LV","potentialAction":[{"@type":"ReadAction","target":["https:\/\/gambling6.com\/lv\/loterija\/iegustiet-australijas-loterijas-biletes-tiessaiste\/"]}]},{"@type":"BreadcrumbList","@id":"https:\/\/gambling6.com\/lv\/loterija\/iegustiet-australijas-loterijas-biletes-tiessaiste\/#breadcrumb","itemListElement":[{"@type":"ListItem","position":1,"name":"Home","item":"https:\/\/gambling6.com\/lv\/home\/"},{"@type":"ListItem","position":2,"name":"Loterija","item":"https:\/\/gambling6.com\/lv\/loterija\/"},{"@type":"ListItem","position":3,"name":"Ieg\u016bstiet Austr\u0101lijas loterijas bi\u013cetes tie\u0161saist\u0113"}]},{"@type":"WebSite","@id":"https:\/\/gambling6.com\/lv\/#website","url":"https:\/\/gambling6.com\/lv\/","name":"Gambling6","description":"","potentialAction":[{"@type":"SearchAction","target":{"@type":"EntryPoint","urlTemplate":"https:\/\/gambling6.com\/lv\/?s={search_term_string}"},"query-input":{"@type":"PropertyValueSpecification","valueRequired":true,"valueName":"search_term_string"}}],"inLanguage":"lv-LV"}]}},"_links":{"self":[{"href":"https:\/\/gambling6.com\/lv\/wp-json\/wp\/v2\/pages\/9670","targetHints":{"allow":["GET"]}}],"collection":[{"href":"https:\/\/gambling6.com\/lv\/wp-json\/wp\/v2\/pages"}],"about":[{"href":"https:\/\/gambling6.com\/lv\/wp-json\/wp\/v2\/types\/page"}],"author":[{"embeddable":true,"href":"https:\/\/gambling6.com\/lv\/wp-json\/wp\/v2\/users\/1"}],"replies":[{"embeddable":true,"href":"https:\/\/gambling6.com\/lv\/wp-json\/wp\/v2\/comments?post=9670"}],"version-history":[{"count":0,"href":"https:\/\/gambling6.com\/lv\/wp-json\/wp\/v2\/pages\/9670\/revisions"}],"up":[{"embeddable":true,"href":"https:\/\/gambling6.com\/lv\/wp-json\/wp\/v2\/pages\/9306"}],"wp:attachment":[{"href":"https:\/\/gambling6.com\/lv\/wp-json\/wp\/v2\/media?parent=9670"}],"curies":[{"name":"wp","href":"https:\/\/api.w.org\/{rel}","templated":true}]}}