{"id":9691,"date":"2025-11-11T10:10:19","date_gmt":"2025-11-11T10:10:19","guid":{"rendered":"https:\/\/gambling6.com\/loterija\/iegustiet-tiessaiste-biletes-uz-mega-sena-loteriju\/"},"modified":"2025-11-11T10:10:19","modified_gmt":"2025-11-11T10:10:19","slug":"iegustiet-tiessaiste-biletes-uz-mega-sena-loteriju","status":"publish","type":"page","link":"https:\/\/gambling6.com\/lv\/loterija\/iegustiet-tiessaiste-biletes-uz-mega-sena-loteriju\/","title":{"rendered":"Ieg\u016bstiet tie\u0161saist\u0113 bi\u013cetes uz Mega Sena loteriju"},"content":{"rendered":"<h2>Mega Sena loterija<\/h2>\n<p>Ar garant\u0113tu minim\u0101lo d\u017eekpotu 1,1 miljona ASV dol\u0101ru apm\u0113r\u0101 Mega Sena loterija Braz\u012blij\u0101 piesaista milz\u012bgu fanu skaitu divas reizes ned\u0113\u013c\u0101. Pateicoties iesp\u0113jai ieg\u0101d\u0101ties Mega Sena loterijas bi\u013cetes tie\u0161saist\u0113, d\u017eekpoti bie\u017ei vien pieaug daudz augst\u0101ki<strong>.<\/strong> Valst\u012b, kas vis\u0101 pasaul\u0113 paz\u012bstama ar skaist\u0101m sieviet\u0113m pludmal\u0113s un izklaidi, Braz\u012blijas nacion\u0101l\u0101 Mega-Sena loterija v\u0113l vair\u0101k pastiprina azartu ar d\u017eekpotiem, kas var sasniegt 35 miljonus ASV dol\u0101ru.<\/p>\n<p><strong>It k\u0101 ar 35 miljoniem ASV dol\u0101ru nepietiktu, Vecgada vakar\u0101 notiek \u012bpa\u0161a izloze ar garant\u0113tu d\u017eekpotu 200 miljonu ASV dol\u0101ru apm\u0113r\u0101.<\/strong><\/p>\n<p>Mega-Sena loterija, kas notiek divas reizes ned\u0113\u013c\u0101 Braz\u012blij\u0101, ir liel\u0101k\u0101 Dienvidamerik\u0101 un t\u0101s bi\u013cetes var ieg\u0101d\u0101ties tie\u0161saist\u0113. Braz\u012blijas iedz\u012bvot\u0101ji kop\u0101 ar daudziem tie\u0161saistes sp\u0113l\u0113t\u0101jiem divas reizes ned\u0113\u013c\u0101 pl\u016bst, lai ieg\u0101d\u0101tos bi\u013cetes uz \u0161o viegli sp\u0113l\u0113jamo loteriju. <\/p>\n<h2>Sp\u0113l\u0113jiet Mega-Sena loteriju tie\u0161saist\u0113.<\/h2>\n<p>Lai piedal\u012btos \u0161aj\u0101 loterij\u0101, viss, kas jums j\u0101dara, ir j\u0101izv\u0113las se\u0161i skait\u013ci no 1 l\u012bdz 60 un j\u0101gaida izloze. Lai sa\u0146emtu d\u017eekpotu, viss, kas jums j\u0101dara, ir j\u0101atmin se\u0161i skait\u013ci. <strong>Tie\u0161saistes sp\u0113l\u0113t\u0101jam n\u0101kamais solis b\u016btu lidot uz Braz\u012bliju<\/strong>, sa\u0146emt savu d\u017eekpotu un pulc\u0113ties pludmal\u0113 ar visiem saviem jaunieg\u016btajiem draugiem.<\/p>\n<p>Iesp\u0113ja laim\u0113t Mega Sena ar j\u016bsu tie\u0161saistes bi\u013cet\u0113m ir aptuveni 50\u00a0000\u00a0000 pret 1. Ieg\u0101d\u0101joties Mega Sena bi\u013cetes tie\u0161saist\u0113, varat laim\u0113t ar\u012b k\u0101du no otr\u0101s vai tre\u0161\u0101s pak\u0101pes balv\u0101m, kas bie\u017ei vien ir iev\u0113rojamas. <a class=\"thirstylink\" title=\"Redfoxlotto\" href=\"https:\/\/gambling6.com\/go\/redfoxlotto\/\" target=\"_blank\" rel=\"nofollow noopener\">Noklik\u0161\u0137iniet \u0161eit, lai apmekl\u0113tu m\u016bsu partnera RedFoxlotto vietni un tie\u0161saist\u0113 ieg\u0101d\u0101tos Mega Sena loterijas bi\u013cetes.<\/a><\/p>\n<table style=\"width: 500px;\" border=\"1\" cellspacing=\"5\" cellpadding=\"5\" align=\"center\">\n<tbody>\n<tr>\n<td colspan=\"3\" align=\"center\">Pieci liel\u0101kie d\u017eekpoti 2013. gad\u0101<\/td>\n<\/tr>\n<tr>\n<td>Izloze<\/td>\n<td align=\"center\">Datums<\/td>\n<td align=\"center\">D\u017eekpots (USD)<\/td>\n<\/tr>\n<tr>\n<td>Mega-Sena &#8211; Lat\u012b\u0146amerika<\/td>\n<td align=\"center\">2013. gada 6. novembris<\/td>\n<td align=\"right\">34\u00a0615\u00a0000\u00a0USD<\/td>\n<\/tr>\n<tr>\n<td>Mega-Sena &#8211; Lat\u012b\u0146amerika<\/td>\n<td align=\"center\">2013. gada 1. j\u016bnijs<\/td>\n<td align=\"right\">18\u00a0505\u00a0745\u00a0ASV dol\u0101ri<\/td>\n<\/tr>\n<tr>\n<td>Mega-Sena\u00a0\u2014 Lat\u012b\u0146amerika<\/td>\n<td align=\"center\">2013.\u00a0gada 3.\u00a0j\u016blijs<\/td>\n<td align=\"right\">18\u00a0205\u00a0319\u00a0ASV dol\u0101ri<\/td>\n<\/tr>\n<tr>\n<td>Mega-Sena\u00a0\u2014 Lat\u012b\u0146amerika<\/td>\n<td align=\"center\">2013.\u00a0gada 31.\u00a0augusts<\/td>\n<td align=\"right\">13\u00a0760\u00a0000\u00a0ASV dol\u0101ru<\/td>\n<\/tr>\n<tr>\n<td>Mega-Sena\u00a0\u2014 Lat\u012b\u0146amerika<\/td>\n<td align=\"center\">2013.\u00a0gada 14.\u00a0augusts<\/td>\n<td align=\"right\">10\u00a0884\u00a0923\u00a0ASV dol\u0101ri<\/td>\n<\/tr>\n<\/tbody>\n<\/table>\n<p>&nbsp; <\/p>\n<table style=\"width: 500px;\" border=\"1\" cellspacing=\"5\" cellpadding=\"5\" align=\"center\">\n<tbody>\n<tr>\n<td colspan=\"3\" align=\"center\">Mega-Sena loterija \u2014 Braz\u012blijas balvu l\u012bme\u0146i<\/td>\n<\/tr>\n<tr>\n<td>Balva<\/td>\n<td align=\"center\">Sp\u0113les<\/td>\n<td align=\"center\">Izredzes<\/td>\n<\/tr>\n<tr>\n<td>1. vieta (D\u017eepots)<\/td>\n<td align=\"center\">6<\/td>\n<td align=\"right\">50\u00a0063\u00a0856 : 1<\/td>\n<\/tr>\n<tr>\n<td>2. vieta<\/td>\n<td align=\"center\">5<\/td>\n<td align=\"right\">154\u00a0518 : 1<\/td>\n<\/tr>\n<tr>\n<td>3.\u00a0vieta<\/td>\n<td align=\"center\">4<\/td>\n<td align=\"right\">2332:1<\/td>\n<\/tr>\n<\/tbody>\n<\/table>\n","protected":false},"excerpt":{"rendered":"<p>Mega Sena loterija Ar garant\u0113tu minim\u0101lo d\u017eekpotu 1,1 miljona ASV dol\u0101ru apm\u0113r\u0101 Mega Sena loterija Braz\u012blij\u0101 piesaista milz\u012bgu fanu skaitu divas reizes ned\u0113\u013c\u0101. Pateicoties iesp\u0113jai ieg\u0101d\u0101ties Mega Sena loterijas bi\u013cetes tie\u0161saist\u0113, d\u017eekpoti bie\u017ei vien pieaug daudz augst\u0101ki. Valst\u012b, kas vis\u0101 pasaul\u0113 paz\u012bstama ar skaist\u0101m sieviet\u0113m pludmal\u0113s un izklaidi, Braz\u012blijas nacion\u0101l\u0101 Mega-Sena loterija v\u0113l vair\u0101k pastiprina [&hellip;]<\/p>\n","protected":false},"author":1,"featured_media":0,"parent":9306,"menu_order":8,"comment_status":"closed","ping_status":"closed","template":"","meta":{"footnotes":""},"class_list":["post-9691","page","type-page","status-publish","hentry"],"yoast_head":"<!-- This site is optimized with the Yoast SEO plugin v27.4 - https:\/\/yoast.com\/product\/yoast-seo-wordpress\/ -->\n<title>Ieg\u0101d\u0101jieties Mega Sena loterijas bi\u013cetes tie\u0161saist\u0113<\/title>\n<meta name=\"description\" content=\"Uzziniet, k\u0101 tie\u0161saist\u0113 ieg\u016bt bi\u013cetes uz Braz\u012blijas Mega-Sena loteriju.\" \/>\n<meta name=\"robots\" content=\"index, follow, max-snippet:-1, max-image-preview:large, max-video-preview:-1\" \/>\n<link rel=\"canonical\" href=\"https:\/\/gambling6.com\/lv\/loterija\/iegustiet-tiessaiste-biletes-uz-mega-sena-loteriju\/\" \/>\n<meta property=\"og:locale\" content=\"lv_LV\" \/>\n<meta property=\"og:type\" content=\"article\" \/>\n<meta property=\"og:title\" content=\"Ieg\u0101d\u0101jieties Mega Sena loterijas bi\u013cetes tie\u0161saist\u0113\" \/>\n<meta property=\"og:description\" content=\"Uzziniet, k\u0101 tie\u0161saist\u0113 ieg\u016bt bi\u013cetes uz Braz\u012blijas Mega-Sena loteriju.\" \/>\n<meta property=\"og:url\" content=\"https:\/\/gambling6.com\/lv\/loterija\/iegustiet-tiessaiste-biletes-uz-mega-sena-loteriju\/\" \/>\n<meta property=\"og:site_name\" content=\"Gambling6\" \/>\n<meta name=\"twitter:card\" content=\"summary_large_image\" \/>\n<meta name=\"twitter:label1\" content=\"Est. reading time\" \/>\n\t<meta name=\"twitter:data1\" content=\"2 minutes\" \/>\n<script type=\"application\/ld+json\" class=\"yoast-schema-graph\">{\"@context\":\"https:\\\/\\\/schema.org\",\"@graph\":[{\"@type\":\"WebPage\",\"@id\":\"https:\\\/\\\/gambling6.com\\\/lv\\\/loterija\\\/iegustiet-tiessaiste-biletes-uz-mega-sena-loteriju\\\/\",\"url\":\"https:\\\/\\\/gambling6.com\\\/lv\\\/loterija\\\/iegustiet-tiessaiste-biletes-uz-mega-sena-loteriju\\\/\",\"name\":\"Ieg\u0101d\u0101jieties Mega Sena loterijas bi\u013cetes tie\u0161saist\u0113\",\"isPartOf\":{\"@id\":\"https:\\\/\\\/gambling6.com\\\/lv\\\/#website\"},\"datePublished\":\"2025-11-11T10:10:19+00:00\",\"description\":\"Uzziniet, k\u0101 tie\u0161saist\u0113 ieg\u016bt bi\u013cetes uz Braz\u012blijas Mega-Sena loteriju.\",\"breadcrumb\":{\"@id\":\"https:\\\/\\\/gambling6.com\\\/lv\\\/loterija\\\/iegustiet-tiessaiste-biletes-uz-mega-sena-loteriju\\\/#breadcrumb\"},\"inLanguage\":\"lv-LV\",\"potentialAction\":[{\"@type\":\"ReadAction\",\"target\":[\"https:\\\/\\\/gambling6.com\\\/lv\\\/loterija\\\/iegustiet-tiessaiste-biletes-uz-mega-sena-loteriju\\\/\"]}]},{\"@type\":\"BreadcrumbList\",\"@id\":\"https:\\\/\\\/gambling6.com\\\/lv\\\/loterija\\\/iegustiet-tiessaiste-biletes-uz-mega-sena-loteriju\\\/#breadcrumb\",\"itemListElement\":[{\"@type\":\"ListItem\",\"position\":1,\"name\":\"Home\",\"item\":\"https:\\\/\\\/gambling6.com\\\/lv\\\/home\\\/\"},{\"@type\":\"ListItem\",\"position\":2,\"name\":\"Loterija\",\"item\":\"https:\\\/\\\/gambling6.com\\\/lv\\\/loterija\\\/\"},{\"@type\":\"ListItem\",\"position\":3,\"name\":\"Ieg\u016bstiet tie\u0161saist\u0113 bi\u013cetes uz Mega Sena loteriju\"}]},{\"@type\":\"WebSite\",\"@id\":\"https:\\\/\\\/gambling6.com\\\/lv\\\/#website\",\"url\":\"https:\\\/\\\/gambling6.com\\\/lv\\\/\",\"name\":\"Gambling6\",\"description\":\"\",\"potentialAction\":[{\"@type\":\"SearchAction\",\"target\":{\"@type\":\"EntryPoint\",\"urlTemplate\":\"https:\\\/\\\/gambling6.com\\\/lv\\\/?s={search_term_string}\"},\"query-input\":{\"@type\":\"PropertyValueSpecification\",\"valueRequired\":true,\"valueName\":\"search_term_string\"}}],\"inLanguage\":\"lv-LV\"}]}<\/script>\n<!-- \/ Yoast SEO plugin. -->","yoast_head_json":{"title":"Ieg\u0101d\u0101jieties Mega Sena loterijas bi\u013cetes tie\u0161saist\u0113","description":"Uzziniet, k\u0101 tie\u0161saist\u0113 ieg\u016bt bi\u013cetes uz Braz\u012blijas Mega-Sena loteriju.","robots":{"index":"index","follow":"follow","max-snippet":"max-snippet:-1","max-image-preview":"max-image-preview:large","max-video-preview":"max-video-preview:-1"},"canonical":"https:\/\/gambling6.com\/lv\/loterija\/iegustiet-tiessaiste-biletes-uz-mega-sena-loteriju\/","og_locale":"lv_LV","og_type":"article","og_title":"Ieg\u0101d\u0101jieties Mega Sena loterijas bi\u013cetes tie\u0161saist\u0113","og_description":"Uzziniet, k\u0101 tie\u0161saist\u0113 ieg\u016bt bi\u013cetes uz Braz\u012blijas Mega-Sena loteriju.","og_url":"https:\/\/gambling6.com\/lv\/loterija\/iegustiet-tiessaiste-biletes-uz-mega-sena-loteriju\/","og_site_name":"Gambling6","twitter_card":"summary_large_image","twitter_misc":{"Est. reading time":"2 minutes"},"schema":{"@context":"https:\/\/schema.org","@graph":[{"@type":"WebPage","@id":"https:\/\/gambling6.com\/lv\/loterija\/iegustiet-tiessaiste-biletes-uz-mega-sena-loteriju\/","url":"https:\/\/gambling6.com\/lv\/loterija\/iegustiet-tiessaiste-biletes-uz-mega-sena-loteriju\/","name":"Ieg\u0101d\u0101jieties Mega Sena loterijas bi\u013cetes tie\u0161saist\u0113","isPartOf":{"@id":"https:\/\/gambling6.com\/lv\/#website"},"datePublished":"2025-11-11T10:10:19+00:00","description":"Uzziniet, k\u0101 tie\u0161saist\u0113 ieg\u016bt bi\u013cetes uz Braz\u012blijas Mega-Sena loteriju.","breadcrumb":{"@id":"https:\/\/gambling6.com\/lv\/loterija\/iegustiet-tiessaiste-biletes-uz-mega-sena-loteriju\/#breadcrumb"},"inLanguage":"lv-LV","potentialAction":[{"@type":"ReadAction","target":["https:\/\/gambling6.com\/lv\/loterija\/iegustiet-tiessaiste-biletes-uz-mega-sena-loteriju\/"]}]},{"@type":"BreadcrumbList","@id":"https:\/\/gambling6.com\/lv\/loterija\/iegustiet-tiessaiste-biletes-uz-mega-sena-loteriju\/#breadcrumb","itemListElement":[{"@type":"ListItem","position":1,"name":"Home","item":"https:\/\/gambling6.com\/lv\/home\/"},{"@type":"ListItem","position":2,"name":"Loterija","item":"https:\/\/gambling6.com\/lv\/loterija\/"},{"@type":"ListItem","position":3,"name":"Ieg\u016bstiet tie\u0161saist\u0113 bi\u013cetes uz Mega Sena loteriju"}]},{"@type":"WebSite","@id":"https:\/\/gambling6.com\/lv\/#website","url":"https:\/\/gambling6.com\/lv\/","name":"Gambling6","description":"","potentialAction":[{"@type":"SearchAction","target":{"@type":"EntryPoint","urlTemplate":"https:\/\/gambling6.com\/lv\/?s={search_term_string}"},"query-input":{"@type":"PropertyValueSpecification","valueRequired":true,"valueName":"search_term_string"}}],"inLanguage":"lv-LV"}]}},"_links":{"self":[{"href":"https:\/\/gambling6.com\/lv\/wp-json\/wp\/v2\/pages\/9691","targetHints":{"allow":["GET"]}}],"collection":[{"href":"https:\/\/gambling6.com\/lv\/wp-json\/wp\/v2\/pages"}],"about":[{"href":"https:\/\/gambling6.com\/lv\/wp-json\/wp\/v2\/types\/page"}],"author":[{"embeddable":true,"href":"https:\/\/gambling6.com\/lv\/wp-json\/wp\/v2\/users\/1"}],"replies":[{"embeddable":true,"href":"https:\/\/gambling6.com\/lv\/wp-json\/wp\/v2\/comments?post=9691"}],"version-history":[{"count":0,"href":"https:\/\/gambling6.com\/lv\/wp-json\/wp\/v2\/pages\/9691\/revisions"}],"up":[{"embeddable":true,"href":"https:\/\/gambling6.com\/lv\/wp-json\/wp\/v2\/pages\/9306"}],"wp:attachment":[{"href":"https:\/\/gambling6.com\/lv\/wp-json\/wp\/v2\/media?parent=9691"}],"curies":[{"name":"wp","href":"https:\/\/api.w.org\/{rel}","templated":true}]}}