{"id":9716,"date":"2025-11-11T10:48:08","date_gmt":"2025-11-11T10:48:08","guid":{"rendered":"https:\/\/gambling6.com\/loterija\/iegadajieties-tiessaiste-biletes-uz-apvienotas-karalistes-nacionalo-loteriju\/"},"modified":"2025-11-15T10:44:48","modified_gmt":"2025-11-15T10:44:48","slug":"iegadajieties-tiessaiste-biletes-uz-apvienotas-karalistes-nacionalo-loteriju","status":"publish","type":"page","link":"https:\/\/gambling6.com\/lv\/loterija\/iegadajieties-tiessaiste-biletes-uz-apvienotas-karalistes-nacionalo-loteriju\/","title":{"rendered":"Ieg\u0101d\u0101jieties tie\u0161saist\u0113 bi\u013cetes uz Apvienot\u0101s Karalistes nacion\u0101lo loteriju"},"content":{"rendered":"<h2>Lielbrit\u0101nijas Nacion\u0101l\u0101s loterijas bi\u013cetes internet\u0101<\/h2>\n<p><strong style=\"background-color: initial;\">Ieg\u0101d\u0101joties Lielbrit\u0101nijas Nacion\u0101l\u0101s loterijas bi\u013ceti tie\u0161saist\u0113, j\u016bs k\u013c\u016bsiet par da\u013cu no Lielbrit\u0101nijas iecien\u012bt\u0101k\u0101s loterijas.<\/strong><span style=\"background-color: initial;\"> Bi\u013ce\u0161u p\u0101rdo\u0161anas apjoms gan tie\u0161saist\u0113, gan viet\u0113j\u0101 m\u0113rog\u0101 ir aptuveni 50\u00a0000\u00a0000 vien\u0101 izloz\u0113. Ar bi\u013ceti jums ir 1 no 56 iesp\u0113ja laim\u0113t \u00a325, kas ir Lielbrit\u0101nijas Nacion\u0101l\u0101s loterijas s\u0101kuma l\u012bme\u0146a balva.<\/span><\/p>\n<p>Lai sp\u0113l\u0113tu \u0161o loteriju, jums j\u0101izv\u0113las se\u0161i pamatskait\u013ci no 1 l\u012bdz 49. Lai laim\u0113tu d\u017eekpotu, jums vienk\u0101r\u0161i j\u0101atmin se\u0161i skait\u013ci. <strong>Lielbrit\u0101nijas Nacion\u0101l\u0101s loterijas laim\u0113\u0161anas iesp\u0113jam\u012bba ir aptuveni 1 no 14 miljoniem.<\/strong> \u0160\u012bs izredzes ir daudz lab\u0101kas nek\u0101 m\u0113\u0123in\u0101t laim\u0113t Euromillions; paties\u012bb\u0101 jums ir aptuveni 10 reizes liel\u0101ka iesp\u0113ja laim\u0113t naudu.<\/p>\n<p>Katru tre\u0161dienu un sestdienu bi\u013ce\u0161u p\u0101rdo\u0161anas apjomi strauji pieaug, jo\u00a0<span style=\"box-sizing: border-box; margin: 0px; padding: 0px;\">viet\u0113jie briti un\u00a0<strong>starptautiskie tie\u0161saistes loterijas sp\u0113l\u0113t\u0101ji p\u0113rk bi\u013cetes, lai laim\u0113tu<\/strong><\/span><strong>d\u017eekpotu<\/strong>, kas gandr\u012bz vienm\u0113r p\u0101rsniedz 5 miljonus sterli\u0146u m\u0101rci\u0146u. Lai gan 45% no bi\u013ce\u0161u p\u0101rdo\u0161anas apjoma tiek garant\u0113ti balvu fondam, kop\u0161 \u0161\u012bs loterijas ievie\u0161anas 1994. gad\u0101 vair\u0101k nek\u0101 42 miljardi sterli\u0146u m\u0101rci\u0146u ir ziedoti v\u0113rt\u012bgiem m\u0113r\u0137iem Apvienotaj\u0101 Karalist\u0113 un \u0101rzem\u0113s.<\/p>\n<p><img loading=\"lazy\" decoding=\"async\" class=\"size-medium wp-image-1371 alignright\" src=\"https:\/\/gambling6.com\/wp-content\/uploads\/2022\/04\/2_ticket_uk_lottery-192x300.jpg\" alt=\"Lielbrit\u0101nijas loterijas bi\u013cete\" width=\"192\" height=\"300\" srcset=\"https:\/\/gambling6.com\/wp-content\/uploads\/2022\/04\/2_ticket_uk_lottery-192x300.jpg 192w, https:\/\/gambling6.com\/wp-content\/uploads\/2022\/04\/2_ticket_uk_lottery.jpg 564w\" sizes=\"auto, (max-width: 192px) 100vw, 192px\" \/>Kad \u0161\u012b loterija notiek sestdien\u0101s un tre\u0161dien\u0101s London\u0101, auditorija, kas plaukst\u0101s tur bi\u013cetes, ir diezgan liela. Cilv\u0113ki pl\u016bst uz televizoru viet\u0113jos krogos, cerot ieg\u016bt 5 miljonus m\u0101rci\u0146u. Turkl\u0101t, ja d\u017eekpots netiek laim\u0113ts, tas tiek p\u0101rcelts uz n\u0101kamo izlozi. <a class=\"thirstylink\" title=\"RedFoxLotto en\" href=\"https:\/\/gambling6.com\/go\/redfoxlotto-en\/\" target=\"_blank\" rel=\"nofollow noopener\">Ieg\u016bstiet savu tie\u0161saistes bi\u013ceti un iesp\u0113ju pretend\u0113t uz Apvienot\u0101s Karalistes Nacion\u0101l\u0101s loterijas balvu, apmekl\u0113jot m\u016bsu partnera RedFoxLotto vietni.<\/a><\/p>\n<table style=\"width: 500px;\" border=\"1\" cellspacing=\"5\" cellpadding=\"5\" align=\"center\">\n<tbody>\n<tr>\n<td colspan=\"3\" align=\"center\">Pieci liel\u0101kie d\u017eekpoti 2013. gad\u0101<\/td>\n<\/tr>\n<tr>\n<td>Izloze<\/td>\n<td align=\"center\">Datums<\/td>\n<td align=\"center\">D\u017eekpots (USD)<\/td>\n<\/tr>\n<tr>\n<td>Nacion\u0101l\u0101 loterija &#8211; Apvienot\u0101 Karaliste<\/td>\n<td align=\"center\">2013. gada 5. oktobris<\/td>\n<td style=\"text-align: center;\" align=\"right\">16\u00a0500\u00a0000\u00a0$<\/td>\n<\/tr>\n<tr>\n<td>Nacion\u0101l\u0101 loterija\u00a0\u2014 Apvienot\u0101 Karaliste<\/td>\n<td align=\"center\">2013.\u00a0gada 12.\u00a0oktobris<\/td>\n<td align=\"right\">16\u00a0500\u00a0000\u00a0$<\/td>\n<\/tr>\n<tr>\n<td>Nacion\u0101l\u0101 loterija\u00a0\u2014 Apvienot\u0101 Karaliste<\/td>\n<td align=\"center\">2013.\u00a0gada 18.\u00a0septembris<\/td>\n<td align=\"right\">14\u00a0025\u00a0000\u00a0$<\/td>\n<\/tr>\n<tr>\n<td>Nacion\u0101l\u0101 loterija\u00a0\u2014 Apvienot\u0101 Karaliste<\/td>\n<td align=\"center\">2013.\u00a0gada 18.\u00a0decembris<\/td>\n<td align=\"right\">13\u00a0173\u00a0600\u00a0$<\/td>\n<\/tr>\n<tr>\n<td>Nacion\u0101l\u0101 loterija\u00a0\u2014 Apvienot\u0101 Karaliste<\/td>\n<td align=\"center\">2013.\u00a0gada 2.\u00a0novembris<\/td>\n<td align=\"right\">13\u00a0134\u00a0000\u00a0ASV dol\u0101ru<\/td>\n<\/tr>\n<\/tbody>\n<\/table>\n<p>&nbsp;<\/p>\n<table style=\"width: 500px;\" border=\"1\" cellspacing=\"5\" cellpadding=\"5\" align=\"center\">\n<tbody>\n<tr>\n<td colspan=\"3\" align=\"center\">Apvienot\u0101s Karalistes Nacion\u0101l\u0101s loterijas balvu l\u012bme\u0146i<\/td>\n<\/tr>\n<tr>\n<td>Balva<\/td>\n<td align=\"center\">Ma\u010di<\/td>\n<td align=\"center\">Izredzes<\/td>\n<\/tr>\n<tr>\n<td>1.\u00a0vieta (D\u017eeppots)<\/td>\n<td style=\"text-align: center;\" align=\"center\">6<\/td>\n<td align=\"right\">13\u00a0983\u00a0816: 1<\/td>\n<\/tr>\n<tr>\n<td>2.\u00a0vieta<\/td>\n<td align=\"center\">5 + 1<\/td>\n<td align=\"right\">2\u00a0330\u00a0636: 1<\/td>\n<\/tr>\n<tr>\n<td>3.\u00a0vieta<\/td>\n<td align=\"center\">5<\/td>\n<td align=\"right\">55\u00a0492: 1<\/td>\n<\/tr>\n<tr>\n<td>4.\u00a0vieta<\/td>\n<td align=\"center\">4<\/td>\n<td align=\"right\">1033: 1<\/td>\n<\/tr>\n<tr>\n<td>5.\u00a0vieta<\/td>\n<td align=\"center\">3<\/td>\n<td align=\"right\">57 : 1<\/td>\n<\/tr>\n<\/tbody>\n<\/table>\n","protected":false},"excerpt":{"rendered":"<p>Lielbrit\u0101nijas Nacion\u0101l\u0101s loterijas bi\u013cetes internet\u0101 Ieg\u0101d\u0101joties Lielbrit\u0101nijas Nacion\u0101l\u0101s loterijas bi\u013ceti tie\u0161saist\u0113, j\u016bs k\u013c\u016bsiet par da\u013cu no Lielbrit\u0101nijas iecien\u012bt\u0101k\u0101s loterijas. Bi\u013ce\u0161u p\u0101rdo\u0161anas apjoms gan tie\u0161saist\u0113, gan viet\u0113j\u0101 m\u0113rog\u0101 ir aptuveni 50\u00a0000\u00a0000 vien\u0101 izloz\u0113. Ar bi\u013ceti jums ir 1 no 56 iesp\u0113ja laim\u0113t \u00a325, kas ir Lielbrit\u0101nijas Nacion\u0101l\u0101s loterijas s\u0101kuma l\u012bme\u0146a balva. Lai sp\u0113l\u0113tu \u0161o loteriju, jums [&hellip;]<\/p>\n","protected":false},"author":1,"featured_media":0,"parent":9306,"menu_order":6,"comment_status":"closed","ping_status":"closed","template":"","meta":{"footnotes":""},"class_list":["post-9716","page","type-page","status-publish","hentry"],"yoast_head":"<!-- This site is optimized with the Yoast SEO plugin v27.5 - https:\/\/yoast.com\/product\/yoast-seo-wordpress\/ -->\n<title>Ieg\u0101d\u0101jieties bi\u013cetes uz Apvienot\u0101s Karalistes Nacion\u0101lo loteriju tie\u0161saist\u0113<\/title>\n<meta name=\"description\" content=\"Piedalieties Apvienot\u0101s Karalistes Nacion\u0101laj\u0101 loterij\u0101, ieg\u0101d\u0101joties bi\u013cetes tie\u0161saist\u0113.\" \/>\n<meta name=\"robots\" content=\"index, follow, max-snippet:-1, max-image-preview:large, max-video-preview:-1\" \/>\n<link rel=\"canonical\" href=\"https:\/\/gambling6.com\/lv\/loterija\/iegadajieties-tiessaiste-biletes-uz-apvienotas-karalistes-nacionalo-loteriju\/\" \/>\n<meta property=\"og:locale\" content=\"lv_LV\" \/>\n<meta property=\"og:type\" content=\"article\" \/>\n<meta property=\"og:title\" content=\"Ieg\u0101d\u0101jieties bi\u013cetes uz Apvienot\u0101s Karalistes Nacion\u0101lo loteriju tie\u0161saist\u0113\" \/>\n<meta property=\"og:description\" content=\"Piedalieties Apvienot\u0101s Karalistes Nacion\u0101laj\u0101 loterij\u0101, ieg\u0101d\u0101joties bi\u013cetes tie\u0161saist\u0113.\" \/>\n<meta property=\"og:url\" content=\"https:\/\/gambling6.com\/lv\/loterija\/iegadajieties-tiessaiste-biletes-uz-apvienotas-karalistes-nacionalo-loteriju\/\" \/>\n<meta property=\"og:site_name\" content=\"Gambling6\" \/>\n<meta property=\"article:modified_time\" content=\"2025-11-15T10:44:48+00:00\" \/>\n<meta property=\"og:image\" content=\"https:\/\/gambling6.com\/wp-content\/uploads\/2022\/04\/2_ticket_uk_lottery.jpg\" \/>\n\t<meta property=\"og:image:width\" content=\"564\" \/>\n\t<meta property=\"og:image:height\" content=\"883\" \/>\n\t<meta property=\"og:image:type\" content=\"image\/jpeg\" \/>\n<meta name=\"twitter:card\" content=\"summary_large_image\" \/>\n<meta name=\"twitter:label1\" content=\"Est. reading time\" \/>\n\t<meta name=\"twitter:data1\" content=\"2 minutes\" \/>\n<script type=\"application\/ld+json\" class=\"yoast-schema-graph\">{\"@context\":\"https:\\\/\\\/schema.org\",\"@graph\":[{\"@type\":\"WebPage\",\"@id\":\"https:\\\/\\\/gambling6.com\\\/lv\\\/loterija\\\/iegadajieties-tiessaiste-biletes-uz-apvienotas-karalistes-nacionalo-loteriju\\\/\",\"url\":\"https:\\\/\\\/gambling6.com\\\/lv\\\/loterija\\\/iegadajieties-tiessaiste-biletes-uz-apvienotas-karalistes-nacionalo-loteriju\\\/\",\"name\":\"Ieg\u0101d\u0101jieties bi\u013cetes uz Apvienot\u0101s Karalistes Nacion\u0101lo loteriju tie\u0161saist\u0113\",\"isPartOf\":{\"@id\":\"https:\\\/\\\/gambling6.com\\\/lv\\\/#website\"},\"primaryImageOfPage\":{\"@id\":\"https:\\\/\\\/gambling6.com\\\/lv\\\/loterija\\\/iegadajieties-tiessaiste-biletes-uz-apvienotas-karalistes-nacionalo-loteriju\\\/#primaryimage\"},\"image\":{\"@id\":\"https:\\\/\\\/gambling6.com\\\/lv\\\/loterija\\\/iegadajieties-tiessaiste-biletes-uz-apvienotas-karalistes-nacionalo-loteriju\\\/#primaryimage\"},\"thumbnailUrl\":\"https:\\\/\\\/gambling6.com\\\/wp-content\\\/uploads\\\/2022\\\/04\\\/2_ticket_uk_lottery-192x300.jpg\",\"datePublished\":\"2025-11-11T10:48:08+00:00\",\"dateModified\":\"2025-11-15T10:44:48+00:00\",\"description\":\"Piedalieties Apvienot\u0101s Karalistes Nacion\u0101laj\u0101 loterij\u0101, ieg\u0101d\u0101joties bi\u013cetes tie\u0161saist\u0113.\",\"breadcrumb\":{\"@id\":\"https:\\\/\\\/gambling6.com\\\/lv\\\/loterija\\\/iegadajieties-tiessaiste-biletes-uz-apvienotas-karalistes-nacionalo-loteriju\\\/#breadcrumb\"},\"inLanguage\":\"lv-LV\",\"potentialAction\":[{\"@type\":\"ReadAction\",\"target\":[\"https:\\\/\\\/gambling6.com\\\/lv\\\/loterija\\\/iegadajieties-tiessaiste-biletes-uz-apvienotas-karalistes-nacionalo-loteriju\\\/\"]}]},{\"@type\":\"ImageObject\",\"inLanguage\":\"lv-LV\",\"@id\":\"https:\\\/\\\/gambling6.com\\\/lv\\\/loterija\\\/iegadajieties-tiessaiste-biletes-uz-apvienotas-karalistes-nacionalo-loteriju\\\/#primaryimage\",\"url\":\"https:\\\/\\\/gambling6.com\\\/wp-content\\\/uploads\\\/2022\\\/04\\\/2_ticket_uk_lottery-192x300.jpg\",\"contentUrl\":\"https:\\\/\\\/gambling6.com\\\/wp-content\\\/uploads\\\/2022\\\/04\\\/2_ticket_uk_lottery-192x300.jpg\"},{\"@type\":\"BreadcrumbList\",\"@id\":\"https:\\\/\\\/gambling6.com\\\/lv\\\/loterija\\\/iegadajieties-tiessaiste-biletes-uz-apvienotas-karalistes-nacionalo-loteriju\\\/#breadcrumb\",\"itemListElement\":[{\"@type\":\"ListItem\",\"position\":1,\"name\":\"Home\",\"item\":\"https:\\\/\\\/gambling6.com\\\/lv\\\/home\\\/\"},{\"@type\":\"ListItem\",\"position\":2,\"name\":\"Loterija\",\"item\":\"https:\\\/\\\/gambling6.com\\\/lv\\\/loterija\\\/\"},{\"@type\":\"ListItem\",\"position\":3,\"name\":\"Ieg\u0101d\u0101jieties tie\u0161saist\u0113 bi\u013cetes uz Apvienot\u0101s Karalistes nacion\u0101lo loteriju\"}]},{\"@type\":\"WebSite\",\"@id\":\"https:\\\/\\\/gambling6.com\\\/lv\\\/#website\",\"url\":\"https:\\\/\\\/gambling6.com\\\/lv\\\/\",\"name\":\"Gambling6\",\"description\":\"\",\"potentialAction\":[{\"@type\":\"SearchAction\",\"target\":{\"@type\":\"EntryPoint\",\"urlTemplate\":\"https:\\\/\\\/gambling6.com\\\/lv\\\/?s={search_term_string}\"},\"query-input\":{\"@type\":\"PropertyValueSpecification\",\"valueRequired\":true,\"valueName\":\"search_term_string\"}}],\"inLanguage\":\"lv-LV\"}]}<\/script>\n<!-- \/ Yoast SEO plugin. -->","yoast_head_json":{"title":"Ieg\u0101d\u0101jieties bi\u013cetes uz Apvienot\u0101s Karalistes Nacion\u0101lo loteriju tie\u0161saist\u0113","description":"Piedalieties Apvienot\u0101s Karalistes Nacion\u0101laj\u0101 loterij\u0101, ieg\u0101d\u0101joties bi\u013cetes tie\u0161saist\u0113.","robots":{"index":"index","follow":"follow","max-snippet":"max-snippet:-1","max-image-preview":"max-image-preview:large","max-video-preview":"max-video-preview:-1"},"canonical":"https:\/\/gambling6.com\/lv\/loterija\/iegadajieties-tiessaiste-biletes-uz-apvienotas-karalistes-nacionalo-loteriju\/","og_locale":"lv_LV","og_type":"article","og_title":"Ieg\u0101d\u0101jieties bi\u013cetes uz Apvienot\u0101s Karalistes Nacion\u0101lo loteriju tie\u0161saist\u0113","og_description":"Piedalieties Apvienot\u0101s Karalistes Nacion\u0101laj\u0101 loterij\u0101, ieg\u0101d\u0101joties bi\u013cetes tie\u0161saist\u0113.","og_url":"https:\/\/gambling6.com\/lv\/loterija\/iegadajieties-tiessaiste-biletes-uz-apvienotas-karalistes-nacionalo-loteriju\/","og_site_name":"Gambling6","article_modified_time":"2025-11-15T10:44:48+00:00","og_image":[{"width":564,"height":883,"url":"https:\/\/gambling6.com\/wp-content\/uploads\/2022\/04\/2_ticket_uk_lottery.jpg","type":"image\/jpeg"}],"twitter_card":"summary_large_image","twitter_misc":{"Est. reading time":"2 minutes"},"schema":{"@context":"https:\/\/schema.org","@graph":[{"@type":"WebPage","@id":"https:\/\/gambling6.com\/lv\/loterija\/iegadajieties-tiessaiste-biletes-uz-apvienotas-karalistes-nacionalo-loteriju\/","url":"https:\/\/gambling6.com\/lv\/loterija\/iegadajieties-tiessaiste-biletes-uz-apvienotas-karalistes-nacionalo-loteriju\/","name":"Ieg\u0101d\u0101jieties bi\u013cetes uz Apvienot\u0101s Karalistes Nacion\u0101lo loteriju tie\u0161saist\u0113","isPartOf":{"@id":"https:\/\/gambling6.com\/lv\/#website"},"primaryImageOfPage":{"@id":"https:\/\/gambling6.com\/lv\/loterija\/iegadajieties-tiessaiste-biletes-uz-apvienotas-karalistes-nacionalo-loteriju\/#primaryimage"},"image":{"@id":"https:\/\/gambling6.com\/lv\/loterija\/iegadajieties-tiessaiste-biletes-uz-apvienotas-karalistes-nacionalo-loteriju\/#primaryimage"},"thumbnailUrl":"https:\/\/gambling6.com\/wp-content\/uploads\/2022\/04\/2_ticket_uk_lottery-192x300.jpg","datePublished":"2025-11-11T10:48:08+00:00","dateModified":"2025-11-15T10:44:48+00:00","description":"Piedalieties Apvienot\u0101s Karalistes Nacion\u0101laj\u0101 loterij\u0101, ieg\u0101d\u0101joties bi\u013cetes tie\u0161saist\u0113.","breadcrumb":{"@id":"https:\/\/gambling6.com\/lv\/loterija\/iegadajieties-tiessaiste-biletes-uz-apvienotas-karalistes-nacionalo-loteriju\/#breadcrumb"},"inLanguage":"lv-LV","potentialAction":[{"@type":"ReadAction","target":["https:\/\/gambling6.com\/lv\/loterija\/iegadajieties-tiessaiste-biletes-uz-apvienotas-karalistes-nacionalo-loteriju\/"]}]},{"@type":"ImageObject","inLanguage":"lv-LV","@id":"https:\/\/gambling6.com\/lv\/loterija\/iegadajieties-tiessaiste-biletes-uz-apvienotas-karalistes-nacionalo-loteriju\/#primaryimage","url":"https:\/\/gambling6.com\/wp-content\/uploads\/2022\/04\/2_ticket_uk_lottery-192x300.jpg","contentUrl":"https:\/\/gambling6.com\/wp-content\/uploads\/2022\/04\/2_ticket_uk_lottery-192x300.jpg"},{"@type":"BreadcrumbList","@id":"https:\/\/gambling6.com\/lv\/loterija\/iegadajieties-tiessaiste-biletes-uz-apvienotas-karalistes-nacionalo-loteriju\/#breadcrumb","itemListElement":[{"@type":"ListItem","position":1,"name":"Home","item":"https:\/\/gambling6.com\/lv\/home\/"},{"@type":"ListItem","position":2,"name":"Loterija","item":"https:\/\/gambling6.com\/lv\/loterija\/"},{"@type":"ListItem","position":3,"name":"Ieg\u0101d\u0101jieties tie\u0161saist\u0113 bi\u013cetes uz Apvienot\u0101s Karalistes nacion\u0101lo loteriju"}]},{"@type":"WebSite","@id":"https:\/\/gambling6.com\/lv\/#website","url":"https:\/\/gambling6.com\/lv\/","name":"Gambling6","description":"","potentialAction":[{"@type":"SearchAction","target":{"@type":"EntryPoint","urlTemplate":"https:\/\/gambling6.com\/lv\/?s={search_term_string}"},"query-input":{"@type":"PropertyValueSpecification","valueRequired":true,"valueName":"search_term_string"}}],"inLanguage":"lv-LV"}]}},"_links":{"self":[{"href":"https:\/\/gambling6.com\/lv\/wp-json\/wp\/v2\/pages\/9716","targetHints":{"allow":["GET"]}}],"collection":[{"href":"https:\/\/gambling6.com\/lv\/wp-json\/wp\/v2\/pages"}],"about":[{"href":"https:\/\/gambling6.com\/lv\/wp-json\/wp\/v2\/types\/page"}],"author":[{"embeddable":true,"href":"https:\/\/gambling6.com\/lv\/wp-json\/wp\/v2\/users\/1"}],"replies":[{"embeddable":true,"href":"https:\/\/gambling6.com\/lv\/wp-json\/wp\/v2\/comments?post=9716"}],"version-history":[{"count":1,"href":"https:\/\/gambling6.com\/lv\/wp-json\/wp\/v2\/pages\/9716\/revisions"}],"predecessor-version":[{"id":10936,"href":"https:\/\/gambling6.com\/lv\/wp-json\/wp\/v2\/pages\/9716\/revisions\/10936"}],"up":[{"embeddable":true,"href":"https:\/\/gambling6.com\/lv\/wp-json\/wp\/v2\/pages\/9306"}],"wp:attachment":[{"href":"https:\/\/gambling6.com\/lv\/wp-json\/wp\/v2\/media?parent=9716"}],"curies":[{"name":"wp","href":"https:\/\/api.w.org\/{rel}","templated":true}]}}