{"id":9717,"date":"2025-11-11T10:50:32","date_gmt":"2025-11-11T10:50:32","guid":{"rendered":"https:\/\/gambling6.com\/loterija\/iegadajieties-tiessaiste-biletes-uz-superenalotto\/"},"modified":"2025-11-12T19:11:34","modified_gmt":"2025-11-12T19:11:34","slug":"iegadajieties-tiessaiste-biletes-uz-superenalotto","status":"publish","type":"page","link":"https:\/\/gambling6.com\/lv\/loterija\/iegadajieties-tiessaiste-biletes-uz-superenalotto\/","title":{"rendered":"Ieg\u0101d\u0101jieties tie\u0161saist\u0113 bi\u013cetes uz Superenalotto"},"content":{"rendered":"<h2>Superenalotto<\/h2>\n<p>It\u0101\u013ci ir loteriju fan\u0101ti\u0137i, \u012bpa\u0161i iecien\u012bts ir Superenalotto. Katru ned\u0113\u013cu \u0161\u012bs loterijas bi\u013ce\u0161u p\u0101rdo\u0161anas apjomi ir neticami, un laimesta varb\u016bt\u012bba ir vair\u0101k nek\u0101 1 no 600 miljoniem. <strong>It\u0101lijas Superenalotto tie\u0161saistes loterijas bi\u013ce\u0161u ieg\u0101de sniedz slikt\u0101k\u0101s iesp\u0113jam\u0101s laimesta varb\u016bt\u012bbas no vis\u0101m pasaules loterij\u0101m.<\/strong> Tom\u0113r \u0161\u0137iet, ka tie\u0161i \u0161\u012b ir galven\u0101 pievilc\u012bba viet\u0113jiem eiropie\u0161iem un tie\u0161saistes loteriju sp\u0113l\u0113t\u0101jiem vis\u0101 pasaul\u0113.<\/p>\n<h2><img loading=\"lazy\" decoding=\"async\" class=\"size-full wp-image-1575 alignright\" src=\"https:\/\/gambling6.com\/wp-content\/uploads\/2022\/04\/2_ticket_superenalotto.jpg\" alt=\"Superenalotto bi\u013cete\" width=\"228\" height=\"300\" \/>SuperEnalotto d\u017eekpota p\u0101rcel\u0161ana<\/h2>\n<p>It\u0101lijas Superenalotto laim\u0113\u0161anas varb\u016bt\u012bbas d\u0113\u013c d\u017eekpots diezgan bie\u017ei tiek p\u0101rcelts. Izv\u0113loties se\u0161us skait\u013cus no 1 l\u012bdz 90, j\u016bs ieg\u016bstat iesp\u0113ju laim\u0113t d\u017eekpotu, uzminot visus se\u0161us skait\u013cus. Uzminot tikai piecus skait\u013cus, j\u016bs ieg\u016bstat bonusa skaitli. Bonusa skaitlis tiek izloz\u0113ts atsevi\u0161\u0137i un ir paz\u012bstams k\u0101 jautr\u0101 bumbi\u0146a. <strong>Tie\u0161saistes sp\u0113l\u0113t\u0101ji steidzas pirkt bi\u013cetes, lai m\u0113\u0123in\u0101tu ieg\u016bt rekordlielus d\u017eekpotus l\u012bdz pat 500 miljoniem eiro.<\/strong><\/p>\n<p>It\u0101\u013cu Superenalotto notiek tr\u012bs izlozes ned\u0113\u013c\u0101. <b>D\u017eekpots s\u0101kas no 2 miljoniem eiro, un nav p\u0101rsteigums, ka cilv\u0113ki ir tik ieinteres\u0113ti sp\u0113l\u0113t.<\/b> Gan viet\u0113jie, gan tie\u0161saistes sp\u0113l\u0113t\u0101ji v\u0113las ieg\u016bt da\u013cu no \u0161\u012bs starptautisk\u0101s loterijas, kas pied\u0101v\u0101 visaugst\u0101k\u0101s izredzes.<\/p>\n<p>Superenalotto, kas tika ieviesta 1997. gad\u0101 It\u0101lij\u0101, \u0101tri piesaist\u012bja Eiropas loterijas sp\u0113l\u0113t\u0101ju uzman\u012bbu, un d\u017eekpoti auga un p\u0101rc\u0113l\u0101s uz n\u0101kamo l\u012bmeni. Liel\u0101ko d\u017eekpotu 223 miljonu eiro apm\u0113r\u0101 2010. gad\u0101 laim\u0113ja viens bi\u013cetes \u012bpa\u0161nieks. <strong>\u0145emot v\u0113r\u0101, ka\u00a0<\/strong><span style=\"box-sizing: border-box; margin: 0px; padding: 0px;\"><strong>vair\u0101k cilv\u0113ku tie\u0161saist\u0113 ieg\u0101d\u0101jas Superenalotto bi\u013cetes<\/strong>, d\u017eekpotam ir potenci\u0101ls augt v\u0113l liel\u0101kam, jo \u200b\u200bt\u0101 lielumam nav ierobe\u017eojumu<\/span>.<\/p>\n<p>Papildus iesp\u0113jai laim\u0113t lielo d\u017eekpotu, tie\u0161saistes sp\u0113l\u0113t\u0101ji var piedal\u012bties ar\u012b k\u0101d\u0101 no piec\u0101m cit\u0101m pieejamaj\u0101m balv\u0101m. <a class=\"thirstylink\" title=\"RedFoxLotto en\" href=\"https:\/\/gambling6.com\/go\/redfoxlotto-en\/\" target=\"_blank\" rel=\"nofollow noopener\">Lai ieg\u016btu It\u0101lijas Superenalotto bi\u013cetes, izmantojot RedFoxLotto, noklik\u0161\u0137iniet \u0161eit.<\/a><\/p>\n<table style=\"width: 500px;\" border=\"1\" cellspacing=\"5\" cellpadding=\"5\" align=\"center\">\n<tbody>\n<tr>\n<td colspan=\"3\" align=\"center\">Liel\u0101kie d\u017eekpoti 2013. gad\u0101<\/td>\n<\/tr>\n<tr>\n<td>Izloze<\/td>\n<td align=\"center\">Datums<\/td>\n<td align=\"center\">D\u017eekpots (USD)<\/td>\n<\/tr>\n<tr>\n<td>Superenalotto &#8211; It\u0101lija<\/td>\n<td align=\"center\">29. j\u016bn. 2013.<\/td>\n<td align=\"right\">55\u00a0759\u00a0000 $<\/td>\n<\/tr>\n<tr>\n<td>Superenalotto &#8211; It\u0101lija<\/td>\n<td align=\"center\">15. okt. 2013.<\/td>\n<td align=\"right\">25\u00a0124\u00a0430\u00a0ASV dol\u0101ru<\/td>\n<\/tr>\n<tr>\n<td>SuperEnalotto\u00a0\u2014 It\u0101lija<\/td>\n<td align=\"center\">2013.\u00a0gada 3.\u00a0oktobris<\/td>\n<td align=\"right\">21\u00a0372\u00a0000\u00a0ASV dol\u0101ru<\/td>\n<\/tr>\n<tr>\n<td>SuperEnalotto\u00a0\u2014 It\u0101lija<\/td>\n<td align=\"center\">2013.\u00a0gada 27.\u00a0j\u016blijs<\/td>\n<td align=\"right\">19\u00a0043\u00a0000\u00a0ASV dol\u0101ru<\/td>\n<\/tr>\n<\/tbody>\n<\/table>\n<p>&nbsp;<\/p>\n<table style=\"width: 500px;\" border=\"1\" cellspacing=\"5\" cellpadding=\"5\" align=\"center\">\n<tbody>\n<tr>\n<td colspan=\"3\" align=\"center\">Superenalotto &#8211; It\u0101lijas balvu l\u012bme\u0146i<\/td>\n<\/tr>\n<tr>\n<td>Balva<\/td>\n<td align=\"center\">Sp\u0113les<\/td>\n<td align=\"center\">Izredzes<\/td>\n<\/tr>\n<tr>\n<td>1. vieta (D\u017eeppots)<\/td>\n<td align=\"center\">6<\/td>\n<td align=\"right\">622\u00a0614\u00a0630 : 1<\/td>\n<\/tr>\n<tr>\n<td>2. vieta<\/td>\n<td align=\"center\">5 + 1<\/td>\n<td align=\"right\">103\u00a0769\u00a0105 : 1<\/td>\n<\/tr>\n<tr>\n<td>3.\u00a0vieta<\/td>\n<td align=\"center\">5<\/td>\n<td align=\"right\">1\u00a0235\u00a0346\u00a0:\u00a01<\/td>\n<\/tr>\n<tr>\n<td>4.\u00a0vieta<\/td>\n<td align=\"center\">4<\/td>\n<td align=\"right\">11\u00a0907\u00a0:\u00a01<\/td>\n<\/tr>\n<tr>\n<td>5.\u00a0vieta<\/td>\n<td align=\"center\">3<\/td>\n<td align=\"right\">327\u00a0:\u00a01<\/td>\n<\/tr>\n<\/tbody>\n<\/table>\n","protected":false},"excerpt":{"rendered":"<p>Superenalotto It\u0101\u013ci ir loteriju fan\u0101ti\u0137i, \u012bpa\u0161i iecien\u012bts ir Superenalotto. Katru ned\u0113\u013cu \u0161\u012bs loterijas bi\u013ce\u0161u p\u0101rdo\u0161anas apjomi ir neticami, un laimesta varb\u016bt\u012bba ir vair\u0101k nek\u0101 1 no 600 miljoniem. It\u0101lijas Superenalotto tie\u0161saistes loterijas bi\u013ce\u0161u ieg\u0101de sniedz slikt\u0101k\u0101s iesp\u0113jam\u0101s laimesta varb\u016bt\u012bbas no vis\u0101m pasaules loterij\u0101m. Tom\u0113r \u0161\u0137iet, ka tie\u0161i \u0161\u012b ir galven\u0101 pievilc\u012bba viet\u0113jiem eiropie\u0161iem un tie\u0161saistes [&hellip;]<\/p>\n","protected":false},"author":1,"featured_media":0,"parent":9306,"menu_order":7,"comment_status":"closed","ping_status":"closed","template":"","meta":{"footnotes":""},"class_list":["post-9717","page","type-page","status-publish","hentry"],"yoast_head":"<!-- This site is optimized with the Yoast SEO plugin v27.4 - https:\/\/yoast.com\/product\/yoast-seo-wordpress\/ -->\n<title>Ieg\u0101d\u0101jieties bi\u013cetes uz Superenalotto tie\u0161saist\u0113<\/title>\n<meta name=\"description\" content=\"Ieg\u0101d\u0101jieties bi\u013cetes uz SuperEnalotto tie\u0161saist\u0113, apmekl\u0113jot m\u016bsu partnera RedFoxLotto vietni.\" \/>\n<meta name=\"robots\" content=\"index, follow, max-snippet:-1, max-image-preview:large, max-video-preview:-1\" \/>\n<link rel=\"canonical\" href=\"https:\/\/gambling6.com\/lv\/loterija\/iegadajieties-tiessaiste-biletes-uz-superenalotto\/\" \/>\n<meta property=\"og:locale\" content=\"lv_LV\" \/>\n<meta property=\"og:type\" content=\"article\" \/>\n<meta property=\"og:title\" content=\"Ieg\u0101d\u0101jieties bi\u013cetes uz Superenalotto tie\u0161saist\u0113\" \/>\n<meta property=\"og:description\" content=\"Ieg\u0101d\u0101jieties bi\u013cetes uz SuperEnalotto tie\u0161saist\u0113, apmekl\u0113jot m\u016bsu partnera RedFoxLotto vietni.\" \/>\n<meta property=\"og:url\" content=\"https:\/\/gambling6.com\/lv\/loterija\/iegadajieties-tiessaiste-biletes-uz-superenalotto\/\" \/>\n<meta property=\"og:site_name\" content=\"Gambling6\" \/>\n<meta property=\"article:modified_time\" content=\"2025-11-12T19:11:34+00:00\" \/>\n<meta property=\"og:image\" content=\"https:\/\/gambling6.com\/wp-content\/uploads\/2022\/04\/2_ticket_superenalotto.jpg\" \/>\n\t<meta property=\"og:image:width\" content=\"228\" \/>\n\t<meta property=\"og:image:height\" content=\"300\" \/>\n\t<meta property=\"og:image:type\" content=\"image\/jpeg\" \/>\n<meta name=\"twitter:card\" content=\"summary_large_image\" \/>\n<meta name=\"twitter:label1\" content=\"Est. reading time\" \/>\n\t<meta name=\"twitter:data1\" content=\"2 minutes\" \/>\n<script type=\"application\/ld+json\" class=\"yoast-schema-graph\">{\"@context\":\"https:\\\/\\\/schema.org\",\"@graph\":[{\"@type\":\"WebPage\",\"@id\":\"https:\\\/\\\/gambling6.com\\\/lv\\\/loterija\\\/iegadajieties-tiessaiste-biletes-uz-superenalotto\\\/\",\"url\":\"https:\\\/\\\/gambling6.com\\\/lv\\\/loterija\\\/iegadajieties-tiessaiste-biletes-uz-superenalotto\\\/\",\"name\":\"Ieg\u0101d\u0101jieties bi\u013cetes uz Superenalotto tie\u0161saist\u0113\",\"isPartOf\":{\"@id\":\"https:\\\/\\\/gambling6.com\\\/lv\\\/#website\"},\"primaryImageOfPage\":{\"@id\":\"https:\\\/\\\/gambling6.com\\\/lv\\\/loterija\\\/iegadajieties-tiessaiste-biletes-uz-superenalotto\\\/#primaryimage\"},\"image\":{\"@id\":\"https:\\\/\\\/gambling6.com\\\/lv\\\/loterija\\\/iegadajieties-tiessaiste-biletes-uz-superenalotto\\\/#primaryimage\"},\"thumbnailUrl\":\"https:\\\/\\\/gambling6.com\\\/wp-content\\\/uploads\\\/2022\\\/04\\\/2_ticket_superenalotto.jpg\",\"datePublished\":\"2025-11-11T10:50:32+00:00\",\"dateModified\":\"2025-11-12T19:11:34+00:00\",\"description\":\"Ieg\u0101d\u0101jieties bi\u013cetes uz SuperEnalotto tie\u0161saist\u0113, apmekl\u0113jot m\u016bsu partnera RedFoxLotto vietni.\",\"breadcrumb\":{\"@id\":\"https:\\\/\\\/gambling6.com\\\/lv\\\/loterija\\\/iegadajieties-tiessaiste-biletes-uz-superenalotto\\\/#breadcrumb\"},\"inLanguage\":\"lv-LV\",\"potentialAction\":[{\"@type\":\"ReadAction\",\"target\":[\"https:\\\/\\\/gambling6.com\\\/lv\\\/loterija\\\/iegadajieties-tiessaiste-biletes-uz-superenalotto\\\/\"]}]},{\"@type\":\"ImageObject\",\"inLanguage\":\"lv-LV\",\"@id\":\"https:\\\/\\\/gambling6.com\\\/lv\\\/loterija\\\/iegadajieties-tiessaiste-biletes-uz-superenalotto\\\/#primaryimage\",\"url\":\"https:\\\/\\\/gambling6.com\\\/wp-content\\\/uploads\\\/2022\\\/04\\\/2_ticket_superenalotto.jpg\",\"contentUrl\":\"https:\\\/\\\/gambling6.com\\\/wp-content\\\/uploads\\\/2022\\\/04\\\/2_ticket_superenalotto.jpg\"},{\"@type\":\"BreadcrumbList\",\"@id\":\"https:\\\/\\\/gambling6.com\\\/lv\\\/loterija\\\/iegadajieties-tiessaiste-biletes-uz-superenalotto\\\/#breadcrumb\",\"itemListElement\":[{\"@type\":\"ListItem\",\"position\":1,\"name\":\"Home\",\"item\":\"https:\\\/\\\/gambling6.com\\\/lv\\\/home\\\/\"},{\"@type\":\"ListItem\",\"position\":2,\"name\":\"Loterija\",\"item\":\"https:\\\/\\\/gambling6.com\\\/lv\\\/loterija\\\/\"},{\"@type\":\"ListItem\",\"position\":3,\"name\":\"Ieg\u0101d\u0101jieties tie\u0161saist\u0113 bi\u013cetes uz Superenalotto\"}]},{\"@type\":\"WebSite\",\"@id\":\"https:\\\/\\\/gambling6.com\\\/lv\\\/#website\",\"url\":\"https:\\\/\\\/gambling6.com\\\/lv\\\/\",\"name\":\"Gambling6\",\"description\":\"\",\"potentialAction\":[{\"@type\":\"SearchAction\",\"target\":{\"@type\":\"EntryPoint\",\"urlTemplate\":\"https:\\\/\\\/gambling6.com\\\/lv\\\/?s={search_term_string}\"},\"query-input\":{\"@type\":\"PropertyValueSpecification\",\"valueRequired\":true,\"valueName\":\"search_term_string\"}}],\"inLanguage\":\"lv-LV\"}]}<\/script>\n<!-- \/ Yoast SEO plugin. -->","yoast_head_json":{"title":"Ieg\u0101d\u0101jieties bi\u013cetes uz Superenalotto tie\u0161saist\u0113","description":"Ieg\u0101d\u0101jieties bi\u013cetes uz SuperEnalotto tie\u0161saist\u0113, apmekl\u0113jot m\u016bsu partnera RedFoxLotto vietni.","robots":{"index":"index","follow":"follow","max-snippet":"max-snippet:-1","max-image-preview":"max-image-preview:large","max-video-preview":"max-video-preview:-1"},"canonical":"https:\/\/gambling6.com\/lv\/loterija\/iegadajieties-tiessaiste-biletes-uz-superenalotto\/","og_locale":"lv_LV","og_type":"article","og_title":"Ieg\u0101d\u0101jieties bi\u013cetes uz Superenalotto tie\u0161saist\u0113","og_description":"Ieg\u0101d\u0101jieties bi\u013cetes uz SuperEnalotto tie\u0161saist\u0113, apmekl\u0113jot m\u016bsu partnera RedFoxLotto vietni.","og_url":"https:\/\/gambling6.com\/lv\/loterija\/iegadajieties-tiessaiste-biletes-uz-superenalotto\/","og_site_name":"Gambling6","article_modified_time":"2025-11-12T19:11:34+00:00","og_image":[{"width":228,"height":300,"url":"https:\/\/gambling6.com\/wp-content\/uploads\/2022\/04\/2_ticket_superenalotto.jpg","type":"image\/jpeg"}],"twitter_card":"summary_large_image","twitter_misc":{"Est. reading time":"2 minutes"},"schema":{"@context":"https:\/\/schema.org","@graph":[{"@type":"WebPage","@id":"https:\/\/gambling6.com\/lv\/loterija\/iegadajieties-tiessaiste-biletes-uz-superenalotto\/","url":"https:\/\/gambling6.com\/lv\/loterija\/iegadajieties-tiessaiste-biletes-uz-superenalotto\/","name":"Ieg\u0101d\u0101jieties bi\u013cetes uz Superenalotto tie\u0161saist\u0113","isPartOf":{"@id":"https:\/\/gambling6.com\/lv\/#website"},"primaryImageOfPage":{"@id":"https:\/\/gambling6.com\/lv\/loterija\/iegadajieties-tiessaiste-biletes-uz-superenalotto\/#primaryimage"},"image":{"@id":"https:\/\/gambling6.com\/lv\/loterija\/iegadajieties-tiessaiste-biletes-uz-superenalotto\/#primaryimage"},"thumbnailUrl":"https:\/\/gambling6.com\/wp-content\/uploads\/2022\/04\/2_ticket_superenalotto.jpg","datePublished":"2025-11-11T10:50:32+00:00","dateModified":"2025-11-12T19:11:34+00:00","description":"Ieg\u0101d\u0101jieties bi\u013cetes uz SuperEnalotto tie\u0161saist\u0113, apmekl\u0113jot m\u016bsu partnera RedFoxLotto vietni.","breadcrumb":{"@id":"https:\/\/gambling6.com\/lv\/loterija\/iegadajieties-tiessaiste-biletes-uz-superenalotto\/#breadcrumb"},"inLanguage":"lv-LV","potentialAction":[{"@type":"ReadAction","target":["https:\/\/gambling6.com\/lv\/loterija\/iegadajieties-tiessaiste-biletes-uz-superenalotto\/"]}]},{"@type":"ImageObject","inLanguage":"lv-LV","@id":"https:\/\/gambling6.com\/lv\/loterija\/iegadajieties-tiessaiste-biletes-uz-superenalotto\/#primaryimage","url":"https:\/\/gambling6.com\/wp-content\/uploads\/2022\/04\/2_ticket_superenalotto.jpg","contentUrl":"https:\/\/gambling6.com\/wp-content\/uploads\/2022\/04\/2_ticket_superenalotto.jpg"},{"@type":"BreadcrumbList","@id":"https:\/\/gambling6.com\/lv\/loterija\/iegadajieties-tiessaiste-biletes-uz-superenalotto\/#breadcrumb","itemListElement":[{"@type":"ListItem","position":1,"name":"Home","item":"https:\/\/gambling6.com\/lv\/home\/"},{"@type":"ListItem","position":2,"name":"Loterija","item":"https:\/\/gambling6.com\/lv\/loterija\/"},{"@type":"ListItem","position":3,"name":"Ieg\u0101d\u0101jieties tie\u0161saist\u0113 bi\u013cetes uz Superenalotto"}]},{"@type":"WebSite","@id":"https:\/\/gambling6.com\/lv\/#website","url":"https:\/\/gambling6.com\/lv\/","name":"Gambling6","description":"","potentialAction":[{"@type":"SearchAction","target":{"@type":"EntryPoint","urlTemplate":"https:\/\/gambling6.com\/lv\/?s={search_term_string}"},"query-input":{"@type":"PropertyValueSpecification","valueRequired":true,"valueName":"search_term_string"}}],"inLanguage":"lv-LV"}]}},"_links":{"self":[{"href":"https:\/\/gambling6.com\/lv\/wp-json\/wp\/v2\/pages\/9717","targetHints":{"allow":["GET"]}}],"collection":[{"href":"https:\/\/gambling6.com\/lv\/wp-json\/wp\/v2\/pages"}],"about":[{"href":"https:\/\/gambling6.com\/lv\/wp-json\/wp\/v2\/types\/page"}],"author":[{"embeddable":true,"href":"https:\/\/gambling6.com\/lv\/wp-json\/wp\/v2\/users\/1"}],"replies":[{"embeddable":true,"href":"https:\/\/gambling6.com\/lv\/wp-json\/wp\/v2\/comments?post=9717"}],"version-history":[{"count":1,"href":"https:\/\/gambling6.com\/lv\/wp-json\/wp\/v2\/pages\/9717\/revisions"}],"predecessor-version":[{"id":10802,"href":"https:\/\/gambling6.com\/lv\/wp-json\/wp\/v2\/pages\/9717\/revisions\/10802"}],"up":[{"embeddable":true,"href":"https:\/\/gambling6.com\/lv\/wp-json\/wp\/v2\/pages\/9306"}],"wp:attachment":[{"href":"https:\/\/gambling6.com\/lv\/wp-json\/wp\/v2\/media?parent=9717"}],"curies":[{"name":"wp","href":"https:\/\/api.w.org\/{rel}","templated":true}]}}