{"id":11014,"date":"2025-11-17T11:08:30","date_gmt":"2025-11-17T11:08:30","guid":{"rendered":"https:\/\/gambling6.com\/?page_id=11014"},"modified":"2025-11-17T11:08:39","modified_gmt":"2025-11-17T11:08:39","slug":"888-casino-anmeldelse","status":"publish","type":"page","link":"https:\/\/gambling6.com\/no\/888-casino-anmeldelse\/","title":{"rendered":"888 Casino-anmeldelse"},"content":{"rendered":"<h2>Ikke bare en rulettside &#8211; 888 Casino<\/h2>\n<p>888 online casino er et etablert merke i spillbransjen. Dette online casinoet tilbyr b\u00e5de et fantastisk Flash-basert casino som lastes raskt i nettleseren din og muligheten til \u00e5 laste ned spillprogramvare for \u00e5 f\u00e5 tilgang til spillene. Spillere foretrekker nedlastingsversjonen, da den gir en konsistent f\u00f8lelse og utseende gjennom spillene.<br \/>\n<a href=\"https:\/\/ic.aff-handler.com\/C\/45871?sr=1064399&amp;anid=\" rel=\"nofollow\"><img decoding=\"async\" class=\"aligncenter\" src=\"https:\/\/ic.aff-handler.com\/I\/45871?sr=1064399&amp;anid=\" \/><\/a><\/p>\n<h2>888 Roulette-spill<\/h2>\n<p>Fra europeisk rulett til 3D-rulett kan du nyte alle typer rulett du har i tankene p\u00e5 dette casinoet. Det finnes ogs\u00e5 gratis roulette-spill hvor du kan l\u00e6re deg spillereglene hvis du er nybegynner. Hovedattraksjonen ved casinoet er live-roulette. Du kan velge mellom tre bord med \u00e9n null: europeisk, fransk og venezia-roulette (italiensktalende dealer).<\/p>\n<p>Innsatsomr\u00e5det starter fra 1 til maksimalt 200. Valutaene som aksepteres er USD, euro og GBP. Spillet tilbyr spillerne en flott estetikk. Det beste er at spillerne kan spille det i nettleseren uten \u00e5 laste ned programvare. Det er to visninger av spillet: klassisk og 3D-visning. Spillet har alt, enhver roulette-fan kunne ikke bedt om mer.<\/p>\n<p>Men bortsett fra roulette-spillene, finner du alle slags online spill for penger her. Poker, sportsbook, bingo, skrapelodd, spilleautomater, blackjack \u2013 you name it, de har det!<\/p>\n<h2>888-sikkerhet<\/h2>\n<p>Dette casinoet med hovedkontor i Gibraltar tar beskyttelsen av medlemmenes personlige informasjon sv\u00e6rt alvorlig. De f\u00f8lger strenge sikkerhetsprotokoller for \u00e5 beskytte data og informasjon mot nettkriminelle angrep. Casinoet er stolt av \u00e5 ha ulike sikkerhetssertifiseringer. De tilbyr 20 innskuddsmetoder, inkludert de mest p\u00e5litelige navnene i bransjen, som Visa og Neteller. Casinoet m\u00e5 opprettholde et h\u00f8yt sikkerhetsniv\u00e5, ettersom spillere m\u00e5 oppgi verifiseringsdokumenter for \u00e5 forhindre svindel, og informasjonen er sensitiv. Med slike ekstraordin\u00e6re sikkerhetstiltak kan spillere nyte spillet uten bekymringer.<\/p>\n<h2>888 Casino Bonuser og Kampanjer<\/h2>\n<p>Bortsett fra spillene, er det neste de fleste casinospillere er interessert i bonuser og kampanjer. 888 tilbyr flotte kampanjer med jevne mellomrom. De gir en gener\u00f8s innmeldingsbonus til alle nye spillere. Du kan bruke den i enhver casinospillseksjon. N\u00e5r du spiller rulett for f\u00f8rste gang, vil du bli \u00f8nsket velkommen med en innmeldingsbonus p\u00e5 \u20ac1500. Casinoet har ogs\u00e5 en henvisningskampanje der du kan tjene bel\u00f8nninger ved \u00e5 invitere venner til \u00e5 bli med. Alt i alt er 888 Casino et morsomt sted \u00e5 v\u00e6re for enhver rulett-entusiast. Enhver spillfan kan nyte og ha det hyggelig i dette casinoet!<\/p>\n","protected":false},"excerpt":{"rendered":"<p>Ikke bare en rulettside &#8211; 888 Casino 888 online casino er et etablert merke i spillbransjen. Dette online casinoet tilbyr b\u00e5de et fantastisk Flash-basert casino som lastes raskt i nettleseren din og muligheten til \u00e5 laste ned spillprogramvare for \u00e5 f\u00e5 tilgang til spillene. Spillere foretrekker nedlastingsversjonen, da den gir en konsistent f\u00f8lelse og utseende [&hellip;]<\/p>\n","protected":false},"author":1,"featured_media":0,"parent":0,"menu_order":3,"comment_status":"closed","ping_status":"closed","template":"","meta":{"footnotes":""},"class_list":["post-11014","page","type-page","status-publish","hentry"],"yoast_head":"<!-- This site is optimized with the Yoast SEO plugin v27.3 - https:\/\/yoast.com\/product\/yoast-seo-wordpress\/ -->\n<title>888 Casino-anmeldelse - Gambling6<\/title>\n<meta name=\"robots\" content=\"index, follow, max-snippet:-1, max-image-preview:large, max-video-preview:-1\" \/>\n<link rel=\"canonical\" href=\"https:\/\/gambling6.com\/no\/888-casino-anmeldelse\/\" \/>\n<meta property=\"og:locale\" content=\"nb_NO\" \/>\n<meta property=\"og:type\" content=\"article\" \/>\n<meta property=\"og:title\" content=\"888 Casino-anmeldelse - Gambling6\" \/>\n<meta property=\"og:description\" content=\"Ikke bare en rulettside &#8211; 888 Casino 888 online casino er et etablert merke i spillbransjen. Dette online casinoet tilbyr b\u00e5de et fantastisk Flash-basert casino som lastes raskt i nettleseren din og muligheten til \u00e5 laste ned spillprogramvare for \u00e5 f\u00e5 tilgang til spillene. Spillere foretrekker nedlastingsversjonen, da den gir en konsistent f\u00f8lelse og utseende [&hellip;]\" \/>\n<meta property=\"og:url\" content=\"https:\/\/gambling6.com\/no\/888-casino-anmeldelse\/\" \/>\n<meta property=\"og:site_name\" content=\"Gambling6\" \/>\n<meta property=\"article:modified_time\" content=\"2025-11-17T11:08:39+00:00\" \/>\n<meta property=\"og:image\" content=\"https:\/\/ic.aff-handler.com\/I\/45871?sr=1064399&amp;anid=\" \/>\n<meta name=\"twitter:card\" content=\"summary_large_image\" \/>\n<meta name=\"twitter:label1\" content=\"Ansl. lesetid\" \/>\n\t<meta name=\"twitter:data1\" content=\"2 minutter\" \/>\n<script type=\"application\/ld+json\" class=\"yoast-schema-graph\">{\"@context\":\"https:\\\/\\\/schema.org\",\"@graph\":[{\"@type\":\"WebPage\",\"@id\":\"https:\\\/\\\/gambling6.com\\\/no\\\/888-casino-anmeldelse\\\/\",\"url\":\"https:\\\/\\\/gambling6.com\\\/no\\\/888-casino-anmeldelse\\\/\",\"name\":\"888 Casino-anmeldelse - Gambling6\",\"isPartOf\":{\"@id\":\"https:\\\/\\\/gambling6.com\\\/no\\\/#website\"},\"primaryImageOfPage\":{\"@id\":\"https:\\\/\\\/gambling6.com\\\/no\\\/888-casino-anmeldelse\\\/#primaryimage\"},\"image\":{\"@id\":\"https:\\\/\\\/gambling6.com\\\/no\\\/888-casino-anmeldelse\\\/#primaryimage\"},\"thumbnailUrl\":\"https:\\\/\\\/ic.aff-handler.com\\\/I\\\/45871?sr=1064399&amp;anid=\",\"datePublished\":\"2025-11-17T11:08:30+00:00\",\"dateModified\":\"2025-11-17T11:08:39+00:00\",\"breadcrumb\":{\"@id\":\"https:\\\/\\\/gambling6.com\\\/no\\\/888-casino-anmeldelse\\\/#breadcrumb\"},\"inLanguage\":\"nb-NO\",\"potentialAction\":[{\"@type\":\"ReadAction\",\"target\":[\"https:\\\/\\\/gambling6.com\\\/no\\\/888-casino-anmeldelse\\\/\"]}]},{\"@type\":\"ImageObject\",\"inLanguage\":\"nb-NO\",\"@id\":\"https:\\\/\\\/gambling6.com\\\/no\\\/888-casino-anmeldelse\\\/#primaryimage\",\"url\":\"https:\\\/\\\/ic.aff-handler.com\\\/I\\\/45871?sr=1064399&amp;anid=\",\"contentUrl\":\"https:\\\/\\\/ic.aff-handler.com\\\/I\\\/45871?sr=1064399&amp;anid=\"},{\"@type\":\"BreadcrumbList\",\"@id\":\"https:\\\/\\\/gambling6.com\\\/no\\\/888-casino-anmeldelse\\\/#breadcrumb\",\"itemListElement\":[{\"@type\":\"ListItem\",\"position\":1,\"name\":\"Home\",\"item\":\"https:\\\/\\\/gambling6.com\\\/no\\\/home\\\/\"},{\"@type\":\"ListItem\",\"position\":2,\"name\":\"888 Casino-anmeldelse\"}]},{\"@type\":\"WebSite\",\"@id\":\"https:\\\/\\\/gambling6.com\\\/no\\\/#website\",\"url\":\"https:\\\/\\\/gambling6.com\\\/no\\\/\",\"name\":\"Gambling6\",\"description\":\"\",\"potentialAction\":[{\"@type\":\"SearchAction\",\"target\":{\"@type\":\"EntryPoint\",\"urlTemplate\":\"https:\\\/\\\/gambling6.com\\\/no\\\/?s={search_term_string}\"},\"query-input\":{\"@type\":\"PropertyValueSpecification\",\"valueRequired\":true,\"valueName\":\"search_term_string\"}}],\"inLanguage\":\"nb-NO\"}]}<\/script>\n<!-- \/ Yoast SEO plugin. -->","yoast_head_json":{"title":"888 Casino-anmeldelse - Gambling6","robots":{"index":"index","follow":"follow","max-snippet":"max-snippet:-1","max-image-preview":"max-image-preview:large","max-video-preview":"max-video-preview:-1"},"canonical":"https:\/\/gambling6.com\/no\/888-casino-anmeldelse\/","og_locale":"nb_NO","og_type":"article","og_title":"888 Casino-anmeldelse - Gambling6","og_description":"Ikke bare en rulettside &#8211; 888 Casino 888 online casino er et etablert merke i spillbransjen. Dette online casinoet tilbyr b\u00e5de et fantastisk Flash-basert casino som lastes raskt i nettleseren din og muligheten til \u00e5 laste ned spillprogramvare for \u00e5 f\u00e5 tilgang til spillene. Spillere foretrekker nedlastingsversjonen, da den gir en konsistent f\u00f8lelse og utseende [&hellip;]","og_url":"https:\/\/gambling6.com\/no\/888-casino-anmeldelse\/","og_site_name":"Gambling6","article_modified_time":"2025-11-17T11:08:39+00:00","og_image":[{"url":"https:\/\/ic.aff-handler.com\/I\/45871?sr=1064399&amp;anid=","type":"","width":"","height":""}],"twitter_card":"summary_large_image","twitter_misc":{"Ansl. lesetid":"2 minutter"},"schema":{"@context":"https:\/\/schema.org","@graph":[{"@type":"WebPage","@id":"https:\/\/gambling6.com\/no\/888-casino-anmeldelse\/","url":"https:\/\/gambling6.com\/no\/888-casino-anmeldelse\/","name":"888 Casino-anmeldelse - Gambling6","isPartOf":{"@id":"https:\/\/gambling6.com\/no\/#website"},"primaryImageOfPage":{"@id":"https:\/\/gambling6.com\/no\/888-casino-anmeldelse\/#primaryimage"},"image":{"@id":"https:\/\/gambling6.com\/no\/888-casino-anmeldelse\/#primaryimage"},"thumbnailUrl":"https:\/\/ic.aff-handler.com\/I\/45871?sr=1064399&amp;anid=","datePublished":"2025-11-17T11:08:30+00:00","dateModified":"2025-11-17T11:08:39+00:00","breadcrumb":{"@id":"https:\/\/gambling6.com\/no\/888-casino-anmeldelse\/#breadcrumb"},"inLanguage":"nb-NO","potentialAction":[{"@type":"ReadAction","target":["https:\/\/gambling6.com\/no\/888-casino-anmeldelse\/"]}]},{"@type":"ImageObject","inLanguage":"nb-NO","@id":"https:\/\/gambling6.com\/no\/888-casino-anmeldelse\/#primaryimage","url":"https:\/\/ic.aff-handler.com\/I\/45871?sr=1064399&amp;anid=","contentUrl":"https:\/\/ic.aff-handler.com\/I\/45871?sr=1064399&amp;anid="},{"@type":"BreadcrumbList","@id":"https:\/\/gambling6.com\/no\/888-casino-anmeldelse\/#breadcrumb","itemListElement":[{"@type":"ListItem","position":1,"name":"Home","item":"https:\/\/gambling6.com\/no\/home\/"},{"@type":"ListItem","position":2,"name":"888 Casino-anmeldelse"}]},{"@type":"WebSite","@id":"https:\/\/gambling6.com\/no\/#website","url":"https:\/\/gambling6.com\/no\/","name":"Gambling6","description":"","potentialAction":[{"@type":"SearchAction","target":{"@type":"EntryPoint","urlTemplate":"https:\/\/gambling6.com\/no\/?s={search_term_string}"},"query-input":{"@type":"PropertyValueSpecification","valueRequired":true,"valueName":"search_term_string"}}],"inLanguage":"nb-NO"}]}},"_links":{"self":[{"href":"https:\/\/gambling6.com\/no\/wp-json\/wp\/v2\/pages\/11014","targetHints":{"allow":["GET"]}}],"collection":[{"href":"https:\/\/gambling6.com\/no\/wp-json\/wp\/v2\/pages"}],"about":[{"href":"https:\/\/gambling6.com\/no\/wp-json\/wp\/v2\/types\/page"}],"author":[{"embeddable":true,"href":"https:\/\/gambling6.com\/no\/wp-json\/wp\/v2\/users\/1"}],"replies":[{"embeddable":true,"href":"https:\/\/gambling6.com\/no\/wp-json\/wp\/v2\/comments?post=11014"}],"version-history":[{"count":1,"href":"https:\/\/gambling6.com\/no\/wp-json\/wp\/v2\/pages\/11014\/revisions"}],"predecessor-version":[{"id":11016,"href":"https:\/\/gambling6.com\/no\/wp-json\/wp\/v2\/pages\/11014\/revisions\/11016"}],"wp:attachment":[{"href":"https:\/\/gambling6.com\/no\/wp-json\/wp\/v2\/media?parent=11014"}],"curies":[{"name":"wp","href":"https:\/\/api.w.org\/{rel}","templated":true}]}}