{"id":11062,"date":"2025-11-17T14:03:02","date_gmt":"2025-11-17T14:03:02","guid":{"rendered":"https:\/\/gambling6.com\/?p=11062"},"modified":"2025-11-17T14:04:20","modified_gmt":"2025-11-17T14:04:20","slug":"hvor-bra-er-redfoxlotto","status":"publish","type":"page","link":"https:\/\/gambling6.com\/no\/hvor-bra-er-redfoxlotto\/","title":{"rendered":"Hvor bra er RedFoxLotto?"},"content":{"rendered":"<h2>En anmeldelse av RedFoxLotto<\/h2>\n<p><strong>RedFoxLotto<\/strong>er en sv\u00e6rt brukervennlig, trygg og sikker plattform for \u00e5 kj\u00f8pe lodd p\u00e5 nett til alle st\u00f8rre lotterier over hele verden. P\u00e5 RedFoxLottos nettsted kan du spille mange lotterier over hele verden, og lodd kan bestilles 24 timer i d\u00f8gnet, syv dager i uken. Det er enkelt \u00e5 opprette en konto, sette inn penger og begynne \u00e5 spille internasjonale lotterier p\u00e5 f\u00e5 minutter.<\/p>\n<h2>Du beholder alle pengene du vinner hos RedFoxLotto<\/h2>\n<p>RedFoxLotto bruker lotteribud over hele verden som kj\u00f8per lodd til lotterier du \u00f8nsker \u00e5 spille p\u00e5 dine vegne. N\u00e5r loddene er kj\u00f8pt, skannes og lastes loddene opp til kontoen din f\u00f8r trekningen. Denne metoden sikrer at du kan se loddene dine og motta 100 % av gevinstene dine. RedFoxLotto tar ikke en prosentandel av gevinstene dine; alle gebyrer er inkludert i prisen p\u00e5 loddene dine.<\/p>\n<h2>Lodd tilgjengelig for alle store lotterier<\/h2>\n<p><strong>Du finner lodd tilgjengelig for alle de store lotteriene over hele verden, inkludert Mega Millions, Powerball USA, Eurojackpot, Euro Millions og mer.<\/strong> Det spiller ingen rolle hvilket land du bor i; du kan kj\u00f8pe lodd til alle store lotterier over hele verden. Alt du trenger \u00e5 gj\u00f8re er \u00e5 logge inn p\u00e5 kontoen din, velge RedFoxLotto du \u00f8nsker \u00e5 spille p\u00e5, velge tallene du vil spille p\u00e5, og lene deg tilbake og vente p\u00e5 at trekningen skal skje. RedFoxLotto vil sende deg varsler om eventuelle gevinster.<br \/>\nEnkelt \u00e5 hente gevinstene dine hos RedFoxLotto<\/p>\n<p>For eventuelle vinnerlodd du m\u00e5tte ha, <strong>vil RedFoxLotto sende deg et varsel via e-post eller ringe deg hvis premien er st\u00f8rre for \u00e5 informere deg om gevinsten din.<\/strong> \u00c5 vinne et bel\u00f8p p\u00e5 opptil \u20ac2000 vil bli satt inn p\u00e5 kontoen din automatisk. Hvis du tilfeldigvis vinner en premie som er st\u00f8rre enn \u20ac2000, vil RedFoxLottos behandlingseksperter veilede deg gjennom de n\u00f8dvendige trinnene for \u00e5 motta gevinstene dine. Hovedpremievinnere kan velge \u00e5 la RedFoxLotto handle p\u00e5 deres vegne, eller hvis du foretrekker det, kan du reise for \u00e5 hente gevinstene dine personlig. Vi er sikre p\u00e5 at hvis du blir en millionvinner, vil du ikke ha noen problemer med \u00e5 ta de n\u00f8dvendige skrittene for \u00e5 hente gevinstene dine.<\/p>\n<h2>Betale for dine online lotterikuponger<\/h2>\n<p>RedFoxLotto tilbyr mange trygge og sikre betalingsalternativer uansett hvilket land du bor i.<strong> De aksepterer Visa, MasterCard, American Express, Skrill, Neteller, umiddelbar bankoverf\u00f8ring, krypto og en rekke andre nettlommebokprodukter.<\/strong> Du kan velge \u00e5 f\u00e5 gevinstene dine satt inn ved hjelp av en av disse metodene eller f\u00e5 pengene overf\u00f8rt direkte til bankkontoen din.<\/p>\n<p>Hvert \u00e5r representerer RedFoxLotto vinnere av millioner av dollar og har en 100 % betalingsgaranti. Du vil oppdage at hvis du har sp\u00f8rsm\u00e5l, er det enkelt \u00e5 kontakte de dedikerte kundeservicerepresentantene som er tilgjengelige d\u00f8gnet rundt p\u00e5 RedFoxLotto.com. Det er ikke lenger n\u00f8dvendig \u00e5 bes\u00f8ke dine lokale lotteri-kiosker for \u00e5 kj\u00f8pe lodd til ditt lokale lotteri. Du kan kj\u00f8pe lodd fra komforten av ditt eget hjem eller kontor i god tid for alle lotterier.<\/p>\n<p><strong>Kom i gang med \u00e5 spille internasjonale lotterier p\u00e5 nett i dag ved \u00e5 bes\u00f8ke v\u00e5r partner RedFoxLotto og \u00e5pne din personlige konto.<\/strong> N\u00e5r du har en konto, vil du finne mange forskjellige bonustilbud og spesielle loddkj\u00f8psprogrammer for \u00e5 gj\u00f8re lottospilling morsomt og l\u00f8nnsomt.<\/p>\n<p><a class=\"thirstylink\" title=\"Redfoxlotto\" href=\"https:\/\/gambling6.com\/go\/redfoxlotto\/\" target=\"_blank\" rel=\"nofollow noopener\">Klikk her n\u00e5 for \u00e5 opprette din personlige RedFoxLotto-konto p\u00e5 nett,<\/a> og du kan bli multimillion\u00e6r over natten.<\/p>\n","protected":false},"excerpt":{"rendered":"<p>En anmeldelse av RedFoxLotto RedFoxLottoer en sv\u00e6rt brukervennlig, trygg og sikker plattform for \u00e5 kj\u00f8pe lodd p\u00e5 nett til alle st\u00f8rre lotterier over hele verden. P\u00e5 RedFoxLottos nettsted kan du spille mange lotterier over hele verden, og lodd kan bestilles 24 timer i d\u00f8gnet, syv dager i uken. Det er enkelt \u00e5 opprette en konto, [&hellip;]<\/p>\n","protected":false},"author":1,"featured_media":0,"parent":0,"menu_order":1,"comment_status":"closed","ping_status":"closed","template":"","meta":{"footnotes":""},"class_list":["post-11062","page","type-page","status-publish","hentry"],"yoast_head":"<!-- This site is optimized with the Yoast SEO plugin v27.4 - https:\/\/yoast.com\/product\/yoast-seo-wordpress\/ -->\n<title>RedFoxLotto-anmeldelse<\/title>\n<meta name=\"description\" content=\"P\u00e5 RedFoxLotto.com kan du kj\u00f8pe lodd til internasjonale lotterier p\u00e5 nett, inkludert Powerball og Mega Millions. Les v\u00e5r anmeldelse av RedFoxlotto.\" \/>\n<meta name=\"robots\" content=\"index, follow, max-snippet:-1, max-image-preview:large, max-video-preview:-1\" \/>\n<link rel=\"canonical\" href=\"https:\/\/gambling6.com\/no\/hvor-bra-er-redfoxlotto\/\" \/>\n<meta property=\"og:locale\" content=\"nb_NO\" \/>\n<meta property=\"og:type\" content=\"article\" \/>\n<meta property=\"og:title\" content=\"RedFoxLotto-anmeldelse\" \/>\n<meta property=\"og:description\" content=\"P\u00e5 RedFoxLotto.com kan du kj\u00f8pe lodd til internasjonale lotterier p\u00e5 nett, inkludert Powerball og Mega Millions. Les v\u00e5r anmeldelse av RedFoxlotto.\" \/>\n<meta property=\"og:url\" content=\"https:\/\/gambling6.com\/no\/hvor-bra-er-redfoxlotto\/\" \/>\n<meta property=\"og:site_name\" content=\"Gambling6\" \/>\n<meta property=\"article:published_time\" content=\"2025-11-17T14:03:02+00:00\" \/>\n<meta property=\"article:modified_time\" content=\"2025-11-17T14:04:20+00:00\" \/>\n<meta name=\"author\" content=\"Catfish\" \/>\n<meta name=\"twitter:card\" content=\"summary_large_image\" \/>\n<meta name=\"twitter:label1\" content=\"Skrevet av\" \/>\n\t<meta name=\"twitter:data1\" content=\"Catfish\" \/>\n\t<meta name=\"twitter:label2\" content=\"Ansl. lesetid\" \/>\n\t<meta name=\"twitter:data2\" content=\"3 minutter\" \/>\n<script type=\"application\/ld+json\" class=\"yoast-schema-graph\">{\"@context\":\"https:\\\/\\\/schema.org\",\"@graph\":[{\"@type\":\"Article\",\"@id\":\"https:\\\/\\\/gambling6.com\\\/no\\\/hvor-bra-er-redfoxlotto\\\/#article\",\"isPartOf\":{\"@id\":\"https:\\\/\\\/gambling6.com\\\/no\\\/hvor-bra-er-redfoxlotto\\\/\"},\"author\":{\"name\":\"Catfish\",\"@id\":\"https:\\\/\\\/gambling6.com\\\/no\\\/#\\\/schema\\\/person\\\/d093de87a44a018ef67117d02d86ddaf\"},\"headline\":\"Hvor bra er RedFoxLotto?\",\"datePublished\":\"2025-11-17T14:03:02+00:00\",\"dateModified\":\"2025-11-17T14:04:20+00:00\",\"mainEntityOfPage\":{\"@id\":\"https:\\\/\\\/gambling6.com\\\/no\\\/hvor-bra-er-redfoxlotto\\\/\"},\"wordCount\":559,\"articleSection\":[\"Uncategorized @no\"],\"inLanguage\":\"nb-NO\"},{\"@type\":\"WebPage\",\"@id\":\"https:\\\/\\\/gambling6.com\\\/no\\\/hvor-bra-er-redfoxlotto\\\/\",\"url\":\"https:\\\/\\\/gambling6.com\\\/no\\\/hvor-bra-er-redfoxlotto\\\/\",\"name\":\"RedFoxLotto-anmeldelse\",\"isPartOf\":{\"@id\":\"https:\\\/\\\/gambling6.com\\\/no\\\/#website\"},\"datePublished\":\"2025-11-17T14:03:02+00:00\",\"dateModified\":\"2025-11-17T14:04:20+00:00\",\"author\":{\"@id\":\"https:\\\/\\\/gambling6.com\\\/no\\\/#\\\/schema\\\/person\\\/d093de87a44a018ef67117d02d86ddaf\"},\"description\":\"P\u00e5 RedFoxLotto.com kan du kj\u00f8pe lodd til internasjonale lotterier p\u00e5 nett, inkludert Powerball og Mega Millions. Les v\u00e5r anmeldelse av RedFoxlotto.\",\"breadcrumb\":{\"@id\":\"https:\\\/\\\/gambling6.com\\\/no\\\/hvor-bra-er-redfoxlotto\\\/#breadcrumb\"},\"inLanguage\":\"nb-NO\",\"potentialAction\":[{\"@type\":\"ReadAction\",\"target\":[\"https:\\\/\\\/gambling6.com\\\/no\\\/hvor-bra-er-redfoxlotto\\\/\"]}]},{\"@type\":\"BreadcrumbList\",\"@id\":\"https:\\\/\\\/gambling6.com\\\/no\\\/hvor-bra-er-redfoxlotto\\\/#breadcrumb\",\"itemListElement\":[{\"@type\":\"ListItem\",\"position\":1,\"name\":\"Home\",\"item\":\"https:\\\/\\\/gambling6.com\\\/no\\\/home\\\/\"},{\"@type\":\"ListItem\",\"position\":2,\"name\":\"Hvor bra er RedFoxLotto?\"}]},{\"@type\":\"WebSite\",\"@id\":\"https:\\\/\\\/gambling6.com\\\/no\\\/#website\",\"url\":\"https:\\\/\\\/gambling6.com\\\/no\\\/\",\"name\":\"Gambling6\",\"description\":\"\",\"potentialAction\":[{\"@type\":\"SearchAction\",\"target\":{\"@type\":\"EntryPoint\",\"urlTemplate\":\"https:\\\/\\\/gambling6.com\\\/no\\\/?s={search_term_string}\"},\"query-input\":{\"@type\":\"PropertyValueSpecification\",\"valueRequired\":true,\"valueName\":\"search_term_string\"}}],\"inLanguage\":\"nb-NO\"},{\"@type\":\"Person\",\"@id\":\"https:\\\/\\\/gambling6.com\\\/no\\\/#\\\/schema\\\/person\\\/d093de87a44a018ef67117d02d86ddaf\",\"name\":\"Catfish\",\"image\":{\"@type\":\"ImageObject\",\"inLanguage\":\"nb-NO\",\"@id\":\"https:\\\/\\\/secure.gravatar.com\\\/avatar\\\/32edfa28ccbf005c231538b245a2670a36c7f33f2d3a9ab09e50843b363f2821?s=96&d=mm&r=g\",\"url\":\"https:\\\/\\\/secure.gravatar.com\\\/avatar\\\/32edfa28ccbf005c231538b245a2670a36c7f33f2d3a9ab09e50843b363f2821?s=96&d=mm&r=g\",\"contentUrl\":\"https:\\\/\\\/secure.gravatar.com\\\/avatar\\\/32edfa28ccbf005c231538b245a2670a36c7f33f2d3a9ab09e50843b363f2821?s=96&d=mm&r=g\",\"caption\":\"Catfish\"},\"sameAs\":[\"http:\\\/\\\/gambling6.com\"],\"url\":\"https:\\\/\\\/gambling6.com\\\/no\\\/author\\\/catfish\\\/\"}]}<\/script>\n<!-- \/ Yoast SEO plugin. -->","yoast_head_json":{"title":"RedFoxLotto-anmeldelse","description":"P\u00e5 RedFoxLotto.com kan du kj\u00f8pe lodd til internasjonale lotterier p\u00e5 nett, inkludert Powerball og Mega Millions. Les v\u00e5r anmeldelse av RedFoxlotto.","robots":{"index":"index","follow":"follow","max-snippet":"max-snippet:-1","max-image-preview":"max-image-preview:large","max-video-preview":"max-video-preview:-1"},"canonical":"https:\/\/gambling6.com\/no\/hvor-bra-er-redfoxlotto\/","og_locale":"nb_NO","og_type":"article","og_title":"RedFoxLotto-anmeldelse","og_description":"P\u00e5 RedFoxLotto.com kan du kj\u00f8pe lodd til internasjonale lotterier p\u00e5 nett, inkludert Powerball og Mega Millions. Les v\u00e5r anmeldelse av RedFoxlotto.","og_url":"https:\/\/gambling6.com\/no\/hvor-bra-er-redfoxlotto\/","og_site_name":"Gambling6","article_published_time":"2025-11-17T14:03:02+00:00","article_modified_time":"2025-11-17T14:04:20+00:00","author":"Catfish","twitter_card":"summary_large_image","twitter_misc":{"Skrevet av":"Catfish","Ansl. lesetid":"3 minutter"},"schema":{"@context":"https:\/\/schema.org","@graph":[{"@type":"Article","@id":"https:\/\/gambling6.com\/no\/hvor-bra-er-redfoxlotto\/#article","isPartOf":{"@id":"https:\/\/gambling6.com\/no\/hvor-bra-er-redfoxlotto\/"},"author":{"name":"Catfish","@id":"https:\/\/gambling6.com\/no\/#\/schema\/person\/d093de87a44a018ef67117d02d86ddaf"},"headline":"Hvor bra er RedFoxLotto?","datePublished":"2025-11-17T14:03:02+00:00","dateModified":"2025-11-17T14:04:20+00:00","mainEntityOfPage":{"@id":"https:\/\/gambling6.com\/no\/hvor-bra-er-redfoxlotto\/"},"wordCount":559,"articleSection":["Uncategorized @no"],"inLanguage":"nb-NO"},{"@type":"WebPage","@id":"https:\/\/gambling6.com\/no\/hvor-bra-er-redfoxlotto\/","url":"https:\/\/gambling6.com\/no\/hvor-bra-er-redfoxlotto\/","name":"RedFoxLotto-anmeldelse","isPartOf":{"@id":"https:\/\/gambling6.com\/no\/#website"},"datePublished":"2025-11-17T14:03:02+00:00","dateModified":"2025-11-17T14:04:20+00:00","author":{"@id":"https:\/\/gambling6.com\/no\/#\/schema\/person\/d093de87a44a018ef67117d02d86ddaf"},"description":"P\u00e5 RedFoxLotto.com kan du kj\u00f8pe lodd til internasjonale lotterier p\u00e5 nett, inkludert Powerball og Mega Millions. Les v\u00e5r anmeldelse av RedFoxlotto.","breadcrumb":{"@id":"https:\/\/gambling6.com\/no\/hvor-bra-er-redfoxlotto\/#breadcrumb"},"inLanguage":"nb-NO","potentialAction":[{"@type":"ReadAction","target":["https:\/\/gambling6.com\/no\/hvor-bra-er-redfoxlotto\/"]}]},{"@type":"BreadcrumbList","@id":"https:\/\/gambling6.com\/no\/hvor-bra-er-redfoxlotto\/#breadcrumb","itemListElement":[{"@type":"ListItem","position":1,"name":"Home","item":"https:\/\/gambling6.com\/no\/home\/"},{"@type":"ListItem","position":2,"name":"Hvor bra er RedFoxLotto?"}]},{"@type":"WebSite","@id":"https:\/\/gambling6.com\/no\/#website","url":"https:\/\/gambling6.com\/no\/","name":"Gambling6","description":"","potentialAction":[{"@type":"SearchAction","target":{"@type":"EntryPoint","urlTemplate":"https:\/\/gambling6.com\/no\/?s={search_term_string}"},"query-input":{"@type":"PropertyValueSpecification","valueRequired":true,"valueName":"search_term_string"}}],"inLanguage":"nb-NO"},{"@type":"Person","@id":"https:\/\/gambling6.com\/no\/#\/schema\/person\/d093de87a44a018ef67117d02d86ddaf","name":"Catfish","image":{"@type":"ImageObject","inLanguage":"nb-NO","@id":"https:\/\/secure.gravatar.com\/avatar\/32edfa28ccbf005c231538b245a2670a36c7f33f2d3a9ab09e50843b363f2821?s=96&d=mm&r=g","url":"https:\/\/secure.gravatar.com\/avatar\/32edfa28ccbf005c231538b245a2670a36c7f33f2d3a9ab09e50843b363f2821?s=96&d=mm&r=g","contentUrl":"https:\/\/secure.gravatar.com\/avatar\/32edfa28ccbf005c231538b245a2670a36c7f33f2d3a9ab09e50843b363f2821?s=96&d=mm&r=g","caption":"Catfish"},"sameAs":["http:\/\/gambling6.com"],"url":"https:\/\/gambling6.com\/no\/author\/catfish\/"}]}},"_links":{"self":[{"href":"https:\/\/gambling6.com\/no\/wp-json\/wp\/v2\/pages\/11062","targetHints":{"allow":["GET"]}}],"collection":[{"href":"https:\/\/gambling6.com\/no\/wp-json\/wp\/v2\/pages"}],"about":[{"href":"https:\/\/gambling6.com\/no\/wp-json\/wp\/v2\/types\/page"}],"author":[{"embeddable":true,"href":"https:\/\/gambling6.com\/no\/wp-json\/wp\/v2\/users\/1"}],"replies":[{"embeddable":true,"href":"https:\/\/gambling6.com\/no\/wp-json\/wp\/v2\/comments?post=11062"}],"version-history":[{"count":1,"href":"https:\/\/gambling6.com\/no\/wp-json\/wp\/v2\/pages\/11062\/revisions"}],"predecessor-version":[{"id":11063,"href":"https:\/\/gambling6.com\/no\/wp-json\/wp\/v2\/pages\/11062\/revisions\/11063"}],"wp:attachment":[{"href":"https:\/\/gambling6.com\/no\/wp-json\/wp\/v2\/media?parent=11062"}],"curies":[{"name":"wp","href":"https:\/\/api.w.org\/{rel}","templated":true}]}}