{"id":11092,"date":"2025-11-17T15:29:50","date_gmt":"2025-11-17T15:29:50","guid":{"rendered":"https:\/\/gambling6.com\/suksess-med-nettbingo\/"},"modified":"2025-11-17T15:29:50","modified_gmt":"2025-11-17T15:29:50","slug":"suksess-med-nettbingo","status":"publish","type":"page","link":"https:\/\/gambling6.com\/no\/bingo\/suksess-med-nettbingo\/","title":{"rendered":"Suksess med nettbingo"},"content":{"rendered":"<h2>Spill online bingo med riktig strategi<\/h2>\n<p>Takket v\u00e6re utviklingen av internett i dag, kan du nyte et underholdende bingospill rett fra komforten av ditt eget hjem. Det beste er at du kan spille spillet n\u00e5r du vil. Dette er grunnen til at online bingo har blitt s\u00e5 popul\u00e6rt blant folk, spesielt kvinner. Hvis du er nybegynner, ikke bekymre deg, du kan l\u00e6re spillet ved \u00e5 f\u00f8rst pr\u00f8ve det ut p\u00e5 en gratis bingoside. <a class=\"thirstylink\" title=\"Bingo Billy en\" href=\"https:\/\/gambling6.com\/go\/bingobilly-en\/\" target=\"_blank\" rel=\"nofollow noopener\">Et godt sted \u00e5 starte ville v\u00e6re Bingo Billy &#8211; klikk her for \u00e5 bes\u00f8ke.<\/a><\/p>\n<p>Men hvis du spiller det online, er det noen tips som kan hjelpe deg med \u00e5 \u00f8ke vinnersjansene dine. Les videre for \u00e5 vite mer. Gj\u00f8r en rask research og finn ut bingosider som tilbyr de beste innskuddsbonusene. Mange nettsteder tilbyr ogs\u00e5 lukrative innmeldingsbonuser. Det er alltid lurt \u00e5 spille bingo p\u00e5 p\u00e5litelige casinosider. S\u00f8rg for at du leser anmeldelsene fra faktiske brukere av disse casinosidene f\u00f8r du registrerer deg.<\/p>\n<p><a href=\"https:\/\/record.revenueplanet.com\/_BoBybWC_aAPUOsjNOfgKefwM06wa-Rwt\/1\/\" target=\"_new\" rel=\"noopener\"><img loading=\"lazy\" decoding=\"async\" class=\"aligncenter\" style=\"border: none;\" src=\"https:\/\/media.revenueplanet.com\/uploads\/nbb-468x60-nov-generic.gif\" alt=\"BingoBilly Gratis Bingo\" width=\"468\" height=\"60\" \/><\/a><br \/>\nKun anerkjente og p\u00e5litelige casinoer betaler hele bel\u00f8pet du har vunnet i et spill. Internett er oversv\u00f8mmet av bingosider, og dessverre stjeler mange svindelsider pengene dine og betaler ikke ut n\u00e5r du vinner et spill. Derfor b\u00f8r du v\u00e6re ekstra forsiktig n\u00e5r du velger et nettcasino. Bingospill spilles kun for moro skyld.<\/p>\n<p>Spillets regler og forskrifter er enkle \u00e5 f\u00f8lge. Bingospillet er utelukkende et sp\u00f8rsm\u00e5l om flaks. Ingenting kan forutsi utfallet eller p\u00e5virke spillet. Du kan slappe av og nyte spillet, ettersom ingen avgj\u00f8relser m\u00e5 tas. Nettbingo har gjort spillet mer tilgjengelig, ettersom du kan spille det n\u00e5r det passer deg og fra ethvert sted som har internettforbindelse og en datamaskin.<\/p>\n<p>Pr\u00f8v alltid \u00e5 spille p\u00e5 et mindre overfylt nettsted. Dette vil \u00f8ke sjansene dine for \u00e5 vinne spillet, ettersom du vil konkurrere mot f\u00e6rre spillere. Et nettsted med et balansert antall spillere gir deg en bedre sjanse til \u00e5 vinne spillet. Velg nettsteder som tilbyr chatterom for enkel kommunikasjon mellom spillere. Du kan ogs\u00e5 chatte med andre spillere om kortene de spiller. Du kan ogs\u00e5 \u00f8ke kortnummeret for \u00e5 reversere seieren til din side.<\/p>\n<p>Mye avhenger ogs\u00e5 av tidspunktet du velger \u00e5 spille. Det har blitt observert at hvis du spiller p\u00e5 rare tidspunkter, har du en sjanse til \u00e5 vinne, ettersom ikke mange spillere er online p\u00e5 disse tidspunktene. I bingospill med store jackpotter, unng\u00e5 alltid for mange kort. Velg alltid casinosider som tilbyr 100 % innskuddsbonuser. I disse dager kan du ogs\u00e5 komme over henvisningsprogrammer fra casinosider. Som en del av programmet vil du motta gratis penger hvis henvisningen din registrerer seg hos casinoet. I tillegg tilbyr nettcasinoet mange kampanjebonuser fra tid til annen.<\/p>\n","protected":false},"excerpt":{"rendered":"<p>Spill online bingo med riktig strategi Takket v\u00e6re utviklingen av internett i dag, kan du nyte et underholdende bingospill rett fra komforten av ditt eget hjem. Det beste er at du kan spille spillet n\u00e5r du vil. Dette er grunnen til at online bingo har blitt s\u00e5 popul\u00e6rt blant folk, spesielt kvinner. Hvis du er [&hellip;]<\/p>\n","protected":false},"author":1,"featured_media":0,"parent":8519,"menu_order":3,"comment_status":"closed","ping_status":"closed","template":"","meta":{"footnotes":""},"class_list":["post-11092","page","type-page","status-publish","hentry"],"yoast_head":"<!-- This site is optimized with the Yoast SEO plugin v27.4 - https:\/\/yoast.com\/product\/yoast-seo-wordpress\/ -->\n<title>Spillstrategi for online bingo<\/title>\n<meta name=\"description\" content=\"\u00d8k sjansene dine til \u00e5 vinne p\u00e5 nettbingo ved \u00e5 f\u00f8lge riktig spillstrategi.\" \/>\n<meta name=\"robots\" content=\"index, follow, max-snippet:-1, max-image-preview:large, max-video-preview:-1\" \/>\n<link rel=\"canonical\" href=\"https:\/\/gambling6.com\/no\/bingo\/suksess-med-nettbingo\/\" \/>\n<meta property=\"og:locale\" content=\"nb_NO\" \/>\n<meta property=\"og:type\" content=\"article\" \/>\n<meta property=\"og:title\" content=\"Spillstrategi for online bingo\" \/>\n<meta property=\"og:description\" content=\"\u00d8k sjansene dine til \u00e5 vinne p\u00e5 nettbingo ved \u00e5 f\u00f8lge riktig spillstrategi.\" \/>\n<meta property=\"og:url\" content=\"https:\/\/gambling6.com\/no\/bingo\/suksess-med-nettbingo\/\" \/>\n<meta property=\"og:site_name\" content=\"Gambling6\" \/>\n<meta property=\"article:published_time\" content=\"2025-11-17T15:29:50+00:00\" \/>\n<meta property=\"og:image\" content=\"https:\/\/media.revenueplanet.com\/uploads\/nbb-468x60-nov-generic.gif\" \/>\n<meta name=\"author\" content=\"Catfish\" \/>\n<meta name=\"twitter:card\" content=\"summary_large_image\" \/>\n<meta name=\"twitter:label1\" content=\"Skrevet av\" \/>\n\t<meta name=\"twitter:data1\" content=\"Catfish\" \/>\n\t<meta name=\"twitter:label2\" content=\"Ansl. lesetid\" \/>\n\t<meta name=\"twitter:data2\" content=\"2 minutter\" \/>\n<script type=\"application\/ld+json\" class=\"yoast-schema-graph\">{\"@context\":\"https:\\\/\\\/schema.org\",\"@graph\":[{\"@type\":\"Article\",\"@id\":\"https:\\\/\\\/gambling6.com\\\/no\\\/bingo\\\/suksess-med-nettbingo\\\/#article\",\"isPartOf\":{\"@id\":\"https:\\\/\\\/gambling6.com\\\/no\\\/bingo\\\/suksess-med-nettbingo\\\/\"},\"author\":{\"name\":\"Catfish\",\"@id\":\"https:\\\/\\\/gambling6.com\\\/no\\\/#\\\/schema\\\/person\\\/d093de87a44a018ef67117d02d86ddaf\"},\"headline\":\"Suksess med nettbingo\",\"datePublished\":\"2025-11-17T15:29:50+00:00\",\"mainEntityOfPage\":{\"@id\":\"https:\\\/\\\/gambling6.com\\\/no\\\/bingo\\\/suksess-med-nettbingo\\\/\"},\"wordCount\":450,\"image\":{\"@id\":\"https:\\\/\\\/gambling6.com\\\/no\\\/bingo\\\/suksess-med-nettbingo\\\/#primaryimage\"},\"thumbnailUrl\":\"https:\\\/\\\/media.revenueplanet.com\\\/uploads\\\/nbb-468x60-nov-generic.gif\",\"articleSection\":[\"Bingonyheter\",\"Bingostrategi\"],\"inLanguage\":\"nb-NO\"},{\"@type\":\"WebPage\",\"@id\":\"https:\\\/\\\/gambling6.com\\\/no\\\/bingo\\\/suksess-med-nettbingo\\\/\",\"url\":\"https:\\\/\\\/gambling6.com\\\/no\\\/bingo\\\/suksess-med-nettbingo\\\/\",\"name\":\"Spillstrategi for online bingo\",\"isPartOf\":{\"@id\":\"https:\\\/\\\/gambling6.com\\\/no\\\/#website\"},\"primaryImageOfPage\":{\"@id\":\"https:\\\/\\\/gambling6.com\\\/no\\\/bingo\\\/suksess-med-nettbingo\\\/#primaryimage\"},\"image\":{\"@id\":\"https:\\\/\\\/gambling6.com\\\/no\\\/bingo\\\/suksess-med-nettbingo\\\/#primaryimage\"},\"thumbnailUrl\":\"https:\\\/\\\/media.revenueplanet.com\\\/uploads\\\/nbb-468x60-nov-generic.gif\",\"datePublished\":\"2025-11-17T15:29:50+00:00\",\"author\":{\"@id\":\"https:\\\/\\\/gambling6.com\\\/no\\\/#\\\/schema\\\/person\\\/d093de87a44a018ef67117d02d86ddaf\"},\"description\":\"\u00d8k sjansene dine til \u00e5 vinne p\u00e5 nettbingo ved \u00e5 f\u00f8lge riktig spillstrategi.\",\"breadcrumb\":{\"@id\":\"https:\\\/\\\/gambling6.com\\\/no\\\/bingo\\\/suksess-med-nettbingo\\\/#breadcrumb\"},\"inLanguage\":\"nb-NO\",\"potentialAction\":[{\"@type\":\"ReadAction\",\"target\":[\"https:\\\/\\\/gambling6.com\\\/no\\\/bingo\\\/suksess-med-nettbingo\\\/\"]}]},{\"@type\":\"ImageObject\",\"inLanguage\":\"nb-NO\",\"@id\":\"https:\\\/\\\/gambling6.com\\\/no\\\/bingo\\\/suksess-med-nettbingo\\\/#primaryimage\",\"url\":\"https:\\\/\\\/media.revenueplanet.com\\\/uploads\\\/nbb-468x60-nov-generic.gif\",\"contentUrl\":\"https:\\\/\\\/media.revenueplanet.com\\\/uploads\\\/nbb-468x60-nov-generic.gif\"},{\"@type\":\"BreadcrumbList\",\"@id\":\"https:\\\/\\\/gambling6.com\\\/no\\\/bingo\\\/suksess-med-nettbingo\\\/#breadcrumb\",\"itemListElement\":[{\"@type\":\"ListItem\",\"position\":1,\"name\":\"Home\",\"item\":\"https:\\\/\\\/gambling6.com\\\/no\\\/home\\\/\"},{\"@type\":\"ListItem\",\"position\":2,\"name\":\"Suksess med nettbingo\"}]},{\"@type\":\"WebSite\",\"@id\":\"https:\\\/\\\/gambling6.com\\\/no\\\/#website\",\"url\":\"https:\\\/\\\/gambling6.com\\\/no\\\/\",\"name\":\"Gambling6\",\"description\":\"\",\"potentialAction\":[{\"@type\":\"SearchAction\",\"target\":{\"@type\":\"EntryPoint\",\"urlTemplate\":\"https:\\\/\\\/gambling6.com\\\/no\\\/?s={search_term_string}\"},\"query-input\":{\"@type\":\"PropertyValueSpecification\",\"valueRequired\":true,\"valueName\":\"search_term_string\"}}],\"inLanguage\":\"nb-NO\"},{\"@type\":\"Person\",\"@id\":\"https:\\\/\\\/gambling6.com\\\/no\\\/#\\\/schema\\\/person\\\/d093de87a44a018ef67117d02d86ddaf\",\"name\":\"Catfish\",\"image\":{\"@type\":\"ImageObject\",\"inLanguage\":\"nb-NO\",\"@id\":\"https:\\\/\\\/secure.gravatar.com\\\/avatar\\\/32edfa28ccbf005c231538b245a2670a36c7f33f2d3a9ab09e50843b363f2821?s=96&d=mm&r=g\",\"url\":\"https:\\\/\\\/secure.gravatar.com\\\/avatar\\\/32edfa28ccbf005c231538b245a2670a36c7f33f2d3a9ab09e50843b363f2821?s=96&d=mm&r=g\",\"contentUrl\":\"https:\\\/\\\/secure.gravatar.com\\\/avatar\\\/32edfa28ccbf005c231538b245a2670a36c7f33f2d3a9ab09e50843b363f2821?s=96&d=mm&r=g\",\"caption\":\"Catfish\"},\"sameAs\":[\"http:\\\/\\\/gambling6.com\"],\"url\":\"https:\\\/\\\/gambling6.com\\\/no\\\/author\\\/catfish\\\/\"}]}<\/script>\n<!-- \/ Yoast SEO plugin. -->","yoast_head_json":{"title":"Spillstrategi for online bingo","description":"\u00d8k sjansene dine til \u00e5 vinne p\u00e5 nettbingo ved \u00e5 f\u00f8lge riktig spillstrategi.","robots":{"index":"index","follow":"follow","max-snippet":"max-snippet:-1","max-image-preview":"max-image-preview:large","max-video-preview":"max-video-preview:-1"},"canonical":"https:\/\/gambling6.com\/no\/bingo\/suksess-med-nettbingo\/","og_locale":"nb_NO","og_type":"article","og_title":"Spillstrategi for online bingo","og_description":"\u00d8k sjansene dine til \u00e5 vinne p\u00e5 nettbingo ved \u00e5 f\u00f8lge riktig spillstrategi.","og_url":"https:\/\/gambling6.com\/no\/bingo\/suksess-med-nettbingo\/","og_site_name":"Gambling6","article_published_time":"2025-11-17T15:29:50+00:00","og_image":[{"url":"https:\/\/media.revenueplanet.com\/uploads\/nbb-468x60-nov-generic.gif","type":"","width":"","height":""}],"author":"Catfish","twitter_card":"summary_large_image","twitter_misc":{"Skrevet av":"Catfish","Ansl. lesetid":"2 minutter"},"schema":{"@context":"https:\/\/schema.org","@graph":[{"@type":"Article","@id":"https:\/\/gambling6.com\/no\/bingo\/suksess-med-nettbingo\/#article","isPartOf":{"@id":"https:\/\/gambling6.com\/no\/bingo\/suksess-med-nettbingo\/"},"author":{"name":"Catfish","@id":"https:\/\/gambling6.com\/no\/#\/schema\/person\/d093de87a44a018ef67117d02d86ddaf"},"headline":"Suksess med nettbingo","datePublished":"2025-11-17T15:29:50+00:00","mainEntityOfPage":{"@id":"https:\/\/gambling6.com\/no\/bingo\/suksess-med-nettbingo\/"},"wordCount":450,"image":{"@id":"https:\/\/gambling6.com\/no\/bingo\/suksess-med-nettbingo\/#primaryimage"},"thumbnailUrl":"https:\/\/media.revenueplanet.com\/uploads\/nbb-468x60-nov-generic.gif","articleSection":["Bingonyheter","Bingostrategi"],"inLanguage":"nb-NO"},{"@type":"WebPage","@id":"https:\/\/gambling6.com\/no\/bingo\/suksess-med-nettbingo\/","url":"https:\/\/gambling6.com\/no\/bingo\/suksess-med-nettbingo\/","name":"Spillstrategi for online bingo","isPartOf":{"@id":"https:\/\/gambling6.com\/no\/#website"},"primaryImageOfPage":{"@id":"https:\/\/gambling6.com\/no\/bingo\/suksess-med-nettbingo\/#primaryimage"},"image":{"@id":"https:\/\/gambling6.com\/no\/bingo\/suksess-med-nettbingo\/#primaryimage"},"thumbnailUrl":"https:\/\/media.revenueplanet.com\/uploads\/nbb-468x60-nov-generic.gif","datePublished":"2025-11-17T15:29:50+00:00","author":{"@id":"https:\/\/gambling6.com\/no\/#\/schema\/person\/d093de87a44a018ef67117d02d86ddaf"},"description":"\u00d8k sjansene dine til \u00e5 vinne p\u00e5 nettbingo ved \u00e5 f\u00f8lge riktig spillstrategi.","breadcrumb":{"@id":"https:\/\/gambling6.com\/no\/bingo\/suksess-med-nettbingo\/#breadcrumb"},"inLanguage":"nb-NO","potentialAction":[{"@type":"ReadAction","target":["https:\/\/gambling6.com\/no\/bingo\/suksess-med-nettbingo\/"]}]},{"@type":"ImageObject","inLanguage":"nb-NO","@id":"https:\/\/gambling6.com\/no\/bingo\/suksess-med-nettbingo\/#primaryimage","url":"https:\/\/media.revenueplanet.com\/uploads\/nbb-468x60-nov-generic.gif","contentUrl":"https:\/\/media.revenueplanet.com\/uploads\/nbb-468x60-nov-generic.gif"},{"@type":"BreadcrumbList","@id":"https:\/\/gambling6.com\/no\/bingo\/suksess-med-nettbingo\/#breadcrumb","itemListElement":[{"@type":"ListItem","position":1,"name":"Home","item":"https:\/\/gambling6.com\/no\/home\/"},{"@type":"ListItem","position":2,"name":"Suksess med nettbingo"}]},{"@type":"WebSite","@id":"https:\/\/gambling6.com\/no\/#website","url":"https:\/\/gambling6.com\/no\/","name":"Gambling6","description":"","potentialAction":[{"@type":"SearchAction","target":{"@type":"EntryPoint","urlTemplate":"https:\/\/gambling6.com\/no\/?s={search_term_string}"},"query-input":{"@type":"PropertyValueSpecification","valueRequired":true,"valueName":"search_term_string"}}],"inLanguage":"nb-NO"},{"@type":"Person","@id":"https:\/\/gambling6.com\/no\/#\/schema\/person\/d093de87a44a018ef67117d02d86ddaf","name":"Catfish","image":{"@type":"ImageObject","inLanguage":"nb-NO","@id":"https:\/\/secure.gravatar.com\/avatar\/32edfa28ccbf005c231538b245a2670a36c7f33f2d3a9ab09e50843b363f2821?s=96&d=mm&r=g","url":"https:\/\/secure.gravatar.com\/avatar\/32edfa28ccbf005c231538b245a2670a36c7f33f2d3a9ab09e50843b363f2821?s=96&d=mm&r=g","contentUrl":"https:\/\/secure.gravatar.com\/avatar\/32edfa28ccbf005c231538b245a2670a36c7f33f2d3a9ab09e50843b363f2821?s=96&d=mm&r=g","caption":"Catfish"},"sameAs":["http:\/\/gambling6.com"],"url":"https:\/\/gambling6.com\/no\/author\/catfish\/"}]}},"_links":{"self":[{"href":"https:\/\/gambling6.com\/no\/wp-json\/wp\/v2\/pages\/11092","targetHints":{"allow":["GET"]}}],"collection":[{"href":"https:\/\/gambling6.com\/no\/wp-json\/wp\/v2\/pages"}],"about":[{"href":"https:\/\/gambling6.com\/no\/wp-json\/wp\/v2\/types\/page"}],"author":[{"embeddable":true,"href":"https:\/\/gambling6.com\/no\/wp-json\/wp\/v2\/users\/1"}],"replies":[{"embeddable":true,"href":"https:\/\/gambling6.com\/no\/wp-json\/wp\/v2\/comments?post=11092"}],"version-history":[{"count":0,"href":"https:\/\/gambling6.com\/no\/wp-json\/wp\/v2\/pages\/11092\/revisions"}],"up":[{"embeddable":true,"href":"https:\/\/gambling6.com\/no\/wp-json\/wp\/v2\/pages\/8519"}],"wp:attachment":[{"href":"https:\/\/gambling6.com\/no\/wp-json\/wp\/v2\/media?parent=11092"}],"curies":[{"name":"wp","href":"https:\/\/api.w.org\/{rel}","templated":true}]}}