{"id":7081,"date":"2025-04-28T09:52:47","date_gmt":"2025-04-28T08:52:47","guid":{"rendered":"https:\/\/gambling6.com\/?p=7081"},"modified":"2025-11-18T10:51:46","modified_gmt":"2025-11-18T10:51:46","slug":"skrapelodd-pa-nett-for-ekte-penger-er-det-verdt-a-spille","status":"publish","type":"page","link":"https:\/\/gambling6.com\/no\/skrapelodd-pa-nett-for-ekte-penger-er-det-verdt-a-spille\/","title":{"rendered":"Skrapelodd p\u00e5 nett for ekte penger: Er det verdt \u00e5 spille?"},"content":{"rendered":"<p>I de senere \u00e5rene har skrapelodd p\u00e5 nett blitt stadig mer popul\u00e6re. De fleste liker \u00e5 spille lotto, men er det verdt \u00e5 spille skrapelodd p\u00e5 nett for ekte penger? Selv om det ikke finnes noen garantert m\u00e5te \u00e5 vinne p\u00e5, finnes det noen tips som kan bidra til \u00e5 forbedre sjansene dine. Dette innlegget utforsker fordeler og ulemper med skrapelodd p\u00e5 nett for ekte penger og hjelper deg med \u00e5 avgj\u00f8re om de er verdt tiden og pengene dine. Vi vil ogs\u00e5 anbefale det beste casinoet for \u00e5 spille skrapelodd p\u00e5 nett med ekte penger.<\/p>\n<h2>Hva er skrapelodd p\u00e5 nett?<\/h2>\n<p>Skrapelodd p\u00e5 nett er en type lotterispill med umiddelbar gevinst som du kan spille p\u00e5 nett. I motsetning til tradisjonelle skrapelodd, som du kj\u00f8per i en fysisk butikk, kan du kj\u00f8pe skrapelodd p\u00e5 nett og spille n\u00e5r som helst, hvor som helst, fra komforten av ditt eget hjem.<\/p>\n<p>De er utbredt i mange land, og populariteten deres har bare vokst de siste \u00e5rene med fremveksten av skrapelodd p\u00e5 nett. Skrapelodd p\u00e5 nett finnes i en rekke temaer og design, og kan tilby en rekke forskjellige premier. Du kan til og med spille noen skrapeloddspill p\u00e5 nett for \u00e5 vinne ekte pengepremier.<\/p>\n<p>Det finnes mange skrapelodd tilgjengelig p\u00e5 nett, og spillene kan variere n\u00e5r det gjelder premier, odds og premiebel\u00f8p. Men generelt sett er m\u00e5let med spillet \u00e5 skrape alle omr\u00e5der av billetten for \u00e5 avsl\u00f8re symboler eller tall. Du kan vinne en ekte pengepremie hvis du matcher symbolene eller tallene.<\/p>\n<p>Skrapelodd p\u00e5 nett er en morsom og enkel m\u00e5te \u00e5 pr\u00f8ve lykken p\u00e5 og vinne en pengepremie. Og med et s\u00e5 bredt utvalg av spill, er du sikker p\u00e5 \u00e5 finne et skrapelodd som passer perfekt for deg. Hvis du leter etter en morsom og enkel m\u00e5te \u00e5 tjene litt raske penger p\u00e5, kan skrapelodd p\u00e5 nett v\u00e6re det perfekte spillet for deg. Pr\u00f8v dem i dag!<\/p>\n<h2>Hvordan spiller man skrapelodd p\u00e5 nett?<\/h2>\n<p>Skrapelodd p\u00e5 nett er en type lotterispill der spillere kan kj\u00f8pe lodd og skrape av forsiden for \u00e5 avdekke en premie. Disse spillene finnes p\u00e5 nettsidene til mange lotteriorganisasjoner og blir stadig mer popul\u00e6re.<\/p>\n<p>Det finnes flere m\u00e5ter \u00e5 spille skrapelodd p\u00e5 nett. Den mest popul\u00e6re metoden er \u00e5 spille p\u00e5 en online lotteriside. Du kan ogs\u00e5 finne nettsteder som spesialiserer seg p\u00e5 skrapelodd p\u00e5 nett. Til slutt tilbyr noen nettcasinoer ogs\u00e5 skrapelodd p\u00e5 nett. Hvis du vil spille skrapelodd p\u00e5 nett, m\u00e5 du f\u00f8rst finne en nettside som tilbyr dem. Deretter m\u00e5 du opprette en konto p\u00e5 det aktuelle nettlotterinettstedet\/casinoet og sette inn penger.<\/p>\n<p>N\u00e5r du har gjort dette, kan du bla gjennom de forskjellige skrapeloddene som er tilgjengelige. N\u00e5r du finner en du liker, m\u00e5 du kj\u00f8pe den. N\u00e5r du har kj\u00f8pt billetten, m\u00e5 du skrape bort beskyttelseslaget for \u00e5 avsl\u00f8re tallene under. Hvis du matcher tallene p\u00e5 billetten din med vinnertallene, vinner du en premie! S\u00e5 enkelt er det!<\/p>\n<h2>Hvordan finner man de beste skrapeloddene p\u00e5 nett for ekte penger?<\/h2>\n<p>I denne delen skal vi se p\u00e5 hvordan du finner de beste skrapeloddene p\u00e5 nett for ekte penger. Med s\u00e5 mange skrapeloddspill tilgjengelig p\u00e5 nett, kan det v\u00e6re vanskelig \u00e5 vite hvilke som er best. Men ikke bekymre deg, vi er her for \u00e5 hjelpe. Vi har gjort researchen og funnet de beste skrapeloddcasinoene p\u00e5 nett for ekte penger, slik at du kan velge det perfekte spillet for deg.<\/p>\n<p>N\u00e5r du velger et skrapeloddspill p\u00e5 nett, er det et par ting du b\u00f8r huske p\u00e5.<\/p>\n<ul>\n<li>F\u00f8rst m\u00e5 du s\u00f8rge for at nettstedet du spiller p\u00e5 er anerkjent og tilbyr et godt utvalg av skrapelodd.<\/li>\n<li>Se deretter p\u00e5 oddsen for hver billett og sammenlign dem for \u00e5 se hvilke som gir deg best vinnersjanse.<\/li>\n<li>Til slutt, ikke glem \u00e5 lese den lille skriften for \u00e5 vite hva du g\u00e5r inn p\u00e5 f\u00f8r du begynner \u00e5 spille.<\/li>\n<li>Ved \u00e5 f\u00f8lge disse tipsene vil du kunne finne de beste skrapeloddene p\u00e5 nett for ekte penger. Lykke til!\n<\/ul>\n<p>N\u00e5r det er sagt, er det beste casinoet for \u00e5 spille skrapelodd p\u00e5 nett med ekte penger <a class=\"thirstylink\" title=\"RedFox casino\" href=\"https:\/\/gambling6.com\/go\/redfox-casino\/\" target=\"_blank\" rel=\"nofollow noopener\">RedFox Casino<\/a>. Dette casinoet har enstort utvalg av skrapelodd og tilbyr noen av de beste oddsene p\u00e5 markedet.<\/p>\n<h2>Skrapeloddspill p\u00e5 nett hos RedFox Casino<\/h2>\n<ul>\n<li><strong>Cupids skrapelodd<\/strong>: Dette skrapeloddspillet handler om kj\u00e6rlighet. Cupid&#8217;s Scratch fra Spinomenal er en spilleautomat med tre hjul og tre rader. Spillere setter ogs\u00e5 pris p\u00e5 de bemerkelsesverdige funksjonene som kommer med store bel\u00f8nninger og umiddelbare utbetalinger, i tillegg til estetikken og skjermoppsettet. Match 3 symboler, og du kan vinne opptil 4000 ganger innsatsen din!\n<li><strong>Hanow Pick<\/strong>: Dette skrapeloddspillet minner om det popul\u00e6re TV-spillet, og utfordrer deg til \u00e5 finne vinnerruten. Velg riktig, og du kan vinne opptil 250 ganger innsatsen din.\n<li><strong>Hoppingkongen<\/strong>: Dette skrapeloddet er et morsomt og finurlig spill der du m\u00e5 hjelpe frosken med \u00e5 hoppe i sikkerhet. Match 3 symboler, og du kan vinne opptil 500 ganger innsatsen din! Skrapeloddspillet King of Jumping, drevet av Belatra, finner sted i en vakker dam. Ulike vannlevende dyr kan sv\u00f8mme rundt dette dammen, men frosken er den viktigste arten. M\u00e5let med spillet er at deltakerne skal skrape skrapeloddet til minst tre like symboler dukker opp. Spillerne mottar deretter fantastiske gaver i spillet. Dette er et skrapeloddspill med middels til h\u00f8y volatilitet. Dette inneb\u00e6rer at spillerne kan g\u00e5 gjennom mange runder uten \u00e5 vinne. Men n\u00e5r de f\u00f8rst gj\u00f8r det, hoster de opp med enorme utbetalinger. \u00c5 spille det vanlige spillet og den geniale jackpotrunden, krokodillebonusen og sumpbonusfunksjonen lar deg vinne premier.\n<li><strong>Spargrisen<\/strong>: Nok et morsomt og finurlig spill. Dette skrapeloddet utfordrer deg til \u00e5 hjelpe spargrisen med \u00e5 fylles opp. Match 3 symboler, og du kan vinne opptil 500 ganger innsatsen din! Sparegrisen er full av penger; Du kan skrape den for \u00e5 \u00e5pne den og vinne en morsom premie! Alt du trenger \u00e5 gj\u00f8re er \u00e5 matche 3 av tallene p\u00e5 kortet ditt for \u00e5 vinne! Nevnte vi hvor rimelig dette spillet er? Det er p\u00e5 tide \u00e5 rane banken og vinne premier med skrapelodd. Forvent \u00e5 se grisen! Morsomt faktum: 51,05 % av spillerne f\u00e5r pengene sine tilbake. Er du klar til \u00e5 spille et nytt skrapelodd? Hva med et spill hvor du kan vinne 500 euro om dagen i et \u00e5r? Pr\u00f8v skrapeloddene til Piggy Bank i dag!\n<\/ul>\n<h2>Hva er fordelene med \u00e5 spille skrapelodd p\u00e5 nett?<\/h2>\n<p>Det er ingen hemmelighet at skrapelodd p\u00e5 nett blir stadig mer popul\u00e6re. De er enkle \u00e5 spille, gir en sjanse til \u00e5 vinne store premier, og kan v\u00e6re morsomme. Men hva er de andre fordelene med skrapeloddspill p\u00e5 nett?<\/p>\n<ul>\n<li>Hovedfordelen med skrapeloddspill p\u00e5 nett er at du kan spille dem fra komforten av ditt eget hjem. Du trenger ikke \u00e5 g\u00e5 ut og kj\u00f8pe en fysisk billett fra en butikk; Du kan ganske enkelt logge inn p\u00e5 kontoen din fra datamaskinen eller telefonen din og begynne \u00e5 spille. Du kan spille det n\u00e5r som helst, hvor som helst. Alt du trenger er en internettforbindelse.\n<li>Videre har skrapelodd p\u00e5 nett ofte bedre vinnersjanser enn fysiske motparter. Og hvis du er ute etter en sjanse til \u00e5 vinne penger, kan du ikke g\u00e5 feil med skrapelodd. Du kan vinne ekte penger hvis du spiller kortene dine riktig.\n<li>Til slutt kan du ogs\u00e5 bruke skrapelodd p\u00e5 nett for \u00e5 \u00f8ke kapitalen din. N\u00e5r det gjelder skrapelodd, er vinnersjansene dine generelt ganske lave. Oddsen er vanligvis rundt 1 av 3 for de fleste spill. Gevinstene kan imidlertid bli ganske h\u00f8ye. For eksempel tilbyr noen skrapelodd en toppremie p\u00e5 1 million dollar. S\u00e5 selv om vinnersjansene dine er lave, er de potensielle gevinstene enorme. Dette er en av hovedgrunnene til at folk spiller skrapeloddspill p\u00e5 nett med ekte penger.\n<li>Skrapelodd p\u00e5 nett er en fin m\u00e5te \u00e5 ha det g\u00f8y p\u00e5. Skrapelodd p\u00e5 nett er et perfekt alternativ hvis du leter etter et morsomt og lettspillet spill for \u00e5 f\u00e5 tiden til \u00e5 g\u00e5. De kan ogs\u00e5 hjelpe deg med \u00e5 bekjempe kjedsomhet eller stress.\n<li>Videre kan det \u00e5 spille skrapelodd bidra til \u00e5 forbedre din mentale smidighet og hukommelse.<\/li>\n<li>En annen fordel med skrapelodd p\u00e5 nett er at du kan innl\u00f8se vinnerkupongene dine umiddelbart. Du trenger ikke \u00e5 st\u00e5 i k\u00f8 eller engang forlate hjemmet ditt.\n<li>Avslutningsvis kan skrapelodd v\u00e6re en fin m\u00e5te \u00e5 komme sammen med venner eller familie p\u00e5.<\/li>\n<\/ul>\n<h2>Er det noen risikoer forbundet med \u00e5 spille skrapelodd p\u00e5 nett med ekte penger?<\/h2>\n<p>Det er noen risikoer forbundet med \u00e5 spille skrapelodd p\u00e5 nett med ekte penger.<\/p>\n<ul>\n<li>F\u00f8rst og fremst, hvis du spiller med ekte penger, kan du tape penger hvis du ikke vinner. Siden vinnersjansene er sv\u00e6rt lave, kan du raskt tape mye penger hvis du ikke er forsiktig.<\/li>\n<li>For det andre kan du utsette deg for svindel hvis du ikke er forsiktig. Det har v\u00e6rt rapporter om skrapeloddsvindel p\u00e5 nett. S\u00e5 selv om de er enkle \u00e5 spille og tilbyr store potensielle gevinster, m\u00e5 du v\u00e6re forsiktig n\u00e5r du velger et nettcasino.\n<li>En annen risiko er at du kanskje ikke kan ta ut gevinstene dine hvis du vinner. Dette vil imidlertid bare skje hvis du ikke finner et anerkjent nettcasino.\n<li>Det er ogs\u00e5 mulig \u00e5 bli avhengig av skrapelodd hvis du ikke er forsiktig.<\/li>\n<li>Og til slutt risikerer du \u00e5 bruke mer penger enn du hadde tenkt hvis du blir revet med av spenningen ved gambling.<\/li>\n<\/ul>\n<p>S\u00e5 selv om det er risikoer forbundet med skrapelodd p\u00e5 nett, finnes det ogs\u00e5 m\u00e5ter \u00e5 redusere dem p\u00e5.<\/p>\n<ul>\n<li>S\u00f8rg for at du vet vinnersjansene f\u00f8r du begynner \u00e5 spille, og spill bare med penger du har r\u00e5d til \u00e5 tape.<\/li>\n<li>Hvis du vinner, s\u00f8rg for \u00e5 ta ut gevinstene dine umiddelbart.<\/li>\n<\/ul>\n<p>Ved \u00e5 ta disse forholdsreglene kan du minimere risikoene og nyte spenningen ved skrapeloddspill p\u00e5 nett.<\/p>\n<h2>Er det verdt \u00e5 spille skrapelodd p\u00e5 nett med ekte penger?<\/h2>\n<p>Det er en \u00f8kende trend blant folk \u00e5 spille skrapelodd p\u00e5 nett for ekte penger. Selv om det fortsatt er uklart om dette er en god m\u00e5te \u00e5 bruke pengene dine p\u00e5, er det fordeler og ulemper med \u00e5 spille skrapelodd p\u00e5 nett som du b\u00f8r vurdere f\u00f8r du tar en avgj\u00f8relse.<\/p>\n<p>Selv om det er noen risikoer forbundet med skrapeloddspill p\u00e5 nett, er det ogs\u00e5 potensielle fordeler. For eksempel kan skrapelodd p\u00e5 nett v\u00e6re veldig morsomt. De er ogs\u00e5 en fin m\u00e5te \u00e5 tjene litt raske penger p\u00e5. Og hvis du spiller kortene dine riktig, kan du til og med vinne store jackpotter.<\/p>\n<p>Som med all gambling er det selvf\u00f8lgelig alltid mulig \u00e5 tape penger n\u00e5r man spiller skrapelodd p\u00e5 nett. Du har ogs\u00e5 st\u00f8rre sannsynlighet for \u00e5 bli avhengig av pengespill hvis du spiller for ekte penger. Men hvis du er forsiktig og spiller ansvarlig, er risikoen for \u00e5 tape penger minimal.<\/p>\n<p>S\u00e5 hvis du leter etter en morsom og enkel m\u00e5te \u00e5 vinne penger p\u00e5, kan det v\u00e6re verdt \u00e5 vurdere skrapelodd p\u00e5 nett. Og det beste stedet \u00e5 spille skrapelodd p\u00e5 nett for ekte penger er <a class=\"thirstylink\" title=\"RedFox casino\" href=\"https:\/\/gambling6.com\/go\/redfox-casino\/\" target=\"_blank\" rel=\"nofollow noopener\">RedFox Casino.<\/a><\/p>\n<h2>Sluttnotat<\/h2>\n<p>Det er verdt \u00e5 spille skrapelodd p\u00e5 nett med ekte penger! Ikke bare har du sjansen til \u00e5 vinne store premier, men du kan ogs\u00e5 nyte spenningen og forventningene til disse spillene. Skrapelodd p\u00e5 nett er en morsom og enkel m\u00e5te \u00e5 vinne ekte penger p\u00e5. De er ogs\u00e5 supre for \u00e5 l\u00e6re forskjellige kasinospill og \u00f8ve p\u00e5 ferdighetene dine. Hvis du vil ha en sjanse til \u00e5 vinne stort, er det et godt alternativ \u00e5 spille skrapelodd p\u00e5 nett.<\/p>\n<p>S\u00e5, hvis du leter etter en morsom og enkel m\u00e5te \u00e5 vinne ekte penger p\u00e5, hvorfor ikke pr\u00f8ve skrapelodd p\u00e5 nett? For \u00e5 pr\u00f8ve lykken, <a class=\"thirstylink\" title=\"RedFox casino\" href=\"https:\/\/gambling6.com\/go\/redfox-casino\/\" target=\"_blank\" rel=\"nofollow noopener\">bes\u00f8k RedFox Casino og begynn \u00e5 spille i dag<\/a>.<\/p>\n","protected":false},"excerpt":{"rendered":"<p>I de senere \u00e5rene har skrapelodd p\u00e5 nett blitt stadig mer popul\u00e6re. De fleste liker \u00e5 spille lotto, men er det verdt \u00e5 spille skrapelodd p\u00e5 nett for ekte penger? Selv om det ikke finnes noen garantert m\u00e5te \u00e5 vinne p\u00e5, finnes det noen tips som kan bidra til \u00e5 forbedre sjansene dine. Dette innlegget [&hellip;]<\/p>\n","protected":false},"author":1,"featured_media":7082,"parent":0,"menu_order":0,"comment_status":"closed","ping_status":"closed","template":"","meta":{"footnotes":""},"class_list":["post-7081","page","type-page","status-publish","has-post-thumbnail","hentry"],"yoast_head":"<!-- This site is optimized with the Yoast SEO plugin v27.5 - https:\/\/yoast.com\/product\/yoast-seo-wordpress\/ -->\n<title>Skrapelodd p\u00e5 nett for ekte penger: Er det verdt \u00e5 spille? - Gambling6<\/title>\n<meta name=\"robots\" content=\"index, follow, max-snippet:-1, max-image-preview:large, max-video-preview:-1\" \/>\n<link rel=\"canonical\" href=\"https:\/\/gambling6.com\/no\/skrapelodd-pa-nett-for-ekte-penger-er-det-verdt-a-spille\/\" \/>\n<meta property=\"og:locale\" content=\"nb_NO\" \/>\n<meta property=\"og:type\" content=\"article\" \/>\n<meta property=\"og:title\" content=\"Skrapelodd p\u00e5 nett for ekte penger: Er det verdt \u00e5 spille? - Gambling6\" \/>\n<meta property=\"og:description\" content=\"I de senere \u00e5rene har skrapelodd p\u00e5 nett blitt stadig mer popul\u00e6re. De fleste liker \u00e5 spille lotto, men er det verdt \u00e5 spille skrapelodd p\u00e5 nett for ekte penger? Selv om det ikke finnes noen garantert m\u00e5te \u00e5 vinne p\u00e5, finnes det noen tips som kan bidra til \u00e5 forbedre sjansene dine. Dette innlegget [&hellip;]\" \/>\n<meta property=\"og:url\" content=\"https:\/\/gambling6.com\/no\/skrapelodd-pa-nett-for-ekte-penger-er-det-verdt-a-spille\/\" \/>\n<meta property=\"og:site_name\" content=\"Gambling6\" \/>\n<meta property=\"article:modified_time\" content=\"2025-11-18T10:51:46+00:00\" \/>\n<meta property=\"og:image\" content=\"https:\/\/gambling6.com\/wp-content\/uploads\/2022\/07\/pexels-pavel-danilyuk-7594241-scaled.jpg\" \/>\n\t<meta property=\"og:image:width\" content=\"1709\" \/>\n\t<meta property=\"og:image:height\" content=\"2560\" \/>\n\t<meta property=\"og:image:type\" content=\"image\/jpeg\" \/>\n<meta name=\"twitter:card\" content=\"summary_large_image\" \/>\n<meta name=\"twitter:label1\" content=\"Ansl. lesetid\" \/>\n\t<meta name=\"twitter:data1\" content=\"10 minutter\" \/>\n<script type=\"application\/ld+json\" class=\"yoast-schema-graph\">{\"@context\":\"https:\\\/\\\/schema.org\",\"@graph\":[{\"@type\":\"WebPage\",\"@id\":\"https:\\\/\\\/gambling6.com\\\/no\\\/skrapelodd-pa-nett-for-ekte-penger-er-det-verdt-a-spille\\\/\",\"url\":\"https:\\\/\\\/gambling6.com\\\/no\\\/skrapelodd-pa-nett-for-ekte-penger-er-det-verdt-a-spille\\\/\",\"name\":\"Skrapelodd p\u00e5 nett for ekte penger: Er det verdt \u00e5 spille? - Gambling6\",\"isPartOf\":{\"@id\":\"https:\\\/\\\/gambling6.com\\\/no\\\/#website\"},\"primaryImageOfPage\":{\"@id\":\"https:\\\/\\\/gambling6.com\\\/no\\\/skrapelodd-pa-nett-for-ekte-penger-er-det-verdt-a-spille\\\/#primaryimage\"},\"image\":{\"@id\":\"https:\\\/\\\/gambling6.com\\\/no\\\/skrapelodd-pa-nett-for-ekte-penger-er-det-verdt-a-spille\\\/#primaryimage\"},\"thumbnailUrl\":\"https:\\\/\\\/gambling6.com\\\/wp-content\\\/uploads\\\/2022\\\/07\\\/pexels-pavel-danilyuk-7594241-scaled.jpg\",\"datePublished\":\"2025-04-28T08:52:47+00:00\",\"dateModified\":\"2025-11-18T10:51:46+00:00\",\"breadcrumb\":{\"@id\":\"https:\\\/\\\/gambling6.com\\\/no\\\/skrapelodd-pa-nett-for-ekte-penger-er-det-verdt-a-spille\\\/#breadcrumb\"},\"inLanguage\":\"nb-NO\",\"potentialAction\":[{\"@type\":\"ReadAction\",\"target\":[\"https:\\\/\\\/gambling6.com\\\/no\\\/skrapelodd-pa-nett-for-ekte-penger-er-det-verdt-a-spille\\\/\"]}]},{\"@type\":\"ImageObject\",\"inLanguage\":\"nb-NO\",\"@id\":\"https:\\\/\\\/gambling6.com\\\/no\\\/skrapelodd-pa-nett-for-ekte-penger-er-det-verdt-a-spille\\\/#primaryimage\",\"url\":\"https:\\\/\\\/gambling6.com\\\/wp-content\\\/uploads\\\/2022\\\/07\\\/pexels-pavel-danilyuk-7594241-scaled.jpg\",\"contentUrl\":\"https:\\\/\\\/gambling6.com\\\/wp-content\\\/uploads\\\/2022\\\/07\\\/pexels-pavel-danilyuk-7594241-scaled.jpg\",\"width\":1709,\"height\":2560},{\"@type\":\"BreadcrumbList\",\"@id\":\"https:\\\/\\\/gambling6.com\\\/no\\\/skrapelodd-pa-nett-for-ekte-penger-er-det-verdt-a-spille\\\/#breadcrumb\",\"itemListElement\":[{\"@type\":\"ListItem\",\"position\":1,\"name\":\"Home\",\"item\":\"https:\\\/\\\/gambling6.com\\\/no\\\/home\\\/\"},{\"@type\":\"ListItem\",\"position\":2,\"name\":\"Skrapelodd p\u00e5 nett for ekte penger: Er det verdt \u00e5 spille?\"}]},{\"@type\":\"WebSite\",\"@id\":\"https:\\\/\\\/gambling6.com\\\/no\\\/#website\",\"url\":\"https:\\\/\\\/gambling6.com\\\/no\\\/\",\"name\":\"Gambling6\",\"description\":\"\",\"potentialAction\":[{\"@type\":\"SearchAction\",\"target\":{\"@type\":\"EntryPoint\",\"urlTemplate\":\"https:\\\/\\\/gambling6.com\\\/no\\\/?s={search_term_string}\"},\"query-input\":{\"@type\":\"PropertyValueSpecification\",\"valueRequired\":true,\"valueName\":\"search_term_string\"}}],\"inLanguage\":\"nb-NO\"}]}<\/script>\n<!-- \/ Yoast SEO plugin. -->","yoast_head_json":{"title":"Skrapelodd p\u00e5 nett for ekte penger: Er det verdt \u00e5 spille? - Gambling6","robots":{"index":"index","follow":"follow","max-snippet":"max-snippet:-1","max-image-preview":"max-image-preview:large","max-video-preview":"max-video-preview:-1"},"canonical":"https:\/\/gambling6.com\/no\/skrapelodd-pa-nett-for-ekte-penger-er-det-verdt-a-spille\/","og_locale":"nb_NO","og_type":"article","og_title":"Skrapelodd p\u00e5 nett for ekte penger: Er det verdt \u00e5 spille? - Gambling6","og_description":"I de senere \u00e5rene har skrapelodd p\u00e5 nett blitt stadig mer popul\u00e6re. De fleste liker \u00e5 spille lotto, men er det verdt \u00e5 spille skrapelodd p\u00e5 nett for ekte penger? Selv om det ikke finnes noen garantert m\u00e5te \u00e5 vinne p\u00e5, finnes det noen tips som kan bidra til \u00e5 forbedre sjansene dine. Dette innlegget [&hellip;]","og_url":"https:\/\/gambling6.com\/no\/skrapelodd-pa-nett-for-ekte-penger-er-det-verdt-a-spille\/","og_site_name":"Gambling6","article_modified_time":"2025-11-18T10:51:46+00:00","og_image":[{"width":1709,"height":2560,"url":"https:\/\/gambling6.com\/wp-content\/uploads\/2022\/07\/pexels-pavel-danilyuk-7594241-scaled.jpg","type":"image\/jpeg"}],"twitter_card":"summary_large_image","twitter_misc":{"Ansl. lesetid":"10 minutter"},"schema":{"@context":"https:\/\/schema.org","@graph":[{"@type":"WebPage","@id":"https:\/\/gambling6.com\/no\/skrapelodd-pa-nett-for-ekte-penger-er-det-verdt-a-spille\/","url":"https:\/\/gambling6.com\/no\/skrapelodd-pa-nett-for-ekte-penger-er-det-verdt-a-spille\/","name":"Skrapelodd p\u00e5 nett for ekte penger: Er det verdt \u00e5 spille? - Gambling6","isPartOf":{"@id":"https:\/\/gambling6.com\/no\/#website"},"primaryImageOfPage":{"@id":"https:\/\/gambling6.com\/no\/skrapelodd-pa-nett-for-ekte-penger-er-det-verdt-a-spille\/#primaryimage"},"image":{"@id":"https:\/\/gambling6.com\/no\/skrapelodd-pa-nett-for-ekte-penger-er-det-verdt-a-spille\/#primaryimage"},"thumbnailUrl":"https:\/\/gambling6.com\/wp-content\/uploads\/2022\/07\/pexels-pavel-danilyuk-7594241-scaled.jpg","datePublished":"2025-04-28T08:52:47+00:00","dateModified":"2025-11-18T10:51:46+00:00","breadcrumb":{"@id":"https:\/\/gambling6.com\/no\/skrapelodd-pa-nett-for-ekte-penger-er-det-verdt-a-spille\/#breadcrumb"},"inLanguage":"nb-NO","potentialAction":[{"@type":"ReadAction","target":["https:\/\/gambling6.com\/no\/skrapelodd-pa-nett-for-ekte-penger-er-det-verdt-a-spille\/"]}]},{"@type":"ImageObject","inLanguage":"nb-NO","@id":"https:\/\/gambling6.com\/no\/skrapelodd-pa-nett-for-ekte-penger-er-det-verdt-a-spille\/#primaryimage","url":"https:\/\/gambling6.com\/wp-content\/uploads\/2022\/07\/pexels-pavel-danilyuk-7594241-scaled.jpg","contentUrl":"https:\/\/gambling6.com\/wp-content\/uploads\/2022\/07\/pexels-pavel-danilyuk-7594241-scaled.jpg","width":1709,"height":2560},{"@type":"BreadcrumbList","@id":"https:\/\/gambling6.com\/no\/skrapelodd-pa-nett-for-ekte-penger-er-det-verdt-a-spille\/#breadcrumb","itemListElement":[{"@type":"ListItem","position":1,"name":"Home","item":"https:\/\/gambling6.com\/no\/home\/"},{"@type":"ListItem","position":2,"name":"Skrapelodd p\u00e5 nett for ekte penger: Er det verdt \u00e5 spille?"}]},{"@type":"WebSite","@id":"https:\/\/gambling6.com\/no\/#website","url":"https:\/\/gambling6.com\/no\/","name":"Gambling6","description":"","potentialAction":[{"@type":"SearchAction","target":{"@type":"EntryPoint","urlTemplate":"https:\/\/gambling6.com\/no\/?s={search_term_string}"},"query-input":{"@type":"PropertyValueSpecification","valueRequired":true,"valueName":"search_term_string"}}],"inLanguage":"nb-NO"}]}},"_links":{"self":[{"href":"https:\/\/gambling6.com\/no\/wp-json\/wp\/v2\/pages\/7081","targetHints":{"allow":["GET"]}}],"collection":[{"href":"https:\/\/gambling6.com\/no\/wp-json\/wp\/v2\/pages"}],"about":[{"href":"https:\/\/gambling6.com\/no\/wp-json\/wp\/v2\/types\/page"}],"author":[{"embeddable":true,"href":"https:\/\/gambling6.com\/no\/wp-json\/wp\/v2\/users\/1"}],"replies":[{"embeddable":true,"href":"https:\/\/gambling6.com\/no\/wp-json\/wp\/v2\/comments?post=7081"}],"version-history":[{"count":1,"href":"https:\/\/gambling6.com\/no\/wp-json\/wp\/v2\/pages\/7081\/revisions"}],"predecessor-version":[{"id":7083,"href":"https:\/\/gambling6.com\/no\/wp-json\/wp\/v2\/pages\/7081\/revisions\/7083"}],"wp:featuredmedia":[{"embeddable":true,"href":"https:\/\/gambling6.com\/no\/wp-json\/wp\/v2\/media\/7082"}],"wp:attachment":[{"href":"https:\/\/gambling6.com\/no\/wp-json\/wp\/v2\/media?parent=7081"}],"curies":[{"name":"wp","href":"https:\/\/api.w.org\/{rel}","templated":true}]}}