{"id":8132,"date":"2025-10-29T11:39:37","date_gmt":"2025-10-29T11:39:37","guid":{"rendered":"https:\/\/gambling6.com\/?page_id=8132"},"modified":"2025-10-29T11:39:37","modified_gmt":"2025-10-29T11:39:37","slug":"home","status":"publish","type":"page","link":"https:\/\/gambling6.com\/no\/","title":{"rendered":"Home"},"content":{"rendered":"<h1>Velkommen til Gambling6 \u2013 informasjon om alt du trenger \u00e5 vite om pengespill<\/h1>\n<p><img loading=\"lazy\" decoding=\"async\" class=\" wp-image-2679 alignright\" src=\"https:\/\/gambling6.com\/wp-content\/uploads\/2022\/04\/1_win_lottery_online1.jpg\" alt=\"online pengespill\" width=\"253\" height=\"168\" \/>For mange mennesker kan verden av online pengespill virke skremmende og noe de er motvillige til \u00e5 pr\u00f8ve. De liker kanskje pengespill generelt, men lurer p\u00e5 om online pengespillnettsteder er p\u00e5litelige. I dag er det imidlertid en av de enkleste m\u00e5tene \u00e5 nyte alle dine favorittcasinospill p\u00e5, selv om du ikke bor i n\u00e6rheten av et casino.<\/p>\n<p>Nettspillnettsteder har skapt en m\u00e5te for folk \u00e5 spille poker, blackjack, roulette, videopoker, spilleautomater, bingo, skrapelodd, satse p\u00e5 sportsbegivenheter, og n\u00e5 kan du til og med delta i noen av verdens store lotto-jackpotter online \u2013 uten \u00e5 m\u00e5tte forlate komforten i ditt eget hjem.<\/p>\n<p>Alle elsker kasinosider med raske utbetalinger, og hvis du liker \u00e5 spille, m\u00e5 du sjekke ut hva det handler om og se hvordan du kan komme i gang med de mange nettspillsidene som finnes. \u00c5 f\u00f8lge r\u00e5dene fra en nettspillressursside som v\u00e5r vil hjelpe deg med \u00e5 velge en god leverand\u00f8r og sikre at du f\u00e5r en flott opplevelse. Hvis du vil komme i gang med en gang, er dette mine personlige anbefalinger:<\/p>\n<h2>Beste allsidige spillside<\/h2>\n<p>Personlig liker jeg \u00e5 gj\u00f8re all min online gambling under ett tak, uten \u00e5 m\u00e5tte sette inn penger p\u00e5 forskjellige nettsteder. Derfor er min favorittside 888 \u2013 et flott online casino med de kuleste spilleautomatene jeg noensinne har sett og et utmerket online pokerrom. Utvalget av casinospill, inkludert blackjack, roulette og mer, etterlater ingenting \u00e5 \u00f8nske. Hvis du er ute etter en ekte bingo- eller skrapeloddopplevelse, finnes det ikke noe bedre enn 888.<\/p>\n<p>Derfor er 888 min favoritt blant allsidige nettsteder \u2013 et flott nettcasino med de kuleste spilleautomatene jeg noensinne har sett og et utmerket nettpokerrom. Utvalget av casinospill, inkludert blackjack, roulette og mer, etterlater ingenting \u00e5 \u00f8nske. Hvis du er ute etter en ekte bingo- eller skrapeloddopplevelse, finnes det ikke noe bedre enn 888.<\/p>\n<p>Og s\u00e5 er det sportsbetting-delen, som tilbyr et bredt utvalg av arrangementer \u00e5 satse p\u00e5 og de beste oddsen du finner p\u00e5 nettet. Du kan til og med satse p\u00e5 finansielle forhold, som store aksjeindekser og valutakurser! <a class=\"thirstylink\" title=\"888 casino en\" href=\"https:\/\/gambling6.com\/go\/888-casino-en\/\" target=\"_blank\" rel=\"nofollow noopener\">Bruk denne lenken for \u00e5 g\u00e5 til 888 i dag, s\u00e5 f\u00e5r du en bonus p\u00e5 opptil \u20ac 1500 p\u00e5 ditt f\u00f8rste innskudd.<\/a><\/p>\n<h2>Beste allsidige spillside for innbyggere i USA<\/h2>\n<p>Hvis du er bosatt i USA, er valgmulighetene dine begrenset, og noen av operat\u00f8rene som aksepterer amerikanske kunder er litt tvilsomme, s\u00e5 du m\u00e5 v\u00e6re forsiktig med hvem du velger.<\/p>\n<p>\u00c9n side skiller seg imidlertid ut fra mengden, og det er <a class=\"thirstylink\" title=\"Betonline casino en\" href=\"https:\/\/gambling6.com\/go\/betonline-casino-en\/\" target=\"_blank\" rel=\"nofollow noopener\">Betonline \u2013 her kan du spille online poker, casinospill, spilleautomater, roulette, blackjack og plassere sportsspill.<\/a> De aksepterer spillere fra USA, og det er flere m\u00e5ter du kan sette inn penger p\u00e5 kontoen din, samt ta ut gevinstene dine.<\/p>\n<h2>Gambling6 \u2013 de seks mest popul\u00e6re formene for online gambling<\/h2>\n<p>P\u00e5 Gambling6.com finner du informasjon om f\u00f8lgende:<\/p>\n<ul>\n<li>Casinospill, inkludert blackjack, roulette, craps, videopoker, spilleautomater osv.<\/li>\n<li>Poker i alle varianter<\/li>\n<li>Online bingo<\/li>\n<li>Online skrapelodd<\/li>\n<li>Sportsspill og spill p\u00e5 andre arrangementer<\/li>\n<li>Hvordan f\u00e5 tak i en lodd online til et hvilket som helst lotteri utenfor ditt eget bostedsland<\/li>\n<\/ul>\n<h2>Hva med litt lotterimoro og jackpotter i verdensklasse?<\/h2>\n<p>Anta at du er en lottofan, og at du ikke vil v\u00e6re begrenset til ditt lokale lotteri. I s\u00e5 fall har vi gode nyheter til deg: N\u00e5 kan du pr\u00f8ve lykken p\u00e5 alle lotto-jackpotter over hele verden \u2013 RedFoxLotto lar deg kj\u00f8pe lottobilletter online til verdens st\u00f8rste lotto-jackpotter, som Mega Millions, Powerball, El Gordo, EuroMillions og mange flere. <a href=\"https:\/\/redfoxlotto.com\/no\">Klikk her for \u00e5 sjekke hvilken lotto som har den st\u00f8rste jackpotten, og kj\u00f8p en billett p\u00e5 f\u00e5 sekunder!<\/a><\/p>\n<h2>Vanlige sp\u00f8rsm\u00e5l om nettcasino<\/h2>\n<p>Hvis du er ny i verden av nettcasinoer, har du sikkert sp\u00f8rsm\u00e5l om \u00e5 spille spill p\u00e5 nettet og hvordan det hele fungerer. Noen av sp\u00f8rsm\u00e5lene du har, er de samme som mange andre nye nettcasinospillere har. Disse sp\u00f8rsm\u00e5lene er besvart i denne FAQ-seksjonen og vil hjelpe deg i gang.<\/p>\n<h2>M\u00e5 jeg v\u00e6re en viss alder for \u00e5 spille p\u00e5 et nettcasino?<\/h2>\n<p>Hvert online casino setter sine egne regler og retningslinjer. De fleste av dem krever imidlertid at spillerne er 18 eller 21 \u00e5r for \u00e5 delta i casinospill med ekte penger.<\/p>\n<h2>M\u00e5 jeg laste ned noe p\u00e5 datamaskinen min for \u00e5 spille online casinospill?<\/h2>\n<p>Mange av online casinoene lar deg spille i \u00f8yeblikkelig spillmodus. N\u00e5r du velger \u00e5 benytte deg av \u00f8yeblikkelig spillmodus, trenger du ikke \u00e5 laste ned noen programvare p\u00e5 datamaskinen din.<\/p>\n<h2>Hvor vanskelig er det \u00e5 registrere seg p\u00e5 et nettcasino?<\/h2>\n<p>Prosessen er faktisk veldig enkel. Du m\u00e5 oppgi grunnleggende informasjon om deg selv og laste ned og installere programvaren hvis du planlegger \u00e5 spille spill som krever nedlasting. Hele prosessen tar bare noen f\u00e5 minutter.<\/p>\n<h2>M\u00e5 jeg sette inn penger med en gang?<\/h2>\n<p>De fleste casinoer lar deg pr\u00f8ve spillene deres uten \u00e5 sette inn penger. Noen gir deg gratisspinn eller lar deg spille gratis i en bestemt periode. Ofte kan du til og med beholde gevinstene dine i denne perioden hvis du setter inn ekte penger senere!<\/p>\n<h2>Hva er bonusene?<\/h2>\n<p>De fleste nettcasinoer bruker bonuser for \u00e5 lokke spillere til \u00e5 spille der og komme tilbake. Noen av bonusene er verdt hundrevis, eller til og med tusenvis av dollar. Oftest m\u00e5 du oppfylle bonusvilk\u00e5rene f\u00f8r du f\u00e5r tilgang til dem. Instruksjoner for \u00e5 frigj\u00f8re bonusen finner du p\u00e5 nettcasinoet som tilbyr bonusen.<\/p>\n<h2>Hvilke spill kan jeg spille p\u00e5 et nettcasino?<\/h2>\n<p>Hvert nettcasino tilbyr sitt eget utvalg av spill. Noen av de mest vanlige spillene er imidlertid videospilleautomater, spilleautomater, roulette, craps, blackjack, poker og til og med lotterier fra hele verden.<\/p>\n<h2>Hvor mye penger kan jeg egentlig vinne ved \u00e5 spille p\u00e5 et nettcasino?<\/h2>\n<p>F\u00f8rst og fremst er det ingen garanti for at du vinner noe som helst. Men det er mye penger \u00e5 vinne der ute. Du finner spilleautomater med jackpotter p\u00e5 millioner av dollar, pokerturneringer med 1 million dollar eller mer i garantert premiepenger osv. Faktisk har de fleste nettcasinoer bedre utbetalingsprosent enn landbaserte casinoer. Dette skyldes at de har lavere driftskostnader og har r\u00e5d til \u00e5 betale ut en h\u00f8yere andel av innsatsene.<\/p>\n","protected":false},"excerpt":{"rendered":"<p>Velkommen til Gambling6 \u2013 informasjon om alt du trenger \u00e5 vite om pengespill For mange mennesker kan verden av online pengespill virke skremmende og noe de er motvillige til \u00e5 pr\u00f8ve. De liker kanskje pengespill generelt, men lurer p\u00e5 om online pengespillnettsteder er p\u00e5litelige. I dag er det imidlertid en av de enkleste m\u00e5tene \u00e5 [&hellip;]<\/p>\n","protected":false},"author":1,"featured_media":0,"parent":0,"menu_order":1,"comment_status":"closed","ping_status":"closed","template":"","meta":{"footnotes":""},"class_list":["post-8132","page","type-page","status-publish","hentry"],"yoast_head":"<!-- This site is optimized with the Yoast SEO plugin v27.4 - https:\/\/yoast.com\/product\/yoast-seo-wordpress\/ -->\n<title>Beste online pengespill | Velkommen til Gambling6<\/title>\n<meta name=\"description\" content=\"Hvis du liker \u00e5 spille om penger, har v\u00e5r spillressursside all informasjonen du trenger om de 6 mest popul\u00e6re online spillene\" \/>\n<meta name=\"robots\" content=\"index, follow, max-snippet:-1, max-image-preview:large, max-video-preview:-1\" \/>\n<link rel=\"canonical\" href=\"https:\/\/gambling6.com\/no\/\" \/>\n<meta property=\"og:locale\" content=\"nb_NO\" \/>\n<meta property=\"og:type\" content=\"article\" \/>\n<meta property=\"og:title\" content=\"Beste online pengespill | Velkommen til Gambling6\" \/>\n<meta property=\"og:description\" content=\"Hvis du liker \u00e5 spille om penger, har v\u00e5r spillressursside all informasjonen du trenger om de 6 mest popul\u00e6re online spillene\" \/>\n<meta property=\"og:url\" content=\"https:\/\/gambling6.com\/no\/\" \/>\n<meta property=\"og:site_name\" content=\"Gambling6\" \/>\n<meta property=\"og:image\" content=\"https:\/\/gambling6.com\/wp-content\/uploads\/2022\/04\/1_win_lottery_online1.jpg\" \/>\n\t<meta property=\"og:image:width\" content=\"300\" \/>\n\t<meta property=\"og:image:height\" content=\"199\" \/>\n\t<meta property=\"og:image:type\" content=\"image\/jpeg\" \/>\n<meta name=\"twitter:card\" content=\"summary_large_image\" \/>\n<meta name=\"twitter:label1\" content=\"Ansl. lesetid\" \/>\n\t<meta name=\"twitter:data1\" content=\"5 minutter\" \/>\n<script type=\"application\/ld+json\" class=\"yoast-schema-graph\">{\"@context\":\"https:\\\/\\\/schema.org\",\"@graph\":[{\"@type\":\"WebPage\",\"@id\":\"https:\\\/\\\/gambling6.com\\\/no\\\/\",\"url\":\"https:\\\/\\\/gambling6.com\\\/no\\\/\",\"name\":\"Beste online pengespill | Velkommen til Gambling6\",\"isPartOf\":{\"@id\":\"https:\\\/\\\/gambling6.com\\\/no\\\/#website\"},\"primaryImageOfPage\":{\"@id\":\"https:\\\/\\\/gambling6.com\\\/no\\\/#primaryimage\"},\"image\":{\"@id\":\"https:\\\/\\\/gambling6.com\\\/no\\\/#primaryimage\"},\"thumbnailUrl\":\"https:\\\/\\\/gambling6.com\\\/wp-content\\\/uploads\\\/2022\\\/04\\\/1_win_lottery_online1.jpg\",\"datePublished\":\"2025-10-29T11:39:37+00:00\",\"description\":\"Hvis du liker \u00e5 spille om penger, har v\u00e5r spillressursside all informasjonen du trenger om de 6 mest popul\u00e6re online spillene\",\"breadcrumb\":{\"@id\":\"https:\\\/\\\/gambling6.com\\\/no\\\/#breadcrumb\"},\"inLanguage\":\"nb-NO\",\"potentialAction\":[{\"@type\":\"ReadAction\",\"target\":[\"https:\\\/\\\/gambling6.com\\\/no\\\/\"]}]},{\"@type\":\"ImageObject\",\"inLanguage\":\"nb-NO\",\"@id\":\"https:\\\/\\\/gambling6.com\\\/no\\\/#primaryimage\",\"url\":\"https:\\\/\\\/gambling6.com\\\/wp-content\\\/uploads\\\/2022\\\/04\\\/1_win_lottery_online1.jpg\",\"contentUrl\":\"https:\\\/\\\/gambling6.com\\\/wp-content\\\/uploads\\\/2022\\\/04\\\/1_win_lottery_online1.jpg\"},{\"@type\":\"BreadcrumbList\",\"@id\":\"https:\\\/\\\/gambling6.com\\\/no\\\/#breadcrumb\",\"itemListElement\":[{\"@type\":\"ListItem\",\"position\":1,\"name\":\"Home\",\"item\":\"https:\\\/\\\/gambling6.com\\\/no\\\/home\\\/\"},{\"@type\":\"ListItem\",\"position\":2,\"name\":\"Home\"}]},{\"@type\":\"WebSite\",\"@id\":\"https:\\\/\\\/gambling6.com\\\/no\\\/#website\",\"url\":\"https:\\\/\\\/gambling6.com\\\/no\\\/\",\"name\":\"Gambling6\",\"description\":\"\",\"potentialAction\":[{\"@type\":\"SearchAction\",\"target\":{\"@type\":\"EntryPoint\",\"urlTemplate\":\"https:\\\/\\\/gambling6.com\\\/no\\\/?s={search_term_string}\"},\"query-input\":{\"@type\":\"PropertyValueSpecification\",\"valueRequired\":true,\"valueName\":\"search_term_string\"}}],\"inLanguage\":\"nb-NO\"}]}<\/script>\n<!-- \/ Yoast SEO plugin. -->","yoast_head_json":{"title":"Beste online pengespill | Velkommen til Gambling6","description":"Hvis du liker \u00e5 spille om penger, har v\u00e5r spillressursside all informasjonen du trenger om de 6 mest popul\u00e6re online spillene","robots":{"index":"index","follow":"follow","max-snippet":"max-snippet:-1","max-image-preview":"max-image-preview:large","max-video-preview":"max-video-preview:-1"},"canonical":"https:\/\/gambling6.com\/no\/","og_locale":"nb_NO","og_type":"article","og_title":"Beste online pengespill | Velkommen til Gambling6","og_description":"Hvis du liker \u00e5 spille om penger, har v\u00e5r spillressursside all informasjonen du trenger om de 6 mest popul\u00e6re online spillene","og_url":"https:\/\/gambling6.com\/no\/","og_site_name":"Gambling6","og_image":[{"width":300,"height":199,"url":"https:\/\/gambling6.com\/wp-content\/uploads\/2022\/04\/1_win_lottery_online1.jpg","type":"image\/jpeg"}],"twitter_card":"summary_large_image","twitter_misc":{"Ansl. lesetid":"5 minutter"},"schema":{"@context":"https:\/\/schema.org","@graph":[{"@type":"WebPage","@id":"https:\/\/gambling6.com\/no\/","url":"https:\/\/gambling6.com\/no\/","name":"Beste online pengespill | Velkommen til Gambling6","isPartOf":{"@id":"https:\/\/gambling6.com\/no\/#website"},"primaryImageOfPage":{"@id":"https:\/\/gambling6.com\/no\/#primaryimage"},"image":{"@id":"https:\/\/gambling6.com\/no\/#primaryimage"},"thumbnailUrl":"https:\/\/gambling6.com\/wp-content\/uploads\/2022\/04\/1_win_lottery_online1.jpg","datePublished":"2025-10-29T11:39:37+00:00","description":"Hvis du liker \u00e5 spille om penger, har v\u00e5r spillressursside all informasjonen du trenger om de 6 mest popul\u00e6re online spillene","breadcrumb":{"@id":"https:\/\/gambling6.com\/no\/#breadcrumb"},"inLanguage":"nb-NO","potentialAction":[{"@type":"ReadAction","target":["https:\/\/gambling6.com\/no\/"]}]},{"@type":"ImageObject","inLanguage":"nb-NO","@id":"https:\/\/gambling6.com\/no\/#primaryimage","url":"https:\/\/gambling6.com\/wp-content\/uploads\/2022\/04\/1_win_lottery_online1.jpg","contentUrl":"https:\/\/gambling6.com\/wp-content\/uploads\/2022\/04\/1_win_lottery_online1.jpg"},{"@type":"BreadcrumbList","@id":"https:\/\/gambling6.com\/no\/#breadcrumb","itemListElement":[{"@type":"ListItem","position":1,"name":"Home","item":"https:\/\/gambling6.com\/no\/home\/"},{"@type":"ListItem","position":2,"name":"Home"}]},{"@type":"WebSite","@id":"https:\/\/gambling6.com\/no\/#website","url":"https:\/\/gambling6.com\/no\/","name":"Gambling6","description":"","potentialAction":[{"@type":"SearchAction","target":{"@type":"EntryPoint","urlTemplate":"https:\/\/gambling6.com\/no\/?s={search_term_string}"},"query-input":{"@type":"PropertyValueSpecification","valueRequired":true,"valueName":"search_term_string"}}],"inLanguage":"nb-NO"}]}},"_links":{"self":[{"href":"https:\/\/gambling6.com\/no\/wp-json\/wp\/v2\/pages\/8132","targetHints":{"allow":["GET"]}}],"collection":[{"href":"https:\/\/gambling6.com\/no\/wp-json\/wp\/v2\/pages"}],"about":[{"href":"https:\/\/gambling6.com\/no\/wp-json\/wp\/v2\/types\/page"}],"author":[{"embeddable":true,"href":"https:\/\/gambling6.com\/no\/wp-json\/wp\/v2\/users\/1"}],"replies":[{"embeddable":true,"href":"https:\/\/gambling6.com\/no\/wp-json\/wp\/v2\/comments?post=8132"}],"version-history":[{"count":1,"href":"https:\/\/gambling6.com\/no\/wp-json\/wp\/v2\/pages\/8132\/revisions"}],"predecessor-version":[{"id":8133,"href":"https:\/\/gambling6.com\/no\/wp-json\/wp\/v2\/pages\/8132\/revisions\/8133"}],"wp:attachment":[{"href":"https:\/\/gambling6.com\/no\/wp-json\/wp\/v2\/media?parent=8132"}],"curies":[{"name":"wp","href":"https:\/\/api.w.org\/{rel}","templated":true}]}}