{"id":8318,"date":"2025-11-07T09:57:04","date_gmt":"2025-11-07T09:57:04","guid":{"rendered":"https:\/\/gambling6.com\/kasino\/"},"modified":"2025-11-15T07:17:58","modified_gmt":"2025-11-15T07:17:58","slug":"kasino","status":"publish","type":"page","link":"https:\/\/gambling6.com\/no\/kasino\/","title":{"rendered":"Kasino"},"content":{"rendered":"<h2>Nettcasino-startguide<\/h2>\n<p>La oss innse det \u2013 nettcasino er kommet for \u00e5 bli. Med tanke p\u00e5 den \u00f8kende populariteten er det bekreftet at spillerne elsker det. \u00c5 spille p\u00e5 nett med ekte penger har gjort alle glade n\u00e5r de f\u00f8rst har begynt, og de ber om mer. Nesten hver dag bytter en stor mengde penger hender i disse kasinoene med ekte penger. Enten det er innskudd eller uttak, skjer alt i superraskt tempo via internett.<\/p>\n<p>Det er imidlertid her mange faktisk blir litt nerv\u00f8se. Snarere enn kort- eller spilleautomatkombinasjonene, er det betalingsalternativene og deres sikkerhet som plager spillerne. De kan heller ikke klandres. Internetttransaksjoner kan for\u00e5rsake mye hodebry hvis man ikke er forsiktig nok.<\/p>\n<p>Derfor gj\u00f8r mange nettcasinoer alt for \u00e5 overbevise kundene om at <strong>betalingsalternativene som tilbys p\u00e5 nettstedene deres er sikre og trygge.<\/strong> Det er virkelig en god id\u00e9 \u00e5 v\u00e6re forsiktig n\u00e5r det gjelder netttransaksjoner. Det siste du \u00f8nsker er at kredittkortopplysningene dine havner i feil hender. Internett har en god del hackere og svindlere, og det siste du \u00f8nsker er \u00e5 bli deres neste offer. Det beste du kan gj\u00f8re er \u00e5 \u00f8ke kunnskapen din om online betalingsm\u00e5ter og deres variasjon.<\/p>\n<p>Det finnes ganske mange betalingskanaler som tilbys av online casinoer, som er trygge \u00e5 bruke n\u00e5r du spiller online. \u00c5 betale med kreditt- eller debetkort er ganske vanlig i online casino-scenarier. Nesten alle casinoer aksepterer Visa og MasterCards og American Express-kort. Du kan bruke hvilket som helst av disse kortene til \u00e5 gjennomf\u00f8re transaksjoner.<\/p>\n<h2>Nett casinoer som aksepterer amerikanske kunder<\/h2>\n<p><img loading=\"lazy\" decoding=\"async\" class=\" wp-image-2901 alignright\" src=\"https:\/\/gambling6.com\/wp-content\/uploads\/2022\/04\/download-image2-300x190.jpg\" alt=\"download del casin\u00f2 online\" width=\"249\" height=\"158\" srcset=\"https:\/\/gambling6.com\/wp-content\/uploads\/2022\/04\/download-image2-300x190.jpg 300w, https:\/\/gambling6.com\/wp-content\/uploads\/2022\/04\/download-image2.jpg 435w\" sizes=\"auto, (max-width: 249px) 100vw, 249px\" \/>Hvis du er bosatt i USA, er alternativene dine n\u00e5r det gjelder online casinoer noe begrenset p\u00e5 grunn av amerikansk lovgivning. Det samme gjelder betalingsalternativer som er tilgjengelige for deg. Derfor b\u00f8r du som amerikansk innbygger se etter et casino med praktiske metoder for innskudd og uttak for \u00e5 komme i gang med pengespill p\u00e5 nett.<\/p>\n<p>Spesielt n\u00e5r det gjelder enkel betalingsbehandling, skiller BetOnline casino seg ut fra mengden, og det er derfor vi anbefaler dem p\u00e5 det sterkeste til amerikanske bes\u00f8kende. <a class=\"thirstylink\" title=\"Betonline casino en\" href=\"https:\/\/gambling6.com\/go\/betonline-casino-en\/\" target=\"_blank\" rel=\"nofollow noopener\"><strong>Klikk <\/strong><strong>her for \u00e5 bes\u00f8ke dem n\u00e5.<\/strong><\/a><\/p>\n<p>Selv om det kan virke som et selvsagt forslag, b\u00f8r du likevel s\u00f8rge for at du er klar over form\u00e5let med transaksjonen og stoler p\u00e5 nettstedet f\u00f8r du skriver inn kredittkortinformasjonen din. Du kan ogs\u00e5 g\u00e5 utover \u00e5 skrive inn kredittkortinformasjon ved \u00e5 velge online betalingsm\u00e5ter. Det finnes ganske mange online portaler som er dedikert til dette form\u00e5let. Det er sant at casinoer kan ha sine favorittnettsteder for online transaksjoner, men det er noen som er mer popul\u00e6re enn andre.<\/p>\n<p>Disse nettstedene for nettbaserte transaksjoner inkluderer Neteller, Money Transfer, eWalletXpress, PayPal, Instadebit og Moneybookers. Moneybookers er en metode som er ganske popul\u00e6r i europeiske land, inkludert Storbritannia. Denne funksjonen har gjort europeiske borgere til store fans av nettcasinoer.<\/p>\n<h2>Casinos som behandler betalinger via PayPal<\/h2>\n<p>Hvis du er kjent med PayPal, vil du ikke ha noe problem med \u00e5 bruke det til dine online spill\u00f8kter. Alt du trenger \u00e5 gj\u00f8re er \u00e5 registrere navnet ditt og koble kredittkortet ditt til kontoen. Denne betalingsm\u00e5ten aksepteres av de fleste casinoer og nettbaserte gamblingnettsteder. Hvis du vil v\u00e6re anonym n\u00e5r du spiller p\u00e5 nett, er eWalletXpress best egnet for deg. Bortsett fra sikkerhet og trygghet, hjelper dette nettstedet innskyterne med \u00e5 holde seg skjult. Det er en rask transaksjonsmetode som aksepteres av de fleste nettcasinoer.<\/p>\n<p>Takket v\u00e6re populariteten til nettbaserte transaksjoner, inkludert gambling p\u00e5 nett, har PayPal f\u00e5tt mye oppmerksomhet. Det ser ut til at det er et lite antall casinoer som stoler p\u00e5 dette nettstedet for sin sikre betalingsm\u00e5te.<\/p>\n<p>888 Casino tilbyr PayPal-alternativet til alle spillere bosatt i Storbritannia og Irland. Men hvis du er bosatt i Australia og \u00f8nsker \u00e5 spille p\u00e5 dette nettstedet, kan du gj\u00f8re transaksjonene dine via MasterCard. Bortsett fra de to landene nevnt ovenfor, er de andre europeiske landene som dekkes av dette online transaksjonssystemet Spania, Portugal, Italia, \u00d8sterrike, Finland, Sverige og Danmark.<\/p>\n<p>Akkurat n\u00e5 har 888 Casino til og med et flott tilbud for nye spillere: 100 % og opptil \u20ac1500,00 bonus p\u00e5 ditt f\u00f8rste innskudd for nye spillere! Dette kampanjetilbudet er kun for innbyggere i bestemte land.<a class=\"thirstylink\" title=\"888 casino en\" href=\"https:\/\/gambling6.com\/go\/888-casino-en\/\" target=\"_blank\" rel=\"nofollow noopener\"> Sjekk 888s nettsteder for mer informasjon.<\/a><\/p>\n<p>Kort fortalt har de fleste betalingsalternativer for alle spillere, uavhengig av hvor de bor.Amerikanske og australske statsborgere kan bruke Visa, MasterCard, Neteller og Moneybookers, mens de som bor i Europa kan bruke PayPal-systemet.<\/p>\n<p>888 Casino har en rekke spill, inkludert 3D-spill. Du kan plassere innsatsene dine med PayPal, MasterCard eller andre aksepterte betalingsm\u00e5ter. Alle disse betalingsm\u00e5tene er ganske trygge og sikre. Men som med mange andre nettcasinoer har ogs\u00e5 888casinos.com et minimumsinnskuddsbel\u00f8p du m\u00e5 overholde. Men bel\u00f8pet avhenger ofte av hvilken type betalingsalternativ du velger. Hvis du bruker MasterCard eller Visa-kort, m\u00e5 du betale $20, \u20ac20 eller \u00a320, avhengig av regionen du befinner deg i. Spillere som bruker Maestro-debetkort m\u00e5 imidlertid sette inn minst $10 eller \u20ac10. Hvis du bruker nettsteder som PayPal, MoneyBookers eller Neteller, vil minimumsbel\u00f8pet v\u00e6re $20.<\/p>\n<p>Som oftest kan bel\u00f8pet variere fra valuta til valuta, avhengig av valutakursen og andre gjeldende gebyrer. Derfor kan en spiller sette inn 10 pund via Neteller, mens en annen spiller ende opp med \u00e5 betale 20 dollar, som er det dobbelte av det forrige bel\u00f8pet. S\u00e5 n\u00e5r du foretar transaksjonene, er det bedre \u00e5 vite hvilken valuta du skal bruke i et bestemt casino.<\/p>\n<p>Konklusjonen er at n\u00e5r du spiller online med pengene dine p\u00e5 et nettcasino, er det bedre \u00e5 bruke en p\u00e5litelig betalingsm\u00e5te. P\u00e5 den m\u00e5ten slipper du \u00e5 angre senere. Tross alt er du der for \u00e5 ha det g\u00f8y og ikke ende opp som offer for svindel. S\u00e5 spill trygt og la hjulet spinne!<\/p>\n","protected":false},"excerpt":{"rendered":"<p>Nettcasino-startguide La oss innse det \u2013 nettcasino er kommet for \u00e5 bli. Med tanke p\u00e5 den \u00f8kende populariteten er det bekreftet at spillerne elsker det. \u00c5 spille p\u00e5 nett med ekte penger har gjort alle glade n\u00e5r de f\u00f8rst har begynt, og de ber om mer. Nesten hver dag bytter en stor mengde penger hender [&hellip;]<\/p>\n","protected":false},"author":1,"featured_media":0,"parent":0,"menu_order":2,"comment_status":"closed","ping_status":"closed","template":"","meta":{"footnotes":""},"class_list":["post-8318","page","type-page","status-publish","hentry"],"yoast_head":"<!-- This site is optimized with the Yoast SEO plugin v27.4 - https:\/\/yoast.com\/product\/yoast-seo-wordpress\/ -->\n<title>Kom i gang med pengespill p\u00e5 nett | Guide til nettkasinoer<\/title>\n<meta name=\"description\" content=\"La oss innse det \u2013 nettcasino er kommet for \u00e5 bli. Kom i gang n\u00e5 \u2013 v\u00e5r nettcasinoguide hjelper deg med \u00e5 velge de beste sidene for deg.\" \/>\n<meta name=\"robots\" content=\"index, follow, max-snippet:-1, max-image-preview:large, max-video-preview:-1\" \/>\n<link rel=\"canonical\" href=\"https:\/\/gambling6.com\/no\/kasino\/\" \/>\n<meta property=\"og:locale\" content=\"nb_NO\" \/>\n<meta property=\"og:type\" content=\"article\" \/>\n<meta property=\"og:title\" content=\"Kom i gang med pengespill p\u00e5 nett | Guide til nettkasinoer\" \/>\n<meta property=\"og:description\" content=\"La oss innse det \u2013 nettcasino er kommet for \u00e5 bli. Kom i gang n\u00e5 \u2013 v\u00e5r nettcasinoguide hjelper deg med \u00e5 velge de beste sidene for deg.\" \/>\n<meta property=\"og:url\" content=\"https:\/\/gambling6.com\/no\/kasino\/\" \/>\n<meta property=\"og:site_name\" content=\"Gambling6\" \/>\n<meta property=\"article:modified_time\" content=\"2025-11-15T07:17:58+00:00\" \/>\n<meta property=\"og:image\" content=\"https:\/\/gambling6.com\/wp-content\/uploads\/2022\/04\/download-image2.jpg\" \/>\n\t<meta property=\"og:image:width\" content=\"435\" \/>\n\t<meta property=\"og:image:height\" content=\"276\" \/>\n\t<meta property=\"og:image:type\" content=\"image\/jpeg\" \/>\n<meta name=\"twitter:card\" content=\"summary_large_image\" \/>\n<meta name=\"twitter:label1\" content=\"Ansl. lesetid\" \/>\n\t<meta name=\"twitter:data1\" content=\"5 minutter\" \/>\n<script type=\"application\/ld+json\" class=\"yoast-schema-graph\">{\"@context\":\"https:\\\/\\\/schema.org\",\"@graph\":[{\"@type\":\"WebPage\",\"@id\":\"https:\\\/\\\/gambling6.com\\\/no\\\/kasino\\\/\",\"url\":\"https:\\\/\\\/gambling6.com\\\/no\\\/kasino\\\/\",\"name\":\"Kom i gang med pengespill p\u00e5 nett | Guide til nettkasinoer\",\"isPartOf\":{\"@id\":\"https:\\\/\\\/gambling6.com\\\/no\\\/#website\"},\"primaryImageOfPage\":{\"@id\":\"https:\\\/\\\/gambling6.com\\\/no\\\/kasino\\\/#primaryimage\"},\"image\":{\"@id\":\"https:\\\/\\\/gambling6.com\\\/no\\\/kasino\\\/#primaryimage\"},\"thumbnailUrl\":\"https:\\\/\\\/gambling6.com\\\/wp-content\\\/uploads\\\/2022\\\/04\\\/download-image2-300x190.jpg\",\"datePublished\":\"2025-11-07T09:57:04+00:00\",\"dateModified\":\"2025-11-15T07:17:58+00:00\",\"description\":\"La oss innse det \u2013 nettcasino er kommet for \u00e5 bli. Kom i gang n\u00e5 \u2013 v\u00e5r nettcasinoguide hjelper deg med \u00e5 velge de beste sidene for deg.\",\"breadcrumb\":{\"@id\":\"https:\\\/\\\/gambling6.com\\\/no\\\/kasino\\\/#breadcrumb\"},\"inLanguage\":\"nb-NO\",\"potentialAction\":[{\"@type\":\"ReadAction\",\"target\":[\"https:\\\/\\\/gambling6.com\\\/no\\\/kasino\\\/\"]}]},{\"@type\":\"ImageObject\",\"inLanguage\":\"nb-NO\",\"@id\":\"https:\\\/\\\/gambling6.com\\\/no\\\/kasino\\\/#primaryimage\",\"url\":\"https:\\\/\\\/gambling6.com\\\/wp-content\\\/uploads\\\/2022\\\/04\\\/download-image2-300x190.jpg\",\"contentUrl\":\"https:\\\/\\\/gambling6.com\\\/wp-content\\\/uploads\\\/2022\\\/04\\\/download-image2-300x190.jpg\"},{\"@type\":\"BreadcrumbList\",\"@id\":\"https:\\\/\\\/gambling6.com\\\/no\\\/kasino\\\/#breadcrumb\",\"itemListElement\":[{\"@type\":\"ListItem\",\"position\":1,\"name\":\"Home\",\"item\":\"https:\\\/\\\/gambling6.com\\\/no\\\/home\\\/\"},{\"@type\":\"ListItem\",\"position\":2,\"name\":\"Kasino\"}]},{\"@type\":\"WebSite\",\"@id\":\"https:\\\/\\\/gambling6.com\\\/no\\\/#website\",\"url\":\"https:\\\/\\\/gambling6.com\\\/no\\\/\",\"name\":\"Gambling6\",\"description\":\"\",\"potentialAction\":[{\"@type\":\"SearchAction\",\"target\":{\"@type\":\"EntryPoint\",\"urlTemplate\":\"https:\\\/\\\/gambling6.com\\\/no\\\/?s={search_term_string}\"},\"query-input\":{\"@type\":\"PropertyValueSpecification\",\"valueRequired\":true,\"valueName\":\"search_term_string\"}}],\"inLanguage\":\"nb-NO\"}]}<\/script>\n<!-- \/ Yoast SEO plugin. -->","yoast_head_json":{"title":"Kom i gang med pengespill p\u00e5 nett | Guide til nettkasinoer","description":"La oss innse det \u2013 nettcasino er kommet for \u00e5 bli. Kom i gang n\u00e5 \u2013 v\u00e5r nettcasinoguide hjelper deg med \u00e5 velge de beste sidene for deg.","robots":{"index":"index","follow":"follow","max-snippet":"max-snippet:-1","max-image-preview":"max-image-preview:large","max-video-preview":"max-video-preview:-1"},"canonical":"https:\/\/gambling6.com\/no\/kasino\/","og_locale":"nb_NO","og_type":"article","og_title":"Kom i gang med pengespill p\u00e5 nett | Guide til nettkasinoer","og_description":"La oss innse det \u2013 nettcasino er kommet for \u00e5 bli. Kom i gang n\u00e5 \u2013 v\u00e5r nettcasinoguide hjelper deg med \u00e5 velge de beste sidene for deg.","og_url":"https:\/\/gambling6.com\/no\/kasino\/","og_site_name":"Gambling6","article_modified_time":"2025-11-15T07:17:58+00:00","og_image":[{"width":435,"height":276,"url":"https:\/\/gambling6.com\/wp-content\/uploads\/2022\/04\/download-image2.jpg","type":"image\/jpeg"}],"twitter_card":"summary_large_image","twitter_misc":{"Ansl. lesetid":"5 minutter"},"schema":{"@context":"https:\/\/schema.org","@graph":[{"@type":"WebPage","@id":"https:\/\/gambling6.com\/no\/kasino\/","url":"https:\/\/gambling6.com\/no\/kasino\/","name":"Kom i gang med pengespill p\u00e5 nett | Guide til nettkasinoer","isPartOf":{"@id":"https:\/\/gambling6.com\/no\/#website"},"primaryImageOfPage":{"@id":"https:\/\/gambling6.com\/no\/kasino\/#primaryimage"},"image":{"@id":"https:\/\/gambling6.com\/no\/kasino\/#primaryimage"},"thumbnailUrl":"https:\/\/gambling6.com\/wp-content\/uploads\/2022\/04\/download-image2-300x190.jpg","datePublished":"2025-11-07T09:57:04+00:00","dateModified":"2025-11-15T07:17:58+00:00","description":"La oss innse det \u2013 nettcasino er kommet for \u00e5 bli. Kom i gang n\u00e5 \u2013 v\u00e5r nettcasinoguide hjelper deg med \u00e5 velge de beste sidene for deg.","breadcrumb":{"@id":"https:\/\/gambling6.com\/no\/kasino\/#breadcrumb"},"inLanguage":"nb-NO","potentialAction":[{"@type":"ReadAction","target":["https:\/\/gambling6.com\/no\/kasino\/"]}]},{"@type":"ImageObject","inLanguage":"nb-NO","@id":"https:\/\/gambling6.com\/no\/kasino\/#primaryimage","url":"https:\/\/gambling6.com\/wp-content\/uploads\/2022\/04\/download-image2-300x190.jpg","contentUrl":"https:\/\/gambling6.com\/wp-content\/uploads\/2022\/04\/download-image2-300x190.jpg"},{"@type":"BreadcrumbList","@id":"https:\/\/gambling6.com\/no\/kasino\/#breadcrumb","itemListElement":[{"@type":"ListItem","position":1,"name":"Home","item":"https:\/\/gambling6.com\/no\/home\/"},{"@type":"ListItem","position":2,"name":"Kasino"}]},{"@type":"WebSite","@id":"https:\/\/gambling6.com\/no\/#website","url":"https:\/\/gambling6.com\/no\/","name":"Gambling6","description":"","potentialAction":[{"@type":"SearchAction","target":{"@type":"EntryPoint","urlTemplate":"https:\/\/gambling6.com\/no\/?s={search_term_string}"},"query-input":{"@type":"PropertyValueSpecification","valueRequired":true,"valueName":"search_term_string"}}],"inLanguage":"nb-NO"}]}},"_links":{"self":[{"href":"https:\/\/gambling6.com\/no\/wp-json\/wp\/v2\/pages\/8318","targetHints":{"allow":["GET"]}}],"collection":[{"href":"https:\/\/gambling6.com\/no\/wp-json\/wp\/v2\/pages"}],"about":[{"href":"https:\/\/gambling6.com\/no\/wp-json\/wp\/v2\/types\/page"}],"author":[{"embeddable":true,"href":"https:\/\/gambling6.com\/no\/wp-json\/wp\/v2\/users\/1"}],"replies":[{"embeddable":true,"href":"https:\/\/gambling6.com\/no\/wp-json\/wp\/v2\/comments?post=8318"}],"version-history":[{"count":2,"href":"https:\/\/gambling6.com\/no\/wp-json\/wp\/v2\/pages\/8318\/revisions"}],"predecessor-version":[{"id":10816,"href":"https:\/\/gambling6.com\/no\/wp-json\/wp\/v2\/pages\/8318\/revisions\/10816"}],"wp:attachment":[{"href":"https:\/\/gambling6.com\/no\/wp-json\/wp\/v2\/media?parent=8318"}],"curies":[{"name":"wp","href":"https:\/\/api.w.org\/{rel}","templated":true}]}}