{"id":8355,"date":"2025-11-07T12:21:49","date_gmt":"2025-11-07T12:21:49","guid":{"rendered":"https:\/\/gambling6.com\/kasino\/kasinoanmeldelser\/"},"modified":"2025-11-12T15:45:53","modified_gmt":"2025-11-12T15:45:53","slug":"kasinoanmeldelser","status":"publish","type":"page","link":"https:\/\/gambling6.com\/no\/kasino\/kasinoanmeldelser\/","title":{"rendered":"Kasinoanmeldelser"},"content":{"rendered":"<h2>Hjelper deg med \u00e5 velge det beste spillstedet via v\u00e5re anmeldelser<\/h2>\n<p>Kasinonettsteder er steder som tilbyr deg muligheten til \u00e5 plassere innsatser p\u00e5 kasinospill eller sport, eller veddem\u00e5l i et online pokerrom. Online gambling gir deg bekvemmeligheten av \u00e5 spille hjemmefra. Du kan nyte spenningen ved \u00e5 vedde p\u00e5 favorittsporten din uten \u00e5 forlate komforten av ditt eget hjem. Populariteten til online gambling har gitt opphav til mange online spillsider og kasinoer. Som alle andre bransjer har online gambling ogs\u00e5 skruppell\u00f8se operat\u00f8rer. Derfor er det avgj\u00f8rende \u00e5 velge det beste kasinonettstedet. <strong>\u00c5 sjekke ut v\u00e5re anmeldelser av casinonettsteder kan hjelpe deg med \u00e5 avgj\u00f8re om det er et p\u00e5litelig nettsted.<\/strong><\/p>\n<p><a href=\"https:\/\/ic.aff-handler.com\/C\/47965?sr=1064399&amp;anid=\" rel=\"nofollow\"><img loading=\"lazy\" decoding=\"async\" class=\"alignright\" src=\"https:\/\/ic.aff-handler.com\/I\/47965?sr=1064399&amp;anid=\" width=\"420\" height=\"84\" \/><\/a><\/p>\n<ul>\n<li><strong>Omd\u00f8mme<\/strong><\/li>\n<\/ul>\n<p>Casinonettstedenes omd\u00f8mme er det f\u00f8rste og viktigste du b\u00f8r se etter f\u00f8r du tar en avgj\u00f8relse. Siden du ikke kan inspisere casinoet fysisk, m\u00e5 du stole p\u00e5 omd\u00f8mmet for \u00e5 bestemme deg for om du vil spille der eller ikke. De beste casinonettstedene er de som har mange \u00e5rs erfaring i bransjen og har etablert et godt rykte for \u00e5 tilby utmerket kundeservice.<\/p>\n<ul>\n<li><strong>Lisens<\/strong><\/li>\n<\/ul>\n<p>P\u00e5litelige kasinonettsteder f\u00e5r de n\u00f8dvendige lisensene for \u00e5 drive virksomheten sin. Anerkjente spillkommisjoner eller registrerte spillmyndigheter i bestemte jurisdiksjoner gir lisenser til spillsidene, etter \u00e5 ha forsikret seg om at kasinonettstedet oppfyller visse standarder n\u00e5r det gjelder sikkerhet, rettferdig spillpolicy, utbetalinger og kundeservice. P\u00e5litelige spillsider viser denne lisensen tydelig, men en <strong>god kasinoanmeldelse b\u00f8r ogs\u00e5 fortelle deg hvor kasinoet er lisensiert<\/strong>. Det f\u00e5r ogs\u00e5 systemene og prosessene sine revidert av respektive organer og f\u00e5r sertifiseringer. Du kan se disse sertifiseringene p\u00e5 nettstedene deres. \u00c5 velge et spillnettsted som er lisensiert hjelper deg med \u00e5 nyte en trygg spillopplevelse.<\/p>\n<ul>\n<li><strong>Spillalternativer<\/strong><\/li>\n<\/ul>\n<p>Kasinonettstedet du \u00f8nsker \u00e5 velge m\u00e5 tilby et utvalg av spill, inkludert craps, rulett, blackjack, spilleautomater, videopoker og bordspill. Spillprogramvaren som brukes av kasinonettstedet hjelper deg med \u00e5 bed\u00f8mme kvaliteten p\u00e5 spillopplevelsen. Hvis du velger et kasinonettsted som tilbyr et bredt utvalg av spill, vil din online gamblingopplevelse bli mer behagelig.<\/p>\n<ul>\n<li><strong>Spillprogramvare<\/strong><\/li>\n<\/ul>\n<p>De beste nettgamblingnettstedene bruker den mest robuste spillprogramvaren som gir deg et milj\u00f8 som f\u00e5r deg til \u00e5 f\u00f8le at du er i et ekte kasino. Den tilbyr grafikk og lyd av h\u00f8yeste kvalitet. Den er brukervennlig, slik at du enkelt kan laste ned, installere og bruke den.<\/p>\n<ul>\n<li><strong>Innskudds- og uttaksalternativer<\/strong><\/li>\n<\/ul>\n<p>Det er viktig \u00e5 lese anmeldelser av innskudds- og uttaksalternativene som tilbys av nettkasinoet. Alternativene b\u00f8r passe dine behov. I dag \u00f8nsker mange spillere mer sikkerhet n\u00e5r de spiller p\u00e5 nettkasinoer, s\u00e5 de \u00f8nsker mer enn ett innskuddsalternativ. Det beste gamblingnettstedet tilbyr forskjellige alternativer, for eksempel kredittkort, bankoverf\u00f8ringer, e-lommeb\u00f8ker som Neteller og PayPal, og kort som Ukash og Paysafecard, og til og med kryptovalutabetalinger. V\u00e5re kasinoanmeldelsessider gir informasjon om du kan forvente raske og problemfrie innskudd og uttak. Casinoet b\u00f8r gj\u00f8re en innsats for \u00e5 beskytte din \u00f8konomiske og personlige informasjon ved \u00e5 gj\u00f8re transaksjoner via sikre servere.<\/p>\n<ul>\n<li><strong>Kundesupport<\/strong><\/li>\n<\/ul>\n<p><span style=\"background-color: transparent;\">Kundesupport er en av de viktigste tingene \u00e5 vurdere f\u00f8r du velger et <\/span><strong style=\"background-color: transparent;\">casinonettsted.<\/strong><span style=\"background-color: transparent;\"> Det beste nettstedet tilbyr vennlig kundesupport via telefon, e-post og live chat d\u00f8gnet rundt.<\/span><\/p>\n<p>Hvis du er i tvil, b\u00f8r du bare velge et markedsledende casino som 888 Casino \u2013 de har dekket all gambling for deg. <a class=\"thirstylink\" title=\"888 casino en\" href=\"https:\/\/gambling6.com\/go\/888-casino-en\/\" target=\"_blank\" rel=\"nofollow noopener\">Klikk her for \u00e5 bes\u00f8ke 888 i dag.<\/a><\/p>\n","protected":false},"excerpt":{"rendered":"<p>Hjelper deg med \u00e5 velge det beste spillstedet via v\u00e5re anmeldelser Kasinonettsteder er steder som tilbyr deg muligheten til \u00e5 plassere innsatser p\u00e5 kasinospill eller sport, eller veddem\u00e5l i et online pokerrom. Online gambling gir deg bekvemmeligheten av \u00e5 spille hjemmefra. Du kan nyte spenningen ved \u00e5 vedde p\u00e5 favorittsporten din uten \u00e5 forlate komforten [&hellip;]<\/p>\n","protected":false},"author":1,"featured_media":0,"parent":8318,"menu_order":0,"comment_status":"closed","ping_status":"closed","template":"","meta":{"footnotes":""},"class_list":["post-8355","page","type-page","status-publish","hentry"],"yoast_head":"<!-- This site is optimized with the Yoast SEO plugin v27.4 - https:\/\/yoast.com\/product\/yoast-seo-wordpress\/ -->\n<title>Anmeldelser og tester for anbefalte nettsider for nettcasinoer<\/title>\n<meta name=\"description\" content=\"V\u00e5re anmeldelser av casinonettsteder gir deg en id\u00e9 om hva du b\u00f8r se etter n\u00e5r du s\u00f8ker etter de beste casinosidene p\u00e5 nett.\" \/>\n<meta name=\"robots\" content=\"index, follow, max-snippet:-1, max-image-preview:large, max-video-preview:-1\" \/>\n<link rel=\"canonical\" href=\"https:\/\/gambling6.com\/no\/kasino\/kasinoanmeldelser\/\" \/>\n<meta property=\"og:locale\" content=\"nb_NO\" \/>\n<meta property=\"og:type\" content=\"article\" \/>\n<meta property=\"og:title\" content=\"Anmeldelser og tester for anbefalte nettsider for nettcasinoer\" \/>\n<meta property=\"og:description\" content=\"V\u00e5re anmeldelser av casinonettsteder gir deg en id\u00e9 om hva du b\u00f8r se etter n\u00e5r du s\u00f8ker etter de beste casinosidene p\u00e5 nett.\" \/>\n<meta property=\"og:url\" content=\"https:\/\/gambling6.com\/no\/kasino\/kasinoanmeldelser\/\" \/>\n<meta property=\"og:site_name\" content=\"Gambling6\" \/>\n<meta property=\"article:modified_time\" content=\"2025-11-12T15:45:53+00:00\" \/>\n<meta property=\"og:image\" content=\"https:\/\/ic.aff-handler.com\/I\/47965?sr=1064399&amp;anid=\" \/>\n<meta name=\"twitter:card\" content=\"summary_large_image\" \/>\n<meta name=\"twitter:label1\" content=\"Ansl. lesetid\" \/>\n\t<meta name=\"twitter:data1\" content=\"3 minutter\" \/>\n<script type=\"application\/ld+json\" class=\"yoast-schema-graph\">{\"@context\":\"https:\\\/\\\/schema.org\",\"@graph\":[{\"@type\":\"WebPage\",\"@id\":\"https:\\\/\\\/gambling6.com\\\/no\\\/kasino\\\/kasinoanmeldelser\\\/\",\"url\":\"https:\\\/\\\/gambling6.com\\\/no\\\/kasino\\\/kasinoanmeldelser\\\/\",\"name\":\"Anmeldelser og tester for anbefalte nettsider for nettcasinoer\",\"isPartOf\":{\"@id\":\"https:\\\/\\\/gambling6.com\\\/no\\\/#website\"},\"primaryImageOfPage\":{\"@id\":\"https:\\\/\\\/gambling6.com\\\/no\\\/kasino\\\/kasinoanmeldelser\\\/#primaryimage\"},\"image\":{\"@id\":\"https:\\\/\\\/gambling6.com\\\/no\\\/kasino\\\/kasinoanmeldelser\\\/#primaryimage\"},\"thumbnailUrl\":\"https:\\\/\\\/ic.aff-handler.com\\\/I\\\/47965?sr=1064399&amp;anid=\",\"datePublished\":\"2025-11-07T12:21:49+00:00\",\"dateModified\":\"2025-11-12T15:45:53+00:00\",\"description\":\"V\u00e5re anmeldelser av casinonettsteder gir deg en id\u00e9 om hva du b\u00f8r se etter n\u00e5r du s\u00f8ker etter de beste casinosidene p\u00e5 nett.\",\"breadcrumb\":{\"@id\":\"https:\\\/\\\/gambling6.com\\\/no\\\/kasino\\\/kasinoanmeldelser\\\/#breadcrumb\"},\"inLanguage\":\"nb-NO\",\"potentialAction\":[{\"@type\":\"ReadAction\",\"target\":[\"https:\\\/\\\/gambling6.com\\\/no\\\/kasino\\\/kasinoanmeldelser\\\/\"]}]},{\"@type\":\"ImageObject\",\"inLanguage\":\"nb-NO\",\"@id\":\"https:\\\/\\\/gambling6.com\\\/no\\\/kasino\\\/kasinoanmeldelser\\\/#primaryimage\",\"url\":\"https:\\\/\\\/ic.aff-handler.com\\\/I\\\/47965?sr=1064399&amp;anid=\",\"contentUrl\":\"https:\\\/\\\/ic.aff-handler.com\\\/I\\\/47965?sr=1064399&amp;anid=\"},{\"@type\":\"BreadcrumbList\",\"@id\":\"https:\\\/\\\/gambling6.com\\\/no\\\/kasino\\\/kasinoanmeldelser\\\/#breadcrumb\",\"itemListElement\":[{\"@type\":\"ListItem\",\"position\":1,\"name\":\"Home\",\"item\":\"https:\\\/\\\/gambling6.com\\\/no\\\/home\\\/\"},{\"@type\":\"ListItem\",\"position\":2,\"name\":\"Kasino\",\"item\":\"https:\\\/\\\/gambling6.com\\\/no\\\/kasino\\\/\"},{\"@type\":\"ListItem\",\"position\":3,\"name\":\"Kasinoanmeldelser\"}]},{\"@type\":\"WebSite\",\"@id\":\"https:\\\/\\\/gambling6.com\\\/no\\\/#website\",\"url\":\"https:\\\/\\\/gambling6.com\\\/no\\\/\",\"name\":\"Gambling6\",\"description\":\"\",\"potentialAction\":[{\"@type\":\"SearchAction\",\"target\":{\"@type\":\"EntryPoint\",\"urlTemplate\":\"https:\\\/\\\/gambling6.com\\\/no\\\/?s={search_term_string}\"},\"query-input\":{\"@type\":\"PropertyValueSpecification\",\"valueRequired\":true,\"valueName\":\"search_term_string\"}}],\"inLanguage\":\"nb-NO\"}]}<\/script>\n<!-- \/ Yoast SEO plugin. -->","yoast_head_json":{"title":"Anmeldelser og tester for anbefalte nettsider for nettcasinoer","description":"V\u00e5re anmeldelser av casinonettsteder gir deg en id\u00e9 om hva du b\u00f8r se etter n\u00e5r du s\u00f8ker etter de beste casinosidene p\u00e5 nett.","robots":{"index":"index","follow":"follow","max-snippet":"max-snippet:-1","max-image-preview":"max-image-preview:large","max-video-preview":"max-video-preview:-1"},"canonical":"https:\/\/gambling6.com\/no\/kasino\/kasinoanmeldelser\/","og_locale":"nb_NO","og_type":"article","og_title":"Anmeldelser og tester for anbefalte nettsider for nettcasinoer","og_description":"V\u00e5re anmeldelser av casinonettsteder gir deg en id\u00e9 om hva du b\u00f8r se etter n\u00e5r du s\u00f8ker etter de beste casinosidene p\u00e5 nett.","og_url":"https:\/\/gambling6.com\/no\/kasino\/kasinoanmeldelser\/","og_site_name":"Gambling6","article_modified_time":"2025-11-12T15:45:53+00:00","og_image":[{"url":"https:\/\/ic.aff-handler.com\/I\/47965?sr=1064399&amp;anid=","type":"","width":"","height":""}],"twitter_card":"summary_large_image","twitter_misc":{"Ansl. lesetid":"3 minutter"},"schema":{"@context":"https:\/\/schema.org","@graph":[{"@type":"WebPage","@id":"https:\/\/gambling6.com\/no\/kasino\/kasinoanmeldelser\/","url":"https:\/\/gambling6.com\/no\/kasino\/kasinoanmeldelser\/","name":"Anmeldelser og tester for anbefalte nettsider for nettcasinoer","isPartOf":{"@id":"https:\/\/gambling6.com\/no\/#website"},"primaryImageOfPage":{"@id":"https:\/\/gambling6.com\/no\/kasino\/kasinoanmeldelser\/#primaryimage"},"image":{"@id":"https:\/\/gambling6.com\/no\/kasino\/kasinoanmeldelser\/#primaryimage"},"thumbnailUrl":"https:\/\/ic.aff-handler.com\/I\/47965?sr=1064399&amp;anid=","datePublished":"2025-11-07T12:21:49+00:00","dateModified":"2025-11-12T15:45:53+00:00","description":"V\u00e5re anmeldelser av casinonettsteder gir deg en id\u00e9 om hva du b\u00f8r se etter n\u00e5r du s\u00f8ker etter de beste casinosidene p\u00e5 nett.","breadcrumb":{"@id":"https:\/\/gambling6.com\/no\/kasino\/kasinoanmeldelser\/#breadcrumb"},"inLanguage":"nb-NO","potentialAction":[{"@type":"ReadAction","target":["https:\/\/gambling6.com\/no\/kasino\/kasinoanmeldelser\/"]}]},{"@type":"ImageObject","inLanguage":"nb-NO","@id":"https:\/\/gambling6.com\/no\/kasino\/kasinoanmeldelser\/#primaryimage","url":"https:\/\/ic.aff-handler.com\/I\/47965?sr=1064399&amp;anid=","contentUrl":"https:\/\/ic.aff-handler.com\/I\/47965?sr=1064399&amp;anid="},{"@type":"BreadcrumbList","@id":"https:\/\/gambling6.com\/no\/kasino\/kasinoanmeldelser\/#breadcrumb","itemListElement":[{"@type":"ListItem","position":1,"name":"Home","item":"https:\/\/gambling6.com\/no\/home\/"},{"@type":"ListItem","position":2,"name":"Kasino","item":"https:\/\/gambling6.com\/no\/kasino\/"},{"@type":"ListItem","position":3,"name":"Kasinoanmeldelser"}]},{"@type":"WebSite","@id":"https:\/\/gambling6.com\/no\/#website","url":"https:\/\/gambling6.com\/no\/","name":"Gambling6","description":"","potentialAction":[{"@type":"SearchAction","target":{"@type":"EntryPoint","urlTemplate":"https:\/\/gambling6.com\/no\/?s={search_term_string}"},"query-input":{"@type":"PropertyValueSpecification","valueRequired":true,"valueName":"search_term_string"}}],"inLanguage":"nb-NO"}]}},"_links":{"self":[{"href":"https:\/\/gambling6.com\/no\/wp-json\/wp\/v2\/pages\/8355","targetHints":{"allow":["GET"]}}],"collection":[{"href":"https:\/\/gambling6.com\/no\/wp-json\/wp\/v2\/pages"}],"about":[{"href":"https:\/\/gambling6.com\/no\/wp-json\/wp\/v2\/types\/page"}],"author":[{"embeddable":true,"href":"https:\/\/gambling6.com\/no\/wp-json\/wp\/v2\/users\/1"}],"replies":[{"embeddable":true,"href":"https:\/\/gambling6.com\/no\/wp-json\/wp\/v2\/comments?post=8355"}],"version-history":[{"count":1,"href":"https:\/\/gambling6.com\/no\/wp-json\/wp\/v2\/pages\/8355\/revisions"}],"predecessor-version":[{"id":10376,"href":"https:\/\/gambling6.com\/no\/wp-json\/wp\/v2\/pages\/8355\/revisions\/10376"}],"up":[{"embeddable":true,"href":"https:\/\/gambling6.com\/no\/wp-json\/wp\/v2\/pages\/8318"}],"wp:attachment":[{"href":"https:\/\/gambling6.com\/no\/wp-json\/wp\/v2\/media?parent=8355"}],"curies":[{"name":"wp","href":"https:\/\/api.w.org\/{rel}","templated":true}]}}