{"id":8379,"date":"2025-11-07T13:38:55","date_gmt":"2025-11-07T13:38:55","guid":{"rendered":"https:\/\/gambling6.com\/kasino\/nettkasinoer-vs-landbaserte-kasinoer\/"},"modified":"2025-11-07T13:38:55","modified_gmt":"2025-11-07T13:38:55","slug":"nettkasinoer-vs-landbaserte-kasinoer","status":"publish","type":"page","link":"https:\/\/gambling6.com\/no\/kasino\/nettkasinoer-vs-landbaserte-kasinoer\/","title":{"rendered":"Nettkasinoer vs. landbaserte kasinoer"},"content":{"rendered":"<h2>Live- eller nettkasinoer<\/h2>\n<h3>Hver type har noe spillerne liker<\/h3>\n<p><img loading=\"lazy\" decoding=\"async\" class=\" wp-image-332 alignright\" src=\"https:\/\/gambling6.com\/wp-content\/uploads\/2013\/12\/phil_ivey-247x300.jpg\" alt=\"live casino\" width=\"175\" height=\"213\" srcset=\"https:\/\/gambling6.com\/wp-content\/uploads\/2013\/12\/phil_ivey-247x300.jpg 247w, https:\/\/gambling6.com\/wp-content\/uploads\/2013\/12\/phil_ivey.jpg 250w\" sizes=\"auto, (max-width: 175px) 100vw, 175px\" \/>Kasinospillere b\u00f8r spille favorittspillene sine p\u00e5 en m\u00e5te som f\u00f8les komfortabel for dem og passer deres personlighet. Noen spillere vil alltid foretrekke \u00e5 spille i landbaserte kasinoer fordi de liker atmosf\u00e6ren. De liker \u00e5 leke med de andre spillerne, folkemengdene og st\u00f8yen.<\/p>\n<p>Andre kasinospillere liker imidlertid ideen om \u00e5 spille i et rolig, avslappende milj\u00f8 hvor de har full kontroll. Disse spillerne har en tendens til \u00e5 heller mot nettkasinoer. Uansett hvordan en spiller \u00f8nsker \u00e5 nyte spillene sine, finnes det noe der ute, enten det er landbaserte eller nettkasinoer.<\/p>\n<h3>Her er de betydelige forskjellene mellom nettcasinoer og landbaserte casinoer:<\/h3>\n<ul>\n<li>Nettcasinoer og landbaserte casinoer befinner seg \u00e5penbart i helt forskjellige omgivelser. Et landbasert casino er et casino der spillerne kan f\u00f8le seg og v\u00e6re fysisk en del av det. Nettcasinoer spilles p\u00e5 internett, noe som betyr at spillere kan spille spillene de vil fra hvor de vil. Dette stedet kan v\u00e6re hjemme, p\u00e5 kontoret eller hvor som helst s\u00e5 lenge de kan koble seg til nettet.<\/li>\n<li>Landbaserte casinoer vil ha spillerklubber som lar spillere tjene bel\u00f8nninger. Bel\u00f8nningene vil variere avhengig av casinoet. Nettgamblingnettsteder har ogs\u00e5 sin versjon av disse klubbene, som kalles VIP-programmer. Imidlertid synes mange casinospillere at nettcasinoer har en tendens til \u00e5 v\u00e6re mer gener\u00f8se fordi de ikke har samme utgifter som landbaserte casinoer.<\/li>\n<li>Selv om landbaserte casinoer tilbyr spillere muligheten til \u00e5 spille omtrent hvilket som helst casinospill de vil, vil spillere fortsatt ha tider der de ikke vil g\u00e5 gjennom et helt casino for \u00e5 g\u00e5 fra spill til spill. De vil ogs\u00e5 finne tidspunkter der de \u00f8nsker \u00e5 spille et bestemt spill, men det vil ikke v\u00e6re et ledig sete. Nettkasinoer lar imidlertid spillere spille spillene de vil n\u00e5r som helst, uten \u00e5 g\u00e5 eller vente p\u00e5 et sete.<\/li>\n<li>Landbaserte kasinoer kan v\u00e6re skremmende for nye spillere, og de mangler ofte gratis ressurser som kan hjelpe dem med \u00e5 l\u00e6re spillene og ulike strategier. Nettkasinoer lar spillere spille i en setting de kanskje f\u00f8ler seg mindre skremt av, og de tilbyr et vell av gratis innhold for \u00e5 veilede dem gjennom ulike aspekter ved \u00e5 spille kasinospill p\u00e5 nett.<\/li>\n<\/ul>\n<p>Alle som tror at nettkasinoer kan v\u00e6re noe for dem, vil \u00f8nske \u00e5 starte med \u00e5 l\u00e6re alt de kan om Microgaming-drevne kasinoer. Det beste av disse er utvilsomt 888 Casino, som du kan bes\u00f8ke ved \u00e5 klikke p\u00e5 banneret nedenfor.<br \/>\n<a href=\"https:\/\/ic.aff-handler.com\/C\/45871?sr=1064399&amp;anid=\" rel=\"nofollow\"><img loading=\"lazy\" decoding=\"async\" class=\"aligncenter\" src=\"https:\/\/ic.aff-handler.com\/I\/45871?sr=1064399&amp;anid=\" width=\"725\" height=\"93\" \/><\/a><br \/>\nHvis du er bosatt i USA, er BetOnline det beste alternativet for generelle kasinospill eller for online poker.<br \/>\n<img loading=\"lazy\" decoding=\"async\" class=\" wp-image-7875 aligncenter\" src=\"https:\/\/gambling6.com\/wp-content\/uploads\/2025\/10\/BOL_AQC_banner_468x60_FS1_casino-300x38.gif\" alt=\"BetOnline casino\" width=\"694\" height=\"88\" \/><\/p>\n","protected":false},"excerpt":{"rendered":"<p>Live- eller nettkasinoer Hver type har noe spillerne liker Kasinospillere b\u00f8r spille favorittspillene sine p\u00e5 en m\u00e5te som f\u00f8les komfortabel for dem og passer deres personlighet. Noen spillere vil alltid foretrekke \u00e5 spille i landbaserte kasinoer fordi de liker atmosf\u00e6ren. De liker \u00e5 leke med de andre spillerne, folkemengdene og st\u00f8yen. Andre kasinospillere liker imidlertid [&hellip;]<\/p>\n","protected":false},"author":1,"featured_media":0,"parent":8318,"menu_order":28,"comment_status":"closed","ping_status":"closed","template":"","meta":{"footnotes":""},"class_list":["post-8379","page","type-page","status-publish","hentry"],"yoast_head":"<!-- This site is optimized with the Yoast SEO plugin v27.5 - https:\/\/yoast.com\/product\/yoast-seo-wordpress\/ -->\n<title>Sammenligning av landbaserte og nettbaserte kasinoer<\/title>\n<meta name=\"description\" content=\"B\u00e5de nettcasinoer og landbaserte casinoer gir spillerne en flott tid og mange muligheter.\" \/>\n<meta name=\"robots\" content=\"index, follow, max-snippet:-1, max-image-preview:large, max-video-preview:-1\" \/>\n<link rel=\"canonical\" href=\"https:\/\/gambling6.com\/no\/kasino\/nettkasinoer-vs-landbaserte-kasinoer\/\" \/>\n<meta property=\"og:locale\" content=\"nb_NO\" \/>\n<meta property=\"og:type\" content=\"article\" \/>\n<meta property=\"og:title\" content=\"Sammenligning av landbaserte og nettbaserte kasinoer\" \/>\n<meta property=\"og:description\" content=\"B\u00e5de nettcasinoer og landbaserte casinoer gir spillerne en flott tid og mange muligheter.\" \/>\n<meta property=\"og:url\" content=\"https:\/\/gambling6.com\/no\/kasino\/nettkasinoer-vs-landbaserte-kasinoer\/\" \/>\n<meta property=\"og:site_name\" content=\"Gambling6\" \/>\n<meta property=\"og:image\" content=\"https:\/\/gambling6.com\/wp-content\/uploads\/2013\/12\/phil_ivey.jpg\" \/>\n\t<meta property=\"og:image:width\" content=\"250\" \/>\n\t<meta property=\"og:image:height\" content=\"304\" \/>\n\t<meta property=\"og:image:type\" content=\"image\/jpeg\" \/>\n<meta name=\"twitter:card\" content=\"summary_large_image\" \/>\n<meta name=\"twitter:label1\" content=\"Ansl. lesetid\" \/>\n\t<meta name=\"twitter:data1\" content=\"2 minutter\" \/>\n<script type=\"application\/ld+json\" class=\"yoast-schema-graph\">{\"@context\":\"https:\\\/\\\/schema.org\",\"@graph\":[{\"@type\":\"WebPage\",\"@id\":\"https:\\\/\\\/gambling6.com\\\/no\\\/kasino\\\/nettkasinoer-vs-landbaserte-kasinoer\\\/\",\"url\":\"https:\\\/\\\/gambling6.com\\\/no\\\/kasino\\\/nettkasinoer-vs-landbaserte-kasinoer\\\/\",\"name\":\"Sammenligning av landbaserte og nettbaserte kasinoer\",\"isPartOf\":{\"@id\":\"https:\\\/\\\/gambling6.com\\\/no\\\/#website\"},\"primaryImageOfPage\":{\"@id\":\"https:\\\/\\\/gambling6.com\\\/no\\\/kasino\\\/nettkasinoer-vs-landbaserte-kasinoer\\\/#primaryimage\"},\"image\":{\"@id\":\"https:\\\/\\\/gambling6.com\\\/no\\\/kasino\\\/nettkasinoer-vs-landbaserte-kasinoer\\\/#primaryimage\"},\"thumbnailUrl\":\"https:\\\/\\\/gambling6.com\\\/wp-content\\\/uploads\\\/2013\\\/12\\\/phil_ivey-247x300.jpg\",\"datePublished\":\"2025-11-07T13:38:55+00:00\",\"description\":\"B\u00e5de nettcasinoer og landbaserte casinoer gir spillerne en flott tid og mange muligheter.\",\"breadcrumb\":{\"@id\":\"https:\\\/\\\/gambling6.com\\\/no\\\/kasino\\\/nettkasinoer-vs-landbaserte-kasinoer\\\/#breadcrumb\"},\"inLanguage\":\"nb-NO\",\"potentialAction\":[{\"@type\":\"ReadAction\",\"target\":[\"https:\\\/\\\/gambling6.com\\\/no\\\/kasino\\\/nettkasinoer-vs-landbaserte-kasinoer\\\/\"]}]},{\"@type\":\"ImageObject\",\"inLanguage\":\"nb-NO\",\"@id\":\"https:\\\/\\\/gambling6.com\\\/no\\\/kasino\\\/nettkasinoer-vs-landbaserte-kasinoer\\\/#primaryimage\",\"url\":\"https:\\\/\\\/gambling6.com\\\/wp-content\\\/uploads\\\/2013\\\/12\\\/phil_ivey-247x300.jpg\",\"contentUrl\":\"https:\\\/\\\/gambling6.com\\\/wp-content\\\/uploads\\\/2013\\\/12\\\/phil_ivey-247x300.jpg\"},{\"@type\":\"BreadcrumbList\",\"@id\":\"https:\\\/\\\/gambling6.com\\\/no\\\/kasino\\\/nettkasinoer-vs-landbaserte-kasinoer\\\/#breadcrumb\",\"itemListElement\":[{\"@type\":\"ListItem\",\"position\":1,\"name\":\"Home\",\"item\":\"https:\\\/\\\/gambling6.com\\\/no\\\/home\\\/\"},{\"@type\":\"ListItem\",\"position\":2,\"name\":\"Kasino\",\"item\":\"https:\\\/\\\/gambling6.com\\\/no\\\/kasino\\\/\"},{\"@type\":\"ListItem\",\"position\":3,\"name\":\"Nettkasinoer vs. landbaserte kasinoer\"}]},{\"@type\":\"WebSite\",\"@id\":\"https:\\\/\\\/gambling6.com\\\/no\\\/#website\",\"url\":\"https:\\\/\\\/gambling6.com\\\/no\\\/\",\"name\":\"Gambling6\",\"description\":\"\",\"potentialAction\":[{\"@type\":\"SearchAction\",\"target\":{\"@type\":\"EntryPoint\",\"urlTemplate\":\"https:\\\/\\\/gambling6.com\\\/no\\\/?s={search_term_string}\"},\"query-input\":{\"@type\":\"PropertyValueSpecification\",\"valueRequired\":true,\"valueName\":\"search_term_string\"}}],\"inLanguage\":\"nb-NO\"}]}<\/script>\n<!-- \/ Yoast SEO plugin. -->","yoast_head_json":{"title":"Sammenligning av landbaserte og nettbaserte kasinoer","description":"B\u00e5de nettcasinoer og landbaserte casinoer gir spillerne en flott tid og mange muligheter.","robots":{"index":"index","follow":"follow","max-snippet":"max-snippet:-1","max-image-preview":"max-image-preview:large","max-video-preview":"max-video-preview:-1"},"canonical":"https:\/\/gambling6.com\/no\/kasino\/nettkasinoer-vs-landbaserte-kasinoer\/","og_locale":"nb_NO","og_type":"article","og_title":"Sammenligning av landbaserte og nettbaserte kasinoer","og_description":"B\u00e5de nettcasinoer og landbaserte casinoer gir spillerne en flott tid og mange muligheter.","og_url":"https:\/\/gambling6.com\/no\/kasino\/nettkasinoer-vs-landbaserte-kasinoer\/","og_site_name":"Gambling6","og_image":[{"width":250,"height":304,"url":"https:\/\/gambling6.com\/wp-content\/uploads\/2013\/12\/phil_ivey.jpg","type":"image\/jpeg"}],"twitter_card":"summary_large_image","twitter_misc":{"Ansl. lesetid":"2 minutter"},"schema":{"@context":"https:\/\/schema.org","@graph":[{"@type":"WebPage","@id":"https:\/\/gambling6.com\/no\/kasino\/nettkasinoer-vs-landbaserte-kasinoer\/","url":"https:\/\/gambling6.com\/no\/kasino\/nettkasinoer-vs-landbaserte-kasinoer\/","name":"Sammenligning av landbaserte og nettbaserte kasinoer","isPartOf":{"@id":"https:\/\/gambling6.com\/no\/#website"},"primaryImageOfPage":{"@id":"https:\/\/gambling6.com\/no\/kasino\/nettkasinoer-vs-landbaserte-kasinoer\/#primaryimage"},"image":{"@id":"https:\/\/gambling6.com\/no\/kasino\/nettkasinoer-vs-landbaserte-kasinoer\/#primaryimage"},"thumbnailUrl":"https:\/\/gambling6.com\/wp-content\/uploads\/2013\/12\/phil_ivey-247x300.jpg","datePublished":"2025-11-07T13:38:55+00:00","description":"B\u00e5de nettcasinoer og landbaserte casinoer gir spillerne en flott tid og mange muligheter.","breadcrumb":{"@id":"https:\/\/gambling6.com\/no\/kasino\/nettkasinoer-vs-landbaserte-kasinoer\/#breadcrumb"},"inLanguage":"nb-NO","potentialAction":[{"@type":"ReadAction","target":["https:\/\/gambling6.com\/no\/kasino\/nettkasinoer-vs-landbaserte-kasinoer\/"]}]},{"@type":"ImageObject","inLanguage":"nb-NO","@id":"https:\/\/gambling6.com\/no\/kasino\/nettkasinoer-vs-landbaserte-kasinoer\/#primaryimage","url":"https:\/\/gambling6.com\/wp-content\/uploads\/2013\/12\/phil_ivey-247x300.jpg","contentUrl":"https:\/\/gambling6.com\/wp-content\/uploads\/2013\/12\/phil_ivey-247x300.jpg"},{"@type":"BreadcrumbList","@id":"https:\/\/gambling6.com\/no\/kasino\/nettkasinoer-vs-landbaserte-kasinoer\/#breadcrumb","itemListElement":[{"@type":"ListItem","position":1,"name":"Home","item":"https:\/\/gambling6.com\/no\/home\/"},{"@type":"ListItem","position":2,"name":"Kasino","item":"https:\/\/gambling6.com\/no\/kasino\/"},{"@type":"ListItem","position":3,"name":"Nettkasinoer vs. landbaserte kasinoer"}]},{"@type":"WebSite","@id":"https:\/\/gambling6.com\/no\/#website","url":"https:\/\/gambling6.com\/no\/","name":"Gambling6","description":"","potentialAction":[{"@type":"SearchAction","target":{"@type":"EntryPoint","urlTemplate":"https:\/\/gambling6.com\/no\/?s={search_term_string}"},"query-input":{"@type":"PropertyValueSpecification","valueRequired":true,"valueName":"search_term_string"}}],"inLanguage":"nb-NO"}]}},"_links":{"self":[{"href":"https:\/\/gambling6.com\/no\/wp-json\/wp\/v2\/pages\/8379","targetHints":{"allow":["GET"]}}],"collection":[{"href":"https:\/\/gambling6.com\/no\/wp-json\/wp\/v2\/pages"}],"about":[{"href":"https:\/\/gambling6.com\/no\/wp-json\/wp\/v2\/types\/page"}],"author":[{"embeddable":true,"href":"https:\/\/gambling6.com\/no\/wp-json\/wp\/v2\/users\/1"}],"replies":[{"embeddable":true,"href":"https:\/\/gambling6.com\/no\/wp-json\/wp\/v2\/comments?post=8379"}],"version-history":[{"count":0,"href":"https:\/\/gambling6.com\/no\/wp-json\/wp\/v2\/pages\/8379\/revisions"}],"up":[{"embeddable":true,"href":"https:\/\/gambling6.com\/no\/wp-json\/wp\/v2\/pages\/8318"}],"wp:attachment":[{"href":"https:\/\/gambling6.com\/no\/wp-json\/wp\/v2\/media?parent=8379"}],"curies":[{"name":"wp","href":"https:\/\/api.w.org\/{rel}","templated":true}]}}