{"id":8403,"date":"2025-11-07T16:22:54","date_gmt":"2025-11-07T16:22:54","guid":{"rendered":"https:\/\/gambling6.com\/kasino\/fem-viktigste-grunner-til-a-bli-med-i-et-nettcasino\/"},"modified":"2025-11-12T16:40:04","modified_gmt":"2025-11-12T16:40:04","slug":"fem-viktigste-grunner-til-a-bli-med-i-et-nettcasino","status":"publish","type":"page","link":"https:\/\/gambling6.com\/no\/kasino\/fem-viktigste-grunner-til-a-bli-med-i-et-nettcasino\/","title":{"rendered":"Fem viktigste grunner til \u00e5 bli med i et nettcasino"},"content":{"rendered":"<h2>Hvorfor du b\u00f8r bli med i et nettcasino<\/h2>\n<h2>Mange ting gj\u00f8r nettcasinoer s\u00e5 bra<\/h2>\n<p><img loading=\"lazy\" decoding=\"async\" class=\"size-medium wp-image-318 alignright\" src=\"https:\/\/gambling6.com\/wp-content\/uploads\/2013\/12\/classic-casino-games-300x179.jpg\" alt=\"nettcasino\" width=\"300\" height=\"179\" srcset=\"https:\/\/gambling6.com\/wp-content\/uploads\/2013\/12\/classic-casino-games-300x179.jpg 300w, https:\/\/gambling6.com\/wp-content\/uploads\/2013\/12\/classic-casino-games.jpg 612w\" sizes=\"auto, (max-width: 300px) 100vw, 300px\" \/>Hver nettcasinospiller vil ha sine egne personlige grunner til \u00e5 spille casinospill p\u00e5 internett. Noen grunner er imidlertid mer popul\u00e6re. N\u00e5r spillere bestemmer seg for \u00e5 spille p\u00e5 nett, vil de se at en helt ny verden \u00e5pner seg for \u00f8ynene deres. Nettcasinoer finnes i mange forskjellige stiler, s\u00e5 spillere kan s\u00f8ke til de finner det som passer dem.<\/p>\n<p>Med v\u00e5rt favoritt-netcasino, 888, kan du ikke g\u00e5 feil. <a class=\"thirstylink\" title=\"888 casino en\" href=\"https:\/\/gambling6.com\/go\/888-casino-en\/\" target=\"_blank\" rel=\"nofollow noopener\">Denne lenken tar deg til nettstedet deres og garanterer deg en fin bonus p\u00e5 opptil \u20ac1500.<\/a><\/p>\n<h2>Her er fem av de viktigste grunnene de fleste spillere har for \u00e5 bli med i et nettcasino:<\/h2>\n<ol>\n<li>En av de gode grunnene til \u00e5 bli med i et nettcasino er bonusene. Det finnes mange typer nettcasinobonuser, og hvert casino lar spillerne sine nyte de de anser som passende. Noen bonuser kan imidlertid v\u00e6re verdt mye og til og med tilby spillerne sjansen til \u00e5 f\u00e5 hundrevis eller til og med tusenvis av dollar gratis. Noen av bonusene som ofte finnes p\u00e5 nettcasinoer er velkomstbonuser, reload-bonuser, spillbonuser og henvisningsbonuser. Spillere b\u00f8r lese bonuskravene slik at de vet hvordan de skal forbli kvalifisert for dem og n\u00f8yaktig hva de m\u00e5 gj\u00f8re for \u00e5 klare dem.<\/li>\n<li>En annen viktig grunn til at mange spillere blir med p\u00e5 nettkasinoer er antallet spill de kan spille p\u00e5 ett sted. N\u00e5r spillere g\u00e5r til et av de popul\u00e6re nettkasinoene, kan de g\u00e5 fra spill til spill uten \u00e5 forlate setene sine. De trenger ikke \u00e5 bekymre seg for \u00e5 vente p\u00e5 at et sete skal \u00e5pnes eller andre problemer som f\u00f8lger med \u00e5 spille p\u00e5 landbaserte kasinoer. Spillene er lett tilgjengelige og skjer alltid s\u00e5 lenge spilleren har valgt et av de mer popul\u00e6re kasinoene.<\/li>\n<li>En annen grunn til at mange spillere henvender seg til nettkasinoer er \u00f8konomisk. Spillere som tilbringer tid p\u00e5 nettkasinoer trenger ikke \u00e5 betale for ting som bensin, billetter, hotellovernatting, spise ute eller andre utgifter de st\u00e5r overfor n\u00e5r de planlegger en tur til landbaserte kasinoer. Dette betyr at spillere vil ha mer penger \u00e5 bruke p\u00e5 spillene, noe som alltid er bra.<\/li>\n<li>Noen spillere lever hektiske, travle liv. Dette betyr at de kan synes det er veldig vanskelig \u00e5 i det hele tatt komme seg til landbaserte casinoer. Nettcasinoer er imidlertid alltid der for dem. Selv om de bare kan logge inn i noen f\u00e5 minutter i l\u00f8pet av dagen, vil de i det minste kunne spille litt ved \u00e5 bli med i et nettcasino.<\/li>\n<li>En annen klar fordel med \u00e5 spille p\u00e5 nettcasinoer er at spillerne har full kontroll over spillopplevelsen sin. De velger casino, bonuser, kampanjer og spill, og kan tilpasse mange aspekter av de forskjellige nettcasinospillene.<\/li>\n<\/ol>\n<p>Alle som leter etter et godt nettcasino som gj\u00f8r alt sikkert og enkelt, vil \u00f8nske \u00e5 lese anmeldelser og finne et som kj\u00f8rer p\u00e5 p\u00e5litelig programvare, tilbyr utmerket st\u00f8tte og tilbyr mange spill.<\/p>\n","protected":false},"excerpt":{"rendered":"<p>Hvorfor du b\u00f8r bli med i et nettcasino Mange ting gj\u00f8r nettcasinoer s\u00e5 bra Hver nettcasinospiller vil ha sine egne personlige grunner til \u00e5 spille casinospill p\u00e5 internett. Noen grunner er imidlertid mer popul\u00e6re. N\u00e5r spillere bestemmer seg for \u00e5 spille p\u00e5 nett, vil de se at en helt ny verden \u00e5pner seg for \u00f8ynene [&hellip;]<\/p>\n","protected":false},"author":1,"featured_media":0,"parent":8318,"menu_order":30,"comment_status":"closed","ping_status":"closed","template":"","meta":{"footnotes":""},"class_list":["post-8403","page","type-page","status-publish","hentry"],"yoast_head":"<!-- This site is optimized with the Yoast SEO plugin v27.4 - https:\/\/yoast.com\/product\/yoast-seo-wordpress\/ -->\n<title>Grunner til \u00e5 bli med i et nettcasino<\/title>\n<meta name=\"description\" content=\"Nettcasinoer har s\u00e5 mye \u00e5 tilby spillere som \u00f8nsker \u00e5 ha det g\u00f8y og mange sjanser til \u00e5 stikke av med vinnere.\" \/>\n<meta name=\"robots\" content=\"index, follow, max-snippet:-1, max-image-preview:large, max-video-preview:-1\" \/>\n<link rel=\"canonical\" href=\"https:\/\/gambling6.com\/no\/kasino\/fem-viktigste-grunner-til-a-bli-med-i-et-nettcasino\/\" \/>\n<meta property=\"og:locale\" content=\"nb_NO\" \/>\n<meta property=\"og:type\" content=\"article\" \/>\n<meta property=\"og:title\" content=\"Grunner til \u00e5 bli med i et nettcasino\" \/>\n<meta property=\"og:description\" content=\"Nettcasinoer har s\u00e5 mye \u00e5 tilby spillere som \u00f8nsker \u00e5 ha det g\u00f8y og mange sjanser til \u00e5 stikke av med vinnere.\" \/>\n<meta property=\"og:url\" content=\"https:\/\/gambling6.com\/no\/kasino\/fem-viktigste-grunner-til-a-bli-med-i-et-nettcasino\/\" \/>\n<meta property=\"og:site_name\" content=\"Gambling6\" \/>\n<meta property=\"article:modified_time\" content=\"2025-11-12T16:40:04+00:00\" \/>\n<meta property=\"og:image\" content=\"https:\/\/gambling6.com\/wp-content\/uploads\/2013\/12\/classic-casino-games.jpg\" \/>\n\t<meta property=\"og:image:width\" content=\"612\" \/>\n\t<meta property=\"og:image:height\" content=\"366\" \/>\n\t<meta property=\"og:image:type\" content=\"image\/jpeg\" \/>\n<meta name=\"twitter:card\" content=\"summary_large_image\" \/>\n<meta name=\"twitter:label1\" content=\"Ansl. lesetid\" \/>\n\t<meta name=\"twitter:data1\" content=\"2 minutter\" \/>\n<script type=\"application\/ld+json\" class=\"yoast-schema-graph\">{\"@context\":\"https:\\\/\\\/schema.org\",\"@graph\":[{\"@type\":\"WebPage\",\"@id\":\"https:\\\/\\\/gambling6.com\\\/no\\\/kasino\\\/fem-viktigste-grunner-til-a-bli-med-i-et-nettcasino\\\/\",\"url\":\"https:\\\/\\\/gambling6.com\\\/no\\\/kasino\\\/fem-viktigste-grunner-til-a-bli-med-i-et-nettcasino\\\/\",\"name\":\"Grunner til \u00e5 bli med i et nettcasino\",\"isPartOf\":{\"@id\":\"https:\\\/\\\/gambling6.com\\\/no\\\/#website\"},\"primaryImageOfPage\":{\"@id\":\"https:\\\/\\\/gambling6.com\\\/no\\\/kasino\\\/fem-viktigste-grunner-til-a-bli-med-i-et-nettcasino\\\/#primaryimage\"},\"image\":{\"@id\":\"https:\\\/\\\/gambling6.com\\\/no\\\/kasino\\\/fem-viktigste-grunner-til-a-bli-med-i-et-nettcasino\\\/#primaryimage\"},\"thumbnailUrl\":\"https:\\\/\\\/gambling6.com\\\/wp-content\\\/uploads\\\/2013\\\/12\\\/classic-casino-games-300x179.jpg\",\"datePublished\":\"2025-11-07T16:22:54+00:00\",\"dateModified\":\"2025-11-12T16:40:04+00:00\",\"description\":\"Nettcasinoer har s\u00e5 mye \u00e5 tilby spillere som \u00f8nsker \u00e5 ha det g\u00f8y og mange sjanser til \u00e5 stikke av med vinnere.\",\"breadcrumb\":{\"@id\":\"https:\\\/\\\/gambling6.com\\\/no\\\/kasino\\\/fem-viktigste-grunner-til-a-bli-med-i-et-nettcasino\\\/#breadcrumb\"},\"inLanguage\":\"nb-NO\",\"potentialAction\":[{\"@type\":\"ReadAction\",\"target\":[\"https:\\\/\\\/gambling6.com\\\/no\\\/kasino\\\/fem-viktigste-grunner-til-a-bli-med-i-et-nettcasino\\\/\"]}]},{\"@type\":\"ImageObject\",\"inLanguage\":\"nb-NO\",\"@id\":\"https:\\\/\\\/gambling6.com\\\/no\\\/kasino\\\/fem-viktigste-grunner-til-a-bli-med-i-et-nettcasino\\\/#primaryimage\",\"url\":\"https:\\\/\\\/gambling6.com\\\/wp-content\\\/uploads\\\/2013\\\/12\\\/classic-casino-games-300x179.jpg\",\"contentUrl\":\"https:\\\/\\\/gambling6.com\\\/wp-content\\\/uploads\\\/2013\\\/12\\\/classic-casino-games-300x179.jpg\"},{\"@type\":\"BreadcrumbList\",\"@id\":\"https:\\\/\\\/gambling6.com\\\/no\\\/kasino\\\/fem-viktigste-grunner-til-a-bli-med-i-et-nettcasino\\\/#breadcrumb\",\"itemListElement\":[{\"@type\":\"ListItem\",\"position\":1,\"name\":\"Home\",\"item\":\"https:\\\/\\\/gambling6.com\\\/no\\\/home\\\/\"},{\"@type\":\"ListItem\",\"position\":2,\"name\":\"Kasino\",\"item\":\"https:\\\/\\\/gambling6.com\\\/no\\\/kasino\\\/\"},{\"@type\":\"ListItem\",\"position\":3,\"name\":\"Fem viktigste grunner til \u00e5 bli med i et nettcasino\"}]},{\"@type\":\"WebSite\",\"@id\":\"https:\\\/\\\/gambling6.com\\\/no\\\/#website\",\"url\":\"https:\\\/\\\/gambling6.com\\\/no\\\/\",\"name\":\"Gambling6\",\"description\":\"\",\"potentialAction\":[{\"@type\":\"SearchAction\",\"target\":{\"@type\":\"EntryPoint\",\"urlTemplate\":\"https:\\\/\\\/gambling6.com\\\/no\\\/?s={search_term_string}\"},\"query-input\":{\"@type\":\"PropertyValueSpecification\",\"valueRequired\":true,\"valueName\":\"search_term_string\"}}],\"inLanguage\":\"nb-NO\"}]}<\/script>\n<!-- \/ Yoast SEO plugin. -->","yoast_head_json":{"title":"Grunner til \u00e5 bli med i et nettcasino","description":"Nettcasinoer har s\u00e5 mye \u00e5 tilby spillere som \u00f8nsker \u00e5 ha det g\u00f8y og mange sjanser til \u00e5 stikke av med vinnere.","robots":{"index":"index","follow":"follow","max-snippet":"max-snippet:-1","max-image-preview":"max-image-preview:large","max-video-preview":"max-video-preview:-1"},"canonical":"https:\/\/gambling6.com\/no\/kasino\/fem-viktigste-grunner-til-a-bli-med-i-et-nettcasino\/","og_locale":"nb_NO","og_type":"article","og_title":"Grunner til \u00e5 bli med i et nettcasino","og_description":"Nettcasinoer har s\u00e5 mye \u00e5 tilby spillere som \u00f8nsker \u00e5 ha det g\u00f8y og mange sjanser til \u00e5 stikke av med vinnere.","og_url":"https:\/\/gambling6.com\/no\/kasino\/fem-viktigste-grunner-til-a-bli-med-i-et-nettcasino\/","og_site_name":"Gambling6","article_modified_time":"2025-11-12T16:40:04+00:00","og_image":[{"width":612,"height":366,"url":"https:\/\/gambling6.com\/wp-content\/uploads\/2013\/12\/classic-casino-games.jpg","type":"image\/jpeg"}],"twitter_card":"summary_large_image","twitter_misc":{"Ansl. lesetid":"2 minutter"},"schema":{"@context":"https:\/\/schema.org","@graph":[{"@type":"WebPage","@id":"https:\/\/gambling6.com\/no\/kasino\/fem-viktigste-grunner-til-a-bli-med-i-et-nettcasino\/","url":"https:\/\/gambling6.com\/no\/kasino\/fem-viktigste-grunner-til-a-bli-med-i-et-nettcasino\/","name":"Grunner til \u00e5 bli med i et nettcasino","isPartOf":{"@id":"https:\/\/gambling6.com\/no\/#website"},"primaryImageOfPage":{"@id":"https:\/\/gambling6.com\/no\/kasino\/fem-viktigste-grunner-til-a-bli-med-i-et-nettcasino\/#primaryimage"},"image":{"@id":"https:\/\/gambling6.com\/no\/kasino\/fem-viktigste-grunner-til-a-bli-med-i-et-nettcasino\/#primaryimage"},"thumbnailUrl":"https:\/\/gambling6.com\/wp-content\/uploads\/2013\/12\/classic-casino-games-300x179.jpg","datePublished":"2025-11-07T16:22:54+00:00","dateModified":"2025-11-12T16:40:04+00:00","description":"Nettcasinoer har s\u00e5 mye \u00e5 tilby spillere som \u00f8nsker \u00e5 ha det g\u00f8y og mange sjanser til \u00e5 stikke av med vinnere.","breadcrumb":{"@id":"https:\/\/gambling6.com\/no\/kasino\/fem-viktigste-grunner-til-a-bli-med-i-et-nettcasino\/#breadcrumb"},"inLanguage":"nb-NO","potentialAction":[{"@type":"ReadAction","target":["https:\/\/gambling6.com\/no\/kasino\/fem-viktigste-grunner-til-a-bli-med-i-et-nettcasino\/"]}]},{"@type":"ImageObject","inLanguage":"nb-NO","@id":"https:\/\/gambling6.com\/no\/kasino\/fem-viktigste-grunner-til-a-bli-med-i-et-nettcasino\/#primaryimage","url":"https:\/\/gambling6.com\/wp-content\/uploads\/2013\/12\/classic-casino-games-300x179.jpg","contentUrl":"https:\/\/gambling6.com\/wp-content\/uploads\/2013\/12\/classic-casino-games-300x179.jpg"},{"@type":"BreadcrumbList","@id":"https:\/\/gambling6.com\/no\/kasino\/fem-viktigste-grunner-til-a-bli-med-i-et-nettcasino\/#breadcrumb","itemListElement":[{"@type":"ListItem","position":1,"name":"Home","item":"https:\/\/gambling6.com\/no\/home\/"},{"@type":"ListItem","position":2,"name":"Kasino","item":"https:\/\/gambling6.com\/no\/kasino\/"},{"@type":"ListItem","position":3,"name":"Fem viktigste grunner til \u00e5 bli med i et nettcasino"}]},{"@type":"WebSite","@id":"https:\/\/gambling6.com\/no\/#website","url":"https:\/\/gambling6.com\/no\/","name":"Gambling6","description":"","potentialAction":[{"@type":"SearchAction","target":{"@type":"EntryPoint","urlTemplate":"https:\/\/gambling6.com\/no\/?s={search_term_string}"},"query-input":{"@type":"PropertyValueSpecification","valueRequired":true,"valueName":"search_term_string"}}],"inLanguage":"nb-NO"}]}},"_links":{"self":[{"href":"https:\/\/gambling6.com\/no\/wp-json\/wp\/v2\/pages\/8403","targetHints":{"allow":["GET"]}}],"collection":[{"href":"https:\/\/gambling6.com\/no\/wp-json\/wp\/v2\/pages"}],"about":[{"href":"https:\/\/gambling6.com\/no\/wp-json\/wp\/v2\/types\/page"}],"author":[{"embeddable":true,"href":"https:\/\/gambling6.com\/no\/wp-json\/wp\/v2\/users\/1"}],"replies":[{"embeddable":true,"href":"https:\/\/gambling6.com\/no\/wp-json\/wp\/v2\/comments?post=8403"}],"version-history":[{"count":2,"href":"https:\/\/gambling6.com\/no\/wp-json\/wp\/v2\/pages\/8403\/revisions"}],"predecessor-version":[{"id":10682,"href":"https:\/\/gambling6.com\/no\/wp-json\/wp\/v2\/pages\/8403\/revisions\/10682"}],"up":[{"embeddable":true,"href":"https:\/\/gambling6.com\/no\/wp-json\/wp\/v2\/pages\/8318"}],"wp:attachment":[{"href":"https:\/\/gambling6.com\/no\/wp-json\/wp\/v2\/media?parent=8403"}],"curies":[{"name":"wp","href":"https:\/\/api.w.org\/{rel}","templated":true}]}}