{"id":8459,"date":"2025-11-07T17:53:25","date_gmt":"2025-11-07T17:53:25","guid":{"rendered":"https:\/\/gambling6.com\/tips-om-de-beste-bingonettstedene\/"},"modified":"2025-11-12T12:09:50","modified_gmt":"2025-11-12T12:09:50","slug":"tips-om-de-beste-bingonettstedene","status":"publish","type":"page","link":"https:\/\/gambling6.com\/no\/bingo\/tips-om-de-beste-bingonettstedene\/","title":{"rendered":"Tips om de beste bingonettstedene"},"content":{"rendered":"<h2>Velge en bingoside<\/h2>\n<p>Bingo er et spennende spill som krever mye mindre ferdigheter enn spill som blackjack eller poker. Spillet tiltrekker seg mange mennesker med sin enkelhet. Det krever ikke at du l\u00e6rer noen kompliserte regler eller strategier. Dessuten er det billigere \u00e5 spille bingokort. Mange nettsteder tilbyr dette spillet p\u00e5 nett. Du kan bli med i en av dem og spille spillet for selv en minimal sum penger.<img loading=\"lazy\" decoding=\"async\" class=\"alignright size-full wp-image-213\" style=\"margin: 5px; float: right;\" src=\"http:\/\/gambling6.com\/wp-content\/uploads\/2013\/12\/img_110.png\" alt=\"velg beste bingoside\" width=\"288\" height=\"175\" \/><\/p>\n<p>Med s\u00e5 mange bingosider der ute,<strong>kan det v\u00e6re en ganske stor utfordring \u00e5 finne ut hvilken som er den beste online bingosiden<\/strong>. Det er derfor lurt \u00e5 vurdere viktige faktorer og bestemme om en side er ideell for deg.<\/p>\n<ul>\n<li><strong>Omd\u00f8mme og erfaring<\/strong><\/li>\n<\/ul>\n<p>S\u00f8rg for at du velger en bingoside som har v\u00e6rt i bransjen lenge og har et sterkt rykte for \u00e5 tilby en god spillopplevelse. Du kan sjekke dette ved \u00e5 lese anmeldelser fra profesjonelle og ekte spillere. En bingoside med mange spillere kan v\u00e6re p\u00e5litelig, ettersom spillere ikke \u00f8nsker \u00e5 bli v\u00e6rende p\u00e5 en side som ikke tilbyr en hyggelig spillopplevelse.<\/p>\n<p><a href=\"https:\/\/record.revenueplanet.com\/_BoBybWC_aAPUOsjNOfgKefwM06wa-Rwt\/1\/\" target=\"_new\"><img loading=\"lazy\" decoding=\"async\" class=\"aligncenter\" style=\"border: none;\" src=\"https:\/\/media.revenueplanet.com\/uploads\/nbb-468x60-nov-generic.gif\" alt=\"BingoBilly Gratis Bingo\" width=\"686\" height=\"88\" \/><\/a><\/p>\n<ul>\n<li><strong>Spill som tilbys<\/strong><\/li>\n<\/ul>\n<p>Nettstedet du velger m\u00e5 tilby et bredt utvalg av spill. <strong>Bingo<\/strong> finnes i forskjellige former. 90-ball, 80-ball, 75-ball, mini, quickie, coverall, bonanza og pattern er noen av de popul\u00e6re variantene av spillet. \u00c5 velge et nettsted som tilbyr alle disse variantene hjelper deg \u00e5 nyte \u00e5 spille spillene uten \u00e5 kjede deg.<\/p>\n<ul>\n<li><strong>Bonus<\/strong><\/li>\n<\/ul>\n<p>Selv om det ikke er tilr\u00e5delig \u00e5 bestemme seg basert p\u00e5 bonusen som tilbys av spillnettstedet, er ikke nettstedet med den h\u00f8yeste bonusen n\u00f8dvendigvis det beste bingonettstedet for deg. Nyttige funksjoner og et bredt utvalg av spill er definitivt viktigere aspekter. De fleste bingosider tilbyr en velkomstbonus. N\u00e5r du foretar ditt f\u00f8rste innskudd, vil velkomstbonusbel\u00f8pet automatisk bli satt inn p\u00e5 kontoen din. Du kan bruke denne bonusen til \u00e5 spille mer. S\u00f8rg for \u00e5 lese vilk\u00e5rene og betingelsene knyttet til bonusen. Vanligvis b\u00f8r bonusen brukes innen en m\u00e5ned.<\/p>\n<ul>\n<li><strong>Innskudds- og uttaksmetoder<\/strong><\/li>\n<\/ul>\n<p>Det beste bingositet tilbyr forskjellige innskuddsmetoder, slik at du kan velge den som passer best for deg. Det tilbyr ogs\u00e5 en rekke alternativer for \u00e5 ta ut gevinstene dine. De gj\u00f8r det enkelt \u00e5 sette opp en konto. Du kan enkelt fullf\u00f8re deres online registrering og bankdetaljer.<\/p>\n<ul>\n<li><strong>Kundeservice<\/strong><\/li>\n<\/ul>\n<p>Du kan sjekke om spillsiden tilbyr den beste kundeservicen. Det beste nettstedet har et godt trent kundeteam som svarer p\u00e5 sp\u00f8rsm\u00e5lene dine og l\u00f8ser problemene dine raskt. Uansett om du st\u00e5r fast i prosessen med \u00e5 \u00e5pne en konto eller har problemer med \u00e5 ta ut gevinstene dine, kan du f\u00e5 hjelp n\u00e5r som helst. De tilbyr live chat, telefon og e-postst\u00f8tte for \u00e5 h\u00e5ndtere bekymringene dine profesjonelt.<\/p>\n<p>\u00c5 ta hensyn til alle disse tingene kan hjelpe deg med \u00e5 velge et fantastisk nettbingonettsted. Personlig liker vi Bingo Billy. Selv om du bor i USA, <span style=\"box-sizing: border-box; margin: 0px; padding: 0px;\">kan du fortsatt spille p\u00e5 <a class=\"thirstylink\" title=\"Bingo Billy no\" href=\"https:\/\/gambling6.com\/go\/bingobilly-en\/\" target=\"_blank\" rel=\"nofollow noopener\">\u00a0Bingo Billy<\/a> \u2013 f\u00f8lg denne lenken til nettstedet deres.<\/span><\/p>\n","protected":false},"excerpt":{"rendered":"<p>Velge en bingoside Bingo er et spennende spill som krever mye mindre ferdigheter enn spill som blackjack eller poker. Spillet tiltrekker seg mange mennesker med sin enkelhet. Det krever ikke at du l\u00e6rer noen kompliserte regler eller strategier. Dessuten er det billigere \u00e5 spille bingokort. Mange nettsteder tilbyr dette spillet p\u00e5 nett. Du kan bli [&hellip;]<\/p>\n","protected":false},"author":1,"featured_media":8438,"parent":8519,"menu_order":5,"comment_status":"closed","ping_status":"closed","template":"","meta":{"footnotes":""},"class_list":["post-8459","page","type-page","status-publish","has-post-thumbnail","hentry"],"yoast_head":"<!-- This site is optimized with the Yoast SEO plugin v27.4 - https:\/\/yoast.com\/product\/yoast-seo-wordpress\/ -->\n<title>Bingotips \u2013 Hvilke er de beste bingonettstedene?<\/title>\n<meta name=\"description\" content=\"Det er viktig \u00e5 velge den beste bingosiden \u2013 men hvilken side b\u00f8r du velge? Finn svarene her\" \/>\n<meta name=\"robots\" content=\"index, follow, max-snippet:-1, max-image-preview:large, max-video-preview:-1\" \/>\n<link rel=\"canonical\" href=\"https:\/\/gambling6.com\/no\/bingo\/tips-om-de-beste-bingonettstedene\/\" \/>\n<meta property=\"og:locale\" content=\"nb_NO\" \/>\n<meta property=\"og:type\" content=\"article\" \/>\n<meta property=\"og:title\" content=\"Bingotips \u2013 Hvilke er de beste bingonettstedene?\" \/>\n<meta property=\"og:description\" content=\"Det er viktig \u00e5 velge den beste bingosiden \u2013 men hvilken side b\u00f8r du velge? Finn svarene her\" \/>\n<meta property=\"og:url\" content=\"https:\/\/gambling6.com\/no\/bingo\/tips-om-de-beste-bingonettstedene\/\" \/>\n<meta property=\"og:site_name\" content=\"Gambling6\" \/>\n<meta property=\"article:modified_time\" content=\"2025-11-12T12:09:50+00:00\" \/>\n<meta property=\"og:image\" content=\"https:\/\/gambling6.com\/wp-content\/uploads\/2013\/12\/img_110.png\" \/>\n\t<meta property=\"og:image:width\" content=\"288\" \/>\n\t<meta property=\"og:image:height\" content=\"175\" \/>\n\t<meta property=\"og:image:type\" content=\"image\/png\" \/>\n<meta name=\"twitter:card\" content=\"summary_large_image\" \/>\n<meta name=\"twitter:label1\" content=\"Ansl. lesetid\" \/>\n\t<meta name=\"twitter:data1\" content=\"2 minutter\" \/>\n<script type=\"application\/ld+json\" class=\"yoast-schema-graph\">{\"@context\":\"https:\\\/\\\/schema.org\",\"@graph\":[{\"@type\":\"WebPage\",\"@id\":\"https:\\\/\\\/gambling6.com\\\/no\\\/bingo\\\/tips-om-de-beste-bingonettstedene\\\/\",\"url\":\"https:\\\/\\\/gambling6.com\\\/no\\\/bingo\\\/tips-om-de-beste-bingonettstedene\\\/\",\"name\":\"Bingotips \u2013 Hvilke er de beste bingonettstedene?\",\"isPartOf\":{\"@id\":\"https:\\\/\\\/gambling6.com\\\/no\\\/#website\"},\"primaryImageOfPage\":{\"@id\":\"https:\\\/\\\/gambling6.com\\\/no\\\/bingo\\\/tips-om-de-beste-bingonettstedene\\\/#primaryimage\"},\"image\":{\"@id\":\"https:\\\/\\\/gambling6.com\\\/no\\\/bingo\\\/tips-om-de-beste-bingonettstedene\\\/#primaryimage\"},\"thumbnailUrl\":\"https:\\\/\\\/gambling6.com\\\/wp-content\\\/uploads\\\/2013\\\/12\\\/img_110.png\",\"datePublished\":\"2025-11-07T17:53:25+00:00\",\"dateModified\":\"2025-11-12T12:09:50+00:00\",\"description\":\"Det er viktig \u00e5 velge den beste bingosiden \u2013 men hvilken side b\u00f8r du velge? Finn svarene her\",\"breadcrumb\":{\"@id\":\"https:\\\/\\\/gambling6.com\\\/no\\\/bingo\\\/tips-om-de-beste-bingonettstedene\\\/#breadcrumb\"},\"inLanguage\":\"nb-NO\",\"potentialAction\":[{\"@type\":\"ReadAction\",\"target\":[\"https:\\\/\\\/gambling6.com\\\/no\\\/bingo\\\/tips-om-de-beste-bingonettstedene\\\/\"]}]},{\"@type\":\"ImageObject\",\"inLanguage\":\"nb-NO\",\"@id\":\"https:\\\/\\\/gambling6.com\\\/no\\\/bingo\\\/tips-om-de-beste-bingonettstedene\\\/#primaryimage\",\"url\":\"https:\\\/\\\/gambling6.com\\\/wp-content\\\/uploads\\\/2013\\\/12\\\/img_110.png\",\"contentUrl\":\"https:\\\/\\\/gambling6.com\\\/wp-content\\\/uploads\\\/2013\\\/12\\\/img_110.png\",\"width\":288,\"height\":175},{\"@type\":\"BreadcrumbList\",\"@id\":\"https:\\\/\\\/gambling6.com\\\/no\\\/bingo\\\/tips-om-de-beste-bingonettstedene\\\/#breadcrumb\",\"itemListElement\":[{\"@type\":\"ListItem\",\"position\":1,\"name\":\"Home\",\"item\":\"https:\\\/\\\/gambling6.com\\\/no\\\/home\\\/\"},{\"@type\":\"ListItem\",\"position\":2,\"name\":\"Bingo\",\"item\":\"https:\\\/\\\/gambling6.com\\\/no\\\/all-about-bingo\\\/\"},{\"@type\":\"ListItem\",\"position\":3,\"name\":\"Tips om de beste bingonettstedene\"}]},{\"@type\":\"WebSite\",\"@id\":\"https:\\\/\\\/gambling6.com\\\/no\\\/#website\",\"url\":\"https:\\\/\\\/gambling6.com\\\/no\\\/\",\"name\":\"Gambling6\",\"description\":\"\",\"potentialAction\":[{\"@type\":\"SearchAction\",\"target\":{\"@type\":\"EntryPoint\",\"urlTemplate\":\"https:\\\/\\\/gambling6.com\\\/no\\\/?s={search_term_string}\"},\"query-input\":{\"@type\":\"PropertyValueSpecification\",\"valueRequired\":true,\"valueName\":\"search_term_string\"}}],\"inLanguage\":\"nb-NO\"}]}<\/script>\n<!-- \/ Yoast SEO plugin. -->","yoast_head_json":{"title":"Bingotips \u2013 Hvilke er de beste bingonettstedene?","description":"Det er viktig \u00e5 velge den beste bingosiden \u2013 men hvilken side b\u00f8r du velge? Finn svarene her","robots":{"index":"index","follow":"follow","max-snippet":"max-snippet:-1","max-image-preview":"max-image-preview:large","max-video-preview":"max-video-preview:-1"},"canonical":"https:\/\/gambling6.com\/no\/bingo\/tips-om-de-beste-bingonettstedene\/","og_locale":"nb_NO","og_type":"article","og_title":"Bingotips \u2013 Hvilke er de beste bingonettstedene?","og_description":"Det er viktig \u00e5 velge den beste bingosiden \u2013 men hvilken side b\u00f8r du velge? Finn svarene her","og_url":"https:\/\/gambling6.com\/no\/bingo\/tips-om-de-beste-bingonettstedene\/","og_site_name":"Gambling6","article_modified_time":"2025-11-12T12:09:50+00:00","og_image":[{"width":288,"height":175,"url":"https:\/\/gambling6.com\/wp-content\/uploads\/2013\/12\/img_110.png","type":"image\/png"}],"twitter_card":"summary_large_image","twitter_misc":{"Ansl. lesetid":"2 minutter"},"schema":{"@context":"https:\/\/schema.org","@graph":[{"@type":"WebPage","@id":"https:\/\/gambling6.com\/no\/bingo\/tips-om-de-beste-bingonettstedene\/","url":"https:\/\/gambling6.com\/no\/bingo\/tips-om-de-beste-bingonettstedene\/","name":"Bingotips \u2013 Hvilke er de beste bingonettstedene?","isPartOf":{"@id":"https:\/\/gambling6.com\/no\/#website"},"primaryImageOfPage":{"@id":"https:\/\/gambling6.com\/no\/bingo\/tips-om-de-beste-bingonettstedene\/#primaryimage"},"image":{"@id":"https:\/\/gambling6.com\/no\/bingo\/tips-om-de-beste-bingonettstedene\/#primaryimage"},"thumbnailUrl":"https:\/\/gambling6.com\/wp-content\/uploads\/2013\/12\/img_110.png","datePublished":"2025-11-07T17:53:25+00:00","dateModified":"2025-11-12T12:09:50+00:00","description":"Det er viktig \u00e5 velge den beste bingosiden \u2013 men hvilken side b\u00f8r du velge? Finn svarene her","breadcrumb":{"@id":"https:\/\/gambling6.com\/no\/bingo\/tips-om-de-beste-bingonettstedene\/#breadcrumb"},"inLanguage":"nb-NO","potentialAction":[{"@type":"ReadAction","target":["https:\/\/gambling6.com\/no\/bingo\/tips-om-de-beste-bingonettstedene\/"]}]},{"@type":"ImageObject","inLanguage":"nb-NO","@id":"https:\/\/gambling6.com\/no\/bingo\/tips-om-de-beste-bingonettstedene\/#primaryimage","url":"https:\/\/gambling6.com\/wp-content\/uploads\/2013\/12\/img_110.png","contentUrl":"https:\/\/gambling6.com\/wp-content\/uploads\/2013\/12\/img_110.png","width":288,"height":175},{"@type":"BreadcrumbList","@id":"https:\/\/gambling6.com\/no\/bingo\/tips-om-de-beste-bingonettstedene\/#breadcrumb","itemListElement":[{"@type":"ListItem","position":1,"name":"Home","item":"https:\/\/gambling6.com\/no\/home\/"},{"@type":"ListItem","position":2,"name":"Bingo","item":"https:\/\/gambling6.com\/no\/all-about-bingo\/"},{"@type":"ListItem","position":3,"name":"Tips om de beste bingonettstedene"}]},{"@type":"WebSite","@id":"https:\/\/gambling6.com\/no\/#website","url":"https:\/\/gambling6.com\/no\/","name":"Gambling6","description":"","potentialAction":[{"@type":"SearchAction","target":{"@type":"EntryPoint","urlTemplate":"https:\/\/gambling6.com\/no\/?s={search_term_string}"},"query-input":{"@type":"PropertyValueSpecification","valueRequired":true,"valueName":"search_term_string"}}],"inLanguage":"nb-NO"}]}},"_links":{"self":[{"href":"https:\/\/gambling6.com\/no\/wp-json\/wp\/v2\/pages\/8459","targetHints":{"allow":["GET"]}}],"collection":[{"href":"https:\/\/gambling6.com\/no\/wp-json\/wp\/v2\/pages"}],"about":[{"href":"https:\/\/gambling6.com\/no\/wp-json\/wp\/v2\/types\/page"}],"author":[{"embeddable":true,"href":"https:\/\/gambling6.com\/no\/wp-json\/wp\/v2\/users\/1"}],"replies":[{"embeddable":true,"href":"https:\/\/gambling6.com\/no\/wp-json\/wp\/v2\/comments?post=8459"}],"version-history":[{"count":3,"href":"https:\/\/gambling6.com\/no\/wp-json\/wp\/v2\/pages\/8459\/revisions"}],"predecessor-version":[{"id":10625,"href":"https:\/\/gambling6.com\/no\/wp-json\/wp\/v2\/pages\/8459\/revisions\/10625"}],"up":[{"embeddable":true,"href":"https:\/\/gambling6.com\/no\/wp-json\/wp\/v2\/pages\/8519"}],"wp:featuredmedia":[{"embeddable":true,"href":"https:\/\/gambling6.com\/no\/wp-json\/wp\/v2\/media\/8438"}],"wp:attachment":[{"href":"https:\/\/gambling6.com\/no\/wp-json\/wp\/v2\/media?parent=8459"}],"curies":[{"name":"wp","href":"https:\/\/api.w.org\/{rel}","templated":true}]}}