{"id":8519,"date":"2025-11-07T19:24:33","date_gmt":"2025-11-07T19:24:33","guid":{"rendered":"https:\/\/gambling6.com\/bingo\/"},"modified":"2025-11-12T11:50:40","modified_gmt":"2025-11-12T11:50:40","slug":"bingo","status":"publish","type":"page","link":"https:\/\/gambling6.com\/no\/bingo\/","title":{"rendered":"Bingo"},"content":{"rendered":"<h2>Grunnleggende informasjon om bingo<\/h2>\n<p><a href=\"https:\/\/record.revenueplanet.com\/_BoBybWC_aAMWqcfzuvZcQMni_MQzyHn0\/1\/\" target=\"_new\"><img loading=\"lazy\" decoding=\"async\" class=\"alignright\" style=\"border: none;\" src=\"https:\/\/media.revenueplanet.com\/uploads\/nbb-120x600-oct-free.gif\" alt=\"BingoBilly Gratis Bingo\" width=\"120\" height=\"600\" \/><\/a>Bingospillet er rettet mot b\u00e5de unge og eldre. Opprinnelsen til dette spillet er i Italia p\u00e5 1500-tallet, hvor det ble spilt under navnet \u00abIl Giuoco del Lotto d&#8217;Italia\u00bb og deretter spredt over hele Europa. Bingo er et sosialt spill der tid, reaksjonstid, oppfatning av spillet og sist, men ikke minst, lykken teller.<\/p>\n<p>Over tid har folk pr\u00f8vd \u00e5 finne forskjellige strategier for \u00e5 utarbeide mer presise beregninger om hvordan de kan \u00f8ke vinnersjansene sine. Noen av dem har mislyktes, og noen av dem har lyktes. Nettbingo dukket opp p\u00e5 midten av 1990-tallet og har siden den gang v\u00e6rt i kontinuerlig utvikling. Fordelene med nettbingo, i motsetning til offline bingo, er:<\/p>\n<ul>\n<li>Du kan spille direkte hjemmefra<\/li>\n<li>Alt er enkelt<\/li>\n<li>De tilbyr bonuser og premier<\/li>\n<li>Du kan spille gratis<\/li>\n<li>Du kan spille n\u00e5r som helst p\u00e5 dagen eller natten<\/li>\n<li>Du har online-st\u00f8tte i sanntid<\/li>\n<\/ul>\n<p>For nybegynnere anbefales det at de spiller demospill som gir dem muligheten til \u00e5 tilpasse seg reglene og spillets hastighet. Spillets strategier garanterer ikke utbetaling, men \u00f8ker vinnersjansene. Det anbefales ogs\u00e5 \u00e5 spille i et rom der antallet spillere er lite. For mer erfarne spillere er det lurt \u00e5 spille med s\u00e5 mange kort som mulig; dette \u00f8ker vinnersjansene deres. Bingospillet spilles med 30, 75, 80 og 90 baller.<\/p>\n<p>Det beste valget ditt ville v\u00e6re<a class=\"thirstylink\" title=\"Bingo Billy en\" href=\"https:\/\/gambling6.com\/go\/bingobilly-en\/\" target=\"_blank\" rel=\"nofollow noopener\"> Bingo Billy &#8211; klikk her for \u00e5 spille,<\/a> og du vil f\u00e5 $30 verdt i gratis bingobilletter til \u00e5 begynne med! Bingo Billy aksepterer spillere fra hele verden, inkludert USA.<\/p>\n<h2>Bingospillet med 30 baller<\/h2>\n<p>Spilleren velger totalt 30 baller og bruker en skala fra 1 til 75. Bingoomr\u00e5dene best\u00e5r av fem eller fem ruter. Etter \u00e5 ha kj\u00f8pt billetten m\u00e5 spilleren bestemme seg for totalt 30 tall. Tallene trekkes og markeres automatisk p\u00e5 billetten. Bingo er fullf\u00f8rt n\u00e5r spilleren har trukket fem eller seks tall som lar ham lage en vertikal, horisontal eller diagonal linje. Spillet slutter n\u00e5r de 30 ballene har trukket ut. Spilleren som f\u00e5r flest bingolinjer erkl\u00e6res som vinner.<\/p>\n<h2>Bingospillet med 90 baller<\/h2>\n<p>Brettet er laget av grupper p\u00e5 9 til 3, som inneholder totalt 27 ruter. Hver rad har 5 tall og 4 tomme ruter. Det totale antallet tall p\u00e5 kortet er 15<\/p>\n<h2>Bingospillet med 80 baller<\/h2>\n<p>Her, p\u00e5 hvert kort, er det 16 tall, 4 linjer og 4 kolonner<\/p>\n<h2>Online bingostrategier<\/h2>\n<p>Joseph E. Granville sa at han kan &laquo;\u00f8ke oddsen i fav\u00f8r med opptil 50 %&raquo;. Han sa ogs\u00e5 at tallene som virkelig trekkes tilfeldig har f\u00f8lgende m\u00f8nster: et likt antall tall som ender p\u00e5 1, 2, 3, 4, 5, 6, 7, 8, 9, store og sm\u00e5 tall er i balanse sammen med fornyelsen av spillet, utvunnede tall som n\u00e6rmer seg tallet 38, mer n\u00f8yaktig til midten<\/p>\n<p><strong>Et eksempel p\u00e5 en tilfeldig billett etter Joseph E. Granvilles m\u00f8nster er<\/strong> 6, 11, 24, 32, 43, 57, 38, 69. Den britiske statistikeren L.C.H. Tippet lanserte en teori der tallene trekkes med en sannsynlighet for \u00e5 v\u00e6re n\u00e6r 38. N\u00e5r det er sagt, har du et bredt utvalg av nettsteder og en liten introduksjon til bingospillenes verden til r\u00e5dighet. I henhold til dine preferanser kan du bestemme hvilken versjon som passer best for deg. Lykke til!<\/p>\n","protected":false},"excerpt":{"rendered":"<p>Grunnleggende informasjon om bingo Bingospillet er rettet mot b\u00e5de unge og eldre. Opprinnelsen til dette spillet er i Italia p\u00e5 1500-tallet, hvor det ble spilt under navnet \u00abIl Giuoco del Lotto d&#8217;Italia\u00bb og deretter spredt over hele Europa. Bingo er et sosialt spill der tid, reaksjonstid, oppfatning av spillet og sist, men ikke minst, lykken [&hellip;]<\/p>\n","protected":false},"author":1,"featured_media":0,"parent":0,"menu_order":6,"comment_status":"closed","ping_status":"closed","template":"","meta":{"footnotes":""},"class_list":["post-8519","page","type-page","status-publish","hentry"],"yoast_head":"<!-- This site is optimized with the Yoast SEO plugin v27.3 - https:\/\/yoast.com\/product\/yoast-seo-wordpress\/ -->\n<title>Pagrindin\u0117 informacija apie bingo<\/title>\n<meta name=\"description\" content=\"Viskas apie internetin\u012f bingo ir geriausios svetain\u0117s, kuriose galima \u017eaisti bingo internetu\" \/>\n<meta name=\"robots\" content=\"index, follow, max-snippet:-1, max-image-preview:large, max-video-preview:-1\" \/>\n<link rel=\"canonical\" href=\"https:\/\/gambling6.com\/no\/bingo\/\" \/>\n<meta property=\"og:locale\" content=\"nb_NO\" \/>\n<meta property=\"og:type\" content=\"article\" \/>\n<meta property=\"og:title\" content=\"Pagrindin\u0117 informacija apie bingo\" \/>\n<meta property=\"og:description\" content=\"Viskas apie internetin\u012f bingo ir geriausios svetain\u0117s, kuriose galima \u017eaisti bingo internetu\" \/>\n<meta property=\"og:url\" content=\"https:\/\/gambling6.com\/no\/bingo\/\" \/>\n<meta property=\"og:site_name\" content=\"Gambling6\" \/>\n<meta property=\"article:modified_time\" content=\"2025-11-12T11:50:40+00:00\" \/>\n<meta property=\"og:image\" content=\"https:\/\/media.revenueplanet.com\/uploads\/nbb-120x600-oct-free.gif\" \/>\n<meta name=\"twitter:card\" content=\"summary_large_image\" \/>\n<meta name=\"twitter:label1\" content=\"Ansl. lesetid\" \/>\n\t<meta name=\"twitter:data1\" content=\"3 minutter\" \/>\n<script type=\"application\/ld+json\" class=\"yoast-schema-graph\">{\"@context\":\"https:\\\/\\\/schema.org\",\"@graph\":[{\"@type\":\"WebPage\",\"@id\":\"https:\\\/\\\/gambling6.com\\\/no\\\/bingo\\\/\",\"url\":\"https:\\\/\\\/gambling6.com\\\/no\\\/bingo\\\/\",\"name\":\"Pagrindin\u0117 informacija apie bingo\",\"isPartOf\":{\"@id\":\"https:\\\/\\\/gambling6.com\\\/no\\\/#website\"},\"primaryImageOfPage\":{\"@id\":\"https:\\\/\\\/gambling6.com\\\/no\\\/bingo\\\/#primaryimage\"},\"image\":{\"@id\":\"https:\\\/\\\/gambling6.com\\\/no\\\/bingo\\\/#primaryimage\"},\"thumbnailUrl\":\"https:\\\/\\\/media.revenueplanet.com\\\/uploads\\\/nbb-120x600-oct-free.gif\",\"datePublished\":\"2025-11-07T19:24:33+00:00\",\"dateModified\":\"2025-11-12T11:50:40+00:00\",\"description\":\"Viskas apie internetin\u012f bingo ir geriausios svetain\u0117s, kuriose galima \u017eaisti bingo internetu\",\"breadcrumb\":{\"@id\":\"https:\\\/\\\/gambling6.com\\\/no\\\/bingo\\\/#breadcrumb\"},\"inLanguage\":\"nb-NO\",\"potentialAction\":[{\"@type\":\"ReadAction\",\"target\":[\"https:\\\/\\\/gambling6.com\\\/no\\\/bingo\\\/\"]}]},{\"@type\":\"ImageObject\",\"inLanguage\":\"nb-NO\",\"@id\":\"https:\\\/\\\/gambling6.com\\\/no\\\/bingo\\\/#primaryimage\",\"url\":\"https:\\\/\\\/media.revenueplanet.com\\\/uploads\\\/nbb-120x600-oct-free.gif\",\"contentUrl\":\"https:\\\/\\\/media.revenueplanet.com\\\/uploads\\\/nbb-120x600-oct-free.gif\"},{\"@type\":\"BreadcrumbList\",\"@id\":\"https:\\\/\\\/gambling6.com\\\/no\\\/bingo\\\/#breadcrumb\",\"itemListElement\":[{\"@type\":\"ListItem\",\"position\":1,\"name\":\"Home\",\"item\":\"https:\\\/\\\/gambling6.com\\\/no\\\/home\\\/\"},{\"@type\":\"ListItem\",\"position\":2,\"name\":\"Bingo\"}]},{\"@type\":\"WebSite\",\"@id\":\"https:\\\/\\\/gambling6.com\\\/no\\\/#website\",\"url\":\"https:\\\/\\\/gambling6.com\\\/no\\\/\",\"name\":\"Gambling6\",\"description\":\"\",\"potentialAction\":[{\"@type\":\"SearchAction\",\"target\":{\"@type\":\"EntryPoint\",\"urlTemplate\":\"https:\\\/\\\/gambling6.com\\\/no\\\/?s={search_term_string}\"},\"query-input\":{\"@type\":\"PropertyValueSpecification\",\"valueRequired\":true,\"valueName\":\"search_term_string\"}}],\"inLanguage\":\"nb-NO\"}]}<\/script>\n<!-- \/ Yoast SEO plugin. -->","yoast_head_json":{"title":"Pagrindin\u0117 informacija apie bingo","description":"Viskas apie internetin\u012f bingo ir geriausios svetain\u0117s, kuriose galima \u017eaisti bingo internetu","robots":{"index":"index","follow":"follow","max-snippet":"max-snippet:-1","max-image-preview":"max-image-preview:large","max-video-preview":"max-video-preview:-1"},"canonical":"https:\/\/gambling6.com\/no\/bingo\/","og_locale":"nb_NO","og_type":"article","og_title":"Pagrindin\u0117 informacija apie bingo","og_description":"Viskas apie internetin\u012f bingo ir geriausios svetain\u0117s, kuriose galima \u017eaisti bingo internetu","og_url":"https:\/\/gambling6.com\/no\/bingo\/","og_site_name":"Gambling6","article_modified_time":"2025-11-12T11:50:40+00:00","og_image":[{"url":"https:\/\/media.revenueplanet.com\/uploads\/nbb-120x600-oct-free.gif","type":"","width":"","height":""}],"twitter_card":"summary_large_image","twitter_misc":{"Ansl. lesetid":"3 minutter"},"schema":{"@context":"https:\/\/schema.org","@graph":[{"@type":"WebPage","@id":"https:\/\/gambling6.com\/no\/bingo\/","url":"https:\/\/gambling6.com\/no\/bingo\/","name":"Pagrindin\u0117 informacija apie bingo","isPartOf":{"@id":"https:\/\/gambling6.com\/no\/#website"},"primaryImageOfPage":{"@id":"https:\/\/gambling6.com\/no\/bingo\/#primaryimage"},"image":{"@id":"https:\/\/gambling6.com\/no\/bingo\/#primaryimage"},"thumbnailUrl":"https:\/\/media.revenueplanet.com\/uploads\/nbb-120x600-oct-free.gif","datePublished":"2025-11-07T19:24:33+00:00","dateModified":"2025-11-12T11:50:40+00:00","description":"Viskas apie internetin\u012f bingo ir geriausios svetain\u0117s, kuriose galima \u017eaisti bingo internetu","breadcrumb":{"@id":"https:\/\/gambling6.com\/no\/bingo\/#breadcrumb"},"inLanguage":"nb-NO","potentialAction":[{"@type":"ReadAction","target":["https:\/\/gambling6.com\/no\/bingo\/"]}]},{"@type":"ImageObject","inLanguage":"nb-NO","@id":"https:\/\/gambling6.com\/no\/bingo\/#primaryimage","url":"https:\/\/media.revenueplanet.com\/uploads\/nbb-120x600-oct-free.gif","contentUrl":"https:\/\/media.revenueplanet.com\/uploads\/nbb-120x600-oct-free.gif"},{"@type":"BreadcrumbList","@id":"https:\/\/gambling6.com\/no\/bingo\/#breadcrumb","itemListElement":[{"@type":"ListItem","position":1,"name":"Home","item":"https:\/\/gambling6.com\/no\/home\/"},{"@type":"ListItem","position":2,"name":"Bingo"}]},{"@type":"WebSite","@id":"https:\/\/gambling6.com\/no\/#website","url":"https:\/\/gambling6.com\/no\/","name":"Gambling6","description":"","potentialAction":[{"@type":"SearchAction","target":{"@type":"EntryPoint","urlTemplate":"https:\/\/gambling6.com\/no\/?s={search_term_string}"},"query-input":{"@type":"PropertyValueSpecification","valueRequired":true,"valueName":"search_term_string"}}],"inLanguage":"nb-NO"}]}},"_links":{"self":[{"href":"https:\/\/gambling6.com\/no\/wp-json\/wp\/v2\/pages\/8519","targetHints":{"allow":["GET"]}}],"collection":[{"href":"https:\/\/gambling6.com\/no\/wp-json\/wp\/v2\/pages"}],"about":[{"href":"https:\/\/gambling6.com\/no\/wp-json\/wp\/v2\/types\/page"}],"author":[{"embeddable":true,"href":"https:\/\/gambling6.com\/no\/wp-json\/wp\/v2\/users\/1"}],"replies":[{"embeddable":true,"href":"https:\/\/gambling6.com\/no\/wp-json\/wp\/v2\/comments?post=8519"}],"version-history":[{"count":1,"href":"https:\/\/gambling6.com\/no\/wp-json\/wp\/v2\/pages\/8519\/revisions"}],"predecessor-version":[{"id":10601,"href":"https:\/\/gambling6.com\/no\/wp-json\/wp\/v2\/pages\/8519\/revisions\/10601"}],"wp:attachment":[{"href":"https:\/\/gambling6.com\/no\/wp-json\/wp\/v2\/media?parent=8519"}],"curies":[{"name":"wp","href":"https:\/\/api.w.org\/{rel}","templated":true}]}}