{"id":8583,"date":"2025-11-07T20:43:06","date_gmt":"2025-11-07T20:43:06","guid":{"rendered":"https:\/\/gambling6.com\/kasino\/mobil-spill-pa-farten\/"},"modified":"2025-11-12T09:24:00","modified_gmt":"2025-11-12T09:24:00","slug":"mobil-spill-pa-farten","status":"publish","type":"page","link":"https:\/\/gambling6.com\/no\/kasino\/mobil-spill-pa-farten\/","title":{"rendered":"Mobil \u2013 Spill p\u00e5 farten"},"content":{"rendered":"<h2>Nettgambling p\u00e5 mobile enheter<\/h2>\n<h3>HTML5 vs. native apper \u2013 valget er ditt!<\/h3>\n<p>N\u00e5r man ser p\u00e5 en god gamblingkatalog, er det lett \u00e5 se at det finnes mange flotte alternativer for spillere som \u00f8nsker \u00e5 nyte favorittalternativene sine p\u00e5 internett. Ulike nettsteder tilbyr sikker nettgambling i omtrent alle kategorier, med poker, casino og sportsbetting vanligvis \u00f8verst p\u00e5 listen. Det er viktig \u00e5 merke seg at det ogs\u00e5 finnes alternativer for amerikanske spillere, til tross for regelverket i dette markedet, s\u00e5 amerikanere burde ikke ha noe problem med \u00e5 finne et p\u00e5litelig nettsted gjennom en iGambling-portal.<\/p>\n<p><img loading=\"lazy\" decoding=\"async\" class=\" alignright size-full wp-image-400\" style=\"margin: 5px; float: right;\" src=\"http:\/\/gambling6.com\/wp-content\/uploads\/2013\/12\/mobile-gambling-150x150.jpg\" alt=\"apper for mobilspill\" width=\"150\" height=\"150\" \/>Mens tilbudet om pengespill p\u00e5 nett fortsetter \u00e5 vokse, ser trenden ut til \u00e5 v\u00e6re at det er mobilspill som er p\u00e5 vei mot det. S\u00e5 \u00e5 si alle de st\u00f8rste operat\u00f8rene i bransjen har, eller jobber n\u00e5 med, en mobilapplikasjon som lar brukerne deres f\u00e5 tilgang til de samme tjenestene de f\u00e5r hjemme fra en smarttelefon. I et nylig intervju sa informasjonssjefen for Intralot, Dr. Christos Dimitriadis, at pengespill p\u00e5 mobil vil bli lovlig i alle land i EU.<\/p>\n<p>Selv om han ikke spesifiserte n\u00e5r dette sannsynligvis vil skje, gj\u00f8r det faktum at statene m\u00e5 beholde kontrollen over pengespill, at pengespill p\u00e5 mobil er lovlig og n\u00f8ye regulert obligatorisk. Etter hvert som flere og flere spillere spiller p\u00e5 mobile enheter, m\u00e5 b\u00e5de operat\u00f8rer og regulatorer i spesifikke markeder samarbeide for \u00e5 finne en ideell l\u00f8sning.<\/p>\n<h2>HTML5<\/h2>\n<p>Noen av de st\u00f8rste operat\u00f8rene i markedet for online gambling har allerede tatt betydelige skritt for \u00e5 forbedre sine mobiltilbud. 888 er kjent over hele verden, f\u00f8rst og fremst for sin online sportsbetting, som stort sett dekker hele verden og tilbyr betting p\u00e5 alle de store sportene og ulike ligaer. Nettstedet har ogs\u00e5 kasinospill, poker, bingo og andre online spillkategorier, noe som gj\u00f8r det til et av de st\u00f8rste navnene i bransjen.<\/p>\n<p><a class=\"thirstylink\" title=\"888 casino en\" href=\"https:\/\/gambling6.com\/go\/888-casino-en\/\" target=\"_blank\" rel=\"nofollow noopener\"><strong>Klikk her for \u00e5 bes\u00f8ke 888 Casino<\/strong><\/a> &#8211; opprett en spillerkonto gratis, og last deretter ned mobilappen.<\/p>\n<p>Nylig endret 888 sin mobilplattform til en HTML5-versjon for \u00e5 gj\u00f8re det mye mer praktisk for spillere. I utgangspunktet vil operat\u00f8rens lyd- og videostr\u00f8mming n\u00e5 drives av HTML5, slik at brukerne kan f\u00f8lge handlingen p\u00e5 sin valgte enhet uten \u00e5 trenge en Flash-plugin. Dette \u00e5pner ogs\u00e5 d\u00f8ren for nye muligheter, ettersom brukere n\u00e5 kan plassere innsatser mens de mottar sanntidsdata. HTML5-versjonen gir ogs\u00e5 en bedre brukeropplevelse. Den kan oppdage enhetens skjermst\u00f8rrelse, systemegenskaper og tilgjengelige tilkoblinger.<\/p>\n<p>Dette betyr \u00e5 ta n\u00f8dvendige forholdsregler for \u00e5 sikre at alt g\u00e5r knirkefritt, for eksempel \u00e5 senke kvaliteten eller vente f\u00f8r du starter en video for \u00e5 spare b\u00e5ndbredde. Nettsteder for gamblinganmeldelser gj\u00f8r det mye enklere \u00e5 finne et p\u00e5litelig nettcasino ved \u00e5 gruppere nettsteder i forskjellige kategorier basert p\u00e5 deres styrker. Noen nettsteder har en tendens til \u00e5 fokusere p\u00e5 mobiltilbudene sine, og amerikanske nettcasinoer er alltid et utmerket tema for diskusjon.<\/p>\n<h2>Native apper<\/h2>\n<p>Native apper krever nedlasting og installasjon, noe som betyr at det m\u00e5 v\u00e6re forskjellige versjoner for \u00e5 st\u00f8tte de forskjellige mobiloperativsystemene som n\u00e5 er tilgjengelige. Selv om disse er veldig vanlige blant nettcasinoer, taper de faktisk terreng til HTML5. Det er mange grunner til dette, og den viktigste er at \u00e9n HTML5-versjon kan passe alle mobile enheter og gj\u00f8re de n\u00f8dvendige endringene selv. Det er viktig \u00e5 merke seg at, som nevnt ovenfor, vil ikke 888 forlate sine native apper, og de vil heller ikke slutte \u00e5 bruke HTML4-teknologi.<\/p>\n<p>Dette er et utmerket eksempel for andre operat\u00f8rer ogs\u00e5, siden det \u00e5 bytte til HTML5 over natten og forlate tidligere alternativer vil bety at noen brukere ikke lenger har tilgang til tilbudene. Ikke alle spillere har teknologien som trengs for \u00e5 kj\u00f8re den nye generasjonen programvare perfekt, s\u00e5 selv om dette er et godt skritt p\u00e5 veien mot bedre mobilgambling, b\u00f8r det ikke p\u00e5virke n\u00e5v\u00e6rende kunder negativt. Native apper er fortsatt en flott m\u00e5te \u00e5 nyte online kasinospill p\u00e5 tvers av ulike mobile enheter. Hele oppstartsprosessen tar vanligvis ikke lang tid, s\u00e5 selv om HTML5 vil v\u00e6re det neste store steget for alle operat\u00f8rer, er tilbudene som n\u00e5 er tilgjengelige ogs\u00e5 ganske fantastiske.<\/p>\n","protected":false},"excerpt":{"rendered":"<p>Nettgambling p\u00e5 mobile enheter HTML5 vs. native apper \u2013 valget er ditt! N\u00e5r man ser p\u00e5 en god gamblingkatalog, er det lett \u00e5 se at det finnes mange flotte alternativer for spillere som \u00f8nsker \u00e5 nyte favorittalternativene sine p\u00e5 internett. Ulike nettsteder tilbyr sikker nettgambling i omtrent alle kategorier, med poker, casino og sportsbetting vanligvis [&hellip;]<\/p>\n","protected":false},"author":1,"featured_media":8568,"parent":8318,"menu_order":40,"comment_status":"closed","ping_status":"closed","template":"","meta":{"footnotes":""},"class_list":["post-8583","page","type-page","status-publish","has-post-thumbnail","hentry"],"yoast_head":"<!-- This site is optimized with the Yoast SEO plugin v27.4 - https:\/\/yoast.com\/product\/yoast-seo-wordpress\/ -->\n<title>Nettgambling p\u00e5 mobile enheter<\/title>\n<meta name=\"description\" content=\"Mobilgambling blir stadig mer popul\u00e6rt, og applikasjoner f\u00e5r bedre grafikk og flere funksjoner.\" \/>\n<meta name=\"robots\" content=\"index, follow, max-snippet:-1, max-image-preview:large, max-video-preview:-1\" \/>\n<link rel=\"canonical\" href=\"https:\/\/gambling6.com\/no\/kasino\/mobil-spill-pa-farten\/\" \/>\n<meta property=\"og:locale\" content=\"nb_NO\" \/>\n<meta property=\"og:type\" content=\"article\" \/>\n<meta property=\"og:title\" content=\"Nettgambling p\u00e5 mobile enheter\" \/>\n<meta property=\"og:description\" content=\"Mobilgambling blir stadig mer popul\u00e6rt, og applikasjoner f\u00e5r bedre grafikk og flere funksjoner.\" \/>\n<meta property=\"og:url\" content=\"https:\/\/gambling6.com\/no\/kasino\/mobil-spill-pa-farten\/\" \/>\n<meta property=\"og:site_name\" content=\"Gambling6\" \/>\n<meta property=\"article:modified_time\" content=\"2025-11-12T09:24:00+00:00\" \/>\n<meta property=\"og:image\" content=\"https:\/\/gambling6.com\/wp-content\/uploads\/2013\/12\/mobile-gambling-150x150.jpg\" \/>\n\t<meta property=\"og:image:width\" content=\"150\" \/>\n\t<meta property=\"og:image:height\" content=\"150\" \/>\n\t<meta property=\"og:image:type\" content=\"image\/jpeg\" \/>\n<meta name=\"twitter:card\" content=\"summary_large_image\" \/>\n<meta name=\"twitter:label1\" content=\"Ansl. lesetid\" \/>\n\t<meta name=\"twitter:data1\" content=\"3 minutter\" \/>\n<script type=\"application\/ld+json\" class=\"yoast-schema-graph\">{\"@context\":\"https:\\\/\\\/schema.org\",\"@graph\":[{\"@type\":\"WebPage\",\"@id\":\"https:\\\/\\\/gambling6.com\\\/no\\\/kasino\\\/mobil-spill-pa-farten\\\/\",\"url\":\"https:\\\/\\\/gambling6.com\\\/no\\\/kasino\\\/mobil-spill-pa-farten\\\/\",\"name\":\"Nettgambling p\u00e5 mobile enheter\",\"isPartOf\":{\"@id\":\"https:\\\/\\\/gambling6.com\\\/no\\\/#website\"},\"primaryImageOfPage\":{\"@id\":\"https:\\\/\\\/gambling6.com\\\/no\\\/kasino\\\/mobil-spill-pa-farten\\\/#primaryimage\"},\"image\":{\"@id\":\"https:\\\/\\\/gambling6.com\\\/no\\\/kasino\\\/mobil-spill-pa-farten\\\/#primaryimage\"},\"thumbnailUrl\":\"https:\\\/\\\/gambling6.com\\\/wp-content\\\/uploads\\\/2013\\\/12\\\/mobile-gambling-150x150.jpg\",\"datePublished\":\"2025-11-07T20:43:06+00:00\",\"dateModified\":\"2025-11-12T09:24:00+00:00\",\"description\":\"Mobilgambling blir stadig mer popul\u00e6rt, og applikasjoner f\u00e5r bedre grafikk og flere funksjoner.\",\"breadcrumb\":{\"@id\":\"https:\\\/\\\/gambling6.com\\\/no\\\/kasino\\\/mobil-spill-pa-farten\\\/#breadcrumb\"},\"inLanguage\":\"nb-NO\",\"potentialAction\":[{\"@type\":\"ReadAction\",\"target\":[\"https:\\\/\\\/gambling6.com\\\/no\\\/kasino\\\/mobil-spill-pa-farten\\\/\"]}]},{\"@type\":\"ImageObject\",\"inLanguage\":\"nb-NO\",\"@id\":\"https:\\\/\\\/gambling6.com\\\/no\\\/kasino\\\/mobil-spill-pa-farten\\\/#primaryimage\",\"url\":\"https:\\\/\\\/gambling6.com\\\/wp-content\\\/uploads\\\/2013\\\/12\\\/mobile-gambling-150x150.jpg\",\"contentUrl\":\"https:\\\/\\\/gambling6.com\\\/wp-content\\\/uploads\\\/2013\\\/12\\\/mobile-gambling-150x150.jpg\",\"width\":150,\"height\":150,\"caption\":\"online slotmachine\"},{\"@type\":\"BreadcrumbList\",\"@id\":\"https:\\\/\\\/gambling6.com\\\/no\\\/kasino\\\/mobil-spill-pa-farten\\\/#breadcrumb\",\"itemListElement\":[{\"@type\":\"ListItem\",\"position\":1,\"name\":\"Home\",\"item\":\"https:\\\/\\\/gambling6.com\\\/no\\\/home\\\/\"},{\"@type\":\"ListItem\",\"position\":2,\"name\":\"Kasino\",\"item\":\"https:\\\/\\\/gambling6.com\\\/no\\\/kasino\\\/\"},{\"@type\":\"ListItem\",\"position\":3,\"name\":\"Mobil \u2013 Spill p\u00e5 farten\"}]},{\"@type\":\"WebSite\",\"@id\":\"https:\\\/\\\/gambling6.com\\\/no\\\/#website\",\"url\":\"https:\\\/\\\/gambling6.com\\\/no\\\/\",\"name\":\"Gambling6\",\"description\":\"\",\"potentialAction\":[{\"@type\":\"SearchAction\",\"target\":{\"@type\":\"EntryPoint\",\"urlTemplate\":\"https:\\\/\\\/gambling6.com\\\/no\\\/?s={search_term_string}\"},\"query-input\":{\"@type\":\"PropertyValueSpecification\",\"valueRequired\":true,\"valueName\":\"search_term_string\"}}],\"inLanguage\":\"nb-NO\"}]}<\/script>\n<!-- \/ Yoast SEO plugin. -->","yoast_head_json":{"title":"Nettgambling p\u00e5 mobile enheter","description":"Mobilgambling blir stadig mer popul\u00e6rt, og applikasjoner f\u00e5r bedre grafikk og flere funksjoner.","robots":{"index":"index","follow":"follow","max-snippet":"max-snippet:-1","max-image-preview":"max-image-preview:large","max-video-preview":"max-video-preview:-1"},"canonical":"https:\/\/gambling6.com\/no\/kasino\/mobil-spill-pa-farten\/","og_locale":"nb_NO","og_type":"article","og_title":"Nettgambling p\u00e5 mobile enheter","og_description":"Mobilgambling blir stadig mer popul\u00e6rt, og applikasjoner f\u00e5r bedre grafikk og flere funksjoner.","og_url":"https:\/\/gambling6.com\/no\/kasino\/mobil-spill-pa-farten\/","og_site_name":"Gambling6","article_modified_time":"2025-11-12T09:24:00+00:00","og_image":[{"width":150,"height":150,"url":"https:\/\/gambling6.com\/wp-content\/uploads\/2013\/12\/mobile-gambling-150x150.jpg","type":"image\/jpeg"}],"twitter_card":"summary_large_image","twitter_misc":{"Ansl. lesetid":"3 minutter"},"schema":{"@context":"https:\/\/schema.org","@graph":[{"@type":"WebPage","@id":"https:\/\/gambling6.com\/no\/kasino\/mobil-spill-pa-farten\/","url":"https:\/\/gambling6.com\/no\/kasino\/mobil-spill-pa-farten\/","name":"Nettgambling p\u00e5 mobile enheter","isPartOf":{"@id":"https:\/\/gambling6.com\/no\/#website"},"primaryImageOfPage":{"@id":"https:\/\/gambling6.com\/no\/kasino\/mobil-spill-pa-farten\/#primaryimage"},"image":{"@id":"https:\/\/gambling6.com\/no\/kasino\/mobil-spill-pa-farten\/#primaryimage"},"thumbnailUrl":"https:\/\/gambling6.com\/wp-content\/uploads\/2013\/12\/mobile-gambling-150x150.jpg","datePublished":"2025-11-07T20:43:06+00:00","dateModified":"2025-11-12T09:24:00+00:00","description":"Mobilgambling blir stadig mer popul\u00e6rt, og applikasjoner f\u00e5r bedre grafikk og flere funksjoner.","breadcrumb":{"@id":"https:\/\/gambling6.com\/no\/kasino\/mobil-spill-pa-farten\/#breadcrumb"},"inLanguage":"nb-NO","potentialAction":[{"@type":"ReadAction","target":["https:\/\/gambling6.com\/no\/kasino\/mobil-spill-pa-farten\/"]}]},{"@type":"ImageObject","inLanguage":"nb-NO","@id":"https:\/\/gambling6.com\/no\/kasino\/mobil-spill-pa-farten\/#primaryimage","url":"https:\/\/gambling6.com\/wp-content\/uploads\/2013\/12\/mobile-gambling-150x150.jpg","contentUrl":"https:\/\/gambling6.com\/wp-content\/uploads\/2013\/12\/mobile-gambling-150x150.jpg","width":150,"height":150,"caption":"online slotmachine"},{"@type":"BreadcrumbList","@id":"https:\/\/gambling6.com\/no\/kasino\/mobil-spill-pa-farten\/#breadcrumb","itemListElement":[{"@type":"ListItem","position":1,"name":"Home","item":"https:\/\/gambling6.com\/no\/home\/"},{"@type":"ListItem","position":2,"name":"Kasino","item":"https:\/\/gambling6.com\/no\/kasino\/"},{"@type":"ListItem","position":3,"name":"Mobil \u2013 Spill p\u00e5 farten"}]},{"@type":"WebSite","@id":"https:\/\/gambling6.com\/no\/#website","url":"https:\/\/gambling6.com\/no\/","name":"Gambling6","description":"","potentialAction":[{"@type":"SearchAction","target":{"@type":"EntryPoint","urlTemplate":"https:\/\/gambling6.com\/no\/?s={search_term_string}"},"query-input":{"@type":"PropertyValueSpecification","valueRequired":true,"valueName":"search_term_string"}}],"inLanguage":"nb-NO"}]}},"_links":{"self":[{"href":"https:\/\/gambling6.com\/no\/wp-json\/wp\/v2\/pages\/8583","targetHints":{"allow":["GET"]}}],"collection":[{"href":"https:\/\/gambling6.com\/no\/wp-json\/wp\/v2\/pages"}],"about":[{"href":"https:\/\/gambling6.com\/no\/wp-json\/wp\/v2\/types\/page"}],"author":[{"embeddable":true,"href":"https:\/\/gambling6.com\/no\/wp-json\/wp\/v2\/users\/1"}],"replies":[{"embeddable":true,"href":"https:\/\/gambling6.com\/no\/wp-json\/wp\/v2\/comments?post=8583"}],"version-history":[{"count":1,"href":"https:\/\/gambling6.com\/no\/wp-json\/wp\/v2\/pages\/8583\/revisions"}],"predecessor-version":[{"id":10466,"href":"https:\/\/gambling6.com\/no\/wp-json\/wp\/v2\/pages\/8583\/revisions\/10466"}],"up":[{"embeddable":true,"href":"https:\/\/gambling6.com\/no\/wp-json\/wp\/v2\/pages\/8318"}],"wp:featuredmedia":[{"embeddable":true,"href":"https:\/\/gambling6.com\/no\/wp-json\/wp\/v2\/media\/8568"}],"wp:attachment":[{"href":"https:\/\/gambling6.com\/no\/wp-json\/wp\/v2\/media?parent=8583"}],"curies":[{"name":"wp","href":"https:\/\/api.w.org\/{rel}","templated":true}]}}