{"id":8641,"date":"2025-11-07T21:59:12","date_gmt":"2025-11-07T21:59:12","guid":{"rendered":"https:\/\/gambling6.com\/a-spille-pa-europeiske-pokersider\/"},"modified":"2025-11-12T11:35:50","modified_gmt":"2025-11-12T11:35:50","slug":"a-spille-pa-europeiske-pokersider","status":"publish","type":"page","link":"https:\/\/gambling6.com\/no\/poker\/a-spille-pa-europeiske-pokersider\/","title":{"rendered":"\u00c5 spille p\u00e5 europeiske pokersider"},"content":{"rendered":"<h2>Europeiske nettsteder har ogs\u00e5 poker.<\/h2>\n<p>I l\u00f8pet av de siste \u00e5rene har pokerens popularitet n\u00e5dd nye h\u00f8yder. De europeiske landene er et betydelig marked for nettpokersider, og den amerikanske regjeringens tiltak mot nettgambling har tvunget operat\u00f8rer til \u00e5 fokusere p\u00e5 det europeiske markedet i stor grad. Selv om live poker er en lidenskap blant europeere, tar nettpoker raskt igjen nettkyndige spillere. Land som Storbritannia, \u00d8sterrike og Tyskland er til og med vertskap for internasjonale pokerturer og turneringer.<\/p>\n<p><img loading=\"lazy\" decoding=\"async\" class=\"size-full wp-image-3075 alignright\" src=\"https:\/\/gambling6.com\/wp-content\/uploads\/2022\/04\/poker_bonusode_test_bericht.png\" alt=\"europeiske pokersider\" width=\"246\" height=\"200\" \/>Det europeiske kontinentet best\u00e5r av flere land som er medlemmer av EU. Nettpoker blir sett positivt p\u00e5 over hele EU \u2013 faktisk har ikke nettpokersider blitt utestengt fra \u00e5 operere i europeiske markeder. Hvert medlemsland h\u00e5ndhever imidlertid sine egne lover ang\u00e5ende pengespill p\u00e5 nett. Derfor er det ganske komplekst \u00e5 forklare lovligheten av pengespill p\u00e5 nett i Europa. Alle medlemsland i EU m\u00e5 godta tjenester fra andre medlemsland, men hvert land har friheten til \u00e5 bestemme om pengespill p\u00e5 nett er lovlig.<\/p>\n<p>F\u00f8lgelig har noen EU-medlemmer forbudt pengespill p\u00e5 nett, noen f\u00e5 har legalisert det, mens andre har tatt en tvetydig tiln\u00e6rming. Selv om det er greit \u00e5 spille p\u00e5 nett, m\u00e5 europeiske pokerspillere p\u00e5 nett v\u00e6re forsiktige \u2013 det anbefales at de sjekker den lokale politikken knyttet til pengespill p\u00e5 nett f\u00f8r de bestemmer seg for \u00e5 spille. Selv om pokernettsteder p\u00e5 nett er beskattet og regulert av EU, er det forskjeller i lovene i de enkelte medlemslandene ang\u00e5ende pengespill p\u00e5 nett.<\/p>\n<h2>Beste pokernettsted p\u00e5 nett for europeiske spillere<\/h2>\n<p>Europeiske pokerspillere p\u00e5 nett har et mye bredere utvalg av pokernettsteder enn amerikanske spillere. Nettstedet som skiller seg ut fra mengden er 888 Poker.<\/p>\n<p><span style=\"background-color: transparent;\"><strong>888 Poker<\/strong> er et kjent navn blant europeiske pokernettsteder. Og de gir til og med nye spillere en <span style=\"font-size: medium;\"><strong>gratis bankroll p\u00e5 \u20ac20 \u2013 en helt risikofri start p\u00e5 poker med ekte penger! I tillegg har du rett til ytterligere \u20ac300 bonus p\u00e5 et p\u00e5f\u00f8lgende innskudd. <\/strong><\/span><a class=\"thirstylink\" title=\"888 poker en\" href=\"https:\/\/gambling6.com\/go\/888-poker-en\/\" target=\"_blank\" rel=\"nofollow noopener\"><strong>Klikk her for \u00e5 registrere deg hos 888 og begynne \u00e5 spille med \u20ac20 i ekte penger gratis.<\/strong><\/a><br \/>\n<a href=\"https:\/\/ic.aff-handler.com\/C\/46138?sr=1073333&amp;anid=\" rel=\"nofollow\"><img loading=\"lazy\" decoding=\"async\" class=\"aligncenter\" src=\"https:\/\/ic.aff-handler.com\/I\/46138?sr=1073333&amp;anid=\" width=\"530\" height=\"68\" \/><\/a><\/span><\/p>\n<p>For eksempel tillater Storbritannia sine borgere \u00e5 gamble p\u00e5 nett og tillater ogs\u00e5 utenlandske gamblingnettsteder \u00e5 operere i landet. Nederland tillater bare innbyggere \u00e5 spille p\u00e5 nettpokersider som har en nederlandsk lisens. \u00d8steuropeiske land var derimot ikke med i kappl\u00f8pet om pengespill p\u00e5 nett, men i det siste, med enkel internettilgang, har ogs\u00e5 de sluttet seg til kampen. Nylig ble det lagt frem et forslag for EU som ba om et enhetlig reguleringssystem for pengespill p\u00e5 nett i alle medlemslandene. Dette ville bidra til \u00e5 standardisere lisensprosessen i hele Europa og forenkle den.<\/p>\n<p>N\u00e5r det gjelder spillere p\u00e5 europeiske pokersider, gjelder kun skattelover for dem. Spillere beskattes av sine respektive land og EU n\u00e5r de setter inn penger p\u00e5 et online pokernettsted basert i utlandet. Ulike land i Europa snakker andre spr\u00e5k. Europeiske pokersider henvender seg vanligvis til kundene sine p\u00e5 det lokale spr\u00e5ket. Noen av de store pokersidene i dag tilbyr imidlertid nettstedene sine p\u00e5 forskjellige spr\u00e5k, ettersom pokerprogramvaren deres st\u00f8tter flere spr\u00e5k.<\/p>\n<p>Kundesupport tilbys ogs\u00e5 p\u00e5 forskjellige spr\u00e5k. Bortsett fra engelsk, kan pokersiden tilby fransk, spansk, tysk, nederlandsk, dansk, italiensk, norsk, portugisisk osv. Som med spr\u00e5k, aksepterer europeiske pokersider forskjellige valutaer. Selv om de prim\u00e6re valutaene er amerikanske dollar eller britiske pund, er euro den felles valutaen i EU. Pokerspillere fra Europa foretrekker \u00e5 bruke euro eller britiske pund n\u00e5r de foretar innskudd p\u00e5 en nettbasert pokerside.<\/p>\n<p>Europeiske pokersider tilbyr vanligvis flere innskudds- og uttaksalternativer som passer kunder fra ulike land i EU. Standard betalingsmetoder p\u00e5 nettbaserte pokersider inkluderer debetkort, kredittkort, e-lommeb\u00f8ker, bankoverf\u00f8ringer, bankoverf\u00f8ringer og e-sjekker. Den enkleste og mest popul\u00e6re metoden for \u00e5 sette inn penger p\u00e5 en nettbasert pokerkonto er med kredittkort. Imidlertid kan det hende at noen kredittkortutstedere ikke godkjenner transaksjoner for pengespill p\u00e5 nett, s\u00e5 det er best \u00e5 sjekke f\u00f8r du velger denne metoden.<\/p>\n<p>Mange pokerspillere synes det er praktisk \u00e5 sette inn penger p\u00e5 nettbaserte pokerkontoer ved hjelp av e-lommeb\u00f8ker. Spillere kan \u00e5pne en konto hos hvilken som helst av e-lommeboktjenestene og sette inn penger p\u00e5 kontoen gjennom banken sin. E-wallenEn pokerkonto kan igjen brukes til \u00e5 gj\u00f8re innskudd p\u00e5 pokerkontoen. Popul\u00e6re e-lommeb\u00f8ker som tilbys av europeiske selskaper inkluderer blant annet Neteller, Moneybookers og e-WalletXpress. Spilleren kan velge mellom mange andre e-lommeb\u00f8ker avhengig av om de passer.<\/p>\n","protected":false},"excerpt":{"rendered":"<p>Europeiske nettsteder har ogs\u00e5 poker. I l\u00f8pet av de siste \u00e5rene har pokerens popularitet n\u00e5dd nye h\u00f8yder. De europeiske landene er et betydelig marked for nettpokersider, og den amerikanske regjeringens tiltak mot nettgambling har tvunget operat\u00f8rer til \u00e5 fokusere p\u00e5 det europeiske markedet i stor grad. Selv om live poker er en lidenskap blant europeere, [&hellip;]<\/p>\n","protected":false},"author":1,"featured_media":0,"parent":8814,"menu_order":22,"comment_status":"closed","ping_status":"closed","template":"","meta":{"footnotes":""},"class_list":["post-8641","page","type-page","status-publish","hentry"],"yoast_head":"<!-- This site is optimized with the Yoast SEO plugin v27.5 - https:\/\/yoast.com\/product\/yoast-seo-wordpress\/ -->\n<title>Beste europeiske pokersider<\/title>\n<meta name=\"description\" content=\"Europeiske pokerspillere har mange nettsteder \u00e5 velge mellom \u2013 her er v\u00e5re favorittpokerrom i EU\" \/>\n<meta name=\"robots\" content=\"index, follow, max-snippet:-1, max-image-preview:large, max-video-preview:-1\" \/>\n<link rel=\"canonical\" href=\"https:\/\/gambling6.com\/no\/poker\/a-spille-pa-europeiske-pokersider\/\" \/>\n<meta property=\"og:locale\" content=\"nb_NO\" \/>\n<meta property=\"og:type\" content=\"article\" \/>\n<meta property=\"og:title\" content=\"Beste europeiske pokersider\" \/>\n<meta property=\"og:description\" content=\"Europeiske pokerspillere har mange nettsteder \u00e5 velge mellom \u2013 her er v\u00e5re favorittpokerrom i EU\" \/>\n<meta property=\"og:url\" content=\"https:\/\/gambling6.com\/no\/poker\/a-spille-pa-europeiske-pokersider\/\" \/>\n<meta property=\"og:site_name\" content=\"Gambling6\" \/>\n<meta property=\"article:modified_time\" content=\"2025-11-12T11:35:50+00:00\" \/>\n<meta property=\"og:image\" content=\"https:\/\/gambling6.com\/wp-content\/uploads\/2022\/04\/poker_bonusode_test_bericht.png\" \/>\n\t<meta property=\"og:image:width\" content=\"246\" \/>\n\t<meta property=\"og:image:height\" content=\"200\" \/>\n\t<meta property=\"og:image:type\" content=\"image\/png\" \/>\n<meta name=\"twitter:card\" content=\"summary_large_image\" \/>\n<meta name=\"twitter:label1\" content=\"Ansl. lesetid\" \/>\n\t<meta name=\"twitter:data1\" content=\"4 minutter\" \/>\n<script type=\"application\/ld+json\" class=\"yoast-schema-graph\">{\"@context\":\"https:\\\/\\\/schema.org\",\"@graph\":[{\"@type\":\"WebPage\",\"@id\":\"https:\\\/\\\/gambling6.com\\\/no\\\/poker\\\/a-spille-pa-europeiske-pokersider\\\/\",\"url\":\"https:\\\/\\\/gambling6.com\\\/no\\\/poker\\\/a-spille-pa-europeiske-pokersider\\\/\",\"name\":\"Beste europeiske pokersider\",\"isPartOf\":{\"@id\":\"https:\\\/\\\/gambling6.com\\\/no\\\/#website\"},\"primaryImageOfPage\":{\"@id\":\"https:\\\/\\\/gambling6.com\\\/no\\\/poker\\\/a-spille-pa-europeiske-pokersider\\\/#primaryimage\"},\"image\":{\"@id\":\"https:\\\/\\\/gambling6.com\\\/no\\\/poker\\\/a-spille-pa-europeiske-pokersider\\\/#primaryimage\"},\"thumbnailUrl\":\"https:\\\/\\\/gambling6.com\\\/wp-content\\\/uploads\\\/2022\\\/04\\\/poker_bonusode_test_bericht.png\",\"datePublished\":\"2025-11-07T21:59:12+00:00\",\"dateModified\":\"2025-11-12T11:35:50+00:00\",\"description\":\"Europeiske pokerspillere har mange nettsteder \u00e5 velge mellom \u2013 her er v\u00e5re favorittpokerrom i EU\",\"breadcrumb\":{\"@id\":\"https:\\\/\\\/gambling6.com\\\/no\\\/poker\\\/a-spille-pa-europeiske-pokersider\\\/#breadcrumb\"},\"inLanguage\":\"nb-NO\",\"potentialAction\":[{\"@type\":\"ReadAction\",\"target\":[\"https:\\\/\\\/gambling6.com\\\/no\\\/poker\\\/a-spille-pa-europeiske-pokersider\\\/\"]}]},{\"@type\":\"ImageObject\",\"inLanguage\":\"nb-NO\",\"@id\":\"https:\\\/\\\/gambling6.com\\\/no\\\/poker\\\/a-spille-pa-europeiske-pokersider\\\/#primaryimage\",\"url\":\"https:\\\/\\\/gambling6.com\\\/wp-content\\\/uploads\\\/2022\\\/04\\\/poker_bonusode_test_bericht.png\",\"contentUrl\":\"https:\\\/\\\/gambling6.com\\\/wp-content\\\/uploads\\\/2022\\\/04\\\/poker_bonusode_test_bericht.png\"},{\"@type\":\"BreadcrumbList\",\"@id\":\"https:\\\/\\\/gambling6.com\\\/no\\\/poker\\\/a-spille-pa-europeiske-pokersider\\\/#breadcrumb\",\"itemListElement\":[{\"@type\":\"ListItem\",\"position\":1,\"name\":\"Home\",\"item\":\"https:\\\/\\\/gambling6.com\\\/no\\\/home\\\/\"},{\"@type\":\"ListItem\",\"position\":2,\"name\":\"Poker\",\"item\":\"https:\\\/\\\/gambling6.com\\\/no\\\/poker\\\/\"},{\"@type\":\"ListItem\",\"position\":3,\"name\":\"\u00c5 spille p\u00e5 europeiske pokersider\"}]},{\"@type\":\"WebSite\",\"@id\":\"https:\\\/\\\/gambling6.com\\\/no\\\/#website\",\"url\":\"https:\\\/\\\/gambling6.com\\\/no\\\/\",\"name\":\"Gambling6\",\"description\":\"\",\"potentialAction\":[{\"@type\":\"SearchAction\",\"target\":{\"@type\":\"EntryPoint\",\"urlTemplate\":\"https:\\\/\\\/gambling6.com\\\/no\\\/?s={search_term_string}\"},\"query-input\":{\"@type\":\"PropertyValueSpecification\",\"valueRequired\":true,\"valueName\":\"search_term_string\"}}],\"inLanguage\":\"nb-NO\"}]}<\/script>\n<!-- \/ Yoast SEO plugin. -->","yoast_head_json":{"title":"Beste europeiske pokersider","description":"Europeiske pokerspillere har mange nettsteder \u00e5 velge mellom \u2013 her er v\u00e5re favorittpokerrom i EU","robots":{"index":"index","follow":"follow","max-snippet":"max-snippet:-1","max-image-preview":"max-image-preview:large","max-video-preview":"max-video-preview:-1"},"canonical":"https:\/\/gambling6.com\/no\/poker\/a-spille-pa-europeiske-pokersider\/","og_locale":"nb_NO","og_type":"article","og_title":"Beste europeiske pokersider","og_description":"Europeiske pokerspillere har mange nettsteder \u00e5 velge mellom \u2013 her er v\u00e5re favorittpokerrom i EU","og_url":"https:\/\/gambling6.com\/no\/poker\/a-spille-pa-europeiske-pokersider\/","og_site_name":"Gambling6","article_modified_time":"2025-11-12T11:35:50+00:00","og_image":[{"width":246,"height":200,"url":"https:\/\/gambling6.com\/wp-content\/uploads\/2022\/04\/poker_bonusode_test_bericht.png","type":"image\/png"}],"twitter_card":"summary_large_image","twitter_misc":{"Ansl. lesetid":"4 minutter"},"schema":{"@context":"https:\/\/schema.org","@graph":[{"@type":"WebPage","@id":"https:\/\/gambling6.com\/no\/poker\/a-spille-pa-europeiske-pokersider\/","url":"https:\/\/gambling6.com\/no\/poker\/a-spille-pa-europeiske-pokersider\/","name":"Beste europeiske pokersider","isPartOf":{"@id":"https:\/\/gambling6.com\/no\/#website"},"primaryImageOfPage":{"@id":"https:\/\/gambling6.com\/no\/poker\/a-spille-pa-europeiske-pokersider\/#primaryimage"},"image":{"@id":"https:\/\/gambling6.com\/no\/poker\/a-spille-pa-europeiske-pokersider\/#primaryimage"},"thumbnailUrl":"https:\/\/gambling6.com\/wp-content\/uploads\/2022\/04\/poker_bonusode_test_bericht.png","datePublished":"2025-11-07T21:59:12+00:00","dateModified":"2025-11-12T11:35:50+00:00","description":"Europeiske pokerspillere har mange nettsteder \u00e5 velge mellom \u2013 her er v\u00e5re favorittpokerrom i EU","breadcrumb":{"@id":"https:\/\/gambling6.com\/no\/poker\/a-spille-pa-europeiske-pokersider\/#breadcrumb"},"inLanguage":"nb-NO","potentialAction":[{"@type":"ReadAction","target":["https:\/\/gambling6.com\/no\/poker\/a-spille-pa-europeiske-pokersider\/"]}]},{"@type":"ImageObject","inLanguage":"nb-NO","@id":"https:\/\/gambling6.com\/no\/poker\/a-spille-pa-europeiske-pokersider\/#primaryimage","url":"https:\/\/gambling6.com\/wp-content\/uploads\/2022\/04\/poker_bonusode_test_bericht.png","contentUrl":"https:\/\/gambling6.com\/wp-content\/uploads\/2022\/04\/poker_bonusode_test_bericht.png"},{"@type":"BreadcrumbList","@id":"https:\/\/gambling6.com\/no\/poker\/a-spille-pa-europeiske-pokersider\/#breadcrumb","itemListElement":[{"@type":"ListItem","position":1,"name":"Home","item":"https:\/\/gambling6.com\/no\/home\/"},{"@type":"ListItem","position":2,"name":"Poker","item":"https:\/\/gambling6.com\/no\/poker\/"},{"@type":"ListItem","position":3,"name":"\u00c5 spille p\u00e5 europeiske pokersider"}]},{"@type":"WebSite","@id":"https:\/\/gambling6.com\/no\/#website","url":"https:\/\/gambling6.com\/no\/","name":"Gambling6","description":"","potentialAction":[{"@type":"SearchAction","target":{"@type":"EntryPoint","urlTemplate":"https:\/\/gambling6.com\/no\/?s={search_term_string}"},"query-input":{"@type":"PropertyValueSpecification","valueRequired":true,"valueName":"search_term_string"}}],"inLanguage":"nb-NO"}]}},"_links":{"self":[{"href":"https:\/\/gambling6.com\/no\/wp-json\/wp\/v2\/pages\/8641","targetHints":{"allow":["GET"]}}],"collection":[{"href":"https:\/\/gambling6.com\/no\/wp-json\/wp\/v2\/pages"}],"about":[{"href":"https:\/\/gambling6.com\/no\/wp-json\/wp\/v2\/types\/page"}],"author":[{"embeddable":true,"href":"https:\/\/gambling6.com\/no\/wp-json\/wp\/v2\/users\/1"}],"replies":[{"embeddable":true,"href":"https:\/\/gambling6.com\/no\/wp-json\/wp\/v2\/comments?post=8641"}],"version-history":[{"count":2,"href":"https:\/\/gambling6.com\/no\/wp-json\/wp\/v2\/pages\/8641\/revisions"}],"predecessor-version":[{"id":10581,"href":"https:\/\/gambling6.com\/no\/wp-json\/wp\/v2\/pages\/8641\/revisions\/10581"}],"up":[{"embeddable":true,"href":"https:\/\/gambling6.com\/no\/wp-json\/wp\/v2\/pages\/8814"}],"wp:attachment":[{"href":"https:\/\/gambling6.com\/no\/wp-json\/wp\/v2\/media?parent=8641"}],"curies":[{"name":"wp","href":"https:\/\/api.w.org\/{rel}","templated":true}]}}