{"id":8724,"date":"2025-11-07T23:16:22","date_gmt":"2025-11-07T23:16:22","guid":{"rendered":"https:\/\/gambling6.com\/skrapelodd\/"},"modified":"2025-11-07T23:16:22","modified_gmt":"2025-11-07T23:16:22","slug":"skrapelodd","status":"publish","type":"page","link":"https:\/\/gambling6.com\/no\/skrapelodd\/","title":{"rendered":"Skrapelodd"},"content":{"rendered":"<p>Hvis du liker spenningen ved \u00e5 spille skrapelodd eller andre spill med umiddelbar gevinst, <strong>vil du elske nettsidens anbefalinger for \u00e5 spille skrapelodd p\u00e5 nett.<\/strong> Det finnes mange valg for \u00e5 spille skrapelodd p\u00e5 internett. Alle disse nettstedene tilbyr registreringsbonuser og et godt utvalg av produkter. Du kan registrere deg, velge en betalingsm\u00e5te, fylle p\u00e5 kontoen din og v\u00e6re i gang med \u00e5 spille i l\u00f8pet av minutter.<img loading=\"lazy\" decoding=\"async\" class=\"alignright wp-image-511\" style=\"margin: 10px; border: 5px solid #ffffff; float: right;\" src=\"http:\/\/gambling6.com\/wp-content\/uploads\/2013\/12\/best_online_scratchcards.jpg\" alt=\"beste skrapelodd p\u00e5 nett\" width=\"299\" height=\"163\" srcset=\"https:\/\/gambling6.com\/wp-content\/uploads\/2013\/12\/best_online_scratchcards.jpg 446w, https:\/\/gambling6.com\/wp-content\/uploads\/2013\/12\/best_online_scratchcards-300x163.jpg 300w\" sizes=\"auto, (max-width: 299px) 100vw, 299px\" \/><\/p>\n<h2>Skrapeloddsider p\u00e5 nett tilbyr flott animasjon<\/h2>\n<p>I motsetning til spillene du spiller p\u00e5 lodd fra din favoritt lotteriforhandler, tilbyr nettversjonene av skrapelodd spennende animasjon for \u00e5 skape et morsomt milj\u00f8. Spenningen ved \u00e5 vinne og adrenalinkicket man f\u00e5r av \u00e5 se de vinnende elementene dukke opp p\u00e5 skjermen er det som f\u00e5r spillerne til \u00e5 komme tilbake til nettsider for skrapelodd. Disse nettstedene har lagt til visuelle hjelpemidler for \u00e5 \u00f8ke spenningen og begeistringen.<\/p>\n<h2>888 Casino Instant Win-skrapelodd er designet for europeiske og britiske spillere<\/h2>\n<p>888 Casino er godt kjent internasjonalt som et casino i verdensklasse, men det er ogs\u00e5 en kraft \u00e5 regne med innen online skrapelodd. <a class=\"thirstylink\" title=\"888 casino en\" href=\"https:\/\/gambling6.com\/go\/888-casino-en\/\" target=\"_blank\" rel=\"nofollow noopener\">Du kan bes\u00f8ke skrapeloddseksjonen ved \u00e5 klikke her.<\/a><\/p>\n<p>Hva vil du se p\u00e5 888 Casinos online skrapeloddspill? Viktigst av alt, spillerne kommer til \u00e5 elske antallet lodd som tilbys. Du kan spille over 40 forskjellige spill, og hvis du blir lei av \u00e5 spille skrapelodd, kan du raskt bytte til deres hundrevis av online spilleautomater med progressive jackpoter og et spillutvalg for alle spillere. Mange av disse maskinene starter som penny-spilleautomater med fantastiske utbetalinger.<\/p>\n<p>Denne siden tilbyr et bredt utvalg av kasinospill, men ogs\u00e5 poker og sportsbetting.<\/p>\n<p>Spenningen ved 888 Casino er drevet av supportteamet, som er ansvarlige for \u00e5 skape et milj\u00f8 som f\u00e5r deg til \u00e5 komme tilbake. De dr\u00f8mmer alltid opp nye m\u00e5ter \u00e5 gi deg nye spill og nye m\u00e5ter \u00e5 vinne p\u00e5, og holder deg oppdatert p\u00e5 hvert steg underveis.<\/p>\n<p>Kombiner enorme jackpoter med mange spilltitler og sleng inn et team i verdensklasse som jobber natt og dag for \u00e5 gi deg nye programmer for \u00e5 holde deg underholdt, og du har en herlig blanding av skrapelodd-lykke. S\u00f8rg for at du blir med p\u00e5 skrapelodd-actionen hos 888 Casino.<\/p>\n","protected":false},"excerpt":{"rendered":"<p>Hvis du liker spenningen ved \u00e5 spille skrapelodd eller andre spill med umiddelbar gevinst, vil du elske nettsidens anbefalinger for \u00e5 spille skrapelodd p\u00e5 nett. Det finnes mange valg for \u00e5 spille skrapelodd p\u00e5 internett. Alle disse nettstedene tilbyr registreringsbonuser og et godt utvalg av produkter. Du kan registrere deg, velge en betalingsm\u00e5te, fylle p\u00e5 [&hellip;]<\/p>\n","protected":false},"author":1,"featured_media":8689,"parent":0,"menu_order":7,"comment_status":"closed","ping_status":"closed","template":"","meta":{"footnotes":""},"class_list":["post-8724","page","type-page","status-publish","has-post-thumbnail","hentry"],"yoast_head":"<!-- This site is optimized with the Yoast SEO plugin v27.3 - https:\/\/yoast.com\/product\/yoast-seo-wordpress\/ -->\n<title>Hvilke er de beste nettsidene for skrapelodd?<\/title>\n<meta name=\"description\" content=\"Kom i gang med \u00e5 spille p\u00e5 den beste nettsiden for skrapelodd p\u00e5 nett. Dusinvis av skrapelodd tilgjengelig i et bredt premiespekter.\" \/>\n<meta name=\"robots\" content=\"index, follow, max-snippet:-1, max-image-preview:large, max-video-preview:-1\" \/>\n<link rel=\"canonical\" href=\"https:\/\/gambling6.com\/no\/skrapelodd\/\" \/>\n<meta property=\"og:locale\" content=\"nb_NO\" \/>\n<meta property=\"og:type\" content=\"article\" \/>\n<meta property=\"og:title\" content=\"Hvilke er de beste nettsidene for skrapelodd?\" \/>\n<meta property=\"og:description\" content=\"Kom i gang med \u00e5 spille p\u00e5 den beste nettsiden for skrapelodd p\u00e5 nett. Dusinvis av skrapelodd tilgjengelig i et bredt premiespekter.\" \/>\n<meta property=\"og:url\" content=\"https:\/\/gambling6.com\/no\/skrapelodd\/\" \/>\n<meta property=\"og:site_name\" content=\"Gambling6\" \/>\n<meta property=\"og:image\" content=\"https:\/\/gambling6.com\/wp-content\/uploads\/2013\/12\/best_online_scratchcards.jpg\" \/>\n\t<meta property=\"og:image:width\" content=\"446\" \/>\n\t<meta property=\"og:image:height\" content=\"243\" \/>\n\t<meta property=\"og:image:type\" content=\"image\/jpeg\" \/>\n<meta name=\"twitter:card\" content=\"summary_large_image\" \/>\n<meta name=\"twitter:label1\" content=\"Ansl. lesetid\" \/>\n\t<meta name=\"twitter:data1\" content=\"2 minutter\" \/>\n<script type=\"application\/ld+json\" class=\"yoast-schema-graph\">{\"@context\":\"https:\\\/\\\/schema.org\",\"@graph\":[{\"@type\":\"WebPage\",\"@id\":\"https:\\\/\\\/gambling6.com\\\/no\\\/skrapelodd\\\/\",\"url\":\"https:\\\/\\\/gambling6.com\\\/no\\\/skrapelodd\\\/\",\"name\":\"Hvilke er de beste nettsidene for skrapelodd?\",\"isPartOf\":{\"@id\":\"https:\\\/\\\/gambling6.com\\\/no\\\/#website\"},\"primaryImageOfPage\":{\"@id\":\"https:\\\/\\\/gambling6.com\\\/no\\\/skrapelodd\\\/#primaryimage\"},\"image\":{\"@id\":\"https:\\\/\\\/gambling6.com\\\/no\\\/skrapelodd\\\/#primaryimage\"},\"thumbnailUrl\":\"https:\\\/\\\/gambling6.com\\\/wp-content\\\/uploads\\\/2013\\\/12\\\/best_online_scratchcards.jpg\",\"datePublished\":\"2025-11-07T23:16:22+00:00\",\"description\":\"Kom i gang med \u00e5 spille p\u00e5 den beste nettsiden for skrapelodd p\u00e5 nett. Dusinvis av skrapelodd tilgjengelig i et bredt premiespekter.\",\"breadcrumb\":{\"@id\":\"https:\\\/\\\/gambling6.com\\\/no\\\/skrapelodd\\\/#breadcrumb\"},\"inLanguage\":\"nb-NO\",\"potentialAction\":[{\"@type\":\"ReadAction\",\"target\":[\"https:\\\/\\\/gambling6.com\\\/no\\\/skrapelodd\\\/\"]}]},{\"@type\":\"ImageObject\",\"inLanguage\":\"nb-NO\",\"@id\":\"https:\\\/\\\/gambling6.com\\\/no\\\/skrapelodd\\\/#primaryimage\",\"url\":\"https:\\\/\\\/gambling6.com\\\/wp-content\\\/uploads\\\/2013\\\/12\\\/best_online_scratchcards.jpg\",\"contentUrl\":\"https:\\\/\\\/gambling6.com\\\/wp-content\\\/uploads\\\/2013\\\/12\\\/best_online_scratchcards.jpg\",\"width\":446,\"height\":243},{\"@type\":\"BreadcrumbList\",\"@id\":\"https:\\\/\\\/gambling6.com\\\/no\\\/skrapelodd\\\/#breadcrumb\",\"itemListElement\":[{\"@type\":\"ListItem\",\"position\":1,\"name\":\"Home\",\"item\":\"https:\\\/\\\/gambling6.com\\\/no\\\/home\\\/\"},{\"@type\":\"ListItem\",\"position\":2,\"name\":\"Skrapelodd\"}]},{\"@type\":\"WebSite\",\"@id\":\"https:\\\/\\\/gambling6.com\\\/no\\\/#website\",\"url\":\"https:\\\/\\\/gambling6.com\\\/no\\\/\",\"name\":\"Gambling6\",\"description\":\"\",\"potentialAction\":[{\"@type\":\"SearchAction\",\"target\":{\"@type\":\"EntryPoint\",\"urlTemplate\":\"https:\\\/\\\/gambling6.com\\\/no\\\/?s={search_term_string}\"},\"query-input\":{\"@type\":\"PropertyValueSpecification\",\"valueRequired\":true,\"valueName\":\"search_term_string\"}}],\"inLanguage\":\"nb-NO\"}]}<\/script>\n<!-- \/ Yoast SEO plugin. -->","yoast_head_json":{"title":"Hvilke er de beste nettsidene for skrapelodd?","description":"Kom i gang med \u00e5 spille p\u00e5 den beste nettsiden for skrapelodd p\u00e5 nett. Dusinvis av skrapelodd tilgjengelig i et bredt premiespekter.","robots":{"index":"index","follow":"follow","max-snippet":"max-snippet:-1","max-image-preview":"max-image-preview:large","max-video-preview":"max-video-preview:-1"},"canonical":"https:\/\/gambling6.com\/no\/skrapelodd\/","og_locale":"nb_NO","og_type":"article","og_title":"Hvilke er de beste nettsidene for skrapelodd?","og_description":"Kom i gang med \u00e5 spille p\u00e5 den beste nettsiden for skrapelodd p\u00e5 nett. Dusinvis av skrapelodd tilgjengelig i et bredt premiespekter.","og_url":"https:\/\/gambling6.com\/no\/skrapelodd\/","og_site_name":"Gambling6","og_image":[{"width":446,"height":243,"url":"https:\/\/gambling6.com\/wp-content\/uploads\/2013\/12\/best_online_scratchcards.jpg","type":"image\/jpeg"}],"twitter_card":"summary_large_image","twitter_misc":{"Ansl. lesetid":"2 minutter"},"schema":{"@context":"https:\/\/schema.org","@graph":[{"@type":"WebPage","@id":"https:\/\/gambling6.com\/no\/skrapelodd\/","url":"https:\/\/gambling6.com\/no\/skrapelodd\/","name":"Hvilke er de beste nettsidene for skrapelodd?","isPartOf":{"@id":"https:\/\/gambling6.com\/no\/#website"},"primaryImageOfPage":{"@id":"https:\/\/gambling6.com\/no\/skrapelodd\/#primaryimage"},"image":{"@id":"https:\/\/gambling6.com\/no\/skrapelodd\/#primaryimage"},"thumbnailUrl":"https:\/\/gambling6.com\/wp-content\/uploads\/2013\/12\/best_online_scratchcards.jpg","datePublished":"2025-11-07T23:16:22+00:00","description":"Kom i gang med \u00e5 spille p\u00e5 den beste nettsiden for skrapelodd p\u00e5 nett. Dusinvis av skrapelodd tilgjengelig i et bredt premiespekter.","breadcrumb":{"@id":"https:\/\/gambling6.com\/no\/skrapelodd\/#breadcrumb"},"inLanguage":"nb-NO","potentialAction":[{"@type":"ReadAction","target":["https:\/\/gambling6.com\/no\/skrapelodd\/"]}]},{"@type":"ImageObject","inLanguage":"nb-NO","@id":"https:\/\/gambling6.com\/no\/skrapelodd\/#primaryimage","url":"https:\/\/gambling6.com\/wp-content\/uploads\/2013\/12\/best_online_scratchcards.jpg","contentUrl":"https:\/\/gambling6.com\/wp-content\/uploads\/2013\/12\/best_online_scratchcards.jpg","width":446,"height":243},{"@type":"BreadcrumbList","@id":"https:\/\/gambling6.com\/no\/skrapelodd\/#breadcrumb","itemListElement":[{"@type":"ListItem","position":1,"name":"Home","item":"https:\/\/gambling6.com\/no\/home\/"},{"@type":"ListItem","position":2,"name":"Skrapelodd"}]},{"@type":"WebSite","@id":"https:\/\/gambling6.com\/no\/#website","url":"https:\/\/gambling6.com\/no\/","name":"Gambling6","description":"","potentialAction":[{"@type":"SearchAction","target":{"@type":"EntryPoint","urlTemplate":"https:\/\/gambling6.com\/no\/?s={search_term_string}"},"query-input":{"@type":"PropertyValueSpecification","valueRequired":true,"valueName":"search_term_string"}}],"inLanguage":"nb-NO"}]}},"_links":{"self":[{"href":"https:\/\/gambling6.com\/no\/wp-json\/wp\/v2\/pages\/8724","targetHints":{"allow":["GET"]}}],"collection":[{"href":"https:\/\/gambling6.com\/no\/wp-json\/wp\/v2\/pages"}],"about":[{"href":"https:\/\/gambling6.com\/no\/wp-json\/wp\/v2\/types\/page"}],"author":[{"embeddable":true,"href":"https:\/\/gambling6.com\/no\/wp-json\/wp\/v2\/users\/1"}],"replies":[{"embeddable":true,"href":"https:\/\/gambling6.com\/no\/wp-json\/wp\/v2\/comments?post=8724"}],"version-history":[{"count":0,"href":"https:\/\/gambling6.com\/no\/wp-json\/wp\/v2\/pages\/8724\/revisions"}],"wp:featuredmedia":[{"embeddable":true,"href":"https:\/\/gambling6.com\/no\/wp-json\/wp\/v2\/media\/8689"}],"wp:attachment":[{"href":"https:\/\/gambling6.com\/no\/wp-json\/wp\/v2\/media?parent=8724"}],"curies":[{"name":"wp","href":"https:\/\/api.w.org\/{rel}","templated":true}]}}