{"id":8814,"date":"2025-11-08T00:16:18","date_gmt":"2025-11-08T00:16:18","guid":{"rendered":"https:\/\/gambling6.com\/poker\/"},"modified":"2025-11-12T11:21:42","modified_gmt":"2025-11-12T11:21:42","slug":"poker","status":"publish","type":"page","link":"https:\/\/gambling6.com\/no\/poker\/","title":{"rendered":"Poker"},"content":{"rendered":"<h2 style=\"text-align: left;\"><img loading=\"lazy\" decoding=\"async\" class=\" wp-image-3009 alignright\" src=\"https:\/\/gambling6.com\/wp-content\/uploads\/2022\/04\/pokertournament-300x209.jpg\" alt=\"start poker\" width=\"266\" height=\"185\" srcset=\"https:\/\/gambling6.com\/wp-content\/uploads\/2022\/04\/pokertournament-300x209.jpg 300w, https:\/\/gambling6.com\/wp-content\/uploads\/2022\/04\/pokertournament.jpg 415w\" sizes=\"auto, (max-width: 266px) 100vw, 266px\" \/>Kom i gang med online poker<\/h2>\n<p>Hvis du vil begynne \u00e5 spille online poker, er det et par ting du m\u00e5 vite. Poker er et ferdighetsspill. N\u00e5 sier vi ikke at det ikke er flaks involvert \u2013 faktisk er det det \u2013 men sannheten er at hvis du vil tjene penger, er det definitivt en l\u00e6ringskurve.<\/p>\n<h2>5 gyldne regler n\u00e5r du begynner \u00e5 spille poker p\u00e5 nett<\/h2>\n<ol>\n<li>Velg pokerrommet ditt med omhu \u2013 les anmeldelsene v\u00e5re f\u00f8r du velger nettstedet du vil spille p\u00e5<\/li>\n<li>Start med lekepenger for \u00e5 bli kjent med reglene og selve spillet, og start deretter med det laveste niv\u00e5et for ekte penger<\/li>\n<li>Bruk mye tid p\u00e5 \u00e5 lese om pokerstrategi. Vit hvilke starthender som er gode i hvilken situasjon, og vit hvordan du spiller dem i hvilken posisjon ved bordet. \u00abTight is right\u00bb er det beste r\u00e5det for nybegynnere, og din relative posisjon er sv\u00e6rt viktig for dine beslutninger.<\/li>\n<li>Bruk et godt bonustilbud for ditt f\u00f8rste innskudd, eller bruk til og med et gratis bankroll-tilbud som det fra 888 Poker. De vil gi deg 20,00 \u20ac (eller GBP, avhengig av hvor du bor) gratis bare for \u00e5 registrere deg! Og du f\u00e5r fortsatt en innskuddsbonus p\u00e5 100 % og opptil 300,00 \u20ac eller GBP n\u00e5r du setter inn penger. <a class=\"thirstylink\" title=\"888 poker en\" href=\"https:\/\/gambling6.com\/go\/888-poker-en\/\" target=\"_blank\" rel=\"nofollow noopener\"><span style=\"text-decoration: underline;\"><strong>Klikk her for \u00e5<\/strong><\/span><span style=\"text-decoration: underline;\"><strong>\u00e5<\/strong><\/span><span style=\"text-decoration: underline;\"><strong>g\u00e5<\/strong><\/span><span style=\"text-decoration: underline;\"><strong>til<\/strong><\/span><span style=\"text-decoration: underline;\"><strong>8<\/strong><\/span><span style=\"text-decoration: underline;\"><strong>88 Poker n\u00e5.<\/strong><\/span><\/a><\/li>\n<li>Administrer bankrollen din n\u00f8ye. Ha minst 100 ganger, helst 200 ganger minimumsinnsatsbel\u00f8pet for niv\u00e5et du spiller p\u00e5.<\/li>\n<\/ol>\n<p><a href=\"https:\/\/ic.aff-handler.com\/C\/46138?sr=1073333&amp;anid=\" rel=\"nofollow\"><img loading=\"lazy\" decoding=\"async\" class=\"aligncenter\" src=\"https:\/\/ic.aff-handler.com\/I\/46138?sr=1073333&amp;anid=\" width=\"563\" height=\"72\" \/><\/a><\/p>\n<h2>De beste nettstedene for \u00e5 spille online poker for nybegynnere<\/h2>\n<p>Vel, en nettside vi allerede har nevnt. Det er 888 Poker, hvor kampanjen p\u00e5 20 \u20ac gratis bankroll lar deg spille med ekte penger med en gang, uten \u00e5 m\u00e5tte sette inn penger. Og du vil senere f\u00e5 en annen bonus n\u00e5r du setter inn penger selv, noe som vil doble pengene dine. Denne leverand\u00f8ren aksepterer imidlertid ikke spillere fra USA.<\/p>\n<h2>Beste nettsteder for amerikanske pokerspillere<\/h2>\n<p>P\u00e5 grunn av de juridiske restriksjonene i USA har du ikke like mange valg. De fleste operat\u00f8rer har trukket seg ut av det amerikanske markedet, og et regulert marked for pengespill p\u00e5 nett i USA er fortsatt en fremtidsutsikt \u2013 i hvert fall for de fleste stater.<\/p>\n<p>N\u00e5r det er sagt, vil det beste alternativet for \u00f8yeblikket v\u00e6re BetOnline Poker. <a class=\"thirstylink\" title=\"Betonline poker no\" href=\"https:\/\/gambling6.com\/go\/betonline-poker-en\/\" target=\"_blank\" rel=\"nofollow noopener\">Klikk p\u00e5 denne lenken for \u00e5 bes\u00f8ke nettstedet deres<\/a>, hvor du kan spille poker samt alle slags kasinospill.<\/p>\n","protected":false},"excerpt":{"rendered":"<p>Kom i gang med online poker Hvis du vil begynne \u00e5 spille online poker, er det et par ting du m\u00e5 vite. Poker er et ferdighetsspill. N\u00e5 sier vi ikke at det ikke er flaks involvert \u2013 faktisk er det det \u2013 men sannheten er at hvis du vil tjene penger, er det definitivt en [&hellip;]<\/p>\n","protected":false},"author":1,"featured_media":0,"parent":0,"menu_order":5,"comment_status":"closed","ping_status":"closed","template":"","meta":{"footnotes":""},"class_list":["post-8814","page","type-page","status-publish","hentry"],"yoast_head":"<!-- This site is optimized with the Yoast SEO plugin v27.3 - https:\/\/yoast.com\/product\/yoast-seo-wordpress\/ -->\n<title>Beste stedene \u00e5 begynne \u00e5 spille poker p\u00e5 nett?<\/title>\n<meta name=\"description\" content=\"Beste stedene for online poker, 5 gyldne regler for \u00e5 komme i gang\" \/>\n<meta name=\"robots\" content=\"index, follow, max-snippet:-1, max-image-preview:large, max-video-preview:-1\" \/>\n<link rel=\"canonical\" href=\"https:\/\/gambling6.com\/no\/poker\/\" \/>\n<meta property=\"og:locale\" content=\"nb_NO\" \/>\n<meta property=\"og:type\" content=\"article\" \/>\n<meta property=\"og:title\" content=\"Beste stedene \u00e5 begynne \u00e5 spille poker p\u00e5 nett?\" \/>\n<meta property=\"og:description\" content=\"Beste stedene for online poker, 5 gyldne regler for \u00e5 komme i gang\" \/>\n<meta property=\"og:url\" content=\"https:\/\/gambling6.com\/no\/poker\/\" \/>\n<meta property=\"og:site_name\" content=\"Gambling6\" \/>\n<meta property=\"article:modified_time\" content=\"2025-11-12T11:21:42+00:00\" \/>\n<meta property=\"og:image\" content=\"https:\/\/gambling6.com\/wp-content\/uploads\/2022\/04\/pokertournament.jpg\" \/>\n\t<meta property=\"og:image:width\" content=\"415\" \/>\n\t<meta property=\"og:image:height\" content=\"289\" \/>\n\t<meta property=\"og:image:type\" content=\"image\/jpeg\" \/>\n<meta name=\"twitter:card\" content=\"summary_large_image\" \/>\n<meta name=\"twitter:label1\" content=\"Ansl. lesetid\" \/>\n\t<meta name=\"twitter:data1\" content=\"2 minutter\" \/>\n<script type=\"application\/ld+json\" class=\"yoast-schema-graph\">{\"@context\":\"https:\\\/\\\/schema.org\",\"@graph\":[{\"@type\":\"WebPage\",\"@id\":\"https:\\\/\\\/gambling6.com\\\/no\\\/poker\\\/\",\"url\":\"https:\\\/\\\/gambling6.com\\\/no\\\/poker\\\/\",\"name\":\"Beste stedene \u00e5 begynne \u00e5 spille poker p\u00e5 nett?\",\"isPartOf\":{\"@id\":\"https:\\\/\\\/gambling6.com\\\/no\\\/#website\"},\"primaryImageOfPage\":{\"@id\":\"https:\\\/\\\/gambling6.com\\\/no\\\/poker\\\/#primaryimage\"},\"image\":{\"@id\":\"https:\\\/\\\/gambling6.com\\\/no\\\/poker\\\/#primaryimage\"},\"thumbnailUrl\":\"https:\\\/\\\/gambling6.com\\\/wp-content\\\/uploads\\\/2022\\\/04\\\/pokertournament-300x209.jpg\",\"datePublished\":\"2025-11-08T00:16:18+00:00\",\"dateModified\":\"2025-11-12T11:21:42+00:00\",\"description\":\"Beste stedene for online poker, 5 gyldne regler for \u00e5 komme i gang\",\"breadcrumb\":{\"@id\":\"https:\\\/\\\/gambling6.com\\\/no\\\/poker\\\/#breadcrumb\"},\"inLanguage\":\"nb-NO\",\"potentialAction\":[{\"@type\":\"ReadAction\",\"target\":[\"https:\\\/\\\/gambling6.com\\\/no\\\/poker\\\/\"]}]},{\"@type\":\"ImageObject\",\"inLanguage\":\"nb-NO\",\"@id\":\"https:\\\/\\\/gambling6.com\\\/no\\\/poker\\\/#primaryimage\",\"url\":\"https:\\\/\\\/gambling6.com\\\/wp-content\\\/uploads\\\/2022\\\/04\\\/pokertournament-300x209.jpg\",\"contentUrl\":\"https:\\\/\\\/gambling6.com\\\/wp-content\\\/uploads\\\/2022\\\/04\\\/pokertournament-300x209.jpg\"},{\"@type\":\"BreadcrumbList\",\"@id\":\"https:\\\/\\\/gambling6.com\\\/no\\\/poker\\\/#breadcrumb\",\"itemListElement\":[{\"@type\":\"ListItem\",\"position\":1,\"name\":\"Home\",\"item\":\"https:\\\/\\\/gambling6.com\\\/no\\\/home\\\/\"},{\"@type\":\"ListItem\",\"position\":2,\"name\":\"Poker\"}]},{\"@type\":\"WebSite\",\"@id\":\"https:\\\/\\\/gambling6.com\\\/no\\\/#website\",\"url\":\"https:\\\/\\\/gambling6.com\\\/no\\\/\",\"name\":\"Gambling6\",\"description\":\"\",\"potentialAction\":[{\"@type\":\"SearchAction\",\"target\":{\"@type\":\"EntryPoint\",\"urlTemplate\":\"https:\\\/\\\/gambling6.com\\\/no\\\/?s={search_term_string}\"},\"query-input\":{\"@type\":\"PropertyValueSpecification\",\"valueRequired\":true,\"valueName\":\"search_term_string\"}}],\"inLanguage\":\"nb-NO\"}]}<\/script>\n<!-- \/ Yoast SEO plugin. -->","yoast_head_json":{"title":"Beste stedene \u00e5 begynne \u00e5 spille poker p\u00e5 nett?","description":"Beste stedene for online poker, 5 gyldne regler for \u00e5 komme i gang","robots":{"index":"index","follow":"follow","max-snippet":"max-snippet:-1","max-image-preview":"max-image-preview:large","max-video-preview":"max-video-preview:-1"},"canonical":"https:\/\/gambling6.com\/no\/poker\/","og_locale":"nb_NO","og_type":"article","og_title":"Beste stedene \u00e5 begynne \u00e5 spille poker p\u00e5 nett?","og_description":"Beste stedene for online poker, 5 gyldne regler for \u00e5 komme i gang","og_url":"https:\/\/gambling6.com\/no\/poker\/","og_site_name":"Gambling6","article_modified_time":"2025-11-12T11:21:42+00:00","og_image":[{"width":415,"height":289,"url":"https:\/\/gambling6.com\/wp-content\/uploads\/2022\/04\/pokertournament.jpg","type":"image\/jpeg"}],"twitter_card":"summary_large_image","twitter_misc":{"Ansl. lesetid":"2 minutter"},"schema":{"@context":"https:\/\/schema.org","@graph":[{"@type":"WebPage","@id":"https:\/\/gambling6.com\/no\/poker\/","url":"https:\/\/gambling6.com\/no\/poker\/","name":"Beste stedene \u00e5 begynne \u00e5 spille poker p\u00e5 nett?","isPartOf":{"@id":"https:\/\/gambling6.com\/no\/#website"},"primaryImageOfPage":{"@id":"https:\/\/gambling6.com\/no\/poker\/#primaryimage"},"image":{"@id":"https:\/\/gambling6.com\/no\/poker\/#primaryimage"},"thumbnailUrl":"https:\/\/gambling6.com\/wp-content\/uploads\/2022\/04\/pokertournament-300x209.jpg","datePublished":"2025-11-08T00:16:18+00:00","dateModified":"2025-11-12T11:21:42+00:00","description":"Beste stedene for online poker, 5 gyldne regler for \u00e5 komme i gang","breadcrumb":{"@id":"https:\/\/gambling6.com\/no\/poker\/#breadcrumb"},"inLanguage":"nb-NO","potentialAction":[{"@type":"ReadAction","target":["https:\/\/gambling6.com\/no\/poker\/"]}]},{"@type":"ImageObject","inLanguage":"nb-NO","@id":"https:\/\/gambling6.com\/no\/poker\/#primaryimage","url":"https:\/\/gambling6.com\/wp-content\/uploads\/2022\/04\/pokertournament-300x209.jpg","contentUrl":"https:\/\/gambling6.com\/wp-content\/uploads\/2022\/04\/pokertournament-300x209.jpg"},{"@type":"BreadcrumbList","@id":"https:\/\/gambling6.com\/no\/poker\/#breadcrumb","itemListElement":[{"@type":"ListItem","position":1,"name":"Home","item":"https:\/\/gambling6.com\/no\/home\/"},{"@type":"ListItem","position":2,"name":"Poker"}]},{"@type":"WebSite","@id":"https:\/\/gambling6.com\/no\/#website","url":"https:\/\/gambling6.com\/no\/","name":"Gambling6","description":"","potentialAction":[{"@type":"SearchAction","target":{"@type":"EntryPoint","urlTemplate":"https:\/\/gambling6.com\/no\/?s={search_term_string}"},"query-input":{"@type":"PropertyValueSpecification","valueRequired":true,"valueName":"search_term_string"}}],"inLanguage":"nb-NO"}]}},"_links":{"self":[{"href":"https:\/\/gambling6.com\/no\/wp-json\/wp\/v2\/pages\/8814","targetHints":{"allow":["GET"]}}],"collection":[{"href":"https:\/\/gambling6.com\/no\/wp-json\/wp\/v2\/pages"}],"about":[{"href":"https:\/\/gambling6.com\/no\/wp-json\/wp\/v2\/types\/page"}],"author":[{"embeddable":true,"href":"https:\/\/gambling6.com\/no\/wp-json\/wp\/v2\/users\/1"}],"replies":[{"embeddable":true,"href":"https:\/\/gambling6.com\/no\/wp-json\/wp\/v2\/comments?post=8814"}],"version-history":[{"count":1,"href":"https:\/\/gambling6.com\/no\/wp-json\/wp\/v2\/pages\/8814\/revisions"}],"predecessor-version":[{"id":10568,"href":"https:\/\/gambling6.com\/no\/wp-json\/wp\/v2\/pages\/8814\/revisions\/10568"}],"wp:attachment":[{"href":"https:\/\/gambling6.com\/no\/wp-json\/wp\/v2\/media?parent=8814"}],"curies":[{"name":"wp","href":"https:\/\/api.w.org\/{rel}","templated":true}]}}