{"id":8859,"date":"2025-11-08T08:57:20","date_gmt":"2025-11-08T08:57:20","guid":{"rendered":"https:\/\/gambling6.com\/kasino\/a-holde-din-online-spillkonto-trygg\/"},"modified":"2025-11-12T16:49:39","modified_gmt":"2025-11-12T16:49:39","slug":"a-holde-din-online-spillkonto-trygg","status":"publish","type":"page","link":"https:\/\/gambling6.com\/no\/kasino\/a-holde-din-online-spillkonto-trygg\/","title":{"rendered":"\u00c5 holde din online spillkonto trygg"},"content":{"rendered":"<h2>Unng\u00e5 d\u00e5rlige nettsteder og ta noen sikkerhetstiltak.<\/h2>\n<p>Nettspillverdenen har vokst betydelig, og selv om dette generelt er bra for spillere, kommer det ogs\u00e5 med noen ulemper. Nettsikkerheten som tilbys av kasinoer er uten tvil det viktigste elementet n\u00e5r man spiller med ekte penger, og brukere m\u00e5 garanteres feilfrie \u00f8konomiske transaksjoner.<\/p>\n<p>Dessverre er svindel og nettsvindel altfor vanlig i dagens teknologisk avanserte verden til \u00e5 anta at det ikke vil skje med deg, og dermed ikke ta noen tiltak for \u00e5 forhindre dem. Nye nettkasinoer dukker opp nesten over natten og lover enorme bonuser for \u00e5 f\u00e5 ballen til \u00e5 rulle og tiltrekke seg et stort antall kunder.<\/p>\n<p>Det er sv\u00e6rt viktig \u00e5 vite om disse kan stoles p\u00e5, og det anbefales p\u00e5 det sterkeste \u00e5 f\u00f8rst f\u00e5 mer informasjon fra andre nettsteder. Anmeldelser laget av brukere eller erfarne spillere blir veldig popul\u00e6re p\u00e5 internett, ettersom flere spillere ser risikoen ved \u00e5 hoppe inn i det blindt og f\u00f8rst leter etter litt trygghet.<\/p>\n<h2>Nettgambling i USA<\/h2>\n<p><img loading=\"lazy\" decoding=\"async\" class=\" wp-image-2415 alignright\" src=\"https:\/\/gambling6.com\/wp-content\/uploads\/2022\/04\/1_play_euromillions_online3-300x200.jpg\" alt=\"kasinosikkerhet\" width=\"263\" height=\"175\" srcset=\"https:\/\/gambling6.com\/wp-content\/uploads\/2022\/04\/1_play_euromillions_online3-300x200.jpg 300w, https:\/\/gambling6.com\/wp-content\/uploads\/2022\/04\/1_play_euromillions_online3.jpg 320w\" sizes=\"auto, (max-width: 263px) 100vw, 263px\" \/>USA er et spennende marked for nettgambling. Selv om nettcasinoer er forbudt i alle unntatt to stater, er den gr\u00e5 nettspillindustrien enorm, hovedsakelig fordi amerikanske spillere \u00f8nsker \u00e5 spille casinospill p\u00e5 nett. Det betydelige antallet potensielle kunder betyr ogs\u00e5 at det finnes mer enn en h\u00e5ndfull amerikanske nettcasinoer, noe som gj\u00f8r det veldig enkelt for amerikanske spillere \u00e5 komme i gang.<\/p>\n<p>Faktisk aksepterer de ledende nettstedene til og med amerikanske kredittkort som betalingsm\u00e5te, og alt er designet for \u00e5 v\u00e6re s\u00e5 praktisk som mulig for spillere. Selv om disse nettcasinoene ikke er regulert av USA, har de lisenser fra offshore jurisdiksjoner som sikrer at de tilbyr et trygt og sikkert milj\u00f8. Problemet er at i tillegg til de flotte casinoene som henvender seg til det amerikanske markedet, finnes det ogs\u00e5 mange tvilsomme nettsteder som har problemer med uttak eller rett og slett ikke tilbyr en rettferdig utbetalingsprosent p\u00e5 spillene sine.<\/p>\n<p>Derfor er det viktig \u00e5 f\u00f8rst lese noen anmeldelser av nettstedet du vil bli med p\u00e5 og se om det er s\u00e5 bra som det ser ut til. Dette tar ikke mer enn noen f\u00e5 minutter og sikrer at spillopplevelsen din p\u00e5 nett blir s\u00e5 god som mulig. N\u00e5r det gjelder rettferdig spilling, bruker de p\u00e5litelige nettcasinoene tilfeldige tallgeneratorer for \u00e5 sikre at hvert spill er utelukkende basert p\u00e5 tilfeldigheter. Et nettcasino kan kombinere tradisjonelle casinobord med fordelene ved online spill gjennom en live videostr\u00f8m av en dealer.<\/p>\n<p>Som en amerikansk spiller kan du ikke g\u00e5 galt med \u00e5 holde deg til den markedsledende leverand\u00f8ren av nettcasino-action, nemlig BetOnline.<a class=\"thirstylink\" title=\"Betonline casino en\" href=\"https:\/\/gambling6.com\/go\/betonline-casino-en\/\" target=\"_blank\" rel=\"nofollow noopener\"> Klikk her for \u00e5 bes\u00f8ke nettstedet deres<\/a>. Din sikkerhet er i gode hender der, i motsetning til de fleste andre offshore casino-operat\u00f8rer som aksepterer amerikanske innbyggere.<\/p>\n<h2>Sikkerhetstiltak \u00e5 vurdere<\/h2>\n<p>Vi b\u00f8r ogs\u00e5 nevne at en betydelig del av ansvaret ligger hos spilleren, og det finnes spesifikke tiltak de kan ta for \u00e5 forhindre svindel og holde pengene sine trygge.<\/p>\n<p><strong>1. Ha et sikkert passord<\/strong><\/p>\n<p>Flere og flere nettsteder oppfordrer brukere til \u00e5 bruke sikre, vanskelig \u00e5 gjette passord. \u00c5 inkludere tall og bokstaver i b\u00e5de store og sm\u00e5 bokstaver gj\u00f8r et passord mye sikrere, og det anbefales ogs\u00e5 \u00e5 ikke bruke det samme passordet for flere kontoer.<\/p>\n<p><strong>2. S\u00f8rg for at du har et godt antivirusprogram<\/strong><\/p>\n<p>De fleste spillere har en tendens til \u00e5 glemme viktigheten av et godt antivirusprogram. Dette kan umiddelbart oppdage eventuelle problemer n\u00e5r du surfer p\u00e5 internett eller laster ned noe, for eksempel appen for et nytt nettcasino.<\/p>\n<p><strong>3. S\u00f8rg alltid for at siden er sikker<\/strong><\/p>\n<p>N\u00e5r du legger inn personlige data, for eksempel kontoinformasjon, m\u00e5 du s\u00f8rge for at siden er sikker. Dette gj\u00f8res ved \u00e5 sjekke adressefeltet i nettleseren for HTTPS og ved \u00e5 se etter den lukkede l\u00e5sen.<\/p>\n","protected":false},"excerpt":{"rendered":"<p>Unng\u00e5 d\u00e5rlige nettsteder og ta noen sikkerhetstiltak. Nettspillverdenen har vokst betydelig, og selv om dette generelt er bra for spillere, kommer det ogs\u00e5 med noen ulemper. Nettsikkerheten som tilbys av kasinoer er uten tvil det viktigste elementet n\u00e5r man spiller med ekte penger, og brukere m\u00e5 garanteres feilfrie \u00f8konomiske transaksjoner. Dessverre er svindel og nettsvindel [&hellip;]<\/p>\n","protected":false},"author":1,"featured_media":0,"parent":8318,"menu_order":36,"comment_status":"closed","ping_status":"closed","template":"","meta":{"footnotes":""},"class_list":["post-8859","page","type-page","status-publish","hentry"],"yoast_head":"<!-- This site is optimized with the Yoast SEO plugin v27.3 - https:\/\/yoast.com\/product\/yoast-seo-wordpress\/ -->\n<title>Hvordan kan jeg holde nettkasinokontoen min trygg<\/title>\n<meta name=\"description\" content=\"Nyttige tips for sikkerhet ved pengespill p\u00e5 nett, slik at du s\u00f8rger for at kasinokontoen din er trygg\" \/>\n<meta name=\"robots\" content=\"index, follow, max-snippet:-1, max-image-preview:large, max-video-preview:-1\" \/>\n<link rel=\"canonical\" href=\"https:\/\/gambling6.com\/no\/kasino\/a-holde-din-online-spillkonto-trygg\/\" \/>\n<meta property=\"og:locale\" content=\"nb_NO\" \/>\n<meta property=\"og:type\" content=\"article\" \/>\n<meta property=\"og:title\" content=\"Hvordan kan jeg holde nettkasinokontoen min trygg\" \/>\n<meta property=\"og:description\" content=\"Nyttige tips for sikkerhet ved pengespill p\u00e5 nett, slik at du s\u00f8rger for at kasinokontoen din er trygg\" \/>\n<meta property=\"og:url\" content=\"https:\/\/gambling6.com\/no\/kasino\/a-holde-din-online-spillkonto-trygg\/\" \/>\n<meta property=\"og:site_name\" content=\"Gambling6\" \/>\n<meta property=\"article:modified_time\" content=\"2025-11-12T16:49:39+00:00\" \/>\n<meta property=\"og:image\" content=\"https:\/\/gambling6.com\/wp-content\/uploads\/2022\/04\/1_play_euromillions_online3.jpg\" \/>\n\t<meta property=\"og:image:width\" content=\"320\" \/>\n\t<meta property=\"og:image:height\" content=\"213\" \/>\n\t<meta property=\"og:image:type\" content=\"image\/jpeg\" \/>\n<meta name=\"twitter:card\" content=\"summary_large_image\" \/>\n<meta name=\"twitter:label1\" content=\"Ansl. lesetid\" \/>\n\t<meta name=\"twitter:data1\" content=\"3 minutter\" \/>\n<script type=\"application\/ld+json\" class=\"yoast-schema-graph\">{\"@context\":\"https:\\\/\\\/schema.org\",\"@graph\":[{\"@type\":\"WebPage\",\"@id\":\"https:\\\/\\\/gambling6.com\\\/no\\\/kasino\\\/a-holde-din-online-spillkonto-trygg\\\/\",\"url\":\"https:\\\/\\\/gambling6.com\\\/no\\\/kasino\\\/a-holde-din-online-spillkonto-trygg\\\/\",\"name\":\"Hvordan kan jeg holde nettkasinokontoen min trygg\",\"isPartOf\":{\"@id\":\"https:\\\/\\\/gambling6.com\\\/no\\\/#website\"},\"primaryImageOfPage\":{\"@id\":\"https:\\\/\\\/gambling6.com\\\/no\\\/kasino\\\/a-holde-din-online-spillkonto-trygg\\\/#primaryimage\"},\"image\":{\"@id\":\"https:\\\/\\\/gambling6.com\\\/no\\\/kasino\\\/a-holde-din-online-spillkonto-trygg\\\/#primaryimage\"},\"thumbnailUrl\":\"https:\\\/\\\/gambling6.com\\\/wp-content\\\/uploads\\\/2022\\\/04\\\/1_play_euromillions_online3-300x200.jpg\",\"datePublished\":\"2025-11-08T08:57:20+00:00\",\"dateModified\":\"2025-11-12T16:49:39+00:00\",\"description\":\"Nyttige tips for sikkerhet ved pengespill p\u00e5 nett, slik at du s\u00f8rger for at kasinokontoen din er trygg\",\"breadcrumb\":{\"@id\":\"https:\\\/\\\/gambling6.com\\\/no\\\/kasino\\\/a-holde-din-online-spillkonto-trygg\\\/#breadcrumb\"},\"inLanguage\":\"nb-NO\",\"potentialAction\":[{\"@type\":\"ReadAction\",\"target\":[\"https:\\\/\\\/gambling6.com\\\/no\\\/kasino\\\/a-holde-din-online-spillkonto-trygg\\\/\"]}]},{\"@type\":\"ImageObject\",\"inLanguage\":\"nb-NO\",\"@id\":\"https:\\\/\\\/gambling6.com\\\/no\\\/kasino\\\/a-holde-din-online-spillkonto-trygg\\\/#primaryimage\",\"url\":\"https:\\\/\\\/gambling6.com\\\/wp-content\\\/uploads\\\/2022\\\/04\\\/1_play_euromillions_online3-300x200.jpg\",\"contentUrl\":\"https:\\\/\\\/gambling6.com\\\/wp-content\\\/uploads\\\/2022\\\/04\\\/1_play_euromillions_online3-300x200.jpg\"},{\"@type\":\"BreadcrumbList\",\"@id\":\"https:\\\/\\\/gambling6.com\\\/no\\\/kasino\\\/a-holde-din-online-spillkonto-trygg\\\/#breadcrumb\",\"itemListElement\":[{\"@type\":\"ListItem\",\"position\":1,\"name\":\"Home\",\"item\":\"https:\\\/\\\/gambling6.com\\\/no\\\/home\\\/\"},{\"@type\":\"ListItem\",\"position\":2,\"name\":\"Kasino\",\"item\":\"https:\\\/\\\/gambling6.com\\\/no\\\/kasino\\\/\"},{\"@type\":\"ListItem\",\"position\":3,\"name\":\"\u00c5 holde din online spillkonto trygg\"}]},{\"@type\":\"WebSite\",\"@id\":\"https:\\\/\\\/gambling6.com\\\/no\\\/#website\",\"url\":\"https:\\\/\\\/gambling6.com\\\/no\\\/\",\"name\":\"Gambling6\",\"description\":\"\",\"potentialAction\":[{\"@type\":\"SearchAction\",\"target\":{\"@type\":\"EntryPoint\",\"urlTemplate\":\"https:\\\/\\\/gambling6.com\\\/no\\\/?s={search_term_string}\"},\"query-input\":{\"@type\":\"PropertyValueSpecification\",\"valueRequired\":true,\"valueName\":\"search_term_string\"}}],\"inLanguage\":\"nb-NO\"}]}<\/script>\n<!-- \/ Yoast SEO plugin. -->","yoast_head_json":{"title":"Hvordan kan jeg holde nettkasinokontoen min trygg","description":"Nyttige tips for sikkerhet ved pengespill p\u00e5 nett, slik at du s\u00f8rger for at kasinokontoen din er trygg","robots":{"index":"index","follow":"follow","max-snippet":"max-snippet:-1","max-image-preview":"max-image-preview:large","max-video-preview":"max-video-preview:-1"},"canonical":"https:\/\/gambling6.com\/no\/kasino\/a-holde-din-online-spillkonto-trygg\/","og_locale":"nb_NO","og_type":"article","og_title":"Hvordan kan jeg holde nettkasinokontoen min trygg","og_description":"Nyttige tips for sikkerhet ved pengespill p\u00e5 nett, slik at du s\u00f8rger for at kasinokontoen din er trygg","og_url":"https:\/\/gambling6.com\/no\/kasino\/a-holde-din-online-spillkonto-trygg\/","og_site_name":"Gambling6","article_modified_time":"2025-11-12T16:49:39+00:00","og_image":[{"width":320,"height":213,"url":"https:\/\/gambling6.com\/wp-content\/uploads\/2022\/04\/1_play_euromillions_online3.jpg","type":"image\/jpeg"}],"twitter_card":"summary_large_image","twitter_misc":{"Ansl. lesetid":"3 minutter"},"schema":{"@context":"https:\/\/schema.org","@graph":[{"@type":"WebPage","@id":"https:\/\/gambling6.com\/no\/kasino\/a-holde-din-online-spillkonto-trygg\/","url":"https:\/\/gambling6.com\/no\/kasino\/a-holde-din-online-spillkonto-trygg\/","name":"Hvordan kan jeg holde nettkasinokontoen min trygg","isPartOf":{"@id":"https:\/\/gambling6.com\/no\/#website"},"primaryImageOfPage":{"@id":"https:\/\/gambling6.com\/no\/kasino\/a-holde-din-online-spillkonto-trygg\/#primaryimage"},"image":{"@id":"https:\/\/gambling6.com\/no\/kasino\/a-holde-din-online-spillkonto-trygg\/#primaryimage"},"thumbnailUrl":"https:\/\/gambling6.com\/wp-content\/uploads\/2022\/04\/1_play_euromillions_online3-300x200.jpg","datePublished":"2025-11-08T08:57:20+00:00","dateModified":"2025-11-12T16:49:39+00:00","description":"Nyttige tips for sikkerhet ved pengespill p\u00e5 nett, slik at du s\u00f8rger for at kasinokontoen din er trygg","breadcrumb":{"@id":"https:\/\/gambling6.com\/no\/kasino\/a-holde-din-online-spillkonto-trygg\/#breadcrumb"},"inLanguage":"nb-NO","potentialAction":[{"@type":"ReadAction","target":["https:\/\/gambling6.com\/no\/kasino\/a-holde-din-online-spillkonto-trygg\/"]}]},{"@type":"ImageObject","inLanguage":"nb-NO","@id":"https:\/\/gambling6.com\/no\/kasino\/a-holde-din-online-spillkonto-trygg\/#primaryimage","url":"https:\/\/gambling6.com\/wp-content\/uploads\/2022\/04\/1_play_euromillions_online3-300x200.jpg","contentUrl":"https:\/\/gambling6.com\/wp-content\/uploads\/2022\/04\/1_play_euromillions_online3-300x200.jpg"},{"@type":"BreadcrumbList","@id":"https:\/\/gambling6.com\/no\/kasino\/a-holde-din-online-spillkonto-trygg\/#breadcrumb","itemListElement":[{"@type":"ListItem","position":1,"name":"Home","item":"https:\/\/gambling6.com\/no\/home\/"},{"@type":"ListItem","position":2,"name":"Kasino","item":"https:\/\/gambling6.com\/no\/kasino\/"},{"@type":"ListItem","position":3,"name":"\u00c5 holde din online spillkonto trygg"}]},{"@type":"WebSite","@id":"https:\/\/gambling6.com\/no\/#website","url":"https:\/\/gambling6.com\/no\/","name":"Gambling6","description":"","potentialAction":[{"@type":"SearchAction","target":{"@type":"EntryPoint","urlTemplate":"https:\/\/gambling6.com\/no\/?s={search_term_string}"},"query-input":{"@type":"PropertyValueSpecification","valueRequired":true,"valueName":"search_term_string"}}],"inLanguage":"nb-NO"}]}},"_links":{"self":[{"href":"https:\/\/gambling6.com\/no\/wp-json\/wp\/v2\/pages\/8859","targetHints":{"allow":["GET"]}}],"collection":[{"href":"https:\/\/gambling6.com\/no\/wp-json\/wp\/v2\/pages"}],"about":[{"href":"https:\/\/gambling6.com\/no\/wp-json\/wp\/v2\/types\/page"}],"author":[{"embeddable":true,"href":"https:\/\/gambling6.com\/no\/wp-json\/wp\/v2\/users\/1"}],"replies":[{"embeddable":true,"href":"https:\/\/gambling6.com\/no\/wp-json\/wp\/v2\/comments?post=8859"}],"version-history":[{"count":2,"href":"https:\/\/gambling6.com\/no\/wp-json\/wp\/v2\/pages\/8859\/revisions"}],"predecessor-version":[{"id":10686,"href":"https:\/\/gambling6.com\/no\/wp-json\/wp\/v2\/pages\/8859\/revisions\/10686"}],"up":[{"embeddable":true,"href":"https:\/\/gambling6.com\/no\/wp-json\/wp\/v2\/pages\/8318"}],"wp:attachment":[{"href":"https:\/\/gambling6.com\/no\/wp-json\/wp\/v2\/media?parent=8859"}],"curies":[{"name":"wp","href":"https:\/\/api.w.org\/{rel}","templated":true}]}}