{"id":8897,"date":"2025-11-08T09:31:53","date_gmt":"2025-11-08T09:31:53","guid":{"rendered":"https:\/\/gambling6.com\/kasino\/blackjackens-opprinnelse\/"},"modified":"2025-11-15T09:23:23","modified_gmt":"2025-11-15T09:23:23","slug":"blackjackens-opprinnelse","status":"publish","type":"page","link":"https:\/\/gambling6.com\/no\/kasino\/blackjackens-opprinnelse\/","title":{"rendered":"Blackjackens opprinnelse"},"content":{"rendered":"<h2>N\u00e5r Blackjack f\u00f8rst ble spilt<\/h2>\n<p><a href=\"http:\/\/gambling6.com\/wp-content\/uploads\/2013\/12\/history-of-balck-jack.jpg\"><img loading=\"lazy\" decoding=\"async\" class=\"aligncenter size-full wp-image-547 alignright size-full wp-image-183\" style=\"margin: 5px; float: right;\" src=\"http:\/\/gambling6.com\/wp-content\/uploads\/2013\/12\/history-of-balck-jack.jpg\" alt=\"blackjack-historie\" width=\"243\" height=\"207\" \/><\/a>Spillhistorikere er forvirret over historien og opprinnelsen til spillet vi kjenner som Black Jack. Selv i dag er historien et hett debattemne for mange forskere. Fra kortspillenes historie kan det sl\u00e5s fast at spillkort opprinnelig ble brukt i Kina, India og Egypt s\u00e5 tidlig som \u00e5r 900 e.Kr. De f\u00f8rste kortspillene sies \u00e5 ha startet i Kina.<\/p>\n<p>Men det sies fortsatt at det var franskmennene som virkelig oppfant spillet Blackjack. Franskmennene hadde kortspill kjent som \u00abchemin de fer\u00bb og \u00abfransk Ferme\u00bb. Det antas at Blackjack egentlig er en avlegger av disse to franske spillene.<\/p>\n<p>En gang i \u00e5r 1700 e.Kr. ble et spill kjent som \u00abvingt-et-un\u00bb, som betyr tjueen, introdusert i datidens franske kasinoer. P\u00e5 1800-tallet migrerte det samme spillet til USA.<\/p>\n<p>Selv om \u00abvingt-et-un\u00bb ser ut til \u00e5 v\u00e6re ganske likt Blackjack, er det likevel annerledes p\u00e5 noen m\u00e5ter. I dette spillet er m\u00e5let \u00e5 oppn\u00e5 en \u00abNatural\u00bb med kort som totalt er tjueen. I tillegg ble kortene delt ut i runder, og innsatser ble plassert for hver runde. Dessuten hadde bare dealeren myndighet til \u00e5 \u00abdoble\u00bb, og hvis han eller hun fikk en Natural, ville alle de andre spillerne v\u00e6re forpliktet til \u00e5 betale ham eller henne trippel.<\/p>\n<p>Et annet argument fra de respektive forskerne er at det italienske spillet kjent som \u00abSeven and a half\u00bb ogs\u00e5 kan ha bidratt til dagens Blackjack. Spillet ble spilt med kort nummerert 8, 9 og 10, sammen med bildekort. Bildekortene ble telt som \u00abhalv\u00bb. I tillegg ble ruterkongen behandlet som et jokerkort. Det antas at dette var det f\u00f8rste spillet der konseptet \u00abbust\u00bb ble introdusert. Dette betyr at hvis totalen av kortene var over syv og et halvt for en spiller, gikk vedkommende bust eller ut av spillet.<\/p>\n<p>\u00abOne and thretti\u00bb, det ber\u00f8mte spanske spillet, lignet ogs\u00e5 p\u00e5 Black Jack. Men her var totalen trettien i stedet for tjueen, i tillegg til at det ble spilt med tre kort i stedet for to som i Black Jack.<\/p>\n<p>I utgangspunktet, da Blackjack kom inn p\u00e5 amerikanske kasinoer en gang i 1910, var det ikke veldig popul\u00e6rt. Spillhus introduserte forskjellige insentiver og bonuser for \u00e5 lokke folk til spillet. Bonusutbetalingen som opprinnelig ble tilbudt av spillhuset var 10 til 1. Noen kasinoer tilf\u00f8rte det nye spillet et ekstra tiltrekningskraft, og anerkjente b\u00e5de kl\u00f8verknekt og sparknekt for en utbetaling p\u00e5 ti til \u00e9n.<\/p>\n<p>En annen merkelig ting er hvordan navnet \u00abblackjack\u00bb brukes i dette spillet. Det sies at spillet ble kalt Blackjack fordi spilleren m\u00e5tte ha enten sparknekt eller sparess som sine to f\u00f8rste kort for \u00e5 motta bonusutbetalingen.<\/p>\n<p>Selv om knekt n\u00e5 ikke lenger er p\u00e5lagt \u00e5 ha en vinnende h\u00e5nd, og ethvert kort med verdi ti og et ess vil kvalifisere som en vinnende h\u00e5nd, b\u00e6rer navnet Blackjack en slik h\u00e5nd.<\/p>\n","protected":false},"excerpt":{"rendered":"<p>N\u00e5r Blackjack f\u00f8rst ble spilt Spillhistorikere er forvirret over historien og opprinnelsen til spillet vi kjenner som Black Jack. Selv i dag er historien et hett debattemne for mange forskere. Fra kortspillenes historie kan det sl\u00e5s fast at spillkort opprinnelig ble brukt i Kina, India og Egypt s\u00e5 tidlig som \u00e5r 900 e.Kr. De f\u00f8rste [&hellip;]<\/p>\n","protected":false},"author":1,"featured_media":8882,"parent":8318,"menu_order":56,"comment_status":"closed","ping_status":"closed","template":"","meta":{"footnotes":""},"class_list":["post-8897","page","type-page","status-publish","has-post-thumbnail","hentry"],"yoast_head":"<!-- This site is optimized with the Yoast SEO plugin v27.3 - https:\/\/yoast.com\/product\/yoast-seo-wordpress\/ -->\n<title>Opprinnelsen til Blackjack-kortspillet<\/title>\n<meta name=\"description\" content=\"Les om Black Jacks historie, fra popul\u00e6rt street-spill til kasinotidsfordriv og til nettkasinoer\" \/>\n<meta name=\"robots\" content=\"index, follow, max-snippet:-1, max-image-preview:large, max-video-preview:-1\" \/>\n<link rel=\"canonical\" href=\"https:\/\/gambling6.com\/no\/kasino\/blackjackens-opprinnelse\/\" \/>\n<meta property=\"og:locale\" content=\"nb_NO\" \/>\n<meta property=\"og:type\" content=\"article\" \/>\n<meta property=\"og:title\" content=\"Opprinnelsen til Blackjack-kortspillet\" \/>\n<meta property=\"og:description\" content=\"Les om Black Jacks historie, fra popul\u00e6rt street-spill til kasinotidsfordriv og til nettkasinoer\" \/>\n<meta property=\"og:url\" content=\"https:\/\/gambling6.com\/no\/kasino\/blackjackens-opprinnelse\/\" \/>\n<meta property=\"og:site_name\" content=\"Gambling6\" \/>\n<meta property=\"article:modified_time\" content=\"2025-11-15T09:23:23+00:00\" \/>\n<meta property=\"og:image\" content=\"https:\/\/gambling6.com\/wp-content\/uploads\/2013\/12\/history-of-balck-jack.jpg\" \/>\n\t<meta property=\"og:image:width\" content=\"243\" \/>\n\t<meta property=\"og:image:height\" content=\"207\" \/>\n\t<meta property=\"og:image:type\" content=\"image\/jpeg\" \/>\n<meta name=\"twitter:card\" content=\"summary_large_image\" \/>\n<meta name=\"twitter:label1\" content=\"Ansl. lesetid\" \/>\n\t<meta name=\"twitter:data1\" content=\"2 minutter\" \/>\n<script type=\"application\/ld+json\" class=\"yoast-schema-graph\">{\"@context\":\"https:\\\/\\\/schema.org\",\"@graph\":[{\"@type\":\"WebPage\",\"@id\":\"https:\\\/\\\/gambling6.com\\\/no\\\/kasino\\\/blackjackens-opprinnelse\\\/\",\"url\":\"https:\\\/\\\/gambling6.com\\\/no\\\/kasino\\\/blackjackens-opprinnelse\\\/\",\"name\":\"Opprinnelsen til Blackjack-kortspillet\",\"isPartOf\":{\"@id\":\"https:\\\/\\\/gambling6.com\\\/no\\\/#website\"},\"primaryImageOfPage\":{\"@id\":\"https:\\\/\\\/gambling6.com\\\/no\\\/kasino\\\/blackjackens-opprinnelse\\\/#primaryimage\"},\"image\":{\"@id\":\"https:\\\/\\\/gambling6.com\\\/no\\\/kasino\\\/blackjackens-opprinnelse\\\/#primaryimage\"},\"thumbnailUrl\":\"https:\\\/\\\/gambling6.com\\\/wp-content\\\/uploads\\\/2013\\\/12\\\/history-of-balck-jack.jpg\",\"datePublished\":\"2025-11-08T09:31:53+00:00\",\"dateModified\":\"2025-11-15T09:23:23+00:00\",\"description\":\"Les om Black Jacks historie, fra popul\u00e6rt street-spill til kasinotidsfordriv og til nettkasinoer\",\"breadcrumb\":{\"@id\":\"https:\\\/\\\/gambling6.com\\\/no\\\/kasino\\\/blackjackens-opprinnelse\\\/#breadcrumb\"},\"inLanguage\":\"nb-NO\",\"potentialAction\":[{\"@type\":\"ReadAction\",\"target\":[\"https:\\\/\\\/gambling6.com\\\/no\\\/kasino\\\/blackjackens-opprinnelse\\\/\"]}]},{\"@type\":\"ImageObject\",\"inLanguage\":\"nb-NO\",\"@id\":\"https:\\\/\\\/gambling6.com\\\/no\\\/kasino\\\/blackjackens-opprinnelse\\\/#primaryimage\",\"url\":\"https:\\\/\\\/gambling6.com\\\/wp-content\\\/uploads\\\/2013\\\/12\\\/history-of-balck-jack.jpg\",\"contentUrl\":\"https:\\\/\\\/gambling6.com\\\/wp-content\\\/uploads\\\/2013\\\/12\\\/history-of-balck-jack.jpg\",\"width\":243,\"height\":207,\"caption\":\"blackjack\"},{\"@type\":\"BreadcrumbList\",\"@id\":\"https:\\\/\\\/gambling6.com\\\/no\\\/kasino\\\/blackjackens-opprinnelse\\\/#breadcrumb\",\"itemListElement\":[{\"@type\":\"ListItem\",\"position\":1,\"name\":\"Home\",\"item\":\"https:\\\/\\\/gambling6.com\\\/no\\\/home\\\/\"},{\"@type\":\"ListItem\",\"position\":2,\"name\":\"Kasino\",\"item\":\"https:\\\/\\\/gambling6.com\\\/no\\\/kasino\\\/\"},{\"@type\":\"ListItem\",\"position\":3,\"name\":\"Blackjackens opprinnelse\"}]},{\"@type\":\"WebSite\",\"@id\":\"https:\\\/\\\/gambling6.com\\\/no\\\/#website\",\"url\":\"https:\\\/\\\/gambling6.com\\\/no\\\/\",\"name\":\"Gambling6\",\"description\":\"\",\"potentialAction\":[{\"@type\":\"SearchAction\",\"target\":{\"@type\":\"EntryPoint\",\"urlTemplate\":\"https:\\\/\\\/gambling6.com\\\/no\\\/?s={search_term_string}\"},\"query-input\":{\"@type\":\"PropertyValueSpecification\",\"valueRequired\":true,\"valueName\":\"search_term_string\"}}],\"inLanguage\":\"nb-NO\"}]}<\/script>\n<!-- \/ Yoast SEO plugin. -->","yoast_head_json":{"title":"Opprinnelsen til Blackjack-kortspillet","description":"Les om Black Jacks historie, fra popul\u00e6rt street-spill til kasinotidsfordriv og til nettkasinoer","robots":{"index":"index","follow":"follow","max-snippet":"max-snippet:-1","max-image-preview":"max-image-preview:large","max-video-preview":"max-video-preview:-1"},"canonical":"https:\/\/gambling6.com\/no\/kasino\/blackjackens-opprinnelse\/","og_locale":"nb_NO","og_type":"article","og_title":"Opprinnelsen til Blackjack-kortspillet","og_description":"Les om Black Jacks historie, fra popul\u00e6rt street-spill til kasinotidsfordriv og til nettkasinoer","og_url":"https:\/\/gambling6.com\/no\/kasino\/blackjackens-opprinnelse\/","og_site_name":"Gambling6","article_modified_time":"2025-11-15T09:23:23+00:00","og_image":[{"width":243,"height":207,"url":"https:\/\/gambling6.com\/wp-content\/uploads\/2013\/12\/history-of-balck-jack.jpg","type":"image\/jpeg"}],"twitter_card":"summary_large_image","twitter_misc":{"Ansl. lesetid":"2 minutter"},"schema":{"@context":"https:\/\/schema.org","@graph":[{"@type":"WebPage","@id":"https:\/\/gambling6.com\/no\/kasino\/blackjackens-opprinnelse\/","url":"https:\/\/gambling6.com\/no\/kasino\/blackjackens-opprinnelse\/","name":"Opprinnelsen til Blackjack-kortspillet","isPartOf":{"@id":"https:\/\/gambling6.com\/no\/#website"},"primaryImageOfPage":{"@id":"https:\/\/gambling6.com\/no\/kasino\/blackjackens-opprinnelse\/#primaryimage"},"image":{"@id":"https:\/\/gambling6.com\/no\/kasino\/blackjackens-opprinnelse\/#primaryimage"},"thumbnailUrl":"https:\/\/gambling6.com\/wp-content\/uploads\/2013\/12\/history-of-balck-jack.jpg","datePublished":"2025-11-08T09:31:53+00:00","dateModified":"2025-11-15T09:23:23+00:00","description":"Les om Black Jacks historie, fra popul\u00e6rt street-spill til kasinotidsfordriv og til nettkasinoer","breadcrumb":{"@id":"https:\/\/gambling6.com\/no\/kasino\/blackjackens-opprinnelse\/#breadcrumb"},"inLanguage":"nb-NO","potentialAction":[{"@type":"ReadAction","target":["https:\/\/gambling6.com\/no\/kasino\/blackjackens-opprinnelse\/"]}]},{"@type":"ImageObject","inLanguage":"nb-NO","@id":"https:\/\/gambling6.com\/no\/kasino\/blackjackens-opprinnelse\/#primaryimage","url":"https:\/\/gambling6.com\/wp-content\/uploads\/2013\/12\/history-of-balck-jack.jpg","contentUrl":"https:\/\/gambling6.com\/wp-content\/uploads\/2013\/12\/history-of-balck-jack.jpg","width":243,"height":207,"caption":"blackjack"},{"@type":"BreadcrumbList","@id":"https:\/\/gambling6.com\/no\/kasino\/blackjackens-opprinnelse\/#breadcrumb","itemListElement":[{"@type":"ListItem","position":1,"name":"Home","item":"https:\/\/gambling6.com\/no\/home\/"},{"@type":"ListItem","position":2,"name":"Kasino","item":"https:\/\/gambling6.com\/no\/kasino\/"},{"@type":"ListItem","position":3,"name":"Blackjackens opprinnelse"}]},{"@type":"WebSite","@id":"https:\/\/gambling6.com\/no\/#website","url":"https:\/\/gambling6.com\/no\/","name":"Gambling6","description":"","potentialAction":[{"@type":"SearchAction","target":{"@type":"EntryPoint","urlTemplate":"https:\/\/gambling6.com\/no\/?s={search_term_string}"},"query-input":{"@type":"PropertyValueSpecification","valueRequired":true,"valueName":"search_term_string"}}],"inLanguage":"nb-NO"}]}},"_links":{"self":[{"href":"https:\/\/gambling6.com\/no\/wp-json\/wp\/v2\/pages\/8897","targetHints":{"allow":["GET"]}}],"collection":[{"href":"https:\/\/gambling6.com\/no\/wp-json\/wp\/v2\/pages"}],"about":[{"href":"https:\/\/gambling6.com\/no\/wp-json\/wp\/v2\/types\/page"}],"author":[{"embeddable":true,"href":"https:\/\/gambling6.com\/no\/wp-json\/wp\/v2\/users\/1"}],"replies":[{"embeddable":true,"href":"https:\/\/gambling6.com\/no\/wp-json\/wp\/v2\/comments?post=8897"}],"version-history":[{"count":1,"href":"https:\/\/gambling6.com\/no\/wp-json\/wp\/v2\/pages\/8897\/revisions"}],"predecessor-version":[{"id":10873,"href":"https:\/\/gambling6.com\/no\/wp-json\/wp\/v2\/pages\/8897\/revisions\/10873"}],"up":[{"embeddable":true,"href":"https:\/\/gambling6.com\/no\/wp-json\/wp\/v2\/pages\/8318"}],"wp:featuredmedia":[{"embeddable":true,"href":"https:\/\/gambling6.com\/no\/wp-json\/wp\/v2\/media\/8882"}],"wp:attachment":[{"href":"https:\/\/gambling6.com\/no\/wp-json\/wp\/v2\/media?parent=8897"}],"curies":[{"name":"wp","href":"https:\/\/api.w.org\/{rel}","templated":true}]}}