{"id":8941,"date":"2025-11-08T10:20:41","date_gmt":"2025-11-08T10:20:41","guid":{"rendered":"https:\/\/gambling6.com\/kasino\/alt-du-trenger-a-vite-om-spilleautomater-pa-nett\/"},"modified":"2025-11-12T09:41:41","modified_gmt":"2025-11-12T09:41:41","slug":"alt-du-trenger-a-vite-om-spilleautomater-pa-nett","status":"publish","type":"page","link":"https:\/\/gambling6.com\/no\/kasino\/alt-du-trenger-a-vite-om-spilleautomater-pa-nett\/","title":{"rendered":"Alt du trenger \u00e5 vite om spilleautomater p\u00e5 nett"},"content":{"rendered":"<h2>\u00c5 spille spilleautomater \u2013 det mest popul\u00e6re nettcasinospillet<\/h2>\n<p>Nettautomater er det mest popul\u00e6re valget blant casinospillere, og det er mange grunner til dette. Selv om spillene ser enkle ut ved f\u00f8rste \u00f8yekast, er det faktisk ganske mange ting du b\u00f8r vite om dem, som kan bidra til \u00e5 forbedre resultatene dine og skape en bedre spillopplevelse p\u00e5 nett. For informasjon om ulike elementer ang\u00e5ende spilleautomater med ekte penger, sjekk ut nettstedet v\u00e5rt som er dedikert til \u00e5 l\u00e6re spillere hvordan spillet fungerer og hvilke strategier de kan bruke.<\/p>\n<h2>Introduksjon til nettautomater<\/h2>\n<p><img class=\" alignright size-full wp-image-370\" style=\"margin: 5px; float: right;\" \/><\/p>\n<p>Han kan deretter spinne hjulene, og hvis symbolene stopper i en bestemt kombinasjon p\u00e5 hver valgt linje, vil spillet tildele en premie basert p\u00e5 oddsen og st\u00f8rrelsen p\u00e5 innsatsen. Det er denne enkelheten i spillet som gjorde det s\u00e5 popul\u00e6rt i utgangspunktet, kombinert med potensialet til \u00e5 vinne store premier. Etter hvert som nettcasinoer har blitt stadig mer popul\u00e6re gjennom \u00e5rene, har spilleautomater beholdt sin popularitet etter hvert som spillere har flyttet p\u00e5 nett for enklere tilgang til favorittspillene sine.<\/p>\n<p>De samme reglene gjelder, men nettautomater bruker n\u00e5 tilfeldige tallgeneratorer for \u00e5 bestemme hvilke symboler som vises n\u00e5r hjulene slutter \u00e5 spinne. Oddsen for spilleautomater forblir de samme i teorien, men de fleste spillere hevder at nettautomater er mye mer l\u00f8nnsomme siden de ikke justeres p\u00e5 noen m\u00e5te avhengig av hvor de befinner seg p\u00e5 kasinogulvet.<\/p>\n<h2>Nye muligheter p\u00e5 nett<\/h2>\n<p>Nettautomater har virkelig tatt av de siste \u00e5rene, og internett har gitt programvareutviklere sjansen til \u00e5 ta spillet til neste niv\u00e5. Spillere kan n\u00e5 velge mellom et stort antall gevinstlinjer. Hver ekstra linje har samme odds for \u00e5 treffe en vinnende kombinasjon, slik at spilleren har muligheten til \u00e5 betale mer og spille flere linjer i ett spinn. Internett har ogs\u00e5 gitt den beste m\u00e5ten \u00e5 utvide nettautomater basert p\u00e5 tema og stil. Nye titler slippes ganske ofte og kan dekke ulike temaer, med mulighetene virkelig begrenset bare av fantasien. Popul\u00e6re filmer, som The Dark Knight og Gladiator, inspirerer nettautomater.<\/p>\n<p>Blant de beste casinoene for casinospill med attraktive temaer og i\u00f8ynefallende design er definitivt 888 Casino. <a class=\"thirstylink\" title=\"888 casino en\" href=\"https:\/\/gambling6.com\/go\/888-casino-en\/\" target=\"_blank\" rel=\"nofollow noopener\">Hvis du vil pr\u00f8ve dem ut, f\u00f8lg denne lenken \u2013 du vil ikke bli skuffet.<\/a><\/p>\n<h2>Progressive spilleautomater<\/h2>\n<p>Progressive spilleautomater finnes ogs\u00e5 i fysiske casinoer, men de er veldig popul\u00e6re p\u00e5 nett. Tanken er at casinoet kobler sammen flere spilleautomater slik at hver innsats fra dem kan bidra til \u00e9n standard jackpot som kan vinnes n\u00e5r som helst. N\u00e5r det gjelder nettcasinoer, er det mye enklere \u00e5 koble disse spillene sammen, slik at flere brukere kan spille det samme spillet. Dette resulterer i noen veldig popul\u00e6re progressive spilleautomater som kan gi millioner av dollar annenhver m\u00e5ned.<\/p>\n<p>Jackpotten vokser med hver ekstra innsats plassert av spillere inntil noen treffer den vinnende kombinasjonen og tar hele bel\u00f8pet. For eksempel, i en online spilleautomat med pokertema, vinnes jackpotten ved \u00e5 treffe en Royal Flush. Selvf\u00f8lgelig er det ogs\u00e5 mindre premier gitt for andre kombinasjoner som dukker opp oftere, slik at spillerne ikke bare satser p\u00e5 jackpotten. Popul\u00e6re progressive spilleautomater finnes p\u00e5 flere online kasinoer samtidig, s\u00e5 lenge de bruker samme programvareleverand\u00f8r.<\/p>\n<h2>Strategier for online spilleautomater<\/h2>\n<p>Selv om spilleautomater utelukkende er et flaksspill, kan noen nyttige tips bidra til \u00e5 \u00f8ke fortjenesten din. Det viktigste \u00e5 vite er at et spinn ikke er avhengig av det forrige; hvert spinn har samme odds. Mange spillere tror at hvis de spiller lenge nok, vil de til slutt vinne den store premien. Den beste m\u00e5ten \u00e5 vinne p\u00e5 online spilleautomater er \u00e5 administrere bankrollen din riktig, og unng\u00e5 un\u00f8dvendige risikoer tidlig. Dette betyr at du b\u00f8r spille f\u00e6rre linjer og unng\u00e5 spill som tilbyr &laquo;dobbelt eller ingenting&raquo;-funksjoner. For \u00e5 l\u00e6re bedre hvordan spillet fungerer, kan du f\u00f8rst spille for virtuelle penger.<\/p>\n","protected":false},"excerpt":{"rendered":"<p>\u00c5 spille spilleautomater \u2013 det mest popul\u00e6re nettcasinospillet Nettautomater er det mest popul\u00e6re valget blant casinospillere, og det er mange grunner til dette. Selv om spillene ser enkle ut ved f\u00f8rste \u00f8yekast, er det faktisk ganske mange ting du b\u00f8r vite om dem, som kan bidra til \u00e5 forbedre resultatene dine og skape en bedre [&hellip;]<\/p>\n","protected":false},"author":1,"featured_media":8926,"parent":8318,"menu_order":42,"comment_status":"closed","ping_status":"closed","template":"","meta":{"footnotes":""},"class_list":["post-8941","page","type-page","status-publish","has-post-thumbnail","hentry"],"yoast_head":"<!-- This site is optimized with the Yoast SEO plugin v27.3 - https:\/\/yoast.com\/product\/yoast-seo-wordpress\/ -->\n<title>Informasjon om hvordan man spiller spilleautomater p\u00e5 nett<\/title>\n<meta name=\"description\" content=\"L\u00e6r hvordan du spiller spilleautomater p\u00e5 nett og vinn millioner av dollar i progressive jackpoter med bare ett museklikk.\" \/>\n<meta name=\"robots\" content=\"index, follow, max-snippet:-1, max-image-preview:large, max-video-preview:-1\" \/>\n<link rel=\"canonical\" href=\"https:\/\/gambling6.com\/no\/kasino\/alt-du-trenger-a-vite-om-spilleautomater-pa-nett\/\" \/>\n<meta property=\"og:locale\" content=\"nb_NO\" \/>\n<meta property=\"og:type\" content=\"article\" \/>\n<meta property=\"og:title\" content=\"Informasjon om hvordan man spiller spilleautomater p\u00e5 nett\" \/>\n<meta property=\"og:description\" content=\"L\u00e6r hvordan du spiller spilleautomater p\u00e5 nett og vinn millioner av dollar i progressive jackpoter med bare ett museklikk.\" \/>\n<meta property=\"og:url\" content=\"https:\/\/gambling6.com\/no\/kasino\/alt-du-trenger-a-vite-om-spilleautomater-pa-nett\/\" \/>\n<meta property=\"og:site_name\" content=\"Gambling6\" \/>\n<meta property=\"article:modified_time\" content=\"2025-11-12T09:41:41+00:00\" \/>\n<meta property=\"og:image\" content=\"https:\/\/gambling6.com\/wp-content\/uploads\/2013\/12\/Slots-150x150.jpg\" \/>\n\t<meta property=\"og:image:width\" content=\"150\" \/>\n\t<meta property=\"og:image:height\" content=\"150\" \/>\n\t<meta property=\"og:image:type\" content=\"image\/jpeg\" \/>\n<meta name=\"twitter:card\" content=\"summary_large_image\" \/>\n<meta name=\"twitter:label1\" content=\"Ansl. lesetid\" \/>\n\t<meta name=\"twitter:data1\" content=\"3 minutter\" \/>\n<script type=\"application\/ld+json\" class=\"yoast-schema-graph\">{\"@context\":\"https:\\\/\\\/schema.org\",\"@graph\":[{\"@type\":\"WebPage\",\"@id\":\"https:\\\/\\\/gambling6.com\\\/no\\\/kasino\\\/alt-du-trenger-a-vite-om-spilleautomater-pa-nett\\\/\",\"url\":\"https:\\\/\\\/gambling6.com\\\/no\\\/kasino\\\/alt-du-trenger-a-vite-om-spilleautomater-pa-nett\\\/\",\"name\":\"Informasjon om hvordan man spiller spilleautomater p\u00e5 nett\",\"isPartOf\":{\"@id\":\"https:\\\/\\\/gambling6.com\\\/no\\\/#website\"},\"primaryImageOfPage\":{\"@id\":\"https:\\\/\\\/gambling6.com\\\/no\\\/kasino\\\/alt-du-trenger-a-vite-om-spilleautomater-pa-nett\\\/#primaryimage\"},\"image\":{\"@id\":\"https:\\\/\\\/gambling6.com\\\/no\\\/kasino\\\/alt-du-trenger-a-vite-om-spilleautomater-pa-nett\\\/#primaryimage\"},\"thumbnailUrl\":\"https:\\\/\\\/gambling6.com\\\/wp-content\\\/uploads\\\/2013\\\/12\\\/Slots-150x150.jpg\",\"datePublished\":\"2025-11-08T10:20:41+00:00\",\"dateModified\":\"2025-11-12T09:41:41+00:00\",\"description\":\"L\u00e6r hvordan du spiller spilleautomater p\u00e5 nett og vinn millioner av dollar i progressive jackpoter med bare ett museklikk.\",\"breadcrumb\":{\"@id\":\"https:\\\/\\\/gambling6.com\\\/no\\\/kasino\\\/alt-du-trenger-a-vite-om-spilleautomater-pa-nett\\\/#breadcrumb\"},\"inLanguage\":\"nb-NO\",\"potentialAction\":[{\"@type\":\"ReadAction\",\"target\":[\"https:\\\/\\\/gambling6.com\\\/no\\\/kasino\\\/alt-du-trenger-a-vite-om-spilleautomater-pa-nett\\\/\"]}]},{\"@type\":\"ImageObject\",\"inLanguage\":\"nb-NO\",\"@id\":\"https:\\\/\\\/gambling6.com\\\/no\\\/kasino\\\/alt-du-trenger-a-vite-om-spilleautomater-pa-nett\\\/#primaryimage\",\"url\":\"https:\\\/\\\/gambling6.com\\\/wp-content\\\/uploads\\\/2013\\\/12\\\/Slots-150x150.jpg\",\"contentUrl\":\"https:\\\/\\\/gambling6.com\\\/wp-content\\\/uploads\\\/2013\\\/12\\\/Slots-150x150.jpg\",\"width\":150,\"height\":150},{\"@type\":\"BreadcrumbList\",\"@id\":\"https:\\\/\\\/gambling6.com\\\/no\\\/kasino\\\/alt-du-trenger-a-vite-om-spilleautomater-pa-nett\\\/#breadcrumb\",\"itemListElement\":[{\"@type\":\"ListItem\",\"position\":1,\"name\":\"Home\",\"item\":\"https:\\\/\\\/gambling6.com\\\/no\\\/home\\\/\"},{\"@type\":\"ListItem\",\"position\":2,\"name\":\"Kasino\",\"item\":\"https:\\\/\\\/gambling6.com\\\/no\\\/kasino\\\/\"},{\"@type\":\"ListItem\",\"position\":3,\"name\":\"Alt du trenger \u00e5 vite om spilleautomater p\u00e5 nett\"}]},{\"@type\":\"WebSite\",\"@id\":\"https:\\\/\\\/gambling6.com\\\/no\\\/#website\",\"url\":\"https:\\\/\\\/gambling6.com\\\/no\\\/\",\"name\":\"Gambling6\",\"description\":\"\",\"potentialAction\":[{\"@type\":\"SearchAction\",\"target\":{\"@type\":\"EntryPoint\",\"urlTemplate\":\"https:\\\/\\\/gambling6.com\\\/no\\\/?s={search_term_string}\"},\"query-input\":{\"@type\":\"PropertyValueSpecification\",\"valueRequired\":true,\"valueName\":\"search_term_string\"}}],\"inLanguage\":\"nb-NO\"}]}<\/script>\n<!-- \/ Yoast SEO plugin. -->","yoast_head_json":{"title":"Informasjon om hvordan man spiller spilleautomater p\u00e5 nett","description":"L\u00e6r hvordan du spiller spilleautomater p\u00e5 nett og vinn millioner av dollar i progressive jackpoter med bare ett museklikk.","robots":{"index":"index","follow":"follow","max-snippet":"max-snippet:-1","max-image-preview":"max-image-preview:large","max-video-preview":"max-video-preview:-1"},"canonical":"https:\/\/gambling6.com\/no\/kasino\/alt-du-trenger-a-vite-om-spilleautomater-pa-nett\/","og_locale":"nb_NO","og_type":"article","og_title":"Informasjon om hvordan man spiller spilleautomater p\u00e5 nett","og_description":"L\u00e6r hvordan du spiller spilleautomater p\u00e5 nett og vinn millioner av dollar i progressive jackpoter med bare ett museklikk.","og_url":"https:\/\/gambling6.com\/no\/kasino\/alt-du-trenger-a-vite-om-spilleautomater-pa-nett\/","og_site_name":"Gambling6","article_modified_time":"2025-11-12T09:41:41+00:00","og_image":[{"width":150,"height":150,"url":"https:\/\/gambling6.com\/wp-content\/uploads\/2013\/12\/Slots-150x150.jpg","type":"image\/jpeg"}],"twitter_card":"summary_large_image","twitter_misc":{"Ansl. lesetid":"3 minutter"},"schema":{"@context":"https:\/\/schema.org","@graph":[{"@type":"WebPage","@id":"https:\/\/gambling6.com\/no\/kasino\/alt-du-trenger-a-vite-om-spilleautomater-pa-nett\/","url":"https:\/\/gambling6.com\/no\/kasino\/alt-du-trenger-a-vite-om-spilleautomater-pa-nett\/","name":"Informasjon om hvordan man spiller spilleautomater p\u00e5 nett","isPartOf":{"@id":"https:\/\/gambling6.com\/no\/#website"},"primaryImageOfPage":{"@id":"https:\/\/gambling6.com\/no\/kasino\/alt-du-trenger-a-vite-om-spilleautomater-pa-nett\/#primaryimage"},"image":{"@id":"https:\/\/gambling6.com\/no\/kasino\/alt-du-trenger-a-vite-om-spilleautomater-pa-nett\/#primaryimage"},"thumbnailUrl":"https:\/\/gambling6.com\/wp-content\/uploads\/2013\/12\/Slots-150x150.jpg","datePublished":"2025-11-08T10:20:41+00:00","dateModified":"2025-11-12T09:41:41+00:00","description":"L\u00e6r hvordan du spiller spilleautomater p\u00e5 nett og vinn millioner av dollar i progressive jackpoter med bare ett museklikk.","breadcrumb":{"@id":"https:\/\/gambling6.com\/no\/kasino\/alt-du-trenger-a-vite-om-spilleautomater-pa-nett\/#breadcrumb"},"inLanguage":"nb-NO","potentialAction":[{"@type":"ReadAction","target":["https:\/\/gambling6.com\/no\/kasino\/alt-du-trenger-a-vite-om-spilleautomater-pa-nett\/"]}]},{"@type":"ImageObject","inLanguage":"nb-NO","@id":"https:\/\/gambling6.com\/no\/kasino\/alt-du-trenger-a-vite-om-spilleautomater-pa-nett\/#primaryimage","url":"https:\/\/gambling6.com\/wp-content\/uploads\/2013\/12\/Slots-150x150.jpg","contentUrl":"https:\/\/gambling6.com\/wp-content\/uploads\/2013\/12\/Slots-150x150.jpg","width":150,"height":150},{"@type":"BreadcrumbList","@id":"https:\/\/gambling6.com\/no\/kasino\/alt-du-trenger-a-vite-om-spilleautomater-pa-nett\/#breadcrumb","itemListElement":[{"@type":"ListItem","position":1,"name":"Home","item":"https:\/\/gambling6.com\/no\/home\/"},{"@type":"ListItem","position":2,"name":"Kasino","item":"https:\/\/gambling6.com\/no\/kasino\/"},{"@type":"ListItem","position":3,"name":"Alt du trenger \u00e5 vite om spilleautomater p\u00e5 nett"}]},{"@type":"WebSite","@id":"https:\/\/gambling6.com\/no\/#website","url":"https:\/\/gambling6.com\/no\/","name":"Gambling6","description":"","potentialAction":[{"@type":"SearchAction","target":{"@type":"EntryPoint","urlTemplate":"https:\/\/gambling6.com\/no\/?s={search_term_string}"},"query-input":{"@type":"PropertyValueSpecification","valueRequired":true,"valueName":"search_term_string"}}],"inLanguage":"nb-NO"}]}},"_links":{"self":[{"href":"https:\/\/gambling6.com\/no\/wp-json\/wp\/v2\/pages\/8941","targetHints":{"allow":["GET"]}}],"collection":[{"href":"https:\/\/gambling6.com\/no\/wp-json\/wp\/v2\/pages"}],"about":[{"href":"https:\/\/gambling6.com\/no\/wp-json\/wp\/v2\/types\/page"}],"author":[{"embeddable":true,"href":"https:\/\/gambling6.com\/no\/wp-json\/wp\/v2\/users\/1"}],"replies":[{"embeddable":true,"href":"https:\/\/gambling6.com\/no\/wp-json\/wp\/v2\/comments?post=8941"}],"version-history":[{"count":1,"href":"https:\/\/gambling6.com\/no\/wp-json\/wp\/v2\/pages\/8941\/revisions"}],"predecessor-version":[{"id":10488,"href":"https:\/\/gambling6.com\/no\/wp-json\/wp\/v2\/pages\/8941\/revisions\/10488"}],"up":[{"embeddable":true,"href":"https:\/\/gambling6.com\/no\/wp-json\/wp\/v2\/pages\/8318"}],"wp:featuredmedia":[{"embeddable":true,"href":"https:\/\/gambling6.com\/no\/wp-json\/wp\/v2\/media\/8926"}],"wp:attachment":[{"href":"https:\/\/gambling6.com\/no\/wp-json\/wp\/v2\/media?parent=8941"}],"curies":[{"name":"wp","href":"https:\/\/api.w.org\/{rel}","templated":true}]}}