{"id":8966,"date":"2025-11-08T12:09:41","date_gmt":"2025-11-08T12:09:41","guid":{"rendered":"https:\/\/gambling6.com\/kasino\/hvor-finner-man-spilleautomater-av-topp-kvalitet-pa-nett\/"},"modified":"2025-11-08T12:09:41","modified_gmt":"2025-11-08T12:09:41","slug":"hvor-finner-man-spilleautomater-av-topp-kvalitet-pa-nett","status":"publish","type":"page","link":"https:\/\/gambling6.com\/no\/kasino\/hvor-finner-man-spilleautomater-av-topp-kvalitet-pa-nett\/","title":{"rendered":"Hvor finner man spilleautomater av topp kvalitet p\u00e5 nett"},"content":{"rendered":"<h2>Kvalitetscasinoer for spilleautomater p\u00e5 nett<\/h2>\n<p>N\u00e5r det gjelder nettcasinoer, er spilleautomater vanligvis den beste n\u00e5r det gjelder variasjon, antall spillere og jackpoter. Det er selvf\u00f8lgelig veldig lett \u00e5 se hvorfor spilleautomater p\u00e5 nett er s\u00e5 popul\u00e6re, og med bare ett enkelt spinn med symbolene har hver spiller potensial til \u00e5 vinne store premier, til og med millioner av dollar. Faktisk er spilleautomater s\u00e5 popul\u00e6re p\u00e5 nett at noen nettcasinoer tilbyr spesielle bonuser bare for disse spillene, siden spillere bare blir med for \u00e5 spille forskjellige spilleautomater, og de er ikke interessert i noe annet. Siden den beste strategien i spilleautomater p\u00e5 nett er \u00e5 spille mer, kommer disse bonusene raskt godt med.<\/p>\n<h2>Leverand\u00f8rer av programvare for kasinospill<\/h2>\n<p><img loading=\"lazy\" decoding=\"async\" class=\"size-full wp-image-400 alignright\" src=\"https:\/\/gambling6.com\/wp-content\/uploads\/2013\/12\/mobile-gambling-150x150.jpg\" alt=\"online spilleautomat\" width=\"150\" height=\"150\" \/>Hvert nettcasino drives av en programvareutvikler, og det finnes ganske mange selskaper som har gjort seg bemerket ved \u00e5 tilby noen av de flotteste kasinospillene p\u00e5 internett. F\u00f8lg lenken hvis du ikke vet hvilken spilleautomatprogramvare du b\u00f8r velge, s\u00e5 tar dette deg til de to mest popul\u00e6re navnene i bransjen.<\/p>\n<h2>Spille de beste spilleautomatene p\u00e5 internett<\/h2>\n<p>Grafikken og funksjonene kan variere mye avhengig av programvaren, s\u00e5 det er alltid en god id\u00e9 \u00e5 sjekke ut flere alternativer og se hvilke du synes er mest tiltalende. Ved \u00e5 vite hvordan noen spill fra en bestemt programvareutvikler ser ut, kan du ha det mye enklere n\u00e5r du s\u00f8ker etter \u00e5 bli med i et nytt nettcasino. Selv om noen nettsteder har noen unike spill, spesielt designet for det aktuelle nettcasinoet, har alle nettstedene som drives av samme programvareleverand\u00f8r nesten de samme spillene. For \u00e5 sikre at kundene deres er forn\u00f8yde, tilbyr noen nettcasinoer spill fra flere programvareleverand\u00f8rer, og dette er alltid hyggelig \u00e5 se.<\/p>\n<h3>Online spilleautomater<\/h3>\n<p>Med s\u00e5 mange nettcasinoer som tilbyr spilleautomater fra forskjellige leverand\u00f8rer, kan det v\u00e6re veldig vanskelig \u00e5 vite hvilke som faktisk er best. Det vil garantere en flott spillopplevelse hver gang. Sjekk ut dette alternativet, som n\u00e5 regnes som casinoet med de beste spilleautomatene p\u00e5 internett, siden det stort sett tilbyr alt. Nettstedet som er oppf\u00f8rt her, kan endres hvis et bedre alternativ dukker opp, men forel\u00f8pig er det beste nettstedet \u00e5 spille spilleautomater p\u00e5 888 Casino. 888 er en av lederne innen online gambling med en stor sportsbook, et realistisk pokerrom og et stort casino.<\/p>\n<p>Det som gj\u00f8r 888 Casino til et s\u00e5 flott sted \u00e5 spille spilleautomater, er at de har en lang liste med alternativer med titler fra Playtech, IGT, Microgaming og noen av sine egne. Det vil ta en ny spiller flere dager \u00e5 g\u00e5 gjennom alle spillene som er tilgjengelige, og de forskjellige stilene garanterer at han aldri vil bli lei.<\/p>\n<p><a href=\"https:\/\/ic.aff-handler.com\/C\/45871?sr=1064399&amp;anid=\" rel=\"nofollow\"><img loading=\"lazy\" decoding=\"async\" class=\"aligncenter\" src=\"https:\/\/ic.aff-handler.com\/I\/45871?sr=1064399&amp;anid=\" width=\"725\" height=\"93\" \/><\/a><\/p>\n<p>Selvf\u00f8lgelig handler et godt nettcasino ikke bare om spillene det tilbyr; ulike faktorer m\u00e5 v\u00e6re sterke for at nettstedet generelt skal anses som viktig. Kanskje det viktigste er sikkerhet, siden \u00f8konomiske transaksjoner er en stor del av nettgambling, og nettcasinoet b\u00f8r garantere at alt er trygt og sikkert hver gang.<\/p>\n<p>Og hvis du er bosatt i USA, hindrer amerikansk lovgivning deg i \u00e5 bli med i 888 Casino. Gode \u200b\u200balternativer for amerikanske spillere er knappe, men vi kan anbefale BetOnline Casino for all din online gambling. Klikk p\u00e5 banneret nedenfor for \u00e5 bes\u00f8ke BetOnlineCasino \u2013 du vil ikke bli skuffet!<\/p>\n<p><a class=\"thirstylink\" title=\"Betonline casino no\" href=\"https:\/\/gambling6.com\/go\/betonline-casino-en\/\" target=\"_blank\" rel=\"nofollow noopener\"><img loading=\"lazy\" decoding=\"async\" class=\"wp-image-7875 aligncenter\" src=\"https:\/\/gambling6.com\/wp-content\/uploads\/2025\/10\/BOL_AQC_banner_468x60_FS1_casino-300x38.gif\" alt=\"BetOnline casino\" width=\"553\" height=\"70\" \/><\/a><\/p>\n<p>Derfor er det alltid lurt \u00e5 sjekke anmeldelser og se hvilke online casinoer som er p\u00e5litelige og hvilke som er kjent for utbetalingsproblemer. Siden vi snakker om penger, har bonuser og kampanjer blitt veldig viktige de siste \u00e5rene, og de er vanligvis det f\u00f8rste en ny spiller sjekker ut. Det er veldig vanlig at topp nettcasinoer tilbyr velkomstbonuser basert p\u00e5 innskuddsbel\u00f8p, og spilleautomatbonuser er mest vanlige p\u00e5 grunn av spillets popularitet.<\/p>\n","protected":false},"excerpt":{"rendered":"<p>Kvalitetscasinoer for spilleautomater p\u00e5 nett N\u00e5r det gjelder nettcasinoer, er spilleautomater vanligvis den beste n\u00e5r det gjelder variasjon, antall spillere og jackpoter. Det er selvf\u00f8lgelig veldig lett \u00e5 se hvorfor spilleautomater p\u00e5 nett er s\u00e5 popul\u00e6re, og med bare ett enkelt spinn med symbolene har hver spiller potensial til \u00e5 vinne store premier, til og [&hellip;]<\/p>\n","protected":false},"author":1,"featured_media":0,"parent":8318,"menu_order":47,"comment_status":"closed","ping_status":"closed","template":"","meta":{"footnotes":""},"class_list":["post-8966","page","type-page","status-publish","hentry"],"yoast_head":"<!-- This site is optimized with the Yoast SEO plugin v27.3 - https:\/\/yoast.com\/product\/yoast-seo-wordpress\/ -->\n<title>Spilleautomater p\u00e5 nett av topp kvalitet<\/title>\n<meta name=\"description\" content=\"Spill de beste spilleautomatene og spilleautomatene p\u00e5 internett. Finn spilleautomater av topp kvalitet p\u00e5 nett her!\" \/>\n<meta name=\"robots\" content=\"index, follow, max-snippet:-1, max-image-preview:large, max-video-preview:-1\" \/>\n<link rel=\"canonical\" href=\"https:\/\/gambling6.com\/no\/kasino\/hvor-finner-man-spilleautomater-av-topp-kvalitet-pa-nett\/\" \/>\n<meta property=\"og:locale\" content=\"nb_NO\" \/>\n<meta property=\"og:type\" content=\"article\" \/>\n<meta property=\"og:title\" content=\"Spilleautomater p\u00e5 nett av topp kvalitet\" \/>\n<meta property=\"og:description\" content=\"Spill de beste spilleautomatene og spilleautomatene p\u00e5 internett. Finn spilleautomater av topp kvalitet p\u00e5 nett her!\" \/>\n<meta property=\"og:url\" content=\"https:\/\/gambling6.com\/no\/kasino\/hvor-finner-man-spilleautomater-av-topp-kvalitet-pa-nett\/\" \/>\n<meta property=\"og:site_name\" content=\"Gambling6\" \/>\n<meta property=\"og:image\" content=\"https:\/\/gambling6.com\/wp-content\/uploads\/2013\/12\/mobile-gambling-150x150.jpg\" \/>\n\t<meta property=\"og:image:width\" content=\"150\" \/>\n\t<meta property=\"og:image:height\" content=\"150\" \/>\n\t<meta property=\"og:image:type\" content=\"image\/jpeg\" \/>\n<meta name=\"twitter:card\" content=\"summary_large_image\" \/>\n<meta name=\"twitter:label1\" content=\"Ansl. lesetid\" \/>\n\t<meta name=\"twitter:data1\" content=\"3 minutter\" \/>\n<script type=\"application\/ld+json\" class=\"yoast-schema-graph\">{\"@context\":\"https:\\\/\\\/schema.org\",\"@graph\":[{\"@type\":\"WebPage\",\"@id\":\"https:\\\/\\\/gambling6.com\\\/no\\\/kasino\\\/hvor-finner-man-spilleautomater-av-topp-kvalitet-pa-nett\\\/\",\"url\":\"https:\\\/\\\/gambling6.com\\\/no\\\/kasino\\\/hvor-finner-man-spilleautomater-av-topp-kvalitet-pa-nett\\\/\",\"name\":\"Spilleautomater p\u00e5 nett av topp kvalitet\",\"isPartOf\":{\"@id\":\"https:\\\/\\\/gambling6.com\\\/no\\\/#website\"},\"primaryImageOfPage\":{\"@id\":\"https:\\\/\\\/gambling6.com\\\/no\\\/kasino\\\/hvor-finner-man-spilleautomater-av-topp-kvalitet-pa-nett\\\/#primaryimage\"},\"image\":{\"@id\":\"https:\\\/\\\/gambling6.com\\\/no\\\/kasino\\\/hvor-finner-man-spilleautomater-av-topp-kvalitet-pa-nett\\\/#primaryimage\"},\"thumbnailUrl\":\"https:\\\/\\\/gambling6.com\\\/wp-content\\\/uploads\\\/2013\\\/12\\\/mobile-gambling-150x150.jpg\",\"datePublished\":\"2025-11-08T12:09:41+00:00\",\"description\":\"Spill de beste spilleautomatene og spilleautomatene p\u00e5 internett. Finn spilleautomater av topp kvalitet p\u00e5 nett her!\",\"breadcrumb\":{\"@id\":\"https:\\\/\\\/gambling6.com\\\/no\\\/kasino\\\/hvor-finner-man-spilleautomater-av-topp-kvalitet-pa-nett\\\/#breadcrumb\"},\"inLanguage\":\"nb-NO\",\"potentialAction\":[{\"@type\":\"ReadAction\",\"target\":[\"https:\\\/\\\/gambling6.com\\\/no\\\/kasino\\\/hvor-finner-man-spilleautomater-av-topp-kvalitet-pa-nett\\\/\"]}]},{\"@type\":\"ImageObject\",\"inLanguage\":\"nb-NO\",\"@id\":\"https:\\\/\\\/gambling6.com\\\/no\\\/kasino\\\/hvor-finner-man-spilleautomater-av-topp-kvalitet-pa-nett\\\/#primaryimage\",\"url\":\"https:\\\/\\\/gambling6.com\\\/wp-content\\\/uploads\\\/2013\\\/12\\\/mobile-gambling-150x150.jpg\",\"contentUrl\":\"https:\\\/\\\/gambling6.com\\\/wp-content\\\/uploads\\\/2013\\\/12\\\/mobile-gambling-150x150.jpg\"},{\"@type\":\"BreadcrumbList\",\"@id\":\"https:\\\/\\\/gambling6.com\\\/no\\\/kasino\\\/hvor-finner-man-spilleautomater-av-topp-kvalitet-pa-nett\\\/#breadcrumb\",\"itemListElement\":[{\"@type\":\"ListItem\",\"position\":1,\"name\":\"Home\",\"item\":\"https:\\\/\\\/gambling6.com\\\/no\\\/home\\\/\"},{\"@type\":\"ListItem\",\"position\":2,\"name\":\"Kasino\",\"item\":\"https:\\\/\\\/gambling6.com\\\/no\\\/kasino\\\/\"},{\"@type\":\"ListItem\",\"position\":3,\"name\":\"Hvor finner man spilleautomater av topp kvalitet p\u00e5 nett\"}]},{\"@type\":\"WebSite\",\"@id\":\"https:\\\/\\\/gambling6.com\\\/no\\\/#website\",\"url\":\"https:\\\/\\\/gambling6.com\\\/no\\\/\",\"name\":\"Gambling6\",\"description\":\"\",\"potentialAction\":[{\"@type\":\"SearchAction\",\"target\":{\"@type\":\"EntryPoint\",\"urlTemplate\":\"https:\\\/\\\/gambling6.com\\\/no\\\/?s={search_term_string}\"},\"query-input\":{\"@type\":\"PropertyValueSpecification\",\"valueRequired\":true,\"valueName\":\"search_term_string\"}}],\"inLanguage\":\"nb-NO\"}]}<\/script>\n<!-- \/ Yoast SEO plugin. -->","yoast_head_json":{"title":"Spilleautomater p\u00e5 nett av topp kvalitet","description":"Spill de beste spilleautomatene og spilleautomatene p\u00e5 internett. Finn spilleautomater av topp kvalitet p\u00e5 nett her!","robots":{"index":"index","follow":"follow","max-snippet":"max-snippet:-1","max-image-preview":"max-image-preview:large","max-video-preview":"max-video-preview:-1"},"canonical":"https:\/\/gambling6.com\/no\/kasino\/hvor-finner-man-spilleautomater-av-topp-kvalitet-pa-nett\/","og_locale":"nb_NO","og_type":"article","og_title":"Spilleautomater p\u00e5 nett av topp kvalitet","og_description":"Spill de beste spilleautomatene og spilleautomatene p\u00e5 internett. Finn spilleautomater av topp kvalitet p\u00e5 nett her!","og_url":"https:\/\/gambling6.com\/no\/kasino\/hvor-finner-man-spilleautomater-av-topp-kvalitet-pa-nett\/","og_site_name":"Gambling6","og_image":[{"width":150,"height":150,"url":"https:\/\/gambling6.com\/wp-content\/uploads\/2013\/12\/mobile-gambling-150x150.jpg","type":"image\/jpeg"}],"twitter_card":"summary_large_image","twitter_misc":{"Ansl. lesetid":"3 minutter"},"schema":{"@context":"https:\/\/schema.org","@graph":[{"@type":"WebPage","@id":"https:\/\/gambling6.com\/no\/kasino\/hvor-finner-man-spilleautomater-av-topp-kvalitet-pa-nett\/","url":"https:\/\/gambling6.com\/no\/kasino\/hvor-finner-man-spilleautomater-av-topp-kvalitet-pa-nett\/","name":"Spilleautomater p\u00e5 nett av topp kvalitet","isPartOf":{"@id":"https:\/\/gambling6.com\/no\/#website"},"primaryImageOfPage":{"@id":"https:\/\/gambling6.com\/no\/kasino\/hvor-finner-man-spilleautomater-av-topp-kvalitet-pa-nett\/#primaryimage"},"image":{"@id":"https:\/\/gambling6.com\/no\/kasino\/hvor-finner-man-spilleautomater-av-topp-kvalitet-pa-nett\/#primaryimage"},"thumbnailUrl":"https:\/\/gambling6.com\/wp-content\/uploads\/2013\/12\/mobile-gambling-150x150.jpg","datePublished":"2025-11-08T12:09:41+00:00","description":"Spill de beste spilleautomatene og spilleautomatene p\u00e5 internett. Finn spilleautomater av topp kvalitet p\u00e5 nett her!","breadcrumb":{"@id":"https:\/\/gambling6.com\/no\/kasino\/hvor-finner-man-spilleautomater-av-topp-kvalitet-pa-nett\/#breadcrumb"},"inLanguage":"nb-NO","potentialAction":[{"@type":"ReadAction","target":["https:\/\/gambling6.com\/no\/kasino\/hvor-finner-man-spilleautomater-av-topp-kvalitet-pa-nett\/"]}]},{"@type":"ImageObject","inLanguage":"nb-NO","@id":"https:\/\/gambling6.com\/no\/kasino\/hvor-finner-man-spilleautomater-av-topp-kvalitet-pa-nett\/#primaryimage","url":"https:\/\/gambling6.com\/wp-content\/uploads\/2013\/12\/mobile-gambling-150x150.jpg","contentUrl":"https:\/\/gambling6.com\/wp-content\/uploads\/2013\/12\/mobile-gambling-150x150.jpg"},{"@type":"BreadcrumbList","@id":"https:\/\/gambling6.com\/no\/kasino\/hvor-finner-man-spilleautomater-av-topp-kvalitet-pa-nett\/#breadcrumb","itemListElement":[{"@type":"ListItem","position":1,"name":"Home","item":"https:\/\/gambling6.com\/no\/home\/"},{"@type":"ListItem","position":2,"name":"Kasino","item":"https:\/\/gambling6.com\/no\/kasino\/"},{"@type":"ListItem","position":3,"name":"Hvor finner man spilleautomater av topp kvalitet p\u00e5 nett"}]},{"@type":"WebSite","@id":"https:\/\/gambling6.com\/no\/#website","url":"https:\/\/gambling6.com\/no\/","name":"Gambling6","description":"","potentialAction":[{"@type":"SearchAction","target":{"@type":"EntryPoint","urlTemplate":"https:\/\/gambling6.com\/no\/?s={search_term_string}"},"query-input":{"@type":"PropertyValueSpecification","valueRequired":true,"valueName":"search_term_string"}}],"inLanguage":"nb-NO"}]}},"_links":{"self":[{"href":"https:\/\/gambling6.com\/no\/wp-json\/wp\/v2\/pages\/8966","targetHints":{"allow":["GET"]}}],"collection":[{"href":"https:\/\/gambling6.com\/no\/wp-json\/wp\/v2\/pages"}],"about":[{"href":"https:\/\/gambling6.com\/no\/wp-json\/wp\/v2\/types\/page"}],"author":[{"embeddable":true,"href":"https:\/\/gambling6.com\/no\/wp-json\/wp\/v2\/users\/1"}],"replies":[{"embeddable":true,"href":"https:\/\/gambling6.com\/no\/wp-json\/wp\/v2\/comments?post=8966"}],"version-history":[{"count":0,"href":"https:\/\/gambling6.com\/no\/wp-json\/wp\/v2\/pages\/8966\/revisions"}],"up":[{"embeddable":true,"href":"https:\/\/gambling6.com\/no\/wp-json\/wp\/v2\/pages\/8318"}],"wp:attachment":[{"href":"https:\/\/gambling6.com\/no\/wp-json\/wp\/v2\/media?parent=8966"}],"curies":[{"name":"wp","href":"https:\/\/api.w.org\/{rel}","templated":true}]}}