{"id":9009,"date":"2025-11-08T12:56:43","date_gmt":"2025-11-08T12:56:43","guid":{"rendered":"https:\/\/gambling6.com\/kasino\/noen-kasinospill-er-faktisk-gratis\/"},"modified":"2025-11-15T09:30:34","modified_gmt":"2025-11-15T09:30:34","slug":"noen-kasinospill-er-faktisk-gratis","status":"publish","type":"page","link":"https:\/\/gambling6.com\/no\/kasino\/noen-kasinospill-er-faktisk-gratis\/","title":{"rendered":"Noen kasinospill er faktisk gratis!"},"content":{"rendered":"<h2>Hvorfor kasinoer tilbyr gratis spill<\/h2>\n<p>Med internetteknologiens fremvekst har de fleste <a href=\"http:\/\/gambling6.com\/wp-content\/uploads\/2013\/12\/img_116.png\"><img loading=\"lazy\" decoding=\"async\" class=\"alignright size-full wp-image-638 alignleft size-full wp-image-238\" style=\"margin: 5px; float: left;\" src=\"http:\/\/gambling6.com\/wp-content\/uploads\/2013\/12\/img_116.png\" alt=\"fre2 kasinospill\" width=\"219\" height=\"151\" \/><\/a>kasinofans begynt \u00e5 spille kasinospill fra komforten av sitt eget hjem. Nettkasinoer tilbyr flere fordeler enn landbaserte kasinoer. \u00c5 spille spill p\u00e5 nett gir ikke bare bekvemmelighet, men lar deg ogs\u00e5 spille favorittspillene dine uten \u00e5 risikere pengene dine. Nettkasinoer m\u00f8ter t\u00f8ff konkurranse, s\u00e5 de tilbyr gratis spill for \u00e5 oppmuntre nye spillere til \u00e5 bli medlemmer. Du kan spille disse gratis spillene til du finpusser ferdighetene dine og blir ekspert.<\/p>\n<h2>Hva du kan forvente n\u00e5r du velger kasinoer som tilbyr gratis spill<\/h2>\n<p>Det viktigste du m\u00e5 gj\u00f8re for \u00e5 spille gratis kasinospill er \u00e5 s\u00f8ke etter et godt nettsted som tilbyr et bredt utvalg av spill gratis. S\u00f8rg for at nettstedet er p\u00e5litelig og anerkjent. Ditt online spilleventyr begynner med \u00e5 \u00e5pne en konto. Nettkasinoer krever at du oppgir personlige opplysninger som navn, alder, adresse og e-postadresse. De beste kasinoene pr\u00f8ver \u00e5 tilby et trygt og komfortabelt milj\u00f8, hvor du kan kose deg med \u00e5 spille favorittspillene dine i timevis. N\u00e5r du har registrert kontoen din p\u00e5 nettstedet, kan du velge mellom moromodus og ekte pengemodus. Du kan velge moromodus eller gratis pengemodus for \u00e5 pr\u00f8ve forskjellige spill uten \u00e5 bruke penger fra lommeboken din.<\/p>\n<h2>Er det noen risiko ved \u00e5 spille gratis spill?<\/h2>\n<p>Det er ingen risiko ved \u00e5 spille gratis kasinospill hvis du er forsiktig med \u00e5 velge et p\u00e5litelig nettsted. Kasinoene tar alle n\u00f8dvendige skritt for \u00e5 tilby deg en herlig spillopplevelse, slik at du kan bli en ekte spiller.<\/p>\n<p>Hvis du \u00f8nsker \u00e5 pr\u00f8ve kasinospill gratis mens du spiller med ekte penger, har vi en utmerket anbefaling til deg. 888 Casino gir deg \u20ac20 \u00e5 spille med, uten at du trenger \u00e5 gj\u00f8re et eget innskudd. Og hvis du bestemmer deg for \u00e5 sette inn ytterligere penger senere, vil du fortsatt f\u00e5 en bonus p\u00e5 opptil \u20ac1500 p\u00e5 ditt f\u00f8rste innskudd.<\/p>\n<p><a href=\"https:\/\/ic.aff-handler.com\/C\/45871?sr=1064399&amp;anid=\" rel=\"nofollow\"><img loading=\"lazy\" decoding=\"async\" class=\"aligncenter\" src=\"https:\/\/ic.aff-handler.com\/I\/45871?sr=1064399&amp;anid=\" width=\"594\" height=\"77\" \/><\/a><br \/>\n<strong>Finnes det noen restriksjoner?<\/strong><\/p>\n<p>Nettkasinoer lar deg vanligvis spille spill et bestemt antall ganger og i en bestemt periode. Det kan v\u00e6re noen restriksjoner p\u00e5 \u00e5 spille gratis spill. Kasinoene lar deg kanskje ikke spille alle spillene p\u00e5 nettstedet deres gratis. De fleste kasinoer krever at du plasserer innsatsen din et bestemt antall ganger f\u00f8r du kan ta ut pengene du har vunnet.<\/p>\n<h2>Hvor finner du gratis kasinospill<\/h2>\n<p>Mange nettsteder lar deg spille gratis <strong>kasinospill<\/strong>. Det beste stedet \u00e5 spille gratis spill er et nettsted som ikke krever at du laster ned programvare. Det lar deg spille spill umiddelbart ved \u00e5 klikke p\u00e5 favorittspillet ditt. Du kan sjekke om nettstedet tilbyr et bredt utvalg av gratis spill, som gratis bordspill, spilleautomater, bingo, videopoker og andre spill, slik at du ikke blir lei med det f\u00f8rste.<\/p>\n<p>Gratis **kasinospill** gir deg muligheten til \u00e5 teste nye programmer, teknikker eller strategier og bekrefte om de vil fungere for deg i et ekte online spillmilj\u00f8. Siden du ikke kommer til \u00e5 tape penger, vil du ikke f\u00f8le noe press mens du spiller.<\/p>\n","protected":false},"excerpt":{"rendered":"<p>Hvorfor kasinoer tilbyr gratis spill Med internetteknologiens fremvekst har de fleste kasinofans begynt \u00e5 spille kasinospill fra komforten av sitt eget hjem. Nettkasinoer tilbyr flere fordeler enn landbaserte kasinoer. \u00c5 spille spill p\u00e5 nett gir ikke bare bekvemmelighet, men lar deg ogs\u00e5 spille favorittspillene dine uten \u00e5 risikere pengene dine. Nettkasinoer m\u00f8ter t\u00f8ff konkurranse, s\u00e5 [&hellip;]<\/p>\n","protected":false},"author":1,"featured_media":8994,"parent":8318,"menu_order":53,"comment_status":"closed","ping_status":"closed","template":"","meta":{"footnotes":""},"class_list":["post-9009","page","type-page","status-publish","has-post-thumbnail","hentry"],"yoast_head":"<!-- This site is optimized with the Yoast SEO plugin v27.4 - https:\/\/yoast.com\/product\/yoast-seo-wordpress\/ -->\n<title>Spill online kasinospill gratis<\/title>\n<meta name=\"description\" content=\"\u00c5 spille gratis kasinospill er veldig g\u00f8y. Det er nyttig \u00e5 vite noen viktige ting om gratis kasinospill.\" \/>\n<meta name=\"robots\" content=\"index, follow, max-snippet:-1, max-image-preview:large, max-video-preview:-1\" \/>\n<link rel=\"canonical\" href=\"https:\/\/gambling6.com\/no\/kasino\/noen-kasinospill-er-faktisk-gratis\/\" \/>\n<meta property=\"og:locale\" content=\"nb_NO\" \/>\n<meta property=\"og:type\" content=\"article\" \/>\n<meta property=\"og:title\" content=\"Spill online kasinospill gratis\" \/>\n<meta property=\"og:description\" content=\"\u00c5 spille gratis kasinospill er veldig g\u00f8y. Det er nyttig \u00e5 vite noen viktige ting om gratis kasinospill.\" \/>\n<meta property=\"og:url\" content=\"https:\/\/gambling6.com\/no\/kasino\/noen-kasinospill-er-faktisk-gratis\/\" \/>\n<meta property=\"og:site_name\" content=\"Gambling6\" \/>\n<meta property=\"article:modified_time\" content=\"2025-11-15T09:30:34+00:00\" \/>\n<meta property=\"og:image\" content=\"https:\/\/gambling6.com\/wp-content\/uploads\/2013\/12\/img_116.png\" \/>\n\t<meta property=\"og:image:width\" content=\"270\" \/>\n\t<meta property=\"og:image:height\" content=\"186\" \/>\n\t<meta property=\"og:image:type\" content=\"image\/png\" \/>\n<meta name=\"twitter:card\" content=\"summary_large_image\" \/>\n<meta name=\"twitter:label1\" content=\"Ansl. lesetid\" \/>\n\t<meta name=\"twitter:data1\" content=\"2 minutter\" \/>\n<script type=\"application\/ld+json\" class=\"yoast-schema-graph\">{\"@context\":\"https:\\\/\\\/schema.org\",\"@graph\":[{\"@type\":\"WebPage\",\"@id\":\"https:\\\/\\\/gambling6.com\\\/no\\\/kasino\\\/noen-kasinospill-er-faktisk-gratis\\\/\",\"url\":\"https:\\\/\\\/gambling6.com\\\/no\\\/kasino\\\/noen-kasinospill-er-faktisk-gratis\\\/\",\"name\":\"Spill online kasinospill gratis\",\"isPartOf\":{\"@id\":\"https:\\\/\\\/gambling6.com\\\/no\\\/#website\"},\"primaryImageOfPage\":{\"@id\":\"https:\\\/\\\/gambling6.com\\\/no\\\/kasino\\\/noen-kasinospill-er-faktisk-gratis\\\/#primaryimage\"},\"image\":{\"@id\":\"https:\\\/\\\/gambling6.com\\\/no\\\/kasino\\\/noen-kasinospill-er-faktisk-gratis\\\/#primaryimage\"},\"thumbnailUrl\":\"https:\\\/\\\/gambling6.com\\\/wp-content\\\/uploads\\\/2013\\\/12\\\/img_116.png\",\"datePublished\":\"2025-11-08T12:56:43+00:00\",\"dateModified\":\"2025-11-15T09:30:34+00:00\",\"description\":\"\u00c5 spille gratis kasinospill er veldig g\u00f8y. Det er nyttig \u00e5 vite noen viktige ting om gratis kasinospill.\",\"breadcrumb\":{\"@id\":\"https:\\\/\\\/gambling6.com\\\/no\\\/kasino\\\/noen-kasinospill-er-faktisk-gratis\\\/#breadcrumb\"},\"inLanguage\":\"nb-NO\",\"potentialAction\":[{\"@type\":\"ReadAction\",\"target\":[\"https:\\\/\\\/gambling6.com\\\/no\\\/kasino\\\/noen-kasinospill-er-faktisk-gratis\\\/\"]}]},{\"@type\":\"ImageObject\",\"inLanguage\":\"nb-NO\",\"@id\":\"https:\\\/\\\/gambling6.com\\\/no\\\/kasino\\\/noen-kasinospill-er-faktisk-gratis\\\/#primaryimage\",\"url\":\"https:\\\/\\\/gambling6.com\\\/wp-content\\\/uploads\\\/2013\\\/12\\\/img_116.png\",\"contentUrl\":\"https:\\\/\\\/gambling6.com\\\/wp-content\\\/uploads\\\/2013\\\/12\\\/img_116.png\",\"width\":270,\"height\":186},{\"@type\":\"BreadcrumbList\",\"@id\":\"https:\\\/\\\/gambling6.com\\\/no\\\/kasino\\\/noen-kasinospill-er-faktisk-gratis\\\/#breadcrumb\",\"itemListElement\":[{\"@type\":\"ListItem\",\"position\":1,\"name\":\"Home\",\"item\":\"https:\\\/\\\/gambling6.com\\\/no\\\/home\\\/\"},{\"@type\":\"ListItem\",\"position\":2,\"name\":\"Kasino\",\"item\":\"https:\\\/\\\/gambling6.com\\\/no\\\/kasino\\\/\"},{\"@type\":\"ListItem\",\"position\":3,\"name\":\"Noen kasinospill er faktisk gratis!\"}]},{\"@type\":\"WebSite\",\"@id\":\"https:\\\/\\\/gambling6.com\\\/no\\\/#website\",\"url\":\"https:\\\/\\\/gambling6.com\\\/no\\\/\",\"name\":\"Gambling6\",\"description\":\"\",\"potentialAction\":[{\"@type\":\"SearchAction\",\"target\":{\"@type\":\"EntryPoint\",\"urlTemplate\":\"https:\\\/\\\/gambling6.com\\\/no\\\/?s={search_term_string}\"},\"query-input\":{\"@type\":\"PropertyValueSpecification\",\"valueRequired\":true,\"valueName\":\"search_term_string\"}}],\"inLanguage\":\"nb-NO\"}]}<\/script>\n<!-- \/ Yoast SEO plugin. -->","yoast_head_json":{"title":"Spill online kasinospill gratis","description":"\u00c5 spille gratis kasinospill er veldig g\u00f8y. Det er nyttig \u00e5 vite noen viktige ting om gratis kasinospill.","robots":{"index":"index","follow":"follow","max-snippet":"max-snippet:-1","max-image-preview":"max-image-preview:large","max-video-preview":"max-video-preview:-1"},"canonical":"https:\/\/gambling6.com\/no\/kasino\/noen-kasinospill-er-faktisk-gratis\/","og_locale":"nb_NO","og_type":"article","og_title":"Spill online kasinospill gratis","og_description":"\u00c5 spille gratis kasinospill er veldig g\u00f8y. Det er nyttig \u00e5 vite noen viktige ting om gratis kasinospill.","og_url":"https:\/\/gambling6.com\/no\/kasino\/noen-kasinospill-er-faktisk-gratis\/","og_site_name":"Gambling6","article_modified_time":"2025-11-15T09:30:34+00:00","og_image":[{"width":270,"height":186,"url":"https:\/\/gambling6.com\/wp-content\/uploads\/2013\/12\/img_116.png","type":"image\/png"}],"twitter_card":"summary_large_image","twitter_misc":{"Ansl. lesetid":"2 minutter"},"schema":{"@context":"https:\/\/schema.org","@graph":[{"@type":"WebPage","@id":"https:\/\/gambling6.com\/no\/kasino\/noen-kasinospill-er-faktisk-gratis\/","url":"https:\/\/gambling6.com\/no\/kasino\/noen-kasinospill-er-faktisk-gratis\/","name":"Spill online kasinospill gratis","isPartOf":{"@id":"https:\/\/gambling6.com\/no\/#website"},"primaryImageOfPage":{"@id":"https:\/\/gambling6.com\/no\/kasino\/noen-kasinospill-er-faktisk-gratis\/#primaryimage"},"image":{"@id":"https:\/\/gambling6.com\/no\/kasino\/noen-kasinospill-er-faktisk-gratis\/#primaryimage"},"thumbnailUrl":"https:\/\/gambling6.com\/wp-content\/uploads\/2013\/12\/img_116.png","datePublished":"2025-11-08T12:56:43+00:00","dateModified":"2025-11-15T09:30:34+00:00","description":"\u00c5 spille gratis kasinospill er veldig g\u00f8y. Det er nyttig \u00e5 vite noen viktige ting om gratis kasinospill.","breadcrumb":{"@id":"https:\/\/gambling6.com\/no\/kasino\/noen-kasinospill-er-faktisk-gratis\/#breadcrumb"},"inLanguage":"nb-NO","potentialAction":[{"@type":"ReadAction","target":["https:\/\/gambling6.com\/no\/kasino\/noen-kasinospill-er-faktisk-gratis\/"]}]},{"@type":"ImageObject","inLanguage":"nb-NO","@id":"https:\/\/gambling6.com\/no\/kasino\/noen-kasinospill-er-faktisk-gratis\/#primaryimage","url":"https:\/\/gambling6.com\/wp-content\/uploads\/2013\/12\/img_116.png","contentUrl":"https:\/\/gambling6.com\/wp-content\/uploads\/2013\/12\/img_116.png","width":270,"height":186},{"@type":"BreadcrumbList","@id":"https:\/\/gambling6.com\/no\/kasino\/noen-kasinospill-er-faktisk-gratis\/#breadcrumb","itemListElement":[{"@type":"ListItem","position":1,"name":"Home","item":"https:\/\/gambling6.com\/no\/home\/"},{"@type":"ListItem","position":2,"name":"Kasino","item":"https:\/\/gambling6.com\/no\/kasino\/"},{"@type":"ListItem","position":3,"name":"Noen kasinospill er faktisk gratis!"}]},{"@type":"WebSite","@id":"https:\/\/gambling6.com\/no\/#website","url":"https:\/\/gambling6.com\/no\/","name":"Gambling6","description":"","potentialAction":[{"@type":"SearchAction","target":{"@type":"EntryPoint","urlTemplate":"https:\/\/gambling6.com\/no\/?s={search_term_string}"},"query-input":{"@type":"PropertyValueSpecification","valueRequired":true,"valueName":"search_term_string"}}],"inLanguage":"nb-NO"}]}},"_links":{"self":[{"href":"https:\/\/gambling6.com\/no\/wp-json\/wp\/v2\/pages\/9009","targetHints":{"allow":["GET"]}}],"collection":[{"href":"https:\/\/gambling6.com\/no\/wp-json\/wp\/v2\/pages"}],"about":[{"href":"https:\/\/gambling6.com\/no\/wp-json\/wp\/v2\/types\/page"}],"author":[{"embeddable":true,"href":"https:\/\/gambling6.com\/no\/wp-json\/wp\/v2\/users\/1"}],"replies":[{"embeddable":true,"href":"https:\/\/gambling6.com\/no\/wp-json\/wp\/v2\/comments?post=9009"}],"version-history":[{"count":1,"href":"https:\/\/gambling6.com\/no\/wp-json\/wp\/v2\/pages\/9009\/revisions"}],"predecessor-version":[{"id":10880,"href":"https:\/\/gambling6.com\/no\/wp-json\/wp\/v2\/pages\/9009\/revisions\/10880"}],"up":[{"embeddable":true,"href":"https:\/\/gambling6.com\/no\/wp-json\/wp\/v2\/pages\/8318"}],"wp:featuredmedia":[{"embeddable":true,"href":"https:\/\/gambling6.com\/no\/wp-json\/wp\/v2\/media\/8994"}],"wp:attachment":[{"href":"https:\/\/gambling6.com\/no\/wp-json\/wp\/v2\/media?parent=9009"}],"curies":[{"name":"wp","href":"https:\/\/api.w.org\/{rel}","templated":true}]}}