{"id":9051,"date":"2025-11-08T13:47:55","date_gmt":"2025-11-08T13:47:55","guid":{"rendered":"https:\/\/gambling6.com\/kasino\/nettkasinoer-med-liten-skrift-forsta-den-lille-skriften\/"},"modified":"2025-11-12T17:36:10","modified_gmt":"2025-11-12T17:36:10","slug":"nettkasinoer-med-liten-skrift-forsta-den-lille-skriften","status":"publish","type":"page","link":"https:\/\/gambling6.com\/no\/kasino\/nettkasinoer-med-liten-skrift-forsta-den-lille-skriften\/","title":{"rendered":"Nettkasinoer med liten skrift: Forst\u00e5 den lille skriften"},"content":{"rendered":"<h2>Sjekk av vilk\u00e5rene og betingelsene for nettkasinoer<\/h2>\n<p><img loading=\"lazy\" decoding=\"async\" class=\"alignright size-full wp-image-62 alignleft size-full wp-image-64\" style=\"margin: 5px; float: left;\" title=\"casino fine print\" src=\"http:\/\/gambling6.com\/wp-content\/uploads\/2013\/12\/casino-fine-print.jpg\" alt=\"Kasino vilk\u00e5r og betingelser\" width=\"168\" height=\"147\" \/><span style=\"box-sizing: border-box; margin: 0px; padding: 0px;\">N\u00e5r du registrerer deg p\u00e5 et <strong>nettkasino med kontanter<\/strong>, m\u00e5 du godta brukeravtalen, som inneholder nettkasinoets vilk\u00e5r og betingelser som du m\u00e5 f\u00f8lge.<\/span> Noen av disse betingelsene gjelder kasinoets bankprosesser, mens andre kan gjelde omsetning, spill og bonuser.<\/p>\n<p>Det er viktig \u00e5 forst\u00e5 og forst\u00e5 virkningen av disse vilk\u00e5rene og betingelsene grundig f\u00f8r du godtar dem. Overf\u00f8ring av penger til og fra casinoet er kanskje den viktigste funksjonen som p\u00e5virker spilleren. Derfor er det viktig \u00e5 v\u00e6re klar over hva du egentlig g\u00e5r inn p\u00e5 n\u00e5r du godtar casinoets vilk\u00e5r. I denne artikkelen tar vi sikte p\u00e5 \u00e5 forenkle det juridiske spr\u00e5ket for \u00e5 forklare hva disse vilk\u00e5rene inneb\u00e6rer. Spilleren m\u00e5 akseptere visse forpliktelser n\u00e5r de godtar brukeravtalen. Han m\u00e5 ogs\u00e5 gi visse garantier.<\/p>\n<p>Generelt kan det sies at noen nettcasinoer inkluderer avsnitt i den lille skriften som kan ha sv\u00e6rt negative konsekvenser for spillere. De er avhengige av det faktum at ingen vil lese all den lille skriften. Som en konsekvens foresl\u00e5r vi at du holder deg til casinoer som er regulert, har et godt omd\u00f8mme og dermed rettferdige vilk\u00e5r og betingelser.<\/p>\n<p>BetOnline Casino er et av disse casinoene. Den lille skriften deres inneholder ingen overraskelser. De gjenspeiler at innskudds- og uttaksprosessen ikke lenger er s\u00e5 enkel som den pleide \u00e5 v\u00e6re p\u00e5 grunn av nyere amerikanske forskrifter. Men under omstendighetene er vilk\u00e5rene deres fortsatt rettferdige.<\/p>\n<p><a class=\"thirstylink\" title=\"Betonline casino no\" href=\"https:\/\/gambling6.com\/go\/betonline-casino-no\/\" target=\"_blank\" rel=\"nofollow noopener\"><img loading=\"lazy\" decoding=\"async\" class=\" wp-image-7875 aligncenter\" src=\"https:\/\/gambling6.com\/wp-content\/uploads\/2025\/10\/BOL_AQC_banner_468x60_FS1_casino-300x38.gif\" alt=\"BetOnline casino\" width=\"498\" height=\"63\" \/><\/a><\/p>\n<h2>Hva casinoets liten skrift vanligvis krever at spilleren gj\u00f8r<\/h2>\n<p>Casioenet forventer ogs\u00e5 bekreftelse fra spilleren p\u00e5 at han er den rettmessige eieren av midlene som brukes til spill. Med andre ord kan han ikke bruke et kredittkort som ikke tilh\u00f8rer ham til \u00e5 sette inn penger p\u00e5 kontoen sin. Kredittkortet hans vil ogs\u00e5 bli verifisert f\u00f8r noen uttak kan gj\u00f8res. P\u00e5 samme m\u00e5te kan han ikke bruke andre betalingsalternativer som ikke st\u00e5r i hans navn.<\/p>\n<p>Brudd p\u00e5 avtalen, enten det er relatert til bankprosesser eller omsetning, vil f\u00f8rst p\u00e5virke spillerens konto. Hvis kontoen suspenderes, kan kontantcasinoet holde tilbake de omstridte midlene. I de fleste tilfeller vil de holde tilbake alle midler, inkludert bonuser, innskudd og refusjoner, uten \u00e5 gj\u00f8re noen forskjell. Dette er i samsvar med vilk\u00e5rene dere har avtalt.<\/p>\n<p>Hvis spilleren skylder penger til casinoet, kan casinoet gj\u00f8re alt for \u00e5 inndrive bel\u00f8pet, inkludert \u00e5 engasjere inkassobyr\u00e5er. Noen nettcasinoer har strenge retningslinjer ang\u00e5ende sovende kontoer. En av vennene mine l\u00e6rte dette p\u00e5 den harde m\u00e5ten. Han hadde registrert seg p\u00e5 et nettcasino og spilt der en stund, og vunnet en pen sum. Han byttet til et annet casino og planla \u00e5 returnere til det f\u00f8rste etter kort tid. Da han sjekket kontoen sin neste gang, fant han ingen saldo. Da han kontaktet kundeservice, fikk han beskjed om at pengene hans var forspilt fordi han ikke hadde spilt p\u00e5 casinoet p\u00e5 mer enn 6 m\u00e5neder. Dette er selvf\u00f8lgelig noe uvanlig, og selv om det skulle skje med deg, kan du l\u00f8se problemet med en kort e-post til kundeservice.<\/p>\n<h2>Ting \u00e5 v\u00e6re forsiktig med<\/h2>\n<p>Likevel, hvis du bestemmer deg for \u00e5 slutte \u00e5 spille p\u00e5 nettcasinoet ditt, s\u00f8rg for \u00e5 ta ut alle midlene p\u00e5 casinokontoen din, uansett hvor kort pausen blir. Sjekk om det vil bli trukket gebyrer for uttak. Hvis det er et fast gebyr for uttak, kan det v\u00e6re lurt \u00e5 ta ut alle midlene dine samtidig i stedet for \u00e5 gj\u00f8re flere uttak. Ikke ta ut penger hvis du planlegger \u00e5 sette inn igjen kort tid senere \u2013 du vil tape penger hvis du gj\u00f8r det. <strong>Sammenlign de forskjellige pengebehandlingsalternativene som er tilgjengelige for deg \u2013 noen har lavere gebyrer, andre med h\u00f8yere!<\/strong><\/p>\n<p>Det finnes andre vilk\u00e5r og betingelser knyttet til bonuser og casinokampanjetilbud. Generelt er dette kvalifikasjonsbetingelser og omsetningskrav som er n\u00f8dvendige for \u00e5 utl\u00f8se casinobonusen. Det er lurt \u00e5 lese og forst\u00e5 disse kravene f\u00f8r du godtar casinobonustilbud. P\u00e5 samme m\u00e5te m\u00e5 spillere lese vilk\u00e5rene og betingelsene, og forst\u00e5 den lille skriften og vanlige sp\u00f8rsm\u00e5lene om kasinoer med ekte penger, f\u00f8r de registrerer seg p\u00e5 et nettcasino, slik at de ikke st\u00f8ter p\u00e5 un\u00f8dvendige problemer senere. Vanligvis har nettcasinoer en hel side viet til sluttbrukeravtalene, og duDin f\u00f8rste oppgave b\u00f8r v\u00e6re \u00e5 lese dem n\u00f8ye f\u00f8r du bestemmer deg for \u00e5 bli med i casinoet.<\/p>\n","protected":false},"excerpt":{"rendered":"<p>Sjekk av vilk\u00e5rene og betingelsene for nettkasinoer N\u00e5r du registrerer deg p\u00e5 et nettkasino med kontanter, m\u00e5 du godta brukeravtalen, som inneholder nettkasinoets vilk\u00e5r og betingelser som du m\u00e5 f\u00f8lge. Noen av disse betingelsene gjelder kasinoets bankprosesser, mens andre kan gjelde omsetning, spill og bonuser. Det er viktig \u00e5 forst\u00e5 og forst\u00e5 virkningen av disse [&hellip;]<\/p>\n","protected":false},"author":1,"featured_media":9037,"parent":8318,"menu_order":68,"comment_status":"closed","ping_status":"closed","template":"","meta":{"footnotes":""},"class_list":["post-9051","page","type-page","status-publish","has-post-thumbnail","hentry"],"yoast_head":"<!-- This site is optimized with the Yoast SEO plugin v27.4 - https:\/\/yoast.com\/product\/yoast-seo-wordpress\/ -->\n<title>Hva du b\u00f8r se etter i casinoets vilk\u00e5r og betingelser<\/title>\n<meta name=\"description\" content=\"Vilk\u00e5r og betingelser for nettcasinoer med liten skrift \u2013 hva du kan forvente og hva du ikke kan forvente\" \/>\n<meta name=\"robots\" content=\"index, follow, max-snippet:-1, max-image-preview:large, max-video-preview:-1\" \/>\n<link rel=\"canonical\" href=\"https:\/\/gambling6.com\/no\/kasino\/nettkasinoer-med-liten-skrift-forsta-den-lille-skriften\/\" \/>\n<meta property=\"og:locale\" content=\"nb_NO\" \/>\n<meta property=\"og:type\" content=\"article\" \/>\n<meta property=\"og:title\" content=\"Hva du b\u00f8r se etter i casinoets vilk\u00e5r og betingelser\" \/>\n<meta property=\"og:description\" content=\"Vilk\u00e5r og betingelser for nettcasinoer med liten skrift \u2013 hva du kan forvente og hva du ikke kan forvente\" \/>\n<meta property=\"og:url\" content=\"https:\/\/gambling6.com\/no\/kasino\/nettkasinoer-med-liten-skrift-forsta-den-lille-skriften\/\" \/>\n<meta property=\"og:site_name\" content=\"Gambling6\" \/>\n<meta property=\"article:modified_time\" content=\"2025-11-12T17:36:10+00:00\" \/>\n<meta property=\"og:image\" content=\"https:\/\/gambling6.com\/wp-content\/uploads\/2013\/12\/casino-fine-print.jpg\" \/>\n\t<meta property=\"og:image:width\" content=\"200\" \/>\n\t<meta property=\"og:image:height\" content=\"175\" \/>\n\t<meta property=\"og:image:type\" content=\"image\/jpeg\" \/>\n<meta name=\"twitter:card\" content=\"summary_large_image\" \/>\n<meta name=\"twitter:label1\" content=\"Ansl. lesetid\" \/>\n\t<meta name=\"twitter:data1\" content=\"4 minutter\" \/>\n<script type=\"application\/ld+json\" class=\"yoast-schema-graph\">{\"@context\":\"https:\\\/\\\/schema.org\",\"@graph\":[{\"@type\":\"WebPage\",\"@id\":\"https:\\\/\\\/gambling6.com\\\/no\\\/kasino\\\/nettkasinoer-med-liten-skrift-forsta-den-lille-skriften\\\/\",\"url\":\"https:\\\/\\\/gambling6.com\\\/no\\\/kasino\\\/nettkasinoer-med-liten-skrift-forsta-den-lille-skriften\\\/\",\"name\":\"Hva du b\u00f8r se etter i casinoets vilk\u00e5r og betingelser\",\"isPartOf\":{\"@id\":\"https:\\\/\\\/gambling6.com\\\/no\\\/#website\"},\"primaryImageOfPage\":{\"@id\":\"https:\\\/\\\/gambling6.com\\\/no\\\/kasino\\\/nettkasinoer-med-liten-skrift-forsta-den-lille-skriften\\\/#primaryimage\"},\"image\":{\"@id\":\"https:\\\/\\\/gambling6.com\\\/no\\\/kasino\\\/nettkasinoer-med-liten-skrift-forsta-den-lille-skriften\\\/#primaryimage\"},\"thumbnailUrl\":\"https:\\\/\\\/gambling6.com\\\/wp-content\\\/uploads\\\/2013\\\/12\\\/casino-fine-print.jpg\",\"datePublished\":\"2025-11-08T13:47:55+00:00\",\"dateModified\":\"2025-11-12T17:36:10+00:00\",\"description\":\"Vilk\u00e5r og betingelser for nettcasinoer med liten skrift \u2013 hva du kan forvente og hva du ikke kan forvente\",\"breadcrumb\":{\"@id\":\"https:\\\/\\\/gambling6.com\\\/no\\\/kasino\\\/nettkasinoer-med-liten-skrift-forsta-den-lille-skriften\\\/#breadcrumb\"},\"inLanguage\":\"nb-NO\",\"potentialAction\":[{\"@type\":\"ReadAction\",\"target\":[\"https:\\\/\\\/gambling6.com\\\/no\\\/kasino\\\/nettkasinoer-med-liten-skrift-forsta-den-lille-skriften\\\/\"]}]},{\"@type\":\"ImageObject\",\"inLanguage\":\"nb-NO\",\"@id\":\"https:\\\/\\\/gambling6.com\\\/no\\\/kasino\\\/nettkasinoer-med-liten-skrift-forsta-den-lille-skriften\\\/#primaryimage\",\"url\":\"https:\\\/\\\/gambling6.com\\\/wp-content\\\/uploads\\\/2013\\\/12\\\/casino-fine-print.jpg\",\"contentUrl\":\"https:\\\/\\\/gambling6.com\\\/wp-content\\\/uploads\\\/2013\\\/12\\\/casino-fine-print.jpg\",\"width\":200,\"height\":175,\"caption\":\"casino fine print\"},{\"@type\":\"BreadcrumbList\",\"@id\":\"https:\\\/\\\/gambling6.com\\\/no\\\/kasino\\\/nettkasinoer-med-liten-skrift-forsta-den-lille-skriften\\\/#breadcrumb\",\"itemListElement\":[{\"@type\":\"ListItem\",\"position\":1,\"name\":\"Home\",\"item\":\"https:\\\/\\\/gambling6.com\\\/no\\\/home\\\/\"},{\"@type\":\"ListItem\",\"position\":2,\"name\":\"Kasino\",\"item\":\"https:\\\/\\\/gambling6.com\\\/no\\\/kasino\\\/\"},{\"@type\":\"ListItem\",\"position\":3,\"name\":\"Nettkasinoer med liten skrift: Forst\u00e5 den lille skriften\"}]},{\"@type\":\"WebSite\",\"@id\":\"https:\\\/\\\/gambling6.com\\\/no\\\/#website\",\"url\":\"https:\\\/\\\/gambling6.com\\\/no\\\/\",\"name\":\"Gambling6\",\"description\":\"\",\"potentialAction\":[{\"@type\":\"SearchAction\",\"target\":{\"@type\":\"EntryPoint\",\"urlTemplate\":\"https:\\\/\\\/gambling6.com\\\/no\\\/?s={search_term_string}\"},\"query-input\":{\"@type\":\"PropertyValueSpecification\",\"valueRequired\":true,\"valueName\":\"search_term_string\"}}],\"inLanguage\":\"nb-NO\"}]}<\/script>\n<!-- \/ Yoast SEO plugin. -->","yoast_head_json":{"title":"Hva du b\u00f8r se etter i casinoets vilk\u00e5r og betingelser","description":"Vilk\u00e5r og betingelser for nettcasinoer med liten skrift \u2013 hva du kan forvente og hva du ikke kan forvente","robots":{"index":"index","follow":"follow","max-snippet":"max-snippet:-1","max-image-preview":"max-image-preview:large","max-video-preview":"max-video-preview:-1"},"canonical":"https:\/\/gambling6.com\/no\/kasino\/nettkasinoer-med-liten-skrift-forsta-den-lille-skriften\/","og_locale":"nb_NO","og_type":"article","og_title":"Hva du b\u00f8r se etter i casinoets vilk\u00e5r og betingelser","og_description":"Vilk\u00e5r og betingelser for nettcasinoer med liten skrift \u2013 hva du kan forvente og hva du ikke kan forvente","og_url":"https:\/\/gambling6.com\/no\/kasino\/nettkasinoer-med-liten-skrift-forsta-den-lille-skriften\/","og_site_name":"Gambling6","article_modified_time":"2025-11-12T17:36:10+00:00","og_image":[{"width":200,"height":175,"url":"https:\/\/gambling6.com\/wp-content\/uploads\/2013\/12\/casino-fine-print.jpg","type":"image\/jpeg"}],"twitter_card":"summary_large_image","twitter_misc":{"Ansl. lesetid":"4 minutter"},"schema":{"@context":"https:\/\/schema.org","@graph":[{"@type":"WebPage","@id":"https:\/\/gambling6.com\/no\/kasino\/nettkasinoer-med-liten-skrift-forsta-den-lille-skriften\/","url":"https:\/\/gambling6.com\/no\/kasino\/nettkasinoer-med-liten-skrift-forsta-den-lille-skriften\/","name":"Hva du b\u00f8r se etter i casinoets vilk\u00e5r og betingelser","isPartOf":{"@id":"https:\/\/gambling6.com\/no\/#website"},"primaryImageOfPage":{"@id":"https:\/\/gambling6.com\/no\/kasino\/nettkasinoer-med-liten-skrift-forsta-den-lille-skriften\/#primaryimage"},"image":{"@id":"https:\/\/gambling6.com\/no\/kasino\/nettkasinoer-med-liten-skrift-forsta-den-lille-skriften\/#primaryimage"},"thumbnailUrl":"https:\/\/gambling6.com\/wp-content\/uploads\/2013\/12\/casino-fine-print.jpg","datePublished":"2025-11-08T13:47:55+00:00","dateModified":"2025-11-12T17:36:10+00:00","description":"Vilk\u00e5r og betingelser for nettcasinoer med liten skrift \u2013 hva du kan forvente og hva du ikke kan forvente","breadcrumb":{"@id":"https:\/\/gambling6.com\/no\/kasino\/nettkasinoer-med-liten-skrift-forsta-den-lille-skriften\/#breadcrumb"},"inLanguage":"nb-NO","potentialAction":[{"@type":"ReadAction","target":["https:\/\/gambling6.com\/no\/kasino\/nettkasinoer-med-liten-skrift-forsta-den-lille-skriften\/"]}]},{"@type":"ImageObject","inLanguage":"nb-NO","@id":"https:\/\/gambling6.com\/no\/kasino\/nettkasinoer-med-liten-skrift-forsta-den-lille-skriften\/#primaryimage","url":"https:\/\/gambling6.com\/wp-content\/uploads\/2013\/12\/casino-fine-print.jpg","contentUrl":"https:\/\/gambling6.com\/wp-content\/uploads\/2013\/12\/casino-fine-print.jpg","width":200,"height":175,"caption":"casino fine print"},{"@type":"BreadcrumbList","@id":"https:\/\/gambling6.com\/no\/kasino\/nettkasinoer-med-liten-skrift-forsta-den-lille-skriften\/#breadcrumb","itemListElement":[{"@type":"ListItem","position":1,"name":"Home","item":"https:\/\/gambling6.com\/no\/home\/"},{"@type":"ListItem","position":2,"name":"Kasino","item":"https:\/\/gambling6.com\/no\/kasino\/"},{"@type":"ListItem","position":3,"name":"Nettkasinoer med liten skrift: Forst\u00e5 den lille skriften"}]},{"@type":"WebSite","@id":"https:\/\/gambling6.com\/no\/#website","url":"https:\/\/gambling6.com\/no\/","name":"Gambling6","description":"","potentialAction":[{"@type":"SearchAction","target":{"@type":"EntryPoint","urlTemplate":"https:\/\/gambling6.com\/no\/?s={search_term_string}"},"query-input":{"@type":"PropertyValueSpecification","valueRequired":true,"valueName":"search_term_string"}}],"inLanguage":"nb-NO"}]}},"_links":{"self":[{"href":"https:\/\/gambling6.com\/no\/wp-json\/wp\/v2\/pages\/9051","targetHints":{"allow":["GET"]}}],"collection":[{"href":"https:\/\/gambling6.com\/no\/wp-json\/wp\/v2\/pages"}],"about":[{"href":"https:\/\/gambling6.com\/no\/wp-json\/wp\/v2\/types\/page"}],"author":[{"embeddable":true,"href":"https:\/\/gambling6.com\/no\/wp-json\/wp\/v2\/users\/1"}],"replies":[{"embeddable":true,"href":"https:\/\/gambling6.com\/no\/wp-json\/wp\/v2\/comments?post=9051"}],"version-history":[{"count":2,"href":"https:\/\/gambling6.com\/no\/wp-json\/wp\/v2\/pages\/9051\/revisions"}],"predecessor-version":[{"id":10710,"href":"https:\/\/gambling6.com\/no\/wp-json\/wp\/v2\/pages\/9051\/revisions\/10710"}],"up":[{"embeddable":true,"href":"https:\/\/gambling6.com\/no\/wp-json\/wp\/v2\/pages\/8318"}],"wp:featuredmedia":[{"embeddable":true,"href":"https:\/\/gambling6.com\/no\/wp-json\/wp\/v2\/media\/9037"}],"wp:attachment":[{"href":"https:\/\/gambling6.com\/no\/wp-json\/wp\/v2\/media?parent=9051"}],"curies":[{"name":"wp","href":"https:\/\/api.w.org\/{rel}","templated":true}]}}