{"id":9174,"date":"2025-11-10T10:41:55","date_gmt":"2025-11-10T10:41:55","guid":{"rendered":"https:\/\/gambling6.com\/skaff-deg-lodd-til-powerball-lotteriet-pa-nett\/"},"modified":"2025-11-10T10:41:55","modified_gmt":"2025-11-10T10:41:55","slug":"skaff-deg-lodd-til-powerball-lotteriet-pa-nett","status":"publish","type":"page","link":"https:\/\/gambling6.com\/no\/skaff-deg-lodd-til-powerball-lotteriet-pa-nett\/","title":{"rendered":"Skaff deg lodd til Powerball-lotteriet p\u00e5 nett"},"content":{"rendered":"<h2>Spill Powerball-lotteriet p\u00e5 nett.<\/h2>\n<p>Powerball-lotteriet er kjent over hele verden for sine utrolige jackpoter. Du finner jackpoter p\u00e5 over 100 millioner dollar veldig regelmessig. <strong>\u00d8kningen i jackpotten er eksponentiell fordi du kan f\u00e5 kuponger til Powerball-lotteriet p\u00e5 nett.<\/strong> \u00c5 spille Powerball p\u00e5 nett er enkelt hjemmefra med bare datamaskinen din og en internettforbindelse.<\/p>\n<h2>Powerball-kuponger p\u00e5 nett, lett som 1-2-3<\/h2>\n<p>For \u00e5 spille Powerball-lotteriet p\u00e5 nett, m\u00e5 du g\u00e5 til v\u00e5r partner <a class=\"thirstylink\" title=\"Redfoxlotto\" href=\"https:\/\/gambling6.com\/go\/redfoxlotto\/\" target=\"_blank\" rel=\"nofollow noopener\">RedFoxLotto (klikk her for \u00e5 bes\u00f8ke)<\/a> og opprette en konto. Det er enkelt \u00e5 \u00e5pne en konto, og du kan v\u00e6re i gang med \u00e5 spille Powerball-lotteriet p\u00e5 f\u00e5 minutter. Neste steg er \u00e5 g\u00e5 til billettseksjonen, hvor du bruker skjemaet til \u00e5 velge fem hovedtall.<\/p>\n<p>N\u00e5r du er ferdig, velger du ett Powerball-bonusnummer. <strong>For \u00e5 vinne jackpotpremien m\u00e5 du matche dine fem hovedtall pluss Powerball med de trukket ballene.<\/strong> Ikke frykt, hvis du ikke matcher disse, kan du muligens delta i \u00e5 kreve et av de andre syv premieniv\u00e5ene.<\/p>\n<h2>Powerball-billettsalget p\u00e5 nett \u00f8ker<\/h2>\n<p><img loading=\"lazy\" decoding=\"async\" class=\"size-medium wp-image-1533 alignright\" src=\"https:\/\/gambling6.com\/wp-content\/uploads\/2022\/04\/2_ticket_powerball_au2-1-163x300.jpg\" alt=\"powerball-billett\" width=\"163\" height=\"300\" srcset=\"https:\/\/gambling6.com\/wp-content\/uploads\/2022\/04\/2_ticket_powerball_au2-1-163x300.jpg 163w, https:\/\/gambling6.com\/wp-content\/uploads\/2022\/04\/2_ticket_powerball_au2-1.jpg 250w\" sizes=\"auto, (max-width: 163px) 100vw, 163px\" \/>I l\u00f8pet av de siste to \u00e5rene har billettsalget for Powerball USA vokst i et veldig raskt tempo, og har doblet seg \u00e5r for \u00e5r i denne perioden. <strong>St\u00f8rrelsen p\u00e5 jackpottene sammen med hvor enkelt det er \u00e5 kj\u00f8pe kuponger p\u00e5 nett har v\u00e6rt drivkraften bak hvorfor veksten har v\u00e6rt s\u00e5 betydelig.<\/strong> Hvis fortiden er en indikator p\u00e5 fremtidig salg, kan vi forvente \u00e5 se \u00f8kt vekst i jackpotst\u00f8rrelser i \u00e5rene som kommer.<\/p>\n<h2>Lotterispilling p\u00e5 verdensbasis vokser.<\/h2>\n<p>Med unntak av Mega Millions, som har rekorden for jackpotst\u00f8rrelser p\u00e5 lotto, har vi sett rekordstore jackpotter i de fleste lotterier spilt p\u00e5 nett det siste \u00e5ret. Det er ingen indikatorer p\u00e5 at disse rekordstore jackpottene vil avta med det f\u00f8rste. Faktisk kan vi forvente \u00e5 se rekordene bli sl\u00e5tt gjentatte ganger ettersom folk svermer over datamaskinene sine n\u00e5r nyheten om jackpotter n\u00e5r h\u00f8ye niv\u00e5er.<\/p>\n<h2>Sjekk Powerball-vinnertallene p\u00e5 nett.<\/h2>\n<p>S\u00f8rg for at du tar deg tid til \u00e5 sjekke resultatene ved hjelp av et online databaseverkt\u00f8y hvis du kj\u00f8per kuponger. Mange premier blir ikke avhentet hvert \u00e5r, fordi n\u00e5r folk h\u00f8rer at jackpoter har blitt vunnet i et omr\u00e5de der de ikke bor, eller p\u00e5 et sted der de ikke kj\u00f8pte kupongen sin, kaster de kupongen og f\u00f8lger ikke opp for \u00e5 sjekke om de har vunnet p\u00e5 andre premieniv\u00e5er.<\/p>\n<p>Ikke gj\u00f8r feilen \u00e5 kaste penger i s\u00f8pla eller la dem ligge usynlig i lommeboken. Du fortjener alle pengene du har vunnet. Spill Powerball-lotteriet p\u00e5 nett i dag, og du kan bli verdens neste multimillion\u00e6r.<\/p>\n<table style=\"width: 500px;\" border=\"1\" cellspacing=\"5\" cellpadding=\"5\" align=\"center\">\n<tbody>\n<tr>\n<td colspan=\"3\" align=\"center\">Topp ti jackpoter for 2013<\/td>\n<\/tr>\n<tr>\n<td>Trekning<\/td>\n<td align=\"center\">Dato<\/td>\n<td align=\"center\">Jackpot (USD)<\/td>\n<\/tr>\n<tr>\n<td>Powerball &#8211; USA<\/td>\n<td align=\"center\">18. mai 2013<\/td>\n<td align=\"right\">$590 500 000<\/td>\n<\/tr>\n<tr>\n<td>Powerball &#8211; USA<\/td>\n<td align=\"center\">7. august 2013<\/td>\n<td align=\"right\">448 400 000 dollar<\/td>\n<\/tr>\n<tr>\n<td>Powerball &#8211; USA<\/td>\n<td align=\"center\">18. september 2013<\/td>\n<td align=\"right\">399 400 000 dollar<\/td>\n<\/tr>\n<tr>\n<td>Powerball &#8211; USA<\/td>\n<td align=\"center\">23. mars 2013<\/td>\n<td align=\"right\">338 300 000 dollar<\/td>\n<\/tr>\n<tr>\n<td>Powerball &#8211; USA<\/td>\n<td align=\"center\">6. februar 2013<\/td>\n<td align=\"right\">217 000 000 dollar<\/td>\n<\/tr>\n<tr>\n<td>Powerball &#8211; USA<\/td>\n<td align=\"center\">23. okt. 2013<\/td>\n<td align=\"right\">213 400 000 dollar<\/td>\n<\/tr>\n<tr>\n<td>Powerball &#8211; USA<\/td>\n<td align=\"center\">22. juni 2013<\/td>\n<td align=\"right\">131 500 000 dollar<\/td>\n<\/tr>\n<tr>\n<td>Powerball &#8211; USA<\/td>\n<td align=\"center\">16. nov. 2013<\/td>\n<td align=\"right\">130 300 000 dollar<\/td>\n<\/tr>\n<tr>\n<td>Powerball &#8211; USA<\/td>\n<td align=\"center\">11. des. 2013<\/td>\n<td align=\"right\">122 900 000 dollar<\/td>\n<\/tr>\n<tr>\n<td>Powerball &#8211; USA<\/td>\n<td align=\"center\">25. des. 2013<\/td>\n<td align=\"right\">74 000 000 dollar<\/td>\n<\/tr>\n<\/tbody>\n<\/table>\n<p>&nbsp;<\/p>\n<table style=\"width: 500px;\" border=\"1\" cellspacing=\"5\" cellpadding=\"5\" align=\"center\">\n<tbody>\n<tr>\n<td colspan=\"3\" align=\"center\">Powerball Lotto &#8211; USAs premieniv\u00e5er<\/td>\n<\/tr>\n<tr>\n<td>Premie<\/td>\n<td align=\"center\">Kamper<\/td>\n<td align=\"center\">Odds<\/td>\n<\/tr>\n<tr>\n<td>1. (Jackpot)<\/td>\n<td align=\"center\">5 + 1<\/td>\n<td align=\"right\">175 223 510 : 1<\/td>\n<\/tr>\n<tr>\n<td>2.<\/td>\n<td align=\"center\">5<\/td>\n<td align=\"right\">5 153 633 : 1<\/td>\n<\/tr>\n<tr>\n<td>3.<\/td>\n<td align=\"center\">4 + 1<\/td>\n<td align=\"right\">648 976 : 1<\/td>\n<\/tr>\n<tr>\n<td>4.<\/td>\n<td align=\"center\">4<\/td>\n<td align=\"right\">19 087 : 1<\/td>\n<\/tr>\n<tr>\n<td>5.<\/td>\n<td align=\"center\"r\">3 + 1<\/td>\n<td align=\"right\">12 245 : 1<\/td>\n<\/tr>\n<tr>\n<td>6.<\/td>\n<td align=\"center\">3<\/td>\n<td align=\"right\">360 : 1<\/td>\n<\/tr>\n<tr>\n<td>7.<\/td>\n<td align=\"center\">2 + 1<\/td>\n<td align=\"right\">706 : 1<\/td>\n<\/tr>\n<tr>\n<td>8.<\/td>\n<td align=\"center\">1 + 1<\/td>\n<td align=\"right\">111 : 1<\/td>\n<\/tr>\n<tr>\n<td>9.<\/td>\n<td align=\"center\">0 + 1<\/td>\n<td align=\"right\">55 : 1<\/td>\n<\/tr>\n<\/tbody>\n<\/table>\n","protected":false},"excerpt":{"rendered":"<p>Spill Powerball-lotteriet p\u00e5 nett. Powerball-lotteriet er kjent over hele verden for sine utrolige jackpoter. Du finner jackpoter p\u00e5 over 100 millioner dollar veldig regelmessig. \u00d8kningen i jackpotten er eksponentiell fordi du kan f\u00e5 kuponger til Powerball-lotteriet p\u00e5 nett. \u00c5 spille Powerball p\u00e5 nett er enkelt hjemmefra med bare datamaskinen din og en internettforbindelse. Powerball-kuponger p\u00e5 [&hellip;]<\/p>\n","protected":false},"author":1,"featured_media":0,"parent":0,"menu_order":4,"comment_status":"closed","ping_status":"closed","template":"","meta":{"footnotes":""},"class_list":["post-9174","page","type-page","status-publish","hentry"],"yoast_head":"<!-- This site is optimized with the Yoast SEO plugin v27.4 - https:\/\/yoast.com\/product\/yoast-seo-wordpress\/ -->\n<title>Kj\u00f8p lodd til Powerball-lotteriet p\u00e5 nett<\/title>\n<meta name=\"description\" content=\"Kj\u00f8p kupongene dine p\u00e5 nett i dag til Powerball-lotteriet i USA.\" \/>\n<meta name=\"robots\" content=\"index, follow, max-snippet:-1, max-image-preview:large, max-video-preview:-1\" \/>\n<link rel=\"canonical\" href=\"https:\/\/gambling6.com\/no\/skaff-deg-lodd-til-powerball-lotteriet-pa-nett\/\" \/>\n<meta property=\"og:locale\" content=\"nb_NO\" \/>\n<meta property=\"og:type\" content=\"article\" \/>\n<meta property=\"og:title\" content=\"Kj\u00f8p lodd til Powerball-lotteriet p\u00e5 nett\" \/>\n<meta property=\"og:description\" content=\"Kj\u00f8p kupongene dine p\u00e5 nett i dag til Powerball-lotteriet i USA.\" \/>\n<meta property=\"og:url\" content=\"https:\/\/gambling6.com\/no\/skaff-deg-lodd-til-powerball-lotteriet-pa-nett\/\" \/>\n<meta property=\"og:site_name\" content=\"Gambling6\" \/>\n<meta property=\"og:image\" content=\"https:\/\/gambling6.com\/wp-content\/uploads\/2022\/04\/2_ticket_powerball_au2-1.jpg\" \/>\n\t<meta property=\"og:image:width\" content=\"250\" \/>\n\t<meta property=\"og:image:height\" content=\"460\" \/>\n\t<meta property=\"og:image:type\" content=\"image\/jpeg\" \/>\n<meta name=\"twitter:card\" content=\"summary_large_image\" \/>\n<meta name=\"twitter:label1\" content=\"Ansl. lesetid\" \/>\n\t<meta name=\"twitter:data1\" content=\"3 minutter\" \/>\n<script type=\"application\/ld+json\" class=\"yoast-schema-graph\">{\"@context\":\"https:\\\/\\\/schema.org\",\"@graph\":[{\"@type\":\"WebPage\",\"@id\":\"https:\\\/\\\/gambling6.com\\\/no\\\/skaff-deg-lodd-til-powerball-lotteriet-pa-nett\\\/\",\"url\":\"https:\\\/\\\/gambling6.com\\\/no\\\/skaff-deg-lodd-til-powerball-lotteriet-pa-nett\\\/\",\"name\":\"Kj\u00f8p lodd til Powerball-lotteriet p\u00e5 nett\",\"isPartOf\":{\"@id\":\"https:\\\/\\\/gambling6.com\\\/no\\\/#website\"},\"primaryImageOfPage\":{\"@id\":\"https:\\\/\\\/gambling6.com\\\/no\\\/skaff-deg-lodd-til-powerball-lotteriet-pa-nett\\\/#primaryimage\"},\"image\":{\"@id\":\"https:\\\/\\\/gambling6.com\\\/no\\\/skaff-deg-lodd-til-powerball-lotteriet-pa-nett\\\/#primaryimage\"},\"thumbnailUrl\":\"https:\\\/\\\/gambling6.com\\\/wp-content\\\/uploads\\\/2022\\\/04\\\/2_ticket_powerball_au2-1-163x300.jpg\",\"datePublished\":\"2025-11-10T10:41:55+00:00\",\"description\":\"Kj\u00f8p kupongene dine p\u00e5 nett i dag til Powerball-lotteriet i USA.\",\"breadcrumb\":{\"@id\":\"https:\\\/\\\/gambling6.com\\\/no\\\/skaff-deg-lodd-til-powerball-lotteriet-pa-nett\\\/#breadcrumb\"},\"inLanguage\":\"nb-NO\",\"potentialAction\":[{\"@type\":\"ReadAction\",\"target\":[\"https:\\\/\\\/gambling6.com\\\/no\\\/skaff-deg-lodd-til-powerball-lotteriet-pa-nett\\\/\"]}]},{\"@type\":\"ImageObject\",\"inLanguage\":\"nb-NO\",\"@id\":\"https:\\\/\\\/gambling6.com\\\/no\\\/skaff-deg-lodd-til-powerball-lotteriet-pa-nett\\\/#primaryimage\",\"url\":\"https:\\\/\\\/gambling6.com\\\/wp-content\\\/uploads\\\/2022\\\/04\\\/2_ticket_powerball_au2-1-163x300.jpg\",\"contentUrl\":\"https:\\\/\\\/gambling6.com\\\/wp-content\\\/uploads\\\/2022\\\/04\\\/2_ticket_powerball_au2-1-163x300.jpg\"},{\"@type\":\"BreadcrumbList\",\"@id\":\"https:\\\/\\\/gambling6.com\\\/no\\\/skaff-deg-lodd-til-powerball-lotteriet-pa-nett\\\/#breadcrumb\",\"itemListElement\":[{\"@type\":\"ListItem\",\"position\":1,\"name\":\"Home\",\"item\":\"https:\\\/\\\/gambling6.com\\\/no\\\/home\\\/\"},{\"@type\":\"ListItem\",\"position\":2,\"name\":\"Skaff deg lodd til Powerball-lotteriet p\u00e5 nett\"}]},{\"@type\":\"WebSite\",\"@id\":\"https:\\\/\\\/gambling6.com\\\/no\\\/#website\",\"url\":\"https:\\\/\\\/gambling6.com\\\/no\\\/\",\"name\":\"Gambling6\",\"description\":\"\",\"potentialAction\":[{\"@type\":\"SearchAction\",\"target\":{\"@type\":\"EntryPoint\",\"urlTemplate\":\"https:\\\/\\\/gambling6.com\\\/no\\\/?s={search_term_string}\"},\"query-input\":{\"@type\":\"PropertyValueSpecification\",\"valueRequired\":true,\"valueName\":\"search_term_string\"}}],\"inLanguage\":\"nb-NO\"}]}<\/script>\n<!-- \/ Yoast SEO plugin. -->","yoast_head_json":{"title":"Kj\u00f8p lodd til Powerball-lotteriet p\u00e5 nett","description":"Kj\u00f8p kupongene dine p\u00e5 nett i dag til Powerball-lotteriet i USA.","robots":{"index":"index","follow":"follow","max-snippet":"max-snippet:-1","max-image-preview":"max-image-preview:large","max-video-preview":"max-video-preview:-1"},"canonical":"https:\/\/gambling6.com\/no\/skaff-deg-lodd-til-powerball-lotteriet-pa-nett\/","og_locale":"nb_NO","og_type":"article","og_title":"Kj\u00f8p lodd til Powerball-lotteriet p\u00e5 nett","og_description":"Kj\u00f8p kupongene dine p\u00e5 nett i dag til Powerball-lotteriet i USA.","og_url":"https:\/\/gambling6.com\/no\/skaff-deg-lodd-til-powerball-lotteriet-pa-nett\/","og_site_name":"Gambling6","og_image":[{"width":250,"height":460,"url":"https:\/\/gambling6.com\/wp-content\/uploads\/2022\/04\/2_ticket_powerball_au2-1.jpg","type":"image\/jpeg"}],"twitter_card":"summary_large_image","twitter_misc":{"Ansl. lesetid":"3 minutter"},"schema":{"@context":"https:\/\/schema.org","@graph":[{"@type":"WebPage","@id":"https:\/\/gambling6.com\/no\/skaff-deg-lodd-til-powerball-lotteriet-pa-nett\/","url":"https:\/\/gambling6.com\/no\/skaff-deg-lodd-til-powerball-lotteriet-pa-nett\/","name":"Kj\u00f8p lodd til Powerball-lotteriet p\u00e5 nett","isPartOf":{"@id":"https:\/\/gambling6.com\/no\/#website"},"primaryImageOfPage":{"@id":"https:\/\/gambling6.com\/no\/skaff-deg-lodd-til-powerball-lotteriet-pa-nett\/#primaryimage"},"image":{"@id":"https:\/\/gambling6.com\/no\/skaff-deg-lodd-til-powerball-lotteriet-pa-nett\/#primaryimage"},"thumbnailUrl":"https:\/\/gambling6.com\/wp-content\/uploads\/2022\/04\/2_ticket_powerball_au2-1-163x300.jpg","datePublished":"2025-11-10T10:41:55+00:00","description":"Kj\u00f8p kupongene dine p\u00e5 nett i dag til Powerball-lotteriet i USA.","breadcrumb":{"@id":"https:\/\/gambling6.com\/no\/skaff-deg-lodd-til-powerball-lotteriet-pa-nett\/#breadcrumb"},"inLanguage":"nb-NO","potentialAction":[{"@type":"ReadAction","target":["https:\/\/gambling6.com\/no\/skaff-deg-lodd-til-powerball-lotteriet-pa-nett\/"]}]},{"@type":"ImageObject","inLanguage":"nb-NO","@id":"https:\/\/gambling6.com\/no\/skaff-deg-lodd-til-powerball-lotteriet-pa-nett\/#primaryimage","url":"https:\/\/gambling6.com\/wp-content\/uploads\/2022\/04\/2_ticket_powerball_au2-1-163x300.jpg","contentUrl":"https:\/\/gambling6.com\/wp-content\/uploads\/2022\/04\/2_ticket_powerball_au2-1-163x300.jpg"},{"@type":"BreadcrumbList","@id":"https:\/\/gambling6.com\/no\/skaff-deg-lodd-til-powerball-lotteriet-pa-nett\/#breadcrumb","itemListElement":[{"@type":"ListItem","position":1,"name":"Home","item":"https:\/\/gambling6.com\/no\/home\/"},{"@type":"ListItem","position":2,"name":"Skaff deg lodd til Powerball-lotteriet p\u00e5 nett"}]},{"@type":"WebSite","@id":"https:\/\/gambling6.com\/no\/#website","url":"https:\/\/gambling6.com\/no\/","name":"Gambling6","description":"","potentialAction":[{"@type":"SearchAction","target":{"@type":"EntryPoint","urlTemplate":"https:\/\/gambling6.com\/no\/?s={search_term_string}"},"query-input":{"@type":"PropertyValueSpecification","valueRequired":true,"valueName":"search_term_string"}}],"inLanguage":"nb-NO"}]}},"_links":{"self":[{"href":"https:\/\/gambling6.com\/no\/wp-json\/wp\/v2\/pages\/9174","targetHints":{"allow":["GET"]}}],"collection":[{"href":"https:\/\/gambling6.com\/no\/wp-json\/wp\/v2\/pages"}],"about":[{"href":"https:\/\/gambling6.com\/no\/wp-json\/wp\/v2\/types\/page"}],"author":[{"embeddable":true,"href":"https:\/\/gambling6.com\/no\/wp-json\/wp\/v2\/users\/1"}],"replies":[{"embeddable":true,"href":"https:\/\/gambling6.com\/no\/wp-json\/wp\/v2\/comments?post=9174"}],"version-history":[{"count":0,"href":"https:\/\/gambling6.com\/no\/wp-json\/wp\/v2\/pages\/9174\/revisions"}],"wp:attachment":[{"href":"https:\/\/gambling6.com\/no\/wp-json\/wp\/v2\/media?parent=9174"}],"curies":[{"name":"wp","href":"https:\/\/api.w.org\/{rel}","templated":true}]}}