{"id":9233,"date":"2025-11-10T12:29:24","date_gmt":"2025-11-10T12:29:24","guid":{"rendered":"https:\/\/gambling6.com\/sportsbetting\/"},"modified":"2025-11-12T10:32:16","modified_gmt":"2025-11-12T10:32:16","slug":"sportsbetting","status":"publish","type":"page","link":"https:\/\/gambling6.com\/no\/sportsbetting\/","title":{"rendered":"Sportsbetting"},"content":{"rendered":"<h2>Grunnleggende om sportsbetting<\/h2>\n<p>Sportsbetting, et begrep som oppst\u00e5r ganske enkelt ved \u00e5 kombinere de beskrivende ordene, er en \u00f8velse i \u00e5 forutsi profesjonelle og amat\u00f8rsportsresultater, samt \u00e5 plassere en innsats p\u00e5 resultatet. <strong>Sportsbet er begrepet som brukes for \u00e5 beskrive et sted hvor man kan delta i sportsbetting.<\/strong> Generelt er \u00f8velsen ikke lovlig i USA. I hovedsak finner du bare fire av de femti statene i Amerika der sportsbetting og sportsveddem\u00e5l er anerkjent som 100 % lovlige. S\u00e5 kom internett.<\/p>\n<h2>Millioner deltar i sportsbetting daglig<\/h2>\n<p>Hver dag str\u00f8mmer millioner av mennesker til tusenvis av nettsteder for \u00e5 plassere innsatser p\u00e5 enhver sport du kan finne. Imidlertid vil <strong>denne introduksjonen til online sportsbetting vise deg at det er mer ved dette enn bare \u00e5 vite spreaden og plassere innsatsen din p\u00e5 laget<\/strong> du \u00f8nsker \u00e5 vinne. Ikke bare kan det \u00e5 vedde p\u00e5 en kamp gj\u00f8re den mer interessant for deg \u00e5 se p\u00e5, men kunsten \u00e5 tippe p\u00e5 sport kan ogs\u00e5 gi deg mye penger hvis det gj\u00f8res riktig. Hvis dette er et nytt foretagende for alle som er uerfarne innen sportstipping, m\u00e5 du kjenne til grunnleggende og prinsipper for sportstipping hvis du forventer \u00e5 ikke bli desorientert n\u00e5r handlingen er i gang.<\/p>\n<h2>Terminologi for sportstipping p\u00e5 nett<\/h2>\n<p>F\u00f8rst<strong> m\u00e5 du gj\u00f8re deg kjent med noe av terminologien som brukes i sportstipping<\/strong>. \u00ab<a href=\"http:\/\/en.wikipedia.org\/wiki\/Handicapping\" target=\"_blank\" rel=\"noopener\">Handicap<\/a>\u00bb er det f\u00f8rste begrepet jeg vil introdusere; det betyr \u00e5 gi ett lag eller en person en fordel over et annet ved \u00e5 forlenge en av de andres slag, m\u00e5l, touchdowns eller rett og slett poeng for \u00e5 gi motstanderen en bedre sjanse til \u00e5 v\u00e6re like p\u00e5 deres spillniv\u00e5. La oss for eksempel si at jeg skulle spille \u00e9n-mot-\u00e9n-basketball med Michael Jordan, og den f\u00f8rste til 21 poeng ville v\u00e6re vinneren. Jeg kan f\u00e5 en fordel p\u00e5 18 poeng, noe som betyr at han har et handicap p\u00e5 18 poeng. Han m\u00e5 score 21 poeng f\u00f8r jeg scorer 3 poeng for \u00e5 vinne. Det finnes mange eksempler p\u00e5 handicapping eller &laquo;poengspreads&raquo;, som de ogs\u00e5 kan kalles. \u00c5 forst\u00e5 dette prinsippet er en av n\u00f8klene til \u00e5 forst\u00e5 gode spill i online sportsbetting.<\/p>\n<h2>Kjenn din online sportsbook<\/h2>\n<p><strong>Sportsbetting, enten det er online eller live, gj\u00f8res vanligvis i det som kalles en &laquo;sportsbook&raquo;.<\/strong> En &laquo;book&raquo; er et sted som aksepterer spill, og bookmakeren er personen som vanligvis etablerer spreaden for et bestemt sted. Prosessen med \u00e5 etablere &laquo;spreaden&raquo; i motsetning til &laquo;even money&raquo; (et 1:1 odds-spill) kan v\u00e6re veldig komplisert og kan variere fra en sportsbook til en annen.<\/p>\n<h2>Betonline Sportsbook \u2013 aksepterer amerikanske sportsfans<\/h2>\n<p>N\u00e5r du er klar for sportsbetting, m\u00e5 du finne et anerkjent nettcasino eller sportsbook for \u00e5 kunne plassere innsatsene dine. <a class=\"thirstylink\" title=\"Betonline casino en\" href=\"https:\/\/gambling6.com\/go\/betonline-casino-en\/\" target=\"_blank\" rel=\"nofollow noopener\">Du kan sjekke ut Betonline sportsbook<\/a>, de er et velkjent nettcasino med et rykte for utrolig sikkerhet. De tilbyr mange forskjellige innskudds- og uttaksmetoder, og du b\u00f8r kunne finne en m\u00e5te \u00e5 h\u00e5ndtere dem p\u00e5 som passer dine personlige behov.<\/p>\n<p>Et annet godt alternativ er 888 Casino \u2013 sportsbettingseksjonen deres er en av de beste der ute. I tillegg til det har de ogs\u00e5 et flott pokerrom, de absolutt beste casinospillene, og til og med ting som bingo og skrapelodd.<\/p>\n<p>Den eneste ulempen med 888 er at de ikke aksepterer kunder fra USA. Men hvis du er bosatt i et annet land, b\u00f8r du definitivt <a class=\"thirstylink\" title=\"888 casino en\" href=\"https:\/\/gambling6.com\/go\/888-casino-en\/\" target=\"_blank\" rel=\"nofollow noopener\">bes\u00f8ke 888 Casinos nettsted \u2013 bare f\u00f8lg denne lenken.<\/a><\/p>\n<p>Test vannet, men du har mye \u00e5 l\u00e6re om sportsbetting p\u00e5 nett. Vi vil fortsette \u00e5 oppdatere dette nettstedet slik at du kan l\u00e6re om odds og faktorer som bidrar til utfallet av visse hendelser.<strong>Hvis du \u00f8nsker \u00e5 bli ekspert p\u00e5 sportsbetting<\/strong>, har du kommet til rett sted. Len deg tilbake, gj\u00f8r deg komfortabel og se frem til \u00e5 ha det g\u00f8y med sportsbetting p\u00e5 nett.<\/p>\n","protected":false},"excerpt":{"rendered":"<p>Grunnleggende om sportsbetting Sportsbetting, et begrep som oppst\u00e5r ganske enkelt ved \u00e5 kombinere de beskrivende ordene, er en \u00f8velse i \u00e5 forutsi profesjonelle og amat\u00f8rsportsresultater, samt \u00e5 plassere en innsats p\u00e5 resultatet. Sportsbet er begrepet som brukes for \u00e5 beskrive et sted hvor man kan delta i sportsbetting. Generelt er \u00f8velsen ikke lovlig i USA. [&hellip;]<\/p>\n","protected":false},"author":1,"featured_media":0,"parent":0,"menu_order":4,"comment_status":"closed","ping_status":"closed","template":"","meta":{"footnotes":""},"class_list":["post-9233","page","type-page","status-publish","hentry"],"yoast_head":"<!-- This site is optimized with the Yoast SEO plugin v27.5 - https:\/\/yoast.com\/product\/yoast-seo-wordpress\/ -->\n<title>Introduksjon til sportsbetting p\u00e5 nett<\/title>\n<meta name=\"description\" content=\"Bli introdusert for noe terminologi som brukes i sportsbetting p\u00e5 nett.\" \/>\n<meta name=\"robots\" content=\"index, follow, max-snippet:-1, max-image-preview:large, max-video-preview:-1\" \/>\n<link rel=\"canonical\" href=\"https:\/\/gambling6.com\/no\/sportsbetting\/\" \/>\n<meta property=\"og:locale\" content=\"nb_NO\" \/>\n<meta property=\"og:type\" content=\"article\" \/>\n<meta property=\"og:title\" content=\"Introduksjon til sportsbetting p\u00e5 nett\" \/>\n<meta property=\"og:description\" content=\"Bli introdusert for noe terminologi som brukes i sportsbetting p\u00e5 nett.\" \/>\n<meta property=\"og:url\" content=\"https:\/\/gambling6.com\/no\/sportsbetting\/\" \/>\n<meta property=\"og:site_name\" content=\"Gambling6\" \/>\n<meta property=\"article:modified_time\" content=\"2025-11-12T10:32:16+00:00\" \/>\n<meta name=\"twitter:card\" content=\"summary_large_image\" \/>\n<meta name=\"twitter:label1\" content=\"Ansl. lesetid\" \/>\n\t<meta name=\"twitter:data1\" content=\"3 minutter\" \/>\n<script type=\"application\/ld+json\" class=\"yoast-schema-graph\">{\"@context\":\"https:\\\/\\\/schema.org\",\"@graph\":[{\"@type\":\"WebPage\",\"@id\":\"https:\\\/\\\/gambling6.com\\\/no\\\/sportsbetting\\\/\",\"url\":\"https:\\\/\\\/gambling6.com\\\/no\\\/sportsbetting\\\/\",\"name\":\"Introduksjon til sportsbetting p\u00e5 nett\",\"isPartOf\":{\"@id\":\"https:\\\/\\\/gambling6.com\\\/no\\\/#website\"},\"datePublished\":\"2025-11-10T12:29:24+00:00\",\"dateModified\":\"2025-11-12T10:32:16+00:00\",\"description\":\"Bli introdusert for noe terminologi som brukes i sportsbetting p\u00e5 nett.\",\"breadcrumb\":{\"@id\":\"https:\\\/\\\/gambling6.com\\\/no\\\/sportsbetting\\\/#breadcrumb\"},\"inLanguage\":\"nb-NO\",\"potentialAction\":[{\"@type\":\"ReadAction\",\"target\":[\"https:\\\/\\\/gambling6.com\\\/no\\\/sportsbetting\\\/\"]}]},{\"@type\":\"BreadcrumbList\",\"@id\":\"https:\\\/\\\/gambling6.com\\\/no\\\/sportsbetting\\\/#breadcrumb\",\"itemListElement\":[{\"@type\":\"ListItem\",\"position\":1,\"name\":\"Home\",\"item\":\"https:\\\/\\\/gambling6.com\\\/no\\\/home\\\/\"},{\"@type\":\"ListItem\",\"position\":2,\"name\":\"Sportsbetting\"}]},{\"@type\":\"WebSite\",\"@id\":\"https:\\\/\\\/gambling6.com\\\/no\\\/#website\",\"url\":\"https:\\\/\\\/gambling6.com\\\/no\\\/\",\"name\":\"Gambling6\",\"description\":\"\",\"potentialAction\":[{\"@type\":\"SearchAction\",\"target\":{\"@type\":\"EntryPoint\",\"urlTemplate\":\"https:\\\/\\\/gambling6.com\\\/no\\\/?s={search_term_string}\"},\"query-input\":{\"@type\":\"PropertyValueSpecification\",\"valueRequired\":true,\"valueName\":\"search_term_string\"}}],\"inLanguage\":\"nb-NO\"}]}<\/script>\n<!-- \/ Yoast SEO plugin. -->","yoast_head_json":{"title":"Introduksjon til sportsbetting p\u00e5 nett","description":"Bli introdusert for noe terminologi som brukes i sportsbetting p\u00e5 nett.","robots":{"index":"index","follow":"follow","max-snippet":"max-snippet:-1","max-image-preview":"max-image-preview:large","max-video-preview":"max-video-preview:-1"},"canonical":"https:\/\/gambling6.com\/no\/sportsbetting\/","og_locale":"nb_NO","og_type":"article","og_title":"Introduksjon til sportsbetting p\u00e5 nett","og_description":"Bli introdusert for noe terminologi som brukes i sportsbetting p\u00e5 nett.","og_url":"https:\/\/gambling6.com\/no\/sportsbetting\/","og_site_name":"Gambling6","article_modified_time":"2025-11-12T10:32:16+00:00","twitter_card":"summary_large_image","twitter_misc":{"Ansl. lesetid":"3 minutter"},"schema":{"@context":"https:\/\/schema.org","@graph":[{"@type":"WebPage","@id":"https:\/\/gambling6.com\/no\/sportsbetting\/","url":"https:\/\/gambling6.com\/no\/sportsbetting\/","name":"Introduksjon til sportsbetting p\u00e5 nett","isPartOf":{"@id":"https:\/\/gambling6.com\/no\/#website"},"datePublished":"2025-11-10T12:29:24+00:00","dateModified":"2025-11-12T10:32:16+00:00","description":"Bli introdusert for noe terminologi som brukes i sportsbetting p\u00e5 nett.","breadcrumb":{"@id":"https:\/\/gambling6.com\/no\/sportsbetting\/#breadcrumb"},"inLanguage":"nb-NO","potentialAction":[{"@type":"ReadAction","target":["https:\/\/gambling6.com\/no\/sportsbetting\/"]}]},{"@type":"BreadcrumbList","@id":"https:\/\/gambling6.com\/no\/sportsbetting\/#breadcrumb","itemListElement":[{"@type":"ListItem","position":1,"name":"Home","item":"https:\/\/gambling6.com\/no\/home\/"},{"@type":"ListItem","position":2,"name":"Sportsbetting"}]},{"@type":"WebSite","@id":"https:\/\/gambling6.com\/no\/#website","url":"https:\/\/gambling6.com\/no\/","name":"Gambling6","description":"","potentialAction":[{"@type":"SearchAction","target":{"@type":"EntryPoint","urlTemplate":"https:\/\/gambling6.com\/no\/?s={search_term_string}"},"query-input":{"@type":"PropertyValueSpecification","valueRequired":true,"valueName":"search_term_string"}}],"inLanguage":"nb-NO"}]}},"_links":{"self":[{"href":"https:\/\/gambling6.com\/no\/wp-json\/wp\/v2\/pages\/9233","targetHints":{"allow":["GET"]}}],"collection":[{"href":"https:\/\/gambling6.com\/no\/wp-json\/wp\/v2\/pages"}],"about":[{"href":"https:\/\/gambling6.com\/no\/wp-json\/wp\/v2\/types\/page"}],"author":[{"embeddable":true,"href":"https:\/\/gambling6.com\/no\/wp-json\/wp\/v2\/users\/1"}],"replies":[{"embeddable":true,"href":"https:\/\/gambling6.com\/no\/wp-json\/wp\/v2\/comments?post=9233"}],"version-history":[{"count":1,"href":"https:\/\/gambling6.com\/no\/wp-json\/wp\/v2\/pages\/9233\/revisions"}],"predecessor-version":[{"id":10533,"href":"https:\/\/gambling6.com\/no\/wp-json\/wp\/v2\/pages\/9233\/revisions\/10533"}],"wp:attachment":[{"href":"https:\/\/gambling6.com\/no\/wp-json\/wp\/v2\/media?parent=9233"}],"curies":[{"name":"wp","href":"https:\/\/api.w.org\/{rel}","templated":true}]}}