{"id":9310,"date":"2025-11-10T13:30:50","date_gmt":"2025-11-10T13:30:50","guid":{"rendered":"https:\/\/gambling6.com\/lotteri\/"},"modified":"2025-11-12T18:25:35","modified_gmt":"2025-11-12T18:25:35","slug":"lotteri","status":"publish","type":"page","link":"https:\/\/gambling6.com\/no\/lotteri\/","title":{"rendered":"Lotteri"},"content":{"rendered":"<h2>Lotto blir internasjonalt og p\u00e5 nett.<\/h2>\n<p>Selv om det regnes som en flott form for underholdning, har det ogs\u00e5 blitt en stor forretning \u00e5 kj\u00f8pe internasjonale lodd. Gambling generelt har eksplodert, delvis p\u00e5 grunn av den utmerkede eksponeringen poker har f\u00e5tt fra media, og ytterligere suksess har blitt tilskrevet internett. <strong>\u00c5 spille internasjonale lotterier og kj\u00f8pe lodd p\u00e5 nett har akselerert jackpotveksten,<\/strong> og mange gj\u00f8r n\u00e5 RedFoxLotto til en del av inntektsplanen sin.<\/p>\n<h2>Internett gj\u00f8r det enkelt \u00e5 kj\u00f8pe lodd.<\/h2>\n<p>Internett har forandret livene v\u00e5re p\u00e5 mange m\u00e5ter; det har definitivt gjort verden til et mye mindre sted. Det spilles hundrevis av lotterier daglig i mange land over hele verden. De fleste nasjonale trekninger, inkludert de med st\u00f8rre jackpotter, har blitt gjort tilgjengelige for folk som kj\u00f8per lodd internasjonalt. <strong>Store lotterier over hele verden, som Mega Millions i USA og Powerball fra b\u00e5de USA og Australia, tillater kj\u00f8p av lodd p\u00e5 nett gjennom v\u00e5r partner RedFoxLotto.<\/strong><img loading=\"lazy\" decoding=\"async\" class=\"alignright size-full wp-image-437\" style=\"margin: 10px; border: 5px none #ffffff; float: right;\" src=\"http:\/\/gambling6.com\/wp-content\/uploads\/2013\/12\/International-Community-150x150.jpg\" alt=\"Internasjonale lotterier p\u00e5 nett\" width=\"150\" height=\"150\" \/><\/p>\n<h2>Kj\u00f8p lodd d\u00f8gnet rundt<\/h2>\n<p>I dagens teknologiske verden kan vi kj\u00f8pe lodd til mange internasjonale lotterier 24 timer i d\u00f8gnet, 365 dager i uken. Med internett kan vi kj\u00f8pe disse loddene uten \u00e5 l\u00f8pe til lotteriforhandlere eller st\u00e5 i k\u00f8. Vi kan ta oss tid til \u00e5 velge tallene dine og bruke de forskjellige verkt\u00f8yene som er tilgjengelige for deg for \u00e5 gj\u00f8re det. Det enkle \u00e5 spille internasjonale lotterier har \u00f8kt jackpoter og flerlagspremier til rekordniv\u00e5er. Premieniv\u00e5ene har f\u00f8rt til at mange har bygget opp en bedrift ved \u00e5 spille RedFoxLotto p\u00e5 nett.<\/p>\n<h2>Det er sikkert \u00e5 kj\u00f8pe lodd p\u00e5 nett.<\/h2>\n<p>Med v\u00e5r partner RedFoxLotto er det sikkert og enkelt \u00e5 kj\u00f8pe lodd til internasjonale lotterier. F\u00f8rst m\u00e5 du \u00e5pne en konto. N\u00e5r du \u00e5pner kontoen din, vil du bli bedt om \u00e5 oppgi personlig informasjon. S\u00f8rg for \u00e5 oppgi gjeldende og korrekt informasjon for kontoen din for \u00e5 kunne bekrefte identiteten din n\u00e5r du vinner den store jackpotten. Informasjonen du skriver inn og sender er beskyttet av 256-bit kryptering, og Safe Harbor-hostingen sikrer at den holdes privat og kun brukes til form\u00e5lene som er beskrevet p\u00e5 nettstedet.<\/p>\n<h2>Nettbankmetoder for \u00e5 vinne RedFoxLotto<\/h2>\n<p>Du kan bruke kort som Visa, MasterCard og Visa debit for \u00e5 kj\u00f8pe lodd. Flere andre betalingsmetoder er tilgjengelige, for eksempel bankoverf\u00f8ringer og kryptobetalinger. Men hvis du har en betydelig gevinst, m\u00e5 du oppgi en bankkonto slik at gevinstene dine kan overf\u00f8res til deg. Det trygge milj\u00f8et gj\u00f8r det til et perfekt valg for \u00e5 spille internasjonale lotterier og motta gevinstene dine.<\/p>\n<h2>Det har fordeler \u00e5 kj\u00f8pe lotterikuponger p\u00e5 nett.<\/h2>\n<p>En annen fordel med \u00e5 kj\u00f8pe lotterikuponger p\u00e5 nett er at det finnes mange verkt\u00f8y tilgjengelig som hjelper deg med \u00e5 analysere tall for de fleste store internasjonale trekninger. De nettbaserte lotteriverkt\u00f8yene lar deg se de hyppigste tallene, de minst hyppige tallene og trekningshistorikken for lotterier over hele verden. Denne informasjonen gir deg en fordel n\u00e5r du kj\u00f8per kuponger og kan styrke bankkontoen din med gevinster p\u00e5 flere niv\u00e5er.<\/p>\n<p>\u00c5 spille RedFoxLotto kan v\u00e6re morsomt og l\u00f8nnsomt. Begynn \u00e5 spille internasjonale lotterier i dag. <a class=\"thirstylink\" title=\"Redfoxlotto\" href=\"https:\/\/gambling6.com\/go\/redfoxlotto\/\" target=\"_blank\" rel=\"nofollow noopener\">For \u00e5 kj\u00f8pe internasjonale lotterikuponger p\u00e5 nett, bes\u00f8k v\u00e5r partner RedFoxLotto.<\/a><\/p>\n<h2>M\u00e5 du v\u00e6re bosatt i Storbritannia for \u00e5 spille et internasjonalt lotteri?<\/h2>\n<p>Det enkle svaret er: nei, det trenger du ikke! Hvis du har lest artikler p\u00e5 internett eller i avisen om folk som har vunnet millionjackpoter, har du kanskje tenkt: \u00abHvorfor kan ikke jeg pr\u00f8ve et av disse lotteriene?\u00bb Vel, n\u00e5 er det ikke lenger et problem at du ikke er bosatt i landet der jackpotlotteriet trekkes.<\/p>\n<p>Du kan f\u00e5 en billett til hvilken som helst lottojackpot du \u00f8nsker \u00e5 vinne, ettersom de er tilgjengelige online for alle i verden. Denne nettsiden hjelper deg med \u00e5 kj\u00f8pe en online lottobillett til de viktigste internasjonale jackpotene der ute. Og prosedyren kunne ikke v\u00e6rt enklere. Klikk p\u00e5 lenken ovenfor, og velg et lotteri. Du blir tatt til en side der du kan velge favorittnumrene dine til det lotteriet selv, eller la datamaskinen tilfeldig velge tall for deg.<\/p>\n<p>Deretter betaler du online, gjennom betalingsalternativet som er mest praktisk for deg. Disse betalingsmetodene inkluderer popul\u00e6re, sikre e-lommebokl\u00f8sninger som Skrill og til og med kryptovaluta. Selvf\u00f8lgelig kan du ogs\u00e5 velge det mest popul\u00e6re alternativet: \u00e5 betale med kredittkort.<\/p>\n<p><strong>Hva skjer videre \u2013 hvordan f\u00e5r jeg tak i lottokupongen min p\u00e5 nett?<\/strong> Det fungerer som en budtjeneste \u2013 lottokupongen din p\u00e5 nett vill kj\u00f8pes i ditt navn, deretter skannes og lastes opp til kontoen din.<\/p>\n<p>Alt du trenger \u00e5 gj\u00f8re er \u00e5 lene deg tilbake og vente p\u00e5 trekningen, sjekke tallene dine og se hvor mye du har vunnet. Hvis du vinner et bel\u00f8p under \u20ac 2000, vil pengene bli kreditert kundekontoen din. For bel\u00f8p h\u00f8yere enn det krever RedFoxLotto-regelverket at du fyller ut et foresp\u00f8rselsskjema, som nettstedet tilbyr. De videresender det til den relevante lotterikommisjonen p\u00e5 dine vegne, og f\u00f8r du vet ordet av det, ligger det en sjekk i posten til deg! <a class=\"thirstylink\" title=\"Redfoxlotto\" href=\"https:\/\/gambling6.com\/go\/redfoxlotto\/\" target=\"_blank\" rel=\"nofollow noopener\">Kj\u00f8p lodd i dag hos RedFoxLotto!<\/a><\/p>\n<p>&nbsp;<\/p>\n","protected":false},"excerpt":{"rendered":"<p>Lotto blir internasjonalt og p\u00e5 nett. Selv om det regnes som en flott form for underholdning, har det ogs\u00e5 blitt en stor forretning \u00e5 kj\u00f8pe internasjonale lodd. Gambling generelt har eksplodert, delvis p\u00e5 grunn av den utmerkede eksponeringen poker har f\u00e5tt fra media, og ytterligere suksess har blitt tilskrevet internett. \u00c5 spille internasjonale lotterier og [&hellip;]<\/p>\n","protected":false},"author":1,"featured_media":9289,"parent":0,"menu_order":8,"comment_status":"closed","ping_status":"closed","template":"","meta":{"footnotes":""},"class_list":["post-9310","page","type-page","status-publish","has-post-thumbnail","hentry"],"yoast_head":"<!-- This site is optimized with the Yoast SEO plugin v27.3 - https:\/\/yoast.com\/product\/yoast-seo-wordpress\/ -->\n<title>Kj\u00f8pe internasjonale lottobilletter p\u00e5 nett<\/title>\n<meta name=\"description\" content=\"Det er enkelt \u00e5 kj\u00f8pe lodd til internasjonale lotterier p\u00e5 nett. Uansett hvor du bor, kan du delta i et av de beste lotteriene i verden.\" \/>\n<meta name=\"robots\" content=\"index, follow, max-snippet:-1, max-image-preview:large, max-video-preview:-1\" \/>\n<link rel=\"canonical\" href=\"https:\/\/gambling6.com\/no\/lotteri\/\" \/>\n<meta property=\"og:locale\" content=\"nb_NO\" \/>\n<meta property=\"og:type\" content=\"article\" \/>\n<meta property=\"og:title\" content=\"Kj\u00f8pe internasjonale lottobilletter p\u00e5 nett\" \/>\n<meta property=\"og:description\" content=\"Det er enkelt \u00e5 kj\u00f8pe lodd til internasjonale lotterier p\u00e5 nett. Uansett hvor du bor, kan du delta i et av de beste lotteriene i verden.\" \/>\n<meta property=\"og:url\" content=\"https:\/\/gambling6.com\/no\/lotteri\/\" \/>\n<meta property=\"og:site_name\" content=\"Gambling6\" \/>\n<meta property=\"article:modified_time\" content=\"2025-11-12T18:25:35+00:00\" \/>\n<meta property=\"og:image\" content=\"https:\/\/gambling6.com\/wp-content\/uploads\/2013\/12\/International-Community-150x150.jpg\" \/>\n\t<meta property=\"og:image:width\" content=\"150\" \/>\n\t<meta property=\"og:image:height\" content=\"150\" \/>\n\t<meta property=\"og:image:type\" content=\"image\/jpeg\" \/>\n<meta name=\"twitter:card\" content=\"summary_large_image\" \/>\n<meta name=\"twitter:label1\" content=\"Ansl. lesetid\" \/>\n\t<meta name=\"twitter:data1\" content=\"4 minutter\" \/>\n<script type=\"application\/ld+json\" class=\"yoast-schema-graph\">{\"@context\":\"https:\\\/\\\/schema.org\",\"@graph\":[{\"@type\":\"WebPage\",\"@id\":\"https:\\\/\\\/gambling6.com\\\/no\\\/lotteri\\\/\",\"url\":\"https:\\\/\\\/gambling6.com\\\/no\\\/lotteri\\\/\",\"name\":\"Kj\u00f8pe internasjonale lottobilletter p\u00e5 nett\",\"isPartOf\":{\"@id\":\"https:\\\/\\\/gambling6.com\\\/no\\\/#website\"},\"primaryImageOfPage\":{\"@id\":\"https:\\\/\\\/gambling6.com\\\/no\\\/lotteri\\\/#primaryimage\"},\"image\":{\"@id\":\"https:\\\/\\\/gambling6.com\\\/no\\\/lotteri\\\/#primaryimage\"},\"thumbnailUrl\":\"https:\\\/\\\/gambling6.com\\\/wp-content\\\/uploads\\\/2013\\\/12\\\/International-Community-150x150.jpg\",\"datePublished\":\"2025-11-10T13:30:50+00:00\",\"dateModified\":\"2025-11-12T18:25:35+00:00\",\"description\":\"Det er enkelt \u00e5 kj\u00f8pe lodd til internasjonale lotterier p\u00e5 nett. Uansett hvor du bor, kan du delta i et av de beste lotteriene i verden.\",\"breadcrumb\":{\"@id\":\"https:\\\/\\\/gambling6.com\\\/no\\\/lotteri\\\/#breadcrumb\"},\"inLanguage\":\"nb-NO\",\"potentialAction\":[{\"@type\":\"ReadAction\",\"target\":[\"https:\\\/\\\/gambling6.com\\\/no\\\/lotteri\\\/\"]}]},{\"@type\":\"ImageObject\",\"inLanguage\":\"nb-NO\",\"@id\":\"https:\\\/\\\/gambling6.com\\\/no\\\/lotteri\\\/#primaryimage\",\"url\":\"https:\\\/\\\/gambling6.com\\\/wp-content\\\/uploads\\\/2013\\\/12\\\/International-Community-150x150.jpg\",\"contentUrl\":\"https:\\\/\\\/gambling6.com\\\/wp-content\\\/uploads\\\/2013\\\/12\\\/International-Community-150x150.jpg\",\"width\":150,\"height\":150},{\"@type\":\"BreadcrumbList\",\"@id\":\"https:\\\/\\\/gambling6.com\\\/no\\\/lotteri\\\/#breadcrumb\",\"itemListElement\":[{\"@type\":\"ListItem\",\"position\":1,\"name\":\"Home\",\"item\":\"https:\\\/\\\/gambling6.com\\\/no\\\/home\\\/\"},{\"@type\":\"ListItem\",\"position\":2,\"name\":\"Lotteri\"}]},{\"@type\":\"WebSite\",\"@id\":\"https:\\\/\\\/gambling6.com\\\/no\\\/#website\",\"url\":\"https:\\\/\\\/gambling6.com\\\/no\\\/\",\"name\":\"Gambling6\",\"description\":\"\",\"potentialAction\":[{\"@type\":\"SearchAction\",\"target\":{\"@type\":\"EntryPoint\",\"urlTemplate\":\"https:\\\/\\\/gambling6.com\\\/no\\\/?s={search_term_string}\"},\"query-input\":{\"@type\":\"PropertyValueSpecification\",\"valueRequired\":true,\"valueName\":\"search_term_string\"}}],\"inLanguage\":\"nb-NO\"}]}<\/script>\n<!-- \/ Yoast SEO plugin. -->","yoast_head_json":{"title":"Kj\u00f8pe internasjonale lottobilletter p\u00e5 nett","description":"Det er enkelt \u00e5 kj\u00f8pe lodd til internasjonale lotterier p\u00e5 nett. Uansett hvor du bor, kan du delta i et av de beste lotteriene i verden.","robots":{"index":"index","follow":"follow","max-snippet":"max-snippet:-1","max-image-preview":"max-image-preview:large","max-video-preview":"max-video-preview:-1"},"canonical":"https:\/\/gambling6.com\/no\/lotteri\/","og_locale":"nb_NO","og_type":"article","og_title":"Kj\u00f8pe internasjonale lottobilletter p\u00e5 nett","og_description":"Det er enkelt \u00e5 kj\u00f8pe lodd til internasjonale lotterier p\u00e5 nett. Uansett hvor du bor, kan du delta i et av de beste lotteriene i verden.","og_url":"https:\/\/gambling6.com\/no\/lotteri\/","og_site_name":"Gambling6","article_modified_time":"2025-11-12T18:25:35+00:00","og_image":[{"width":150,"height":150,"url":"https:\/\/gambling6.com\/wp-content\/uploads\/2013\/12\/International-Community-150x150.jpg","type":"image\/jpeg"}],"twitter_card":"summary_large_image","twitter_misc":{"Ansl. lesetid":"4 minutter"},"schema":{"@context":"https:\/\/schema.org","@graph":[{"@type":"WebPage","@id":"https:\/\/gambling6.com\/no\/lotteri\/","url":"https:\/\/gambling6.com\/no\/lotteri\/","name":"Kj\u00f8pe internasjonale lottobilletter p\u00e5 nett","isPartOf":{"@id":"https:\/\/gambling6.com\/no\/#website"},"primaryImageOfPage":{"@id":"https:\/\/gambling6.com\/no\/lotteri\/#primaryimage"},"image":{"@id":"https:\/\/gambling6.com\/no\/lotteri\/#primaryimage"},"thumbnailUrl":"https:\/\/gambling6.com\/wp-content\/uploads\/2013\/12\/International-Community-150x150.jpg","datePublished":"2025-11-10T13:30:50+00:00","dateModified":"2025-11-12T18:25:35+00:00","description":"Det er enkelt \u00e5 kj\u00f8pe lodd til internasjonale lotterier p\u00e5 nett. Uansett hvor du bor, kan du delta i et av de beste lotteriene i verden.","breadcrumb":{"@id":"https:\/\/gambling6.com\/no\/lotteri\/#breadcrumb"},"inLanguage":"nb-NO","potentialAction":[{"@type":"ReadAction","target":["https:\/\/gambling6.com\/no\/lotteri\/"]}]},{"@type":"ImageObject","inLanguage":"nb-NO","@id":"https:\/\/gambling6.com\/no\/lotteri\/#primaryimage","url":"https:\/\/gambling6.com\/wp-content\/uploads\/2013\/12\/International-Community-150x150.jpg","contentUrl":"https:\/\/gambling6.com\/wp-content\/uploads\/2013\/12\/International-Community-150x150.jpg","width":150,"height":150},{"@type":"BreadcrumbList","@id":"https:\/\/gambling6.com\/no\/lotteri\/#breadcrumb","itemListElement":[{"@type":"ListItem","position":1,"name":"Home","item":"https:\/\/gambling6.com\/no\/home\/"},{"@type":"ListItem","position":2,"name":"Lotteri"}]},{"@type":"WebSite","@id":"https:\/\/gambling6.com\/no\/#website","url":"https:\/\/gambling6.com\/no\/","name":"Gambling6","description":"","potentialAction":[{"@type":"SearchAction","target":{"@type":"EntryPoint","urlTemplate":"https:\/\/gambling6.com\/no\/?s={search_term_string}"},"query-input":{"@type":"PropertyValueSpecification","valueRequired":true,"valueName":"search_term_string"}}],"inLanguage":"nb-NO"}]}},"_links":{"self":[{"href":"https:\/\/gambling6.com\/no\/wp-json\/wp\/v2\/pages\/9310","targetHints":{"allow":["GET"]}}],"collection":[{"href":"https:\/\/gambling6.com\/no\/wp-json\/wp\/v2\/pages"}],"about":[{"href":"https:\/\/gambling6.com\/no\/wp-json\/wp\/v2\/types\/page"}],"author":[{"embeddable":true,"href":"https:\/\/gambling6.com\/no\/wp-json\/wp\/v2\/users\/1"}],"replies":[{"embeddable":true,"href":"https:\/\/gambling6.com\/no\/wp-json\/wp\/v2\/comments?post=9310"}],"version-history":[{"count":1,"href":"https:\/\/gambling6.com\/no\/wp-json\/wp\/v2\/pages\/9310\/revisions"}],"predecessor-version":[{"id":10738,"href":"https:\/\/gambling6.com\/no\/wp-json\/wp\/v2\/pages\/9310\/revisions\/10738"}],"wp:featuredmedia":[{"embeddable":true,"href":"https:\/\/gambling6.com\/no\/wp-json\/wp\/v2\/media\/9289"}],"wp:attachment":[{"href":"https:\/\/gambling6.com\/no\/wp-json\/wp\/v2\/media?parent=9310"}],"curies":[{"name":"wp","href":"https:\/\/api.w.org\/{rel}","templated":true}]}}