{"id":9363,"date":"2025-11-10T20:47:36","date_gmt":"2025-11-10T20:47:36","guid":{"rendered":"https:\/\/gambling6.com\/lotteri\/skaff-deg-lodd-til-mega-millions-lotteriet-pa-nett\/"},"modified":"2025-11-10T20:47:36","modified_gmt":"2025-11-10T20:47:36","slug":"skaff-deg-lodd-til-mega-millions-lotteriet-pa-nett","status":"publish","type":"page","link":"https:\/\/gambling6.com\/no\/lotteri\/skaff-deg-lodd-til-mega-millions-lotteriet-pa-nett\/","title":{"rendered":"Skaff deg lodd til Mega Millions-lotteriet p\u00e5 nett"},"content":{"rendered":"<h2>Mega Millions-lotteribilletter tilgjengelig fra hvor som helst i verden<\/h2>\n<p>Et utrolig antall mennesker kj\u00f8per lotteribilletter hver eneste dag, b\u00e5de i Nord-Amerika og rundt om i verden. De fleste lotterideltakere er godt klar over at sjansene deres for \u00e5 faktisk vinne jackpotten er sv\u00e6rt sm\u00e5. <strong>Likevel, med muligheten til \u00e5\u00a0<\/strong><span style=\"box-sizing: border-box; margin: 0px; padding: 0px;\"><strong>kj\u00f8pe billetter p\u00e5 nett til Mega Millions-lotteriet, l\u00f8per folk til datamaskinene sine daglig<\/strong>, logger seg p\u00e5 v\u00e5r partner RedFoxLotto.com og kj\u00f8per billetter <\/span>til det gigantiske USA-baserte Mega Millions-lotteriet.<img loading=\"lazy\" decoding=\"async\" class=\" alignright wp-image-544\" style=\"margin: 10px; border: 5px solid #ffffff; float: right;\" src=\"http:\/\/gambling6.com\/wp-content\/uploads\/2013\/12\/get-mega-millions-tickets-online.png\" alt=\"dine Megamillions-billetter p\u00e5 nett\" width=\"297\" height=\"163\" srcset=\"https:\/\/gambling6.com\/wp-content\/uploads\/2013\/12\/get-mega-millions-tickets-online.png 388w, https:\/\/gambling6.com\/wp-content\/uploads\/2013\/12\/get-mega-millions-tickets-online-300x165.png 300w\" sizes=\"auto, (max-width: 297px) 100vw, 297px\" \/><\/p>\n<h2>For \u00e5 vinne m\u00e5 du skaffe deg lodd p\u00e5 nett.<\/h2>\n<p>Mange vil heller ha en liten sjanse til \u00e5 vinne enn ingen i det hele tatt. Som ordtaket sier: \u00abDu kan ikke vinne uten en lodd\u00bb. Denne frasen sitter fast i manges sinn, og med lottobilder som oversv\u00f8mmer dem hver dag, er det sv\u00e6rt sannsynlig at de kj\u00f8per loddene sine p\u00e5 nett. Internett har gjort det mulig for folk internasjonalt \u00e5 kj\u00f8pe lodd til hver eneste lotteritrekning. Siden Mega Millions er en av de st\u00f8rste trekningene i verden, er det rett og slett fornuftig at folk str\u00f8mmer til for \u00e5 kj\u00f8pe lodd p\u00e5 nett.<\/p>\n<p>For \u00e5 f\u00e5 din billett, <a class=\"thirstylink\" title=\"Redfoxlotto\" href=\"https:\/\/gambling6.com\/go\/redfoxlotto\/\" target=\"_blank\" rel=\"nofollow noopener\">klikk her for \u00e5 bes\u00f8ke RedFoxLotto.com<\/a>, en utmerket loddsalgstjeneste, hvor du kan kj\u00f8pe lodd til de st\u00f8rste jackpotene fra hele verden.<\/p>\n<h2>Livsendrende muligheter venter nettkj\u00f8pere.<\/h2>\n<p>Det er viktig \u00e5 merke seg at folk kj\u00f8per lodd til Mega Millions-lotteriet p\u00e5 nett for \u00e5 pr\u00f8ve \u00e5 forandre livene sine. N\u00e5r de h\u00f8rer resultatet om at et par i Tunkhannock, Pennsylvania, har vunnet hovedpremien, blir de skuffet og sjekker ikke engang loddene sine.<\/p>\n<h2>Mega Millions- og Powerball-lodd p\u00e5 nett er de mest popul\u00e6re.<\/h2>\n<p>De to lotteriene i USA, nemlig Megamillions og Powerball, er faktisk de st\u00f8rste jackpotproduserende lotteriene i verden. Det er derfor ingen overraskelse at nettsalget av lodd for disse to gigantene stiger til nye h\u00f8yder hver uke. \u00c5 kj\u00f8pe kuponger til Mega Millions p\u00e5 nett har jevnlig brakt jackpotene til ekstraordin\u00e6re niv\u00e5er.<\/p>\n<h2>Fantastiske Mega Millions-jackpoter i 2013 n\u00e6rmer seg rekordh\u00f8ye niv\u00e5er<\/h2>\n<table style=\"width: 500px;\" border=\"1\" cellspacing=\"5\" cellpadding=\"5\" align=\"center\">\n<tbody>\n<tr>\n<td colspan=\"3\" align=\"center\">De fem beste jackpottene for 2013<\/td>\n<\/tr>\n<tr>\n<td>Trekning<\/td>\n<td align=\"center\">Dato<\/td>\n<td align=\"center\">Jackpot (USD)<\/td>\n<\/tr>\n<tr>\n<td>Mega Millions &#8211; USA<\/td>\n<td align=\"center\">17. desember 2013<\/td>\n<td align=\"right\">636 000 000 dollar<\/td>\n<\/tr>\n<tr>\n<td>Mega Millions &#8211; USA<\/td>\n<td align=\"center\">17. mai 2013<\/td>\n<td align=\"right\">$190 000 000<\/td>\n<\/tr>\n<tr>\n<td>Mega Millions &#8211; USA<\/td>\n<td align=\"center\">1. okt. 2013<\/td>\n<td align=\"right\">$189 000 000<\/td>\n<\/tr>\n<tr>\n<td>Mega Millions &#8211; USA<\/td>\n<td align=\"center\">25. jan. 2013<\/td>\n<td align=\"right\">$89 000 000<\/td>\n<\/tr>\n<tr>\n<td>Mega Millions &#8211; USA<\/td>\n<td align=\"center\">5. jul. 2013<\/td>\n<td align=\"right\">$79 000 000<\/td>\n<\/tr>\n<\/tbody>\n<\/table>\n<h2>\u00a0Mange premier for Mega Millions online-kupong innehavere<\/h2>\n<table style=\"width: 500px;\" border=\"1\" cellspacing=\"5\" cellpadding=\"5\" align=\"center\">\n<tbody>\n<tr>\n<td colspan=\"3\" align=\"center\">Mega Millions-lotteriets premieniv\u00e5er<\/td>\n<\/tr>\n<tr>\n<td>Premie<\/td>\n<td align=\"center\">Kampene<\/td>\n<td align=\"center\">Odds<\/td>\n<\/tr>\n<tr>\n<td>1. (Jackpot)<\/td>\n<td align=\"center\">5 + 1<\/td>\n<td align=\"right\">175 711 538 : 1<\/td>\n<\/tr>\n<tr>\n<td>2.<\/td>\n<td align=\"center\">5<\/td>\n<td align=\"right\">3 904 701 : 1<\/td>\n<\/tr>\n<tr>\n<td>3.<\/td>\n<td align=\"center\">4 + 1<\/td>\n<td align=\"right\">689 065 : 1<\/td>\n<\/tr>\n<tr>\n<td>4.<\/td>\n<td align=\"center\">4<\/td>\n<td align=\"right\">15 313 \u200b\u200b: 1<\/td>\n<\/tr>\n<tr>\n<td>5.<\/td>\n<td align=\"center\">3 + 1<\/td>\n<td align=\"right\">13 781 : 1<\/td>\n<\/tr>\n<tr>\n<td>6.<\/td>\n<td align=\"center\">2 + 1<\/td>\n<td align=\"right\">844 : 1<\/td>\n<\/tr>\n<tr>\n<td>7.<\/td>\n<td align=\"center\">3<\/td>\n<td align=\"right\">360 : 1<\/td>\n<\/tr>\n<tr>\n<td>8.<\/td>\n<td align=\"center\">1 + 1<\/td>\n<td align=\"right\">141 : 1<\/td>\n<\/tr>\n<tr>\n<td>9.<\/td>\n<td align=\"center\">0 + 1<\/td>\n<td align=\"right\">75 : 1<\/td>\n<\/tr>\n<\/tbody>\n<\/table>\n<p style=\"text-align: center;\"><strong>Spill Mega Millions i dag med dine online-billetter, og du kan f\u00e5 dr\u00f8mmene dine til \u00e5 g\u00e5 i oppfyllelse!<\/strong><\/p>\n","protected":false},"excerpt":{"rendered":"<p>Mega Millions-lotteribilletter tilgjengelig fra hvor som helst i verden Et utrolig antall mennesker kj\u00f8per lotteribilletter hver eneste dag, b\u00e5de i Nord-Amerika og rundt om i verden. De fleste lotterideltakere er godt klar over at sjansene deres for \u00e5 faktisk vinne jackpotten er sv\u00e6rt sm\u00e5. Likevel, med muligheten til \u00e5\u00a0kj\u00f8pe billetter p\u00e5 nett til Mega Millions-lotteriet, [&hellip;]<\/p>\n","protected":false},"author":1,"featured_media":9348,"parent":9310,"menu_order":13,"comment_status":"closed","ping_status":"closed","template":"","meta":{"footnotes":""},"class_list":["post-9363","page","type-page","status-publish","has-post-thumbnail","hentry"],"yoast_head":"<!-- This site is optimized with the Yoast SEO plugin v27.4 - https:\/\/yoast.com\/product\/yoast-seo-wordpress\/ -->\n<title>Kj\u00f8p Mega Millions-lotterikuponger p\u00e5 nett<\/title>\n<meta name=\"description\" content=\"Vinn stort ved \u00e5 skaffe deg lodd til Mega Millions-lotteriet p\u00e5 nett.\" \/>\n<meta name=\"robots\" content=\"index, follow, max-snippet:-1, max-image-preview:large, max-video-preview:-1\" \/>\n<link rel=\"canonical\" href=\"https:\/\/gambling6.com\/no\/lotteri\/skaff-deg-lodd-til-mega-millions-lotteriet-pa-nett\/\" \/>\n<meta property=\"og:locale\" content=\"nb_NO\" \/>\n<meta property=\"og:type\" content=\"article\" \/>\n<meta property=\"og:title\" content=\"Kj\u00f8p Mega Millions-lotterikuponger p\u00e5 nett\" \/>\n<meta property=\"og:description\" content=\"Vinn stort ved \u00e5 skaffe deg lodd til Mega Millions-lotteriet p\u00e5 nett.\" \/>\n<meta property=\"og:url\" content=\"https:\/\/gambling6.com\/no\/lotteri\/skaff-deg-lodd-til-mega-millions-lotteriet-pa-nett\/\" \/>\n<meta property=\"og:site_name\" content=\"Gambling6\" \/>\n<meta property=\"og:image\" content=\"https:\/\/gambling6.com\/wp-content\/uploads\/2013\/12\/get-mega-millions-tickets-online.png\" \/>\n\t<meta property=\"og:image:width\" content=\"388\" \/>\n\t<meta property=\"og:image:height\" content=\"213\" \/>\n\t<meta property=\"og:image:type\" content=\"image\/png\" \/>\n<meta name=\"twitter:card\" content=\"summary_large_image\" \/>\n<meta name=\"twitter:label1\" content=\"Ansl. lesetid\" \/>\n\t<meta name=\"twitter:data1\" content=\"2 minutter\" \/>\n<script type=\"application\/ld+json\" class=\"yoast-schema-graph\">{\"@context\":\"https:\\\/\\\/schema.org\",\"@graph\":[{\"@type\":\"WebPage\",\"@id\":\"https:\\\/\\\/gambling6.com\\\/no\\\/lotteri\\\/skaff-deg-lodd-til-mega-millions-lotteriet-pa-nett\\\/\",\"url\":\"https:\\\/\\\/gambling6.com\\\/no\\\/lotteri\\\/skaff-deg-lodd-til-mega-millions-lotteriet-pa-nett\\\/\",\"name\":\"Kj\u00f8p Mega Millions-lotterikuponger p\u00e5 nett\",\"isPartOf\":{\"@id\":\"https:\\\/\\\/gambling6.com\\\/no\\\/#website\"},\"primaryImageOfPage\":{\"@id\":\"https:\\\/\\\/gambling6.com\\\/no\\\/lotteri\\\/skaff-deg-lodd-til-mega-millions-lotteriet-pa-nett\\\/#primaryimage\"},\"image\":{\"@id\":\"https:\\\/\\\/gambling6.com\\\/no\\\/lotteri\\\/skaff-deg-lodd-til-mega-millions-lotteriet-pa-nett\\\/#primaryimage\"},\"thumbnailUrl\":\"https:\\\/\\\/gambling6.com\\\/wp-content\\\/uploads\\\/2013\\\/12\\\/get-mega-millions-tickets-online.png\",\"datePublished\":\"2025-11-10T20:47:36+00:00\",\"description\":\"Vinn stort ved \u00e5 skaffe deg lodd til Mega Millions-lotteriet p\u00e5 nett.\",\"breadcrumb\":{\"@id\":\"https:\\\/\\\/gambling6.com\\\/no\\\/lotteri\\\/skaff-deg-lodd-til-mega-millions-lotteriet-pa-nett\\\/#breadcrumb\"},\"inLanguage\":\"nb-NO\",\"potentialAction\":[{\"@type\":\"ReadAction\",\"target\":[\"https:\\\/\\\/gambling6.com\\\/no\\\/lotteri\\\/skaff-deg-lodd-til-mega-millions-lotteriet-pa-nett\\\/\"]}]},{\"@type\":\"ImageObject\",\"inLanguage\":\"nb-NO\",\"@id\":\"https:\\\/\\\/gambling6.com\\\/no\\\/lotteri\\\/skaff-deg-lodd-til-mega-millions-lotteriet-pa-nett\\\/#primaryimage\",\"url\":\"https:\\\/\\\/gambling6.com\\\/wp-content\\\/uploads\\\/2013\\\/12\\\/get-mega-millions-tickets-online.png\",\"contentUrl\":\"https:\\\/\\\/gambling6.com\\\/wp-content\\\/uploads\\\/2013\\\/12\\\/get-mega-millions-tickets-online.png\",\"width\":388,\"height\":213},{\"@type\":\"BreadcrumbList\",\"@id\":\"https:\\\/\\\/gambling6.com\\\/no\\\/lotteri\\\/skaff-deg-lodd-til-mega-millions-lotteriet-pa-nett\\\/#breadcrumb\",\"itemListElement\":[{\"@type\":\"ListItem\",\"position\":1,\"name\":\"Home\",\"item\":\"https:\\\/\\\/gambling6.com\\\/no\\\/home\\\/\"},{\"@type\":\"ListItem\",\"position\":2,\"name\":\"Lotteri\",\"item\":\"https:\\\/\\\/gambling6.com\\\/no\\\/buying-international-lotto-tickets-online\\\/\"},{\"@type\":\"ListItem\",\"position\":3,\"name\":\"Skaff deg lodd til Mega Millions-lotteriet p\u00e5 nett\"}]},{\"@type\":\"WebSite\",\"@id\":\"https:\\\/\\\/gambling6.com\\\/no\\\/#website\",\"url\":\"https:\\\/\\\/gambling6.com\\\/no\\\/\",\"name\":\"Gambling6\",\"description\":\"\",\"potentialAction\":[{\"@type\":\"SearchAction\",\"target\":{\"@type\":\"EntryPoint\",\"urlTemplate\":\"https:\\\/\\\/gambling6.com\\\/no\\\/?s={search_term_string}\"},\"query-input\":{\"@type\":\"PropertyValueSpecification\",\"valueRequired\":true,\"valueName\":\"search_term_string\"}}],\"inLanguage\":\"nb-NO\"}]}<\/script>\n<!-- \/ Yoast SEO plugin. -->","yoast_head_json":{"title":"Kj\u00f8p Mega Millions-lotterikuponger p\u00e5 nett","description":"Vinn stort ved \u00e5 skaffe deg lodd til Mega Millions-lotteriet p\u00e5 nett.","robots":{"index":"index","follow":"follow","max-snippet":"max-snippet:-1","max-image-preview":"max-image-preview:large","max-video-preview":"max-video-preview:-1"},"canonical":"https:\/\/gambling6.com\/no\/lotteri\/skaff-deg-lodd-til-mega-millions-lotteriet-pa-nett\/","og_locale":"nb_NO","og_type":"article","og_title":"Kj\u00f8p Mega Millions-lotterikuponger p\u00e5 nett","og_description":"Vinn stort ved \u00e5 skaffe deg lodd til Mega Millions-lotteriet p\u00e5 nett.","og_url":"https:\/\/gambling6.com\/no\/lotteri\/skaff-deg-lodd-til-mega-millions-lotteriet-pa-nett\/","og_site_name":"Gambling6","og_image":[{"width":388,"height":213,"url":"https:\/\/gambling6.com\/wp-content\/uploads\/2013\/12\/get-mega-millions-tickets-online.png","type":"image\/png"}],"twitter_card":"summary_large_image","twitter_misc":{"Ansl. lesetid":"2 minutter"},"schema":{"@context":"https:\/\/schema.org","@graph":[{"@type":"WebPage","@id":"https:\/\/gambling6.com\/no\/lotteri\/skaff-deg-lodd-til-mega-millions-lotteriet-pa-nett\/","url":"https:\/\/gambling6.com\/no\/lotteri\/skaff-deg-lodd-til-mega-millions-lotteriet-pa-nett\/","name":"Kj\u00f8p Mega Millions-lotterikuponger p\u00e5 nett","isPartOf":{"@id":"https:\/\/gambling6.com\/no\/#website"},"primaryImageOfPage":{"@id":"https:\/\/gambling6.com\/no\/lotteri\/skaff-deg-lodd-til-mega-millions-lotteriet-pa-nett\/#primaryimage"},"image":{"@id":"https:\/\/gambling6.com\/no\/lotteri\/skaff-deg-lodd-til-mega-millions-lotteriet-pa-nett\/#primaryimage"},"thumbnailUrl":"https:\/\/gambling6.com\/wp-content\/uploads\/2013\/12\/get-mega-millions-tickets-online.png","datePublished":"2025-11-10T20:47:36+00:00","description":"Vinn stort ved \u00e5 skaffe deg lodd til Mega Millions-lotteriet p\u00e5 nett.","breadcrumb":{"@id":"https:\/\/gambling6.com\/no\/lotteri\/skaff-deg-lodd-til-mega-millions-lotteriet-pa-nett\/#breadcrumb"},"inLanguage":"nb-NO","potentialAction":[{"@type":"ReadAction","target":["https:\/\/gambling6.com\/no\/lotteri\/skaff-deg-lodd-til-mega-millions-lotteriet-pa-nett\/"]}]},{"@type":"ImageObject","inLanguage":"nb-NO","@id":"https:\/\/gambling6.com\/no\/lotteri\/skaff-deg-lodd-til-mega-millions-lotteriet-pa-nett\/#primaryimage","url":"https:\/\/gambling6.com\/wp-content\/uploads\/2013\/12\/get-mega-millions-tickets-online.png","contentUrl":"https:\/\/gambling6.com\/wp-content\/uploads\/2013\/12\/get-mega-millions-tickets-online.png","width":388,"height":213},{"@type":"BreadcrumbList","@id":"https:\/\/gambling6.com\/no\/lotteri\/skaff-deg-lodd-til-mega-millions-lotteriet-pa-nett\/#breadcrumb","itemListElement":[{"@type":"ListItem","position":1,"name":"Home","item":"https:\/\/gambling6.com\/no\/home\/"},{"@type":"ListItem","position":2,"name":"Lotteri","item":"https:\/\/gambling6.com\/no\/buying-international-lotto-tickets-online\/"},{"@type":"ListItem","position":3,"name":"Skaff deg lodd til Mega Millions-lotteriet p\u00e5 nett"}]},{"@type":"WebSite","@id":"https:\/\/gambling6.com\/no\/#website","url":"https:\/\/gambling6.com\/no\/","name":"Gambling6","description":"","potentialAction":[{"@type":"SearchAction","target":{"@type":"EntryPoint","urlTemplate":"https:\/\/gambling6.com\/no\/?s={search_term_string}"},"query-input":{"@type":"PropertyValueSpecification","valueRequired":true,"valueName":"search_term_string"}}],"inLanguage":"nb-NO"}]}},"_links":{"self":[{"href":"https:\/\/gambling6.com\/no\/wp-json\/wp\/v2\/pages\/9363","targetHints":{"allow":["GET"]}}],"collection":[{"href":"https:\/\/gambling6.com\/no\/wp-json\/wp\/v2\/pages"}],"about":[{"href":"https:\/\/gambling6.com\/no\/wp-json\/wp\/v2\/types\/page"}],"author":[{"embeddable":true,"href":"https:\/\/gambling6.com\/no\/wp-json\/wp\/v2\/users\/1"}],"replies":[{"embeddable":true,"href":"https:\/\/gambling6.com\/no\/wp-json\/wp\/v2\/comments?post=9363"}],"version-history":[{"count":0,"href":"https:\/\/gambling6.com\/no\/wp-json\/wp\/v2\/pages\/9363\/revisions"}],"up":[{"embeddable":true,"href":"https:\/\/gambling6.com\/no\/wp-json\/wp\/v2\/pages\/9310"}],"wp:featuredmedia":[{"embeddable":true,"href":"https:\/\/gambling6.com\/no\/wp-json\/wp\/v2\/media\/9348"}],"wp:attachment":[{"href":"https:\/\/gambling6.com\/no\/wp-json\/wp\/v2\/media?parent=9363"}],"curies":[{"name":"wp","href":"https:\/\/api.w.org\/{rel}","templated":true}]}}