{"id":9406,"date":"2025-11-10T21:50:10","date_gmt":"2025-11-10T21:50:10","guid":{"rendered":"https:\/\/gambling6.com\/lotteri\/jak-moge-kupic-losy-na-loterie-euromillions-online-poza-europa\/"},"modified":"2025-11-12T18:49:15","modified_gmt":"2025-11-12T18:49:15","slug":"jak-moge-kupic-losy-na-loterie-euromillions-online-poza-europa","status":"publish","type":"page","link":"https:\/\/gambling6.com\/no\/lotteri\/jak-moge-kupic-losy-na-loterie-euromillions-online-poza-europa\/","title":{"rendered":"Jak mog\u0119 kupi\u0107 losy na loteri\u0119 Euromillions online poza Europ\u0105?"},"content":{"rendered":"<h2>EuroMillions<\/h2>\n<p>Z pul\u0105 nagr\u00f3d wynosz\u0105c\u0105 185 milion\u00f3w euro i standardow\u0105 <span style=\"box-sizing: border-box; margin: 0px; padding: 0px;\">szans\u0105 na wygranie ponad 100 milion\u00f3w euro, <strong>ludzie \u015bpiesz\u0105 si\u0119 do komputer\u00f3w, aby kupi\u0107 online losy na loteri\u0119 EuroMillions<\/strong><\/span><strong>.<\/strong> W EuroMillions gra si\u0119 w 9 krajach Europy, a w zesz\u0142ym roku wyp\u0142acono ponad 2,5 miliarda dolar\u00f3w w nagrodach. Dlaczego nie mia\u0142by\u015b mie\u0107 szansy na wygranie tej kumulacji? Wystarczy odwiedzi\u0107 naszego partnera RedFoxLotto i kupi\u0107 losy online. Gra w RedFoxLotto nigdy nie by\u0142a prostsza.<\/p>\n<p><strong>Mo\u017cesz kupi\u0107 losy online na loteri\u0119 EuroMillions dwa razy w tygodniu<\/strong>, a dzi\u0119ki temu masz szans\u0119 wygra\u0107 nawet 13 r\u00f3\u017cnych poziom\u00f3w nagr\u00f3d. Aby kupi\u0107 losy online, nale\u017cy wybra\u0107 5 g\u0142\u00f3wnych liczb z zakresu od 1 do 50. Po drugie, dwie szcz\u0119\u015bliwe liczby, obie z zakresu od 1 do 11, s\u0105 losowane z osobnej maszyny. Aby wygra\u0107 g\u0142\u00f3wn\u0105 nagrod\u0119, nale\u017cy trafi\u0107 wszystkie siedem liczb.<\/p>\n<h2>Dlaczego warto gra\u0107 w loteri\u0119 Euromillions online?<\/h2>\n<p><img loading=\"lazy\" decoding=\"async\" class=\" wp-image-1437 alignright\" src=\"https:\/\/gambling6.com\/wp-content\/uploads\/2022\/04\/2_ticket_euromillions-112x300.jpg\" alt=\"bilet euromillions\" width=\"99\" height=\"265\" srcset=\"https:\/\/gambling6.com\/wp-content\/uploads\/2022\/04\/2_ticket_euromillions-112x300.jpg 112w, https:\/\/gambling6.com\/wp-content\/uploads\/2022\/04\/2_ticket_euromillions.jpg 200w\" sizes=\"auto, (max-width: 99px) 100vw, 99px\" \/>Gor\u0105czka loterii w Europie mo\u017ce \u2014 i ju\u017c \u2014 osi\u0105gn\u0119\u0142a poziom epidemii. W zwi\u0105zku z tym co tydzie\u0144 ustawiaj\u0105 si\u0119 w kolejce, aby zagra\u0107 w najwi\u0119ksz\u0105 loteri\u0119 w Europie z jedn\u0105 z trzech najwy\u017cszych nagr\u00f3d g\u0142\u00f3wnych na \u015bwiecie. Loteria EuroMillions rozpocz\u0119\u0142a si\u0119 w 2004 roku i jest rozgrywana w Belgii, Francji, Irlandii, Austrii, Luksemburgu, Hiszpanii, Portugalii, Szwajcarii i Wielkiej Brytanii. Szkocka para wygra\u0142a najwi\u0119ksz\u0105 w historii kumulacj\u0119 w lipcu 2011 roku, zgarniaj\u0105c 185 milion\u00f3w euro.<\/p>\n<p>Opr\u00f3cz wszystkich europejskich graczy w wymienionych wy\u017cej krajach, miliony ludzi co tydzie\u0144 kupuj\u0105 losy online. Zdobycie los\u00f3w online na loteri\u0119 EuroMillions jest bardzo proste: odwied\u017a naszego partnera RedFoxLotto. Szansa na wygranie g\u0142\u00f3wnej nagrody w loterii EuroMillions wynosi 1 do 116 531 800. Jednak aby wzi\u0105\u0107 udzia\u0142 w jednym z 13 pozosta\u0142ych poziom\u00f3w nagr\u00f3d, Twoje og\u00f3lne szanse wynosz\u0105 1 do 13.<\/p>\n<p>Po raz kolejny znajdziesz loteri\u0119 EuroMillions, jedn\u0105 z najbardziej ekscytuj\u0105cych na \u015bwiecie. <span style=\"box-sizing: border-box; margin: 0px; padding: 0px;\">Po\u015bwi\u0119\u0107 chwil\u0119, aby <a href=\"https:\/\/gambling6.com\/go\/redfoxlotto-en\/\" target=\"_blank\" rel=\"noopener\">odwiedzi\u0107 RedFoxLotto ju\u017c dzi\u015b, klikaj\u0105c ten link<\/a>, za\u0142o\u017cy\u0107 konto i zacz\u0105\u0107 gra\u0107 w t\u0119 gigantyczn\u0105 europejsk\u0105 loteri\u0119.<\/span> Jeste\u015bmy pewni, \u017ce b\u0119dziesz zadowolony. \u0141atwo jest kupi\u0107 online losy na EuroMillions i inne popularne loterie na ca\u0142ym \u015bwiecie.<\/p>\n<table style=\"width: 500px;\" border=\"1\" cellspacing=\"5\" cellpadding=\"5\" align=\"center\">\n<tbody>\n<tr>\n<td colspan=\"3\" align=\"center\">Pi\u0119\u0107 najwi\u0119kszych jackpot\u00f3w w 2013 roku<\/td>\n<\/tr>\n<tr>\n<td>Losowanie<\/td>\n<td align=\"center\">Data<\/td>\n<td align=\"center\">G\u0142\u00f3wna nagroda (USD)<\/td>\n<\/tr>\n<tr>\n<td>Euro Millions &#8211; Europa<\/td>\n<td align=\"center\">25 czerwca 2013<\/td>\n<td align=\"right\">260 129 094 USD<\/td>\n<\/tr>\n<tr>\n<td>Euro Millions &#8211; Europa<\/td>\n<td align=\"center\">15 listopada 2013 r.<\/td>\n<td align=\"right\">137 000 000 USD<\/td>\n<\/tr>\n<tr>\n<td>Euro Millions &#8211; Europa<\/td>\n<td align=\"center\">28 maja 2013 r.<\/td>\n<td align=\"right\">132 676 542 USD<\/td>\n<\/tr>\n<tr>\n<td>Euro Millions &#8211; Europa<\/td>\n<td align=\"center\">25 czerwca 2013 r.<\/td>\n<td align=\"right\">131 636 203 USD<\/td>\n<\/tr>\n<tr>\n<td>Euro Millions &#8211; Europa<\/td>\n<td align=\"center\">23 sierpnia 2013 r.<\/td>\n<td align=\"right\">131 628 767 dolar\u00f3w<\/td>\n<\/tr>\n<\/tbody>\n<\/table>\n<table style=\"width: 500px;\" border=\"1\" cellspacing=\"5\" cellpadding=\"5\" align=\"center\">\n<tbody>\n<tr>\n<td colspan=\"3\" align=\"center\">Poziomy nagr\u00f3d Euro Millions<\/td>\n<\/tr>\n<tr>\n<td>Nagroda<\/td>\n<td align=\"center\">Mecze<\/td>\n<td align=\"center\">Kursy<\/td>\n<\/tr>\n<tr>\n<td>1. miejsce (G\u0142\u00f3wna wygrana)<\/td>\n<td align=\"center\">5 + 2<\/td>\n<td align=\"right\">116 531 800 : 1<\/td>\n<\/tr>\n<tr>\n<td>2. miejsce<\/td>\n<td align=\"center\">5 + 1<\/td>\n<td align=\"right\">6\u00a0473\u00a0989 : 1<\/td>\n<\/tr>\n<tr>\n<td>3.<\/td>\n<td align=\"center\">5<\/td>\n<td align=\"right\">3\u00a0236\u00a0994 : 1<\/td>\n<\/tr>\n<tr>\n<td>4.<\/td>\n<td align=\"center\">4 + 2<\/td>\n<td align=\"right\">517\u00a0919 : 1<\/td>\n<\/tr>\n<tr>\n<td>5.<\/td>\n<td align=\"center\">4 + 1<\/td>\n<td align=\"right\">28\u00a0773 : 1<\/td>\n<\/tr>\n<tr>\n<td>6.<\/td>\n<td align=\"center\">4<\/td>\n<td align=\"right\">14 387 : 1<\/td>\n<\/tr>\n<tr>\n<td>7<\/td>\n<td align=\"center\">3 + 2<\/td>\n<td align=\"right\">11 771 : 1<\/td>\n<\/tr>\n<tr>\n<td>8<\/td>\n<td align=\"center\">2 + 2<\/td>\n<td align=\"right\">821 : 1<\/td>\n<\/tr>\n<tr>\n<td>9<\/td>\n<td align=\"center\">3 + 1<\/td>\n<td align=\"right\">654 : 1<\/td>\n<\/tr>\n<tr>\n<td>10<\/td>\n<td align=\"center\">3<\/td>\n<td align=\"right\">327 : 1<\/td>\n<\/tr>\n<tr>\n<td>11.<\/td>\n<td align=\"center\">1 + 2<\/td>\n<td align=\"right\">156 : 1<\/td>\n<\/tr>\n<tr>\n<td>12.<\/td>\n<td align=\"center\">2 + 1<\/td>\n<td align=\"right\">46 : 1<\/td>\n<\/tr>\n<tr>\n<td>13.<\/td>\n<td align=\"center\">2<\/td>\n<td align=\"right\">23 : 1<\/td>\n<\/tr>\n<\/tbody>\n<\/table>\n","protected":false},"excerpt":{"rendered":"<p>EuroMillions Z pul\u0105 nagr\u00f3d wynosz\u0105c\u0105 185 milion\u00f3w euro i standardow\u0105 szans\u0105 na wygranie ponad 100 milion\u00f3w euro, ludzie \u015bpiesz\u0105 si\u0119 do komputer\u00f3w, aby kupi\u0107 online losy na loteri\u0119 EuroMillions. W EuroMillions gra si\u0119 w 9 krajach Europy, a w zesz\u0142ym roku wyp\u0142acono ponad 2,5 miliarda dolar\u00f3w w nagrodach. Dlaczego nie mia\u0142by\u015b mie\u0107 szansy na wygranie [&hellip;]<\/p>\n","protected":false},"author":1,"featured_media":0,"parent":9310,"menu_order":2,"comment_status":"closed","ping_status":"closed","template":"","meta":{"footnotes":""},"class_list":["post-9406","page","type-page","status-publish","hentry"],"yoast_head":"<!-- This site is optimized with the Yoast SEO plugin v27.4 - https:\/\/yoast.com\/product\/yoast-seo-wordpress\/ -->\n<title>Kup bilety online na loteri\u0119 Euromillions<\/title>\n<meta name=\"description\" content=\"Upewnij si\u0119, \u017ce kupisz swoje bilety online na najwi\u0119ksz\u0105 loteri\u0119 w Europie, Euromillions i Euromillions UK, u zaufanego dostawcy, takiego jak RedFoxLotto.com.\" \/>\n<meta name=\"robots\" content=\"index, follow, max-snippet:-1, max-image-preview:large, max-video-preview:-1\" \/>\n<link rel=\"canonical\" href=\"https:\/\/gambling6.com\/no\/lotteri\/jak-moge-kupic-losy-na-loterie-euromillions-online-poza-europa\/\" \/>\n<meta property=\"og:locale\" content=\"nb_NO\" \/>\n<meta property=\"og:type\" content=\"article\" \/>\n<meta property=\"og:title\" content=\"Kup bilety online na loteri\u0119 Euromillions\" \/>\n<meta property=\"og:description\" content=\"Upewnij si\u0119, \u017ce kupisz swoje bilety online na najwi\u0119ksz\u0105 loteri\u0119 w Europie, Euromillions i Euromillions UK, u zaufanego dostawcy, takiego jak RedFoxLotto.com.\" \/>\n<meta property=\"og:url\" content=\"https:\/\/gambling6.com\/no\/lotteri\/jak-moge-kupic-losy-na-loterie-euromillions-online-poza-europa\/\" \/>\n<meta property=\"og:site_name\" content=\"Gambling6\" \/>\n<meta property=\"article:modified_time\" content=\"2025-11-12T18:49:15+00:00\" \/>\n<meta property=\"og:image\" content=\"https:\/\/gambling6.com\/wp-content\/uploads\/2022\/04\/2_ticket_euromillions.jpg\" \/>\n\t<meta property=\"og:image:width\" content=\"200\" \/>\n\t<meta property=\"og:image:height\" content=\"534\" \/>\n\t<meta property=\"og:image:type\" content=\"image\/jpeg\" \/>\n<meta name=\"twitter:card\" content=\"summary_large_image\" \/>\n<meta name=\"twitter:label1\" content=\"Ansl. lesetid\" \/>\n\t<meta name=\"twitter:data1\" content=\"2 minutter\" \/>\n<script type=\"application\/ld+json\" class=\"yoast-schema-graph\">{\"@context\":\"https:\\\/\\\/schema.org\",\"@graph\":[{\"@type\":\"WebPage\",\"@id\":\"https:\\\/\\\/gambling6.com\\\/no\\\/lotteri\\\/jak-moge-kupic-losy-na-loterie-euromillions-online-poza-europa\\\/\",\"url\":\"https:\\\/\\\/gambling6.com\\\/no\\\/lotteri\\\/jak-moge-kupic-losy-na-loterie-euromillions-online-poza-europa\\\/\",\"name\":\"Kup bilety online na loteri\u0119 Euromillions\",\"isPartOf\":{\"@id\":\"https:\\\/\\\/gambling6.com\\\/no\\\/#website\"},\"primaryImageOfPage\":{\"@id\":\"https:\\\/\\\/gambling6.com\\\/no\\\/lotteri\\\/jak-moge-kupic-losy-na-loterie-euromillions-online-poza-europa\\\/#primaryimage\"},\"image\":{\"@id\":\"https:\\\/\\\/gambling6.com\\\/no\\\/lotteri\\\/jak-moge-kupic-losy-na-loterie-euromillions-online-poza-europa\\\/#primaryimage\"},\"thumbnailUrl\":\"https:\\\/\\\/gambling6.com\\\/wp-content\\\/uploads\\\/2022\\\/04\\\/2_ticket_euromillions-112x300.jpg\",\"datePublished\":\"2025-11-10T21:50:10+00:00\",\"dateModified\":\"2025-11-12T18:49:15+00:00\",\"description\":\"Upewnij si\u0119, \u017ce kupisz swoje bilety online na najwi\u0119ksz\u0105 loteri\u0119 w Europie, Euromillions i Euromillions UK, u zaufanego dostawcy, takiego jak RedFoxLotto.com.\",\"breadcrumb\":{\"@id\":\"https:\\\/\\\/gambling6.com\\\/no\\\/lotteri\\\/jak-moge-kupic-losy-na-loterie-euromillions-online-poza-europa\\\/#breadcrumb\"},\"inLanguage\":\"nb-NO\",\"potentialAction\":[{\"@type\":\"ReadAction\",\"target\":[\"https:\\\/\\\/gambling6.com\\\/no\\\/lotteri\\\/jak-moge-kupic-losy-na-loterie-euromillions-online-poza-europa\\\/\"]}]},{\"@type\":\"ImageObject\",\"inLanguage\":\"nb-NO\",\"@id\":\"https:\\\/\\\/gambling6.com\\\/no\\\/lotteri\\\/jak-moge-kupic-losy-na-loterie-euromillions-online-poza-europa\\\/#primaryimage\",\"url\":\"https:\\\/\\\/gambling6.com\\\/wp-content\\\/uploads\\\/2022\\\/04\\\/2_ticket_euromillions-112x300.jpg\",\"contentUrl\":\"https:\\\/\\\/gambling6.com\\\/wp-content\\\/uploads\\\/2022\\\/04\\\/2_ticket_euromillions-112x300.jpg\"},{\"@type\":\"BreadcrumbList\",\"@id\":\"https:\\\/\\\/gambling6.com\\\/no\\\/lotteri\\\/jak-moge-kupic-losy-na-loterie-euromillions-online-poza-europa\\\/#breadcrumb\",\"itemListElement\":[{\"@type\":\"ListItem\",\"position\":1,\"name\":\"Home\",\"item\":\"https:\\\/\\\/gambling6.com\\\/no\\\/home\\\/\"},{\"@type\":\"ListItem\",\"position\":2,\"name\":\"Lotteri\",\"item\":\"https:\\\/\\\/gambling6.com\\\/no\\\/buying-international-lotto-tickets-online\\\/\"},{\"@type\":\"ListItem\",\"position\":3,\"name\":\"Jak mog\u0119 kupi\u0107 losy na loteri\u0119 Euromillions online poza Europ\u0105?\"}]},{\"@type\":\"WebSite\",\"@id\":\"https:\\\/\\\/gambling6.com\\\/no\\\/#website\",\"url\":\"https:\\\/\\\/gambling6.com\\\/no\\\/\",\"name\":\"Gambling6\",\"description\":\"\",\"potentialAction\":[{\"@type\":\"SearchAction\",\"target\":{\"@type\":\"EntryPoint\",\"urlTemplate\":\"https:\\\/\\\/gambling6.com\\\/no\\\/?s={search_term_string}\"},\"query-input\":{\"@type\":\"PropertyValueSpecification\",\"valueRequired\":true,\"valueName\":\"search_term_string\"}}],\"inLanguage\":\"nb-NO\"}]}<\/script>\n<!-- \/ Yoast SEO plugin. -->","yoast_head_json":{"title":"Kup bilety online na loteri\u0119 Euromillions","description":"Upewnij si\u0119, \u017ce kupisz swoje bilety online na najwi\u0119ksz\u0105 loteri\u0119 w Europie, Euromillions i Euromillions UK, u zaufanego dostawcy, takiego jak RedFoxLotto.com.","robots":{"index":"index","follow":"follow","max-snippet":"max-snippet:-1","max-image-preview":"max-image-preview:large","max-video-preview":"max-video-preview:-1"},"canonical":"https:\/\/gambling6.com\/no\/lotteri\/jak-moge-kupic-losy-na-loterie-euromillions-online-poza-europa\/","og_locale":"nb_NO","og_type":"article","og_title":"Kup bilety online na loteri\u0119 Euromillions","og_description":"Upewnij si\u0119, \u017ce kupisz swoje bilety online na najwi\u0119ksz\u0105 loteri\u0119 w Europie, Euromillions i Euromillions UK, u zaufanego dostawcy, takiego jak RedFoxLotto.com.","og_url":"https:\/\/gambling6.com\/no\/lotteri\/jak-moge-kupic-losy-na-loterie-euromillions-online-poza-europa\/","og_site_name":"Gambling6","article_modified_time":"2025-11-12T18:49:15+00:00","og_image":[{"width":200,"height":534,"url":"https:\/\/gambling6.com\/wp-content\/uploads\/2022\/04\/2_ticket_euromillions.jpg","type":"image\/jpeg"}],"twitter_card":"summary_large_image","twitter_misc":{"Ansl. lesetid":"2 minutter"},"schema":{"@context":"https:\/\/schema.org","@graph":[{"@type":"WebPage","@id":"https:\/\/gambling6.com\/no\/lotteri\/jak-moge-kupic-losy-na-loterie-euromillions-online-poza-europa\/","url":"https:\/\/gambling6.com\/no\/lotteri\/jak-moge-kupic-losy-na-loterie-euromillions-online-poza-europa\/","name":"Kup bilety online na loteri\u0119 Euromillions","isPartOf":{"@id":"https:\/\/gambling6.com\/no\/#website"},"primaryImageOfPage":{"@id":"https:\/\/gambling6.com\/no\/lotteri\/jak-moge-kupic-losy-na-loterie-euromillions-online-poza-europa\/#primaryimage"},"image":{"@id":"https:\/\/gambling6.com\/no\/lotteri\/jak-moge-kupic-losy-na-loterie-euromillions-online-poza-europa\/#primaryimage"},"thumbnailUrl":"https:\/\/gambling6.com\/wp-content\/uploads\/2022\/04\/2_ticket_euromillions-112x300.jpg","datePublished":"2025-11-10T21:50:10+00:00","dateModified":"2025-11-12T18:49:15+00:00","description":"Upewnij si\u0119, \u017ce kupisz swoje bilety online na najwi\u0119ksz\u0105 loteri\u0119 w Europie, Euromillions i Euromillions UK, u zaufanego dostawcy, takiego jak RedFoxLotto.com.","breadcrumb":{"@id":"https:\/\/gambling6.com\/no\/lotteri\/jak-moge-kupic-losy-na-loterie-euromillions-online-poza-europa\/#breadcrumb"},"inLanguage":"nb-NO","potentialAction":[{"@type":"ReadAction","target":["https:\/\/gambling6.com\/no\/lotteri\/jak-moge-kupic-losy-na-loterie-euromillions-online-poza-europa\/"]}]},{"@type":"ImageObject","inLanguage":"nb-NO","@id":"https:\/\/gambling6.com\/no\/lotteri\/jak-moge-kupic-losy-na-loterie-euromillions-online-poza-europa\/#primaryimage","url":"https:\/\/gambling6.com\/wp-content\/uploads\/2022\/04\/2_ticket_euromillions-112x300.jpg","contentUrl":"https:\/\/gambling6.com\/wp-content\/uploads\/2022\/04\/2_ticket_euromillions-112x300.jpg"},{"@type":"BreadcrumbList","@id":"https:\/\/gambling6.com\/no\/lotteri\/jak-moge-kupic-losy-na-loterie-euromillions-online-poza-europa\/#breadcrumb","itemListElement":[{"@type":"ListItem","position":1,"name":"Home","item":"https:\/\/gambling6.com\/no\/home\/"},{"@type":"ListItem","position":2,"name":"Lotteri","item":"https:\/\/gambling6.com\/no\/buying-international-lotto-tickets-online\/"},{"@type":"ListItem","position":3,"name":"Jak mog\u0119 kupi\u0107 losy na loteri\u0119 Euromillions online poza Europ\u0105?"}]},{"@type":"WebSite","@id":"https:\/\/gambling6.com\/no\/#website","url":"https:\/\/gambling6.com\/no\/","name":"Gambling6","description":"","potentialAction":[{"@type":"SearchAction","target":{"@type":"EntryPoint","urlTemplate":"https:\/\/gambling6.com\/no\/?s={search_term_string}"},"query-input":{"@type":"PropertyValueSpecification","valueRequired":true,"valueName":"search_term_string"}}],"inLanguage":"nb-NO"}]}},"_links":{"self":[{"href":"https:\/\/gambling6.com\/no\/wp-json\/wp\/v2\/pages\/9406","targetHints":{"allow":["GET"]}}],"collection":[{"href":"https:\/\/gambling6.com\/no\/wp-json\/wp\/v2\/pages"}],"about":[{"href":"https:\/\/gambling6.com\/no\/wp-json\/wp\/v2\/types\/page"}],"author":[{"embeddable":true,"href":"https:\/\/gambling6.com\/no\/wp-json\/wp\/v2\/users\/1"}],"replies":[{"embeddable":true,"href":"https:\/\/gambling6.com\/no\/wp-json\/wp\/v2\/comments?post=9406"}],"version-history":[{"count":1,"href":"https:\/\/gambling6.com\/no\/wp-json\/wp\/v2\/pages\/9406\/revisions"}],"predecessor-version":[{"id":10774,"href":"https:\/\/gambling6.com\/no\/wp-json\/wp\/v2\/pages\/9406\/revisions\/10774"}],"up":[{"embeddable":true,"href":"https:\/\/gambling6.com\/no\/wp-json\/wp\/v2\/pages\/9310"}],"wp:attachment":[{"href":"https:\/\/gambling6.com\/no\/wp-json\/wp\/v2\/media?parent=9406"}],"curies":[{"name":"wp","href":"https:\/\/api.w.org\/{rel}","templated":true}]}}