{"id":9496,"date":"2025-11-11T03:33:36","date_gmt":"2025-11-11T03:33:36","guid":{"rendered":"https:\/\/gambling6.com\/lotteri\/delta-i-canada-6-49-lotto\/"},"modified":"2025-11-11T03:33:36","modified_gmt":"2025-11-11T03:33:36","slug":"delta-i-canada-6-49-lotto","status":"publish","type":"page","link":"https:\/\/gambling6.com\/no\/lotteri\/delta-i-canada-6-49-lotto\/","title":{"rendered":"Delta i Canada 6\/49 Lotto"},"content":{"rendered":"<h2>Canada Lotto 6\/49<\/h2>\n<p>Siden 1982 har to ting v\u00e6rt garantert i Canada om vinteren. Det f\u00f8rste du kunne stole p\u00e5 var at du kunne se Hockey Night in Canada p\u00e5 CBC. Det andre du kunne forutsi var at noen ville bli million\u00e6r ved \u00e5 spille Lotto 6\/49. I dag kan du fortsatt stole p\u00e5 l\u00f8rdagskveldens trekning. <strong>Den store forskjellen i dag er at du kan kj\u00f8pe lodd p\u00e5 nett til Canadas Lotto 6\/49-trekning.<\/strong> Ta deg tid til \u00e5 <a class=\"thirstylink\" title=\"Redfoxlotto\" href=\"https:\/\/gambling6.com\/go\/redfoxlotto\/\" target=\"_blank\" rel=\"nofollow noopener\">kj\u00f8pe loddene dine p\u00e5 nett i dag hos v\u00e5r partner RedFoxLotto.com.<\/a><img loading=\"lazy\" decoding=\"async\" class=\"alignright size-full wp-image-562\" style=\"margin: 10px; border: 5px solid #ffffff; float: right;\" src=\"http:\/\/gambling6.com\/wp-content\/uploads\/2013\/12\/get-online-649-lotto-tickets.png\" alt=\"Lotto 6\/49 Canada\" width=\"300\" height=\"190\" \/><\/p>\n<p>Sannsynligheten for \u00e5 sikre seg f\u00f8rstepremien i Canadas Lotto 6\/49 er 13 983 816:1. Den totale sjansen for \u00e5 vinne en bel\u00f8nning er omtrent \u00e9n av 32. For \u00e5 f\u00e5 lodd p\u00e5 nett, velg f\u00f8rst seks hovedkuler fra 1 til 49. <strong>For \u00e5 stikke av med en del av jackpotten, m\u00e5 du matche alle seks tallene som trekkes<\/strong>. For \u00e5 f\u00e5 andrepremien, velg fem hovedtall pluss bonustallet riktig. Trekninger finner sted l\u00f8rdag og onsdag kveld omtrent klokken 19:10 EST i Canada. Det er seks premieniv\u00e5er, og hvis ingen gj\u00f8r krav p\u00e5 jackpotten, overf\u00f8res den til neste spill inntil noen til slutt vinner.<\/p>\n<h2>Spill om store jackpotter med online lodd til Lotto 6\/49<\/h2>\n<table style=\"width: 500px;\" border=\"1\" cellspacing=\"5\" cellpadding=\"5\" align=\"center\">\n<tbody>\n<tr>\n<td colspan=\"3\" align=\"center\">De fem beste jackpotene for 2013<\/td>\n<\/tr>\n<tr>\n<td>Trekning<\/td>\n<td align=\"center\">Dato<\/td>\n<td align=\"center\">Jackpot (USD)<\/td>\n<\/tr>\n<tr>\n<td>Lotto 6\/49 &#8211; Canada<\/td>\n<td align=\"center\">13. april 2013<\/td>\n<td align=\"right\">$58 974 913<\/td>\n<\/tr>\n<tr>\n<td>Lotto 6\/49 &#8211; Canada<\/td>\n<td align=\"center\">12. oktober 2013<\/td>\n<td align=\"right\">37 200 000 dollar<\/td>\n<\/tr>\n<tr>\n<td>Lotto 6\/49 &#8211; Canada<\/td>\n<td align=\"center\">30. okt. 2013<\/td>\n<td align=\"right\">18 807 390 dollar<\/td>\n<\/tr>\n<tr>\n<td>Lotto 6\/49 &#8211; Canada<\/td>\n<td align=\"center\">6. juli 2013<\/td>\n<td align=\"right\">18 351 756 dollar<\/td>\n<\/tr>\n<tr>\n<td>Lotto 6\/49 &#8211; Canada<\/td>\n<td align=\"center\">4. desember 2013<\/td>\n<td align=\"right\">17 670 000 dollar<\/td>\n<\/tr>\n<\/tbody>\n<\/table>\n<h2>Mange premieniv\u00e5er \u00e5 velge mellom Vinn med online lottokuponger<\/h2>\n<p>\u00c5 ha muligheten til \u00e5 vinne med syv forskjellige premieniv\u00e5er \u00e5pner opp en verden av muligheter til \u00e5 tjene penger n\u00e5r du kj\u00f8per online kuponger til Lotto 6\/49. Mange glemmer faktisk alle de ekstra niv\u00e5ene man kan vinne en premie p\u00e5. Det er viktig \u00e5 sjekke om du har vunnet noe n\u00e5r du har kj\u00f8pt kuponger n\u00e5r du har kj\u00f8pt dem.<\/p>\n<p>Det er et faktum at mange kj\u00f8per kuponger hver uke og ikke sjekker om de har vunnet noe etter \u00e5 ha h\u00f8rt at noen andre har kj\u00f8pt en kupong p\u00e5 et annet sted enn deres og vunnet jackpotten. <b>Like enkelt som det er \u00e5 kj\u00f8pe Lotto 6\/49-kuponger p\u00e5 nett, er det like enkelt \u00e5 sjekke kupongene dine p\u00e5 nett.<\/b> Det finnes en rekke verkt\u00f8y som hjelper deg med \u00e5 s\u00f8ke gjennom en rekke databaser for de store lotteriene over hele verden.<\/p>\n<table style=\"width: 500px;\" border=\"1\" cellspacing=\"5\" cellpadding=\"5\" align=\"center\">\n<tbody>\n<tr>\n<td colspan=\"3\" align=\"center\">Lotto 6\/49 &#8211; Canadas premieniv\u00e5er<\/td>\n<\/tr>\n<tr>\n<td>Premie<\/td>\n<td align=\"center\">Kamper<\/td>\n<td align=\"center\">Odds<\/td>\n<\/tr>\n<tr>\n<td>1. (Jackpot)<\/td>\n<td align=\"center\">6<\/td>\n<td align=\"right\">13 983 816 : 1<\/td>\n<\/tr>\n<tr>\n<td>2.<\/td>\n<td align=\"center\">5 + 1<\/td>\n<td align=\"right\">2 330 636 : 1<\/td>\n<\/tr>\n<tr>\n<td>3.<\/td>\n<td align=\"center\">5<\/td>\n<td align=\"right\">55 492 : 1<\/td>\n<\/tr>\n<tr>\n<td>4.<\/td>\n<td align=\"center\">4<\/td>\n<td align=\"right\">1 033 : 1<\/td>\n<\/tr>\n<tr>\n<td>5.<\/td>\n<td align=\"center\">3<\/td>\n<td align=\"right\">57 : 1<\/td>\n<\/tr>\n<tr>\n<td>6.<\/td>\n<td align=\"center\">2 + 1<\/td>\n<td align=\"right\">81 : 1<\/td>\n<\/tr>\n<tr>\n<td>7.<\/td>\n<td align=\"center\">2<\/td>\n<td align=\"right\">8 : 1<\/td>\n<\/tr>\n<\/tbody>\n<\/table>\n<p style=\"text-align: center;\"><strong>Spill Canadas lotto 6\/49 p\u00e5 nett og nyt friheten som f\u00f8lger med \u00e5 bli million\u00e6r!<\/strong><\/p>\n","protected":false},"excerpt":{"rendered":"<p>Canada Lotto 6\/49 Siden 1982 har to ting v\u00e6rt garantert i Canada om vinteren. Det f\u00f8rste du kunne stole p\u00e5 var at du kunne se Hockey Night in Canada p\u00e5 CBC. Det andre du kunne forutsi var at noen ville bli million\u00e6r ved \u00e5 spille Lotto 6\/49. I dag kan du fortsatt stole p\u00e5 l\u00f8rdagskveldens [&hellip;]<\/p>\n","protected":false},"author":1,"featured_media":9481,"parent":9310,"menu_order":5,"comment_status":"closed","ping_status":"closed","template":"","meta":{"footnotes":""},"class_list":["post-9496","page","type-page","status-publish","has-post-thumbnail","hentry"],"yoast_head":"<!-- This site is optimized with the Yoast SEO plugin v27.4 - https:\/\/yoast.com\/product\/yoast-seo-wordpress\/ -->\n<title>Skaff deg lodd til Canada 6\/49-lotteriet p\u00e5 nett<\/title>\n<meta name=\"description\" content=\"Det er n\u00e5 enkelt \u00e5 f\u00e5 tak i billetter p\u00e5 nett til Lotto 6\/49 i Canada.\" \/>\n<meta name=\"robots\" content=\"index, follow, max-snippet:-1, max-image-preview:large, max-video-preview:-1\" \/>\n<link rel=\"canonical\" href=\"https:\/\/gambling6.com\/no\/lotteri\/delta-i-canada-6-49-lotto\/\" \/>\n<meta property=\"og:locale\" content=\"nb_NO\" \/>\n<meta property=\"og:type\" content=\"article\" \/>\n<meta property=\"og:title\" content=\"Skaff deg lodd til Canada 6\/49-lotteriet p\u00e5 nett\" \/>\n<meta property=\"og:description\" content=\"Det er n\u00e5 enkelt \u00e5 f\u00e5 tak i billetter p\u00e5 nett til Lotto 6\/49 i Canada.\" \/>\n<meta property=\"og:url\" content=\"https:\/\/gambling6.com\/no\/lotteri\/delta-i-canada-6-49-lotto\/\" \/>\n<meta property=\"og:site_name\" content=\"Gambling6\" \/>\n<meta property=\"og:image\" content=\"https:\/\/gambling6.com\/wp-content\/uploads\/2013\/12\/get-online-649-lotto-tickets.png\" \/>\n\t<meta property=\"og:image:width\" content=\"300\" \/>\n\t<meta property=\"og:image:height\" content=\"190\" \/>\n\t<meta property=\"og:image:type\" content=\"image\/png\" \/>\n<meta name=\"twitter:card\" content=\"summary_large_image\" \/>\n<meta name=\"twitter:label1\" content=\"Ansl. lesetid\" \/>\n\t<meta name=\"twitter:data1\" content=\"2 minutter\" \/>\n<script type=\"application\/ld+json\" class=\"yoast-schema-graph\">{\"@context\":\"https:\\\/\\\/schema.org\",\"@graph\":[{\"@type\":\"WebPage\",\"@id\":\"https:\\\/\\\/gambling6.com\\\/no\\\/lotteri\\\/delta-i-canada-6-49-lotto\\\/\",\"url\":\"https:\\\/\\\/gambling6.com\\\/no\\\/lotteri\\\/delta-i-canada-6-49-lotto\\\/\",\"name\":\"Skaff deg lodd til Canada 6\\\/49-lotteriet p\u00e5 nett\",\"isPartOf\":{\"@id\":\"https:\\\/\\\/gambling6.com\\\/no\\\/#website\"},\"primaryImageOfPage\":{\"@id\":\"https:\\\/\\\/gambling6.com\\\/no\\\/lotteri\\\/delta-i-canada-6-49-lotto\\\/#primaryimage\"},\"image\":{\"@id\":\"https:\\\/\\\/gambling6.com\\\/no\\\/lotteri\\\/delta-i-canada-6-49-lotto\\\/#primaryimage\"},\"thumbnailUrl\":\"https:\\\/\\\/gambling6.com\\\/wp-content\\\/uploads\\\/2013\\\/12\\\/get-online-649-lotto-tickets.png\",\"datePublished\":\"2025-11-11T03:33:36+00:00\",\"description\":\"Det er n\u00e5 enkelt \u00e5 f\u00e5 tak i billetter p\u00e5 nett til Lotto 6\\\/49 i Canada.\",\"breadcrumb\":{\"@id\":\"https:\\\/\\\/gambling6.com\\\/no\\\/lotteri\\\/delta-i-canada-6-49-lotto\\\/#breadcrumb\"},\"inLanguage\":\"nb-NO\",\"potentialAction\":[{\"@type\":\"ReadAction\",\"target\":[\"https:\\\/\\\/gambling6.com\\\/no\\\/lotteri\\\/delta-i-canada-6-49-lotto\\\/\"]}]},{\"@type\":\"ImageObject\",\"inLanguage\":\"nb-NO\",\"@id\":\"https:\\\/\\\/gambling6.com\\\/no\\\/lotteri\\\/delta-i-canada-6-49-lotto\\\/#primaryimage\",\"url\":\"https:\\\/\\\/gambling6.com\\\/wp-content\\\/uploads\\\/2013\\\/12\\\/get-online-649-lotto-tickets.png\",\"contentUrl\":\"https:\\\/\\\/gambling6.com\\\/wp-content\\\/uploads\\\/2013\\\/12\\\/get-online-649-lotto-tickets.png\",\"width\":300,\"height\":190},{\"@type\":\"BreadcrumbList\",\"@id\":\"https:\\\/\\\/gambling6.com\\\/no\\\/lotteri\\\/delta-i-canada-6-49-lotto\\\/#breadcrumb\",\"itemListElement\":[{\"@type\":\"ListItem\",\"position\":1,\"name\":\"Home\",\"item\":\"https:\\\/\\\/gambling6.com\\\/no\\\/home\\\/\"},{\"@type\":\"ListItem\",\"position\":2,\"name\":\"Lotteri\",\"item\":\"https:\\\/\\\/gambling6.com\\\/no\\\/buying-international-lotto-tickets-online\\\/\"},{\"@type\":\"ListItem\",\"position\":3,\"name\":\"Delta i Canada 6\\\/49 Lotto\"}]},{\"@type\":\"WebSite\",\"@id\":\"https:\\\/\\\/gambling6.com\\\/no\\\/#website\",\"url\":\"https:\\\/\\\/gambling6.com\\\/no\\\/\",\"name\":\"Gambling6\",\"description\":\"\",\"potentialAction\":[{\"@type\":\"SearchAction\",\"target\":{\"@type\":\"EntryPoint\",\"urlTemplate\":\"https:\\\/\\\/gambling6.com\\\/no\\\/?s={search_term_string}\"},\"query-input\":{\"@type\":\"PropertyValueSpecification\",\"valueRequired\":true,\"valueName\":\"search_term_string\"}}],\"inLanguage\":\"nb-NO\"}]}<\/script>\n<!-- \/ Yoast SEO plugin. -->","yoast_head_json":{"title":"Skaff deg lodd til Canada 6\/49-lotteriet p\u00e5 nett","description":"Det er n\u00e5 enkelt \u00e5 f\u00e5 tak i billetter p\u00e5 nett til Lotto 6\/49 i Canada.","robots":{"index":"index","follow":"follow","max-snippet":"max-snippet:-1","max-image-preview":"max-image-preview:large","max-video-preview":"max-video-preview:-1"},"canonical":"https:\/\/gambling6.com\/no\/lotteri\/delta-i-canada-6-49-lotto\/","og_locale":"nb_NO","og_type":"article","og_title":"Skaff deg lodd til Canada 6\/49-lotteriet p\u00e5 nett","og_description":"Det er n\u00e5 enkelt \u00e5 f\u00e5 tak i billetter p\u00e5 nett til Lotto 6\/49 i Canada.","og_url":"https:\/\/gambling6.com\/no\/lotteri\/delta-i-canada-6-49-lotto\/","og_site_name":"Gambling6","og_image":[{"width":300,"height":190,"url":"https:\/\/gambling6.com\/wp-content\/uploads\/2013\/12\/get-online-649-lotto-tickets.png","type":"image\/png"}],"twitter_card":"summary_large_image","twitter_misc":{"Ansl. lesetid":"2 minutter"},"schema":{"@context":"https:\/\/schema.org","@graph":[{"@type":"WebPage","@id":"https:\/\/gambling6.com\/no\/lotteri\/delta-i-canada-6-49-lotto\/","url":"https:\/\/gambling6.com\/no\/lotteri\/delta-i-canada-6-49-lotto\/","name":"Skaff deg lodd til Canada 6\/49-lotteriet p\u00e5 nett","isPartOf":{"@id":"https:\/\/gambling6.com\/no\/#website"},"primaryImageOfPage":{"@id":"https:\/\/gambling6.com\/no\/lotteri\/delta-i-canada-6-49-lotto\/#primaryimage"},"image":{"@id":"https:\/\/gambling6.com\/no\/lotteri\/delta-i-canada-6-49-lotto\/#primaryimage"},"thumbnailUrl":"https:\/\/gambling6.com\/wp-content\/uploads\/2013\/12\/get-online-649-lotto-tickets.png","datePublished":"2025-11-11T03:33:36+00:00","description":"Det er n\u00e5 enkelt \u00e5 f\u00e5 tak i billetter p\u00e5 nett til Lotto 6\/49 i Canada.","breadcrumb":{"@id":"https:\/\/gambling6.com\/no\/lotteri\/delta-i-canada-6-49-lotto\/#breadcrumb"},"inLanguage":"nb-NO","potentialAction":[{"@type":"ReadAction","target":["https:\/\/gambling6.com\/no\/lotteri\/delta-i-canada-6-49-lotto\/"]}]},{"@type":"ImageObject","inLanguage":"nb-NO","@id":"https:\/\/gambling6.com\/no\/lotteri\/delta-i-canada-6-49-lotto\/#primaryimage","url":"https:\/\/gambling6.com\/wp-content\/uploads\/2013\/12\/get-online-649-lotto-tickets.png","contentUrl":"https:\/\/gambling6.com\/wp-content\/uploads\/2013\/12\/get-online-649-lotto-tickets.png","width":300,"height":190},{"@type":"BreadcrumbList","@id":"https:\/\/gambling6.com\/no\/lotteri\/delta-i-canada-6-49-lotto\/#breadcrumb","itemListElement":[{"@type":"ListItem","position":1,"name":"Home","item":"https:\/\/gambling6.com\/no\/home\/"},{"@type":"ListItem","position":2,"name":"Lotteri","item":"https:\/\/gambling6.com\/no\/buying-international-lotto-tickets-online\/"},{"@type":"ListItem","position":3,"name":"Delta i Canada 6\/49 Lotto"}]},{"@type":"WebSite","@id":"https:\/\/gambling6.com\/no\/#website","url":"https:\/\/gambling6.com\/no\/","name":"Gambling6","description":"","potentialAction":[{"@type":"SearchAction","target":{"@type":"EntryPoint","urlTemplate":"https:\/\/gambling6.com\/no\/?s={search_term_string}"},"query-input":{"@type":"PropertyValueSpecification","valueRequired":true,"valueName":"search_term_string"}}],"inLanguage":"nb-NO"}]}},"_links":{"self":[{"href":"https:\/\/gambling6.com\/no\/wp-json\/wp\/v2\/pages\/9496","targetHints":{"allow":["GET"]}}],"collection":[{"href":"https:\/\/gambling6.com\/no\/wp-json\/wp\/v2\/pages"}],"about":[{"href":"https:\/\/gambling6.com\/no\/wp-json\/wp\/v2\/types\/page"}],"author":[{"embeddable":true,"href":"https:\/\/gambling6.com\/no\/wp-json\/wp\/v2\/users\/1"}],"replies":[{"embeddable":true,"href":"https:\/\/gambling6.com\/no\/wp-json\/wp\/v2\/comments?post=9496"}],"version-history":[{"count":0,"href":"https:\/\/gambling6.com\/no\/wp-json\/wp\/v2\/pages\/9496\/revisions"}],"up":[{"embeddable":true,"href":"https:\/\/gambling6.com\/no\/wp-json\/wp\/v2\/pages\/9310"}],"wp:featuredmedia":[{"embeddable":true,"href":"https:\/\/gambling6.com\/no\/wp-json\/wp\/v2\/media\/9481"}],"wp:attachment":[{"href":"https:\/\/gambling6.com\/no\/wp-json\/wp\/v2\/media?parent=9496"}],"curies":[{"name":"wp","href":"https:\/\/api.w.org\/{rel}","templated":true}]}}