{"id":9628,"date":"2025-11-11T08:18:29","date_gmt":"2025-11-11T08:18:29","guid":{"rendered":"https:\/\/gambling6.com\/lotteri\/kjop-lodd-til-florida-lotteriet-pa-nett\/"},"modified":"2025-11-15T15:51:24","modified_gmt":"2025-11-15T15:51:24","slug":"kjop-lodd-til-florida-lotteriet-pa-nett","status":"publish","type":"page","link":"https:\/\/gambling6.com\/no\/lotteri\/kjop-lodd-til-florida-lotteriet-pa-nett\/","title":{"rendered":"Kj\u00f8p lodd til Florida-lotteriet p\u00e5 nett"},"content":{"rendered":"<h2>Florida Lotto<\/h2>\n<p>Heit stat, hett lotteri! Folk i Florida er helt sikkert enige i at lotteriet deres er et must hver onsdag og l\u00f8rdag. Med jackpotter som starter p\u00e5 2 millioner dollar og ganske ofte ruller over 10 millioner og mer, har Florida Lottery blitt utrolig popul\u00e6rt blant sn\u00f8fugler og online lotterifanatikere. <strong>Det er enklere \u00e5 f\u00e5 tak i kuponger p\u00e5 nett til Florida Lottery enn \u00e5 reise til Florida for \u00e5 kj\u00f8pe dem.<\/strong><\/p>\n<p>Selv om oddsen for \u00e5 vinne jackpotten er \u00e9n til 22 957 480,<strong>har du en bedre enn 1 til 67 sjanse for \u00e5 vinne en av premiene som er tilgjengelige i de fire niv\u00e5ene<\/strong>. Fordi det bare er fire premieniv\u00e5er, er kontantbel\u00f8pene h\u00f8yere enn i de fleste andre lotterier. Likevel er det ikke utelukket \u00e5 vinne jackpotten. Rekordjackpotten var litt over 106 millioner dollar; dette var en av de st\u00f8rste jackpottene i amerikansk historie p\u00e5 den tiden den ble vunnet.<\/p>\n<h2>Florida Lotto hjelper utdanning<\/h2>\n<p>I 1988 ble Florida Lotto opprettet for \u00e5 bidra til \u00e5 finansiere utdanning i delstaten Florida. Mye penger har blitt samlet inn til saken, og med tillegg av nettsalg har Florida Lotto sett jackpottene vokse raskt. Dette er tydelig gjennom rekordjackpotten fra 1990 p\u00e5 106 millioner dollar. <strong>Denne rekordjackpotten ble vunnet av seks forskjellige vinnere, som alle hadde tallene p\u00e5 kupongen sin.<\/strong><\/p>\n<p>For \u00e5 spille dette lotteriet m\u00e5 du velge seks tall mellom \u00e9n og 53. For \u00e5 kreve jackpotten trenger du bare \u00e5 matche alle seks tallene. Hvis jackpotten ikke blir hentet, overf\u00f8res den til neste trekning. Som innehaver av en nettkupong har du sjansen til \u00e5 vinne p\u00e5 fire forskjellige premieniv\u00e5er som ogs\u00e5 kan gi deg store penger.<\/p>\n<p>Kanskje du ikke takler det varme klimaet Florida tilbyr. Likevel kan du absolutt <a class=\"thirstylink\" title=\"TheLotter en\" href=\"https:\/\/gambling6.com\/go\/thelotter-en\/\" target=\"_blank\" rel=\"nofollow noopener\"><strong>dra nytte av \u00e5 f\u00e5 tak i lodd til Florida Lotto p\u00e5 nett ved \u00e5 bes\u00f8ke partneren v\u00e5r, TheLotter<\/strong>.<\/a><\/p>\n<p>&nbsp;<\/p>\n<table style=\"width: 500px;\" border=\"1\" cellspacing=\"5\" cellpadding=\"5\" align=\"center\">\n<tbody>\n<tr>\n<td colspan=\"3\" align=\"center\">Toppjackpoter for 2013<\/td>\n<\/tr>\n<tr>\n<td>Trekning<\/td>\n<td align=\"center\">Dato<\/td>\n<td align=\"center\">Jackpot (USD)<\/td>\n<\/tr>\n<tr>\n<td>Florida Lotto &#8211; USA<\/td>\n<td align=\"center\">24. aug. 2013<\/td>\n<td align=\"right\">$58 000 000<\/td>\n<\/tr>\n<tr>\n<td>Florida Lotto &#8211; USA<\/td>\n<td align=\"center\">18. des. 2013<\/td>\n<td align=\"right\">46 000 000 dollar<\/td>\n<\/tr>\n<\/tbody>\n<\/table>\n<p>&nbsp;<\/p>\n<table style=\"width: 500px;\" border=\"1\" cellspacing=\"5\" cellpadding=\"5\" align=\"center\">\n<tbody>\n<tr>\n<td colspan=\"3\" align=\"center\">Florida Lotto &#8211; USAs premieniv\u00e5er<\/td>\n<\/tr>\n<tr>\n<td>Premie<\/td>\n<td align=\"center\">Kamper<\/td>\n<td align=\"center\">Odds<\/td>\n<\/tr>\n<tr>\n<td>1. (Jackpot)<\/td>\n<td align=\"center\">6<\/td>\n<td align=\"right\">22 957 480 : 1<\/td>\n<\/tr>\n<tr>\n<td>2.<\/td>\n<td align=\"center\">5<\/td>\n<td align=\"right\">81 410 : 1<\/td>\n<\/tr>\n<tr>\n<td>3.<\/td>\n<td align=\"center\">4<\/td>\n<td align=\"right\">1416 : 1<\/td>\n<\/tr>\n<tr>\n<td>4.<\/td>\n<td align=\"center\">3<\/td>\n<td align=\"right\">71 : 1<\/td>\n<\/tr>\n<\/tbody>\n<\/table>\n","protected":false},"excerpt":{"rendered":"<p>Florida Lotto Heit stat, hett lotteri! Folk i Florida er helt sikkert enige i at lotteriet deres er et must hver onsdag og l\u00f8rdag. Med jackpotter som starter p\u00e5 2 millioner dollar og ganske ofte ruller over 10 millioner og mer, har Florida Lottery blitt utrolig popul\u00e6rt blant sn\u00f8fugler og online lotterifanatikere. Det er enklere [&hellip;]<\/p>\n","protected":false},"author":1,"featured_media":0,"parent":9310,"menu_order":11,"comment_status":"closed","ping_status":"closed","template":"","meta":{"footnotes":""},"class_list":["post-9628","page","type-page","status-publish","hentry"],"yoast_head":"<!-- This site is optimized with the Yoast SEO plugin v27.4 - https:\/\/yoast.com\/product\/yoast-seo-wordpress\/ -->\n<title>Skaff deg lodd til Florida-lotteriet p\u00e5 nett<\/title>\n<meta name=\"description\" content=\"Delta i Florida Lotto og unng\u00e5 hetsen ved \u00e5 kj\u00f8pe kuponger p\u00e5 nett.\" \/>\n<meta name=\"robots\" content=\"index, follow, max-snippet:-1, max-image-preview:large, max-video-preview:-1\" \/>\n<link rel=\"canonical\" href=\"https:\/\/gambling6.com\/no\/lotteri\/kjop-lodd-til-florida-lotteriet-pa-nett\/\" \/>\n<meta property=\"og:locale\" content=\"nb_NO\" \/>\n<meta property=\"og:type\" content=\"article\" \/>\n<meta property=\"og:title\" content=\"Skaff deg lodd til Florida-lotteriet p\u00e5 nett\" \/>\n<meta property=\"og:description\" content=\"Delta i Florida Lotto og unng\u00e5 hetsen ved \u00e5 kj\u00f8pe kuponger p\u00e5 nett.\" \/>\n<meta property=\"og:url\" content=\"https:\/\/gambling6.com\/no\/lotteri\/kjop-lodd-til-florida-lotteriet-pa-nett\/\" \/>\n<meta property=\"og:site_name\" content=\"Gambling6\" \/>\n<meta property=\"article:modified_time\" content=\"2025-11-15T15:51:24+00:00\" \/>\n<meta name=\"twitter:card\" content=\"summary_large_image\" \/>\n<meta name=\"twitter:label1\" content=\"Ansl. lesetid\" \/>\n\t<meta name=\"twitter:data1\" content=\"2 minutter\" \/>\n<script type=\"application\/ld+json\" class=\"yoast-schema-graph\">{\"@context\":\"https:\\\/\\\/schema.org\",\"@graph\":[{\"@type\":\"WebPage\",\"@id\":\"https:\\\/\\\/gambling6.com\\\/no\\\/lotteri\\\/kjop-lodd-til-florida-lotteriet-pa-nett\\\/\",\"url\":\"https:\\\/\\\/gambling6.com\\\/no\\\/lotteri\\\/kjop-lodd-til-florida-lotteriet-pa-nett\\\/\",\"name\":\"Skaff deg lodd til Florida-lotteriet p\u00e5 nett\",\"isPartOf\":{\"@id\":\"https:\\\/\\\/gambling6.com\\\/no\\\/#website\"},\"datePublished\":\"2025-11-11T08:18:29+00:00\",\"dateModified\":\"2025-11-15T15:51:24+00:00\",\"description\":\"Delta i Florida Lotto og unng\u00e5 hetsen ved \u00e5 kj\u00f8pe kuponger p\u00e5 nett.\",\"breadcrumb\":{\"@id\":\"https:\\\/\\\/gambling6.com\\\/no\\\/lotteri\\\/kjop-lodd-til-florida-lotteriet-pa-nett\\\/#breadcrumb\"},\"inLanguage\":\"nb-NO\",\"potentialAction\":[{\"@type\":\"ReadAction\",\"target\":[\"https:\\\/\\\/gambling6.com\\\/no\\\/lotteri\\\/kjop-lodd-til-florida-lotteriet-pa-nett\\\/\"]}]},{\"@type\":\"BreadcrumbList\",\"@id\":\"https:\\\/\\\/gambling6.com\\\/no\\\/lotteri\\\/kjop-lodd-til-florida-lotteriet-pa-nett\\\/#breadcrumb\",\"itemListElement\":[{\"@type\":\"ListItem\",\"position\":1,\"name\":\"Home\",\"item\":\"https:\\\/\\\/gambling6.com\\\/no\\\/home\\\/\"},{\"@type\":\"ListItem\",\"position\":2,\"name\":\"Lotteri\",\"item\":\"https:\\\/\\\/gambling6.com\\\/no\\\/buying-international-lotto-tickets-online\\\/\"},{\"@type\":\"ListItem\",\"position\":3,\"name\":\"Kj\u00f8p lodd til Florida-lotteriet p\u00e5 nett\"}]},{\"@type\":\"WebSite\",\"@id\":\"https:\\\/\\\/gambling6.com\\\/no\\\/#website\",\"url\":\"https:\\\/\\\/gambling6.com\\\/no\\\/\",\"name\":\"Gambling6\",\"description\":\"\",\"potentialAction\":[{\"@type\":\"SearchAction\",\"target\":{\"@type\":\"EntryPoint\",\"urlTemplate\":\"https:\\\/\\\/gambling6.com\\\/no\\\/?s={search_term_string}\"},\"query-input\":{\"@type\":\"PropertyValueSpecification\",\"valueRequired\":true,\"valueName\":\"search_term_string\"}}],\"inLanguage\":\"nb-NO\"}]}<\/script>\n<!-- \/ Yoast SEO plugin. -->","yoast_head_json":{"title":"Skaff deg lodd til Florida-lotteriet p\u00e5 nett","description":"Delta i Florida Lotto og unng\u00e5 hetsen ved \u00e5 kj\u00f8pe kuponger p\u00e5 nett.","robots":{"index":"index","follow":"follow","max-snippet":"max-snippet:-1","max-image-preview":"max-image-preview:large","max-video-preview":"max-video-preview:-1"},"canonical":"https:\/\/gambling6.com\/no\/lotteri\/kjop-lodd-til-florida-lotteriet-pa-nett\/","og_locale":"nb_NO","og_type":"article","og_title":"Skaff deg lodd til Florida-lotteriet p\u00e5 nett","og_description":"Delta i Florida Lotto og unng\u00e5 hetsen ved \u00e5 kj\u00f8pe kuponger p\u00e5 nett.","og_url":"https:\/\/gambling6.com\/no\/lotteri\/kjop-lodd-til-florida-lotteriet-pa-nett\/","og_site_name":"Gambling6","article_modified_time":"2025-11-15T15:51:24+00:00","twitter_card":"summary_large_image","twitter_misc":{"Ansl. lesetid":"2 minutter"},"schema":{"@context":"https:\/\/schema.org","@graph":[{"@type":"WebPage","@id":"https:\/\/gambling6.com\/no\/lotteri\/kjop-lodd-til-florida-lotteriet-pa-nett\/","url":"https:\/\/gambling6.com\/no\/lotteri\/kjop-lodd-til-florida-lotteriet-pa-nett\/","name":"Skaff deg lodd til Florida-lotteriet p\u00e5 nett","isPartOf":{"@id":"https:\/\/gambling6.com\/no\/#website"},"datePublished":"2025-11-11T08:18:29+00:00","dateModified":"2025-11-15T15:51:24+00:00","description":"Delta i Florida Lotto og unng\u00e5 hetsen ved \u00e5 kj\u00f8pe kuponger p\u00e5 nett.","breadcrumb":{"@id":"https:\/\/gambling6.com\/no\/lotteri\/kjop-lodd-til-florida-lotteriet-pa-nett\/#breadcrumb"},"inLanguage":"nb-NO","potentialAction":[{"@type":"ReadAction","target":["https:\/\/gambling6.com\/no\/lotteri\/kjop-lodd-til-florida-lotteriet-pa-nett\/"]}]},{"@type":"BreadcrumbList","@id":"https:\/\/gambling6.com\/no\/lotteri\/kjop-lodd-til-florida-lotteriet-pa-nett\/#breadcrumb","itemListElement":[{"@type":"ListItem","position":1,"name":"Home","item":"https:\/\/gambling6.com\/no\/home\/"},{"@type":"ListItem","position":2,"name":"Lotteri","item":"https:\/\/gambling6.com\/no\/buying-international-lotto-tickets-online\/"},{"@type":"ListItem","position":3,"name":"Kj\u00f8p lodd til Florida-lotteriet p\u00e5 nett"}]},{"@type":"WebSite","@id":"https:\/\/gambling6.com\/no\/#website","url":"https:\/\/gambling6.com\/no\/","name":"Gambling6","description":"","potentialAction":[{"@type":"SearchAction","target":{"@type":"EntryPoint","urlTemplate":"https:\/\/gambling6.com\/no\/?s={search_term_string}"},"query-input":{"@type":"PropertyValueSpecification","valueRequired":true,"valueName":"search_term_string"}}],"inLanguage":"nb-NO"}]}},"_links":{"self":[{"href":"https:\/\/gambling6.com\/no\/wp-json\/wp\/v2\/pages\/9628","targetHints":{"allow":["GET"]}}],"collection":[{"href":"https:\/\/gambling6.com\/no\/wp-json\/wp\/v2\/pages"}],"about":[{"href":"https:\/\/gambling6.com\/no\/wp-json\/wp\/v2\/types\/page"}],"author":[{"embeddable":true,"href":"https:\/\/gambling6.com\/no\/wp-json\/wp\/v2\/users\/1"}],"replies":[{"embeddable":true,"href":"https:\/\/gambling6.com\/no\/wp-json\/wp\/v2\/comments?post=9628"}],"version-history":[{"count":1,"href":"https:\/\/gambling6.com\/no\/wp-json\/wp\/v2\/pages\/9628\/revisions"}],"predecessor-version":[{"id":10959,"href":"https:\/\/gambling6.com\/no\/wp-json\/wp\/v2\/pages\/9628\/revisions\/10959"}],"up":[{"embeddable":true,"href":"https:\/\/gambling6.com\/no\/wp-json\/wp\/v2\/pages\/9310"}],"wp:attachment":[{"href":"https:\/\/gambling6.com\/no\/wp-json\/wp\/v2\/media?parent=9628"}],"curies":[{"name":"wp","href":"https:\/\/api.w.org\/{rel}","templated":true}]}}