{"id":9644,"date":"2025-11-11T08:58:42","date_gmt":"2025-11-11T08:58:42","guid":{"rendered":"https:\/\/gambling6.com\/lotteri\/skaff-deg-lodd-til-eurojackpot-lotteriet-pa-nett\/"},"modified":"2025-11-11T08:58:42","modified_gmt":"2025-11-11T08:58:42","slug":"skaff-deg-lodd-til-eurojackpot-lotteriet-pa-nett","status":"publish","type":"page","link":"https:\/\/gambling6.com\/no\/lotteri\/skaff-deg-lodd-til-eurojackpot-lotteriet-pa-nett\/","title":{"rendered":"Skaff deg lodd til Eurojackpot-lotteriet p\u00e5 nett"},"content":{"rendered":"<h2>Eurojackpot-lotteri<\/h2>\n<p>Du kan kj\u00f8pe Eurojackpot-kuponger p\u00e5 nett og bli million\u00e6r over natten. Internett har n\u00e5 gjort det mulig \u00e5 spille Eurojackpot p\u00e5 nett sammen med mange andre europeiske lotterier. Du kan gj\u00f8re det ved \u00e5 kj\u00f8pe kuponger p\u00e5 nett fra den koselige stolen du tilbringer tid i hjemme. Ikke mer l\u00f8ping til butikken p\u00e5 hj\u00f8rnet eller lotteri-kiosker, skaff deg Eurojackpot-kuponger p\u00e5 nett.<img loading=\"lazy\" decoding=\"async\" class=\"alignright wp-image-552 \" style=\"margin: 10px; border: 5px solid #ffffff; float: right;\" src=\"https:\/\/gambling6.com\/wp-content\/uploads\/2013\/12\/play-euro-jackpot-online.jpg\" alt=\"kj\u00f8p eurojackpot-kuponger p\u00e5 nett\" width=\"240\" height=\"218\" \/><\/p>\n<p>Hvis du vil bli en av de millioner av mennesker som \u00f8nsker \u00e5 vinne store jackpoter, trenger du bare \u00e5 velge dine syv tall p\u00e5 nett og ta ut pengene ved hjelp av en av mange praktiske betalingsmetoder. \u00c5 kj\u00f8pe lotterikuponger p\u00e5 nett har aldri v\u00e6rt enklere. I utkanten av Europa kan du kj\u00f8pe lodd p\u00e5 nett til flere store jackpotlotterier.<\/p>\n<h2>Kj\u00f8p lodd til Eurojackpot p\u00e5 nett fra alle land<\/h2>\n<p>Det finnes ingen grenser n\u00e5r det gjelder \u00e5 kj\u00f8pe lodd p\u00e5 nett. Enten du er p\u00e5 Cuba eller i Kina, kan du bruke internett til \u00e5 kj\u00f8pe loddene dine i et raskt, vennlig og sikkert milj\u00f8 ved hjelp av v\u00e5r partner RedFoxLotto. <a class=\"thirstylink\" title=\"RedFoxLotto en\" href=\"https:\/\/gambling6.com\/go\/redfoxlotto-en\/\" target=\"_blank\" rel=\"nofollow noopener\">Du registrerer deg her, logger deg p\u00e5 kontoen din<\/a>, velger tallene dine, betaler og venter p\u00e5 \u00e5 sjekke loddet ditt mot trekningsresultatene.<\/p>\n<p>RedFoxLotto kan ikke godta lottofans basert i USA. I stedet b\u00f8r amerikanske spillere pr\u00f8ve TheLotter, et annet alternativ for internasjonale lodd.<\/p>\n<p><a href=\"https:\/\/smarturl.it\/theBig_Play?tl_affid=8190&amp;tl_bannerid=6cc3afab\" target=\"_self\" rel=\"noopener\"><img loading=\"lazy\" decoding=\"async\" class=\"aligncenter\" title=\"\" src=\"\/\/www.thelotter-affiliates.com\/accounts\/default1\/banners\/6cc3afab.gif\" alt=\"\" width=\"468\" height=\"60\" \/><\/a><\/p>\n<h2>Store premier med dine Eurojackpot-billetter p\u00e5 nett<\/h2>\n<table style=\"width: 500px;\" border=\"1\" cellspacing=\"5\" cellpadding=\"5\" align=\"center\">\n<tbody>\n<tr>\n<td colspan=\"3\" align=\"center\">De fem beste jackpottene for 2013<\/td>\n<\/tr>\n<tr>\n<td>Trekning<\/td>\n<td align=\"center\">Dato<\/td>\n<td align=\"center\">Jackpot (USD)<\/td>\n<\/tr>\n<tr>\n<td>Euro Jackpot &#8211; Europa<\/td>\n<td align=\"center\">12. april 2013<\/td>\n<td align=\"right\">63 128 694 dollar<\/td>\n<\/tr>\n<tr>\n<td>Euro Jackpot &#8211; Europa<\/td>\n<td align=\"center\">19. juli 2013<\/td>\n<td align=\"right\">$56 886 414<\/td>\n<\/tr>\n<tr>\n<td>Euro Jackpot &#8211; Europa<\/td>\n<td align=\"center\">25. jan. 2013<\/td>\n<td align=\"right\">$40 470 680<\/td>\n<\/tr>\n<tr>\n<td>Euro Jackpot &#8211; Europa<\/td>\n<td align=\"center\">27. sep. 2013<\/td>\n<td align=\"right\">$29 122 090<\/td>\n<\/tr>\n<tr>\n<td>Euro Jackpot &#8211; Europa<\/td>\n<td align=\"center\">7. des. 2013<\/td>\n<td align=\"right\">$28 770 000<\/td>\n<\/tr>\n<\/tbody>\n<\/table>\n<h2>\u00a0Tolv sjanser til \u00e5 vinne med din online Eurojackpot billetter<\/h2>\n<table style=\"width: 500px;\" border=\"1\" cellspacing=\"5\" cellpadding=\"5\" align=\"center\">\n<tbody>\n<tr>\n<td colspan=\"3\" align=\"center\">Eurojackpot-premieniv\u00e5er<\/td>\n<\/tr>\n<tr>\n<td>Premie<\/td>\n<td align=\"center\">Kamper<\/td>\n<td align=\"center\">Odds<\/td>\n<\/tr>\n<tr>\n<td>1. (Jackpot)<\/td>\n<td align=\"center\">5 + 2<\/td>\n<td align=\"right\">59 325 280 : 1<\/td>\n<\/tr>\n<tr>\n<td>2.<\/td>\n<td align=\"center\">5 + 1<\/td>\n<td align=\"right\">4 943 773 : 1<\/td>\n<\/tr>\n<tr>\n<td>3.<\/td>\n<td align=\"center\">5<\/td>\n<td align=\"right\">3 955 019 : 1<\/td>\n<\/tr>\n<tr>\n<td>4.<\/td>\n<td align=\"center\">4 + 2<\/td>\n<td align=\"right\">263 668 : 1<\/td>\n<\/tr>\n<tr>\n<td>5.<\/td>\n<td align=\"center\">4 + 1<\/td>\n<td align=\"right\">21 972 : 1<\/td>\n<\/tr>\n<tr>\n<td>6.<\/td>\n<td align=\"center\">4<\/td>\n<td align=\"right\">17 578 : 1<\/td>\n<\/tr>\n<tr>\n<td>7.<\/td>\n<td align=\"center\">3 + 2<\/td>\n<td align=\"right\">5 992 : 1<\/td>\n<\/tr>\n<tr>\n<td>8.<\/td>\n<td align=\"center\">3 + 1<\/td>\n<td align=\"right\">499 : 1<\/td>\n<\/tr>\n<tr>\n<td>9.<\/td>\n<td align=\"center\">2 + 2<\/td>\n<td align=\"right\">418 : 1<\/td>\n<\/tr>\n<tr>\n<td>10.<\/td>\n<td align=\"center\">3<\/td>\n<td align=\"right\">399 : 1<\/td>\n<\/tr>\n<tr>\n<td>11.<\/td>\n<td align=\"center\">1 + 2<\/td>\n<td align=\"right\">80 : 1<\/td>\n<\/tr>\n<tr>\n<td>12.<\/td>\n<td align=\"center\">2 + 1<\/td>\n<td align=\"right\">35 : 1<\/td>\n<\/tr>\n<\/tbody>\n<\/table>\n<p style=\"text-align: center;\"><strong>Ikke utsett sjansen til \u00e5 bli million\u00e6r. Registrer deg for \u00e5 kj\u00f8pe Eurojackpot-kuponger p\u00e5 nett i dag.<\/strong><\/p>\n","protected":false},"excerpt":{"rendered":"<p>Eurojackpot-lotteri Du kan kj\u00f8pe Eurojackpot-kuponger p\u00e5 nett og bli million\u00e6r over natten. Internett har n\u00e5 gjort det mulig \u00e5 spille Eurojackpot p\u00e5 nett sammen med mange andre europeiske lotterier. Du kan gj\u00f8re det ved \u00e5 kj\u00f8pe kuponger p\u00e5 nett fra den koselige stolen du tilbringer tid i hjemme. Ikke mer l\u00f8ping til butikken p\u00e5 hj\u00f8rnet [&hellip;]<\/p>\n","protected":false},"author":1,"featured_media":9523,"parent":9310,"menu_order":10,"comment_status":"closed","ping_status":"closed","template":"","meta":{"footnotes":""},"class_list":["post-9644","page","type-page","status-publish","has-post-thumbnail","hentry"],"yoast_head":"<!-- This site is optimized with the Yoast SEO plugin v27.4 - https:\/\/yoast.com\/product\/yoast-seo-wordpress\/ -->\n<title>Kj\u00f8p lodd til Eurojackpot-lotteriet p\u00e5 nett<\/title>\n<meta name=\"description\" content=\"Massevis av penger \u00e5 vinne p\u00e5 Eurojackpot n\u00e5r du kj\u00f8per lottokuponger p\u00e5 nett.\" \/>\n<meta name=\"robots\" content=\"index, follow, max-snippet:-1, max-image-preview:large, max-video-preview:-1\" \/>\n<link rel=\"canonical\" href=\"https:\/\/gambling6.com\/no\/lotteri\/skaff-deg-lodd-til-eurojackpot-lotteriet-pa-nett\/\" \/>\n<meta property=\"og:locale\" content=\"nb_NO\" \/>\n<meta property=\"og:type\" content=\"article\" \/>\n<meta property=\"og:title\" content=\"Kj\u00f8p lodd til Eurojackpot-lotteriet p\u00e5 nett\" \/>\n<meta property=\"og:description\" content=\"Massevis av penger \u00e5 vinne p\u00e5 Eurojackpot n\u00e5r du kj\u00f8per lottokuponger p\u00e5 nett.\" \/>\n<meta property=\"og:url\" content=\"https:\/\/gambling6.com\/no\/lotteri\/skaff-deg-lodd-til-eurojackpot-lotteriet-pa-nett\/\" \/>\n<meta property=\"og:site_name\" content=\"Gambling6\" \/>\n<meta property=\"og:image\" content=\"https:\/\/gambling6.com\/wp-content\/uploads\/2013\/12\/play-euro-jackpot-online.jpg\" \/>\n\t<meta property=\"og:image:width\" content=\"285\" \/>\n\t<meta property=\"og:image:height\" content=\"259\" \/>\n\t<meta property=\"og:image:type\" content=\"image\/jpeg\" \/>\n<meta name=\"twitter:card\" content=\"summary_large_image\" \/>\n<meta name=\"twitter:label1\" content=\"Ansl. lesetid\" \/>\n\t<meta name=\"twitter:data1\" content=\"1 minutt\" \/>\n<script type=\"application\/ld+json\" class=\"yoast-schema-graph\">{\"@context\":\"https:\\\/\\\/schema.org\",\"@graph\":[{\"@type\":\"WebPage\",\"@id\":\"https:\\\/\\\/gambling6.com\\\/no\\\/lotteri\\\/skaff-deg-lodd-til-eurojackpot-lotteriet-pa-nett\\\/\",\"url\":\"https:\\\/\\\/gambling6.com\\\/no\\\/lotteri\\\/skaff-deg-lodd-til-eurojackpot-lotteriet-pa-nett\\\/\",\"name\":\"Kj\u00f8p lodd til Eurojackpot-lotteriet p\u00e5 nett\",\"isPartOf\":{\"@id\":\"https:\\\/\\\/gambling6.com\\\/no\\\/#website\"},\"primaryImageOfPage\":{\"@id\":\"https:\\\/\\\/gambling6.com\\\/no\\\/lotteri\\\/skaff-deg-lodd-til-eurojackpot-lotteriet-pa-nett\\\/#primaryimage\"},\"image\":{\"@id\":\"https:\\\/\\\/gambling6.com\\\/no\\\/lotteri\\\/skaff-deg-lodd-til-eurojackpot-lotteriet-pa-nett\\\/#primaryimage\"},\"thumbnailUrl\":\"https:\\\/\\\/gambling6.com\\\/wp-content\\\/uploads\\\/2013\\\/12\\\/play-euro-jackpot-online.jpg\",\"datePublished\":\"2025-11-11T08:58:42+00:00\",\"description\":\"Massevis av penger \u00e5 vinne p\u00e5 Eurojackpot n\u00e5r du kj\u00f8per lottokuponger p\u00e5 nett.\",\"breadcrumb\":{\"@id\":\"https:\\\/\\\/gambling6.com\\\/no\\\/lotteri\\\/skaff-deg-lodd-til-eurojackpot-lotteriet-pa-nett\\\/#breadcrumb\"},\"inLanguage\":\"nb-NO\",\"potentialAction\":[{\"@type\":\"ReadAction\",\"target\":[\"https:\\\/\\\/gambling6.com\\\/no\\\/lotteri\\\/skaff-deg-lodd-til-eurojackpot-lotteriet-pa-nett\\\/\"]}]},{\"@type\":\"ImageObject\",\"inLanguage\":\"nb-NO\",\"@id\":\"https:\\\/\\\/gambling6.com\\\/no\\\/lotteri\\\/skaff-deg-lodd-til-eurojackpot-lotteriet-pa-nett\\\/#primaryimage\",\"url\":\"https:\\\/\\\/gambling6.com\\\/wp-content\\\/uploads\\\/2013\\\/12\\\/play-euro-jackpot-online.jpg\",\"contentUrl\":\"https:\\\/\\\/gambling6.com\\\/wp-content\\\/uploads\\\/2013\\\/12\\\/play-euro-jackpot-online.jpg\",\"width\":285,\"height\":259},{\"@type\":\"BreadcrumbList\",\"@id\":\"https:\\\/\\\/gambling6.com\\\/no\\\/lotteri\\\/skaff-deg-lodd-til-eurojackpot-lotteriet-pa-nett\\\/#breadcrumb\",\"itemListElement\":[{\"@type\":\"ListItem\",\"position\":1,\"name\":\"Home\",\"item\":\"https:\\\/\\\/gambling6.com\\\/no\\\/home\\\/\"},{\"@type\":\"ListItem\",\"position\":2,\"name\":\"Lotteri\",\"item\":\"https:\\\/\\\/gambling6.com\\\/no\\\/buying-international-lotto-tickets-online\\\/\"},{\"@type\":\"ListItem\",\"position\":3,\"name\":\"Skaff deg lodd til Eurojackpot-lotteriet p\u00e5 nett\"}]},{\"@type\":\"WebSite\",\"@id\":\"https:\\\/\\\/gambling6.com\\\/no\\\/#website\",\"url\":\"https:\\\/\\\/gambling6.com\\\/no\\\/\",\"name\":\"Gambling6\",\"description\":\"\",\"potentialAction\":[{\"@type\":\"SearchAction\",\"target\":{\"@type\":\"EntryPoint\",\"urlTemplate\":\"https:\\\/\\\/gambling6.com\\\/no\\\/?s={search_term_string}\"},\"query-input\":{\"@type\":\"PropertyValueSpecification\",\"valueRequired\":true,\"valueName\":\"search_term_string\"}}],\"inLanguage\":\"nb-NO\"}]}<\/script>\n<!-- \/ Yoast SEO plugin. -->","yoast_head_json":{"title":"Kj\u00f8p lodd til Eurojackpot-lotteriet p\u00e5 nett","description":"Massevis av penger \u00e5 vinne p\u00e5 Eurojackpot n\u00e5r du kj\u00f8per lottokuponger p\u00e5 nett.","robots":{"index":"index","follow":"follow","max-snippet":"max-snippet:-1","max-image-preview":"max-image-preview:large","max-video-preview":"max-video-preview:-1"},"canonical":"https:\/\/gambling6.com\/no\/lotteri\/skaff-deg-lodd-til-eurojackpot-lotteriet-pa-nett\/","og_locale":"nb_NO","og_type":"article","og_title":"Kj\u00f8p lodd til Eurojackpot-lotteriet p\u00e5 nett","og_description":"Massevis av penger \u00e5 vinne p\u00e5 Eurojackpot n\u00e5r du kj\u00f8per lottokuponger p\u00e5 nett.","og_url":"https:\/\/gambling6.com\/no\/lotteri\/skaff-deg-lodd-til-eurojackpot-lotteriet-pa-nett\/","og_site_name":"Gambling6","og_image":[{"width":285,"height":259,"url":"https:\/\/gambling6.com\/wp-content\/uploads\/2013\/12\/play-euro-jackpot-online.jpg","type":"image\/jpeg"}],"twitter_card":"summary_large_image","twitter_misc":{"Ansl. lesetid":"1 minutt"},"schema":{"@context":"https:\/\/schema.org","@graph":[{"@type":"WebPage","@id":"https:\/\/gambling6.com\/no\/lotteri\/skaff-deg-lodd-til-eurojackpot-lotteriet-pa-nett\/","url":"https:\/\/gambling6.com\/no\/lotteri\/skaff-deg-lodd-til-eurojackpot-lotteriet-pa-nett\/","name":"Kj\u00f8p lodd til Eurojackpot-lotteriet p\u00e5 nett","isPartOf":{"@id":"https:\/\/gambling6.com\/no\/#website"},"primaryImageOfPage":{"@id":"https:\/\/gambling6.com\/no\/lotteri\/skaff-deg-lodd-til-eurojackpot-lotteriet-pa-nett\/#primaryimage"},"image":{"@id":"https:\/\/gambling6.com\/no\/lotteri\/skaff-deg-lodd-til-eurojackpot-lotteriet-pa-nett\/#primaryimage"},"thumbnailUrl":"https:\/\/gambling6.com\/wp-content\/uploads\/2013\/12\/play-euro-jackpot-online.jpg","datePublished":"2025-11-11T08:58:42+00:00","description":"Massevis av penger \u00e5 vinne p\u00e5 Eurojackpot n\u00e5r du kj\u00f8per lottokuponger p\u00e5 nett.","breadcrumb":{"@id":"https:\/\/gambling6.com\/no\/lotteri\/skaff-deg-lodd-til-eurojackpot-lotteriet-pa-nett\/#breadcrumb"},"inLanguage":"nb-NO","potentialAction":[{"@type":"ReadAction","target":["https:\/\/gambling6.com\/no\/lotteri\/skaff-deg-lodd-til-eurojackpot-lotteriet-pa-nett\/"]}]},{"@type":"ImageObject","inLanguage":"nb-NO","@id":"https:\/\/gambling6.com\/no\/lotteri\/skaff-deg-lodd-til-eurojackpot-lotteriet-pa-nett\/#primaryimage","url":"https:\/\/gambling6.com\/wp-content\/uploads\/2013\/12\/play-euro-jackpot-online.jpg","contentUrl":"https:\/\/gambling6.com\/wp-content\/uploads\/2013\/12\/play-euro-jackpot-online.jpg","width":285,"height":259},{"@type":"BreadcrumbList","@id":"https:\/\/gambling6.com\/no\/lotteri\/skaff-deg-lodd-til-eurojackpot-lotteriet-pa-nett\/#breadcrumb","itemListElement":[{"@type":"ListItem","position":1,"name":"Home","item":"https:\/\/gambling6.com\/no\/home\/"},{"@type":"ListItem","position":2,"name":"Lotteri","item":"https:\/\/gambling6.com\/no\/buying-international-lotto-tickets-online\/"},{"@type":"ListItem","position":3,"name":"Skaff deg lodd til Eurojackpot-lotteriet p\u00e5 nett"}]},{"@type":"WebSite","@id":"https:\/\/gambling6.com\/no\/#website","url":"https:\/\/gambling6.com\/no\/","name":"Gambling6","description":"","potentialAction":[{"@type":"SearchAction","target":{"@type":"EntryPoint","urlTemplate":"https:\/\/gambling6.com\/no\/?s={search_term_string}"},"query-input":{"@type":"PropertyValueSpecification","valueRequired":true,"valueName":"search_term_string"}}],"inLanguage":"nb-NO"}]}},"_links":{"self":[{"href":"https:\/\/gambling6.com\/no\/wp-json\/wp\/v2\/pages\/9644","targetHints":{"allow":["GET"]}}],"collection":[{"href":"https:\/\/gambling6.com\/no\/wp-json\/wp\/v2\/pages"}],"about":[{"href":"https:\/\/gambling6.com\/no\/wp-json\/wp\/v2\/types\/page"}],"author":[{"embeddable":true,"href":"https:\/\/gambling6.com\/no\/wp-json\/wp\/v2\/users\/1"}],"replies":[{"embeddable":true,"href":"https:\/\/gambling6.com\/no\/wp-json\/wp\/v2\/comments?post=9644"}],"version-history":[{"count":0,"href":"https:\/\/gambling6.com\/no\/wp-json\/wp\/v2\/pages\/9644\/revisions"}],"up":[{"embeddable":true,"href":"https:\/\/gambling6.com\/no\/wp-json\/wp\/v2\/pages\/9310"}],"wp:featuredmedia":[{"embeddable":true,"href":"https:\/\/gambling6.com\/no\/wp-json\/wp\/v2\/media\/9523"}],"wp:attachment":[{"href":"https:\/\/gambling6.com\/no\/wp-json\/wp\/v2\/media?parent=9644"}],"curies":[{"name":"wp","href":"https:\/\/api.w.org\/{rel}","templated":true}]}}