{"id":9660,"date":"2025-11-11T09:19:47","date_gmt":"2025-11-11T09:19:47","guid":{"rendered":"https:\/\/gambling6.com\/lotteri\/fa-el-gordo-lotteribilletter-hvor-som-helst\/"},"modified":"2025-11-15T11:30:17","modified_gmt":"2025-11-15T11:30:17","slug":"fa-el-gordo-lotteribilletter-hvor-som-helst","status":"publish","type":"page","link":"https:\/\/gambling6.com\/no\/lotteri\/fa-el-gordo-lotteribilletter-hvor-som-helst\/","title":{"rendered":"F\u00e5 El Gordo-lotteribilletter hvor som helst"},"content":{"rendered":"<h2>Enkelt \u00e5 kj\u00f8pe lodd p\u00e5 nett til El Gordo-lotteriet.<\/h2>\n<p><img loading=\"lazy\" decoding=\"async\" class=\" wp-image-1569 alignright\" src=\"https:\/\/gambling6.com\/wp-content\/uploads\/2022\/04\/2_ticket_spanish_lottery.jpg\" alt=\"den fete billetten\" width=\"200\" height=\"274\" \/>I Europa er El Gordo-lotteriet enormt og spilles av folk b\u00e5de i Spania og internasjonalt. Du kan forvente en minimumsjackpot p\u00e5 omtrent \u20ac6,5 millioner hver uke. Det er bare \u00e9n trekning i uken p\u00e5 en s\u00f8ndag, og folk st\u00e5r i k\u00f8 for \u00e5 spille hver uke. Jackpotten kan akkumuleres opptil \u20ac26 millioner. Men hvis det er hyppige prisoverganger (ikke en jackpot), kan den noen ganger n\u00e5 opptil \u20ac35 millioner, n\u00e5r du har overf\u00f8ringene fra tidligere uker.<\/p>\n<h2>Europeere kj\u00f8per lodd p\u00e5 nett ukentlig.<\/h2>\n<p>Europa har v\u00e6rt en voksende kilde til lotteriinntekter; Hver uke stiller millioner av spillere seg i k\u00f8 for \u00e5 spille lotto p\u00e5 dette kontinentet. For \u00e5 f\u00e5 tak i lodd til El Gordo-lotteriet p\u00e5 nett, m\u00e5 du bes\u00f8ke v\u00e5r partner RedFoxLotto, logge inn p\u00e5 kontoen din og deretter bestemme om du vil bruke hurtigvalg eller velge dine egne tall. Hvis du velger dine egne tall, m\u00e5 du velge fem hovedtall og ett bonustall.<\/p>\n<h2>Europeere kj\u00f8per lodd p\u00e5 nett til s\u00f8ndagens trekning.<\/h2>\n<p>El Gordo, kjent som det spanske 6\/49-lotteriet, m\u00e5 ikke forveksles med El Gordos julelotteri. Dette popul\u00e6re ukentlige lotteriet trekkes p\u00e5 s\u00f8ndager. N\u00e5r du kj\u00f8per lodd til El Gordo-lotteriet p\u00e5 nett, husk at det er en 1:10 sjanse for \u00e5 vinne en premie. Dette er fordi det er syv forskjellige premieniv\u00e5er i tillegg til \u00e5 vinne jackpotten.<\/p>\n<h2>Millioner brukes m\u00e5nedlig p\u00e5 loddkj\u00f8p.<\/h2>\n<p>Europeere har g\u00e5tt amok over lodd de siste \u00e5rene. Nest etter Nord-Amerika bruker europeere hundrevis av millioner dollar p\u00e5 lodd hvert \u00e5r. N\u00e5 som det er mulig \u00e5 kj\u00f8pe lodd til verdensomspennende lotterier p\u00e5 nett, har salget \u00f8kt dramatisk. Hvis du \u00f8nsker \u00e5 f\u00e5 tak i lodd til det kommende El Gordo-lotteriet, <a class=\"thirstylink\" title=\"Redfoxlotto\" href=\"https:\/\/gambling6.com\/go\/redfoxlotto\/\" target=\"_blank\" rel=\"nofollow noopener\">kan du bare bes\u00f8ke v\u00e5r partner RedFoxLotto<\/a>, registrere deg for en konto, og du kan v\u00e6re godt p\u00e5 vei til \u00e5 bli multimillion\u00e6r over natten.<\/p>\n<table style=\"width: 500px;\" border=\"1\" cellspacing=\"5\" cellpadding=\"5\" align=\"center\">\n<tbody>\n<tr>\n<td colspan=\"3\" align=\"center\">Toppjackpoter for 2013<\/td>\n<\/tr>\n<tr>\n<td>Trekning<\/td>\n<td align=\"center\">Dato<\/td>\n<td align=\"center\">Jackpot (USD)<\/td>\n<\/tr>\n<tr>\n<td>El Gordo &#8211; Spania<\/td>\n<td align=\"center\">13. okt. 2013<\/td>\n<td align=\"right\">$13 327 360<\/td>\n<\/tr>\n<tr>\n<td>El Gordo &#8211; Spania<\/td>\n<td align=\"center\">4. aug. 2013<\/td>\n<td align=\"right\">10 275 000 dollar<\/td>\n<\/tr>\n<tr>\n<td>El Gordo &#8211; Spania<\/td>\n<td align=\"center\">16. juni 2013<\/td>\n<td align=\"right\">9 590 000 dollar<\/td>\n<\/tr>\n<tr>\n<td>El Gordo &#8211; Spania<\/td>\n<td align=\"center\">23. juni 2013<\/td>\n<td align=\"right\">6 850 000 dollar<\/td>\n<\/tr>\n<\/tbody>\n<\/table>\n<p>&nbsp;<\/p>\n<table style=\"width: 500px;\" border=\"1\" cellspacing=\"5\" cellpadding=\"5\" align=\"center\">\n<tbody>\n<tr>\n<td colspan=\"3\" align=\"center\">El Gordo Lotto &#8211; Spanske 6\/49 premieniv\u00e5er<\/td>\n<\/tr>\n<tr>\n<td>Premie<\/td>\n<td align=\"center\">Kamper<\/td>\n<td align=\"center\">Odds<\/td>\n<\/tr>\n<tr>\n<td>1. (Jackpot)<\/td>\n<td align=\"center\">5 + 1<\/td>\n<td align=\"right\">31 625 100 : 1<\/td>\n<\/tr>\n<tr>\n<td>2.<\/td>\n<td align=\"center\">5<\/td>\n<td align=\"right\">3 513 900 : 1<\/td>\n<\/tr>\n<tr>\n<td>3.<\/td>\n<td align=\"center\">4 + 1<\/td>\n<td align=\"right\">129 082 : 1<\/td>\n<\/tr>\n<tr>\n<td>4.<\/td>\n<td align=\"center\">4<\/td>\n<td align=\"right\">14 342 : 1<\/td>\n<\/tr>\n<tr>\n<td>5.<\/td>\n<td align=\"center\">3 + 1<\/td>\n<td align=\"right\">2 689 : 1<\/td>\n<\/tr>\n<tr>\n<td>6.<\/td>\n<td align=\"center\">3<\/td>\n<td align=\"right\">299 : 1<\/td>\n<\/tr>\n<tr>\n<td>7.<\/td>\n<td align=\"center\">2 + 1<\/td>\n<td align=\"right\">172 : 1<\/td>\n<\/tr>\n<tr>\n<td>8.<\/td>\n<td align=\"center\">2<\/td>\n<td align=\"right\">19 : 1<\/td>\n<\/tr>\n<tr>\n<td>9.<\/td>\n<td align=\"center\">0 + 1<\/td>\n<td align=\"right\">10 : 1<\/td>\n<\/tr>\n<\/tbody>\n<\/table>\n","protected":false},"excerpt":{"rendered":"<p>Enkelt \u00e5 kj\u00f8pe lodd p\u00e5 nett til El Gordo-lotteriet. I Europa er El Gordo-lotteriet enormt og spilles av folk b\u00e5de i Spania og internasjonalt. Du kan forvente en minimumsjackpot p\u00e5 omtrent \u20ac6,5 millioner hver uke. Det er bare \u00e9n trekning i uken p\u00e5 en s\u00f8ndag, og folk st\u00e5r i k\u00f8 for \u00e5 spille hver uke. [&hellip;]<\/p>\n","protected":false},"author":1,"featured_media":0,"parent":9310,"menu_order":3,"comment_status":"closed","ping_status":"closed","template":"","meta":{"footnotes":""},"class_list":["post-9660","page","type-page","status-publish","hentry"],"yoast_head":"<!-- This site is optimized with the Yoast SEO plugin v27.3 - https:\/\/yoast.com\/product\/yoast-seo-wordpress\/ -->\n<title>Kj\u00f8p lodd til El Gordo-lotteriet p\u00e5 nett<\/title>\n<meta name=\"description\" content=\"Bli million\u00e6r n\u00e5r du skaffer deg lodd til El Gordo-lotteriet p\u00e5 nett.\" \/>\n<meta name=\"robots\" content=\"index, follow, max-snippet:-1, max-image-preview:large, max-video-preview:-1\" \/>\n<link rel=\"canonical\" href=\"https:\/\/gambling6.com\/no\/lotteri\/fa-el-gordo-lotteribilletter-hvor-som-helst\/\" \/>\n<meta property=\"og:locale\" content=\"nb_NO\" \/>\n<meta property=\"og:type\" content=\"article\" \/>\n<meta property=\"og:title\" content=\"Kj\u00f8p lodd til El Gordo-lotteriet p\u00e5 nett\" \/>\n<meta property=\"og:description\" content=\"Bli million\u00e6r n\u00e5r du skaffer deg lodd til El Gordo-lotteriet p\u00e5 nett.\" \/>\n<meta property=\"og:url\" content=\"https:\/\/gambling6.com\/no\/lotteri\/fa-el-gordo-lotteribilletter-hvor-som-helst\/\" \/>\n<meta property=\"og:site_name\" content=\"Gambling6\" \/>\n<meta property=\"article:modified_time\" content=\"2025-11-15T11:30:17+00:00\" \/>\n<meta property=\"og:image\" content=\"https:\/\/gambling6.com\/wp-content\/uploads\/2022\/04\/2_ticket_spanish_lottery.jpg\" \/>\n\t<meta property=\"og:image:width\" content=\"219\" \/>\n\t<meta property=\"og:image:height\" content=\"300\" \/>\n\t<meta property=\"og:image:type\" content=\"image\/jpeg\" \/>\n<meta name=\"twitter:card\" content=\"summary_large_image\" \/>\n<meta name=\"twitter:label1\" content=\"Ansl. lesetid\" \/>\n\t<meta name=\"twitter:data1\" content=\"2 minutter\" \/>\n<script type=\"application\/ld+json\" class=\"yoast-schema-graph\">{\"@context\":\"https:\\\/\\\/schema.org\",\"@graph\":[{\"@type\":\"WebPage\",\"@id\":\"https:\\\/\\\/gambling6.com\\\/no\\\/lotteri\\\/fa-el-gordo-lotteribilletter-hvor-som-helst\\\/\",\"url\":\"https:\\\/\\\/gambling6.com\\\/no\\\/lotteri\\\/fa-el-gordo-lotteribilletter-hvor-som-helst\\\/\",\"name\":\"Kj\u00f8p lodd til El Gordo-lotteriet p\u00e5 nett\",\"isPartOf\":{\"@id\":\"https:\\\/\\\/gambling6.com\\\/no\\\/#website\"},\"primaryImageOfPage\":{\"@id\":\"https:\\\/\\\/gambling6.com\\\/no\\\/lotteri\\\/fa-el-gordo-lotteribilletter-hvor-som-helst\\\/#primaryimage\"},\"image\":{\"@id\":\"https:\\\/\\\/gambling6.com\\\/no\\\/lotteri\\\/fa-el-gordo-lotteribilletter-hvor-som-helst\\\/#primaryimage\"},\"thumbnailUrl\":\"https:\\\/\\\/gambling6.com\\\/wp-content\\\/uploads\\\/2022\\\/04\\\/2_ticket_spanish_lottery.jpg\",\"datePublished\":\"2025-11-11T09:19:47+00:00\",\"dateModified\":\"2025-11-15T11:30:17+00:00\",\"description\":\"Bli million\u00e6r n\u00e5r du skaffer deg lodd til El Gordo-lotteriet p\u00e5 nett.\",\"breadcrumb\":{\"@id\":\"https:\\\/\\\/gambling6.com\\\/no\\\/lotteri\\\/fa-el-gordo-lotteribilletter-hvor-som-helst\\\/#breadcrumb\"},\"inLanguage\":\"nb-NO\",\"potentialAction\":[{\"@type\":\"ReadAction\",\"target\":[\"https:\\\/\\\/gambling6.com\\\/no\\\/lotteri\\\/fa-el-gordo-lotteribilletter-hvor-som-helst\\\/\"]}]},{\"@type\":\"ImageObject\",\"inLanguage\":\"nb-NO\",\"@id\":\"https:\\\/\\\/gambling6.com\\\/no\\\/lotteri\\\/fa-el-gordo-lotteribilletter-hvor-som-helst\\\/#primaryimage\",\"url\":\"https:\\\/\\\/gambling6.com\\\/wp-content\\\/uploads\\\/2022\\\/04\\\/2_ticket_spanish_lottery.jpg\",\"contentUrl\":\"https:\\\/\\\/gambling6.com\\\/wp-content\\\/uploads\\\/2022\\\/04\\\/2_ticket_spanish_lottery.jpg\"},{\"@type\":\"BreadcrumbList\",\"@id\":\"https:\\\/\\\/gambling6.com\\\/no\\\/lotteri\\\/fa-el-gordo-lotteribilletter-hvor-som-helst\\\/#breadcrumb\",\"itemListElement\":[{\"@type\":\"ListItem\",\"position\":1,\"name\":\"Home\",\"item\":\"https:\\\/\\\/gambling6.com\\\/no\\\/home\\\/\"},{\"@type\":\"ListItem\",\"position\":2,\"name\":\"Lotteri\",\"item\":\"https:\\\/\\\/gambling6.com\\\/no\\\/buying-international-lotto-tickets-online\\\/\"},{\"@type\":\"ListItem\",\"position\":3,\"name\":\"F\u00e5 El Gordo-lotteribilletter hvor som helst\"}]},{\"@type\":\"WebSite\",\"@id\":\"https:\\\/\\\/gambling6.com\\\/no\\\/#website\",\"url\":\"https:\\\/\\\/gambling6.com\\\/no\\\/\",\"name\":\"Gambling6\",\"description\":\"\",\"potentialAction\":[{\"@type\":\"SearchAction\",\"target\":{\"@type\":\"EntryPoint\",\"urlTemplate\":\"https:\\\/\\\/gambling6.com\\\/no\\\/?s={search_term_string}\"},\"query-input\":{\"@type\":\"PropertyValueSpecification\",\"valueRequired\":true,\"valueName\":\"search_term_string\"}}],\"inLanguage\":\"nb-NO\"}]}<\/script>\n<!-- \/ Yoast SEO plugin. -->","yoast_head_json":{"title":"Kj\u00f8p lodd til El Gordo-lotteriet p\u00e5 nett","description":"Bli million\u00e6r n\u00e5r du skaffer deg lodd til El Gordo-lotteriet p\u00e5 nett.","robots":{"index":"index","follow":"follow","max-snippet":"max-snippet:-1","max-image-preview":"max-image-preview:large","max-video-preview":"max-video-preview:-1"},"canonical":"https:\/\/gambling6.com\/no\/lotteri\/fa-el-gordo-lotteribilletter-hvor-som-helst\/","og_locale":"nb_NO","og_type":"article","og_title":"Kj\u00f8p lodd til El Gordo-lotteriet p\u00e5 nett","og_description":"Bli million\u00e6r n\u00e5r du skaffer deg lodd til El Gordo-lotteriet p\u00e5 nett.","og_url":"https:\/\/gambling6.com\/no\/lotteri\/fa-el-gordo-lotteribilletter-hvor-som-helst\/","og_site_name":"Gambling6","article_modified_time":"2025-11-15T11:30:17+00:00","og_image":[{"width":219,"height":300,"url":"https:\/\/gambling6.com\/wp-content\/uploads\/2022\/04\/2_ticket_spanish_lottery.jpg","type":"image\/jpeg"}],"twitter_card":"summary_large_image","twitter_misc":{"Ansl. lesetid":"2 minutter"},"schema":{"@context":"https:\/\/schema.org","@graph":[{"@type":"WebPage","@id":"https:\/\/gambling6.com\/no\/lotteri\/fa-el-gordo-lotteribilletter-hvor-som-helst\/","url":"https:\/\/gambling6.com\/no\/lotteri\/fa-el-gordo-lotteribilletter-hvor-som-helst\/","name":"Kj\u00f8p lodd til El Gordo-lotteriet p\u00e5 nett","isPartOf":{"@id":"https:\/\/gambling6.com\/no\/#website"},"primaryImageOfPage":{"@id":"https:\/\/gambling6.com\/no\/lotteri\/fa-el-gordo-lotteribilletter-hvor-som-helst\/#primaryimage"},"image":{"@id":"https:\/\/gambling6.com\/no\/lotteri\/fa-el-gordo-lotteribilletter-hvor-som-helst\/#primaryimage"},"thumbnailUrl":"https:\/\/gambling6.com\/wp-content\/uploads\/2022\/04\/2_ticket_spanish_lottery.jpg","datePublished":"2025-11-11T09:19:47+00:00","dateModified":"2025-11-15T11:30:17+00:00","description":"Bli million\u00e6r n\u00e5r du skaffer deg lodd til El Gordo-lotteriet p\u00e5 nett.","breadcrumb":{"@id":"https:\/\/gambling6.com\/no\/lotteri\/fa-el-gordo-lotteribilletter-hvor-som-helst\/#breadcrumb"},"inLanguage":"nb-NO","potentialAction":[{"@type":"ReadAction","target":["https:\/\/gambling6.com\/no\/lotteri\/fa-el-gordo-lotteribilletter-hvor-som-helst\/"]}]},{"@type":"ImageObject","inLanguage":"nb-NO","@id":"https:\/\/gambling6.com\/no\/lotteri\/fa-el-gordo-lotteribilletter-hvor-som-helst\/#primaryimage","url":"https:\/\/gambling6.com\/wp-content\/uploads\/2022\/04\/2_ticket_spanish_lottery.jpg","contentUrl":"https:\/\/gambling6.com\/wp-content\/uploads\/2022\/04\/2_ticket_spanish_lottery.jpg"},{"@type":"BreadcrumbList","@id":"https:\/\/gambling6.com\/no\/lotteri\/fa-el-gordo-lotteribilletter-hvor-som-helst\/#breadcrumb","itemListElement":[{"@type":"ListItem","position":1,"name":"Home","item":"https:\/\/gambling6.com\/no\/home\/"},{"@type":"ListItem","position":2,"name":"Lotteri","item":"https:\/\/gambling6.com\/no\/buying-international-lotto-tickets-online\/"},{"@type":"ListItem","position":3,"name":"F\u00e5 El Gordo-lotteribilletter hvor som helst"}]},{"@type":"WebSite","@id":"https:\/\/gambling6.com\/no\/#website","url":"https:\/\/gambling6.com\/no\/","name":"Gambling6","description":"","potentialAction":[{"@type":"SearchAction","target":{"@type":"EntryPoint","urlTemplate":"https:\/\/gambling6.com\/no\/?s={search_term_string}"},"query-input":{"@type":"PropertyValueSpecification","valueRequired":true,"valueName":"search_term_string"}}],"inLanguage":"nb-NO"}]}},"_links":{"self":[{"href":"https:\/\/gambling6.com\/no\/wp-json\/wp\/v2\/pages\/9660","targetHints":{"allow":["GET"]}}],"collection":[{"href":"https:\/\/gambling6.com\/no\/wp-json\/wp\/v2\/pages"}],"about":[{"href":"https:\/\/gambling6.com\/no\/wp-json\/wp\/v2\/types\/page"}],"author":[{"embeddable":true,"href":"https:\/\/gambling6.com\/no\/wp-json\/wp\/v2\/users\/1"}],"replies":[{"embeddable":true,"href":"https:\/\/gambling6.com\/no\/wp-json\/wp\/v2\/comments?post=9660"}],"version-history":[{"count":1,"href":"https:\/\/gambling6.com\/no\/wp-json\/wp\/v2\/pages\/9660\/revisions"}],"predecessor-version":[{"id":10949,"href":"https:\/\/gambling6.com\/no\/wp-json\/wp\/v2\/pages\/9660\/revisions\/10949"}],"up":[{"embeddable":true,"href":"https:\/\/gambling6.com\/no\/wp-json\/wp\/v2\/pages\/9310"}],"wp:attachment":[{"href":"https:\/\/gambling6.com\/no\/wp-json\/wp\/v2\/media?parent=9660"}],"curies":[{"name":"wp","href":"https:\/\/api.w.org\/{rel}","templated":true}]}}