{"id":9672,"date":"2025-11-11T09:37:35","date_gmt":"2025-11-11T09:37:35","guid":{"rendered":"https:\/\/gambling6.com\/lotteri\/skaff-deg-lodd-til-det-australske-lotteriet-pa-nett\/"},"modified":"2025-11-11T09:37:35","modified_gmt":"2025-11-11T09:37:35","slug":"skaff-deg-lodd-til-det-australske-lotteriet-pa-nett","status":"publish","type":"page","link":"https:\/\/gambling6.com\/no\/lotteri\/skaff-deg-lodd-til-det-australske-lotteriet-pa-nett\/","title":{"rendered":"Skaff deg lodd til det australske lotteriet p\u00e5 nett"},"content":{"rendered":"<h2>Det australske lotteriet<\/h2>\n<p>Hver uke, tirsdag og torsdag, finner to sv\u00e6rt spennende lotterier sted i Australia. Powerball- og Oz Lotto-kuponger kan kj\u00f8pes p\u00e5 nett. \u00c5 kj\u00f8pe kuponger p\u00e5 nett til det australske lottoet er like enkelt som \u00e5 \u00abkaste en reke til p\u00e5 Barbie\u00bb. Folk spiller disse lotteriene om de regelmessig h\u00f8ye jackpottene p\u00e5 50 millioner dollar og mer.<\/p>\n<p>Oddsen for begge jackpottene er ganske gunstige, gitt st\u00f8rrelsen, og med muligheten til \u00e5 kj\u00f8pe kuponger p\u00e5 nett, stiger de ganske raskt. Globalt har disse jackpottene blitt popul\u00e6re de siste \u00e5rene. Du h\u00f8rer mer om disse trekningene i nyhetene hver dag.<\/p>\n<h2>Oz Lotto-kuponger p\u00e5 nett er trygge og sikre.<\/h2>\n<p>Du kan trygt og sikkert velge dine 7 tall og vente p\u00e5 trekningen. V\u00e5r partner <a class=\"thirstylink\" title=\"Redfoxlotto\" href=\"https:\/\/gambling6.com\/go\/redfoxlotto\/\" target=\"_blank\" rel=\"nofollow noopener\">RedFoxLotto.com<\/a> tar bort all bekymringen ved \u00e5 kj\u00f8pe lottokuponger p\u00e5 nett, s\u00e5 du trenger bare \u00e5 lene deg tilbake og vente p\u00e5 \u00e5 vinne.<\/p>\n<p>Amerikanske spillere <span style=\"box-sizing: border-box; margin: 0px; padding: 0px;\">som \u00f8nsker \u00e5 delta i og kj\u00f8pe en kupong p\u00e5 nett til Powerball eller et annet lotteri fra Australia, b\u00f8r velge v\u00e5r andre anbefaling: <a href=\"https:\/\/gambling6.com\/go\/thelotter-en\/\" target=\"_blank\" rel=\"noopener\">TheLotter. Klikk her for \u00e5 bes\u00f8ke<\/a><\/span><a class=\"thirstylink\" title=\"TheLotter en\" href=\"https:\/\/gambling6.com\/go\/thelotter-en\/\" target=\"_blank\" rel=\"nofollow noopener\">\u00a0nettstedet deres.<\/a><\/p>\n<h2>Store jackpotter med online-kuponger til Powerball Australia<\/h2>\n<table style=\"width: 500px;\" border=\"1\" cellspacing=\"5\" cellpadding=\"5\" align=\"center\">\n<tbody>\n<tr>\n<td colspan=\"3\" align=\"center\">De fem beste jackpottene for 2013<\/td>\n<\/tr>\n<tr>\n<td>Trekning<\/td>\n<td align=\"center\">Dato<\/td>\n<td align=\"center\">Jackpot (USD)<\/td>\n<\/tr>\n<tr>\n<td>Powerball &#8211; Australia<\/td>\n<td align=\"center\">2. mai 2013<\/td>\n<td align=\"right\">$55 229 291<\/td>\n<\/tr>\n<tr>\n<td>Powerball &#8211; Australia<\/td>\n<td align=\"center\">18. juli 2013<\/td>\n<td align=\"right\">26 700 000 dollar<\/td>\n<\/tr>\n<tr>\n<td>Powerball &#8211; Australia<\/td>\n<td align=\"center\">19. september 2013<\/td>\n<td align=\"right\">26 700 000 dollar<\/td>\n<\/tr>\n<tr>\n<td>Powerball &#8211; Australia<\/td>\n<td align=\"center\">24. oktober 2013<\/td>\n<td align=\"right\">26 700 000 dollar<\/td>\n<\/tr>\n<tr>\n<td>Powerball &#8211; Australia<\/td>\n<td align=\"center\">3. januar 2013<\/td>\n<td align=\"right\">22 250 000 dollar<\/td>\n<\/tr>\n<\/tbody>\n<\/table>\n<h2>\u00a0\u00c5tte premieniv\u00e5er for australsk Powerball-billett p\u00e5 nett kj\u00f8pere<\/h2>\n<table style=\"width: 500px;\" border=\"1\" cellspacing=\"5\" cellpadding=\"5\" align=\"center\">\n<tbody>\n<tr>\n<td colspan=\"3\" align=\"center\">Powerball Lotto &#8211; Australias premieniv\u00e5er<\/td>\n<\/tr>\n<tr>\n<td>Premie<\/td>\n<td align=\"center\">Kamper<\/td>\n<td align=\"center\">Odds<\/td>\n<\/tr>\n<tr>\n<td>1. (Jackpot)<\/td>\n<td align=\"center\">6 + 1<\/td>\n<td align=\"right\">76 767 600 : 1<\/td>\n<\/tr>\n<tr>\n<td>2.<\/td>\n<td align=\"center\">6<\/td>\n<td align=\"right\">4 040 400 : 1<\/td>\n<\/tr>\n<tr>\n<td>3.<\/td>\n<td align=\"center\">5 + 1<\/td>\n<td align=\"right\">376 312 : 1<\/td>\n<\/tr>\n<tr>\n<td>4.<\/td>\n<td align=\"center\">5<\/td>\n<td align=\"right\">19 806 : 1<\/td>\n<\/tr>\n<tr>\n<td>5.<\/td>\n<td align=\"center\">4 + 1<\/td>\n<td align=\"right\">9 123 : 1<\/td>\n<\/tr>\n<tr>\n<td>6.<\/td>\n<td align=\"center\">3 + 1<\/td>\n<td align=\"right\">641 : 1<\/td>\n<\/tr>\n<tr>\n<td>7.<\/td>\n<td align=\"center\">4<\/td>\n<td align=\"right\">480 : 1<\/td>\n<\/tr>\n<tr>\n<td>8.<\/td>\n<td align=\"center\">2 + 1<\/td>\n<td align=\"right\">110 : 1<\/td>\n<\/tr>\n<\/tbody>\n<\/table>\n<h2>\u00a0Innehavere av Oz Lotto-kuponger p\u00e5 nett kan ta ut store gevinster<\/h2>\n<table style=\"width: 500px;\" border=\"1\" cellspacing=\"5\" cellpadding=\"5\" align=\"center\">\n<tbody>\n<tr>\n<td colspan=\"3\" align=\"center\">De fem beste jackpotene for 2013<\/td>\n<\/tr>\n<tr>\n<td>Trekning<\/td>\n<td align=\"center\">Dato<\/td>\n<td align=\"center\">Jackpot (USD)<\/td>\n<\/tr>\n<tr>\n<td>Oz Lotto &#8211; Australia<\/td>\n<td align=\"center\">17. desember 2013<\/td>\n<td align=\"right\">62 300 000 dollar<\/td>\n<\/tr>\n<tr>\n<td>Oz Lotto &#8211; Australia<\/td>\n<td align=\"center\">2. juli 2013<\/td>\n<td align=\"right\">44 500 000 dollar<\/td>\n<\/tr>\n<tr>\n<td>Oz Lotto &#8211; Australia<\/td>\n<td align=\"center\">30. april 2013<\/td>\n<td align=\"right\">26 700 000 dollar<\/td>\n<\/tr>\n<tr>\n<td>Oz Lotto &#8211; Australia<\/td>\n<td align=\"center\">29. januar 2013<\/td>\n<td align=\"right\">20 296 484 dollar<\/td>\n<\/tr>\n<tr>\n<td>Oz Lotto &#8211; Australia<\/td>\n<td align=\"center\">3. september 2013<\/td>\n<td align=\"right\">19 790 620 dollar<\/td>\n<\/tr>\n<\/tbody>\n<\/table>\n<h2>\u00a0Sjekk billetter p\u00e5 nett for \u00e5 se om det er noen kamper betale<\/h2>\n<table style=\"width: 500px;\" border=\"1\" cellspacing=\"5\" cellpadding=\"5\" align=\"center\">\n<tbody>\n<tr>\n<td colspan=\"3\" align=\"center\">Oz Lotto &#8211; Australias premieniv\u00e5er<\/td>\n<\/tr>\n<tr>\n<td>Premie<\/td>\n<td align=\"center\">Kamper<\/td>\n<td align=\"center\">Odds<\/td>\n<\/tr>\n<tr>\n<td>1. (Jackpot)<\/td>\n<td align=\"center\">7<\/td>\n<td align=\"right\">45 379 620 : 1<\/td>\n<\/tr>\n<tr>\n<td>2.<\/td>\n<td align=\"center\">6 + 1<\/td>\n<td align=\"right\">3 241 401 : 1.<\/td>\n<\/tr>\n<tr>\n<td>3.<\/td>\n<td align=\"center\">6<\/td>\n<td align=\"right\">180 078 : 1<\/td>\n<\/tr>\n<tr>\n<td>4.<\/td>\n<td align=\"center\">5 + 1<\/td>\n<td align=\"right\">29 602 : 1<\/td>\n<\/tr>\n<tr>\n<td>5.<\/td>\n<td align=\"center\">5<\/td>\n<td align=\"right\">3 430 : 1<\/td>\n<\/tr>\n<tr>\n<td>6.<\/td>\n<td align=\"center\">4<\/td>\n<td align=\"right\">154 : 1<\/td>\n<\/tr>\n<tr>\n<td>7.<\/td>\n<td align=\"center\">3 + 1<\/td>\n<td align=\"right\">55 : 1<\/td>\n<\/tr>\n<\/tbody>\n<\/table>\n","protected":false},"excerpt":{"rendered":"<p>Det australske lotteriet Hver uke, tirsdag og torsdag, finner to sv\u00e6rt spennende lotterier sted i Australia. Powerball- og Oz Lotto-kuponger kan kj\u00f8pes p\u00e5 nett. \u00c5 kj\u00f8pe kuponger p\u00e5 nett til det australske lottoet er like enkelt som \u00e5 \u00abkaste en reke til p\u00e5 Barbie\u00bb. Folk spiller disse lotteriene om de regelmessig h\u00f8ye jackpottene p\u00e5 50 [&hellip;]<\/p>\n","protected":false},"author":1,"featured_media":0,"parent":9310,"menu_order":9,"comment_status":"closed","ping_status":"closed","template":"","meta":{"footnotes":""},"class_list":["post-9672","page","type-page","status-publish","hentry"],"yoast_head":"<!-- This site is optimized with the Yoast SEO plugin v27.5 - https:\/\/yoast.com\/product\/yoast-seo-wordpress\/ -->\n<title>Kj\u00f8p lodd til det australske lotteriet p\u00e5 nett<\/title>\n<meta name=\"description\" content=\"kj\u00f8p, billetter. p\u00e5 nett. for, australske, lotterier, bringer, spenning, niv\u00e5er\" \/>\n<meta name=\"robots\" content=\"index, follow, max-snippet:-1, max-image-preview:large, max-video-preview:-1\" \/>\n<link rel=\"canonical\" href=\"https:\/\/gambling6.com\/no\/lotteri\/skaff-deg-lodd-til-det-australske-lotteriet-pa-nett\/\" \/>\n<meta property=\"og:locale\" content=\"nb_NO\" \/>\n<meta property=\"og:type\" content=\"article\" \/>\n<meta property=\"og:title\" content=\"Kj\u00f8p lodd til det australske lotteriet p\u00e5 nett\" \/>\n<meta property=\"og:description\" content=\"kj\u00f8p, billetter. p\u00e5 nett. for, australske, lotterier, bringer, spenning, niv\u00e5er\" \/>\n<meta property=\"og:url\" content=\"https:\/\/gambling6.com\/no\/lotteri\/skaff-deg-lodd-til-det-australske-lotteriet-pa-nett\/\" \/>\n<meta property=\"og:site_name\" content=\"Gambling6\" \/>\n<meta name=\"twitter:card\" content=\"summary_large_image\" \/>\n<meta name=\"twitter:label1\" content=\"Ansl. lesetid\" \/>\n\t<meta name=\"twitter:data1\" content=\"2 minutter\" \/>\n<script type=\"application\/ld+json\" class=\"yoast-schema-graph\">{\"@context\":\"https:\\\/\\\/schema.org\",\"@graph\":[{\"@type\":\"WebPage\",\"@id\":\"https:\\\/\\\/gambling6.com\\\/no\\\/lotteri\\\/skaff-deg-lodd-til-det-australske-lotteriet-pa-nett\\\/\",\"url\":\"https:\\\/\\\/gambling6.com\\\/no\\\/lotteri\\\/skaff-deg-lodd-til-det-australske-lotteriet-pa-nett\\\/\",\"name\":\"Kj\u00f8p lodd til det australske lotteriet p\u00e5 nett\",\"isPartOf\":{\"@id\":\"https:\\\/\\\/gambling6.com\\\/no\\\/#website\"},\"datePublished\":\"2025-11-11T09:37:35+00:00\",\"description\":\"kj\u00f8p, billetter. p\u00e5 nett. for, australske, lotterier, bringer, spenning, niv\u00e5er\",\"breadcrumb\":{\"@id\":\"https:\\\/\\\/gambling6.com\\\/no\\\/lotteri\\\/skaff-deg-lodd-til-det-australske-lotteriet-pa-nett\\\/#breadcrumb\"},\"inLanguage\":\"nb-NO\",\"potentialAction\":[{\"@type\":\"ReadAction\",\"target\":[\"https:\\\/\\\/gambling6.com\\\/no\\\/lotteri\\\/skaff-deg-lodd-til-det-australske-lotteriet-pa-nett\\\/\"]}]},{\"@type\":\"BreadcrumbList\",\"@id\":\"https:\\\/\\\/gambling6.com\\\/no\\\/lotteri\\\/skaff-deg-lodd-til-det-australske-lotteriet-pa-nett\\\/#breadcrumb\",\"itemListElement\":[{\"@type\":\"ListItem\",\"position\":1,\"name\":\"Home\",\"item\":\"https:\\\/\\\/gambling6.com\\\/no\\\/home\\\/\"},{\"@type\":\"ListItem\",\"position\":2,\"name\":\"Lotteri\",\"item\":\"https:\\\/\\\/gambling6.com\\\/no\\\/buying-international-lotto-tickets-online\\\/\"},{\"@type\":\"ListItem\",\"position\":3,\"name\":\"Skaff deg lodd til det australske lotteriet p\u00e5 nett\"}]},{\"@type\":\"WebSite\",\"@id\":\"https:\\\/\\\/gambling6.com\\\/no\\\/#website\",\"url\":\"https:\\\/\\\/gambling6.com\\\/no\\\/\",\"name\":\"Gambling6\",\"description\":\"\",\"potentialAction\":[{\"@type\":\"SearchAction\",\"target\":{\"@type\":\"EntryPoint\",\"urlTemplate\":\"https:\\\/\\\/gambling6.com\\\/no\\\/?s={search_term_string}\"},\"query-input\":{\"@type\":\"PropertyValueSpecification\",\"valueRequired\":true,\"valueName\":\"search_term_string\"}}],\"inLanguage\":\"nb-NO\"}]}<\/script>\n<!-- \/ Yoast SEO plugin. -->","yoast_head_json":{"title":"Kj\u00f8p lodd til det australske lotteriet p\u00e5 nett","description":"kj\u00f8p, billetter. p\u00e5 nett. for, australske, lotterier, bringer, spenning, niv\u00e5er","robots":{"index":"index","follow":"follow","max-snippet":"max-snippet:-1","max-image-preview":"max-image-preview:large","max-video-preview":"max-video-preview:-1"},"canonical":"https:\/\/gambling6.com\/no\/lotteri\/skaff-deg-lodd-til-det-australske-lotteriet-pa-nett\/","og_locale":"nb_NO","og_type":"article","og_title":"Kj\u00f8p lodd til det australske lotteriet p\u00e5 nett","og_description":"kj\u00f8p, billetter. p\u00e5 nett. for, australske, lotterier, bringer, spenning, niv\u00e5er","og_url":"https:\/\/gambling6.com\/no\/lotteri\/skaff-deg-lodd-til-det-australske-lotteriet-pa-nett\/","og_site_name":"Gambling6","twitter_card":"summary_large_image","twitter_misc":{"Ansl. lesetid":"2 minutter"},"schema":{"@context":"https:\/\/schema.org","@graph":[{"@type":"WebPage","@id":"https:\/\/gambling6.com\/no\/lotteri\/skaff-deg-lodd-til-det-australske-lotteriet-pa-nett\/","url":"https:\/\/gambling6.com\/no\/lotteri\/skaff-deg-lodd-til-det-australske-lotteriet-pa-nett\/","name":"Kj\u00f8p lodd til det australske lotteriet p\u00e5 nett","isPartOf":{"@id":"https:\/\/gambling6.com\/no\/#website"},"datePublished":"2025-11-11T09:37:35+00:00","description":"kj\u00f8p, billetter. p\u00e5 nett. for, australske, lotterier, bringer, spenning, niv\u00e5er","breadcrumb":{"@id":"https:\/\/gambling6.com\/no\/lotteri\/skaff-deg-lodd-til-det-australske-lotteriet-pa-nett\/#breadcrumb"},"inLanguage":"nb-NO","potentialAction":[{"@type":"ReadAction","target":["https:\/\/gambling6.com\/no\/lotteri\/skaff-deg-lodd-til-det-australske-lotteriet-pa-nett\/"]}]},{"@type":"BreadcrumbList","@id":"https:\/\/gambling6.com\/no\/lotteri\/skaff-deg-lodd-til-det-australske-lotteriet-pa-nett\/#breadcrumb","itemListElement":[{"@type":"ListItem","position":1,"name":"Home","item":"https:\/\/gambling6.com\/no\/home\/"},{"@type":"ListItem","position":2,"name":"Lotteri","item":"https:\/\/gambling6.com\/no\/buying-international-lotto-tickets-online\/"},{"@type":"ListItem","position":3,"name":"Skaff deg lodd til det australske lotteriet p\u00e5 nett"}]},{"@type":"WebSite","@id":"https:\/\/gambling6.com\/no\/#website","url":"https:\/\/gambling6.com\/no\/","name":"Gambling6","description":"","potentialAction":[{"@type":"SearchAction","target":{"@type":"EntryPoint","urlTemplate":"https:\/\/gambling6.com\/no\/?s={search_term_string}"},"query-input":{"@type":"PropertyValueSpecification","valueRequired":true,"valueName":"search_term_string"}}],"inLanguage":"nb-NO"}]}},"_links":{"self":[{"href":"https:\/\/gambling6.com\/no\/wp-json\/wp\/v2\/pages\/9672","targetHints":{"allow":["GET"]}}],"collection":[{"href":"https:\/\/gambling6.com\/no\/wp-json\/wp\/v2\/pages"}],"about":[{"href":"https:\/\/gambling6.com\/no\/wp-json\/wp\/v2\/types\/page"}],"author":[{"embeddable":true,"href":"https:\/\/gambling6.com\/no\/wp-json\/wp\/v2\/users\/1"}],"replies":[{"embeddable":true,"href":"https:\/\/gambling6.com\/no\/wp-json\/wp\/v2\/comments?post=9672"}],"version-history":[{"count":0,"href":"https:\/\/gambling6.com\/no\/wp-json\/wp\/v2\/pages\/9672\/revisions"}],"up":[{"embeddable":true,"href":"https:\/\/gambling6.com\/no\/wp-json\/wp\/v2\/pages\/9310"}],"wp:attachment":[{"href":"https:\/\/gambling6.com\/no\/wp-json\/wp\/v2\/media?parent=9672"}],"curies":[{"name":"wp","href":"https:\/\/api.w.org\/{rel}","templated":true}]}}