{"id":9693,"date":"2025-11-11T10:13:22","date_gmt":"2025-11-11T10:13:22","guid":{"rendered":"https:\/\/gambling6.com\/lotteri\/skaff-deg-billetter-til-mega-sena-lotteriet-pa-nett\/"},"modified":"2025-11-11T10:13:22","modified_gmt":"2025-11-11T10:13:22","slug":"skaff-deg-billetter-til-mega-sena-lotteriet-pa-nett","status":"publish","type":"page","link":"https:\/\/gambling6.com\/no\/lotteri\/skaff-deg-billetter-til-mega-sena-lotteriet-pa-nett\/","title":{"rendered":"Skaff deg billetter til Mega Sena-lotteriet p\u00e5 nett"},"content":{"rendered":"<h2>Mega Sena-lotteriet<\/h2>\n<p>Med en garantert minimumsjackpot p\u00e5 1,1 millioner dollar trekker Mega Sena-lotteriet i Brasil en enorm f\u00f8lgerskare to ganger i uken. Med muligheten til \u00e5 f\u00e5 kuponger til Mega Sena-lotteriet p\u00e5 nett, klatrer jackpottene ofte mye h\u00f8yere.<strong>I et land kjent over hele verden for vakre kvinner p\u00e5 strendene og for \u00e5 ha det g\u00f8y, \u00f8ker Brasils nasjonale Mega-Sena-lotteri spenningen med jackpotter som kan n\u00e5 35 millioner dollar.<\/p>\n<p><strong>Som om ikke 35 millioner dollar er nok, finner det sted en spesiell trekning p\u00e5 nytt\u00e5rsaften med en garantert jackpot p\u00e5 200 millioner dollar.<\/strong><\/p>\n<p>Mega-Sena-lotteriet, som arrangeres to ganger i uken i Brasil, er det st\u00f8rste i S\u00f8r-Amerika og kan kj\u00f8pes p\u00e5 nett. Innbyggere i Brasil, sammen med mange online-spillere, str\u00f8mmer til for \u00e5 kj\u00f8pe kuponger to ganger i uken til dette lettspillede lotteriet.<\/p>\n<h2>Spille Mega-Sena-lotteriet p\u00e5 nett.<\/h2>\n<p>For \u00e5 delta i dette lotteriet trenger du bare \u00e5 velge seks tall mellom 1 og 60 og vente p\u00e5 at trekningen skal skje. For \u00e5 vinne jackpotten trenger du bare \u00e5 matche seks tall. <strong>Som online-spiller er neste steg \u00e5 fly til Brasil<\/strong>, vinne jackpotten din og sverme til stranden med alle dine nyvunne venner.<\/p>\n<p>Oddsen for \u00e5 vinne Mega Sena med dine online-billetter er omtrent 50 000 000 til 1. \u00c5 kj\u00f8pe Mega Sena-billetter p\u00e5 nett kan ogs\u00e5 vinne en av premiene p\u00e5 andre eller tredje niv\u00e5, som ofte er betydelige. <a class=\"thirstylink\" title=\"Redfoxlotto\" href=\"https:\/\/gambling6.com\/go\/redfoxlotto\/\" target=\"_blank\" rel=\"nofollow noopener\">Klikk her for \u00e5 bes\u00f8ke v\u00e5r partner RedFoxlotto og f\u00e5 billetter til Mega Sena-lotteriet p\u00e5 nett.<\/a><\/p>\n<table style=\"width: 500px;\" border=\"1\" cellspacing=\"5\" cellpadding=\"5\" align=\"center\">\n<tbody>\n<tr>\n<td colspan=\"3\" align=\"center\">De fem beste jackpottene for 2013<\/td>\n<\/tr>\n<tr>\n<td>Trekning<\/td>\n<td align=\"center\">Dato<\/td>\n<td align=\"center\">Jackpot (USD)<\/td>\n<\/tr>\n<tr>\n<td>Mega-Sena &#8211; Latin-Amerika<\/td>\n<td align=\"center\">6. november 2013<\/td>\n<td align=\"right\">34 615 000 dollar<\/td>\n<\/tr>\n<tr>\n<td>Mega-Sena &#8211; Latin-Amerika<\/td>\n<td align=\"center\">1. juni 2013<\/td>\n<td align=\"right\">18 505 745 dollar<\/td>\n<\/tr>\n<tr>\n<td>Mega-Sena &#8211; Latin-Amerika<\/td>\n<td align=\"center\">3. juli 2013<\/td>\n<td align=\"right\">18 205 319 dollar<\/td>\n<\/tr>\n<tr>\n<td>Mega-Sena &#8211; Latin-Amerika<\/td>\n<td align=\"center\">31. august 2013<\/td>\n<td align=\"right\">13 760 000 dollar<\/td>\n<\/tr>\n<tr>\n<td>Mega-Sena &#8211; Latin-Amerika<\/td>\n<td align=\"center\">14. august 2013<\/td>\n<td align=\"right\">10 884 923 dollar<\/td>\n<\/tr>\n<\/tbody>\n<\/table>\n<p>&nbsp;<\/p>\n<table style=\"width: 500px;\" border=\"1\" cellspacing=\"5\" cellpadding=\"5\" align=\"center\">\n<tbody>\n<tr>\n<td colspan=\"3\" align=\"center\">Mega-Sena-lotteriet &#8211; Brasil-premieniv\u00e5er<\/td>\n<\/tr>\n<tr>\n<td>Premie<\/td>\n<td align=\"center\">Kamper<\/td>\n<td align=\"center\">Odds<\/td>\n<\/tr>\n<tr>\n<td>1. (Jackpot)<\/td>\n<td align=\"center\">6<\/td>\n<td align=\"right\">50 063 856 : 1<\/td>\n<\/tr>\n<tr>\n<td>2.<\/td>\n<td align=\"center\">5<\/td>\n<td align=\"right\">154 518 : 1<\/td>\n<\/tr>\n<tr>\n<td>3.<\/td>\n<td align=\"center\">4<\/td>\n<td align=\"right\">2 332 : 1<\/td>\n<\/tr>\n<\/tbody>\n<\/table>\n","protected":false},"excerpt":{"rendered":"<p>Mega Sena-lotteriet Med en garantert minimumsjackpot p\u00e5 1,1 millioner dollar trekker Mega Sena-lotteriet i Brasil en enorm f\u00f8lgerskare to ganger i uken. Med muligheten til \u00e5 f\u00e5 kuponger til Mega Sena-lotteriet p\u00e5 nett, klatrer jackpottene ofte mye h\u00f8yere.I et land kjent over hele verden for vakre kvinner p\u00e5 strendene og for \u00e5 ha det g\u00f8y, [&hellip;]<\/p>\n","protected":false},"author":1,"featured_media":0,"parent":9310,"menu_order":8,"comment_status":"closed","ping_status":"closed","template":"","meta":{"footnotes":""},"class_list":["post-9693","page","type-page","status-publish","hentry"],"yoast_head":"<!-- This site is optimized with the Yoast SEO plugin v27.4 - https:\/\/yoast.com\/product\/yoast-seo-wordpress\/ -->\n<title>Kj\u00f8p billetter til Mega Sena-lotteriet p\u00e5 nett<\/title>\n<meta name=\"description\" content=\"L\u00e6r hvordan du kan f\u00e5 tak i billetter til Brasils Mega-Sena-lotteri p\u00e5 nett.\" \/>\n<meta name=\"robots\" content=\"index, follow, max-snippet:-1, max-image-preview:large, max-video-preview:-1\" \/>\n<link rel=\"canonical\" href=\"https:\/\/gambling6.com\/no\/lotteri\/skaff-deg-billetter-til-mega-sena-lotteriet-pa-nett\/\" \/>\n<meta property=\"og:locale\" content=\"nb_NO\" \/>\n<meta property=\"og:type\" content=\"article\" \/>\n<meta property=\"og:title\" content=\"Kj\u00f8p billetter til Mega Sena-lotteriet p\u00e5 nett\" \/>\n<meta property=\"og:description\" content=\"L\u00e6r hvordan du kan f\u00e5 tak i billetter til Brasils Mega-Sena-lotteri p\u00e5 nett.\" \/>\n<meta property=\"og:url\" content=\"https:\/\/gambling6.com\/no\/lotteri\/skaff-deg-billetter-til-mega-sena-lotteriet-pa-nett\/\" \/>\n<meta property=\"og:site_name\" content=\"Gambling6\" \/>\n<meta name=\"twitter:card\" content=\"summary_large_image\" \/>\n<meta name=\"twitter:label1\" content=\"Ansl. lesetid\" \/>\n\t<meta name=\"twitter:data1\" content=\"1 minutt\" \/>\n<script type=\"application\/ld+json\" class=\"yoast-schema-graph\">{\"@context\":\"https:\\\/\\\/schema.org\",\"@graph\":[{\"@type\":\"WebPage\",\"@id\":\"https:\\\/\\\/gambling6.com\\\/no\\\/lotteri\\\/skaff-deg-billetter-til-mega-sena-lotteriet-pa-nett\\\/\",\"url\":\"https:\\\/\\\/gambling6.com\\\/no\\\/lotteri\\\/skaff-deg-billetter-til-mega-sena-lotteriet-pa-nett\\\/\",\"name\":\"Kj\u00f8p billetter til Mega Sena-lotteriet p\u00e5 nett\",\"isPartOf\":{\"@id\":\"https:\\\/\\\/gambling6.com\\\/no\\\/#website\"},\"datePublished\":\"2025-11-11T10:13:22+00:00\",\"description\":\"L\u00e6r hvordan du kan f\u00e5 tak i billetter til Brasils Mega-Sena-lotteri p\u00e5 nett.\",\"breadcrumb\":{\"@id\":\"https:\\\/\\\/gambling6.com\\\/no\\\/lotteri\\\/skaff-deg-billetter-til-mega-sena-lotteriet-pa-nett\\\/#breadcrumb\"},\"inLanguage\":\"nb-NO\",\"potentialAction\":[{\"@type\":\"ReadAction\",\"target\":[\"https:\\\/\\\/gambling6.com\\\/no\\\/lotteri\\\/skaff-deg-billetter-til-mega-sena-lotteriet-pa-nett\\\/\"]}]},{\"@type\":\"BreadcrumbList\",\"@id\":\"https:\\\/\\\/gambling6.com\\\/no\\\/lotteri\\\/skaff-deg-billetter-til-mega-sena-lotteriet-pa-nett\\\/#breadcrumb\",\"itemListElement\":[{\"@type\":\"ListItem\",\"position\":1,\"name\":\"Home\",\"item\":\"https:\\\/\\\/gambling6.com\\\/no\\\/home\\\/\"},{\"@type\":\"ListItem\",\"position\":2,\"name\":\"Lotteri\",\"item\":\"https:\\\/\\\/gambling6.com\\\/no\\\/buying-international-lotto-tickets-online\\\/\"},{\"@type\":\"ListItem\",\"position\":3,\"name\":\"Skaff deg billetter til Mega Sena-lotteriet p\u00e5 nett\"}]},{\"@type\":\"WebSite\",\"@id\":\"https:\\\/\\\/gambling6.com\\\/no\\\/#website\",\"url\":\"https:\\\/\\\/gambling6.com\\\/no\\\/\",\"name\":\"Gambling6\",\"description\":\"\",\"potentialAction\":[{\"@type\":\"SearchAction\",\"target\":{\"@type\":\"EntryPoint\",\"urlTemplate\":\"https:\\\/\\\/gambling6.com\\\/no\\\/?s={search_term_string}\"},\"query-input\":{\"@type\":\"PropertyValueSpecification\",\"valueRequired\":true,\"valueName\":\"search_term_string\"}}],\"inLanguage\":\"nb-NO\"}]}<\/script>\n<!-- \/ Yoast SEO plugin. -->","yoast_head_json":{"title":"Kj\u00f8p billetter til Mega Sena-lotteriet p\u00e5 nett","description":"L\u00e6r hvordan du kan f\u00e5 tak i billetter til Brasils Mega-Sena-lotteri p\u00e5 nett.","robots":{"index":"index","follow":"follow","max-snippet":"max-snippet:-1","max-image-preview":"max-image-preview:large","max-video-preview":"max-video-preview:-1"},"canonical":"https:\/\/gambling6.com\/no\/lotteri\/skaff-deg-billetter-til-mega-sena-lotteriet-pa-nett\/","og_locale":"nb_NO","og_type":"article","og_title":"Kj\u00f8p billetter til Mega Sena-lotteriet p\u00e5 nett","og_description":"L\u00e6r hvordan du kan f\u00e5 tak i billetter til Brasils Mega-Sena-lotteri p\u00e5 nett.","og_url":"https:\/\/gambling6.com\/no\/lotteri\/skaff-deg-billetter-til-mega-sena-lotteriet-pa-nett\/","og_site_name":"Gambling6","twitter_card":"summary_large_image","twitter_misc":{"Ansl. lesetid":"1 minutt"},"schema":{"@context":"https:\/\/schema.org","@graph":[{"@type":"WebPage","@id":"https:\/\/gambling6.com\/no\/lotteri\/skaff-deg-billetter-til-mega-sena-lotteriet-pa-nett\/","url":"https:\/\/gambling6.com\/no\/lotteri\/skaff-deg-billetter-til-mega-sena-lotteriet-pa-nett\/","name":"Kj\u00f8p billetter til Mega Sena-lotteriet p\u00e5 nett","isPartOf":{"@id":"https:\/\/gambling6.com\/no\/#website"},"datePublished":"2025-11-11T10:13:22+00:00","description":"L\u00e6r hvordan du kan f\u00e5 tak i billetter til Brasils Mega-Sena-lotteri p\u00e5 nett.","breadcrumb":{"@id":"https:\/\/gambling6.com\/no\/lotteri\/skaff-deg-billetter-til-mega-sena-lotteriet-pa-nett\/#breadcrumb"},"inLanguage":"nb-NO","potentialAction":[{"@type":"ReadAction","target":["https:\/\/gambling6.com\/no\/lotteri\/skaff-deg-billetter-til-mega-sena-lotteriet-pa-nett\/"]}]},{"@type":"BreadcrumbList","@id":"https:\/\/gambling6.com\/no\/lotteri\/skaff-deg-billetter-til-mega-sena-lotteriet-pa-nett\/#breadcrumb","itemListElement":[{"@type":"ListItem","position":1,"name":"Home","item":"https:\/\/gambling6.com\/no\/home\/"},{"@type":"ListItem","position":2,"name":"Lotteri","item":"https:\/\/gambling6.com\/no\/buying-international-lotto-tickets-online\/"},{"@type":"ListItem","position":3,"name":"Skaff deg billetter til Mega Sena-lotteriet p\u00e5 nett"}]},{"@type":"WebSite","@id":"https:\/\/gambling6.com\/no\/#website","url":"https:\/\/gambling6.com\/no\/","name":"Gambling6","description":"","potentialAction":[{"@type":"SearchAction","target":{"@type":"EntryPoint","urlTemplate":"https:\/\/gambling6.com\/no\/?s={search_term_string}"},"query-input":{"@type":"PropertyValueSpecification","valueRequired":true,"valueName":"search_term_string"}}],"inLanguage":"nb-NO"}]}},"_links":{"self":[{"href":"https:\/\/gambling6.com\/no\/wp-json\/wp\/v2\/pages\/9693","targetHints":{"allow":["GET"]}}],"collection":[{"href":"https:\/\/gambling6.com\/no\/wp-json\/wp\/v2\/pages"}],"about":[{"href":"https:\/\/gambling6.com\/no\/wp-json\/wp\/v2\/types\/page"}],"author":[{"embeddable":true,"href":"https:\/\/gambling6.com\/no\/wp-json\/wp\/v2\/users\/1"}],"replies":[{"embeddable":true,"href":"https:\/\/gambling6.com\/no\/wp-json\/wp\/v2\/comments?post=9693"}],"version-history":[{"count":0,"href":"https:\/\/gambling6.com\/no\/wp-json\/wp\/v2\/pages\/9693\/revisions"}],"up":[{"embeddable":true,"href":"https:\/\/gambling6.com\/no\/wp-json\/wp\/v2\/pages\/9310"}],"wp:attachment":[{"href":"https:\/\/gambling6.com\/no\/wp-json\/wp\/v2\/media?parent=9693"}],"curies":[{"name":"wp","href":"https:\/\/api.w.org\/{rel}","templated":true}]}}