{"id":9720,"date":"2025-11-11T10:55:08","date_gmt":"2025-11-11T10:55:08","guid":{"rendered":"https:\/\/gambling6.com\/lotteri\/skaff-deg-lodd-til-det-britiske-lotteriet-pa-nett\/"},"modified":"2025-11-15T11:14:23","modified_gmt":"2025-11-15T11:14:23","slug":"skaff-deg-lodd-til-det-britiske-lotteriet-pa-nett","status":"publish","type":"page","link":"https:\/\/gambling6.com\/no\/lotteri\/skaff-deg-lodd-til-det-britiske-lotteriet-pa-nett\/","title":{"rendered":"Skaff deg lodd til det britiske lotteriet p\u00e5 nett"},"content":{"rendered":"<h2>Lodd til det britiske lotteriet p\u00e5 nettet<\/h2>\n<p><strong style=\"background-color: initial;\">Med en online lodd til det britiske lotteriet blir du en del av Storbritannias favorittlotto.<\/strong><span style=\"background-color: initial;\"> Loddsalget, b\u00e5de online og lokalt, bel\u00f8per seg til omtrent 50 000 000 per trekning. Med en lodd har du en sjanse p\u00e5 1 til 56 for \u00e5 vinne \u00a325, inngangspremien i det britiske lotteriet.<\/span><\/p>\n<p>For \u00e5 spille dette lotteriet velger du seks hovedtall mellom \u00e9n og 49. For \u00e5 innkassere jackpotten trenger du bare \u00e5 matche seks tall. <strong>Oddsen for \u00e5 vinne det britiske lotteriet er omtrent 1 til 14 millioner.<\/strong> Disse oddsene er mye bedre enn \u00e5 pr\u00f8ve \u00e5 vinne Euromillions; Faktisk er det omtrent 10 ganger mer sannsynlig at du vinner.<\/p>\n<p>Hver onsdag og l\u00f8rdag \u00f8ker billettsalget i v\u00e6ret ettersom lokale briter og internasjonale nettlotterispillere kj\u00f8per lodd for \u00e5 vinne jackpotten, som nesten alltid overstiger 5 millioner pund. Mens 45 % av billettsalget er garantert til premiepotten, har over 42 milliarder pund blitt gitt til gode form\u00e5l i Storbritannia og i utlandet siden dette lotteriet ble introdusert i 1994.<\/p>\n<p><img loading=\"lazy\" decoding=\"async\" class=\"size-medium wp-image-1371 alignright\" src=\"https:\/\/gambling6.com\/wp-content\/uploads\/2022\/04\/2_ticket_uk_lottery-192x300.jpg\" alt=\"billett til britisk lotteri\" width=\"192\" height=\"300\" srcset=\"https:\/\/gambling6.com\/wp-content\/uploads\/2022\/04\/2_ticket_uk_lottery-192x300.jpg 192w, https:\/\/gambling6.com\/wp-content\/uploads\/2022\/04\/2_ticket_uk_lottery.jpg 564w\" sizes=\"auto, (max-width: 192px) 100vw, 192px\" \/>N\u00e5r dette lotteriet trekkes p\u00e5 l\u00f8rdager og onsdager i London, er publikummet som holder kuponger i h\u00e5ndflaten ganske stort. Folk str\u00f8mmer til TV-en p\u00e5 lokale puber i h\u00e5p om \u00e5 vinne de 5 millioner pundene. I tillegg, hvis jackpotten ikke vinnes, overf\u00f8res den til neste trekning. <a class=\"thirstylink\" title=\"RedFoxLotto no\" href=\"https:\/\/gambling6.com\/go\/redfoxlotto-en\/\" target=\"_blank\" rel=\"nofollow noopener\">Skaff deg din online-kupong og f\u00e5 sjansen til \u00e5 kreve premien for det britiske nasjonale lotteriet ved \u00e5 bes\u00f8ke v\u00e5r partner RedFoxLotto.<\/a><\/p>\n<table style=\"width: 500px;\" border=\"1\" cellspacing=\"5\" cellpadding=\"5\" align=\"center\">\n<tbody>\n<tr>\n<td colspan=\"3\" align=\"center\">De fem beste jackpotene for 2013<\/td>\n<\/tr>\n<tr>\n<td>Trekning<\/td>\n<td align=\"center\">Dato<\/td>\n<td align=\"center\">Jackpot (USD)<\/td>\n<\/tr>\n<tr>\n<td>Nasjonalt lotteri &#8211; Storbritannia<\/td>\n<td align=\"center\">5. oktober 2013<\/td>\n<td style=\"text-align: center;\" align=\"right\">16 500 000 dollar<\/td>\n<\/tr>\n<tr>\n<td>Nasjonalt lotteri &#8211; Storbritannia<\/td>\n<td align=\"center\">12. oktober 2013<\/td>\n<td align=\"right\">16 500 000 dollar<\/td>\n<\/tr>\n<tr>\n<td>Nasjonalt lotteri &#8211; Storbritannia<\/td>\n<td align=\"center\">18. september 2013<\/td>\n<td align=\"right\">14 025 000 dollar<\/td>\n<\/tr>\n<tr>\n<td>Nasjonalt lotteri &#8211; Storbritannia<\/td>\n<td align=\"center\">18. desember 2013<\/td>\n<td align=\"right\">13 173 600 dollar<\/td>\n<\/tr>\n<tr>\n<td>Nasjonalt lotteri &#8211; Storbritannia<\/td>\n<td align=\"center\">2. nov. 2013<\/td>\n<td align=\"right\">$13 134 000<\/td>\n<\/tr>\n<\/tbody>\n<\/table>\n<p>&nbsp;<\/p>\n<table style=\"width: 500px;\" border=\"1\" cellspacing=\"5\" cellpadding=\"5\" align=\"center\">\n<tbody>\n<tr>\n<td colspan=\"3\" align=\"center\">Premieniv\u00e5er i Storbritannias nasjonale lotteri<\/td>\n<\/tr>\n<tr>\n<td>Premie<\/td>\n<td align=\"center\">Kamper<\/td>\n<td align=\"center\">Odds<\/td>\n<\/tr>\n<tr>\n<td>1. (Jackpot)<\/td>\n<td style=\"text-align: center;\" align=\"center\">6<\/td>\n<td align=\"right\">13 983 816 : 1<\/td>\n<\/tr>\n<tr>\n<td>2. plass<\/td>\n<td align=\"center\">5 + 1<\/td>\n<td align=\"right\">2 330 636 : 1<\/td>\n<\/tr>\n<tr>\n<td>3. plass<\/td>\n<td align=\"center\">5<\/td>\n<td align=\"right\">55 492 : 1<\/td>\n<\/tr>\n<tr>\n<td>4. plass<\/td>\n<td align=\"center\">4<\/td>\n<td align=\"right\">1 033 : 1<\/td>\n<\/tr>\n<tr>\n<td>5. plass<\/td>\n<td align=\"center\">3<\/td>\n<td align=\"right\">57 : 1<\/td>\n<\/tr>\n<\/tbody>\n<\/table>\n","protected":false},"excerpt":{"rendered":"<p>Lodd til det britiske lotteriet p\u00e5 nettet Med en online lodd til det britiske lotteriet blir du en del av Storbritannias favorittlotto. Loddsalget, b\u00e5de online og lokalt, bel\u00f8per seg til omtrent 50 000 000 per trekning. Med en lodd har du en sjanse p\u00e5 1 til 56 for \u00e5 vinne \u00a325, inngangspremien i det britiske [&hellip;]<\/p>\n","protected":false},"author":1,"featured_media":0,"parent":9310,"menu_order":6,"comment_status":"closed","ping_status":"closed","template":"","meta":{"footnotes":""},"class_list":["post-9720","page","type-page","status-publish","hentry"],"yoast_head":"<!-- This site is optimized with the Yoast SEO plugin v27.3 - https:\/\/yoast.com\/product\/yoast-seo-wordpress\/ -->\n<title>Kj\u00f8p lodd til det britiske lotteriet p\u00e5 nett<\/title>\n<meta name=\"description\" content=\"Delta i det britiske lotteriet ved \u00e5 kj\u00f8pe kuponger p\u00e5 nett.\" \/>\n<meta name=\"robots\" content=\"index, follow, max-snippet:-1, max-image-preview:large, max-video-preview:-1\" \/>\n<link rel=\"canonical\" href=\"https:\/\/gambling6.com\/no\/lotteri\/skaff-deg-lodd-til-det-britiske-lotteriet-pa-nett\/\" \/>\n<meta property=\"og:locale\" content=\"nb_NO\" \/>\n<meta property=\"og:type\" content=\"article\" \/>\n<meta property=\"og:title\" content=\"Kj\u00f8p lodd til det britiske lotteriet p\u00e5 nett\" \/>\n<meta property=\"og:description\" content=\"Delta i det britiske lotteriet ved \u00e5 kj\u00f8pe kuponger p\u00e5 nett.\" \/>\n<meta property=\"og:url\" content=\"https:\/\/gambling6.com\/no\/lotteri\/skaff-deg-lodd-til-det-britiske-lotteriet-pa-nett\/\" \/>\n<meta property=\"og:site_name\" content=\"Gambling6\" \/>\n<meta property=\"article:modified_time\" content=\"2025-11-15T11:14:23+00:00\" \/>\n<meta property=\"og:image\" content=\"https:\/\/gambling6.com\/wp-content\/uploads\/2022\/04\/2_ticket_uk_lottery.jpg\" \/>\n\t<meta property=\"og:image:width\" content=\"564\" \/>\n\t<meta property=\"og:image:height\" content=\"883\" \/>\n\t<meta property=\"og:image:type\" content=\"image\/jpeg\" \/>\n<meta name=\"twitter:card\" content=\"summary_large_image\" \/>\n<meta name=\"twitter:label1\" content=\"Ansl. lesetid\" \/>\n\t<meta name=\"twitter:data1\" content=\"1 minutt\" \/>\n<script type=\"application\/ld+json\" class=\"yoast-schema-graph\">{\"@context\":\"https:\\\/\\\/schema.org\",\"@graph\":[{\"@type\":\"WebPage\",\"@id\":\"https:\\\/\\\/gambling6.com\\\/no\\\/lotteri\\\/skaff-deg-lodd-til-det-britiske-lotteriet-pa-nett\\\/\",\"url\":\"https:\\\/\\\/gambling6.com\\\/no\\\/lotteri\\\/skaff-deg-lodd-til-det-britiske-lotteriet-pa-nett\\\/\",\"name\":\"Kj\u00f8p lodd til det britiske lotteriet p\u00e5 nett\",\"isPartOf\":{\"@id\":\"https:\\\/\\\/gambling6.com\\\/no\\\/#website\"},\"primaryImageOfPage\":{\"@id\":\"https:\\\/\\\/gambling6.com\\\/no\\\/lotteri\\\/skaff-deg-lodd-til-det-britiske-lotteriet-pa-nett\\\/#primaryimage\"},\"image\":{\"@id\":\"https:\\\/\\\/gambling6.com\\\/no\\\/lotteri\\\/skaff-deg-lodd-til-det-britiske-lotteriet-pa-nett\\\/#primaryimage\"},\"thumbnailUrl\":\"https:\\\/\\\/gambling6.com\\\/wp-content\\\/uploads\\\/2022\\\/04\\\/2_ticket_uk_lottery-192x300.jpg\",\"datePublished\":\"2025-11-11T10:55:08+00:00\",\"dateModified\":\"2025-11-15T11:14:23+00:00\",\"description\":\"Delta i det britiske lotteriet ved \u00e5 kj\u00f8pe kuponger p\u00e5 nett.\",\"breadcrumb\":{\"@id\":\"https:\\\/\\\/gambling6.com\\\/no\\\/lotteri\\\/skaff-deg-lodd-til-det-britiske-lotteriet-pa-nett\\\/#breadcrumb\"},\"inLanguage\":\"nb-NO\",\"potentialAction\":[{\"@type\":\"ReadAction\",\"target\":[\"https:\\\/\\\/gambling6.com\\\/no\\\/lotteri\\\/skaff-deg-lodd-til-det-britiske-lotteriet-pa-nett\\\/\"]}]},{\"@type\":\"ImageObject\",\"inLanguage\":\"nb-NO\",\"@id\":\"https:\\\/\\\/gambling6.com\\\/no\\\/lotteri\\\/skaff-deg-lodd-til-det-britiske-lotteriet-pa-nett\\\/#primaryimage\",\"url\":\"https:\\\/\\\/gambling6.com\\\/wp-content\\\/uploads\\\/2022\\\/04\\\/2_ticket_uk_lottery-192x300.jpg\",\"contentUrl\":\"https:\\\/\\\/gambling6.com\\\/wp-content\\\/uploads\\\/2022\\\/04\\\/2_ticket_uk_lottery-192x300.jpg\"},{\"@type\":\"BreadcrumbList\",\"@id\":\"https:\\\/\\\/gambling6.com\\\/no\\\/lotteri\\\/skaff-deg-lodd-til-det-britiske-lotteriet-pa-nett\\\/#breadcrumb\",\"itemListElement\":[{\"@type\":\"ListItem\",\"position\":1,\"name\":\"Home\",\"item\":\"https:\\\/\\\/gambling6.com\\\/no\\\/home\\\/\"},{\"@type\":\"ListItem\",\"position\":2,\"name\":\"Lotteri\",\"item\":\"https:\\\/\\\/gambling6.com\\\/no\\\/buying-international-lotto-tickets-online\\\/\"},{\"@type\":\"ListItem\",\"position\":3,\"name\":\"Skaff deg lodd til det britiske lotteriet p\u00e5 nett\"}]},{\"@type\":\"WebSite\",\"@id\":\"https:\\\/\\\/gambling6.com\\\/no\\\/#website\",\"url\":\"https:\\\/\\\/gambling6.com\\\/no\\\/\",\"name\":\"Gambling6\",\"description\":\"\",\"potentialAction\":[{\"@type\":\"SearchAction\",\"target\":{\"@type\":\"EntryPoint\",\"urlTemplate\":\"https:\\\/\\\/gambling6.com\\\/no\\\/?s={search_term_string}\"},\"query-input\":{\"@type\":\"PropertyValueSpecification\",\"valueRequired\":true,\"valueName\":\"search_term_string\"}}],\"inLanguage\":\"nb-NO\"}]}<\/script>\n<!-- \/ Yoast SEO plugin. -->","yoast_head_json":{"title":"Kj\u00f8p lodd til det britiske lotteriet p\u00e5 nett","description":"Delta i det britiske lotteriet ved \u00e5 kj\u00f8pe kuponger p\u00e5 nett.","robots":{"index":"index","follow":"follow","max-snippet":"max-snippet:-1","max-image-preview":"max-image-preview:large","max-video-preview":"max-video-preview:-1"},"canonical":"https:\/\/gambling6.com\/no\/lotteri\/skaff-deg-lodd-til-det-britiske-lotteriet-pa-nett\/","og_locale":"nb_NO","og_type":"article","og_title":"Kj\u00f8p lodd til det britiske lotteriet p\u00e5 nett","og_description":"Delta i det britiske lotteriet ved \u00e5 kj\u00f8pe kuponger p\u00e5 nett.","og_url":"https:\/\/gambling6.com\/no\/lotteri\/skaff-deg-lodd-til-det-britiske-lotteriet-pa-nett\/","og_site_name":"Gambling6","article_modified_time":"2025-11-15T11:14:23+00:00","og_image":[{"width":564,"height":883,"url":"https:\/\/gambling6.com\/wp-content\/uploads\/2022\/04\/2_ticket_uk_lottery.jpg","type":"image\/jpeg"}],"twitter_card":"summary_large_image","twitter_misc":{"Ansl. lesetid":"1 minutt"},"schema":{"@context":"https:\/\/schema.org","@graph":[{"@type":"WebPage","@id":"https:\/\/gambling6.com\/no\/lotteri\/skaff-deg-lodd-til-det-britiske-lotteriet-pa-nett\/","url":"https:\/\/gambling6.com\/no\/lotteri\/skaff-deg-lodd-til-det-britiske-lotteriet-pa-nett\/","name":"Kj\u00f8p lodd til det britiske lotteriet p\u00e5 nett","isPartOf":{"@id":"https:\/\/gambling6.com\/no\/#website"},"primaryImageOfPage":{"@id":"https:\/\/gambling6.com\/no\/lotteri\/skaff-deg-lodd-til-det-britiske-lotteriet-pa-nett\/#primaryimage"},"image":{"@id":"https:\/\/gambling6.com\/no\/lotteri\/skaff-deg-lodd-til-det-britiske-lotteriet-pa-nett\/#primaryimage"},"thumbnailUrl":"https:\/\/gambling6.com\/wp-content\/uploads\/2022\/04\/2_ticket_uk_lottery-192x300.jpg","datePublished":"2025-11-11T10:55:08+00:00","dateModified":"2025-11-15T11:14:23+00:00","description":"Delta i det britiske lotteriet ved \u00e5 kj\u00f8pe kuponger p\u00e5 nett.","breadcrumb":{"@id":"https:\/\/gambling6.com\/no\/lotteri\/skaff-deg-lodd-til-det-britiske-lotteriet-pa-nett\/#breadcrumb"},"inLanguage":"nb-NO","potentialAction":[{"@type":"ReadAction","target":["https:\/\/gambling6.com\/no\/lotteri\/skaff-deg-lodd-til-det-britiske-lotteriet-pa-nett\/"]}]},{"@type":"ImageObject","inLanguage":"nb-NO","@id":"https:\/\/gambling6.com\/no\/lotteri\/skaff-deg-lodd-til-det-britiske-lotteriet-pa-nett\/#primaryimage","url":"https:\/\/gambling6.com\/wp-content\/uploads\/2022\/04\/2_ticket_uk_lottery-192x300.jpg","contentUrl":"https:\/\/gambling6.com\/wp-content\/uploads\/2022\/04\/2_ticket_uk_lottery-192x300.jpg"},{"@type":"BreadcrumbList","@id":"https:\/\/gambling6.com\/no\/lotteri\/skaff-deg-lodd-til-det-britiske-lotteriet-pa-nett\/#breadcrumb","itemListElement":[{"@type":"ListItem","position":1,"name":"Home","item":"https:\/\/gambling6.com\/no\/home\/"},{"@type":"ListItem","position":2,"name":"Lotteri","item":"https:\/\/gambling6.com\/no\/buying-international-lotto-tickets-online\/"},{"@type":"ListItem","position":3,"name":"Skaff deg lodd til det britiske lotteriet p\u00e5 nett"}]},{"@type":"WebSite","@id":"https:\/\/gambling6.com\/no\/#website","url":"https:\/\/gambling6.com\/no\/","name":"Gambling6","description":"","potentialAction":[{"@type":"SearchAction","target":{"@type":"EntryPoint","urlTemplate":"https:\/\/gambling6.com\/no\/?s={search_term_string}"},"query-input":{"@type":"PropertyValueSpecification","valueRequired":true,"valueName":"search_term_string"}}],"inLanguage":"nb-NO"}]}},"_links":{"self":[{"href":"https:\/\/gambling6.com\/no\/wp-json\/wp\/v2\/pages\/9720","targetHints":{"allow":["GET"]}}],"collection":[{"href":"https:\/\/gambling6.com\/no\/wp-json\/wp\/v2\/pages"}],"about":[{"href":"https:\/\/gambling6.com\/no\/wp-json\/wp\/v2\/types\/page"}],"author":[{"embeddable":true,"href":"https:\/\/gambling6.com\/no\/wp-json\/wp\/v2\/users\/1"}],"replies":[{"embeddable":true,"href":"https:\/\/gambling6.com\/no\/wp-json\/wp\/v2\/comments?post=9720"}],"version-history":[{"count":1,"href":"https:\/\/gambling6.com\/no\/wp-json\/wp\/v2\/pages\/9720\/revisions"}],"predecessor-version":[{"id":10942,"href":"https:\/\/gambling6.com\/no\/wp-json\/wp\/v2\/pages\/9720\/revisions\/10942"}],"up":[{"embeddable":true,"href":"https:\/\/gambling6.com\/no\/wp-json\/wp\/v2\/pages\/9310"}],"wp:attachment":[{"href":"https:\/\/gambling6.com\/no\/wp-json\/wp\/v2\/media?parent=9720"}],"curies":[{"name":"wp","href":"https:\/\/api.w.org\/{rel}","templated":true}]}}